{"id":54725,"date":"2023-11-17T16:54:27","date_gmt":"2023-11-17T15:54:27","guid":{"rendered":"https:\/\/www.gps-infostars.com\/produkt\/gps-tracker-akku-standard-lte-gl521-softwarepaket-tracking-standard-paket\/"},"modified":"2023-11-17T16:54:27","modified_gmt":"2023-11-17T15:54:27","slug":"gps-tracker-akku-standard-lte-gl521-softwarepaket-tracking-standard-paket","status":"publish","type":"product","link":"https:\/\/www.gps-infostars.com\/en\/produkt\/gps-tracker-akku-standard-lte-gl521-softwarepaket-tracking-standard-paket\/","title":{"rendered":"GPS-Tracker Akku Standard LTE (GL521) &#038; Softwarepaket Tracking Standard Paket"},"content":{"rendered":"<p><strong>Dieses Produktpaket besteht aus einem Software &amp; Service-Paket (Infostars GPS-Tracking Standard) und einem GPS-Ger\u00e4t (GPS-Tracker Akku Standard LTE ISQL_GL521). Mit diesem Software-Paket kann das mobile GPS-Ger\u00e4t min\u00fctlich senden.<br \/>\n<\/strong><\/p>\n","protected":false},"excerpt":{"rendered":"<p><strong>Dieses Produktpaket besteht aus einem Software &amp; Service-Paket (Infostars GPS-Tracking Standard) und einem GPS-Ger\u00e4t (GPS-Tracker Akku Standard LTE ISQL_GL521). Mit diesem Software-Paket kann das mobile GPS-Ger\u00e4t min\u00fctlich senden.<br \/>\n<\/strong><\/p>\n","protected":false},"featured_media":49999,"template":"","meta":{"inline_featured_image":false},"product_brand":[],"product_cat":[1165,1071,1069,998],"product_tag":[],"class_list":{"0":"post-54725","1":"product","2":"type-product","3":"status-publish","4":"has-post-thumbnail","6":"product_cat-gps-tracker-rechargeable-battery-standard-lte-gl521-software-package-gps-tracking-standard-package","7":"product_cat-gps-tracker-rechargeable-battery-standard-lte-isql_gl521","8":"product_cat-gps-tracker-akku-standard-isql_gl521-paket-en","9":"product_cat-gps-tracking-standard-en","10":"description-off","12":"first","13":"instock","14":"taxable","15":"shipping-taxable","16":"purchasable","17":"product-type-bundle"},"bundled_by":[],"bundle_stock_status":"instock","bundle_stock_quantity":"","bundle_virtual":false,"bundle_layout":"default","bundle_add_to_cart_form_location":"default","bundle_editable_in_cart":false,"bundle_sold_individually_context":"product","bundle_item_grouping":"parent","bundle_min_size":"","bundle_max_size":"","bundle_price":{"price":{"min":{"incl_tax":"155","excl_tax":"129.17"},"max":{"incl_tax":"171.74","excl_tax":"143.12"}},"regular_price":{"min":{"incl_tax":"155","excl_tax":"129.17"},"max":{"incl_tax":"173.6","excl_tax":"144.67"}}},"bundled_items":[{"bundled_item_id":791,"product_id":49842,"menu_order":0,"quantity_min":1,"quantity_max":1,"quantity_default":1,"priced_individually":true,"shipped_individually":false,"override_title":false,"title":"GPS-Tracker Akku Standard LTE ISQL_GL521","override_description":false,"description":"GPS-Tracker Akku Standard LTE ISQL_GL521","optional":false,"hide_thumbnail":false,"discount":"","override_variations":false,"allowed_variations":[""],"override_default_variation_attributes":false,"default_variation_attributes":[],"single_product_visibility":"visible","cart_visibility":"visible","order_visibility":"visible","single_product_price_visibility":"visible","cart_price_visibility":"visible","order_price_visibility":"visible","stock_status":"in_stock"},{"bundled_item_id":792,"product_id":48677,"menu_order":1,"quantity_min":1,"quantity_max":1,"quantity_default":1,"priced_individually":true,"shipped_individually":true,"override_title":false,"title":"GPS-Tracking &#038; Tracing Standard","override_description":false,"description":"GPS-Tracking &#038; Tracing Standard","optional":false,"hide_thumbnail":false,"discount":"","override_variations":false,"allowed_variations":[""],"override_default_variation_attributes":false,"default_variation_attributes":[],"single_product_visibility":"visible","cart_visibility":"visible","order_visibility":"visible","single_product_price_visibility":"visible","cart_price_visibility":"visible","order_price_visibility":"visible","stock_status":"in_stock"},{"bundled_item_id":793,"product_id":48625,"menu_order":2,"quantity_min":1,"quantity_max":1,"quantity_default":1,"priced_individually":false,"shipped_individually":true,"override_title":false,"title":"Set-up fee for GPS tracking","override_description":false,"description":"Set-up fee for GPS tracking","optional":false,"hide_thumbnail":false,"discount":"","override_variations":false,"allowed_variations":[""],"override_default_variation_attributes":false,"default_variation_attributes":[],"single_product_visibility":"visible","cart_visibility":"visible","order_visibility":"visible","single_product_price_visibility":"visible","cart_price_visibility":"visible","order_price_visibility":"visible","stock_status":"in_stock"},{"bundled_item_id":794,"product_id":52995,"menu_order":3,"quantity_min":1,"quantity_max":1,"quantity_default":1,"priced_individually":true,"shipped_individually":false,"override_title":false,"title":"magnetic plate","override_description":false,"description":"magnetic plate","optional":true,"hide_thumbnail":false,"discount":"10","override_variations":false,"allowed_variations":[""],"override_default_variation_attributes":false,"default_variation_attributes":[],"single_product_visibility":"visible","cart_visibility":"visible","order_visibility":"visible","single_product_price_visibility":"visible","cart_price_visibility":"visible","order_price_visibility":"visible","stock_status":"in_stock"},{"bundled_item_id":795,"product_id":48264,"menu_order":4,"quantity_min":null,"quantity_max":null,"quantity_default":null,"priced_individually":false,"shipped_individually":false,"override_title":false,"title":null,"override_description":false,"description":null,"optional":false,"hide_thumbnail":false,"discount":null,"override_variations":false,"allowed_variations":[],"override_default_variation_attributes":false,"default_variation_attributes":[],"single_product_visibility":null,"cart_visibility":null,"order_visibility":null,"single_product_price_visibility":null,"cart_price_visibility":null,"order_price_visibility":null,"stock_status":"in_stock"}],"bundle_sell_ids":[],"yoast_head":"<!-- This site is optimized with the Yoast SEO plugin v27.4 - https:\/\/yoast.com\/product\/yoast-seo-wordpress\/ -->\n<title>GPS-Tracker Akku Standard LTE (GL521) &amp; Softwarepaket Tracking Standard Paket - GPS Infostars<\/title>\n<meta name=\"robots\" content=\"index, follow, max-snippet:-1, max-image-preview:large, max-video-preview:-1\" \/>\n<link rel=\"canonical\" href=\"https:\/\/www.gps-infostars.com\/en\/produkt\/gps-tracker-akku-standard-lte-gl521-softwarepaket-tracking-standard-paket\/\" \/>\n<meta property=\"og:locale\" content=\"en_US\" \/>\n<meta property=\"og:type\" content=\"article\" \/>\n<meta property=\"og:title\" content=\"GPS-Tracker Akku Standard LTE (GL521) &amp; Softwarepaket Tracking Standard Paket - GPS Infostars\" \/>\n<meta property=\"og:description\" content=\"Dieses Produktpaket besteht aus einem Software &amp; Service-Paket (Infostars GPS-Tracking Standard) und einem GPS-Ger\u00e4t (GPS-Tracker Akku Standard LTE ISQL_GL521). Mit diesem Software-Paket kann das mobile GPS-Ger\u00e4t min\u00fctlich senden.\" \/>\n<meta property=\"og:url\" content=\"https:\/\/www.gps-infostars.com\/en\/produkt\/gps-tracker-akku-standard-lte-gl521-softwarepaket-tracking-standard-paket\/\" \/>\n<meta property=\"og:site_name\" content=\"GPS Infostars\" \/>\n<meta name=\"twitter:card\" content=\"summary_large_image\" \/>\n<meta name=\"twitter:label1\" content=\"Price\" \/>\n\t<meta name=\"twitter:data1\" content=\"&euro;0,00\" \/>\n\t<meta name=\"twitter:label2\" content=\"Availability\" \/>\n\t<meta name=\"twitter:data2\" content=\"In stock\" \/>\n<script type=\"application\/ld+json\" class=\"yoast-schema-graph\">{\"@context\":\"https:\\\/\\\/schema.org\",\"@graph\":[{\"@type\":\"WebPage\",\"@id\":\"https:\\\/\\\/www.gps-infostars.com\\\/en\\\/produkt\\\/gps-tracker-akku-standard-lte-gl521-softwarepaket-tracking-standard-paket\\\/\",\"url\":\"https:\\\/\\\/www.gps-infostars.com\\\/en\\\/produkt\\\/gps-tracker-akku-standard-lte-gl521-softwarepaket-tracking-standard-paket\\\/\",\"name\":\"GPS-Tracker Akku Standard LTE (GL521) & Softwarepaket Tracking Standard Paket - GPS Infostars\",\"isPartOf\":{\"@id\":\"https:\\\/\\\/www.gps-infostars.com\\\/en\\\/#website\"},\"primaryImageOfPage\":{\"@id\":\"https:\\\/\\\/www.gps-infostars.com\\\/en\\\/produkt\\\/gps-tracker-akku-standard-lte-gl521-softwarepaket-tracking-standard-paket\\\/#primaryimage\"},\"image\":{\"@id\":\"https:\\\/\\\/www.gps-infostars.com\\\/en\\\/produkt\\\/gps-tracker-akku-standard-lte-gl521-softwarepaket-tracking-standard-paket\\\/#primaryimage\"},\"thumbnailUrl\":\"https:\\\/\\\/www.gps-infostars.com\\\/wp-content\\\/uploads\\\/gps_tracking_standard_bundle_GL501.jpg\",\"datePublished\":\"2023-11-17T15:54:27+00:00\",\"breadcrumb\":{\"@id\":\"https:\\\/\\\/www.gps-infostars.com\\\/en\\\/produkt\\\/gps-tracker-akku-standard-lte-gl521-softwarepaket-tracking-standard-paket\\\/#breadcrumb\"},\"inLanguage\":\"en-US\",\"potentialAction\":[{\"@type\":\"ReadAction\",\"target\":[\"https:\\\/\\\/www.gps-infostars.com\\\/en\\\/produkt\\\/gps-tracker-akku-standard-lte-gl521-softwarepaket-tracking-standard-paket\\\/\"]}]},{\"@type\":\"ImageObject\",\"inLanguage\":\"en-US\",\"@id\":\"https:\\\/\\\/www.gps-infostars.com\\\/en\\\/produkt\\\/gps-tracker-akku-standard-lte-gl521-softwarepaket-tracking-standard-paket\\\/#primaryimage\",\"url\":\"https:\\\/\\\/www.gps-infostars.com\\\/wp-content\\\/uploads\\\/gps_tracking_standard_bundle_GL501.jpg\",\"contentUrl\":\"https:\\\/\\\/www.gps-infostars.com\\\/wp-content\\\/uploads\\\/gps_tracking_standard_bundle_GL501.jpg\",\"width\":2000,\"height\":1538},{\"@type\":\"BreadcrumbList\",\"@id\":\"https:\\\/\\\/www.gps-infostars.com\\\/en\\\/produkt\\\/gps-tracker-akku-standard-lte-gl521-softwarepaket-tracking-standard-paket\\\/#breadcrumb\",\"itemListElement\":[{\"@type\":\"ListItem\",\"position\":1,\"name\":\"P\u00e1gina de inicio\",\"item\":\"https:\\\/\\\/www.gps-infostars.com\\\/en\\\/\"},{\"@type\":\"ListItem\",\"position\":2,\"name\":\"Shop\",\"item\":\"https:\\\/\\\/www.gps-infostars.com\\\/shop\\\/\"},{\"@type\":\"ListItem\",\"position\":3,\"name\":\"GPS-Tracker Akku Standard LTE (GL521) &#038; Softwarepaket Tracking Standard Paket\"}]},{\"@type\":\"WebSite\",\"@id\":\"https:\\\/\\\/www.gps-infostars.com\\\/en\\\/#website\",\"url\":\"https:\\\/\\\/www.gps-infostars.com\\\/en\\\/\",\"name\":\"GPS Infostars\",\"description\":\"Einfach, pr\u00e4zise &amp; zuverl\u00e4ssig.\",\"publisher\":{\"@id\":\"https:\\\/\\\/www.gps-infostars.com\\\/en\\\/#organization\"},\"potentialAction\":[{\"@type\":\"SearchAction\",\"target\":{\"@type\":\"EntryPoint\",\"urlTemplate\":\"https:\\\/\\\/www.gps-infostars.com\\\/en\\\/?s={search_term_string}\"},\"query-input\":{\"@type\":\"PropertyValueSpecification\",\"valueRequired\":true,\"valueName\":\"search_term_string\"}}],\"inLanguage\":\"en-US\"},{\"@type\":\"Organization\",\"@id\":\"https:\\\/\\\/www.gps-infostars.com\\\/en\\\/#organization\",\"name\":\"GPS Infostars\",\"url\":\"https:\\\/\\\/www.gps-infostars.com\\\/en\\\/\",\"logo\":{\"@type\":\"ImageObject\",\"inLanguage\":\"en-US\",\"@id\":\"https:\\\/\\\/www.gps-infostars.com\\\/en\\\/#\\\/schema\\\/logo\\\/image\\\/\",\"url\":\"https:\\\/\\\/www.gps-infostars.com\\\/wp-content\\\/uploads\\\/logo_infostars.png\",\"contentUrl\":\"https:\\\/\\\/www.gps-infostars.com\\\/wp-content\\\/uploads\\\/logo_infostars.png\",\"width\":1125,\"height\":360,\"caption\":\"GPS Infostars\"},\"image\":{\"@id\":\"https:\\\/\\\/www.gps-infostars.com\\\/en\\\/#\\\/schema\\\/logo\\\/image\\\/\"}}]}<\/script>\n<meta property=\"product:price:amount\" content=\"0.00\" \/>\n<meta property=\"product:price:currency\" content=\"EUR\" \/>\n<meta property=\"og:availability\" content=\"instock\" \/>\n<meta property=\"product:availability\" content=\"instock\" \/>\n<meta property=\"product:condition\" content=\"new\" \/>\n<!-- \/ Yoast SEO plugin. -->","yoast_head_json":{"title":"GPS-Tracker Akku Standard LTE (GL521) & Softwarepaket Tracking Standard Paket - GPS Infostars","robots":{"index":"index","follow":"follow","max-snippet":"max-snippet:-1","max-image-preview":"max-image-preview:large","max-video-preview":"max-video-preview:-1"},"canonical":"https:\/\/www.gps-infostars.com\/en\/produkt\/gps-tracker-akku-standard-lte-gl521-softwarepaket-tracking-standard-paket\/","og_locale":"en_US","og_type":"article","og_title":"GPS-Tracker Akku Standard LTE (GL521) & Softwarepaket Tracking Standard Paket - GPS Infostars","og_description":"Dieses Produktpaket besteht aus einem Software &amp; Service-Paket (Infostars GPS-Tracking Standard) und einem GPS-Ger\u00e4t (GPS-Tracker Akku Standard LTE ISQL_GL521). Mit diesem Software-Paket kann das mobile GPS-Ger\u00e4t min\u00fctlich senden.","og_url":"https:\/\/www.gps-infostars.com\/en\/produkt\/gps-tracker-akku-standard-lte-gl521-softwarepaket-tracking-standard-paket\/","og_site_name":"GPS Infostars","twitter_card":"summary_large_image","twitter_misc":{"Price":"&euro;0,00","Availability":"In stock"},"schema":{"@context":"https:\/\/schema.org","@graph":[{"@type":"WebPage","@id":"https:\/\/www.gps-infostars.com\/en\/produkt\/gps-tracker-akku-standard-lte-gl521-softwarepaket-tracking-standard-paket\/","url":"https:\/\/www.gps-infostars.com\/en\/produkt\/gps-tracker-akku-standard-lte-gl521-softwarepaket-tracking-standard-paket\/","name":"GPS-Tracker Akku Standard LTE (GL521) & Softwarepaket Tracking Standard Paket - GPS Infostars","isPartOf":{"@id":"https:\/\/www.gps-infostars.com\/en\/#website"},"primaryImageOfPage":{"@id":"https:\/\/www.gps-infostars.com\/en\/produkt\/gps-tracker-akku-standard-lte-gl521-softwarepaket-tracking-standard-paket\/#primaryimage"},"image":{"@id":"https:\/\/www.gps-infostars.com\/en\/produkt\/gps-tracker-akku-standard-lte-gl521-softwarepaket-tracking-standard-paket\/#primaryimage"},"thumbnailUrl":"https:\/\/www.gps-infostars.com\/wp-content\/uploads\/gps_tracking_standard_bundle_GL501.jpg","datePublished":"2023-11-17T15:54:27+00:00","breadcrumb":{"@id":"https:\/\/www.gps-infostars.com\/en\/produkt\/gps-tracker-akku-standard-lte-gl521-softwarepaket-tracking-standard-paket\/#breadcrumb"},"inLanguage":"en-US","potentialAction":[{"@type":"ReadAction","target":["https:\/\/www.gps-infostars.com\/en\/produkt\/gps-tracker-akku-standard-lte-gl521-softwarepaket-tracking-standard-paket\/"]}]},{"@type":"ImageObject","inLanguage":"en-US","@id":"https:\/\/www.gps-infostars.com\/en\/produkt\/gps-tracker-akku-standard-lte-gl521-softwarepaket-tracking-standard-paket\/#primaryimage","url":"https:\/\/www.gps-infostars.com\/wp-content\/uploads\/gps_tracking_standard_bundle_GL501.jpg","contentUrl":"https:\/\/www.gps-infostars.com\/wp-content\/uploads\/gps_tracking_standard_bundle_GL501.jpg","width":2000,"height":1538},{"@type":"BreadcrumbList","@id":"https:\/\/www.gps-infostars.com\/en\/produkt\/gps-tracker-akku-standard-lte-gl521-softwarepaket-tracking-standard-paket\/#breadcrumb","itemListElement":[{"@type":"ListItem","position":1,"name":"P\u00e1gina de inicio","item":"https:\/\/www.gps-infostars.com\/en\/"},{"@type":"ListItem","position":2,"name":"Shop","item":"https:\/\/www.gps-infostars.com\/shop\/"},{"@type":"ListItem","position":3,"name":"GPS-Tracker Akku Standard LTE (GL521) &#038; Softwarepaket Tracking Standard Paket"}]},{"@type":"WebSite","@id":"https:\/\/www.gps-infostars.com\/en\/#website","url":"https:\/\/www.gps-infostars.com\/en\/","name":"GPS Infostars","description":"Einfach, pr\u00e4zise &amp; zuverl\u00e4ssig.","publisher":{"@id":"https:\/\/www.gps-infostars.com\/en\/#organization"},"potentialAction":[{"@type":"SearchAction","target":{"@type":"EntryPoint","urlTemplate":"https:\/\/www.gps-infostars.com\/en\/?s={search_term_string}"},"query-input":{"@type":"PropertyValueSpecification","valueRequired":true,"valueName":"search_term_string"}}],"inLanguage":"en-US"},{"@type":"Organization","@id":"https:\/\/www.gps-infostars.com\/en\/#organization","name":"GPS Infostars","url":"https:\/\/www.gps-infostars.com\/en\/","logo":{"@type":"ImageObject","inLanguage":"en-US","@id":"https:\/\/www.gps-infostars.com\/en\/#\/schema\/logo\/image\/","url":"https:\/\/www.gps-infostars.com\/wp-content\/uploads\/logo_infostars.png","contentUrl":"https:\/\/www.gps-infostars.com\/wp-content\/uploads\/logo_infostars.png","width":1125,"height":360,"caption":"GPS Infostars"},"image":{"@id":"https:\/\/www.gps-infostars.com\/en\/#\/schema\/logo\/image\/"}}]},"product_price_amount":"0.00","product_price_currency":"EUR","og_availability":"instock","product_availability":"instock","product_condition":"new"},"_links":{"self":[{"href":"https:\/\/www.gps-infostars.com\/en\/wp-json\/wp\/v2\/product\/54725","targetHints":{"allow":["GET"]}}],"collection":[{"href":"https:\/\/www.gps-infostars.com\/en\/wp-json\/wp\/v2\/product"}],"about":[{"href":"https:\/\/www.gps-infostars.com\/en\/wp-json\/wp\/v2\/types\/product"}],"version-history":[{"count":0,"href":"https:\/\/www.gps-infostars.com\/en\/wp-json\/wp\/v2\/product\/54725\/revisions"}],"wp:featuredmedia":[{"embeddable":true,"href":"https:\/\/www.gps-infostars.com\/en\/wp-json\/wp\/v2\/media\/49999"}],"wp:attachment":[{"href":"https:\/\/www.gps-infostars.com\/en\/wp-json\/wp\/v2\/media?parent=54725"}],"wp:term":[{"taxonomy":"product_brand","embeddable":true,"href":"https:\/\/www.gps-infostars.com\/en\/wp-json\/wp\/v2\/product_brand?post=54725"},{"taxonomy":"product_cat","embeddable":true,"href":"https:\/\/www.gps-infostars.com\/en\/wp-json\/wp\/v2\/product_cat?post=54725"},{"taxonomy":"product_tag","embeddable":true,"href":"https:\/\/www.gps-infostars.com\/en\/wp-json\/wp\/v2\/product_tag?post=54725"}],"curies":[{"name":"wp","href":"https:\/\/api.w.org\/{rel}","templated":true}]}}