{"id":34014,"date":"2022-01-26T21:03:04","date_gmt":"2022-01-26T20:03:04","guid":{"rendered":"http:\/\/dev2.gps-infostars.com\/haeufig-gestellte-fragen\/"},"modified":"2024-12-11T09:44:16","modified_gmt":"2024-12-11T08:44:16","slug":"preguntas-frecuentes","status":"publish","type":"page","link":"https:\/\/www.gps-infostars.com\/es\/asesoramiento-y-contacto\/preguntas-frecuentes\/","title":{"rendered":"Preguntas frecuentes"},"content":{"rendered":"\t\t<div data-elementor-type=\"wp-page\" data-elementor-id=\"34014\" class=\"elementor elementor-34014 elementor-31081\" data-elementor-post-type=\"page\">\n\t\t\t\t\t\t<section class=\"elementor-section elementor-top-section elementor-element elementor-element-2544f856 elementor-section-boxed elementor-section-height-default elementor-section-height-default\" data-id=\"2544f856\" data-element_type=\"section\" data-e-type=\"section\">\n\t\t\t\t\t\t<div class=\"elementor-container elementor-column-gap-default\">\n\t\t\t\t\t<div class=\"elementor-column elementor-col-100 elementor-top-column elementor-element elementor-element-4deef5a0\" data-id=\"4deef5a0\" data-element_type=\"column\" data-e-type=\"column\">\n\t\t\t<div class=\"elementor-widget-wrap elementor-element-populated\">\n\t\t\t\t\t\t<div class=\"elementor-element elementor-element-61930d6 elementor-widget elementor-widget-heading\" data-id=\"61930d6\" data-element_type=\"widget\" data-e-type=\"widget\" data-widget_type=\"heading.default\">\n\t\t\t\t<div class=\"elementor-widget-container\">\n\t\t\t\t\t<h2 class=\"elementor-heading-title elementor-size-default\">Sobre nuestros servicios y productos<\/h2>\t\t\t\t<\/div>\n\t\t\t\t<\/div>\n\t\t\t\t<div class=\"elementor-element elementor-element-74d6cbd7 elementor-widget elementor-widget-heading\" data-id=\"74d6cbd7\" data-element_type=\"widget\" data-e-type=\"widget\" data-widget_type=\"heading.default\">\n\t\t\t\t<div class=\"elementor-widget-container\">\n\t\t\t\t\t<h1 class=\"elementor-heading-title elementor-size-default\">Preguntas frecuentes<\/h1>\t\t\t\t<\/div>\n\t\t\t\t<\/div>\n\t\t\t\t<div class=\"elementor-element elementor-element-687f221f elementor-widget elementor-widget-image\" data-id=\"687f221f\" data-element_type=\"widget\" data-e-type=\"widget\" data-widget_type=\"image.default\">\n\t\t\t\t<div class=\"elementor-widget-container\">\n\t\t\t\t\t\t\t\t\t\t\t\t\t\t\t<img fetchpriority=\"high\" decoding=\"async\" width=\"1200\" height=\"209\" src=\"https:\/\/www.gps-infostars.com\/es\/wp-content\/uploads\/sites\/3\/gps_tracking_header-2400x417.jpg\" class=\"attachment-large size-large wp-image-33812\" alt=\"\" srcset=\"https:\/\/www.gps-infostars.com\/es\/wp-content\/uploads\/sites\/3\/gps_tracking_header-2400x417.jpg 2400w, https:\/\/www.gps-infostars.com\/es\/wp-content\/uploads\/sites\/3\/gps_tracking_header-800x139.jpg 800w, https:\/\/www.gps-infostars.com\/es\/wp-content\/uploads\/sites\/3\/gps_tracking_header-600x104.jpg 600w, https:\/\/www.gps-infostars.com\/es\/wp-content\/uploads\/sites\/3\/gps_tracking_header-768x133.jpg 768w, https:\/\/www.gps-infostars.com\/es\/wp-content\/uploads\/sites\/3\/gps_tracking_header-1536x267.jpg 1536w, https:\/\/www.gps-infostars.com\/es\/wp-content\/uploads\/sites\/3\/gps_tracking_header-2048x356.jpg 2048w\" sizes=\"(max-width: 1200px) 100vw, 1200px\" \/>\t\t\t\t\t\t\t\t\t\t\t\t\t\t\t<\/div>\n\t\t\t\t<\/div>\n\t\t\t\t\t<\/div>\n\t\t<\/div>\n\t\t\t\t\t<\/div>\n\t\t<\/section>\n\t\t\t\t<section class=\"elementor-section elementor-top-section elementor-element elementor-element-707e88b3 elementor-section-boxed elementor-section-height-default elementor-section-height-default\" data-id=\"707e88b3\" data-element_type=\"section\" data-e-type=\"section\">\n\t\t\t\t\t\t<div class=\"elementor-container elementor-column-gap-default\">\n\t\t\t\t\t<div class=\"elementor-column elementor-col-66 elementor-top-column elementor-element elementor-element-1213e60c\" data-id=\"1213e60c\" data-element_type=\"column\" data-e-type=\"column\">\n\t\t\t<div class=\"elementor-widget-wrap elementor-element-populated\">\n\t\t\t\t\t\t<div class=\"elementor-element elementor-element-76643630 elementor-widget elementor-widget-text-editor\" data-id=\"76643630\" data-element_type=\"widget\" data-e-type=\"widget\" data-widget_type=\"text-editor.default\">\n\t\t\t\t<div class=\"elementor-widget-container\">\n\t\t\t\t\t\t\t\t\t<p>Aqu\u00ed encontrar\u00e1 las preguntas y respuestas m\u00e1s importantes sobre nuestros servicios y productos. Si no encuentra las respuestas, p\u00f3ngase en contacto con nosotros para que podamos ayudarle.<br \/><a href=\"https:\/\/www.gps-infostars.com\/es\/asesoramiento-y-contacto\/\">\u2192 Al contacto<\/a><\/p><h2>GPS-FAQ &#8211; Generalidades<\/h2><h3>\u00bfQu\u00e9 es el GPS?<\/h3><p>GPS es la abreviatura de Global Positioning System. La informaci\u00f3n se env\u00eda a la tierra desde los sat\u00e9lites. A partir de esta informaci\u00f3n, los dispositivos con receptor GPS pueden determinar una posici\u00f3n. Suele tener una precisi\u00f3n de unos pocos metros. Todos nuestros dispositivos de seguimiento tienen un receptor GPS integrado. Incluso un \u00abdispositivo de navegaci\u00f3n\u00bb disponible en el mercado tiene un receptor GPS, pero en el lenguaje com\u00fan se le llama incorrectamente s\u00f3lo GPS.<\/p><h3>\u00bfCu\u00e1l es la precisi\u00f3n de la posici\u00f3n de seguimiento de un dispositivo GPS?<\/h3><p>Todos nuestros dispositivos de seguimiento GPS cuentan con modernos receptores GPS que suelen determinar la posici\u00f3n con una precisi\u00f3n de unos pocos metros.<\/p><h3>\u00bfLos dispositivos GPS tambi\u00e9n transmiten al extranjero?<\/h3><p>En principio, s\u00ed. Sin embargo, la itinerancia puede bloquearse a petici\u00f3n del cliente, en cuyo caso los dispositivos no transmiten.<\/p><h2>GPS-FAQ &#8211; Protecci\u00f3n de datos<\/h2><p>Las respuestas sobre la protecci\u00f3n de datos y la ley se refieren principalmente a la situaci\u00f3n jur\u00eddica austriaca. En principio, s\u00f3lo hay un pu\u00f1ado de decisiones judiciales. Especialmente las decisiones de \u00faltima instancia sobre este tema son raras.<\/p><p>Infostars GmbH tiene muchos conocimientos jur\u00eddicos y ha integrado la protecci\u00f3n de datos en el software como un pilar del sistema desde el principio. La valoraci\u00f3n jur\u00eddica s\u00f3lo puede referirse a un caso individual concreto.<\/p><p>El tema es tan complejo porque en una empresa la pregunta de si es permisible un sistema GPS puede responderse con un s\u00ed y un no. Puede ser que est\u00e9 bien para un determinado campo de aplicaci\u00f3n pero no para otro, o para un determinado tipo de empleados y no para otros.<\/p><p>Por esta raz\u00f3n, Infostars GmbH no acepta ninguna responsabilidad por las declaraciones legales en este \u00e1mbito \u2192 P\u00f3ngase en contacto con nuestros asesores para obtener su apoyo sobre la mejor manera de implementar un sistema de seguimiento GPS para que se utilice con \u00e9xito y al mismo tiempo se mantenga la protecci\u00f3n de datos.\u00a0<\/p><h3>\u00bfEst\u00e1n protegidos los datos de los viajes privados?<\/h3><p>Con nuestra opci\u00f3n de protecci\u00f3n 100% privada, los datos de los viajes privados est\u00e1n protegidos y se muestran correctamente. La empresa s\u00f3lo ve los kil\u00f3metros recorridos de forma privada en total.<\/p><h3>\u00bfQu\u00e9 ocurre si un conductor ha marcado incorrectamente un viaje de negocios como privado?<\/h3><p>Con la opci\u00f3n de cobertura 100% privada, el conductor de un viaje puede declararlo como de negocios. En este caso, la cobertura privada sigue siendo del 100%, ya que s\u00f3lo el conductor puede hacerlo.<\/p><h3>\u00bfSe puede localizar un veh\u00edculo en caso de emergencia, aunque se haya fijado un viaje privado?<\/h3><p>Con la opci\u00f3n de protecci\u00f3n 100% privada, el veh\u00edculo puede ser localizado por nuestra central de alarmas, que ha sido aprobada por la Comisi\u00f3n de Protecci\u00f3n de Datos. La central de alarmas ha sido autorizada por la Comisi\u00f3n de Protecci\u00f3n de Datos para realizar el seguimiento. Esto significa que su veh\u00edculo puede ser localizado en situaciones de peligro y sus viajes privados permanecen protegidos.<\/p><h2>GPS-FAQ &#8211; La ley y la necesidad de consentimiento<\/h2><h3>\u00bfEst\u00e1 permitido utilizar un dispositivo de localizaci\u00f3n GPS?<\/h3><p>Una cosa es cierta: si usted, como propietario del veh\u00edculo, instala un dispositivo GPS y siempre conduce el veh\u00edculo usted mismo, esto est\u00e1 permitido sin restricciones.<\/p><h3>\u00bfPueden las empresas y negocios utilizar un dispositivo GPS??<\/h3><p>S\u00ed, normalmente lo son. Sin embargo, no si viola la dignidad humana de un empleado. Si se opta por la protecci\u00f3n 100% privada de Infostars, el uso no suele atentar contra la dignidad humana y puede utilizarse.<\/p><p>\u00bfPuede una empresa utilizar dispositivos de localizaci\u00f3n por GPS sin consentimiento?<br \/>Si la dignidad humana de los empleados ni siquiera se ve afectada por el uso, entonces se puede utilizar un dispositivo de seguimiento GPS sin consentimiento. El t\u00e9rmino \u00abtocar la dignidad humana\u00bb es interpretado por los tribunales. La interpretaci\u00f3n va cambiando con el tiempo. Por ejemplo, en el caso de un reloj de tiempo, ahora se considera que normalmente no toca la dignidad humana.<\/p><p>Infostars ha desarrollado un sistema especial en el que la dignidad humana del empleado no se ve afectada a pesar del uso de un dispositivo de seguimiento por GPS como un reloj de fichar. Por lo tanto, su uso sin el consentimiento de un empleado o de un comit\u00e9 de empresa es, en principio, permisible. Esta afirmaci\u00f3n s\u00f3lo se refiere a un producto espec\u00edfico: el libro de registro de conductores de la Agencia Tributaria con una protecci\u00f3n 100% privada sin funciones adicionales. Para todos los dem\u00e1s productos, generalmente se requerir\u00e1 el consentimiento.<\/p>\t\t\t\t\t\t\t\t<\/div>\n\t\t\t\t<\/div>\n\t\t\t\t<div class=\"elementor-element elementor-element-3c3607fc elementor-widget elementor-widget-text-editor\" data-id=\"3c3607fc\" data-element_type=\"widget\" data-e-type=\"widget\" data-widget_type=\"text-editor.default\">\n\t\t\t\t<div class=\"elementor-widget-container\">\n\t\t\t\t\t\t\t\t\t<h3 style=\"font-style: normal; font-variant-ligatures: normal; font-variant-caps: normal; text-transform: none; letter-spacing: normal; word-spacing: 0px; text-decoration-thickness: initial; text-decoration-style: initial; text-decoration-color: initial;\">\u00bfTiene alguna pregunta?<\/h3><p>Nuestros asesores est\u00e1n siempre a su disposici\u00f3n. P\u00f3ngase en contacto con nosotros:<\/p><p>L\u00ednea de atenci\u00f3n telef\u00f3nica (+34) 913 352 493 (de lunes a viernes, de 9 a 18 horas).<\/p><p style=\"color: #545657;\"><span style=\"letter-spacing: 0.32px; text-transform: var(--the7-base-text-transform); word-spacing: normal;\">Env\u00ede un correo electr\u00f3nico a <\/span><a href=\"m&#97;&#x69;&#x6c;t&#111;&#x3a;&#x6f;f&#105;&#x63;&#x69;n&#97;&#x40;&#x67;p&#115;&#x2d;&#x69;n&#102;&#111;&#x73;&#x74;a&#114;&#x73;&#x2e;c&#111;&#x6d;\">ofi&#99;&#105;&#110;&#x61;&#x40;&#x67;&#x70;&#x73;&#x2d;inf&#111;&#115;&#116;&#97;&#x72;&#x73;&#x2e;&#x63;&#x6f;&#x6d; <\/a>\u00a0o utilice nuestro unser <a href=\"https:\/\/www.gps-infostars.com\/es\/asesoramiento-y-contacto\/formulario-de-contacto\/\">\u2192 formulario de contacto<\/a><\/p>\t\t\t\t\t\t\t\t<\/div>\n\t\t\t\t<\/div>\n\t\t\t\t\t<\/div>\n\t\t<\/div>\n\t\t\t\t<div class=\"elementor-column elementor-col-33 elementor-top-column elementor-element elementor-element-231c9869\" data-id=\"231c9869\" data-element_type=\"column\" data-e-type=\"column\">\n\t\t\t<div class=\"elementor-widget-wrap\">\n\t\t\t\t\t\t\t<\/div>\n\t\t<\/div>\n\t\t\t\t\t<\/div>\n\t\t<\/section>\n\t\t\t\t<section class=\"elementor-section elementor-top-section elementor-element elementor-element-35d5005b elementor-section-boxed elementor-section-height-default elementor-section-height-default\" data-id=\"35d5005b\" data-element_type=\"section\" data-e-type=\"section\">\n\t\t\t\t\t\t<div class=\"elementor-container elementor-column-gap-default\">\n\t\t\t\t\t<div class=\"elementor-column elementor-col-100 elementor-top-column elementor-element elementor-element-2e2db6dc\" data-id=\"2e2db6dc\" data-element_type=\"column\" data-e-type=\"column\">\n\t\t\t<div class=\"elementor-widget-wrap\">\n\t\t\t\t\t\t\t<\/div>\n\t\t<\/div>\n\t\t\t\t\t<\/div>\n\t\t<\/section>\n\t\t\t\t<\/div>\n\t\t","protected":false},"excerpt":{"rendered":"<p>Sobre nuestros servicios y productos Preguntas frecuentes Aqu\u00ed encontrar\u00e1 las preguntas y respuestas m\u00e1s importantes sobre nuestros servicios y productos. Si no encuentra las respuestas, p\u00f3ngase en contacto con nosotros para que podamos ayudarle. \u2192 Al contacto GPS-FAQ &#8211; Generalidades \u00bfQu\u00e9 es el GPS? GPS es la abreviatura de Global Positioning System. La informaci\u00f3n se&hellip;<\/p>\n","protected":false},"author":1,"featured_media":0,"parent":34020,"menu_order":0,"comment_status":"closed","ping_status":"closed","template":"","meta":{"inline_featured_image":false,"footnotes":""},"class_list":["post-34014","page","type-page","status-publish","hentry"],"yoast_head":"<!-- This site is optimized with the Yoast SEO plugin v27.6 - https:\/\/yoast.com\/product\/yoast-seo-wordpress\/ -->\n<title>Preguntas frecuentes - H\u00e4ufig gestellte Fragen GPS Infostars<\/title>\n<meta name=\"description\" content=\"Preguntas frecuentes sobre el seguimiento por GPS y los dispositivos GPS, as\u00ed como los libros de registro electr\u00f3nicos de GPS Infostars.\" \/>\n<meta name=\"robots\" content=\"index, follow, max-snippet:-1, max-image-preview:large, max-video-preview:-1\" \/>\n<link rel=\"canonical\" href=\"https:\/\/www.gps-infostars.com\/es\/asesoramiento-y-contacto\/preguntas-frecuentes\/\" \/>\n<meta property=\"og:locale\" content=\"es_ES\" \/>\n<meta property=\"og:type\" content=\"article\" \/>\n<meta property=\"og:title\" content=\"Preguntas frecuentes - H\u00e4ufig gestellte Fragen GPS Infostars\" \/>\n<meta property=\"og:description\" content=\"Preguntas frecuentes sobre el seguimiento por GPS y los dispositivos GPS, as\u00ed como los libros de registro electr\u00f3nicos de GPS Infostars.\" \/>\n<meta property=\"og:url\" content=\"https:\/\/www.gps-infostars.com\/es\/asesoramiento-y-contacto\/preguntas-frecuentes\/\" \/>\n<meta property=\"og:site_name\" content=\"INFOSTARS SOLUCIONES, S.L.\" \/>\n<meta property=\"article:modified_time\" content=\"2024-12-11T08:44:16+00:00\" \/>\n<meta property=\"og:image\" content=\"https:\/\/www.gps-infostars.com\/es\/wp-content\/uploads\/sites\/3\/gps_tracking_header-2400x417.jpg\" \/>\n<meta name=\"twitter:card\" content=\"summary_large_image\" \/>\n<meta name=\"twitter:label1\" content=\"Tiempo de lectura\" \/>\n\t<meta name=\"twitter:data1\" content=\"5 minutos\" \/>\n<script type=\"application\/ld+json\" class=\"yoast-schema-graph\">{\"@context\":\"https:\\\/\\\/schema.org\",\"@graph\":[{\"@type\":\"WebPage\",\"@id\":\"https:\\\/\\\/www.gps-infostars.com\\\/es\\\/asesoramiento-y-contacto\\\/preguntas-frecuentes\\\/\",\"url\":\"https:\\\/\\\/www.gps-infostars.com\\\/es\\\/asesoramiento-y-contacto\\\/preguntas-frecuentes\\\/\",\"name\":\"Preguntas frecuentes - H\u00e4ufig gestellte Fragen GPS Infostars\",\"isPartOf\":{\"@id\":\"https:\\\/\\\/www.gps-infostars.com\\\/es\\\/#website\"},\"primaryImageOfPage\":{\"@id\":\"https:\\\/\\\/www.gps-infostars.com\\\/es\\\/asesoramiento-y-contacto\\\/preguntas-frecuentes\\\/#primaryimage\"},\"image\":{\"@id\":\"https:\\\/\\\/www.gps-infostars.com\\\/es\\\/asesoramiento-y-contacto\\\/preguntas-frecuentes\\\/#primaryimage\"},\"thumbnailUrl\":\"https:\\\/\\\/www.gps-infostars.com\\\/es\\\/wp-content\\\/uploads\\\/sites\\\/3\\\/gps_tracking_header-2400x417.jpg\",\"datePublished\":\"2022-01-26T20:03:04+00:00\",\"dateModified\":\"2024-12-11T08:44:16+00:00\",\"description\":\"Preguntas frecuentes sobre el seguimiento por GPS y los dispositivos GPS, as\u00ed como los libros de registro electr\u00f3nicos de GPS Infostars.\",\"breadcrumb\":{\"@id\":\"https:\\\/\\\/www.gps-infostars.com\\\/es\\\/asesoramiento-y-contacto\\\/preguntas-frecuentes\\\/#breadcrumb\"},\"inLanguage\":\"es\",\"potentialAction\":[{\"@type\":\"ReadAction\",\"target\":[\"https:\\\/\\\/www.gps-infostars.com\\\/es\\\/asesoramiento-y-contacto\\\/preguntas-frecuentes\\\/\"]}]},{\"@type\":\"ImageObject\",\"inLanguage\":\"es\",\"@id\":\"https:\\\/\\\/www.gps-infostars.com\\\/es\\\/asesoramiento-y-contacto\\\/preguntas-frecuentes\\\/#primaryimage\",\"url\":\"https:\\\/\\\/www.gps-infostars.com\\\/es\\\/wp-content\\\/uploads\\\/sites\\\/3\\\/gps_tracking_header-scaled.jpg\",\"contentUrl\":\"https:\\\/\\\/www.gps-infostars.com\\\/es\\\/wp-content\\\/uploads\\\/sites\\\/3\\\/gps_tracking_header-scaled.jpg\",\"width\":2560,\"height\":445},{\"@type\":\"BreadcrumbList\",\"@id\":\"https:\\\/\\\/www.gps-infostars.com\\\/es\\\/asesoramiento-y-contacto\\\/preguntas-frecuentes\\\/#breadcrumb\",\"itemListElement\":[{\"@type\":\"ListItem\",\"position\":1,\"name\":\"Startseite\",\"item\":\"https:\\\/\\\/www.gps-infostars.com\\\/es\\\/\"},{\"@type\":\"ListItem\",\"position\":2,\"name\":\"Contacto\",\"item\":\"https:\\\/\\\/www.gps-infostars.com\\\/es\\\/asesoramiento-y-contacto\\\/\"},{\"@type\":\"ListItem\",\"position\":3,\"name\":\"Preguntas frecuentes\"}]},{\"@type\":\"WebSite\",\"@id\":\"https:\\\/\\\/www.gps-infostars.com\\\/es\\\/#website\",\"url\":\"https:\\\/\\\/www.gps-infostars.com\\\/es\\\/\",\"name\":\"INFOSTARS SOLUCIONES, S.L.\",\"description\":\"Einfach, pr\u00e4zise &amp; zuverl\u00e4ssig.\",\"publisher\":{\"@id\":\"https:\\\/\\\/www.gps-infostars.com\\\/es\\\/#organization\"},\"potentialAction\":[{\"@type\":\"SearchAction\",\"target\":{\"@type\":\"EntryPoint\",\"urlTemplate\":\"https:\\\/\\\/www.gps-infostars.com\\\/es\\\/?s={search_term_string}\"},\"query-input\":{\"@type\":\"PropertyValueSpecification\",\"valueRequired\":true,\"valueName\":\"search_term_string\"}}],\"inLanguage\":\"es\"},{\"@type\":\"Organization\",\"@id\":\"https:\\\/\\\/www.gps-infostars.com\\\/es\\\/#organization\",\"name\":\"INFOSTARS SOLUCIONES, S.L.\",\"url\":\"https:\\\/\\\/www.gps-infostars.com\\\/es\\\/\",\"logo\":{\"@type\":\"ImageObject\",\"inLanguage\":\"es\",\"@id\":\"https:\\\/\\\/www.gps-infostars.com\\\/es\\\/#\\\/schema\\\/logo\\\/image\\\/\",\"url\":\"https:\\\/\\\/www.gps-infostars.com\\\/es\\\/wp-content\\\/uploads\\\/sites\\\/3\\\/logo_infostars.png\",\"contentUrl\":\"https:\\\/\\\/www.gps-infostars.com\\\/es\\\/wp-content\\\/uploads\\\/sites\\\/3\\\/logo_infostars.png\",\"width\":1125,\"height\":360,\"caption\":\"INFOSTARS SOLUCIONES, S.L.\"},\"image\":{\"@id\":\"https:\\\/\\\/www.gps-infostars.com\\\/es\\\/#\\\/schema\\\/logo\\\/image\\\/\"}}]}<\/script>\n<!-- \/ Yoast SEO plugin. -->","yoast_head_json":{"title":"Preguntas frecuentes - H\u00e4ufig gestellte Fragen GPS Infostars","description":"Preguntas frecuentes sobre el seguimiento por GPS y los dispositivos GPS, as\u00ed como los libros de registro electr\u00f3nicos de GPS Infostars.","robots":{"index":"index","follow":"follow","max-snippet":"max-snippet:-1","max-image-preview":"max-image-preview:large","max-video-preview":"max-video-preview:-1"},"canonical":"https:\/\/www.gps-infostars.com\/es\/asesoramiento-y-contacto\/preguntas-frecuentes\/","og_locale":"es_ES","og_type":"article","og_title":"Preguntas frecuentes - H\u00e4ufig gestellte Fragen GPS Infostars","og_description":"Preguntas frecuentes sobre el seguimiento por GPS y los dispositivos GPS, as\u00ed como los libros de registro electr\u00f3nicos de GPS Infostars.","og_url":"https:\/\/www.gps-infostars.com\/es\/asesoramiento-y-contacto\/preguntas-frecuentes\/","og_site_name":"INFOSTARS SOLUCIONES, S.L.","article_modified_time":"2024-12-11T08:44:16+00:00","og_image":[{"url":"https:\/\/www.gps-infostars.com\/es\/wp-content\/uploads\/sites\/3\/gps_tracking_header-2400x417.jpg","type":"","width":"","height":""}],"twitter_card":"summary_large_image","twitter_misc":{"Tiempo de lectura":"5 minutos"},"schema":{"@context":"https:\/\/schema.org","@graph":[{"@type":"WebPage","@id":"https:\/\/www.gps-infostars.com\/es\/asesoramiento-y-contacto\/preguntas-frecuentes\/","url":"https:\/\/www.gps-infostars.com\/es\/asesoramiento-y-contacto\/preguntas-frecuentes\/","name":"Preguntas frecuentes - H\u00e4ufig gestellte Fragen GPS Infostars","isPartOf":{"@id":"https:\/\/www.gps-infostars.com\/es\/#website"},"primaryImageOfPage":{"@id":"https:\/\/www.gps-infostars.com\/es\/asesoramiento-y-contacto\/preguntas-frecuentes\/#primaryimage"},"image":{"@id":"https:\/\/www.gps-infostars.com\/es\/asesoramiento-y-contacto\/preguntas-frecuentes\/#primaryimage"},"thumbnailUrl":"https:\/\/www.gps-infostars.com\/es\/wp-content\/uploads\/sites\/3\/gps_tracking_header-2400x417.jpg","datePublished":"2022-01-26T20:03:04+00:00","dateModified":"2024-12-11T08:44:16+00:00","description":"Preguntas frecuentes sobre el seguimiento por GPS y los dispositivos GPS, as\u00ed como los libros de registro electr\u00f3nicos de GPS Infostars.","breadcrumb":{"@id":"https:\/\/www.gps-infostars.com\/es\/asesoramiento-y-contacto\/preguntas-frecuentes\/#breadcrumb"},"inLanguage":"es","potentialAction":[{"@type":"ReadAction","target":["https:\/\/www.gps-infostars.com\/es\/asesoramiento-y-contacto\/preguntas-frecuentes\/"]}]},{"@type":"ImageObject","inLanguage":"es","@id":"https:\/\/www.gps-infostars.com\/es\/asesoramiento-y-contacto\/preguntas-frecuentes\/#primaryimage","url":"https:\/\/www.gps-infostars.com\/es\/wp-content\/uploads\/sites\/3\/gps_tracking_header-scaled.jpg","contentUrl":"https:\/\/www.gps-infostars.com\/es\/wp-content\/uploads\/sites\/3\/gps_tracking_header-scaled.jpg","width":2560,"height":445},{"@type":"BreadcrumbList","@id":"https:\/\/www.gps-infostars.com\/es\/asesoramiento-y-contacto\/preguntas-frecuentes\/#breadcrumb","itemListElement":[{"@type":"ListItem","position":1,"name":"Startseite","item":"https:\/\/www.gps-infostars.com\/es\/"},{"@type":"ListItem","position":2,"name":"Contacto","item":"https:\/\/www.gps-infostars.com\/es\/asesoramiento-y-contacto\/"},{"@type":"ListItem","position":3,"name":"Preguntas frecuentes"}]},{"@type":"WebSite","@id":"https:\/\/www.gps-infostars.com\/es\/#website","url":"https:\/\/www.gps-infostars.com\/es\/","name":"INFOSTARS SOLUCIONES, S.L.","description":"Einfach, pr\u00e4zise &amp; zuverl\u00e4ssig.","publisher":{"@id":"https:\/\/www.gps-infostars.com\/es\/#organization"},"potentialAction":[{"@type":"SearchAction","target":{"@type":"EntryPoint","urlTemplate":"https:\/\/www.gps-infostars.com\/es\/?s={search_term_string}"},"query-input":{"@type":"PropertyValueSpecification","valueRequired":true,"valueName":"search_term_string"}}],"inLanguage":"es"},{"@type":"Organization","@id":"https:\/\/www.gps-infostars.com\/es\/#organization","name":"INFOSTARS SOLUCIONES, S.L.","url":"https:\/\/www.gps-infostars.com\/es\/","logo":{"@type":"ImageObject","inLanguage":"es","@id":"https:\/\/www.gps-infostars.com\/es\/#\/schema\/logo\/image\/","url":"https:\/\/www.gps-infostars.com\/es\/wp-content\/uploads\/sites\/3\/logo_infostars.png","contentUrl":"https:\/\/www.gps-infostars.com\/es\/wp-content\/uploads\/sites\/3\/logo_infostars.png","width":1125,"height":360,"caption":"INFOSTARS SOLUCIONES, S.L."},"image":{"@id":"https:\/\/www.gps-infostars.com\/es\/#\/schema\/logo\/image\/"}}]}},"_links":{"self":[{"href":"https:\/\/www.gps-infostars.com\/es\/wp-json\/wp\/v2\/pages\/34014","targetHints":{"allow":["GET"]}}],"collection":[{"href":"https:\/\/www.gps-infostars.com\/es\/wp-json\/wp\/v2\/pages"}],"about":[{"href":"https:\/\/www.gps-infostars.com\/es\/wp-json\/wp\/v2\/types\/page"}],"author":[{"embeddable":true,"href":"https:\/\/www.gps-infostars.com\/es\/wp-json\/wp\/v2\/users\/1"}],"replies":[{"embeddable":true,"href":"https:\/\/www.gps-infostars.com\/es\/wp-json\/wp\/v2\/comments?post=34014"}],"version-history":[{"count":72,"href":"https:\/\/www.gps-infostars.com\/es\/wp-json\/wp\/v2\/pages\/34014\/revisions"}],"predecessor-version":[{"id":53761,"href":"https:\/\/www.gps-infostars.com\/es\/wp-json\/wp\/v2\/pages\/34014\/revisions\/53761"}],"up":[{"embeddable":true,"href":"https:\/\/www.gps-infostars.com\/es\/wp-json\/wp\/v2\/pages\/34020"}],"wp:attachment":[{"href":"https:\/\/www.gps-infostars.com\/es\/wp-json\/wp\/v2\/media?parent=34014"}],"curies":[{"name":"wp","href":"https:\/\/api.w.org\/{rel}","templated":true}]}}