{"id":34017,"date":"2020-02-04T16:22:58","date_gmt":"2020-02-04T15:22:58","guid":{"rendered":"http:\/\/dev2.gps-infostars.com\/ueber-uns\/"},"modified":"2024-12-11T09:48:24","modified_gmt":"2024-12-11T08:48:24","slug":"acerca-de-nosotros","status":"publish","type":"page","link":"https:\/\/www.gps-infostars.com\/es\/acerca-de-nosotros\/","title":{"rendered":"Nosotros"},"content":{"rendered":"\t\t<div data-elementor-type=\"wp-page\" data-elementor-id=\"34017\" class=\"elementor elementor-34017 elementor-49\" data-elementor-post-type=\"page\">\n\t\t\t\t\t\t<section class=\"elementor-section elementor-top-section elementor-element elementor-element-2434ab1b elementor-section-boxed elementor-section-height-default elementor-section-height-default\" data-id=\"2434ab1b\" data-element_type=\"section\" data-e-type=\"section\">\n\t\t\t\t\t\t<div class=\"elementor-container elementor-column-gap-default\">\n\t\t\t\t\t<div class=\"elementor-column elementor-col-100 elementor-top-column elementor-element elementor-element-82debf6\" data-id=\"82debf6\" data-element_type=\"column\" data-e-type=\"column\">\n\t\t\t<div class=\"elementor-widget-wrap elementor-element-populated\">\n\t\t\t\t\t\t<div class=\"elementor-element elementor-element-3cac2a6e elementor-widget elementor-widget-heading\" data-id=\"3cac2a6e\" data-element_type=\"widget\" data-e-type=\"widget\" data-widget_type=\"heading.default\">\n\t\t\t\t<div class=\"elementor-widget-container\">\n\t\t\t\t\t<h2 class=\"elementor-heading-title elementor-size-default\">Soluciones simples, modernas y legalmente compatibles<\/h2>\t\t\t\t<\/div>\n\t\t\t\t<\/div>\n\t\t\t\t<div class=\"elementor-element elementor-element-1af53fa6 elementor-widget elementor-widget-heading\" data-id=\"1af53fa6\" data-element_type=\"widget\" data-e-type=\"widget\" data-widget_type=\"heading.default\">\n\t\t\t\t<div class=\"elementor-widget-container\">\n\t\t\t\t\t<h1 class=\"elementor-heading-title elementor-size-default\">Acerca de Infostars<\/h1>\t\t\t\t<\/div>\n\t\t\t\t<\/div>\n\t\t\t\t<div class=\"elementor-element elementor-element-34778e36 elementor-widget elementor-widget-image\" data-id=\"34778e36\" data-element_type=\"widget\" data-e-type=\"widget\" data-widget_type=\"image.default\">\n\t\t\t\t<div class=\"elementor-widget-container\">\n\t\t\t\t\t\t\t\t\t\t\t\t\t\t\t<img fetchpriority=\"high\" decoding=\"async\" width=\"1200\" height=\"209\" src=\"https:\/\/www.gps-infostars.com\/es\/wp-content\/uploads\/sites\/3\/jetzt_header.jpg\" class=\"attachment-large size-large wp-image-33889\" alt=\"\" srcset=\"https:\/\/www.gps-infostars.com\/es\/wp-content\/uploads\/sites\/3\/jetzt_header.jpg 2400w, https:\/\/www.gps-infostars.com\/es\/wp-content\/uploads\/sites\/3\/jetzt_header-800x139.jpg 800w, https:\/\/www.gps-infostars.com\/es\/wp-content\/uploads\/sites\/3\/jetzt_header-600x104.jpg 600w, https:\/\/www.gps-infostars.com\/es\/wp-content\/uploads\/sites\/3\/jetzt_header-768x133.jpg 768w, https:\/\/www.gps-infostars.com\/es\/wp-content\/uploads\/sites\/3\/jetzt_header-1536x267.jpg 1536w, https:\/\/www.gps-infostars.com\/es\/wp-content\/uploads\/sites\/3\/jetzt_header-2048x356.jpg 2048w\" sizes=\"(max-width: 1200px) 100vw, 1200px\" \/>\t\t\t\t\t\t\t\t\t\t\t\t\t\t\t<\/div>\n\t\t\t\t<\/div>\n\t\t\t\t\t<\/div>\n\t\t<\/div>\n\t\t\t\t\t<\/div>\n\t\t<\/section>\n\t\t\t\t<section class=\"elementor-section elementor-top-section elementor-element elementor-element-764bbbf5 elementor-section-boxed elementor-section-height-default elementor-section-height-default\" data-id=\"764bbbf5\" data-element_type=\"section\" data-e-type=\"section\">\n\t\t\t\t\t\t<div class=\"elementor-container elementor-column-gap-default\">\n\t\t\t\t\t<div class=\"elementor-column elementor-col-66 elementor-top-column elementor-element elementor-element-13b6ff37\" data-id=\"13b6ff37\" data-element_type=\"column\" data-e-type=\"column\">\n\t\t\t<div class=\"elementor-widget-wrap elementor-element-populated\">\n\t\t\t\t\t\t<div class=\"elementor-element elementor-element-fc84d19 elementor-widget elementor-widget-text-editor\" data-id=\"fc84d19\" data-element_type=\"widget\" data-e-type=\"widget\" data-widget_type=\"text-editor.default\">\n\t\t\t\t<div class=\"elementor-widget-container\">\n\t\t\t\t\t\t\t\t\t<p>Infostars GmbH es una empresa Austriaca con sede en Viena. Fundada en 2007, Infostars ha estado distribuyendo con \u00e9xito sus sistemas en Austria, Alemania, Eslovaquia, Eslovenia, Espa\u00f1a, Suiza, Italia y Dinamarca.<\/p><h3>Calidad hecha en Austria<\/h3><p>El empresario Robert Tarbuk no estaba satisfecho con la oferta existente y r\u00e1pidamente la ampli\u00f3 con su propia soluci\u00f3n. Esto consiste en un software especialmente programado, basado en la web y un hardware GPS especialmente fabricado. Infostars ofrece una amplia variedad de productos GPS para clientes privados y corporativos: Rastreo GPS, planificaci\u00f3n de rutas, cuaderno de bit\u00e1cora, rastreo de ganado y sistema de alarma GPS. El mercado nacional se atiende desde la sede de Viena y los socios de ventas internacionales (por ejemplo, en Dinamarca y Suiza) y las exportaciones continuar\u00e1n asegurando el crecimiento en el futuro.<\/p><h3>Amplio Conocimiento<\/h3><p>El Director General MMag. Robert Tarbuk no solo tiene un profundo conocimiento pr\u00e1ctico de la industria del transporte, el alquiler y el control, sino que tambi\u00e9n aporta su conocimiento legal. Por lo tanto, Infostars siempre puede ofrecerle una soluci\u00f3n legalmente correcta.<\/p><h3>Expertos para proteger y asegurar su propiedad<\/h3><p>El rastreo GPS tiene que ver con su propiedad y seguridad. En estos asuntos, debe confiar en la tecnolog\u00eda innovadora y confiar exclusivamente en expertos.<\/p><h3>Benef\u00edciese de nuestra experiencia<\/h3><p>Nuestros muchos a\u00f1os de experiencia y amplio conocimiento de las \u00faltimas posibilidades y tendencias en el campo del posicionamiento GPS nos convierten en un socio premium confiable en esta \u00e1rea.<\/p><p style=\"margin-bottom: 0px; font-variant-numeric: normal; font-variant-east-asian: normal; font-weight: 400; font-stretch: normal; font-size: 10px; line-height: normal; font-family: Helvetica; color: #545657; letter-spacing: normal;\"><span style=\"letter-spacing: 0em; text-transform: var(--the7-h3-text-transform); word-spacing: var(--the7-h3-word-spacing); color: #e1710f; font-family: HelveticaNeueLTPro-Bd, sans-serif; font-weight: 600;\">\u00a0<\/span><\/p><h3>\u00bfQu\u00e9 significa Infostars?<\/h3><p><span style=\"color: #e1710f;\">\u2192<\/span> Software claro y sencillo<\/p><p><span style=\"color: #e1710f;\">\u2192 <\/span>Reducci\u00f3n de la avalancha de datos<\/p><p><span style=\"color: #e1710f;\">\u2192 <\/span>Soluciones sofisticadas\u00a0<\/p><h3>\u00bfCu\u00e1les son los valores de infostars?<\/h3><p><span style=\"color: #e1710f;\">\u2192<\/span> Asesorar antes de vender<\/p><p><span style=\"color: #e1710f;\">\u2192 <\/span>La m\u00e1s alta calidad<\/p><p><span style=\"color: #e1710f;\">\u2192 <\/span>Soluciones legalmente compatibles<\/p><div><h3>\u00bfCu\u00e1les son los objetivos de Infostars?<\/h3><p><span style=\"color: #e1710f;\">\u2192<\/span> Crecimiento saludable<\/p><p><span style=\"color: #e1710f;\">\u2192 <\/span>Productos econ\u00f3micos<\/p><p><span style=\"color: #e1710f;\">\u2192 <\/span>Simplifique cosas complejas<\/p><\/div><div><div><p class=\"p2\">\u00a0<\/p><\/div><\/div>\t\t\t\t\t\t\t\t<\/div>\n\t\t\t\t<\/div>\n\t\t\t\t<div class=\"elementor-element elementor-element-40e6899c elementor-widget elementor-widget-text-editor\" data-id=\"40e6899c\" data-element_type=\"widget\" data-e-type=\"widget\" data-widget_type=\"text-editor.default\">\n\t\t\t\t<div class=\"elementor-widget-container\">\n\t\t\t\t\t\t\t\t\t<h3 style=\"font-style: normal; font-variant-ligatures: normal; font-variant-caps: normal; text-transform: none; letter-spacing: normal; word-spacing: 0px; text-decoration-thickness: initial; text-decoration-style: initial; text-decoration-color: initial;\">\u00bfTiene alguna pregunta?<\/h3><p>Nuestros asesores est\u00e1n siempre a su disposici\u00f3n. P\u00f3ngase en contacto con nosotros:<\/p><p>L\u00ednea de atenci\u00f3n telef\u00f3nica (+34) 913 352 493 (de lunes a viernes, de 9 a 18 horas).<\/p><p style=\"color: #545657;\"><span style=\"letter-spacing: 0.32px; text-transform: var(--the7-base-text-transform); word-spacing: normal;\">Env\u00ede un correo electr\u00f3nico <\/span><a href=\"&#109;&#x61;i&#108;&#x74;o&#58;&#x6f;f&#105;&#x63;i&#110;&#x61;&#64;&#x67;&#x70;&#115;&#x2d;&#x69;&#110;&#x66;o&#115;&#x74;a&#114;&#x73;&#46;&#99;&#x6f;m\">&#x6f;&#x66;&#105;&#99;i&#x6e;&#x61;&#x40;&#103;ps&#x2d;&#x69;&#110;&#102;o&#x73;&#x74;&#x61;&#114;s&#46;&#x63;&#x6f;&#109; <\/a>o utilice nuestro\u00a0<a href=\"https:\/\/www.gps-infostars.com\/es\/asesoramiento-y-contacto\/formulario-de-contacto\/\">\u2192 formulario de contacto<\/a><\/p>\t\t\t\t\t\t\t\t<\/div>\n\t\t\t\t<\/div>\n\t\t\t\t\t<\/div>\n\t\t<\/div>\n\t\t\t\t<div class=\"elementor-column elementor-col-33 elementor-top-column elementor-element elementor-element-4e4c9674\" data-id=\"4e4c9674\" data-element_type=\"column\" data-e-type=\"column\">\n\t\t\t<div class=\"elementor-widget-wrap elementor-element-populated\">\n\t\t\t\t\t\t<section class=\"elementor-section elementor-inner-section elementor-element elementor-element-ee1aa3d elementor-section-boxed elementor-section-height-default elementor-section-height-default\" data-id=\"ee1aa3d\" data-element_type=\"section\" data-e-type=\"section\">\n\t\t\t\t\t\t<div class=\"elementor-container elementor-column-gap-default\">\n\t\t\t\t\t<div class=\"elementor-column elementor-col-100 elementor-inner-column elementor-element elementor-element-c976988\" data-id=\"c976988\" data-element_type=\"column\" data-e-type=\"column\">\n\t\t\t<div class=\"elementor-widget-wrap elementor-element-populated\">\n\t\t\t\t\t\t<div class=\"elementor-element elementor-element-6bc8b89 elementor-widget elementor-widget-image\" data-id=\"6bc8b89\" data-element_type=\"widget\" data-e-type=\"widget\" data-widget_type=\"image.default\">\n\t\t\t\t<div class=\"elementor-widget-container\">\n\t\t\t\t\t\t\t\t\t\t\t\t\t\t\t\t<a href=\"\/wp-content\/uploads\/sites\/3\/infostars_folder_spanish_web_0820.pdf\" target=\"_blank\">\n\t\t\t\t\t\t\t<img decoding=\"async\" width=\"1200\" height=\"1698\" src=\"https:\/\/www.gps-infostars.com\/es\/wp-content\/uploads\/sites\/3\/infostar_folder_cover_span.jpg\" class=\"attachment-large size-large wp-image-34917\" alt=\"\" srcset=\"https:\/\/www.gps-infostars.com\/es\/wp-content\/uploads\/sites\/3\/infostar_folder_cover_span.jpg 1200w, https:\/\/www.gps-infostars.com\/es\/wp-content\/uploads\/sites\/3\/infostar_folder_cover_span-800x1132.jpg 800w, https:\/\/www.gps-infostars.com\/es\/wp-content\/uploads\/sites\/3\/infostar_folder_cover_span-424x600.jpg 424w, https:\/\/www.gps-infostars.com\/es\/wp-content\/uploads\/sites\/3\/infostar_folder_cover_span-768x1088.jpg 768w, https:\/\/www.gps-infostars.com\/es\/wp-content\/uploads\/sites\/3\/infostar_folder_cover_span-1085x1536.jpg 1085w\" sizes=\"(max-width: 1200px) 100vw, 1200px\" \/>\t\t\t\t\t\t\t\t<\/a>\n\t\t\t\t\t\t\t\t\t\t\t\t\t\t\t<\/div>\n\t\t\t\t<\/div>\n\t\t\t\t<div class=\"elementor-element elementor-element-48caf1d elementor-widget elementor-widget-text-editor\" data-id=\"48caf1d\" data-element_type=\"widget\" data-e-type=\"widget\" data-widget_type=\"text-editor.default\">\n\t\t\t\t<div class=\"elementor-widget-container\">\n\t\t\t\t\t\t\t\t\t<h3 style=\"text-align: center;\">Descarga de carpeta Infostars&nbsp;<\/h3>\t\t\t\t\t\t\t\t<\/div>\n\t\t\t\t<\/div>\n\t\t\t\t<div class=\"elementor-element elementor-element-e4cea18 elementor-align-center elementor-widget elementor-widget-button\" data-id=\"e4cea18\" data-element_type=\"widget\" data-e-type=\"widget\" data-widget_type=\"button.default\">\n\t\t\t\t<div class=\"elementor-widget-container\">\n\t\t\t\t\t\t\t\t\t<div class=\"elementor-button-wrapper\">\n\t\t\t\t\t<a class=\"elementor-button elementor-button-link elementor-size-sm\" href=\"\/wp-content\/uploads\/infostars_folder_spanish_web_0820.pdf\" target=\"_blank\">\n\t\t\t\t\t\t<span class=\"elementor-button-content-wrapper\">\n\t\t\t\t\t\t\t\t\t<span class=\"elementor-button-text\">Descargar PDF<\/span>\n\t\t\t\t\t<\/span>\n\t\t\t\t\t<\/a>\n\t\t\t\t<\/div>\n\t\t\t\t\t\t\t\t<\/div>\n\t\t\t\t<\/div>\n\t\t\t\t\t<\/div>\n\t\t<\/div>\n\t\t\t\t\t<\/div>\n\t\t<\/section>\n\t\t\t\t\t<\/div>\n\t\t<\/div>\n\t\t\t\t\t<\/div>\n\t\t<\/section>\n\t\t\t\t<section class=\"elementor-section elementor-top-section elementor-element elementor-element-2adcd488 elementor-section-boxed elementor-section-height-default elementor-section-height-default\" data-id=\"2adcd488\" data-element_type=\"section\" data-e-type=\"section\">\n\t\t\t\t\t\t<div class=\"elementor-container elementor-column-gap-default\">\n\t\t\t\t\t<div class=\"elementor-column elementor-col-100 elementor-top-column elementor-element elementor-element-18aadaf4\" data-id=\"18aadaf4\" data-element_type=\"column\" data-e-type=\"column\">\n\t\t\t<div class=\"elementor-widget-wrap\">\n\t\t\t\t\t\t\t<\/div>\n\t\t<\/div>\n\t\t\t\t\t<\/div>\n\t\t<\/section>\n\t\t\t\t<\/div>\n\t\t","protected":false},"excerpt":{"rendered":"<p>Soluciones simples, modernas y legalmente compatibles Acerca de Infostars Infostars GmbH es una empresa Austriaca con sede en Viena. Fundada en 2007, Infostars ha estado distribuyendo con \u00e9xito sus sistemas en Austria, Alemania, Eslovaquia, Eslovenia, Espa\u00f1a, Suiza, Italia y Dinamarca. Calidad hecha en Austria El empresario Robert Tarbuk no estaba satisfecho con la oferta existente&hellip;<\/p>\n","protected":false},"author":1,"featured_media":0,"parent":0,"menu_order":0,"comment_status":"closed","ping_status":"closed","template":"","meta":{"inline_featured_image":false,"footnotes":""},"class_list":["post-34017","page","type-page","status-publish","hentry"],"yoast_head":"<!-- This site is optimized with the Yoast SEO plugin v27.2 - https:\/\/yoast.com\/product\/yoast-seo-wordpress\/ -->\n<title>Nosotros - INFOSTARS SOLUCIONES, S.L.<\/title>\n<meta name=\"description\" content=\"Seguimiento y dispositivos GPS para coches, camiones, ganado y mucho m\u00e1s, as\u00ed como cuadernos de bit\u00e1cora electr\u00f3nicos de GPS Infostars\" \/>\n<meta name=\"robots\" content=\"index, follow, max-snippet:-1, max-image-preview:large, max-video-preview:-1\" \/>\n<link rel=\"canonical\" href=\"https:\/\/www.gps-infostars.com\/es\/acerca-de-nosotros\/\" \/>\n<meta property=\"og:locale\" content=\"es_ES\" \/>\n<meta property=\"og:type\" content=\"article\" \/>\n<meta property=\"og:title\" content=\"Nosotros - INFOSTARS SOLUCIONES, S.L.\" \/>\n<meta property=\"og:description\" content=\"Seguimiento y dispositivos GPS para coches, camiones, ganado y mucho m\u00e1s, as\u00ed como cuadernos de bit\u00e1cora electr\u00f3nicos de GPS Infostars\" \/>\n<meta property=\"og:url\" content=\"https:\/\/www.gps-infostars.com\/es\/acerca-de-nosotros\/\" \/>\n<meta property=\"og:site_name\" content=\"INFOSTARS SOLUCIONES, S.L.\" \/>\n<meta property=\"article:modified_time\" content=\"2024-12-11T08:48:24+00:00\" \/>\n<meta property=\"og:image\" content=\"https:\/\/www.gps-infostars.com\/es\/wp-content\/uploads\/sites\/3\/jetzt_header.jpg\" \/>\n<meta name=\"twitter:card\" content=\"summary_large_image\" \/>\n<meta name=\"twitter:label1\" content=\"Tiempo de lectura\" \/>\n\t<meta name=\"twitter:data1\" content=\"3 minutos\" \/>\n<script type=\"application\/ld+json\" class=\"yoast-schema-graph\">{\"@context\":\"https:\/\/schema.org\",\"@graph\":[{\"@type\":\"WebPage\",\"@id\":\"https:\/\/www.gps-infostars.com\/es\/acerca-de-nosotros\/\",\"url\":\"https:\/\/www.gps-infostars.com\/es\/acerca-de-nosotros\/\",\"name\":\"Nosotros - INFOSTARS SOLUCIONES, S.L.\",\"isPartOf\":{\"@id\":\"https:\/\/www.gps-infostars.com\/es\/#website\"},\"primaryImageOfPage\":{\"@id\":\"https:\/\/www.gps-infostars.com\/es\/acerca-de-nosotros\/#primaryimage\"},\"image\":{\"@id\":\"https:\/\/www.gps-infostars.com\/es\/acerca-de-nosotros\/#primaryimage\"},\"thumbnailUrl\":\"https:\/\/www.gps-infostars.com\/es\/wp-content\/uploads\/sites\/3\/jetzt_header.jpg\",\"datePublished\":\"2020-02-04T15:22:58+00:00\",\"dateModified\":\"2024-12-11T08:48:24+00:00\",\"description\":\"Seguimiento y dispositivos GPS para coches, camiones, ganado y mucho m\u00e1s, as\u00ed como cuadernos de bit\u00e1cora electr\u00f3nicos de GPS Infostars\",\"breadcrumb\":{\"@id\":\"https:\/\/www.gps-infostars.com\/es\/acerca-de-nosotros\/#breadcrumb\"},\"inLanguage\":\"es\",\"potentialAction\":[{\"@type\":\"ReadAction\",\"target\":[\"https:\/\/www.gps-infostars.com\/es\/acerca-de-nosotros\/\"]}]},{\"@type\":\"ImageObject\",\"inLanguage\":\"es\",\"@id\":\"https:\/\/www.gps-infostars.com\/es\/acerca-de-nosotros\/#primaryimage\",\"url\":\"https:\/\/www.gps-infostars.com\/es\/wp-content\/uploads\/sites\/3\/jetzt_header.jpg\",\"contentUrl\":\"https:\/\/www.gps-infostars.com\/es\/wp-content\/uploads\/sites\/3\/jetzt_header.jpg\",\"width\":2400,\"height\":417},{\"@type\":\"BreadcrumbList\",\"@id\":\"https:\/\/www.gps-infostars.com\/es\/acerca-de-nosotros\/#breadcrumb\",\"itemListElement\":[{\"@type\":\"ListItem\",\"position\":1,\"name\":\"Startseite\",\"item\":\"https:\/\/www.gps-infostars.com\/es\/\"},{\"@type\":\"ListItem\",\"position\":2,\"name\":\"Nosotros\"}]},{\"@type\":\"WebSite\",\"@id\":\"https:\/\/www.gps-infostars.com\/es\/#website\",\"url\":\"https:\/\/www.gps-infostars.com\/es\/\",\"name\":\"INFOSTARS SOLUCIONES, S.L.\",\"description\":\"Einfach, pr\u00e4zise &amp; zuverl\u00e4ssig.\",\"publisher\":{\"@id\":\"https:\/\/www.gps-infostars.com\/es\/#organization\"},\"potentialAction\":[{\"@type\":\"SearchAction\",\"target\":{\"@type\":\"EntryPoint\",\"urlTemplate\":\"https:\/\/www.gps-infostars.com\/es\/?s={search_term_string}\"},\"query-input\":{\"@type\":\"PropertyValueSpecification\",\"valueRequired\":true,\"valueName\":\"search_term_string\"}}],\"inLanguage\":\"es\"},{\"@type\":\"Organization\",\"@id\":\"https:\/\/www.gps-infostars.com\/es\/#organization\",\"name\":\"INFOSTARS SOLUCIONES, S.L.\",\"url\":\"https:\/\/www.gps-infostars.com\/es\/\",\"logo\":{\"@type\":\"ImageObject\",\"inLanguage\":\"es\",\"@id\":\"https:\/\/www.gps-infostars.com\/es\/#\/schema\/logo\/image\/\",\"url\":\"https:\/\/www.gps-infostars.com\/es\/wp-content\/uploads\/sites\/3\/logo_infostars.png\",\"contentUrl\":\"https:\/\/www.gps-infostars.com\/es\/wp-content\/uploads\/sites\/3\/logo_infostars.png\",\"width\":1125,\"height\":360,\"caption\":\"INFOSTARS SOLUCIONES, S.L.\"},\"image\":{\"@id\":\"https:\/\/www.gps-infostars.com\/es\/#\/schema\/logo\/image\/\"}}]}<\/script>\n<!-- \/ Yoast SEO plugin. -->","yoast_head_json":{"title":"Nosotros - INFOSTARS SOLUCIONES, S.L.","description":"Seguimiento y dispositivos GPS para coches, camiones, ganado y mucho m\u00e1s, as\u00ed como cuadernos de bit\u00e1cora electr\u00f3nicos de GPS Infostars","robots":{"index":"index","follow":"follow","max-snippet":"max-snippet:-1","max-image-preview":"max-image-preview:large","max-video-preview":"max-video-preview:-1"},"canonical":"https:\/\/www.gps-infostars.com\/es\/acerca-de-nosotros\/","og_locale":"es_ES","og_type":"article","og_title":"Nosotros - INFOSTARS SOLUCIONES, S.L.","og_description":"Seguimiento y dispositivos GPS para coches, camiones, ganado y mucho m\u00e1s, as\u00ed como cuadernos de bit\u00e1cora electr\u00f3nicos de GPS Infostars","og_url":"https:\/\/www.gps-infostars.com\/es\/acerca-de-nosotros\/","og_site_name":"INFOSTARS SOLUCIONES, S.L.","article_modified_time":"2024-12-11T08:48:24+00:00","og_image":[{"url":"https:\/\/www.gps-infostars.com\/es\/wp-content\/uploads\/sites\/3\/jetzt_header.jpg","type":"","width":"","height":""}],"twitter_card":"summary_large_image","twitter_misc":{"Tiempo de lectura":"3 minutos"},"schema":{"@context":"https:\/\/schema.org","@graph":[{"@type":"WebPage","@id":"https:\/\/www.gps-infostars.com\/es\/acerca-de-nosotros\/","url":"https:\/\/www.gps-infostars.com\/es\/acerca-de-nosotros\/","name":"Nosotros - INFOSTARS SOLUCIONES, S.L.","isPartOf":{"@id":"https:\/\/www.gps-infostars.com\/es\/#website"},"primaryImageOfPage":{"@id":"https:\/\/www.gps-infostars.com\/es\/acerca-de-nosotros\/#primaryimage"},"image":{"@id":"https:\/\/www.gps-infostars.com\/es\/acerca-de-nosotros\/#primaryimage"},"thumbnailUrl":"https:\/\/www.gps-infostars.com\/es\/wp-content\/uploads\/sites\/3\/jetzt_header.jpg","datePublished":"2020-02-04T15:22:58+00:00","dateModified":"2024-12-11T08:48:24+00:00","description":"Seguimiento y dispositivos GPS para coches, camiones, ganado y mucho m\u00e1s, as\u00ed como cuadernos de bit\u00e1cora electr\u00f3nicos de GPS Infostars","breadcrumb":{"@id":"https:\/\/www.gps-infostars.com\/es\/acerca-de-nosotros\/#breadcrumb"},"inLanguage":"es","potentialAction":[{"@type":"ReadAction","target":["https:\/\/www.gps-infostars.com\/es\/acerca-de-nosotros\/"]}]},{"@type":"ImageObject","inLanguage":"es","@id":"https:\/\/www.gps-infostars.com\/es\/acerca-de-nosotros\/#primaryimage","url":"https:\/\/www.gps-infostars.com\/es\/wp-content\/uploads\/sites\/3\/jetzt_header.jpg","contentUrl":"https:\/\/www.gps-infostars.com\/es\/wp-content\/uploads\/sites\/3\/jetzt_header.jpg","width":2400,"height":417},{"@type":"BreadcrumbList","@id":"https:\/\/www.gps-infostars.com\/es\/acerca-de-nosotros\/#breadcrumb","itemListElement":[{"@type":"ListItem","position":1,"name":"Startseite","item":"https:\/\/www.gps-infostars.com\/es\/"},{"@type":"ListItem","position":2,"name":"Nosotros"}]},{"@type":"WebSite","@id":"https:\/\/www.gps-infostars.com\/es\/#website","url":"https:\/\/www.gps-infostars.com\/es\/","name":"INFOSTARS SOLUCIONES, S.L.","description":"Einfach, pr\u00e4zise &amp; zuverl\u00e4ssig.","publisher":{"@id":"https:\/\/www.gps-infostars.com\/es\/#organization"},"potentialAction":[{"@type":"SearchAction","target":{"@type":"EntryPoint","urlTemplate":"https:\/\/www.gps-infostars.com\/es\/?s={search_term_string}"},"query-input":{"@type":"PropertyValueSpecification","valueRequired":true,"valueName":"search_term_string"}}],"inLanguage":"es"},{"@type":"Organization","@id":"https:\/\/www.gps-infostars.com\/es\/#organization","name":"INFOSTARS SOLUCIONES, S.L.","url":"https:\/\/www.gps-infostars.com\/es\/","logo":{"@type":"ImageObject","inLanguage":"es","@id":"https:\/\/www.gps-infostars.com\/es\/#\/schema\/logo\/image\/","url":"https:\/\/www.gps-infostars.com\/es\/wp-content\/uploads\/sites\/3\/logo_infostars.png","contentUrl":"https:\/\/www.gps-infostars.com\/es\/wp-content\/uploads\/sites\/3\/logo_infostars.png","width":1125,"height":360,"caption":"INFOSTARS SOLUCIONES, S.L."},"image":{"@id":"https:\/\/www.gps-infostars.com\/es\/#\/schema\/logo\/image\/"}}]}},"_links":{"self":[{"href":"https:\/\/www.gps-infostars.com\/es\/wp-json\/wp\/v2\/pages\/34017","targetHints":{"allow":["GET"]}}],"collection":[{"href":"https:\/\/www.gps-infostars.com\/es\/wp-json\/wp\/v2\/pages"}],"about":[{"href":"https:\/\/www.gps-infostars.com\/es\/wp-json\/wp\/v2\/types\/page"}],"author":[{"embeddable":true,"href":"https:\/\/www.gps-infostars.com\/es\/wp-json\/wp\/v2\/users\/1"}],"replies":[{"embeddable":true,"href":"https:\/\/www.gps-infostars.com\/es\/wp-json\/wp\/v2\/comments?post=34017"}],"version-history":[{"count":72,"href":"https:\/\/www.gps-infostars.com\/es\/wp-json\/wp\/v2\/pages\/34017\/revisions"}],"predecessor-version":[{"id":53765,"href":"https:\/\/www.gps-infostars.com\/es\/wp-json\/wp\/v2\/pages\/34017\/revisions\/53765"}],"wp:attachment":[{"href":"https:\/\/www.gps-infostars.com\/es\/wp-json\/wp\/v2\/media?parent=34017"}],"curies":[{"name":"wp","href":"https:\/\/api.w.org\/{rel}","templated":true}]}}