{"id":34189,"date":"2022-01-26T21:02:20","date_gmt":"2022-01-26T20:02:20","guid":{"rendered":"http:\/\/dev2.gps-infostars.com\/beratung-kontakt\/kontaktformular\/"},"modified":"2024-12-10T13:45:44","modified_gmt":"2024-12-10T12:45:44","slug":"formulario-de-contacto","status":"publish","type":"page","link":"https:\/\/www.gps-infostars.com\/es\/asesoramiento-y-contacto\/formulario-de-contacto\/","title":{"rendered":"Formulario de contacto"},"content":{"rendered":"\t\t<div data-elementor-type=\"wp-page\" data-elementor-id=\"34189\" class=\"elementor elementor-34189 elementor-31079\" data-elementor-post-type=\"page\">\n\t\t\t\t\t\t<section class=\"elementor-section elementor-top-section elementor-element elementor-element-187a8a99 elementor-section-boxed elementor-section-height-default elementor-section-height-default\" data-id=\"187a8a99\" data-element_type=\"section\" data-e-type=\"section\">\n\t\t\t\t\t\t<div class=\"elementor-container elementor-column-gap-default\">\n\t\t\t\t\t<div class=\"elementor-column elementor-col-100 elementor-top-column elementor-element elementor-element-23bf824a\" data-id=\"23bf824a\" data-element_type=\"column\" data-e-type=\"column\">\n\t\t\t<div class=\"elementor-widget-wrap elementor-element-populated\">\n\t\t\t\t\t\t<div class=\"elementor-element elementor-element-7e008c5d elementor-widget elementor-widget-heading\" data-id=\"7e008c5d\" data-element_type=\"widget\" data-e-type=\"widget\" data-widget_type=\"heading.default\">\n\t\t\t\t<div class=\"elementor-widget-container\">\n\t\t\t\t\t<h2 class=\"elementor-heading-title elementor-size-default\">\u00bfTiene alguna pregunta? <\/h2>\t\t\t\t<\/div>\n\t\t\t\t<\/div>\n\t\t\t\t<div class=\"elementor-element elementor-element-2255acaf elementor-widget elementor-widget-heading\" data-id=\"2255acaf\" data-element_type=\"widget\" data-e-type=\"widget\" data-widget_type=\"heading.default\">\n\t\t\t\t<div class=\"elementor-widget-container\">\n\t\t\t\t\t<h1 class=\"elementor-heading-title elementor-size-default\">Formulario de contacto<\/h1>\t\t\t\t<\/div>\n\t\t\t\t<\/div>\n\t\t\t\t\t<\/div>\n\t\t<\/div>\n\t\t\t\t\t<\/div>\n\t\t<\/section>\n\t\t\t\t<section class=\"elementor-section elementor-top-section elementor-element elementor-element-29270c0e elementor-section-boxed elementor-section-height-default elementor-section-height-default\" data-id=\"29270c0e\" data-element_type=\"section\" data-e-type=\"section\">\n\t\t\t\t\t\t<div class=\"elementor-container elementor-column-gap-default\">\n\t\t\t\t\t<div class=\"elementor-column elementor-col-66 elementor-top-column elementor-element elementor-element-723a9291\" data-id=\"723a9291\" data-element_type=\"column\" data-e-type=\"column\">\n\t\t\t<div class=\"elementor-widget-wrap elementor-element-populated\">\n\t\t\t\t\t\t<div class=\"elementor-element elementor-element-17000a0 elementor-widget elementor-widget-text-editor\" data-id=\"17000a0\" data-element_type=\"widget\" data-e-type=\"widget\" data-widget_type=\"text-editor.default\">\n\t\t\t\t<div class=\"elementor-widget-container\">\n\t\t\t\t\t\t\t\t\t<p>\u00bfTiene alguna pregunta o necesita una oferta personalizada?<\/p><p>Estamos siempre disponibles para su solicitud y nos pondremos en contacto con usted inmediatamente. Env\u00edenos sus datos de contacto y estaremos encantados de llamarle.<\/p><p>Por favor, deje su direcci\u00f3n de correo electr\u00f3nico o n\u00famero de tel\u00e9fono para m\u00e1s informaci\u00f3n.<\/p><p>\n<div class=\"wpcf7 no-js\" id=\"wpcf7-f36612-o1\" lang=\"de-DE\" dir=\"ltr\" data-wpcf7-id=\"36612\">\n<div class=\"screen-reader-response\"><p role=\"status\" aria-live=\"polite\" aria-atomic=\"true\"><\/p> <ul><\/ul><\/div>\n<form action=\"\/es\/wp-json\/wp\/v2\/pages\/34189#wpcf7-f36612-o1\" method=\"post\" class=\"wpcf7-form init\" aria-label=\"Kontaktformular\" novalidate=\"novalidate\" data-status=\"init\">\n<fieldset class=\"hidden-fields-container\"><input type=\"hidden\" name=\"_wpcf7\" value=\"36612\" \/><input type=\"hidden\" name=\"_wpcf7_version\" value=\"6.1.5\" \/><input type=\"hidden\" name=\"_wpcf7_locale\" value=\"de_DE\" \/><input type=\"hidden\" name=\"_wpcf7_unit_tag\" value=\"wpcf7-f36612-o1\" \/><input type=\"hidden\" name=\"_wpcf7_container_post\" value=\"0\" \/><input type=\"hidden\" name=\"_wpcf7_posted_data_hash\" value=\"\" \/>\n<\/fieldset>\n<p><strong>\u00a0<span style=\"color: #0ad1e5;\">Nombre<\/span><\/strong>\n<\/p>\n<p><span class=\"wpcf7-form-control-wrap\" data-name=\"text-482\"><input size=\"40\" maxlength=\"400\" class=\"wpcf7-form-control wpcf7-text\" aria-invalid=\"false\" value=\"\" type=\"text\" name=\"text-482\" \/><\/span>\n<\/p>\n<p><strong><span style=\"color: #0ad1e5;\"> Usted est\u00e1 interesado en: <\/span><\/strong>\n<\/p>\n<p><span class=\"wpcf7-form-control-wrap\" data-name=\"checkbox-247\"><span class=\"wpcf7-form-control wpcf7-checkbox\"><span class=\"wpcf7-list-item first\"><label><input type=\"checkbox\" name=\"checkbox-247[]\" value=\"Informaci\u00f3n general sobre las soluciones de GPS de Infostars\" \/><span class=\"wpcf7-list-item-label\">Informaci\u00f3n general sobre las soluciones de GPS de Infostars<\/span><\/label><\/span><span class=\"wpcf7-list-item\"><label><input type=\"checkbox\" name=\"checkbox-247[]\" value=\"Seguimiento por GPS\" \/><span class=\"wpcf7-list-item-label\">Seguimiento por GPS<\/span><\/label><\/span><span class=\"wpcf7-list-item\"><label><input type=\"checkbox\" name=\"checkbox-247[]\" value=\"Seguimiento del ganado por GPS\" \/><span class=\"wpcf7-list-item-label\">Seguimiento del ganado por GPS<\/span><\/label><\/span><span class=\"wpcf7-list-item\"><label><input type=\"checkbox\" name=\"checkbox-247[]\" value=\"Protecci\u00f3n antirrobo por GPS\" \/><span class=\"wpcf7-list-item-label\">Protecci\u00f3n antirrobo por GPS<\/span><\/label><\/span><span class=\"wpcf7-list-item\"><label><input type=\"checkbox\" name=\"checkbox-247[]\" value=\"Registro de viajes GPS para la autoridad fiscal (distinguiendo entre uso personal y laboral)\" \/><span class=\"wpcf7-list-item-label\">Registro de viajes GPS para la autoridad fiscal (distinguiendo entre uso personal y laboral)<\/span><\/label><\/span><span class=\"wpcf7-list-item\"><label><input type=\"checkbox\" name=\"checkbox-247[]\" value=\"Libro de registro de viajes GPS para uso interno\" \/><span class=\"wpcf7-list-item-label\">Libro de registro de viajes GPS para uso interno<\/span><\/label><\/span><span class=\"wpcf7-list-item\"><label><input type=\"checkbox\" name=\"checkbox-247[]\" value=\"Flota de veh\u00edculos con GPS\" \/><span class=\"wpcf7-list-item-label\">Flota de veh\u00edculos con GPS<\/span><\/label><\/span><span class=\"wpcf7-list-item\"><label><input type=\"checkbox\" name=\"checkbox-247[]\" value=\"Soluciones espec\u00edficas para la industria\" \/><span class=\"wpcf7-list-item-label\">Soluciones espec\u00edficas para la industria<\/span><\/label><\/span><span class=\"wpcf7-list-item\"><label><input type=\"checkbox\" name=\"checkbox-247[]\" value=\"Rastreo de activos por GPS\" \/><span class=\"wpcf7-list-item-label\">Rastreo de activos por GPS<\/span><\/label><\/span><span class=\"wpcf7-list-item\"><label><input type=\"checkbox\" name=\"checkbox-247[]\" value=\"Desarrollo de estrategia GPS\" \/><span class=\"wpcf7-list-item-label\">Desarrollo de estrategia GPS<\/span><\/label><\/span><span class=\"wpcf7-list-item last\"><label><input type=\"checkbox\" name=\"checkbox-247[]\" value=\"Soluciones de balizas BLE de Infostars\" \/><span class=\"wpcf7-list-item-label\">Soluciones de balizas BLE de Infostars<\/span><\/label><\/span><\/span><\/span>\n<\/p>\n<p><strong><span style=\"color: #0ad1e5;\">\u00bfM\u00e1s informaci\u00f3n por correo electr\u00f3nico?<\/span><\/strong>\n<\/p>\n<p>Si desea recibir m\u00e1s informaci\u00f3n por correo electr\u00f3nico, por favor, d\u00e9jenos su direcci\u00f3n de correo electr\u00f3nico.<br \/>\nsu direcci\u00f3n de correo electr\u00f3nico:\n<\/p>\n<p><span class=\"wpcf7-form-control-wrap\" data-name=\"email-192\"><input size=\"40\" maxlength=\"400\" class=\"wpcf7-form-control wpcf7-email wpcf7-text wpcf7-validates-as-email\" aria-invalid=\"false\" value=\"\" type=\"email\" name=\"email-192\" \/><\/span>\n<\/p>\n<p><strong><span style=\"color: #0ad1e5;\">\u00bfM\u00e1s informaci\u00f3n por tel\u00e9fono?<\/span><\/strong>\n<\/p>\n<p>\u00bfDesea que le devolvamos la llamada? Deje su n\u00famero de tel\u00e9fono y le llamaremos inmediatamente.<br \/>\nsu n\u00famero de tel\u00e9fono:\n<\/p>\n<p><span class=\"wpcf7-form-control-wrap\" data-name=\"text-180\"><input size=\"40\" maxlength=\"400\" class=\"wpcf7-form-control wpcf7-text\" aria-invalid=\"false\" value=\"\" type=\"text\" name=\"text-180\" \/><\/span>\n<\/p>\n<p><strong><span style=\"color: #0ad1e5;\">\u00bfM\u00e1s informaci\u00f3n por correo postal?<\/span><\/strong>\n<\/p>\n<p>\u00bfDesea recibir m\u00e1s informaci\u00f3n por correo postal?<br \/>\nPor favor, deje su direcci\u00f3n:\n<\/p>\n<p><span class=\"wpcf7-form-control-wrap\" data-name=\"textarea-952\"><textarea cols=\"40\" rows=\"6\" maxlength=\"2000\" class=\"wpcf7-form-control wpcf7-textarea\" aria-invalid=\"false\" name=\"textarea-952\"><\/textarea><\/span>\n<\/p>\n<p><strong>Si desea proporcionarnos m\u00e1s informaci\u00f3n, indicaciones o detallar su consulta, por favor, d\u00e9jenos tambi\u00e9n un mensaje adicional:<\/strong>\n<\/p>\n<p><span class=\"wpcf7-form-control-wrap\" data-name=\"textarea-96\"><textarea cols=\"40\" rows=\"10\" maxlength=\"2000\" class=\"wpcf7-form-control wpcf7-textarea\" aria-invalid=\"false\" name=\"textarea-96\"><\/textarea><\/span>\n<\/p>\n[honeypot honeypot-494][honeypot honeypot-494][honeypot honeypot-494]\n<span class=\"wpcf7-form-control-wrap kc_captcha\" data-name=\"kc_captcha\"><span class=\"wpcf7-form-control wpcf7-radio\"><span class=\"captcha-image\" ><span class=\"cf7ic_instructions\">Bitte beweise, dass du kein Spambot bist und w\u00e4hle das Symbol<span> Tasse<\/span>.<\/span><label><input aria-label=\"1\" type=\"radio\" name=\"kc_captcha\" value=\"bot\" \/><svg aria-hidden=\"true\" role=\"img\" xmlns=\"http:\/\/www.w3.org\/2000\/svg\" viewBox=\"0 0 576 512\"><path fill=\"currentColor\" d=\"M488 313v143c0 13-11 24-24 24H348c-7 0-12-5-12-12V356c0-7-5-12-12-12h-72c-7 0-12 5-12 12v112c0 7-5 12-12 12H112c-13 0-24-11-24-24V313c0-4 2-7 4-10l188-154c5-4 11-4 16 0l188 154c2 3 4 6 4 10zm84-61l-84-69V44c0-6-5-12-12-12h-56c-7 0-12 6-12 12v73l-89-74a48 48 0 00-61 0L4 252c-5 4-5 12-1 17l25 31c5 5 12 5 17 1l235-193c5-4 11-4 16 0l235 193c5 5 13 4 17-1l25-31c4-6 4-13-1-17z\"\/><\/svg><\/label><label><input aria-label=\"2\" type=\"radio\" name=\"kc_captcha\" value=\"bot\" \/><svg aria-hidden=\"true\" role=\"img\" xmlns=\"http:\/\/www.w3.org\/2000\/svg\" viewBox=\"0 0 512 512\"><path fill=\"currentColor\" d=\"M500 168h-55l-8-21a127 127 0 00-120-83H195a127 127 0 00-120 83l-8 21H12c-8 0-14 8-11 16l8 24a12 12 0 0011 8h29a64 64 0 00-33 56v48c0 16 6 31 16 42v62c0 13 11 24 24 24h48c13 0 24-11 24-24v-40h256v40c0 13 11 24 24 24h48c13 0 24-11 24-24v-62c10-11 16-26 16-42v-48c0-24-13-45-33-56h29a12 12 0 0011-8l8-24c3-8-3-16-11-16zm-365 2c9-25 33-42 60-42h122c27 0 51 17 60 42l15 38H120l15-38zM88 328a32 32 0 010-64c18 0 48 30 48 48s-30 16-48 16zm336 0c-18 0-48 2-48-16s30-48 48-48 32 14 32 32-14 32-32 32z\"\/><\/svg><\/label><label><input aria-label=\"3\" type=\"radio\" name=\"kc_captcha\" value=\"kc_human\" \/><svg aria-hidden=\"true\" role=\"img\" xmlns=\"http:\/\/www.w3.org\/2000\/svg\" viewBox=\"0 0 640 512\"><path fill=\"currentColor\" d=\"M192 384h192c53 0 96-43 96-96h32a128 128 0 000-256H120c-13 0-24 11-24 24v232c0 53 43 96 96 96zM512 96a64 64 0 010 128h-32V96h32zm48 384H48c-47 0-61-64-36-64h584c25 0 11 64-36 64z\"\/><\/svg><\/label>\r\n    <\/span>\r\n    <span style=\"display:none\">\r\n        <input type=\"text\" name=\"kc_honeypot\">\r\n    <\/span><\/span><\/span><br \/>\n<div class=\"wpcf7-response-output\" aria-hidden=\"true\"><\/div>\n<\/p>\n<p><input class=\"wpcf7-form-control wpcf7-submit has-spinner\" type=\"submit\" value=\"Enviar\" \/>\n<\/p>\n<\/form>\n<\/div>\n<\/p>\t\t\t\t\t\t\t\t<\/div>\n\t\t\t\t<\/div>\n\t\t\t\t\t<\/div>\n\t\t<\/div>\n\t\t\t\t<div class=\"elementor-column elementor-col-33 elementor-top-column elementor-element elementor-element-7b1e291c\" data-id=\"7b1e291c\" data-element_type=\"column\" data-e-type=\"column\">\n\t\t\t<div class=\"elementor-widget-wrap elementor-element-populated\">\n\t\t\t\t\t\t<div class=\"elementor-element elementor-element-28567ee8 elementor-widget elementor-widget-text-editor\" data-id=\"28567ee8\" data-element_type=\"widget\" data-e-type=\"widget\" data-widget_type=\"text-editor.default\">\n\t\t\t\t<div class=\"elementor-widget-container\">\n\t\t\t\t\t\t\t\t\t<h3 style=\"font-style: normal; font-variant-ligatures: normal; font-variant-caps: normal; text-transform: none; letter-spacing: normal; word-spacing: 0px; text-decoration-thickness: initial; text-decoration-style: initial; text-decoration-color: initial;\">Nuestros asesores tambi\u00e9n est\u00e1n disponibles para atenderle personalmente.<\/h3><p style=\"font-style: normal; font-variant-ligatures: normal; font-variant-caps: normal; text-transform: none; letter-spacing: normal; word-spacing: 0px; text-decoration-thickness: initial; text-decoration-style: initial; text-decoration-color: initial;\">P\u00f3ngase en contacto con nosotros a trav\u00e9s de la l\u00ednea telef\u00f3nica<\/p><h2 style=\"font-style: normal; font-variant-ligatures: normal; font-variant-caps: normal; text-transform: none; letter-spacing: normal; word-spacing: 0px; text-decoration-thickness: initial; text-decoration-style: initial; text-decoration-color: initial;\">(+34) 913 352 493\u00a0<\/h2><p style=\"font-style: normal; font-variant-ligatures: normal; font-variant-caps: normal; text-transform: none; letter-spacing: normal; word-spacing: 0px; text-decoration-thickness: initial; text-decoration-style: initial; text-decoration-color: initial;\">De lunes a viernes en el horario<br \/>de 9.00 a 18.00 horas<\/p><p style=\"color: #545657;\">\u00a0<\/p>\t\t\t\t\t\t\t\t<\/div>\n\t\t\t\t<\/div>\n\t\t\t\t\t<\/div>\n\t\t<\/div>\n\t\t\t\t\t<\/div>\n\t\t<\/section>\n\t\t\t\t<section class=\"elementor-section elementor-top-section elementor-element elementor-element-3acb04d1 elementor-section-boxed elementor-section-height-default elementor-section-height-default\" data-id=\"3acb04d1\" data-element_type=\"section\" data-e-type=\"section\">\n\t\t\t\t\t\t<div class=\"elementor-container elementor-column-gap-default\">\n\t\t\t\t\t<div class=\"elementor-column elementor-col-100 elementor-top-column elementor-element elementor-element-800505b\" data-id=\"800505b\" data-element_type=\"column\" data-e-type=\"column\">\n\t\t\t<div class=\"elementor-widget-wrap\">\n\t\t\t\t\t\t\t<\/div>\n\t\t<\/div>\n\t\t\t\t\t<\/div>\n\t\t<\/section>\n\t\t\t\t<section class=\"elementor-section elementor-top-section elementor-element elementor-element-d77281f elementor-section-boxed elementor-section-height-default elementor-section-height-default\" data-id=\"d77281f\" data-element_type=\"section\" data-e-type=\"section\">\n\t\t\t\t\t\t<div class=\"elementor-container elementor-column-gap-default\">\n\t\t\t\t\t<div class=\"elementor-column elementor-col-100 elementor-top-column elementor-element elementor-element-7d79dba\" data-id=\"7d79dba\" data-element_type=\"column\" data-e-type=\"column\">\n\t\t\t<div class=\"elementor-widget-wrap elementor-element-populated\">\n\t\t\t\t\t\t<div class=\"elementor-element elementor-element-25849c0 elementor-widget elementor-widget-button\" data-id=\"25849c0\" data-element_type=\"widget\" data-e-type=\"widget\" data-widget_type=\"button.default\">\n\t\t\t\t<div class=\"elementor-widget-container\">\n\t\t\t\t\t\t\t\t\t<div class=\"elementor-button-wrapper\">\n\t\t\t\t\t<a class=\"elementor-button elementor-button-link elementor-size-sm\" href=\"#\">\n\t\t\t\t\t\t<span class=\"elementor-button-content-wrapper\">\n\t\t\t\t\t\t\t\t\t<span class=\"elementor-button-text\">Haz clic aqu\u00ed<\/span>\n\t\t\t\t\t<\/span>\n\t\t\t\t\t<\/a>\n\t\t\t\t<\/div>\n\t\t\t\t\t\t\t\t<\/div>\n\t\t\t\t<\/div>\n\t\t\t\t\t<\/div>\n\t\t<\/div>\n\t\t\t\t\t<\/div>\n\t\t<\/section>\n\t\t\t\t<\/div>\n\t\t","protected":false},"excerpt":{"rendered":"<p>\u00bfTiene alguna pregunta? Formulario de contacto \u00bfTiene alguna pregunta o necesita una oferta personalizada? Estamos siempre disponibles para su solicitud y nos pondremos en contacto con usted inmediatamente. Env\u00edenos sus datos de contacto y estaremos encantados de llamarle. Por favor, deje su direcci\u00f3n de correo electr\u00f3nico o n\u00famero de tel\u00e9fono para m\u00e1s informaci\u00f3n. Nuestros asesores&hellip;<\/p>\n","protected":false},"author":1,"featured_media":0,"parent":34020,"menu_order":0,"comment_status":"closed","ping_status":"closed","template":"","meta":{"inline_featured_image":false,"footnotes":""},"class_list":["post-34189","page","type-page","status-publish","hentry"],"yoast_head":"<!-- This site is optimized with the Yoast SEO plugin v27.4 - https:\/\/yoast.com\/product\/yoast-seo-wordpress\/ -->\n<title>Formulario de contacto - INFOSTARS SOLUCIONES, S.L.<\/title>\n<meta name=\"description\" content=\"Seguimiento GPS y dispositivos GPS para coches, camiones, ganado y mucho m\u00e1s, as\u00ed como cuadernos de bit\u00e1cora electr\u00f3nicos de GPS Infostars\" \/>\n<meta name=\"robots\" content=\"index, follow, max-snippet:-1, max-image-preview:large, max-video-preview:-1\" \/>\n<link rel=\"canonical\" href=\"https:\/\/www.gps-infostars.com\/es\/asesoramiento-y-contacto\/formulario-de-contacto\/\" \/>\n<meta property=\"og:locale\" content=\"es_ES\" \/>\n<meta property=\"og:type\" content=\"article\" \/>\n<meta property=\"og:title\" content=\"Formulario de contacto - INFOSTARS SOLUCIONES, S.L.\" \/>\n<meta property=\"og:description\" content=\"Seguimiento GPS y dispositivos GPS para coches, camiones, ganado y mucho m\u00e1s, as\u00ed como cuadernos de bit\u00e1cora electr\u00f3nicos de GPS Infostars\" \/>\n<meta property=\"og:url\" content=\"https:\/\/www.gps-infostars.com\/es\/asesoramiento-y-contacto\/formulario-de-contacto\/\" \/>\n<meta property=\"og:site_name\" content=\"INFOSTARS SOLUCIONES, S.L.\" \/>\n<meta property=\"article:modified_time\" content=\"2024-12-10T12:45:44+00:00\" \/>\n<meta name=\"twitter:card\" content=\"summary_large_image\" \/>\n<meta name=\"twitter:label1\" content=\"Tiempo de lectura\" \/>\n\t<meta name=\"twitter:data1\" content=\"1 minuto\" \/>\n<script type=\"application\/ld+json\" class=\"yoast-schema-graph\">{\"@context\":\"https:\\\/\\\/schema.org\",\"@graph\":[{\"@type\":\"WebPage\",\"@id\":\"https:\\\/\\\/www.gps-infostars.com\\\/es\\\/asesoramiento-y-contacto\\\/formulario-de-contacto\\\/\",\"url\":\"https:\\\/\\\/www.gps-infostars.com\\\/es\\\/asesoramiento-y-contacto\\\/formulario-de-contacto\\\/\",\"name\":\"Formulario de contacto - INFOSTARS SOLUCIONES, S.L.\",\"isPartOf\":{\"@id\":\"https:\\\/\\\/www.gps-infostars.com\\\/es\\\/#website\"},\"datePublished\":\"2022-01-26T20:02:20+00:00\",\"dateModified\":\"2024-12-10T12:45:44+00:00\",\"description\":\"Seguimiento GPS y dispositivos GPS para coches, camiones, ganado y mucho m\u00e1s, as\u00ed como cuadernos de bit\u00e1cora electr\u00f3nicos de GPS Infostars\",\"breadcrumb\":{\"@id\":\"https:\\\/\\\/www.gps-infostars.com\\\/es\\\/asesoramiento-y-contacto\\\/formulario-de-contacto\\\/#breadcrumb\"},\"inLanguage\":\"es\",\"potentialAction\":[{\"@type\":\"ReadAction\",\"target\":[\"https:\\\/\\\/www.gps-infostars.com\\\/es\\\/asesoramiento-y-contacto\\\/formulario-de-contacto\\\/\"]}]},{\"@type\":\"BreadcrumbList\",\"@id\":\"https:\\\/\\\/www.gps-infostars.com\\\/es\\\/asesoramiento-y-contacto\\\/formulario-de-contacto\\\/#breadcrumb\",\"itemListElement\":[{\"@type\":\"ListItem\",\"position\":1,\"name\":\"Startseite\",\"item\":\"https:\\\/\\\/www.gps-infostars.com\\\/es\\\/\"},{\"@type\":\"ListItem\",\"position\":2,\"name\":\"Contacto\",\"item\":\"https:\\\/\\\/www.gps-infostars.com\\\/es\\\/asesoramiento-y-contacto\\\/\"},{\"@type\":\"ListItem\",\"position\":3,\"name\":\"Formulario de contacto\"}]},{\"@type\":\"WebSite\",\"@id\":\"https:\\\/\\\/www.gps-infostars.com\\\/es\\\/#website\",\"url\":\"https:\\\/\\\/www.gps-infostars.com\\\/es\\\/\",\"name\":\"INFOSTARS SOLUCIONES, S.L.\",\"description\":\"Einfach, pr\u00e4zise &amp; zuverl\u00e4ssig.\",\"publisher\":{\"@id\":\"https:\\\/\\\/www.gps-infostars.com\\\/es\\\/#organization\"},\"potentialAction\":[{\"@type\":\"SearchAction\",\"target\":{\"@type\":\"EntryPoint\",\"urlTemplate\":\"https:\\\/\\\/www.gps-infostars.com\\\/es\\\/?s={search_term_string}\"},\"query-input\":{\"@type\":\"PropertyValueSpecification\",\"valueRequired\":true,\"valueName\":\"search_term_string\"}}],\"inLanguage\":\"es\"},{\"@type\":\"Organization\",\"@id\":\"https:\\\/\\\/www.gps-infostars.com\\\/es\\\/#organization\",\"name\":\"INFOSTARS SOLUCIONES, S.L.\",\"url\":\"https:\\\/\\\/www.gps-infostars.com\\\/es\\\/\",\"logo\":{\"@type\":\"ImageObject\",\"inLanguage\":\"es\",\"@id\":\"https:\\\/\\\/www.gps-infostars.com\\\/es\\\/#\\\/schema\\\/logo\\\/image\\\/\",\"url\":\"https:\\\/\\\/www.gps-infostars.com\\\/es\\\/wp-content\\\/uploads\\\/sites\\\/3\\\/logo_infostars.png\",\"contentUrl\":\"https:\\\/\\\/www.gps-infostars.com\\\/es\\\/wp-content\\\/uploads\\\/sites\\\/3\\\/logo_infostars.png\",\"width\":1125,\"height\":360,\"caption\":\"INFOSTARS SOLUCIONES, S.L.\"},\"image\":{\"@id\":\"https:\\\/\\\/www.gps-infostars.com\\\/es\\\/#\\\/schema\\\/logo\\\/image\\\/\"}}]}<\/script>\n<!-- \/ Yoast SEO plugin. -->","yoast_head_json":{"title":"Formulario de contacto - INFOSTARS SOLUCIONES, S.L.","description":"Seguimiento GPS y dispositivos GPS para coches, camiones, ganado y mucho m\u00e1s, as\u00ed como cuadernos de bit\u00e1cora electr\u00f3nicos de GPS Infostars","robots":{"index":"index","follow":"follow","max-snippet":"max-snippet:-1","max-image-preview":"max-image-preview:large","max-video-preview":"max-video-preview:-1"},"canonical":"https:\/\/www.gps-infostars.com\/es\/asesoramiento-y-contacto\/formulario-de-contacto\/","og_locale":"es_ES","og_type":"article","og_title":"Formulario de contacto - INFOSTARS SOLUCIONES, S.L.","og_description":"Seguimiento GPS y dispositivos GPS para coches, camiones, ganado y mucho m\u00e1s, as\u00ed como cuadernos de bit\u00e1cora electr\u00f3nicos de GPS Infostars","og_url":"https:\/\/www.gps-infostars.com\/es\/asesoramiento-y-contacto\/formulario-de-contacto\/","og_site_name":"INFOSTARS SOLUCIONES, S.L.","article_modified_time":"2024-12-10T12:45:44+00:00","twitter_card":"summary_large_image","twitter_misc":{"Tiempo de lectura":"1 minuto"},"schema":{"@context":"https:\/\/schema.org","@graph":[{"@type":"WebPage","@id":"https:\/\/www.gps-infostars.com\/es\/asesoramiento-y-contacto\/formulario-de-contacto\/","url":"https:\/\/www.gps-infostars.com\/es\/asesoramiento-y-contacto\/formulario-de-contacto\/","name":"Formulario de contacto - INFOSTARS SOLUCIONES, S.L.","isPartOf":{"@id":"https:\/\/www.gps-infostars.com\/es\/#website"},"datePublished":"2022-01-26T20:02:20+00:00","dateModified":"2024-12-10T12:45:44+00:00","description":"Seguimiento GPS y dispositivos GPS para coches, camiones, ganado y mucho m\u00e1s, as\u00ed como cuadernos de bit\u00e1cora electr\u00f3nicos de GPS Infostars","breadcrumb":{"@id":"https:\/\/www.gps-infostars.com\/es\/asesoramiento-y-contacto\/formulario-de-contacto\/#breadcrumb"},"inLanguage":"es","potentialAction":[{"@type":"ReadAction","target":["https:\/\/www.gps-infostars.com\/es\/asesoramiento-y-contacto\/formulario-de-contacto\/"]}]},{"@type":"BreadcrumbList","@id":"https:\/\/www.gps-infostars.com\/es\/asesoramiento-y-contacto\/formulario-de-contacto\/#breadcrumb","itemListElement":[{"@type":"ListItem","position":1,"name":"Startseite","item":"https:\/\/www.gps-infostars.com\/es\/"},{"@type":"ListItem","position":2,"name":"Contacto","item":"https:\/\/www.gps-infostars.com\/es\/asesoramiento-y-contacto\/"},{"@type":"ListItem","position":3,"name":"Formulario de contacto"}]},{"@type":"WebSite","@id":"https:\/\/www.gps-infostars.com\/es\/#website","url":"https:\/\/www.gps-infostars.com\/es\/","name":"INFOSTARS SOLUCIONES, S.L.","description":"Einfach, pr\u00e4zise &amp; zuverl\u00e4ssig.","publisher":{"@id":"https:\/\/www.gps-infostars.com\/es\/#organization"},"potentialAction":[{"@type":"SearchAction","target":{"@type":"EntryPoint","urlTemplate":"https:\/\/www.gps-infostars.com\/es\/?s={search_term_string}"},"query-input":{"@type":"PropertyValueSpecification","valueRequired":true,"valueName":"search_term_string"}}],"inLanguage":"es"},{"@type":"Organization","@id":"https:\/\/www.gps-infostars.com\/es\/#organization","name":"INFOSTARS SOLUCIONES, S.L.","url":"https:\/\/www.gps-infostars.com\/es\/","logo":{"@type":"ImageObject","inLanguage":"es","@id":"https:\/\/www.gps-infostars.com\/es\/#\/schema\/logo\/image\/","url":"https:\/\/www.gps-infostars.com\/es\/wp-content\/uploads\/sites\/3\/logo_infostars.png","contentUrl":"https:\/\/www.gps-infostars.com\/es\/wp-content\/uploads\/sites\/3\/logo_infostars.png","width":1125,"height":360,"caption":"INFOSTARS SOLUCIONES, S.L."},"image":{"@id":"https:\/\/www.gps-infostars.com\/es\/#\/schema\/logo\/image\/"}}]}},"_links":{"self":[{"href":"https:\/\/www.gps-infostars.com\/es\/wp-json\/wp\/v2\/pages\/34189","targetHints":{"allow":["GET"]}}],"collection":[{"href":"https:\/\/www.gps-infostars.com\/es\/wp-json\/wp\/v2\/pages"}],"about":[{"href":"https:\/\/www.gps-infostars.com\/es\/wp-json\/wp\/v2\/types\/page"}],"author":[{"embeddable":true,"href":"https:\/\/www.gps-infostars.com\/es\/wp-json\/wp\/v2\/users\/1"}],"replies":[{"embeddable":true,"href":"https:\/\/www.gps-infostars.com\/es\/wp-json\/wp\/v2\/comments?post=34189"}],"version-history":[{"count":45,"href":"https:\/\/www.gps-infostars.com\/es\/wp-json\/wp\/v2\/pages\/34189\/revisions"}],"predecessor-version":[{"id":53741,"href":"https:\/\/www.gps-infostars.com\/es\/wp-json\/wp\/v2\/pages\/34189\/revisions\/53741"}],"up":[{"embeddable":true,"href":"https:\/\/www.gps-infostars.com\/es\/wp-json\/wp\/v2\/pages\/34020"}],"wp:attachment":[{"href":"https:\/\/www.gps-infostars.com\/es\/wp-json\/wp\/v2\/media?parent=34189"}],"curies":[{"name":"wp","href":"https:\/\/api.w.org\/{rel}","templated":true}]}}