{"id":34206,"date":"2022-01-26T20:45:08","date_gmt":"2022-01-26T19:45:08","guid":{"rendered":"http:\/\/dev2.gps-infostars.com\/services-produkte\/ddd-remote-download\/"},"modified":"2024-12-11T10:18:13","modified_gmt":"2024-12-11T09:18:13","slug":"ddd-lectura-del-tacografo-a-distancia","status":"publish","type":"page","link":"https:\/\/www.gps-infostars.com\/es\/servicios-y-productos\/ddd-lectura-del-tacografo-a-distancia\/","title":{"rendered":"DDD Lectura del tac\u00f3grafo a distancia"},"content":{"rendered":"\t\t<div data-elementor-type=\"wp-page\" data-elementor-id=\"34206\" class=\"elementor elementor-34206 elementor-31049\" data-elementor-post-type=\"page\">\n\t\t\t\t\t\t<section class=\"elementor-section elementor-top-section elementor-element elementor-element-e605f02 elementor-section-boxed elementor-section-height-default elementor-section-height-default\" data-id=\"e605f02\" data-element_type=\"section\" data-e-type=\"section\">\n\t\t\t\t\t\t<div class=\"elementor-container elementor-column-gap-default\">\n\t\t\t\t\t<div class=\"elementor-column elementor-col-100 elementor-top-column elementor-element elementor-element-73dc78ab\" data-id=\"73dc78ab\" data-element_type=\"column\" data-e-type=\"column\">\n\t\t\t<div class=\"elementor-widget-wrap elementor-element-populated\">\n\t\t\t\t\t\t<div class=\"elementor-element elementor-element-3c345e85 elementor-widget elementor-widget-heading\" data-id=\"3c345e85\" data-element_type=\"widget\" data-e-type=\"widget\" data-widget_type=\"heading.default\">\n\t\t\t\t<div class=\"elementor-widget-container\">\n\t\t\t\t\t<h2 class=\"elementor-heading-title elementor-size-default\">Descarga remota\nautom\u00e1tica de DDD<\/h2>\t\t\t\t<\/div>\n\t\t\t\t<\/div>\n\t\t\t\t<div class=\"elementor-element elementor-element-2c3f2a22 elementor-widget elementor-widget-heading\" data-id=\"2c3f2a22\" data-element_type=\"widget\" data-e-type=\"widget\" data-widget_type=\"heading.default\">\n\t\t\t\t<div class=\"elementor-widget-container\">\n\t\t\t\t\t<h1 class=\"elementor-heading-title elementor-size-default\">Lectura del tac\u00f3grafo electr\u00f3nico\n<\/h1>\t\t\t\t<\/div>\n\t\t\t\t<\/div>\n\t\t\t\t<div class=\"elementor-element elementor-element-215d47e elementor-widget elementor-widget-image\" data-id=\"215d47e\" data-element_type=\"widget\" data-e-type=\"widget\" data-widget_type=\"image.default\">\n\t\t\t\t<div class=\"elementor-widget-container\">\n\t\t\t\t\t\t\t\t\t\t\t\t\t\t\t<img fetchpriority=\"high\" decoding=\"async\" width=\"1200\" height=\"209\" src=\"https:\/\/www.gps-infostars.com\/es\/wp-content\/uploads\/sites\/3\/tachograph_header-2400x417.jpg\" class=\"attachment-large size-large wp-image-33844\" alt=\"\" srcset=\"https:\/\/www.gps-infostars.com\/es\/wp-content\/uploads\/sites\/3\/tachograph_header-2400x417.jpg 2400w, https:\/\/www.gps-infostars.com\/es\/wp-content\/uploads\/sites\/3\/tachograph_header-800x139.jpg 800w, https:\/\/www.gps-infostars.com\/es\/wp-content\/uploads\/sites\/3\/tachograph_header-600x104.jpg 600w, https:\/\/www.gps-infostars.com\/es\/wp-content\/uploads\/sites\/3\/tachograph_header-768x133.jpg 768w, https:\/\/www.gps-infostars.com\/es\/wp-content\/uploads\/sites\/3\/tachograph_header-1536x267.jpg 1536w, https:\/\/www.gps-infostars.com\/es\/wp-content\/uploads\/sites\/3\/tachograph_header-2048x356.jpg 2048w\" sizes=\"(max-width: 1200px) 100vw, 1200px\" \/>\t\t\t\t\t\t\t\t\t\t\t\t\t\t\t<\/div>\n\t\t\t\t<\/div>\n\t\t\t\t\t<\/div>\n\t\t<\/div>\n\t\t\t\t\t<\/div>\n\t\t<\/section>\n\t\t\t\t<section class=\"elementor-section elementor-top-section elementor-element elementor-element-308c7822 elementor-section-boxed elementor-section-height-default elementor-section-height-default\" data-id=\"308c7822\" data-element_type=\"section\" data-e-type=\"section\">\n\t\t\t\t\t\t<div class=\"elementor-container elementor-column-gap-default\">\n\t\t\t\t\t<div class=\"elementor-column elementor-col-66 elementor-top-column elementor-element elementor-element-62e808f\" data-id=\"62e808f\" data-element_type=\"column\" data-e-type=\"column\">\n\t\t\t<div class=\"elementor-widget-wrap elementor-element-populated\">\n\t\t\t\t\t\t<div class=\"elementor-element elementor-element-5034b7fc elementor-widget elementor-widget-text-editor\" data-id=\"5034b7fc\" data-element_type=\"widget\" data-e-type=\"widget\" data-widget_type=\"text-editor.default\">\n\t\t\t\t<div class=\"elementor-widget-container\">\n\t\t\t\t\t\t\t\t\t<p class=\"p1\">En el caso de los camiones y autobuses, la memoria de masa del tac\u00f3grafo electr\u00f3nico, as\u00ed como la tarjeta del conductor, deben leerse regularmente. Con la soluci\u00f3n de Infostars, puede hacerlo desde la comodidad de su oficina, sin tener que ir f\u00edsicamente al cami\u00f3n o al autob\u00fas.<\/p><h3>Sin lector USB<\/h3><p class=\"p1\">Las exigencias del legislador son cada vez mayores. Con nuestras soluciones, le apoyamos para que apenas pierda tiempo en las tareas administrativas que debe cumplir seg\u00fan la ley.<\/p><p><span style=\"color: #e1710f;\">\u2192<\/span> Compatible con VDO y Stoneridge<\/p><p><span style=\"color: #e1710f;\">\u2192 <\/span>Econ\u00f3mico<\/p><p><span style=\"color: #e1710f;\">\u2192 <\/span>Optimizaci\u00f3n de las rutas de conducci\u00f3n<\/p><p><span style=\"color: #e1710f;\">\u2192 <\/span>DDD Descarga desde la oficina<\/p><p><span style=\"color: #e1710f;\">\u2192 <\/span>Lectura autom\u00e1tica de la tarjeta de conductor y de la memoria de masa del tac\u00f3grafo<\/p><h3>Otras ventajas<\/h3><div><div>Puede ampliar la funcionalidad de descarga de DDD en cualquier momento con funciones adicionales como la localizaci\u00f3n en vivo, la herramienta de mantenimiento, la evaluaci\u00f3n autom\u00e1tica de dep\u00f3sitos o el libro de registro de conductores. Adem\u00e1s de la posici\u00f3n actual, tambi\u00e9n tiene acceso a informaci\u00f3n adicional como la velocidad del veh\u00edculo, la direcci\u00f3n actual, si la gr\u00faa est\u00e1 encendida, la temperatura del compartimento de carga o cu\u00e1ntos litros hay en el dep\u00f3sito, todo ello en tiempo real.<\/div><div>\u00a0<\/div><\/div>\t\t\t\t\t\t\t\t<\/div>\n\t\t\t\t<\/div>\n\t\t\t\t<div class=\"elementor-element elementor-element-32d26d5a elementor-widget elementor-widget-text-editor\" data-id=\"32d26d5a\" data-element_type=\"widget\" data-e-type=\"widget\" data-widget_type=\"text-editor.default\">\n\t\t\t\t<div class=\"elementor-widget-container\">\n\t\t\t\t\t\t\t\t\t<h3 style=\"font-style: normal; font-variant-ligatures: normal; font-variant-caps: normal; text-transform: none; letter-spacing: normal; word-spacing: 0px; text-decoration-thickness: initial; text-decoration-style: initial; text-decoration-color: initial;\">\u00bfTiene alguna pregunta?<\/h3><p>Nuestros asesores est\u00e1n siempre a su disposici\u00f3n. P\u00f3ngase en contacto con nosotros:<\/p><p>L\u00ednea de atenci\u00f3n telef\u00f3nica (+34) 913 352 493 (de lunes a viernes, de 9 a 18 horas).<\/p><p style=\"color: #545657;\"><span style=\"letter-spacing: 0.32px; text-transform: var(--the7-base-text-transform); word-spacing: normal;\">Env\u00ede un correo electr\u00f3nico a <\/span><a href=\"&#109;&#x61;i&#x6c;t&#111;&#x3a;&#111;&#x66;i&#99;&#x69;&#110;&#x61;&#64;&#x67;&#x70;&#115;&#x2d;i&#x6e;f&#111;&#x73;&#116;&#x61;r&#115;&#x2e;&#99;&#x6f;m\">oficin&#97;&#64;&#103;&#112;&#115;&#45;&#105;&#x6e;&#x66;&#x6f;&#x73;&#x74;&#x61;&#x72;&#x73;&#x2e;&#x63;&#x6f;&#x6d; <\/a>o utilice nuestro <a href=\"https:\/\/www.gps-infostars.com\/es\/asesoramiento-y-contacto\/formulario-de-contacto\/\">\u2192 formulario de contacto<\/a><\/p>\t\t\t\t\t\t\t\t<\/div>\n\t\t\t\t<\/div>\n\t\t\t\t\t<\/div>\n\t\t<\/div>\n\t\t\t\t<div class=\"elementor-column elementor-col-33 elementor-top-column elementor-element elementor-element-443fa8af\" data-id=\"443fa8af\" data-element_type=\"column\" data-e-type=\"column\">\n\t\t\t<div class=\"elementor-widget-wrap elementor-element-populated\">\n\t\t\t\t\t\t<div class=\"elementor-element elementor-element-7e4e309b elementor-widget elementor-widget-heading\" data-id=\"7e4e309b\" data-element_type=\"widget\" data-e-type=\"widget\" data-widget_type=\"heading.default\">\n\t\t\t\t<div class=\"elementor-widget-container\">\n\t\t\t\t\t<h3 class=\"elementor-heading-title elementor-size-default\">Nuestro producto<\/h3>\t\t\t\t<\/div>\n\t\t\t\t<\/div>\n\t\t\t\t<section class=\"elementor-section elementor-inner-section elementor-element elementor-element-17d64ac4 elementor-section-boxed elementor-section-height-default elementor-section-height-default\" data-id=\"17d64ac4\" data-element_type=\"section\" data-e-type=\"section\">\n\t\t\t\t\t\t<div class=\"elementor-container elementor-column-gap-default\">\n\t\t\t\t\t<div class=\"elementor-column elementor-col-100 elementor-inner-column elementor-element elementor-element-572f8b16\" data-id=\"572f8b16\" data-element_type=\"column\" data-e-type=\"column\">\n\t\t\t<div class=\"elementor-widget-wrap elementor-element-populated\">\n\t\t\t\t\t\t<div class=\"elementor-element elementor-element-63dc258e elementor-widget elementor-widget-image\" data-id=\"63dc258e\" data-element_type=\"widget\" data-e-type=\"widget\" data-widget_type=\"image.default\">\n\t\t\t\t<div class=\"elementor-widget-container\">\n\t\t\t\t\t\t\t\t\t\t\t\t\t\t\t<img decoding=\"async\" width=\"1200\" height=\"923\" src=\"https:\/\/www.gps-infostars.com\/es\/wp-content\/uploads\/sites\/3\/gps_infostars_ddd_tacho_es-2400x1846.jpg\" class=\"attachment-large size-large wp-image-42663\" alt=\"\" srcset=\"https:\/\/www.gps-infostars.com\/es\/wp-content\/uploads\/sites\/3\/gps_infostars_ddd_tacho_es-2400x1846.jpg 2400w, https:\/\/www.gps-infostars.com\/es\/wp-content\/uploads\/sites\/3\/gps_infostars_ddd_tacho_es-scaled-800x615.jpg 800w, https:\/\/www.gps-infostars.com\/es\/wp-content\/uploads\/sites\/3\/gps_infostars_ddd_tacho_es-600x462.jpg 600w, https:\/\/www.gps-infostars.com\/es\/wp-content\/uploads\/sites\/3\/gps_infostars_ddd_tacho_es-768x591.jpg 768w, https:\/\/www.gps-infostars.com\/es\/wp-content\/uploads\/sites\/3\/gps_infostars_ddd_tacho_es-1536x1182.jpg 1536w, https:\/\/www.gps-infostars.com\/es\/wp-content\/uploads\/sites\/3\/gps_infostars_ddd_tacho_es-2048x1575.jpg 2048w\" sizes=\"(max-width: 1200px) 100vw, 1200px\" \/>\t\t\t\t\t\t\t\t\t\t\t\t\t\t\t<\/div>\n\t\t\t\t<\/div>\n\t\t\t\t<div class=\"elementor-element elementor-element-49496a37 elementor-widget elementor-widget-text-editor\" data-id=\"49496a37\" data-element_type=\"widget\" data-e-type=\"widget\" data-widget_type=\"text-editor.default\">\n\t\t\t\t<div class=\"elementor-widget-container\">\n\t\t\t\t\t\t\t\t\t<p class=\"p1\">Descarga DDD-remote<\/p><h4>Lectura del tac\u00f3grafo<\/h4><div><p>Con esta funci\u00f3n puede leer el tac\u00f3grafo electr\u00f3nico desde la comodidad de su oficina<\/p><p><span style=\"color: #e1710f; letter-spacing: 0.32px; text-transform: var(--the7-base-text-transform); word-spacing: normal;\">\u2192 <\/span>Tarjeta de conductor y memoria masiva<\/p><p><span style=\"color: #e1710f; letter-spacing: 0.32px; text-transform: var(--the7-base-text-transform); word-spacing: normal;\">\u2192 <\/span>Lectura de archivos DDD<\/p><p><span style=\"color: #e1710f; letter-spacing: 0.32px; text-transform: var(--the7-base-text-transform); word-spacing: normal;\">\u2192 <\/span>Lectura incluso cuando el veh\u00edculo est\u00e9 en movimiento<\/p><p><span style=\"color: #e1710f; letter-spacing: 0.32px; text-transform: var(--the7-base-text-transform); word-spacing: normal;\">\u2192 <\/span>Simplemente desde la oficina<\/p><\/div>\t\t\t\t\t\t\t\t<\/div>\n\t\t\t\t<\/div>\n\t\t\t\t<div class=\"elementor-element elementor-element-946200f elementor-align-center elementor-widget elementor-widget-button\" data-id=\"946200f\" data-element_type=\"widget\" data-e-type=\"widget\" data-widget_type=\"button.default\">\n\t\t\t\t<div class=\"elementor-widget-container\">\n\t\t\t\t\t\t\t\t\t<div class=\"elementor-button-wrapper\">\n\t\t\t\t\t<a class=\"elementor-button elementor-button-link elementor-size-sm\" href=\"https:\/\/www.gps-infostars.com\/es\/asesoramiento-y-contacto\/\">\n\t\t\t\t\t\t<span class=\"elementor-button-content-wrapper\">\n\t\t\t\t\t\t\t\t\t<span class=\"elementor-button-text\">Contacto<\/span>\n\t\t\t\t\t<\/span>\n\t\t\t\t\t<\/a>\n\t\t\t\t<\/div>\n\t\t\t\t\t\t\t\t<\/div>\n\t\t\t\t<\/div>\n\t\t\t\t\t<\/div>\n\t\t<\/div>\n\t\t\t\t\t<\/div>\n\t\t<\/section>\n\t\t\t\t\t<\/div>\n\t\t<\/div>\n\t\t\t\t\t<\/div>\n\t\t<\/section>\n\t\t\t\t<section class=\"elementor-section elementor-top-section elementor-element elementor-element-55920cd4 elementor-section-boxed elementor-section-height-default elementor-section-height-default\" data-id=\"55920cd4\" data-element_type=\"section\" data-e-type=\"section\">\n\t\t\t\t\t\t<div class=\"elementor-container elementor-column-gap-default\">\n\t\t\t\t\t<div class=\"elementor-column elementor-col-100 elementor-top-column elementor-element elementor-element-738963e7\" data-id=\"738963e7\" data-element_type=\"column\" data-e-type=\"column\">\n\t\t\t<div class=\"elementor-widget-wrap\">\n\t\t\t\t\t\t\t<\/div>\n\t\t<\/div>\n\t\t\t\t\t<\/div>\n\t\t<\/section>\n\t\t\t\t<\/div>\n\t\t","protected":false},"excerpt":{"rendered":"<p>Descarga remota autom\u00e1tica de DDD Lectura del tac\u00f3grafo electr\u00f3nico En el caso de los camiones y autobuses, la memoria de masa del tac\u00f3grafo electr\u00f3nico, as\u00ed como la tarjeta del conductor, deben leerse regularmente. Con la soluci\u00f3n de Infostars, puede hacerlo desde la comodidad de su oficina, sin tener que ir f\u00edsicamente al cami\u00f3n o al&hellip;<\/p>\n","protected":false},"author":1,"featured_media":0,"parent":34192,"menu_order":0,"comment_status":"closed","ping_status":"closed","template":"","meta":{"inline_featured_image":false,"footnotes":""},"class_list":["post-34206","page","type-page","status-publish","hentry"],"yoast_head":"<!-- This site is optimized with the Yoast SEO plugin v27.4 - https:\/\/yoast.com\/product\/yoast-seo-wordpress\/ -->\n<title>DDD Lectura del tac\u00f3grafo a distancia - INFOSTARS SOLUCIONES, S.L.<\/title>\n<meta name=\"description\" content=\"Seguimiento GPS y dispositivos GPS para coches, camiones, ganado y mucho m\u00e1s, as\u00ed como cuadernos de bit\u00e1cora electr\u00f3nicos de GPS Infostars\" \/>\n<meta name=\"robots\" content=\"index, follow, max-snippet:-1, max-image-preview:large, max-video-preview:-1\" \/>\n<link rel=\"canonical\" href=\"https:\/\/www.gps-infostars.com\/es\/servicios-y-productos\/ddd-lectura-del-tacografo-a-distancia\/\" \/>\n<meta property=\"og:locale\" content=\"es_ES\" \/>\n<meta property=\"og:type\" content=\"article\" \/>\n<meta property=\"og:title\" content=\"DDD Lectura del tac\u00f3grafo a distancia - INFOSTARS SOLUCIONES, S.L.\" \/>\n<meta property=\"og:description\" content=\"Seguimiento GPS y dispositivos GPS para coches, camiones, ganado y mucho m\u00e1s, as\u00ed como cuadernos de bit\u00e1cora electr\u00f3nicos de GPS Infostars\" \/>\n<meta property=\"og:url\" content=\"https:\/\/www.gps-infostars.com\/es\/servicios-y-productos\/ddd-lectura-del-tacografo-a-distancia\/\" \/>\n<meta property=\"og:site_name\" content=\"INFOSTARS SOLUCIONES, S.L.\" \/>\n<meta property=\"article:modified_time\" content=\"2024-12-11T09:18:13+00:00\" \/>\n<meta property=\"og:image\" content=\"https:\/\/www.gps-infostars.com\/es\/wp-content\/uploads\/sites\/3\/tachograph_header-2400x417.jpg\" \/>\n<meta name=\"twitter:card\" content=\"summary_large_image\" \/>\n<meta name=\"twitter:label1\" content=\"Tiempo de lectura\" \/>\n\t<meta name=\"twitter:data1\" content=\"3 minutos\" \/>\n<script type=\"application\/ld+json\" class=\"yoast-schema-graph\">{\"@context\":\"https:\\\/\\\/schema.org\",\"@graph\":[{\"@type\":\"WebPage\",\"@id\":\"https:\\\/\\\/www.gps-infostars.com\\\/es\\\/servicios-y-productos\\\/ddd-lectura-del-tacografo-a-distancia\\\/\",\"url\":\"https:\\\/\\\/www.gps-infostars.com\\\/es\\\/servicios-y-productos\\\/ddd-lectura-del-tacografo-a-distancia\\\/\",\"name\":\"DDD Lectura del tac\u00f3grafo a distancia - INFOSTARS SOLUCIONES, S.L.\",\"isPartOf\":{\"@id\":\"https:\\\/\\\/www.gps-infostars.com\\\/es\\\/#website\"},\"primaryImageOfPage\":{\"@id\":\"https:\\\/\\\/www.gps-infostars.com\\\/es\\\/servicios-y-productos\\\/ddd-lectura-del-tacografo-a-distancia\\\/#primaryimage\"},\"image\":{\"@id\":\"https:\\\/\\\/www.gps-infostars.com\\\/es\\\/servicios-y-productos\\\/ddd-lectura-del-tacografo-a-distancia\\\/#primaryimage\"},\"thumbnailUrl\":\"https:\\\/\\\/www.gps-infostars.com\\\/es\\\/wp-content\\\/uploads\\\/sites\\\/3\\\/tachograph_header-2400x417.jpg\",\"datePublished\":\"2022-01-26T19:45:08+00:00\",\"dateModified\":\"2024-12-11T09:18:13+00:00\",\"description\":\"Seguimiento GPS y dispositivos GPS para coches, camiones, ganado y mucho m\u00e1s, as\u00ed como cuadernos de bit\u00e1cora electr\u00f3nicos de GPS Infostars\",\"breadcrumb\":{\"@id\":\"https:\\\/\\\/www.gps-infostars.com\\\/es\\\/servicios-y-productos\\\/ddd-lectura-del-tacografo-a-distancia\\\/#breadcrumb\"},\"inLanguage\":\"es\",\"potentialAction\":[{\"@type\":\"ReadAction\",\"target\":[\"https:\\\/\\\/www.gps-infostars.com\\\/es\\\/servicios-y-productos\\\/ddd-lectura-del-tacografo-a-distancia\\\/\"]}]},{\"@type\":\"ImageObject\",\"inLanguage\":\"es\",\"@id\":\"https:\\\/\\\/www.gps-infostars.com\\\/es\\\/servicios-y-productos\\\/ddd-lectura-del-tacografo-a-distancia\\\/#primaryimage\",\"url\":\"https:\\\/\\\/www.gps-infostars.com\\\/es\\\/wp-content\\\/uploads\\\/sites\\\/3\\\/tachograph_header-scaled.jpg\",\"contentUrl\":\"https:\\\/\\\/www.gps-infostars.com\\\/es\\\/wp-content\\\/uploads\\\/sites\\\/3\\\/tachograph_header-scaled.jpg\",\"width\":2560,\"height\":444},{\"@type\":\"BreadcrumbList\",\"@id\":\"https:\\\/\\\/www.gps-infostars.com\\\/es\\\/servicios-y-productos\\\/ddd-lectura-del-tacografo-a-distancia\\\/#breadcrumb\",\"itemListElement\":[{\"@type\":\"ListItem\",\"position\":1,\"name\":\"Startseite\",\"item\":\"https:\\\/\\\/www.gps-infostars.com\\\/es\\\/\"},{\"@type\":\"ListItem\",\"position\":2,\"name\":\"Servicios y productos\",\"item\":\"https:\\\/\\\/www.gps-infostars.com\\\/es\\\/servicios-y-productos\\\/\"},{\"@type\":\"ListItem\",\"position\":3,\"name\":\"DDD Lectura del tac\u00f3grafo a distancia\"}]},{\"@type\":\"WebSite\",\"@id\":\"https:\\\/\\\/www.gps-infostars.com\\\/es\\\/#website\",\"url\":\"https:\\\/\\\/www.gps-infostars.com\\\/es\\\/\",\"name\":\"INFOSTARS SOLUCIONES, S.L.\",\"description\":\"Einfach, pr\u00e4zise &amp; zuverl\u00e4ssig.\",\"publisher\":{\"@id\":\"https:\\\/\\\/www.gps-infostars.com\\\/es\\\/#organization\"},\"potentialAction\":[{\"@type\":\"SearchAction\",\"target\":{\"@type\":\"EntryPoint\",\"urlTemplate\":\"https:\\\/\\\/www.gps-infostars.com\\\/es\\\/?s={search_term_string}\"},\"query-input\":{\"@type\":\"PropertyValueSpecification\",\"valueRequired\":true,\"valueName\":\"search_term_string\"}}],\"inLanguage\":\"es\"},{\"@type\":\"Organization\",\"@id\":\"https:\\\/\\\/www.gps-infostars.com\\\/es\\\/#organization\",\"name\":\"INFOSTARS SOLUCIONES, S.L.\",\"url\":\"https:\\\/\\\/www.gps-infostars.com\\\/es\\\/\",\"logo\":{\"@type\":\"ImageObject\",\"inLanguage\":\"es\",\"@id\":\"https:\\\/\\\/www.gps-infostars.com\\\/es\\\/#\\\/schema\\\/logo\\\/image\\\/\",\"url\":\"https:\\\/\\\/www.gps-infostars.com\\\/es\\\/wp-content\\\/uploads\\\/sites\\\/3\\\/logo_infostars.png\",\"contentUrl\":\"https:\\\/\\\/www.gps-infostars.com\\\/es\\\/wp-content\\\/uploads\\\/sites\\\/3\\\/logo_infostars.png\",\"width\":1125,\"height\":360,\"caption\":\"INFOSTARS SOLUCIONES, S.L.\"},\"image\":{\"@id\":\"https:\\\/\\\/www.gps-infostars.com\\\/es\\\/#\\\/schema\\\/logo\\\/image\\\/\"}}]}<\/script>\n<!-- \/ Yoast SEO plugin. -->","yoast_head_json":{"title":"DDD Lectura del tac\u00f3grafo a distancia - INFOSTARS SOLUCIONES, S.L.","description":"Seguimiento GPS y dispositivos GPS para coches, camiones, ganado y mucho m\u00e1s, as\u00ed como cuadernos de bit\u00e1cora electr\u00f3nicos de GPS Infostars","robots":{"index":"index","follow":"follow","max-snippet":"max-snippet:-1","max-image-preview":"max-image-preview:large","max-video-preview":"max-video-preview:-1"},"canonical":"https:\/\/www.gps-infostars.com\/es\/servicios-y-productos\/ddd-lectura-del-tacografo-a-distancia\/","og_locale":"es_ES","og_type":"article","og_title":"DDD Lectura del tac\u00f3grafo a distancia - INFOSTARS SOLUCIONES, S.L.","og_description":"Seguimiento GPS y dispositivos GPS para coches, camiones, ganado y mucho m\u00e1s, as\u00ed como cuadernos de bit\u00e1cora electr\u00f3nicos de GPS Infostars","og_url":"https:\/\/www.gps-infostars.com\/es\/servicios-y-productos\/ddd-lectura-del-tacografo-a-distancia\/","og_site_name":"INFOSTARS SOLUCIONES, S.L.","article_modified_time":"2024-12-11T09:18:13+00:00","og_image":[{"url":"https:\/\/www.gps-infostars.com\/es\/wp-content\/uploads\/sites\/3\/tachograph_header-2400x417.jpg","type":"","width":"","height":""}],"twitter_card":"summary_large_image","twitter_misc":{"Tiempo de lectura":"3 minutos"},"schema":{"@context":"https:\/\/schema.org","@graph":[{"@type":"WebPage","@id":"https:\/\/www.gps-infostars.com\/es\/servicios-y-productos\/ddd-lectura-del-tacografo-a-distancia\/","url":"https:\/\/www.gps-infostars.com\/es\/servicios-y-productos\/ddd-lectura-del-tacografo-a-distancia\/","name":"DDD Lectura del tac\u00f3grafo a distancia - INFOSTARS SOLUCIONES, S.L.","isPartOf":{"@id":"https:\/\/www.gps-infostars.com\/es\/#website"},"primaryImageOfPage":{"@id":"https:\/\/www.gps-infostars.com\/es\/servicios-y-productos\/ddd-lectura-del-tacografo-a-distancia\/#primaryimage"},"image":{"@id":"https:\/\/www.gps-infostars.com\/es\/servicios-y-productos\/ddd-lectura-del-tacografo-a-distancia\/#primaryimage"},"thumbnailUrl":"https:\/\/www.gps-infostars.com\/es\/wp-content\/uploads\/sites\/3\/tachograph_header-2400x417.jpg","datePublished":"2022-01-26T19:45:08+00:00","dateModified":"2024-12-11T09:18:13+00:00","description":"Seguimiento GPS y dispositivos GPS para coches, camiones, ganado y mucho m\u00e1s, as\u00ed como cuadernos de bit\u00e1cora electr\u00f3nicos de GPS Infostars","breadcrumb":{"@id":"https:\/\/www.gps-infostars.com\/es\/servicios-y-productos\/ddd-lectura-del-tacografo-a-distancia\/#breadcrumb"},"inLanguage":"es","potentialAction":[{"@type":"ReadAction","target":["https:\/\/www.gps-infostars.com\/es\/servicios-y-productos\/ddd-lectura-del-tacografo-a-distancia\/"]}]},{"@type":"ImageObject","inLanguage":"es","@id":"https:\/\/www.gps-infostars.com\/es\/servicios-y-productos\/ddd-lectura-del-tacografo-a-distancia\/#primaryimage","url":"https:\/\/www.gps-infostars.com\/es\/wp-content\/uploads\/sites\/3\/tachograph_header-scaled.jpg","contentUrl":"https:\/\/www.gps-infostars.com\/es\/wp-content\/uploads\/sites\/3\/tachograph_header-scaled.jpg","width":2560,"height":444},{"@type":"BreadcrumbList","@id":"https:\/\/www.gps-infostars.com\/es\/servicios-y-productos\/ddd-lectura-del-tacografo-a-distancia\/#breadcrumb","itemListElement":[{"@type":"ListItem","position":1,"name":"Startseite","item":"https:\/\/www.gps-infostars.com\/es\/"},{"@type":"ListItem","position":2,"name":"Servicios y productos","item":"https:\/\/www.gps-infostars.com\/es\/servicios-y-productos\/"},{"@type":"ListItem","position":3,"name":"DDD Lectura del tac\u00f3grafo a distancia"}]},{"@type":"WebSite","@id":"https:\/\/www.gps-infostars.com\/es\/#website","url":"https:\/\/www.gps-infostars.com\/es\/","name":"INFOSTARS SOLUCIONES, S.L.","description":"Einfach, pr\u00e4zise &amp; zuverl\u00e4ssig.","publisher":{"@id":"https:\/\/www.gps-infostars.com\/es\/#organization"},"potentialAction":[{"@type":"SearchAction","target":{"@type":"EntryPoint","urlTemplate":"https:\/\/www.gps-infostars.com\/es\/?s={search_term_string}"},"query-input":{"@type":"PropertyValueSpecification","valueRequired":true,"valueName":"search_term_string"}}],"inLanguage":"es"},{"@type":"Organization","@id":"https:\/\/www.gps-infostars.com\/es\/#organization","name":"INFOSTARS SOLUCIONES, S.L.","url":"https:\/\/www.gps-infostars.com\/es\/","logo":{"@type":"ImageObject","inLanguage":"es","@id":"https:\/\/www.gps-infostars.com\/es\/#\/schema\/logo\/image\/","url":"https:\/\/www.gps-infostars.com\/es\/wp-content\/uploads\/sites\/3\/logo_infostars.png","contentUrl":"https:\/\/www.gps-infostars.com\/es\/wp-content\/uploads\/sites\/3\/logo_infostars.png","width":1125,"height":360,"caption":"INFOSTARS SOLUCIONES, S.L."},"image":{"@id":"https:\/\/www.gps-infostars.com\/es\/#\/schema\/logo\/image\/"}}]}},"_links":{"self":[{"href":"https:\/\/www.gps-infostars.com\/es\/wp-json\/wp\/v2\/pages\/34206","targetHints":{"allow":["GET"]}}],"collection":[{"href":"https:\/\/www.gps-infostars.com\/es\/wp-json\/wp\/v2\/pages"}],"about":[{"href":"https:\/\/www.gps-infostars.com\/es\/wp-json\/wp\/v2\/types\/page"}],"author":[{"embeddable":true,"href":"https:\/\/www.gps-infostars.com\/es\/wp-json\/wp\/v2\/users\/1"}],"replies":[{"embeddable":true,"href":"https:\/\/www.gps-infostars.com\/es\/wp-json\/wp\/v2\/comments?post=34206"}],"version-history":[{"count":52,"href":"https:\/\/www.gps-infostars.com\/es\/wp-json\/wp\/v2\/pages\/34206\/revisions"}],"predecessor-version":[{"id":53788,"href":"https:\/\/www.gps-infostars.com\/es\/wp-json\/wp\/v2\/pages\/34206\/revisions\/53788"}],"up":[{"embeddable":true,"href":"https:\/\/www.gps-infostars.com\/es\/wp-json\/wp\/v2\/pages\/34192"}],"wp:attachment":[{"href":"https:\/\/www.gps-infostars.com\/es\/wp-json\/wp\/v2\/media?parent=34206"}],"curies":[{"name":"wp","href":"https:\/\/api.w.org\/{rel}","templated":true}]}}