{"id":34317,"date":"2022-01-26T21:22:47","date_gmt":"2022-01-26T20:22:47","guid":{"rendered":"http:\/\/dev2.gps-infostars.com\/ueber-uns\/datenschutz\/"},"modified":"2024-12-11T10:07:03","modified_gmt":"2024-12-11T09:07:03","slug":"proteccion-de-datos","status":"publish","type":"page","link":"https:\/\/www.gps-infostars.com\/es\/acerca-de-nosotros\/proteccion-de-datos\/","title":{"rendered":"Protecci\u00f3n de datos en Infostars"},"content":{"rendered":"\t\t<div data-elementor-type=\"wp-page\" data-elementor-id=\"34317\" class=\"elementor elementor-34317 elementor-31091\" data-elementor-post-type=\"page\">\n\t\t\t\t\t\t<section class=\"elementor-section elementor-top-section elementor-element elementor-element-2a98079e elementor-section-boxed elementor-section-height-default elementor-section-height-default\" data-id=\"2a98079e\" data-element_type=\"section\" data-e-type=\"section\">\n\t\t\t\t\t\t<div class=\"elementor-container elementor-column-gap-default\">\n\t\t\t\t\t<div class=\"elementor-column elementor-col-100 elementor-top-column elementor-element elementor-element-1a47b1b9\" data-id=\"1a47b1b9\" data-element_type=\"column\" data-e-type=\"column\">\n\t\t\t<div class=\"elementor-widget-wrap elementor-element-populated\">\n\t\t\t\t\t\t<div class=\"elementor-element elementor-element-4b2664c6 elementor-widget elementor-widget-heading\" data-id=\"4b2664c6\" data-element_type=\"widget\" data-e-type=\"widget\" data-widget_type=\"heading.default\">\n\t\t\t\t<div class=\"elementor-widget-container\">\n\t\t\t\t\t<h2 class=\"elementor-heading-title elementor-size-default\">Sus datos est\u00e1n seguros\n<\/h2>\t\t\t\t<\/div>\n\t\t\t\t<\/div>\n\t\t\t\t<div class=\"elementor-element elementor-element-2a8186ee elementor-widget elementor-widget-heading\" data-id=\"2a8186ee\" data-element_type=\"widget\" data-e-type=\"widget\" data-widget_type=\"heading.default\">\n\t\t\t\t<div class=\"elementor-widget-container\">\n\t\t\t\t\t<h1 class=\"elementor-heading-title elementor-size-default\">Protecci\u00f3n de datos<\/h1>\t\t\t\t<\/div>\n\t\t\t\t<\/div>\n\t\t\t\t<div class=\"elementor-element elementor-element-45ab2e9e elementor-widget elementor-widget-image\" data-id=\"45ab2e9e\" data-element_type=\"widget\" data-e-type=\"widget\" data-widget_type=\"image.default\">\n\t\t\t\t<div class=\"elementor-widget-container\">\n\t\t\t\t\t\t\t\t\t\t\t\t\t\t\t<img fetchpriority=\"high\" decoding=\"async\" width=\"1200\" height=\"209\" src=\"https:\/\/www.gps-infostars.com\/es\/wp-content\/uploads\/sites\/3\/datenschutz_header.jpg\" class=\"attachment-large size-large wp-image-33892\" alt=\"\" srcset=\"https:\/\/www.gps-infostars.com\/es\/wp-content\/uploads\/sites\/3\/datenschutz_header.jpg 2400w, https:\/\/www.gps-infostars.com\/es\/wp-content\/uploads\/sites\/3\/datenschutz_header-800x139.jpg 800w, https:\/\/www.gps-infostars.com\/es\/wp-content\/uploads\/sites\/3\/datenschutz_header-600x104.jpg 600w, https:\/\/www.gps-infostars.com\/es\/wp-content\/uploads\/sites\/3\/datenschutz_header-768x133.jpg 768w, https:\/\/www.gps-infostars.com\/es\/wp-content\/uploads\/sites\/3\/datenschutz_header-1536x267.jpg 1536w, https:\/\/www.gps-infostars.com\/es\/wp-content\/uploads\/sites\/3\/datenschutz_header-2048x356.jpg 2048w\" sizes=\"(max-width: 1200px) 100vw, 1200px\" \/>\t\t\t\t\t\t\t\t\t\t\t\t\t\t\t<\/div>\n\t\t\t\t<\/div>\n\t\t\t\t\t<\/div>\n\t\t<\/div>\n\t\t\t\t\t<\/div>\n\t\t<\/section>\n\t\t\t\t<section class=\"elementor-section elementor-top-section elementor-element elementor-element-20c52a91 elementor-section-boxed elementor-section-height-default elementor-section-height-default\" data-id=\"20c52a91\" data-element_type=\"section\" data-e-type=\"section\">\n\t\t\t\t\t\t<div class=\"elementor-container elementor-column-gap-default\">\n\t\t\t\t\t<div class=\"elementor-column elementor-col-66 elementor-top-column elementor-element elementor-element-64155e6e\" data-id=\"64155e6e\" data-element_type=\"column\" data-e-type=\"column\">\n\t\t\t<div class=\"elementor-widget-wrap elementor-element-populated\">\n\t\t\t\t\t\t<div class=\"elementor-element elementor-element-379a1b06 elementor-widget elementor-widget-text-editor\" data-id=\"379a1b06\" data-element_type=\"widget\" data-e-type=\"widget\" data-widget_type=\"text-editor.default\">\n\t\t\t\t<div class=\"elementor-widget-container\">\n\t\t\t\t\t\t\t\t\t<p><strong>El software de seguimiento GPS de Infostars se dise\u00f1\u00f3 con un concepto de privacidad desde el principio. La privacidad es una caracter\u00edstica fundamental del software GPS de Infostars. <\/strong><\/p><h3 class=\"p1\">Privacidad Software GPS Infostars<\/h3><p>La estructura de los sistemas se ha construido de tal manera que la protecci\u00f3n de los datos es una parte integral del software. Esto se complementa con un sistema de derechos muy potente para que el uso del sistema GPS de Infostars en una empresa pueda establecerse de acuerdo con la ley.<\/p><h3 class=\"p1\">Decisiones de VwGH y sistemas GPS<\/h3><p>El sistema GPS de Infostars es el primer sistema GPS de Austria cuyo uso ha sido considerado admisible por el VwGH (Tribunal Supremo Administrativo). Hay varios factores que fueron examinados por el VwGH. El sistema de Infostars result\u00f3 ser bueno por el concepto de protecci\u00f3n de datos bien pensado y la posibilidad de adaptar el software a las necesidades o requisitos individuales del cliente.<\/p><h3 class=\"p1\">Dignidad humana y sistemas GPS<\/h3><p class=\"p1\"><span class=\"s1\">Infostars ha dise\u00f1ado la protecci\u00f3n de datos en el libro de registro de conductores de la Agencia Tributaria de forma muy equilibrada. Esto significa que la dignidad humana del conductor no se ve afectada a pesar del uso de un dispositivo de seguimiento GPS. Por lo tanto, el uso de un dispositivo de seguimiento por GPS est\u00e1 generalmente permitido sin el consentimiento del empleado o del comit\u00e9 de empresa.\u00a0<\/span><\/p><h3 class=\"p1\">\u00bfPuedo utilizar un dispositivo de localizaci\u00f3n GPS?<\/h3><p class=\"p1\">Como propietario de un veh\u00edculo con el que siempre conduce usted mismo, esto se permite sin restricciones. Como propietario de una empresa, s\u00f3lo puede instalar dispositivos GPS en los veh\u00edculos de su flota si ello no atenta contra la dignidad humana de un empleado y el uso es conforme a la RGPD.<\/p><h3 class=\"p4\">\u00bfEst\u00e1n protegidos los datos durante los viajes privados?<\/h3><p>Con nuestra opci\u00f3n de protecci\u00f3n 100% privada, los datos de los viajes privados est\u00e1n protegidos y se muestran correctamente. La empresa s\u00f3lo ve el total de kil\u00f3metros privados recorridos. Con la opci\u00f3n de protecci\u00f3n 100% privada, el conductor tambi\u00e9n puede declarar posteriormente un viaje como de negocios. En este caso, la protecci\u00f3n privada sigue siendo del 100%, ya que s\u00f3lo el propio conductor puede hacerlo.<\/p><p>Durante los viajes privados, el veh\u00edculo puede ser localizado por nuestra central de alarmas, que ha sido aprobada por la Comisi\u00f3n de Protecci\u00f3n de Datos. Esto significa que el veh\u00edculo puede ser localizado en situaciones de peligro y los viajes privados siguen estando protegidos.<\/p><p style=\"margin-bottom: 0px; font-variant-numeric: normal; font-variant-east-asian: normal; font-weight: 400; font-stretch: normal; font-size: 10px; line-height: normal; font-family: Helvetica; color: #545657; letter-spacing: normal;\"><span style=\"letter-spacing: 0em; text-transform: var(--the7-h3-text-transform); word-spacing: var(--the7-h3-word-spacing); color: #e1710f; font-family: HelveticaNeueLTPro-Bd, sans-serif; font-weight: 600;\">\u00a0<\/span><\/p><p><span style=\"color: #e1710f;\">\u2192<\/span> Acceso cifrado al software<\/p><p><span style=\"color: #e1710f;\">\u2192 <\/span>La protecci\u00f3n de datos como caracter\u00edstica principal<\/p><p><span style=\"color: #e1710f;\">\u2192 <\/span>M\u00faltiples salvaguardias<\/p><p><span style=\"color: #e1710f;\">\u2192 <\/span>Almacenamiento de datos de forma individual seg\u00fan las especificaciones<\/p><p><span style=\"color: #e1710f;\">\u2192 <\/span>Cumple con la RGPD<\/p><h3>Funciones y autorizaciones del software<\/h3><p class=\"p1\">Durante el desarrollo del software se prest\u00f3 especial atenci\u00f3n a que todas las \u00e1reas legales y las partes del software estuvieran coordinadas entre s\u00ed. Al mismo tiempo, el software puede adaptarse individualmente a cada empresa, ya que el sistema de autorizaci\u00f3n tiene varios niveles. Este sistema de autorizaci\u00f3n distingue entre m\u00f3dulos, funciones, veh\u00edculos, conductores y viajes privados y de negocios. As\u00ed, el libro de registro de conductores de la Agencia Tributaria debe aplicar la legislaci\u00f3n fiscal, pero tambi\u00e9n tener en cuenta la protecci\u00f3n de datos. Los viajes no deben contener elementos que atenten contra la dignidad humana y debe evitarse el seguimiento en vivo durante los viajes privados.<\/p>\t\t\t\t\t\t\t\t<\/div>\n\t\t\t\t<\/div>\n\t\t\t\t<div class=\"elementor-element elementor-element-2ce3f33 elementor-widget elementor-widget-image\" data-id=\"2ce3f33\" data-element_type=\"widget\" data-e-type=\"widget\" data-widget_type=\"image.default\">\n\t\t\t\t<div class=\"elementor-widget-container\">\n\t\t\t\t\t\t\t\t\t\t\t\t\t\t\t\t<a href=\"https:\/\/www.gps-infostars.com\/wp-content\/uploads\/sites\/3\/infografik_software_span.jpg\" data-elementor-open-lightbox=\"yes\" data-elementor-lightbox-title=\"infografik_software_span\" data-e-action-hash=\"#elementor-action%3Aaction%3Dlightbox%26settings%3DeyJpZCI6MzQ5MDEsInVybCI6Imh0dHBzOlwvXC93d3cuZ3BzLWluZm9zdGFycy5jb21cL2VzXC93cC1jb250ZW50XC91cGxvYWRzXC9zaXRlc1wvM1wvaW5mb2dyYWZpa19zb2Z0d2FyZV9zcGFuLmpwZyJ9\">\n\t\t\t\t\t\t\t<img decoding=\"async\" width=\"1200\" height=\"693\" src=\"https:\/\/www.gps-infostars.com\/es\/wp-content\/uploads\/sites\/3\/infografik_software_span-2400x1386.jpg\" class=\"attachment-large size-large wp-image-34901\" alt=\"\" srcset=\"https:\/\/www.gps-infostars.com\/es\/wp-content\/uploads\/sites\/3\/infografik_software_span-2400x1386.jpg 2400w, https:\/\/www.gps-infostars.com\/es\/wp-content\/uploads\/sites\/3\/infografik_software_span-800x462.jpg 800w, https:\/\/www.gps-infostars.com\/es\/wp-content\/uploads\/sites\/3\/infografik_software_span-600x346.jpg 600w, https:\/\/www.gps-infostars.com\/es\/wp-content\/uploads\/sites\/3\/infografik_software_span-768x443.jpg 768w, https:\/\/www.gps-infostars.com\/es\/wp-content\/uploads\/sites\/3\/infografik_software_span-1536x887.jpg 1536w, https:\/\/www.gps-infostars.com\/es\/wp-content\/uploads\/sites\/3\/infografik_software_span-2048x1182.jpg 2048w\" sizes=\"(max-width: 1200px) 100vw, 1200px\" \/>\t\t\t\t\t\t\t\t<\/a>\n\t\t\t\t\t\t\t\t\t\t\t\t\t\t\t<\/div>\n\t\t\t\t<\/div>\n\t\t\t\t<div class=\"elementor-element elementor-element-6251e992 elementor-widget elementor-widget-text-editor\" data-id=\"6251e992\" data-element_type=\"widget\" data-e-type=\"widget\" data-widget_type=\"text-editor.default\">\n\t\t\t\t<div class=\"elementor-widget-container\">\n\t\t\t\t\t\t\t\t\t<h3 style=\"font-style: normal; font-variant-ligatures: normal; font-variant-caps: normal; text-transform: none; letter-spacing: normal; word-spacing: 0px; text-decoration-thickness: initial; text-decoration-style: initial; text-decoration-color: initial;\">\u00bfTiene alguna pregunta?<\/h3><p style=\"color: #545657;\">Nuestros asesores est\u00e1n siempre a su disposici\u00f3n. P\u00f3ngase en contacto con nosotros:<\/p><p style=\"color: #545657;\">L\u00ednea de atenci\u00f3n telef\u00f3nica (+34) 913 352 493 (de lunes a viernes, de 9 a 18 horas).<\/p><p style=\"color: #545657;\"><span style=\"letter-spacing: 0.32px; text-transform: var(--the7-base-text-transform); word-spacing: normal;\">Env\u00ede un correo electr\u00f3nico <\/span><a href=\"&#x6d;&#x61;&#105;&#108;t&#x6f;&#x3a;&#x6f;&#102;ic&#x69;&#x6e;&#97;&#64;g&#x70;&#x73;&#x2d;&#105;nf&#x6f;&#x73;&#116;&#97;r&#x73;&#x2e;&#x63;&#111;m\">&#111;&#x66;i&#99;&#x69;&#110;&#x61;&#64;&#103;&#x70;s&#x2d;&#x69;&#110;&#x66;o&#115;&#x74;a&#x72;&#x73;&#46;&#x63;o&#109; <\/a>o utilice nuestro <a href=\"https:\/\/www.gps-infostars.com\/es\/asesoramiento-y-contacto\/formulario-de-contacto\/\">\u2192 formulario de contacto<\/a><\/p>\t\t\t\t\t\t\t\t<\/div>\n\t\t\t\t<\/div>\n\t\t\t\t\t<\/div>\n\t\t<\/div>\n\t\t\t\t<div class=\"elementor-column elementor-col-33 elementor-top-column elementor-element elementor-element-3f8af7ce\" data-id=\"3f8af7ce\" data-element_type=\"column\" data-e-type=\"column\">\n\t\t\t<div class=\"elementor-widget-wrap elementor-element-populated\">\n\t\t\t\t\t\t<div class=\"elementor-element elementor-element-3385fe3 elementor-widget elementor-widget-image\" data-id=\"3385fe3\" data-element_type=\"widget\" data-e-type=\"widget\" data-widget_type=\"image.default\">\n\t\t\t\t<div class=\"elementor-widget-container\">\n\t\t\t\t\t\t\t\t\t\t\t\t\t\t\t<img decoding=\"async\" width=\"1200\" height=\"857\" src=\"https:\/\/www.gps-infostars.com\/es\/wp-content\/uploads\/sites\/3\/server_infostars.jpg\" class=\"attachment-large size-large wp-image-33893\" alt=\"\" srcset=\"https:\/\/www.gps-infostars.com\/es\/wp-content\/uploads\/sites\/3\/server_infostars.jpg 1600w, https:\/\/www.gps-infostars.com\/es\/wp-content\/uploads\/sites\/3\/server_infostars-800x572.jpg 800w, https:\/\/www.gps-infostars.com\/es\/wp-content\/uploads\/sites\/3\/server_infostars-600x429.jpg 600w, https:\/\/www.gps-infostars.com\/es\/wp-content\/uploads\/sites\/3\/server_infostars-768x549.jpg 768w, https:\/\/www.gps-infostars.com\/es\/wp-content\/uploads\/sites\/3\/server_infostars-1536x1097.jpg 1536w\" sizes=\"(max-width: 1200px) 100vw, 1200px\" \/>\t\t\t\t\t\t\t\t\t\t\t\t\t\t\t<\/div>\n\t\t\t\t<\/div>\n\t\t\t\t<div class=\"elementor-element elementor-element-9ed3127 elementor-widget elementor-widget-text-editor\" data-id=\"9ed3127\" data-element_type=\"widget\" data-e-type=\"widget\" data-widget_type=\"text-editor.default\">\n\t\t\t\t<div class=\"elementor-widget-container\">\n\t\t\t\t\t\t\t\t\t<h3 class=\"p1\"><span class=\"s1\" style=\"font-size: 10pt;\">Aviso legal:<\/span><\/h3><p class=\"p2\"><span class=\"s1\" style=\"font-size: 10pt;\">Las respuestas sobre la protecci\u00f3n de datos, el RGPD y la ley se refieren a la situaci\u00f3n jur\u00eddica austriaca.<\/span><\/p>\t\t\t\t\t\t\t\t<\/div>\n\t\t\t\t<\/div>\n\t\t\t\t\t<\/div>\n\t\t<\/div>\n\t\t\t\t\t<\/div>\n\t\t<\/section>\n\t\t\t\t<section class=\"elementor-section elementor-top-section elementor-element elementor-element-56d549eb elementor-section-boxed elementor-section-height-default elementor-section-height-default\" data-id=\"56d549eb\" data-element_type=\"section\" data-e-type=\"section\">\n\t\t\t\t\t\t<div class=\"elementor-container elementor-column-gap-default\">\n\t\t\t\t\t<div class=\"elementor-column elementor-col-100 elementor-top-column elementor-element elementor-element-7b31fe55\" data-id=\"7b31fe55\" data-element_type=\"column\" data-e-type=\"column\">\n\t\t\t<div class=\"elementor-widget-wrap\">\n\t\t\t\t\t\t\t<\/div>\n\t\t<\/div>\n\t\t\t\t\t<\/div>\n\t\t<\/section>\n\t\t\t\t<\/div>\n\t\t","protected":false},"excerpt":{"rendered":"<p>Sus datos est\u00e1n seguros Protecci\u00f3n de datos El software de seguimiento GPS de Infostars se dise\u00f1\u00f3 con un concepto de privacidad desde el principio. La privacidad es una caracter\u00edstica fundamental del software GPS de Infostars. Privacidad Software GPS Infostars La estructura de los sistemas se ha construido de tal manera que la protecci\u00f3n de los&hellip;<\/p>\n","protected":false},"author":1,"featured_media":0,"parent":34017,"menu_order":0,"comment_status":"closed","ping_status":"closed","template":"","meta":{"inline_featured_image":false,"footnotes":""},"class_list":["post-34317","page","type-page","status-publish","hentry"],"yoast_head":"<!-- This site is optimized with the Yoast SEO plugin v27.4 - https:\/\/yoast.com\/product\/yoast-seo-wordpress\/ -->\n<title>Protecci\u00f3n de datos en Infostars - INFOSTARS SOLUCIONES, S.L.<\/title>\n<meta name=\"description\" content=\"Seguimiento y dispositivos GPS para coches, camiones, de ganado y mucho m\u00e1s, as\u00ed como cuadernos de bit\u00e1cora electr\u00f3nicos de GPS Infostars\" \/>\n<meta name=\"robots\" content=\"index, follow, max-snippet:-1, max-image-preview:large, max-video-preview:-1\" \/>\n<link rel=\"canonical\" href=\"https:\/\/www.gps-infostars.com\/es\/acerca-de-nosotros\/proteccion-de-datos\/\" \/>\n<meta property=\"og:locale\" content=\"es_ES\" \/>\n<meta property=\"og:type\" content=\"article\" \/>\n<meta property=\"og:title\" content=\"Protecci\u00f3n de datos en Infostars - INFOSTARS SOLUCIONES, S.L.\" \/>\n<meta property=\"og:description\" content=\"Seguimiento y dispositivos GPS para coches, camiones, de ganado y mucho m\u00e1s, as\u00ed como cuadernos de bit\u00e1cora electr\u00f3nicos de GPS Infostars\" \/>\n<meta property=\"og:url\" content=\"https:\/\/www.gps-infostars.com\/es\/acerca-de-nosotros\/proteccion-de-datos\/\" \/>\n<meta property=\"og:site_name\" content=\"INFOSTARS SOLUCIONES, S.L.\" \/>\n<meta property=\"article:modified_time\" content=\"2024-12-11T09:07:03+00:00\" \/>\n<meta property=\"og:image\" content=\"https:\/\/www.gps-infostars.com\/es\/wp-content\/uploads\/sites\/3\/datenschutz_header.jpg\" \/>\n<meta name=\"twitter:card\" content=\"summary_large_image\" \/>\n<meta name=\"twitter:label1\" content=\"Tiempo de lectura\" \/>\n\t<meta name=\"twitter:data1\" content=\"5 minutos\" \/>\n<script type=\"application\/ld+json\" class=\"yoast-schema-graph\">{\"@context\":\"https:\\\/\\\/schema.org\",\"@graph\":[{\"@type\":\"WebPage\",\"@id\":\"https:\\\/\\\/www.gps-infostars.com\\\/es\\\/acerca-de-nosotros\\\/proteccion-de-datos\\\/\",\"url\":\"https:\\\/\\\/www.gps-infostars.com\\\/es\\\/acerca-de-nosotros\\\/proteccion-de-datos\\\/\",\"name\":\"Protecci\u00f3n de datos en Infostars - INFOSTARS SOLUCIONES, S.L.\",\"isPartOf\":{\"@id\":\"https:\\\/\\\/www.gps-infostars.com\\\/es\\\/#website\"},\"primaryImageOfPage\":{\"@id\":\"https:\\\/\\\/www.gps-infostars.com\\\/es\\\/acerca-de-nosotros\\\/proteccion-de-datos\\\/#primaryimage\"},\"image\":{\"@id\":\"https:\\\/\\\/www.gps-infostars.com\\\/es\\\/acerca-de-nosotros\\\/proteccion-de-datos\\\/#primaryimage\"},\"thumbnailUrl\":\"https:\\\/\\\/www.gps-infostars.com\\\/es\\\/wp-content\\\/uploads\\\/sites\\\/3\\\/datenschutz_header.jpg\",\"datePublished\":\"2022-01-26T20:22:47+00:00\",\"dateModified\":\"2024-12-11T09:07:03+00:00\",\"description\":\"Seguimiento y dispositivos GPS para coches, camiones, de ganado y mucho m\u00e1s, as\u00ed como cuadernos de bit\u00e1cora electr\u00f3nicos de GPS Infostars\",\"breadcrumb\":{\"@id\":\"https:\\\/\\\/www.gps-infostars.com\\\/es\\\/acerca-de-nosotros\\\/proteccion-de-datos\\\/#breadcrumb\"},\"inLanguage\":\"es\",\"potentialAction\":[{\"@type\":\"ReadAction\",\"target\":[\"https:\\\/\\\/www.gps-infostars.com\\\/es\\\/acerca-de-nosotros\\\/proteccion-de-datos\\\/\"]}]},{\"@type\":\"ImageObject\",\"inLanguage\":\"es\",\"@id\":\"https:\\\/\\\/www.gps-infostars.com\\\/es\\\/acerca-de-nosotros\\\/proteccion-de-datos\\\/#primaryimage\",\"url\":\"https:\\\/\\\/www.gps-infostars.com\\\/es\\\/wp-content\\\/uploads\\\/sites\\\/3\\\/datenschutz_header.jpg\",\"contentUrl\":\"https:\\\/\\\/www.gps-infostars.com\\\/es\\\/wp-content\\\/uploads\\\/sites\\\/3\\\/datenschutz_header.jpg\",\"width\":2400,\"height\":417},{\"@type\":\"BreadcrumbList\",\"@id\":\"https:\\\/\\\/www.gps-infostars.com\\\/es\\\/acerca-de-nosotros\\\/proteccion-de-datos\\\/#breadcrumb\",\"itemListElement\":[{\"@type\":\"ListItem\",\"position\":1,\"name\":\"Startseite\",\"item\":\"https:\\\/\\\/www.gps-infostars.com\\\/es\\\/\"},{\"@type\":\"ListItem\",\"position\":2,\"name\":\"Nosotros\",\"item\":\"https:\\\/\\\/www.gps-infostars.com\\\/es\\\/acerca-de-nosotros\\\/\"},{\"@type\":\"ListItem\",\"position\":3,\"name\":\"Protecci\u00f3n de datos en Infostars\"}]},{\"@type\":\"WebSite\",\"@id\":\"https:\\\/\\\/www.gps-infostars.com\\\/es\\\/#website\",\"url\":\"https:\\\/\\\/www.gps-infostars.com\\\/es\\\/\",\"name\":\"INFOSTARS SOLUCIONES, S.L.\",\"description\":\"Einfach, pr\u00e4zise &amp; zuverl\u00e4ssig.\",\"publisher\":{\"@id\":\"https:\\\/\\\/www.gps-infostars.com\\\/es\\\/#organization\"},\"potentialAction\":[{\"@type\":\"SearchAction\",\"target\":{\"@type\":\"EntryPoint\",\"urlTemplate\":\"https:\\\/\\\/www.gps-infostars.com\\\/es\\\/?s={search_term_string}\"},\"query-input\":{\"@type\":\"PropertyValueSpecification\",\"valueRequired\":true,\"valueName\":\"search_term_string\"}}],\"inLanguage\":\"es\"},{\"@type\":\"Organization\",\"@id\":\"https:\\\/\\\/www.gps-infostars.com\\\/es\\\/#organization\",\"name\":\"INFOSTARS SOLUCIONES, S.L.\",\"url\":\"https:\\\/\\\/www.gps-infostars.com\\\/es\\\/\",\"logo\":{\"@type\":\"ImageObject\",\"inLanguage\":\"es\",\"@id\":\"https:\\\/\\\/www.gps-infostars.com\\\/es\\\/#\\\/schema\\\/logo\\\/image\\\/\",\"url\":\"https:\\\/\\\/www.gps-infostars.com\\\/es\\\/wp-content\\\/uploads\\\/sites\\\/3\\\/logo_infostars.png\",\"contentUrl\":\"https:\\\/\\\/www.gps-infostars.com\\\/es\\\/wp-content\\\/uploads\\\/sites\\\/3\\\/logo_infostars.png\",\"width\":1125,\"height\":360,\"caption\":\"INFOSTARS SOLUCIONES, S.L.\"},\"image\":{\"@id\":\"https:\\\/\\\/www.gps-infostars.com\\\/es\\\/#\\\/schema\\\/logo\\\/image\\\/\"}}]}<\/script>\n<!-- \/ Yoast SEO plugin. -->","yoast_head_json":{"title":"Protecci\u00f3n de datos en Infostars - INFOSTARS SOLUCIONES, S.L.","description":"Seguimiento y dispositivos GPS para coches, camiones, de ganado y mucho m\u00e1s, as\u00ed como cuadernos de bit\u00e1cora electr\u00f3nicos de GPS Infostars","robots":{"index":"index","follow":"follow","max-snippet":"max-snippet:-1","max-image-preview":"max-image-preview:large","max-video-preview":"max-video-preview:-1"},"canonical":"https:\/\/www.gps-infostars.com\/es\/acerca-de-nosotros\/proteccion-de-datos\/","og_locale":"es_ES","og_type":"article","og_title":"Protecci\u00f3n de datos en Infostars - INFOSTARS SOLUCIONES, S.L.","og_description":"Seguimiento y dispositivos GPS para coches, camiones, de ganado y mucho m\u00e1s, as\u00ed como cuadernos de bit\u00e1cora electr\u00f3nicos de GPS Infostars","og_url":"https:\/\/www.gps-infostars.com\/es\/acerca-de-nosotros\/proteccion-de-datos\/","og_site_name":"INFOSTARS SOLUCIONES, S.L.","article_modified_time":"2024-12-11T09:07:03+00:00","og_image":[{"url":"https:\/\/www.gps-infostars.com\/es\/wp-content\/uploads\/sites\/3\/datenschutz_header.jpg","type":"","width":"","height":""}],"twitter_card":"summary_large_image","twitter_misc":{"Tiempo de lectura":"5 minutos"},"schema":{"@context":"https:\/\/schema.org","@graph":[{"@type":"WebPage","@id":"https:\/\/www.gps-infostars.com\/es\/acerca-de-nosotros\/proteccion-de-datos\/","url":"https:\/\/www.gps-infostars.com\/es\/acerca-de-nosotros\/proteccion-de-datos\/","name":"Protecci\u00f3n de datos en Infostars - INFOSTARS SOLUCIONES, S.L.","isPartOf":{"@id":"https:\/\/www.gps-infostars.com\/es\/#website"},"primaryImageOfPage":{"@id":"https:\/\/www.gps-infostars.com\/es\/acerca-de-nosotros\/proteccion-de-datos\/#primaryimage"},"image":{"@id":"https:\/\/www.gps-infostars.com\/es\/acerca-de-nosotros\/proteccion-de-datos\/#primaryimage"},"thumbnailUrl":"https:\/\/www.gps-infostars.com\/es\/wp-content\/uploads\/sites\/3\/datenschutz_header.jpg","datePublished":"2022-01-26T20:22:47+00:00","dateModified":"2024-12-11T09:07:03+00:00","description":"Seguimiento y dispositivos GPS para coches, camiones, de ganado y mucho m\u00e1s, as\u00ed como cuadernos de bit\u00e1cora electr\u00f3nicos de GPS Infostars","breadcrumb":{"@id":"https:\/\/www.gps-infostars.com\/es\/acerca-de-nosotros\/proteccion-de-datos\/#breadcrumb"},"inLanguage":"es","potentialAction":[{"@type":"ReadAction","target":["https:\/\/www.gps-infostars.com\/es\/acerca-de-nosotros\/proteccion-de-datos\/"]}]},{"@type":"ImageObject","inLanguage":"es","@id":"https:\/\/www.gps-infostars.com\/es\/acerca-de-nosotros\/proteccion-de-datos\/#primaryimage","url":"https:\/\/www.gps-infostars.com\/es\/wp-content\/uploads\/sites\/3\/datenschutz_header.jpg","contentUrl":"https:\/\/www.gps-infostars.com\/es\/wp-content\/uploads\/sites\/3\/datenschutz_header.jpg","width":2400,"height":417},{"@type":"BreadcrumbList","@id":"https:\/\/www.gps-infostars.com\/es\/acerca-de-nosotros\/proteccion-de-datos\/#breadcrumb","itemListElement":[{"@type":"ListItem","position":1,"name":"Startseite","item":"https:\/\/www.gps-infostars.com\/es\/"},{"@type":"ListItem","position":2,"name":"Nosotros","item":"https:\/\/www.gps-infostars.com\/es\/acerca-de-nosotros\/"},{"@type":"ListItem","position":3,"name":"Protecci\u00f3n de datos en Infostars"}]},{"@type":"WebSite","@id":"https:\/\/www.gps-infostars.com\/es\/#website","url":"https:\/\/www.gps-infostars.com\/es\/","name":"INFOSTARS SOLUCIONES, S.L.","description":"Einfach, pr\u00e4zise &amp; zuverl\u00e4ssig.","publisher":{"@id":"https:\/\/www.gps-infostars.com\/es\/#organization"},"potentialAction":[{"@type":"SearchAction","target":{"@type":"EntryPoint","urlTemplate":"https:\/\/www.gps-infostars.com\/es\/?s={search_term_string}"},"query-input":{"@type":"PropertyValueSpecification","valueRequired":true,"valueName":"search_term_string"}}],"inLanguage":"es"},{"@type":"Organization","@id":"https:\/\/www.gps-infostars.com\/es\/#organization","name":"INFOSTARS SOLUCIONES, S.L.","url":"https:\/\/www.gps-infostars.com\/es\/","logo":{"@type":"ImageObject","inLanguage":"es","@id":"https:\/\/www.gps-infostars.com\/es\/#\/schema\/logo\/image\/","url":"https:\/\/www.gps-infostars.com\/es\/wp-content\/uploads\/sites\/3\/logo_infostars.png","contentUrl":"https:\/\/www.gps-infostars.com\/es\/wp-content\/uploads\/sites\/3\/logo_infostars.png","width":1125,"height":360,"caption":"INFOSTARS SOLUCIONES, S.L."},"image":{"@id":"https:\/\/www.gps-infostars.com\/es\/#\/schema\/logo\/image\/"}}]}},"_links":{"self":[{"href":"https:\/\/www.gps-infostars.com\/es\/wp-json\/wp\/v2\/pages\/34317","targetHints":{"allow":["GET"]}}],"collection":[{"href":"https:\/\/www.gps-infostars.com\/es\/wp-json\/wp\/v2\/pages"}],"about":[{"href":"https:\/\/www.gps-infostars.com\/es\/wp-json\/wp\/v2\/types\/page"}],"author":[{"embeddable":true,"href":"https:\/\/www.gps-infostars.com\/es\/wp-json\/wp\/v2\/users\/1"}],"replies":[{"embeddable":true,"href":"https:\/\/www.gps-infostars.com\/es\/wp-json\/wp\/v2\/comments?post=34317"}],"version-history":[{"count":74,"href":"https:\/\/www.gps-infostars.com\/es\/wp-json\/wp\/v2\/pages\/34317\/revisions"}],"predecessor-version":[{"id":53780,"href":"https:\/\/www.gps-infostars.com\/es\/wp-json\/wp\/v2\/pages\/34317\/revisions\/53780"}],"up":[{"embeddable":true,"href":"https:\/\/www.gps-infostars.com\/es\/wp-json\/wp\/v2\/pages\/34017"}],"wp:attachment":[{"href":"https:\/\/www.gps-infostars.com\/es\/wp-json\/wp\/v2\/media?parent=34317"}],"curies":[{"name":"wp","href":"https:\/\/api.w.org\/{rel}","templated":true}]}}