{"id":34386,"date":"2022-01-26T20:12:02","date_gmt":"2022-01-26T19:12:02","guid":{"rendered":"http:\/\/dev2.gps-infostars.com\/branchenloesungen\/lebensmitteltransporte\/"},"modified":"2024-12-11T12:40:46","modified_gmt":"2024-12-11T11:40:46","slug":"transportes-de-alimentos","status":"publish","type":"page","link":"https:\/\/www.gps-infostars.com\/es\/soluciones-industriales\/transportes-de-alimentos\/","title":{"rendered":"Transportes de alimentos"},"content":{"rendered":"\t\t<div data-elementor-type=\"wp-page\" data-elementor-id=\"34386\" class=\"elementor elementor-34386 elementor-31003\" data-elementor-post-type=\"page\">\n\t\t\t\t\t\t<section class=\"elementor-section elementor-top-section elementor-element elementor-element-3b05e21 elementor-section-boxed elementor-section-height-default elementor-section-height-default\" data-id=\"3b05e21\" data-element_type=\"section\" data-e-type=\"section\">\n\t\t\t\t\t\t<div class=\"elementor-container elementor-column-gap-default\">\n\t\t\t\t\t<div class=\"elementor-column elementor-col-100 elementor-top-column elementor-element elementor-element-1489b3ea\" data-id=\"1489b3ea\" data-element_type=\"column\" data-e-type=\"column\">\n\t\t\t<div class=\"elementor-widget-wrap elementor-element-populated\">\n\t\t\t\t\t\t<div class=\"elementor-element elementor-element-75f5b3c6 elementor-widget elementor-widget-heading\" data-id=\"75f5b3c6\" data-element_type=\"widget\" data-e-type=\"widget\" data-widget_type=\"heading.default\">\n\t\t\t\t<div class=\"elementor-widget-container\">\n\t\t\t\t\t<h2 class=\"elementor-heading-title elementor-size-default\">Informado siempre y en todo momento <\/h2>\t\t\t\t<\/div>\n\t\t\t\t<\/div>\n\t\t\t\t<div class=\"elementor-element elementor-element-38f5071b elementor-widget elementor-widget-heading\" data-id=\"38f5071b\" data-element_type=\"widget\" data-e-type=\"widget\" data-widget_type=\"heading.default\">\n\t\t\t\t<div class=\"elementor-widget-container\">\n\t\t\t\t\t<h1 class=\"elementor-heading-title elementor-size-default\">Transportes de alimentos<\/h1>\t\t\t\t<\/div>\n\t\t\t\t<\/div>\n\t\t\t\t<div class=\"elementor-element elementor-element-73b713f8 elementor-widget elementor-widget-image\" data-id=\"73b713f8\" data-element_type=\"widget\" data-e-type=\"widget\" data-widget_type=\"image.default\">\n\t\t\t\t<div class=\"elementor-widget-container\">\n\t\t\t\t\t\t\t\t\t\t\t\t\t\t\t<img fetchpriority=\"high\" decoding=\"async\" width=\"1200\" height=\"209\" src=\"https:\/\/www.gps-infostars.com\/es\/wp-content\/uploads\/sites\/3\/lebensmittel_header.jpg\" class=\"attachment-large size-large wp-image-33880\" alt=\"\" srcset=\"https:\/\/www.gps-infostars.com\/es\/wp-content\/uploads\/sites\/3\/lebensmittel_header.jpg 2400w, https:\/\/www.gps-infostars.com\/es\/wp-content\/uploads\/sites\/3\/lebensmittel_header-800x139.jpg 800w, https:\/\/www.gps-infostars.com\/es\/wp-content\/uploads\/sites\/3\/lebensmittel_header-600x104.jpg 600w, https:\/\/www.gps-infostars.com\/es\/wp-content\/uploads\/sites\/3\/lebensmittel_header-768x133.jpg 768w, https:\/\/www.gps-infostars.com\/es\/wp-content\/uploads\/sites\/3\/lebensmittel_header-1536x267.jpg 1536w, https:\/\/www.gps-infostars.com\/es\/wp-content\/uploads\/sites\/3\/lebensmittel_header-2048x356.jpg 2048w\" sizes=\"(max-width: 1200px) 100vw, 1200px\" \/>\t\t\t\t\t\t\t\t\t\t\t\t\t\t\t<\/div>\n\t\t\t\t<\/div>\n\t\t\t\t\t<\/div>\n\t\t<\/div>\n\t\t\t\t\t<\/div>\n\t\t<\/section>\n\t\t\t\t<section class=\"elementor-section elementor-top-section elementor-element elementor-element-4e837066 elementor-section-boxed elementor-section-height-default elementor-section-height-default\" data-id=\"4e837066\" data-element_type=\"section\" data-e-type=\"section\">\n\t\t\t\t\t\t<div class=\"elementor-container elementor-column-gap-default\">\n\t\t\t\t\t<div class=\"elementor-column elementor-col-66 elementor-top-column elementor-element elementor-element-7518f89e\" data-id=\"7518f89e\" data-element_type=\"column\" data-e-type=\"column\">\n\t\t\t<div class=\"elementor-widget-wrap elementor-element-populated\">\n\t\t\t\t\t\t<div class=\"elementor-element elementor-element-4f56d6ef elementor-widget elementor-widget-text-editor\" data-id=\"4f56d6ef\" data-element_type=\"widget\" data-e-type=\"widget\" data-widget_type=\"text-editor.default\">\n\t\t\t\t<div class=\"elementor-widget-container\">\n\t\t\t\t\t\t\t\t\t<p>Con las soluciones GPS de Infostars, podr\u00e1 saber en todo momento d\u00f3nde se encuentran sus veh\u00edculos y cu\u00e1l es la temperatura de la bodega. Puede ver si los alimentos deseados han llegado a su destino a tiempo.<\/p><p>Siempre tendr\u00e1 una visi\u00f3n general de los pedidos completados y de la puntualidad de sus conductores. Se pueden conectar hasta 3 sensores de temperatura a nuestras unidades GPS. Esto le permite comprobar la temperatura de la bodega de carga en directo. Si se supera o no se alcanza una determinada temperatura en la bodega de carga, el sistema emite una alarma. De este modo, se evitan las p\u00e9rdidas econ\u00f3micas debidas a los alimentos estropeados.<\/p><p>Con nuestros sistemas Plug &amp; Play, los veh\u00edculos pueden equiparse con un rastreador GPS y sensores de temperatura en pocos minutos y sin necesidad de acudir al taller. Esto le ahorra costes y, sobre todo, tiempo.<\/p><h3>Sus ventajas de un vistazo:<\/h3><p><span style=\"color: #e1710f;\">\u2192<\/span> Disposici\u00f3n<\/p><p><span style=\"color: #e1710f;\">\u2192 <\/span>Resumen del cumplimiento de los horarios<\/p><p><span style=\"color: #e1710f;\">\u2192 <\/span>Sensor de temperatura\u00a0<\/p><p><span style=\"color: #e1710f;\">\u2192 <\/span>Evitar p\u00e9rdidas econ\u00f3micas por alimentos estropeados<\/p>\t\t\t\t\t\t\t\t<\/div>\n\t\t\t\t<\/div>\n\t\t\t\t<div class=\"elementor-element elementor-element-1fda3dbe elementor-widget elementor-widget-text-editor\" data-id=\"1fda3dbe\" data-element_type=\"widget\" data-e-type=\"widget\" data-widget_type=\"text-editor.default\">\n\t\t\t\t<div class=\"elementor-widget-container\">\n\t\t\t\t\t\t\t\t\t<h3 style=\"font-style: normal; font-variant-ligatures: normal; font-variant-caps: normal; text-transform: none; letter-spacing: normal; word-spacing: 0px; text-decoration-thickness: initial; text-decoration-style: initial; text-decoration-color: initial;\">\u00bfTiene alguna pregunta?<\/h3><p>Nuestros asesores est\u00e1n siempre a su disposici\u00f3n. P\u00f3ngase en contacto con nosotros:<\/p><p>L\u00ednea de atenci\u00f3n telef\u00f3nica (+34) 913 352 493 (de lunes a viernes, de 9 a 18 horas).<\/p><p style=\"color: #545657;\"><span style=\"letter-spacing: 0.32px; text-transform: var(--the7-base-text-transform); word-spacing: normal;\">Env\u00ede un correo electr\u00f3nico a <\/span><a href=\"&#x6d;&#x61;&#x69;&#x6c;&#x74;&#x6f;&#x3a;&#x6f;&#x66;&#x69;&#x63;&#105;&#110;&#97;&#64;&#103;&#112;&#115;-infos&#x74;&#x61;&#x72;&#x73;&#x2e;&#x63;&#x6f;&#x6d;\">ofi&#99;&#105;&#110;&#x61;&#x40;&#x67;&#x70;&#x73;&#x2d;inf&#111;&#115;&#116;&#97;&#x72;&#x73;&#x2e;&#x63;&#x6f;&#x6d; <\/a>\u00a0o utilice nuestro unser <a href=\"https:\/\/www.gps-infostars.com\/es\/asesoramiento-y-contacto\/formulario-de-contacto\/\">\u2192 formulario de contacto<\/a><\/p>\t\t\t\t\t\t\t\t<\/div>\n\t\t\t\t<\/div>\n\t\t\t\t\t<\/div>\n\t\t<\/div>\n\t\t\t\t<div class=\"elementor-column elementor-col-33 elementor-top-column elementor-element elementor-element-66d865f1\" data-id=\"66d865f1\" data-element_type=\"column\" data-e-type=\"column\">\n\t\t\t<div class=\"elementor-widget-wrap elementor-element-populated\">\n\t\t\t\t\t\t<div class=\"elementor-element elementor-element-79e7bf58 elementor-widget elementor-widget-heading\" data-id=\"79e7bf58\" data-element_type=\"widget\" data-e-type=\"widget\" data-widget_type=\"heading.default\">\n\t\t\t\t<div class=\"elementor-widget-container\">\n\t\t\t\t\t<h3 class=\"elementor-heading-title elementor-size-default\">Nuestro producto <\/h3>\t\t\t\t<\/div>\n\t\t\t\t<\/div>\n\t\t\t\t<section class=\"elementor-section elementor-inner-section elementor-element elementor-element-77b3a2ba elementor-section-boxed elementor-section-height-default elementor-section-height-default\" data-id=\"77b3a2ba\" data-element_type=\"section\" data-e-type=\"section\">\n\t\t\t\t\t\t<div class=\"elementor-container elementor-column-gap-default\">\n\t\t\t\t\t<div class=\"elementor-column elementor-col-100 elementor-inner-column elementor-element elementor-element-a443099\" data-id=\"a443099\" data-element_type=\"column\" data-e-type=\"column\">\n\t\t\t<div class=\"elementor-widget-wrap elementor-element-populated\">\n\t\t\t\t\t\t<div class=\"elementor-element elementor-element-2ebf5cee elementor-widget elementor-widget-image\" data-id=\"2ebf5cee\" data-element_type=\"widget\" data-e-type=\"widget\" data-widget_type=\"image.default\">\n\t\t\t\t<div class=\"elementor-widget-container\">\n\t\t\t\t\t\t\t\t\t\t\t\t\t\t\t<img decoding=\"async\" width=\"1200\" height=\"923\" src=\"https:\/\/www.gps-infostars.com\/es\/wp-content\/uploads\/sites\/3\/gps_tracking_basic_es-2400x1846.jpg\" class=\"attachment-large size-large wp-image-42691\" alt=\"\" srcset=\"https:\/\/www.gps-infostars.com\/es\/wp-content\/uploads\/sites\/3\/gps_tracking_basic_es-2400x1846.jpg 2400w, https:\/\/www.gps-infostars.com\/es\/wp-content\/uploads\/sites\/3\/gps_tracking_basic_es-scaled-800x615.jpg 800w, https:\/\/www.gps-infostars.com\/es\/wp-content\/uploads\/sites\/3\/gps_tracking_basic_es-600x462.jpg 600w, https:\/\/www.gps-infostars.com\/es\/wp-content\/uploads\/sites\/3\/gps_tracking_basic_es-768x591.jpg 768w, https:\/\/www.gps-infostars.com\/es\/wp-content\/uploads\/sites\/3\/gps_tracking_basic_es-1536x1182.jpg 1536w, https:\/\/www.gps-infostars.com\/es\/wp-content\/uploads\/sites\/3\/gps_tracking_basic_es-2048x1575.jpg 2048w\" sizes=\"(max-width: 1200px) 100vw, 1200px\" \/>\t\t\t\t\t\t\t\t\t\t\t\t\t\t\t<\/div>\n\t\t\t\t<\/div>\n\t\t\t\t<div class=\"elementor-element elementor-element-15c5155a elementor-widget elementor-widget-text-editor\" data-id=\"15c5155a\" data-element_type=\"widget\" data-e-type=\"widget\" data-widget_type=\"text-editor.default\">\n\t\t\t\t<div class=\"elementor-widget-container\">\n\t\t\t\t\t\t\t\t\t<h5>Paquete b\u00e1sico a un precio razonable<\/h5><h4>Seguimiento GPS b\u00e1sico<\/h4><div><p>Opcionalmente ampliable en cualquier momento y a sus necesidades individuales, incl. tarjeta SIM y los costes de transmisi\u00f3n de datos en la zona 1.<\/p><p><span style=\"color: #e1710f; letter-spacing: 0.32px; text-transform: var(--the7-base-text-transform); word-spacing: normal;\">\u2192 <\/span>Localizaci\u00f3n en vivo<\/p><p><span style=\"color: #e1710f; letter-spacing: 0.32px; text-transform: var(--the7-base-text-transform); word-spacing: normal;\">\u2192 <\/span>Direcci\u00f3n con n\u00famero de casa<\/p><p><span style=\"color: #e1710f; letter-spacing: 0.32px; text-transform: var(--the7-base-text-transform); word-spacing: normal;\">\u2192 <\/span>Posici\u00f3n en el mapa y en la lista<\/p><p><span style=\"color: #e1710f; letter-spacing: 0.32px; text-transform: var(--the7-base-text-transform); word-spacing: normal;\">\u2192 <\/span>Tarjeta SIM incl. transferencia de datos<\/p><\/div>\t\t\t\t\t\t\t\t<\/div>\n\t\t\t\t<\/div>\n\t\t\t\t<div class=\"elementor-element elementor-element-486f4de elementor-align-center elementor-widget elementor-widget-button\" data-id=\"486f4de\" data-element_type=\"widget\" data-e-type=\"widget\" data-widget_type=\"button.default\">\n\t\t\t\t<div class=\"elementor-widget-container\">\n\t\t\t\t\t\t\t\t\t<div class=\"elementor-button-wrapper\">\n\t\t\t\t\t<a class=\"elementor-button elementor-button-link elementor-size-sm\" href=\"https:\/\/www.gps-infostars.com\/es\/tienda\/productos-de-seguimiento-gps\/\">\n\t\t\t\t\t\t<span class=\"elementor-button-content-wrapper\">\n\t\t\t\t\t\t\t\t\t<span class=\"elementor-button-text\">Ir a la Tienda<\/span>\n\t\t\t\t\t<\/span>\n\t\t\t\t\t<\/a>\n\t\t\t\t<\/div>\n\t\t\t\t\t\t\t\t<\/div>\n\t\t\t\t<\/div>\n\t\t\t\t\t<\/div>\n\t\t<\/div>\n\t\t\t\t\t<\/div>\n\t\t<\/section>\n\t\t\t\t\t<\/div>\n\t\t<\/div>\n\t\t\t\t\t<\/div>\n\t\t<\/section>\n\t\t\t\t<section class=\"elementor-section elementor-top-section elementor-element elementor-element-72fdfb40 elementor-section-boxed elementor-section-height-default elementor-section-height-default\" data-id=\"72fdfb40\" data-element_type=\"section\" data-e-type=\"section\">\n\t\t\t\t\t\t<div class=\"elementor-container elementor-column-gap-default\">\n\t\t\t\t\t<div class=\"elementor-column elementor-col-100 elementor-top-column elementor-element elementor-element-46d5d3e8\" data-id=\"46d5d3e8\" data-element_type=\"column\" data-e-type=\"column\">\n\t\t\t<div class=\"elementor-widget-wrap\">\n\t\t\t\t\t\t\t<\/div>\n\t\t<\/div>\n\t\t\t\t\t<\/div>\n\t\t<\/section>\n\t\t\t\t<\/div>\n\t\t","protected":false},"excerpt":{"rendered":"<p>Informado siempre y en todo momento Transportes de alimentos Con las soluciones GPS de Infostars, podr\u00e1 saber en todo momento d\u00f3nde se encuentran sus veh\u00edculos y cu\u00e1l es la temperatura de la bodega. Puede ver si los alimentos deseados han llegado a su destino a tiempo. Siempre tendr\u00e1 una visi\u00f3n general de los pedidos completados&hellip;<\/p>\n","protected":false},"author":1,"featured_media":0,"parent":34016,"menu_order":0,"comment_status":"closed","ping_status":"closed","template":"","meta":{"inline_featured_image":false,"footnotes":""},"class_list":["post-34386","page","type-page","status-publish","hentry"],"yoast_head":"<!-- This site is optimized with the Yoast SEO plugin v27.4 - https:\/\/yoast.com\/product\/yoast-seo-wordpress\/ -->\n<title>Transportes de alimentos - INFOSTARS SOLUCIONES, S.L.<\/title>\n<meta name=\"description\" content=\"Seguimiento GPS y dispositivos GPS para coches, camiones, ganado y mucho m\u00e1s, as\u00ed como cuadernos de bit\u00e1cora electr\u00f3nicos de GPS Infostars\" \/>\n<meta name=\"robots\" content=\"index, follow, max-snippet:-1, max-image-preview:large, max-video-preview:-1\" \/>\n<link rel=\"canonical\" href=\"https:\/\/www.gps-infostars.com\/es\/soluciones-industriales\/transportes-de-alimentos\/\" \/>\n<meta property=\"og:locale\" content=\"es_ES\" \/>\n<meta property=\"og:type\" content=\"article\" \/>\n<meta property=\"og:title\" content=\"Transportes de alimentos - INFOSTARS SOLUCIONES, S.L.\" \/>\n<meta property=\"og:description\" content=\"Seguimiento GPS y dispositivos GPS para coches, camiones, ganado y mucho m\u00e1s, as\u00ed como cuadernos de bit\u00e1cora electr\u00f3nicos de GPS Infostars\" \/>\n<meta property=\"og:url\" content=\"https:\/\/www.gps-infostars.com\/es\/soluciones-industriales\/transportes-de-alimentos\/\" \/>\n<meta property=\"og:site_name\" content=\"INFOSTARS SOLUCIONES, S.L.\" \/>\n<meta property=\"article:modified_time\" content=\"2024-12-11T11:40:46+00:00\" \/>\n<meta property=\"og:image\" content=\"https:\/\/www.gps-infostars.com\/es\/wp-content\/uploads\/sites\/3\/lebensmittel_header.jpg\" \/>\n<meta name=\"twitter:card\" content=\"summary_large_image\" \/>\n<meta name=\"twitter:label1\" content=\"Tiempo de lectura\" \/>\n\t<meta name=\"twitter:data1\" content=\"3 minutos\" \/>\n<script type=\"application\/ld+json\" class=\"yoast-schema-graph\">{\"@context\":\"https:\\\/\\\/schema.org\",\"@graph\":[{\"@type\":\"WebPage\",\"@id\":\"https:\\\/\\\/www.gps-infostars.com\\\/es\\\/soluciones-industriales\\\/transportes-de-alimentos\\\/\",\"url\":\"https:\\\/\\\/www.gps-infostars.com\\\/es\\\/soluciones-industriales\\\/transportes-de-alimentos\\\/\",\"name\":\"Transportes de alimentos - INFOSTARS SOLUCIONES, S.L.\",\"isPartOf\":{\"@id\":\"https:\\\/\\\/www.gps-infostars.com\\\/es\\\/#website\"},\"primaryImageOfPage\":{\"@id\":\"https:\\\/\\\/www.gps-infostars.com\\\/es\\\/soluciones-industriales\\\/transportes-de-alimentos\\\/#primaryimage\"},\"image\":{\"@id\":\"https:\\\/\\\/www.gps-infostars.com\\\/es\\\/soluciones-industriales\\\/transportes-de-alimentos\\\/#primaryimage\"},\"thumbnailUrl\":\"https:\\\/\\\/www.gps-infostars.com\\\/es\\\/wp-content\\\/uploads\\\/sites\\\/3\\\/lebensmittel_header.jpg\",\"datePublished\":\"2022-01-26T19:12:02+00:00\",\"dateModified\":\"2024-12-11T11:40:46+00:00\",\"description\":\"Seguimiento GPS y dispositivos GPS para coches, camiones, ganado y mucho m\u00e1s, as\u00ed como cuadernos de bit\u00e1cora electr\u00f3nicos de GPS Infostars\",\"breadcrumb\":{\"@id\":\"https:\\\/\\\/www.gps-infostars.com\\\/es\\\/soluciones-industriales\\\/transportes-de-alimentos\\\/#breadcrumb\"},\"inLanguage\":\"es\",\"potentialAction\":[{\"@type\":\"ReadAction\",\"target\":[\"https:\\\/\\\/www.gps-infostars.com\\\/es\\\/soluciones-industriales\\\/transportes-de-alimentos\\\/\"]}]},{\"@type\":\"ImageObject\",\"inLanguage\":\"es\",\"@id\":\"https:\\\/\\\/www.gps-infostars.com\\\/es\\\/soluciones-industriales\\\/transportes-de-alimentos\\\/#primaryimage\",\"url\":\"https:\\\/\\\/www.gps-infostars.com\\\/es\\\/wp-content\\\/uploads\\\/sites\\\/3\\\/lebensmittel_header.jpg\",\"contentUrl\":\"https:\\\/\\\/www.gps-infostars.com\\\/es\\\/wp-content\\\/uploads\\\/sites\\\/3\\\/lebensmittel_header.jpg\",\"width\":2400,\"height\":417},{\"@type\":\"BreadcrumbList\",\"@id\":\"https:\\\/\\\/www.gps-infostars.com\\\/es\\\/soluciones-industriales\\\/transportes-de-alimentos\\\/#breadcrumb\",\"itemListElement\":[{\"@type\":\"ListItem\",\"position\":1,\"name\":\"Startseite\",\"item\":\"https:\\\/\\\/www.gps-infostars.com\\\/es\\\/\"},{\"@type\":\"ListItem\",\"position\":2,\"name\":\"Soluciones industriales\",\"item\":\"https:\\\/\\\/www.gps-infostars.com\\\/es\\\/soluciones-industriales\\\/\"},{\"@type\":\"ListItem\",\"position\":3,\"name\":\"Transportes de alimentos\"}]},{\"@type\":\"WebSite\",\"@id\":\"https:\\\/\\\/www.gps-infostars.com\\\/es\\\/#website\",\"url\":\"https:\\\/\\\/www.gps-infostars.com\\\/es\\\/\",\"name\":\"INFOSTARS SOLUCIONES, S.L.\",\"description\":\"Einfach, pr\u00e4zise &amp; zuverl\u00e4ssig.\",\"publisher\":{\"@id\":\"https:\\\/\\\/www.gps-infostars.com\\\/es\\\/#organization\"},\"potentialAction\":[{\"@type\":\"SearchAction\",\"target\":{\"@type\":\"EntryPoint\",\"urlTemplate\":\"https:\\\/\\\/www.gps-infostars.com\\\/es\\\/?s={search_term_string}\"},\"query-input\":{\"@type\":\"PropertyValueSpecification\",\"valueRequired\":true,\"valueName\":\"search_term_string\"}}],\"inLanguage\":\"es\"},{\"@type\":\"Organization\",\"@id\":\"https:\\\/\\\/www.gps-infostars.com\\\/es\\\/#organization\",\"name\":\"INFOSTARS SOLUCIONES, S.L.\",\"url\":\"https:\\\/\\\/www.gps-infostars.com\\\/es\\\/\",\"logo\":{\"@type\":\"ImageObject\",\"inLanguage\":\"es\",\"@id\":\"https:\\\/\\\/www.gps-infostars.com\\\/es\\\/#\\\/schema\\\/logo\\\/image\\\/\",\"url\":\"https:\\\/\\\/www.gps-infostars.com\\\/es\\\/wp-content\\\/uploads\\\/sites\\\/3\\\/logo_infostars.png\",\"contentUrl\":\"https:\\\/\\\/www.gps-infostars.com\\\/es\\\/wp-content\\\/uploads\\\/sites\\\/3\\\/logo_infostars.png\",\"width\":1125,\"height\":360,\"caption\":\"INFOSTARS SOLUCIONES, S.L.\"},\"image\":{\"@id\":\"https:\\\/\\\/www.gps-infostars.com\\\/es\\\/#\\\/schema\\\/logo\\\/image\\\/\"}}]}<\/script>\n<!-- \/ Yoast SEO plugin. -->","yoast_head_json":{"title":"Transportes de alimentos - INFOSTARS SOLUCIONES, S.L.","description":"Seguimiento GPS y dispositivos GPS para coches, camiones, ganado y mucho m\u00e1s, as\u00ed como cuadernos de bit\u00e1cora electr\u00f3nicos de GPS Infostars","robots":{"index":"index","follow":"follow","max-snippet":"max-snippet:-1","max-image-preview":"max-image-preview:large","max-video-preview":"max-video-preview:-1"},"canonical":"https:\/\/www.gps-infostars.com\/es\/soluciones-industriales\/transportes-de-alimentos\/","og_locale":"es_ES","og_type":"article","og_title":"Transportes de alimentos - INFOSTARS SOLUCIONES, S.L.","og_description":"Seguimiento GPS y dispositivos GPS para coches, camiones, ganado y mucho m\u00e1s, as\u00ed como cuadernos de bit\u00e1cora electr\u00f3nicos de GPS Infostars","og_url":"https:\/\/www.gps-infostars.com\/es\/soluciones-industriales\/transportes-de-alimentos\/","og_site_name":"INFOSTARS SOLUCIONES, S.L.","article_modified_time":"2024-12-11T11:40:46+00:00","og_image":[{"url":"https:\/\/www.gps-infostars.com\/es\/wp-content\/uploads\/sites\/3\/lebensmittel_header.jpg","type":"","width":"","height":""}],"twitter_card":"summary_large_image","twitter_misc":{"Tiempo de lectura":"3 minutos"},"schema":{"@context":"https:\/\/schema.org","@graph":[{"@type":"WebPage","@id":"https:\/\/www.gps-infostars.com\/es\/soluciones-industriales\/transportes-de-alimentos\/","url":"https:\/\/www.gps-infostars.com\/es\/soluciones-industriales\/transportes-de-alimentos\/","name":"Transportes de alimentos - INFOSTARS SOLUCIONES, S.L.","isPartOf":{"@id":"https:\/\/www.gps-infostars.com\/es\/#website"},"primaryImageOfPage":{"@id":"https:\/\/www.gps-infostars.com\/es\/soluciones-industriales\/transportes-de-alimentos\/#primaryimage"},"image":{"@id":"https:\/\/www.gps-infostars.com\/es\/soluciones-industriales\/transportes-de-alimentos\/#primaryimage"},"thumbnailUrl":"https:\/\/www.gps-infostars.com\/es\/wp-content\/uploads\/sites\/3\/lebensmittel_header.jpg","datePublished":"2022-01-26T19:12:02+00:00","dateModified":"2024-12-11T11:40:46+00:00","description":"Seguimiento GPS y dispositivos GPS para coches, camiones, ganado y mucho m\u00e1s, as\u00ed como cuadernos de bit\u00e1cora electr\u00f3nicos de GPS Infostars","breadcrumb":{"@id":"https:\/\/www.gps-infostars.com\/es\/soluciones-industriales\/transportes-de-alimentos\/#breadcrumb"},"inLanguage":"es","potentialAction":[{"@type":"ReadAction","target":["https:\/\/www.gps-infostars.com\/es\/soluciones-industriales\/transportes-de-alimentos\/"]}]},{"@type":"ImageObject","inLanguage":"es","@id":"https:\/\/www.gps-infostars.com\/es\/soluciones-industriales\/transportes-de-alimentos\/#primaryimage","url":"https:\/\/www.gps-infostars.com\/es\/wp-content\/uploads\/sites\/3\/lebensmittel_header.jpg","contentUrl":"https:\/\/www.gps-infostars.com\/es\/wp-content\/uploads\/sites\/3\/lebensmittel_header.jpg","width":2400,"height":417},{"@type":"BreadcrumbList","@id":"https:\/\/www.gps-infostars.com\/es\/soluciones-industriales\/transportes-de-alimentos\/#breadcrumb","itemListElement":[{"@type":"ListItem","position":1,"name":"Startseite","item":"https:\/\/www.gps-infostars.com\/es\/"},{"@type":"ListItem","position":2,"name":"Soluciones industriales","item":"https:\/\/www.gps-infostars.com\/es\/soluciones-industriales\/"},{"@type":"ListItem","position":3,"name":"Transportes de alimentos"}]},{"@type":"WebSite","@id":"https:\/\/www.gps-infostars.com\/es\/#website","url":"https:\/\/www.gps-infostars.com\/es\/","name":"INFOSTARS SOLUCIONES, S.L.","description":"Einfach, pr\u00e4zise &amp; zuverl\u00e4ssig.","publisher":{"@id":"https:\/\/www.gps-infostars.com\/es\/#organization"},"potentialAction":[{"@type":"SearchAction","target":{"@type":"EntryPoint","urlTemplate":"https:\/\/www.gps-infostars.com\/es\/?s={search_term_string}"},"query-input":{"@type":"PropertyValueSpecification","valueRequired":true,"valueName":"search_term_string"}}],"inLanguage":"es"},{"@type":"Organization","@id":"https:\/\/www.gps-infostars.com\/es\/#organization","name":"INFOSTARS SOLUCIONES, S.L.","url":"https:\/\/www.gps-infostars.com\/es\/","logo":{"@type":"ImageObject","inLanguage":"es","@id":"https:\/\/www.gps-infostars.com\/es\/#\/schema\/logo\/image\/","url":"https:\/\/www.gps-infostars.com\/es\/wp-content\/uploads\/sites\/3\/logo_infostars.png","contentUrl":"https:\/\/www.gps-infostars.com\/es\/wp-content\/uploads\/sites\/3\/logo_infostars.png","width":1125,"height":360,"caption":"INFOSTARS SOLUCIONES, S.L."},"image":{"@id":"https:\/\/www.gps-infostars.com\/es\/#\/schema\/logo\/image\/"}}]}},"_links":{"self":[{"href":"https:\/\/www.gps-infostars.com\/es\/wp-json\/wp\/v2\/pages\/34386","targetHints":{"allow":["GET"]}}],"collection":[{"href":"https:\/\/www.gps-infostars.com\/es\/wp-json\/wp\/v2\/pages"}],"about":[{"href":"https:\/\/www.gps-infostars.com\/es\/wp-json\/wp\/v2\/types\/page"}],"author":[{"embeddable":true,"href":"https:\/\/www.gps-infostars.com\/es\/wp-json\/wp\/v2\/users\/1"}],"replies":[{"embeddable":true,"href":"https:\/\/www.gps-infostars.com\/es\/wp-json\/wp\/v2\/comments?post=34386"}],"version-history":[{"count":35,"href":"https:\/\/www.gps-infostars.com\/es\/wp-json\/wp\/v2\/pages\/34386\/revisions"}],"predecessor-version":[{"id":53928,"href":"https:\/\/www.gps-infostars.com\/es\/wp-json\/wp\/v2\/pages\/34386\/revisions\/53928"}],"up":[{"embeddable":true,"href":"https:\/\/www.gps-infostars.com\/es\/wp-json\/wp\/v2\/pages\/34016"}],"wp:attachment":[{"href":"https:\/\/www.gps-infostars.com\/es\/wp-json\/wp\/v2\/media?parent=34386"}],"curies":[{"name":"wp","href":"https:\/\/api.w.org\/{rel}","templated":true}]}}