{"id":34396,"date":"2022-01-26T20:12:29","date_gmt":"2022-01-26T19:12:29","guid":{"rendered":"http:\/\/dev2.gps-infostars.com\/branchenloesungen\/mischfuhrpark\/"},"modified":"2024-12-11T12:11:33","modified_gmt":"2024-12-11T11:11:33","slug":"flota-mixta","status":"publish","type":"page","link":"https:\/\/www.gps-infostars.com\/es\/soluciones-industriales\/flota-mixta\/","title":{"rendered":"Flota mixta"},"content":{"rendered":"\t\t<div data-elementor-type=\"wp-page\" data-elementor-id=\"34396\" class=\"elementor elementor-34396 elementor-31005\" data-elementor-post-type=\"page\">\n\t\t\t\t\t\t<section class=\"elementor-section elementor-top-section elementor-element elementor-element-726940da elementor-section-boxed elementor-section-height-default elementor-section-height-default\" data-id=\"726940da\" data-element_type=\"section\" data-e-type=\"section\">\n\t\t\t\t\t\t<div class=\"elementor-container elementor-column-gap-default\">\n\t\t\t\t\t<div class=\"elementor-column elementor-col-100 elementor-top-column elementor-element elementor-element-7bad7b1a\" data-id=\"7bad7b1a\" data-element_type=\"column\" data-e-type=\"column\">\n\t\t\t<div class=\"elementor-widget-wrap elementor-element-populated\">\n\t\t\t\t\t\t<div class=\"elementor-element elementor-element-3491c75a elementor-widget elementor-widget-heading\" data-id=\"3491c75a\" data-element_type=\"widget\" data-e-type=\"widget\" data-widget_type=\"heading.default\">\n\t\t\t\t<div class=\"elementor-widget-container\">\n\t\t\t\t\t<h2 class=\"elementor-heading-title elementor-size-default\">Informado siempre y en todo momento<\/h2>\t\t\t\t<\/div>\n\t\t\t\t<\/div>\n\t\t\t\t<div class=\"elementor-element elementor-element-19a89ae1 elementor-widget elementor-widget-heading\" data-id=\"19a89ae1\" data-element_type=\"widget\" data-e-type=\"widget\" data-widget_type=\"heading.default\">\n\t\t\t\t<div class=\"elementor-widget-container\">\n\t\t\t\t\t<h1 class=\"elementor-heading-title elementor-size-default\">Flota mixta<\/h1>\t\t\t\t<\/div>\n\t\t\t\t<\/div>\n\t\t\t\t<div class=\"elementor-element elementor-element-175debb1 elementor-widget elementor-widget-image\" data-id=\"175debb1\" data-element_type=\"widget\" data-e-type=\"widget\" data-widget_type=\"image.default\">\n\t\t\t\t<div class=\"elementor-widget-container\">\n\t\t\t\t\t\t\t\t\t\t\t\t\t\t\t<img fetchpriority=\"high\" decoding=\"async\" width=\"1200\" height=\"209\" src=\"https:\/\/www.gps-infostars.com\/es\/wp-content\/uploads\/sites\/3\/mischfuhrpark_header.jpg\" class=\"attachment-large size-large wp-image-33881\" alt=\"\" srcset=\"https:\/\/www.gps-infostars.com\/es\/wp-content\/uploads\/sites\/3\/mischfuhrpark_header.jpg 2400w, https:\/\/www.gps-infostars.com\/es\/wp-content\/uploads\/sites\/3\/mischfuhrpark_header-800x139.jpg 800w, https:\/\/www.gps-infostars.com\/es\/wp-content\/uploads\/sites\/3\/mischfuhrpark_header-600x104.jpg 600w, https:\/\/www.gps-infostars.com\/es\/wp-content\/uploads\/sites\/3\/mischfuhrpark_header-768x133.jpg 768w, https:\/\/www.gps-infostars.com\/es\/wp-content\/uploads\/sites\/3\/mischfuhrpark_header-1536x267.jpg 1536w, https:\/\/www.gps-infostars.com\/es\/wp-content\/uploads\/sites\/3\/mischfuhrpark_header-2048x356.jpg 2048w\" sizes=\"(max-width: 1200px) 100vw, 1200px\" \/>\t\t\t\t\t\t\t\t\t\t\t\t\t\t\t<\/div>\n\t\t\t\t<\/div>\n\t\t\t\t\t<\/div>\n\t\t<\/div>\n\t\t\t\t\t<\/div>\n\t\t<\/section>\n\t\t\t\t<section class=\"elementor-section elementor-top-section elementor-element elementor-element-5293ee4c elementor-section-boxed elementor-section-height-default elementor-section-height-default\" data-id=\"5293ee4c\" data-element_type=\"section\" data-e-type=\"section\">\n\t\t\t\t\t\t<div class=\"elementor-container elementor-column-gap-default\">\n\t\t\t\t\t<div class=\"elementor-column elementor-col-66 elementor-top-column elementor-element elementor-element-57a38e76\" data-id=\"57a38e76\" data-element_type=\"column\" data-e-type=\"column\">\n\t\t\t<div class=\"elementor-widget-wrap elementor-element-populated\">\n\t\t\t\t\t\t<div class=\"elementor-element elementor-element-2d9ea0a4 elementor-widget elementor-widget-text-editor\" data-id=\"2d9ea0a4\" data-element_type=\"widget\" data-e-type=\"widget\" data-widget_type=\"text-editor.default\">\n\t\t\t\t<div class=\"elementor-widget-container\">\n\t\t\t\t\t\t\t\t\t<p>Nuestros diferentes tipos de hardware y m\u00f3dulos de software se adaptan individualmente a las necesidades de su flota. La agrupaci\u00f3n de los veh\u00edculos por \u00e1reas, actividades, etc. garantiza una organizaci\u00f3n individual y clara.<\/p><p>Los servicios de InfoStars incluyen el seguimiento por GPS, la protecci\u00f3n contra robos y la gesti\u00f3n de flotas. Nuestros productos son una combinaci\u00f3n coordinada de hardware y software que puede satisfacer cualquiera de sus necesidades.<\/p><h3>Dispositivo de localizaci\u00f3n GPS para el seguimiento por GPS<\/h3><p>El hardware transmite informaci\u00f3n y datos de los veh\u00edculos en tiempo real y de forma autom\u00e1tica al servidor.<\/p><h3>El software de visualizaci\u00f3n y gesti\u00f3n de flotas basado en la web<\/h3><p>La informaci\u00f3n se procesa autom\u00e1ticamente y se muestra con claridad gracias a un moderno software basado en la web. Esto garantiza que nuestros clientes siempre dispongan de sus datos, incluso los del pasado. A trav\u00e9s de las interfaces, puede transferir autom\u00e1ticamente los datos a un sistema posterior.<\/p><h3>Diferentes modelos de hardware GPS<\/h3><p>Infostars ofrece diferentes modelos de hardware para satisfacer mejor los requisitos espec\u00edficos de los clientes para determinados veh\u00edculos o grupos de veh\u00edculos. Para todos ellos, la posici\u00f3n exacta se determina mediante el seguimiento por GPS. Los distintos modelos de hardware (dispositivos de seguimiento por GPS) difieren en principio en funci\u00f3n de c\u00f3mo se montan\/instalan o de la informaci\u00f3n que se puede transmitir.<\/p><h3>Sus ventajas de un vistazo:<\/h3><p><span style=\"color: #e1710f;\">\u2192<\/span> Disposici\u00f3n<\/p><p><span style=\"color: #e1710f;\">\u2192 <\/span>Prevenci\u00f3n de robos<\/p><p><span style=\"color: #e1710f;\">\u2192 <\/span>Multiling\u00fce &#8211; controlado por el usuario<\/p><p><span style=\"color: #e1710f;\">\u2192 <\/span>Control del tiempo de trabajo<\/p><p><span style=\"font-family: Helvetica, sans-serif; letter-spacing: var(--the7-base-letter-spacing); text-transform: var(--the7-base-text-transform); word-spacing: normal; color: #e1710f;\">\u2192<\/span><span style=\"font-family: Helvetica, sans-serif; letter-spacing: var(--the7-base-letter-spacing); text-transform: var(--the7-base-text-transform); word-spacing: normal;\"> Libro de registro autom\u00e1tico<\/span><\/p><p><span style=\"font-family: Helvetica, sans-serif; letter-spacing: var(--the7-base-letter-spacing); text-transform: var(--the7-base-text-transform); word-spacing: normal; color: #e1710f;\">\u2192<\/span><span style=\"font-family: Helvetica, sans-serif; letter-spacing: var(--the7-base-letter-spacing); text-transform: var(--the7-base-text-transform); word-spacing: normal;\"> Coches, camiones, maquinaria de construcci\u00f3n y contenedores: claramente expuestos en un solo paquete de software<\/span><\/p><div><span style=\"color: #e1710f;\">\u2192<\/span> Documentaci\u00f3n de la actividad<\/div><p><span style=\"color: #e1710f; font-family: Helvetica, sans-serif; letter-spacing: var(--the7-base-letter-spacing); text-transform: var(--the7-base-text-transform); word-spacing: normal;\">\u2192 <\/span><span style=\"font-family: Helvetica, sans-serif; letter-spacing: var(--the7-base-letter-spacing); text-transform: var(--the7-base-text-transform); word-spacing: normal;\">Reconocimiento del conductor<\/span><\/p>\t\t\t\t\t\t\t\t<\/div>\n\t\t\t\t<\/div>\n\t\t\t\t<div class=\"elementor-element elementor-element-125ae381 elementor-widget elementor-widget-text-editor\" data-id=\"125ae381\" data-element_type=\"widget\" data-e-type=\"widget\" data-widget_type=\"text-editor.default\">\n\t\t\t\t<div class=\"elementor-widget-container\">\n\t\t\t\t\t\t\t\t\t<h3 style=\"font-style: normal; font-variant-ligatures: normal; font-variant-caps: normal; text-transform: none; letter-spacing: normal; word-spacing: 0px; text-decoration-thickness: initial; text-decoration-style: initial; text-decoration-color: initial;\">\u00bfTiene alguna pregunta?<\/h3><p>Nuestros asesores est\u00e1n siempre a su disposici\u00f3n. P\u00f3ngase en contacto con nosotros:<\/p><p>L\u00ednea de atenci\u00f3n telef\u00f3nica (+34) 913 352 493 (de lunes a viernes, de 9 a 18 horas).<\/p><p style=\"color: #545657;\"><span style=\"letter-spacing: 0.32px; text-transform: var(--the7-base-text-transform); word-spacing: normal;\">Env\u00ede un correo electr\u00f3nico a <\/span><a href=\"&#109;&#x61;i&#108;&#x74;o&#x3a;&#x6f;&#102;&#x69;c&#105;&#x6e;a&#64;&#x67;&#112;&#x73;-&#105;&#x6e;f&#111;&#x73;&#116;&#x61;&#x72;&#115;&#x2e;c&#111;&#x6d;\">&#111;&#x66;&#x69;c&#105;&#x6e;a&#64;&#x67;&#x70;s&#45;&#x69;n&#102;&#x6f;&#x73;t&#97;&#x72;s&#46;&#x63;&#x6f;&#109; <\/a>\u00a0o utilice nuestro unser <a href=\"https:\/\/www.gps-infostars.com\/es\/asesoramiento-y-contacto\/formulario-de-contacto\/\">\u2192 formulario de contacto<\/a><\/p>\t\t\t\t\t\t\t\t<\/div>\n\t\t\t\t<\/div>\n\t\t\t\t\t<\/div>\n\t\t<\/div>\n\t\t\t\t<div class=\"elementor-column elementor-col-33 elementor-top-column elementor-element elementor-element-6044b3ea\" data-id=\"6044b3ea\" data-element_type=\"column\" data-e-type=\"column\">\n\t\t\t<div class=\"elementor-widget-wrap elementor-element-populated\">\n\t\t\t\t\t\t<div class=\"elementor-element elementor-element-70e5fc35 elementor-widget elementor-widget-heading\" data-id=\"70e5fc35\" data-element_type=\"widget\" data-e-type=\"widget\" data-widget_type=\"heading.default\">\n\t\t\t\t<div class=\"elementor-widget-container\">\n\t\t\t\t\t<h3 class=\"elementor-heading-title elementor-size-default\">Nuestro producto<\/h3>\t\t\t\t<\/div>\n\t\t\t\t<\/div>\n\t\t\t\t<section class=\"elementor-section elementor-inner-section elementor-element elementor-element-601dd7be elementor-section-boxed elementor-section-height-default elementor-section-height-default\" data-id=\"601dd7be\" data-element_type=\"section\" data-e-type=\"section\">\n\t\t\t\t\t\t<div class=\"elementor-container elementor-column-gap-default\">\n\t\t\t\t\t<div class=\"elementor-column elementor-col-100 elementor-inner-column elementor-element elementor-element-61ee97c9\" data-id=\"61ee97c9\" data-element_type=\"column\" data-e-type=\"column\">\n\t\t\t<div class=\"elementor-widget-wrap elementor-element-populated\">\n\t\t\t\t\t\t<div class=\"elementor-element elementor-element-31f356fa elementor-widget elementor-widget-image\" data-id=\"31f356fa\" data-element_type=\"widget\" data-e-type=\"widget\" data-widget_type=\"image.default\">\n\t\t\t\t<div class=\"elementor-widget-container\">\n\t\t\t\t\t\t\t\t\t\t\t\t\t\t\t<img decoding=\"async\" width=\"1200\" height=\"923\" src=\"https:\/\/www.gps-infostars.com\/es\/wp-content\/uploads\/sites\/3\/gps_tracking_basic_es-2400x1846.jpg\" class=\"attachment-large size-large wp-image-42691\" alt=\"\" srcset=\"https:\/\/www.gps-infostars.com\/es\/wp-content\/uploads\/sites\/3\/gps_tracking_basic_es-2400x1846.jpg 2400w, https:\/\/www.gps-infostars.com\/es\/wp-content\/uploads\/sites\/3\/gps_tracking_basic_es-scaled-800x615.jpg 800w, https:\/\/www.gps-infostars.com\/es\/wp-content\/uploads\/sites\/3\/gps_tracking_basic_es-600x462.jpg 600w, https:\/\/www.gps-infostars.com\/es\/wp-content\/uploads\/sites\/3\/gps_tracking_basic_es-768x591.jpg 768w, https:\/\/www.gps-infostars.com\/es\/wp-content\/uploads\/sites\/3\/gps_tracking_basic_es-1536x1182.jpg 1536w, https:\/\/www.gps-infostars.com\/es\/wp-content\/uploads\/sites\/3\/gps_tracking_basic_es-2048x1575.jpg 2048w\" sizes=\"(max-width: 1200px) 100vw, 1200px\" \/>\t\t\t\t\t\t\t\t\t\t\t\t\t\t\t<\/div>\n\t\t\t\t<\/div>\n\t\t\t\t<div class=\"elementor-element elementor-element-6ec2ee26 elementor-widget elementor-widget-text-editor\" data-id=\"6ec2ee26\" data-element_type=\"widget\" data-e-type=\"widget\" data-widget_type=\"text-editor.default\">\n\t\t\t\t<div class=\"elementor-widget-container\">\n\t\t\t\t\t\t\t\t\t<h5>Paquete b\u00e1sico a un precio razonable<\/h5><h4>Seguimiento GPS b\u00e1sico<\/h4><div><p>Opcionalmente ampliable en cualquier momento y a sus necesidades individuales, incl. tarjeta SIM y los costes de transmisi\u00f3n de datos en la zona 1.<\/p><p><span style=\"color: #e1710f; letter-spacing: 0.32px; text-transform: var(--the7-base-text-transform); word-spacing: normal;\">\u2192 <\/span>Localizaci\u00f3n en vivo<\/p><p><span style=\"color: #e1710f; letter-spacing: 0.32px; text-transform: var(--the7-base-text-transform); word-spacing: normal;\">\u2192 <\/span>Direcci\u00f3n con n\u00famero de casa<\/p><p><span style=\"color: #e1710f; letter-spacing: 0.32px; text-transform: var(--the7-base-text-transform); word-spacing: normal;\">\u2192 <\/span>Posici\u00f3n en el mapa y en la lista<\/p><p><span style=\"color: #e1710f; letter-spacing: 0.32px; text-transform: var(--the7-base-text-transform); word-spacing: normal;\">\u2192 <\/span>Tarjeta SIM incl. transferencia de datos<\/p><\/div>\t\t\t\t\t\t\t\t<\/div>\n\t\t\t\t<\/div>\n\t\t\t\t<div class=\"elementor-element elementor-element-f397102 elementor-align-center elementor-widget elementor-widget-button\" data-id=\"f397102\" data-element_type=\"widget\" data-e-type=\"widget\" data-widget_type=\"button.default\">\n\t\t\t\t<div class=\"elementor-widget-container\">\n\t\t\t\t\t\t\t\t\t<div class=\"elementor-button-wrapper\">\n\t\t\t\t\t<a class=\"elementor-button elementor-button-link elementor-size-sm\" href=\"https:\/\/www.gps-infostars.com\/es\/tienda\/productos-de-seguimiento-gps\/\">\n\t\t\t\t\t\t<span class=\"elementor-button-content-wrapper\">\n\t\t\t\t\t\t\t\t\t<span class=\"elementor-button-text\">Ir a la Tienda<\/span>\n\t\t\t\t\t<\/span>\n\t\t\t\t\t<\/a>\n\t\t\t\t<\/div>\n\t\t\t\t\t\t\t\t<\/div>\n\t\t\t\t<\/div>\n\t\t\t\t\t<\/div>\n\t\t<\/div>\n\t\t\t\t\t<\/div>\n\t\t<\/section>\n\t\t\t\t\t<\/div>\n\t\t<\/div>\n\t\t\t\t\t<\/div>\n\t\t<\/section>\n\t\t\t\t<section class=\"elementor-section elementor-top-section elementor-element elementor-element-37ac4c5a elementor-section-boxed elementor-section-height-default elementor-section-height-default\" data-id=\"37ac4c5a\" data-element_type=\"section\" data-e-type=\"section\">\n\t\t\t\t\t\t<div class=\"elementor-container elementor-column-gap-default\">\n\t\t\t\t\t<div class=\"elementor-column elementor-col-100 elementor-top-column elementor-element elementor-element-6a9f4e8\" data-id=\"6a9f4e8\" data-element_type=\"column\" data-e-type=\"column\">\n\t\t\t<div class=\"elementor-widget-wrap\">\n\t\t\t\t\t\t\t<\/div>\n\t\t<\/div>\n\t\t\t\t\t<\/div>\n\t\t<\/section>\n\t\t\t\t<\/div>\n\t\t","protected":false},"excerpt":{"rendered":"<p>Informado siempre y en todo momento Flota mixta Nuestros diferentes tipos de hardware y m\u00f3dulos de software se adaptan individualmente a las necesidades de su flota. La agrupaci\u00f3n de los veh\u00edculos por \u00e1reas, actividades, etc. garantiza una organizaci\u00f3n individual y clara. Los servicios de InfoStars incluyen el seguimiento por GPS, la protecci\u00f3n contra robos y&hellip;<\/p>\n","protected":false},"author":1,"featured_media":0,"parent":34016,"menu_order":0,"comment_status":"closed","ping_status":"closed","template":"","meta":{"inline_featured_image":false,"footnotes":""},"class_list":["post-34396","page","type-page","status-publish","hentry"],"yoast_head":"<!-- This site is optimized with the Yoast SEO plugin v27.6 - https:\/\/yoast.com\/product\/yoast-seo-wordpress\/ -->\n<title>Flota mixta - INFOSTARS SOLUCIONES, S.L.<\/title>\n<meta name=\"description\" content=\"Seguimiento GPS y dispositivos GPS para coches, camiones, ganado y mucho m\u00e1s, as\u00ed como cuadernos de bit\u00e1cora electr\u00f3nicos de GPS Infostars\" \/>\n<meta name=\"robots\" content=\"index, follow, max-snippet:-1, max-image-preview:large, max-video-preview:-1\" \/>\n<link rel=\"canonical\" href=\"https:\/\/www.gps-infostars.com\/es\/soluciones-industriales\/flota-mixta\/\" \/>\n<meta property=\"og:locale\" content=\"es_ES\" \/>\n<meta property=\"og:type\" content=\"article\" \/>\n<meta property=\"og:title\" content=\"Flota mixta - INFOSTARS SOLUCIONES, S.L.\" \/>\n<meta property=\"og:description\" content=\"Seguimiento GPS y dispositivos GPS para coches, camiones, ganado y mucho m\u00e1s, as\u00ed como cuadernos de bit\u00e1cora electr\u00f3nicos de GPS Infostars\" \/>\n<meta property=\"og:url\" content=\"https:\/\/www.gps-infostars.com\/es\/soluciones-industriales\/flota-mixta\/\" \/>\n<meta property=\"og:site_name\" content=\"INFOSTARS SOLUCIONES, S.L.\" \/>\n<meta property=\"article:modified_time\" content=\"2024-12-11T11:11:33+00:00\" \/>\n<meta property=\"og:image\" content=\"https:\/\/www.gps-infostars.com\/es\/wp-content\/uploads\/sites\/3\/mischfuhrpark_header.jpg\" \/>\n<meta name=\"twitter:card\" content=\"summary_large_image\" \/>\n<meta name=\"twitter:label1\" content=\"Tiempo de lectura\" \/>\n\t<meta name=\"twitter:data1\" content=\"3 minutos\" \/>\n<script type=\"application\/ld+json\" class=\"yoast-schema-graph\">{\"@context\":\"https:\\\/\\\/schema.org\",\"@graph\":[{\"@type\":\"WebPage\",\"@id\":\"https:\\\/\\\/www.gps-infostars.com\\\/es\\\/soluciones-industriales\\\/flota-mixta\\\/\",\"url\":\"https:\\\/\\\/www.gps-infostars.com\\\/es\\\/soluciones-industriales\\\/flota-mixta\\\/\",\"name\":\"Flota mixta - INFOSTARS SOLUCIONES, S.L.\",\"isPartOf\":{\"@id\":\"https:\\\/\\\/www.gps-infostars.com\\\/es\\\/#website\"},\"primaryImageOfPage\":{\"@id\":\"https:\\\/\\\/www.gps-infostars.com\\\/es\\\/soluciones-industriales\\\/flota-mixta\\\/#primaryimage\"},\"image\":{\"@id\":\"https:\\\/\\\/www.gps-infostars.com\\\/es\\\/soluciones-industriales\\\/flota-mixta\\\/#primaryimage\"},\"thumbnailUrl\":\"https:\\\/\\\/www.gps-infostars.com\\\/es\\\/wp-content\\\/uploads\\\/sites\\\/3\\\/mischfuhrpark_header.jpg\",\"datePublished\":\"2022-01-26T19:12:29+00:00\",\"dateModified\":\"2024-12-11T11:11:33+00:00\",\"description\":\"Seguimiento GPS y dispositivos GPS para coches, camiones, ganado y mucho m\u00e1s, as\u00ed como cuadernos de bit\u00e1cora electr\u00f3nicos de GPS Infostars\",\"breadcrumb\":{\"@id\":\"https:\\\/\\\/www.gps-infostars.com\\\/es\\\/soluciones-industriales\\\/flota-mixta\\\/#breadcrumb\"},\"inLanguage\":\"es\",\"potentialAction\":[{\"@type\":\"ReadAction\",\"target\":[\"https:\\\/\\\/www.gps-infostars.com\\\/es\\\/soluciones-industriales\\\/flota-mixta\\\/\"]}]},{\"@type\":\"ImageObject\",\"inLanguage\":\"es\",\"@id\":\"https:\\\/\\\/www.gps-infostars.com\\\/es\\\/soluciones-industriales\\\/flota-mixta\\\/#primaryimage\",\"url\":\"https:\\\/\\\/www.gps-infostars.com\\\/es\\\/wp-content\\\/uploads\\\/sites\\\/3\\\/mischfuhrpark_header.jpg\",\"contentUrl\":\"https:\\\/\\\/www.gps-infostars.com\\\/es\\\/wp-content\\\/uploads\\\/sites\\\/3\\\/mischfuhrpark_header.jpg\",\"width\":2400,\"height\":417},{\"@type\":\"BreadcrumbList\",\"@id\":\"https:\\\/\\\/www.gps-infostars.com\\\/es\\\/soluciones-industriales\\\/flota-mixta\\\/#breadcrumb\",\"itemListElement\":[{\"@type\":\"ListItem\",\"position\":1,\"name\":\"Startseite\",\"item\":\"https:\\\/\\\/www.gps-infostars.com\\\/es\\\/\"},{\"@type\":\"ListItem\",\"position\":2,\"name\":\"Soluciones industriales\",\"item\":\"https:\\\/\\\/www.gps-infostars.com\\\/es\\\/soluciones-industriales\\\/\"},{\"@type\":\"ListItem\",\"position\":3,\"name\":\"Flota mixta\"}]},{\"@type\":\"WebSite\",\"@id\":\"https:\\\/\\\/www.gps-infostars.com\\\/es\\\/#website\",\"url\":\"https:\\\/\\\/www.gps-infostars.com\\\/es\\\/\",\"name\":\"INFOSTARS SOLUCIONES, S.L.\",\"description\":\"Einfach, pr\u00e4zise &amp; zuverl\u00e4ssig.\",\"publisher\":{\"@id\":\"https:\\\/\\\/www.gps-infostars.com\\\/es\\\/#organization\"},\"potentialAction\":[{\"@type\":\"SearchAction\",\"target\":{\"@type\":\"EntryPoint\",\"urlTemplate\":\"https:\\\/\\\/www.gps-infostars.com\\\/es\\\/?s={search_term_string}\"},\"query-input\":{\"@type\":\"PropertyValueSpecification\",\"valueRequired\":true,\"valueName\":\"search_term_string\"}}],\"inLanguage\":\"es\"},{\"@type\":\"Organization\",\"@id\":\"https:\\\/\\\/www.gps-infostars.com\\\/es\\\/#organization\",\"name\":\"INFOSTARS SOLUCIONES, S.L.\",\"url\":\"https:\\\/\\\/www.gps-infostars.com\\\/es\\\/\",\"logo\":{\"@type\":\"ImageObject\",\"inLanguage\":\"es\",\"@id\":\"https:\\\/\\\/www.gps-infostars.com\\\/es\\\/#\\\/schema\\\/logo\\\/image\\\/\",\"url\":\"https:\\\/\\\/www.gps-infostars.com\\\/es\\\/wp-content\\\/uploads\\\/sites\\\/3\\\/logo_infostars.png\",\"contentUrl\":\"https:\\\/\\\/www.gps-infostars.com\\\/es\\\/wp-content\\\/uploads\\\/sites\\\/3\\\/logo_infostars.png\",\"width\":1125,\"height\":360,\"caption\":\"INFOSTARS SOLUCIONES, S.L.\"},\"image\":{\"@id\":\"https:\\\/\\\/www.gps-infostars.com\\\/es\\\/#\\\/schema\\\/logo\\\/image\\\/\"}}]}<\/script>\n<!-- \/ Yoast SEO plugin. -->","yoast_head_json":{"title":"Flota mixta - INFOSTARS SOLUCIONES, S.L.","description":"Seguimiento GPS y dispositivos GPS para coches, camiones, ganado y mucho m\u00e1s, as\u00ed como cuadernos de bit\u00e1cora electr\u00f3nicos de GPS Infostars","robots":{"index":"index","follow":"follow","max-snippet":"max-snippet:-1","max-image-preview":"max-image-preview:large","max-video-preview":"max-video-preview:-1"},"canonical":"https:\/\/www.gps-infostars.com\/es\/soluciones-industriales\/flota-mixta\/","og_locale":"es_ES","og_type":"article","og_title":"Flota mixta - INFOSTARS SOLUCIONES, S.L.","og_description":"Seguimiento GPS y dispositivos GPS para coches, camiones, ganado y mucho m\u00e1s, as\u00ed como cuadernos de bit\u00e1cora electr\u00f3nicos de GPS Infostars","og_url":"https:\/\/www.gps-infostars.com\/es\/soluciones-industriales\/flota-mixta\/","og_site_name":"INFOSTARS SOLUCIONES, S.L.","article_modified_time":"2024-12-11T11:11:33+00:00","og_image":[{"url":"https:\/\/www.gps-infostars.com\/es\/wp-content\/uploads\/sites\/3\/mischfuhrpark_header.jpg","type":"","width":"","height":""}],"twitter_card":"summary_large_image","twitter_misc":{"Tiempo de lectura":"3 minutos"},"schema":{"@context":"https:\/\/schema.org","@graph":[{"@type":"WebPage","@id":"https:\/\/www.gps-infostars.com\/es\/soluciones-industriales\/flota-mixta\/","url":"https:\/\/www.gps-infostars.com\/es\/soluciones-industriales\/flota-mixta\/","name":"Flota mixta - INFOSTARS SOLUCIONES, S.L.","isPartOf":{"@id":"https:\/\/www.gps-infostars.com\/es\/#website"},"primaryImageOfPage":{"@id":"https:\/\/www.gps-infostars.com\/es\/soluciones-industriales\/flota-mixta\/#primaryimage"},"image":{"@id":"https:\/\/www.gps-infostars.com\/es\/soluciones-industriales\/flota-mixta\/#primaryimage"},"thumbnailUrl":"https:\/\/www.gps-infostars.com\/es\/wp-content\/uploads\/sites\/3\/mischfuhrpark_header.jpg","datePublished":"2022-01-26T19:12:29+00:00","dateModified":"2024-12-11T11:11:33+00:00","description":"Seguimiento GPS y dispositivos GPS para coches, camiones, ganado y mucho m\u00e1s, as\u00ed como cuadernos de bit\u00e1cora electr\u00f3nicos de GPS Infostars","breadcrumb":{"@id":"https:\/\/www.gps-infostars.com\/es\/soluciones-industriales\/flota-mixta\/#breadcrumb"},"inLanguage":"es","potentialAction":[{"@type":"ReadAction","target":["https:\/\/www.gps-infostars.com\/es\/soluciones-industriales\/flota-mixta\/"]}]},{"@type":"ImageObject","inLanguage":"es","@id":"https:\/\/www.gps-infostars.com\/es\/soluciones-industriales\/flota-mixta\/#primaryimage","url":"https:\/\/www.gps-infostars.com\/es\/wp-content\/uploads\/sites\/3\/mischfuhrpark_header.jpg","contentUrl":"https:\/\/www.gps-infostars.com\/es\/wp-content\/uploads\/sites\/3\/mischfuhrpark_header.jpg","width":2400,"height":417},{"@type":"BreadcrumbList","@id":"https:\/\/www.gps-infostars.com\/es\/soluciones-industriales\/flota-mixta\/#breadcrumb","itemListElement":[{"@type":"ListItem","position":1,"name":"Startseite","item":"https:\/\/www.gps-infostars.com\/es\/"},{"@type":"ListItem","position":2,"name":"Soluciones industriales","item":"https:\/\/www.gps-infostars.com\/es\/soluciones-industriales\/"},{"@type":"ListItem","position":3,"name":"Flota mixta"}]},{"@type":"WebSite","@id":"https:\/\/www.gps-infostars.com\/es\/#website","url":"https:\/\/www.gps-infostars.com\/es\/","name":"INFOSTARS SOLUCIONES, S.L.","description":"Einfach, pr\u00e4zise &amp; zuverl\u00e4ssig.","publisher":{"@id":"https:\/\/www.gps-infostars.com\/es\/#organization"},"potentialAction":[{"@type":"SearchAction","target":{"@type":"EntryPoint","urlTemplate":"https:\/\/www.gps-infostars.com\/es\/?s={search_term_string}"},"query-input":{"@type":"PropertyValueSpecification","valueRequired":true,"valueName":"search_term_string"}}],"inLanguage":"es"},{"@type":"Organization","@id":"https:\/\/www.gps-infostars.com\/es\/#organization","name":"INFOSTARS SOLUCIONES, S.L.","url":"https:\/\/www.gps-infostars.com\/es\/","logo":{"@type":"ImageObject","inLanguage":"es","@id":"https:\/\/www.gps-infostars.com\/es\/#\/schema\/logo\/image\/","url":"https:\/\/www.gps-infostars.com\/es\/wp-content\/uploads\/sites\/3\/logo_infostars.png","contentUrl":"https:\/\/www.gps-infostars.com\/es\/wp-content\/uploads\/sites\/3\/logo_infostars.png","width":1125,"height":360,"caption":"INFOSTARS SOLUCIONES, S.L."},"image":{"@id":"https:\/\/www.gps-infostars.com\/es\/#\/schema\/logo\/image\/"}}]}},"_links":{"self":[{"href":"https:\/\/www.gps-infostars.com\/es\/wp-json\/wp\/v2\/pages\/34396","targetHints":{"allow":["GET"]}}],"collection":[{"href":"https:\/\/www.gps-infostars.com\/es\/wp-json\/wp\/v2\/pages"}],"about":[{"href":"https:\/\/www.gps-infostars.com\/es\/wp-json\/wp\/v2\/types\/page"}],"author":[{"embeddable":true,"href":"https:\/\/www.gps-infostars.com\/es\/wp-json\/wp\/v2\/users\/1"}],"replies":[{"embeddable":true,"href":"https:\/\/www.gps-infostars.com\/es\/wp-json\/wp\/v2\/comments?post=34396"}],"version-history":[{"count":50,"href":"https:\/\/www.gps-infostars.com\/es\/wp-json\/wp\/v2\/pages\/34396\/revisions"}],"predecessor-version":[{"id":53896,"href":"https:\/\/www.gps-infostars.com\/es\/wp-json\/wp\/v2\/pages\/34396\/revisions\/53896"}],"up":[{"embeddable":true,"href":"https:\/\/www.gps-infostars.com\/es\/wp-json\/wp\/v2\/pages\/34016"}],"wp:attachment":[{"href":"https:\/\/www.gps-infostars.com\/es\/wp-json\/wp\/v2\/media?parent=34396"}],"curies":[{"name":"wp","href":"https:\/\/api.w.org\/{rel}","templated":true}]}}