{"id":34415,"date":"2022-01-26T20:12:52","date_gmt":"2022-01-26T19:12:52","guid":{"rendered":"http:\/\/dev2.gps-infostars.com\/branchenloesungen\/service-und-montage\/"},"modified":"2024-12-11T12:24:42","modified_gmt":"2024-12-11T11:24:42","slug":"servicio-y-montaje","status":"publish","type":"page","link":"https:\/\/www.gps-infostars.com\/es\/soluciones-industriales\/servicio-y-montaje\/","title":{"rendered":"Servicio y montaje"},"content":{"rendered":"\t\t<div data-elementor-type=\"wp-page\" data-elementor-id=\"34415\" class=\"elementor elementor-34415 elementor-31007\" data-elementor-post-type=\"page\">\n\t\t\t\t\t\t<section class=\"elementor-section elementor-top-section elementor-element elementor-element-d764fb4 elementor-section-boxed elementor-section-height-default elementor-section-height-default\" data-id=\"d764fb4\" data-element_type=\"section\" data-e-type=\"section\">\n\t\t\t\t\t\t<div class=\"elementor-container elementor-column-gap-default\">\n\t\t\t\t\t<div class=\"elementor-column elementor-col-100 elementor-top-column elementor-element elementor-element-1b74fd4c\" data-id=\"1b74fd4c\" data-element_type=\"column\" data-e-type=\"column\">\n\t\t\t<div class=\"elementor-widget-wrap elementor-element-populated\">\n\t\t\t\t\t\t<div class=\"elementor-element elementor-element-179df55c elementor-widget elementor-widget-heading\" data-id=\"179df55c\" data-element_type=\"widget\" data-e-type=\"widget\" data-widget_type=\"heading.default\">\n\t\t\t\t<div class=\"elementor-widget-container\">\n\t\t\t\t\t<h2 class=\"elementor-heading-title elementor-size-default\">Informado siempre y en todo momento<\/h2>\t\t\t\t<\/div>\n\t\t\t\t<\/div>\n\t\t\t\t<div class=\"elementor-element elementor-element-2e2e3286 elementor-widget elementor-widget-heading\" data-id=\"2e2e3286\" data-element_type=\"widget\" data-e-type=\"widget\" data-widget_type=\"heading.default\">\n\t\t\t\t<div class=\"elementor-widget-container\">\n\t\t\t\t\t<h1 class=\"elementor-heading-title elementor-size-default\">Servicio y montaje<\/h1>\t\t\t\t<\/div>\n\t\t\t\t<\/div>\n\t\t\t\t<div class=\"elementor-element elementor-element-19605992 elementor-widget elementor-widget-image\" data-id=\"19605992\" data-element_type=\"widget\" data-e-type=\"widget\" data-widget_type=\"image.default\">\n\t\t\t\t<div class=\"elementor-widget-container\">\n\t\t\t\t\t\t\t\t\t\t\t\t\t\t\t<img fetchpriority=\"high\" decoding=\"async\" width=\"1200\" height=\"209\" src=\"https:\/\/www.gps-infostars.com\/es\/wp-content\/uploads\/sites\/3\/montage_header.jpg\" class=\"attachment-large size-large wp-image-33882\" alt=\"\" srcset=\"https:\/\/www.gps-infostars.com\/es\/wp-content\/uploads\/sites\/3\/montage_header.jpg 2400w, https:\/\/www.gps-infostars.com\/es\/wp-content\/uploads\/sites\/3\/montage_header-800x139.jpg 800w, https:\/\/www.gps-infostars.com\/es\/wp-content\/uploads\/sites\/3\/montage_header-600x104.jpg 600w, https:\/\/www.gps-infostars.com\/es\/wp-content\/uploads\/sites\/3\/montage_header-768x133.jpg 768w, https:\/\/www.gps-infostars.com\/es\/wp-content\/uploads\/sites\/3\/montage_header-1536x267.jpg 1536w, https:\/\/www.gps-infostars.com\/es\/wp-content\/uploads\/sites\/3\/montage_header-2048x356.jpg 2048w\" sizes=\"(max-width: 1200px) 100vw, 1200px\" \/>\t\t\t\t\t\t\t\t\t\t\t\t\t\t\t<\/div>\n\t\t\t\t<\/div>\n\t\t\t\t\t<\/div>\n\t\t<\/div>\n\t\t\t\t\t<\/div>\n\t\t<\/section>\n\t\t\t\t<section class=\"elementor-section elementor-top-section elementor-element elementor-element-6303d77d elementor-section-boxed elementor-section-height-default elementor-section-height-default\" data-id=\"6303d77d\" data-element_type=\"section\" data-e-type=\"section\">\n\t\t\t\t\t\t<div class=\"elementor-container elementor-column-gap-default\">\n\t\t\t\t\t<div class=\"elementor-column elementor-col-66 elementor-top-column elementor-element elementor-element-45c82d35\" data-id=\"45c82d35\" data-element_type=\"column\" data-e-type=\"column\">\n\t\t\t<div class=\"elementor-widget-wrap elementor-element-populated\">\n\t\t\t\t\t\t<div class=\"elementor-element elementor-element-20b68b56 elementor-widget elementor-widget-text-editor\" data-id=\"20b68b56\" data-element_type=\"widget\" data-e-type=\"widget\" data-widget_type=\"text-editor.default\">\n\t\t\t\t<div class=\"elementor-widget-container\">\n\t\t\t\t\t\t\t\t\t<p><strong>Nuestro sistema GPS protege su veh\u00edculo contra el robo. Siempre sabe cu\u00e1ndo y d\u00f3nde est\u00e1n sus veh\u00edculos y cu\u00e1nto tiempo han estado sus equipos en el lugar con el cliente. Esto tambi\u00e9n le proporciona una visi\u00f3n general del cumplimiento de los horarios por parte de sus conductores.<\/strong><\/p><h3>Transparencia de los horarios de trabajo, incluida la cobertura 100% privada<\/h3><p>Adem\u00e1s de la transparencia de los horarios de trabajo, es especialmente importante la transparencia sobre el uso de los veh\u00edculos en el tiempo privado. Con nuestro sistema siempre sabr\u00e1 d\u00f3nde est\u00e1n o han estado sus veh\u00edculos. Esto significa que cualquier uso indebido (por ejemplo, fuera del horario de trabajo) puede ser rastreado en cualquier momento. Adem\u00e1s, ofrecemos una protecci\u00f3n 100% privada para que estas medidas sean tambi\u00e9n legalmente correctas.<\/p><h3>Libro de registro autom\u00e1tico<\/h3><p>Con el libro de registro de conductores autom\u00e1tico, se ahorrar\u00e1 el tedioso papeleo y tendr\u00e1 m\u00e1s tiempo para sus clientes gracias a una flota mejor coordinada.<\/p><h3>Seguimiento por GPS sin el consentimiento del empleado<\/h3><p>Hemos desarrollado un sistema especial que b\u00e1sicamente permite el uso de dispositivos de seguimiento por GPS incluso sin el consentimiento del empleado o del comit\u00e9 de empresa. Esta afirmaci\u00f3n s\u00f3lo se refiere a un producto espec\u00edfico: el libro de registro de conductores de la oficina de impuestos Infostars. Nuestro departamento de ventas estar\u00e1 encantado de asesorarle sobre los detalles.<\/p><h3>Sus ventajas de un vistazo:<\/h3><p><span style=\"color: #e1710f;\">\u2192<\/span> Disposici\u00f3n<\/p><p><span style=\"color: #e1710f;\">\u2192 <\/span>Protecci\u00f3n antirrobo<\/p><p><span style=\"color: #e1710f;\">\u2192 <\/span>Control de informes semanales en pocos segundos<\/p><p><span style=\"color: #e1710f;\">\u2192 <\/span>Control privado de los abusos<\/p><p><span style=\"font-family: Helvetica, sans-serif; letter-spacing: var(--the7-base-letter-spacing); text-transform: var(--the7-base-text-transform); word-spacing: normal; color: #e1710f;\">\u2192<\/span><span style=\"font-family: Helvetica, sans-serif; letter-spacing: var(--the7-base-letter-spacing); text-transform: var(--the7-base-text-transform); word-spacing: normal;\"> Libro de registro autom\u00e1tico<\/span><\/p><p><span style=\"font-family: Helvetica, sans-serif; letter-spacing: var(--the7-base-letter-spacing); text-transform: var(--the7-base-text-transform); word-spacing: normal; color: #e1710f;\">\u2192<\/span><span style=\"font-family: Helvetica, sans-serif; letter-spacing: var(--the7-base-letter-spacing); text-transform: var(--the7-base-text-transform); word-spacing: normal;\"> Documentaci\u00f3n de la actividad<\/span><\/p>\t\t\t\t\t\t\t\t<\/div>\n\t\t\t\t<\/div>\n\t\t\t\t<div class=\"elementor-element elementor-element-6abe948c elementor-widget elementor-widget-text-editor\" data-id=\"6abe948c\" data-element_type=\"widget\" data-e-type=\"widget\" data-widget_type=\"text-editor.default\">\n\t\t\t\t<div class=\"elementor-widget-container\">\n\t\t\t\t\t\t\t\t\t<h3 style=\"font-style: normal; font-variant-ligatures: normal; font-variant-caps: normal; text-transform: none; letter-spacing: normal; word-spacing: 0px; text-decoration-thickness: initial; text-decoration-style: initial; text-decoration-color: initial;\">\u00bfTiene alguna pregunta?<\/h3><p>Nuestros asesores est\u00e1n siempre a su disposici\u00f3n. P\u00f3ngase en contacto con nosotros:<\/p><p>L\u00ednea de atenci\u00f3n telef\u00f3nica (+34) 913 352 493 (de lunes a viernes, de 9 a 18 horas).<\/p><p style=\"color: #545657;\"><span style=\"letter-spacing: 0.32px; text-transform: var(--the7-base-text-transform); word-spacing: normal;\">Env\u00ede un correo electr\u00f3nico a <\/span><a href=\"&#109;&#97;&#x69;&#x6c;&#116;&#111;&#x3a;&#x6f;&#102;&#105;&#x63;&#x69;&#110;&#97;&#x40;&#x67;&#112;&#115;&#x2d;&#x69;&#110;&#102;&#x6f;&#x73;&#116;&#97;&#x72;&#x73;&#46;&#99;&#x6f;&#x6d;\">&#x6f;&#x66;&#x69;&#x63;&#105;&#110;a&#64;g&#x70;&#x73;&#x2d;&#x69;&#110;&#102;ost&#x61;&#x72;&#x73;&#x2e;&#99;&#111;&#109; <\/a>\u00a0o utilice nuestro unser <a href=\"https:\/\/www.gps-infostars.com\/es\/asesoramiento-y-contacto\/formulario-de-contacto\/\">\u2192 formulario de contacto<\/a><\/p>\t\t\t\t\t\t\t\t<\/div>\n\t\t\t\t<\/div>\n\t\t\t\t\t<\/div>\n\t\t<\/div>\n\t\t\t\t<div class=\"elementor-column elementor-col-33 elementor-top-column elementor-element elementor-element-58379b38\" data-id=\"58379b38\" data-element_type=\"column\" data-e-type=\"column\">\n\t\t\t<div class=\"elementor-widget-wrap elementor-element-populated\">\n\t\t\t\t\t\t<div class=\"elementor-element elementor-element-556f3f42 elementor-widget elementor-widget-heading\" data-id=\"556f3f42\" data-element_type=\"widget\" data-e-type=\"widget\" data-widget_type=\"heading.default\">\n\t\t\t\t<div class=\"elementor-widget-container\">\n\t\t\t\t\t<h3 class=\"elementor-heading-title elementor-size-default\">Nuestro producto<\/h3>\t\t\t\t<\/div>\n\t\t\t\t<\/div>\n\t\t\t\t<section class=\"elementor-section elementor-inner-section elementor-element elementor-element-67c01003 elementor-section-boxed elementor-section-height-default elementor-section-height-default\" data-id=\"67c01003\" data-element_type=\"section\" data-e-type=\"section\">\n\t\t\t\t\t\t<div class=\"elementor-container elementor-column-gap-default\">\n\t\t\t\t\t<div class=\"elementor-column elementor-col-100 elementor-inner-column elementor-element elementor-element-2ab4719d\" data-id=\"2ab4719d\" data-element_type=\"column\" data-e-type=\"column\">\n\t\t\t<div class=\"elementor-widget-wrap elementor-element-populated\">\n\t\t\t\t\t\t<div class=\"elementor-element elementor-element-20a6b465 elementor-widget elementor-widget-image\" data-id=\"20a6b465\" data-element_type=\"widget\" data-e-type=\"widget\" data-widget_type=\"image.default\">\n\t\t\t\t<div class=\"elementor-widget-container\">\n\t\t\t\t\t\t\t\t\t\t\t\t\t\t\t<img decoding=\"async\" width=\"1200\" height=\"923\" src=\"https:\/\/www.gps-infostars.com\/es\/wp-content\/uploads\/sites\/3\/gps_tracking_basic_es-2400x1846.jpg\" class=\"attachment-large size-large wp-image-42691\" alt=\"\" srcset=\"https:\/\/www.gps-infostars.com\/es\/wp-content\/uploads\/sites\/3\/gps_tracking_basic_es-2400x1846.jpg 2400w, https:\/\/www.gps-infostars.com\/es\/wp-content\/uploads\/sites\/3\/gps_tracking_basic_es-scaled-800x615.jpg 800w, https:\/\/www.gps-infostars.com\/es\/wp-content\/uploads\/sites\/3\/gps_tracking_basic_es-600x462.jpg 600w, https:\/\/www.gps-infostars.com\/es\/wp-content\/uploads\/sites\/3\/gps_tracking_basic_es-768x591.jpg 768w, https:\/\/www.gps-infostars.com\/es\/wp-content\/uploads\/sites\/3\/gps_tracking_basic_es-1536x1182.jpg 1536w, https:\/\/www.gps-infostars.com\/es\/wp-content\/uploads\/sites\/3\/gps_tracking_basic_es-2048x1575.jpg 2048w\" sizes=\"(max-width: 1200px) 100vw, 1200px\" \/>\t\t\t\t\t\t\t\t\t\t\t\t\t\t\t<\/div>\n\t\t\t\t<\/div>\n\t\t\t\t<div class=\"elementor-element elementor-element-5e619d elementor-widget elementor-widget-text-editor\" data-id=\"5e619d\" data-element_type=\"widget\" data-e-type=\"widget\" data-widget_type=\"text-editor.default\">\n\t\t\t\t<div class=\"elementor-widget-container\">\n\t\t\t\t\t\t\t\t\t<h5>Paquete b\u00e1sico a un precio razonable<\/h5><h4>Seguimiento GPS b\u00e1sico<\/h4><div><p>Opcionalmente ampliable en cualquier momento y a sus necesidades individuales, incl. tarjeta SIM y los costes de transmisi\u00f3n de datos en la zona 1.<\/p><p><span style=\"color: #e1710f; letter-spacing: 0.32px; text-transform: var(--the7-base-text-transform); word-spacing: normal;\">\u2192 <\/span>Localizaci\u00f3n en vivo<\/p><p><span style=\"color: #e1710f; letter-spacing: 0.32px; text-transform: var(--the7-base-text-transform); word-spacing: normal;\">\u2192 <\/span>Direcci\u00f3n con n\u00famero de casa<\/p><p><span style=\"color: #e1710f; letter-spacing: 0.32px; text-transform: var(--the7-base-text-transform); word-spacing: normal;\">\u2192 <\/span>Posici\u00f3n en el mapa y en la lista<\/p><p><span style=\"color: #e1710f; letter-spacing: 0.32px; text-transform: var(--the7-base-text-transform); word-spacing: normal;\">\u2192 <\/span>Tarjeta SIM incl. transferencia de datos<\/p><\/div>\t\t\t\t\t\t\t\t<\/div>\n\t\t\t\t<\/div>\n\t\t\t\t<div class=\"elementor-element elementor-element-16dfb02 elementor-align-center elementor-widget elementor-widget-button\" data-id=\"16dfb02\" data-element_type=\"widget\" data-e-type=\"widget\" data-widget_type=\"button.default\">\n\t\t\t\t<div class=\"elementor-widget-container\">\n\t\t\t\t\t\t\t\t\t<div class=\"elementor-button-wrapper\">\n\t\t\t\t\t<a class=\"elementor-button elementor-button-link elementor-size-sm\" href=\"https:\/\/www.gps-infostars.com\/es\/tienda\/\">\n\t\t\t\t\t\t<span class=\"elementor-button-content-wrapper\">\n\t\t\t\t\t\t\t\t\t<span class=\"elementor-button-text\">Ir a la Tienda<\/span>\n\t\t\t\t\t<\/span>\n\t\t\t\t\t<\/a>\n\t\t\t\t<\/div>\n\t\t\t\t\t\t\t\t<\/div>\n\t\t\t\t<\/div>\n\t\t\t\t\t<\/div>\n\t\t<\/div>\n\t\t\t\t\t<\/div>\n\t\t<\/section>\n\t\t\t\t\t<\/div>\n\t\t<\/div>\n\t\t\t\t\t<\/div>\n\t\t<\/section>\n\t\t\t\t<section class=\"elementor-section elementor-top-section elementor-element elementor-element-6452062b elementor-section-boxed elementor-section-height-default elementor-section-height-default\" data-id=\"6452062b\" data-element_type=\"section\" data-e-type=\"section\">\n\t\t\t\t\t\t<div class=\"elementor-container elementor-column-gap-default\">\n\t\t\t\t\t<div class=\"elementor-column elementor-col-100 elementor-top-column elementor-element elementor-element-64062ca7\" data-id=\"64062ca7\" data-element_type=\"column\" data-e-type=\"column\">\n\t\t\t<div class=\"elementor-widget-wrap\">\n\t\t\t\t\t\t\t<\/div>\n\t\t<\/div>\n\t\t\t\t\t<\/div>\n\t\t<\/section>\n\t\t\t\t<\/div>\n\t\t","protected":false},"excerpt":{"rendered":"<p>Informado siempre y en todo momento Servicio y montaje Nuestro sistema GPS protege su veh\u00edculo contra el robo. Siempre sabe cu\u00e1ndo y d\u00f3nde est\u00e1n sus veh\u00edculos y cu\u00e1nto tiempo han estado sus equipos en el lugar con el cliente. Esto tambi\u00e9n le proporciona una visi\u00f3n general del cumplimiento de los horarios por parte de sus&hellip;<\/p>\n","protected":false},"author":1,"featured_media":0,"parent":34016,"menu_order":0,"comment_status":"closed","ping_status":"closed","template":"","meta":{"inline_featured_image":false,"footnotes":""},"class_list":["post-34415","page","type-page","status-publish","hentry"],"yoast_head":"<!-- This site is optimized with the Yoast SEO plugin v27.2 - https:\/\/yoast.com\/product\/yoast-seo-wordpress\/ -->\n<title>Servicio y montaje - INFOSTARS SOLUCIONES, S.L.<\/title>\n<meta name=\"description\" content=\"Seguimiento GPS y dispositivos GPS para coches, camiones, ganado y mucho m\u00e1s, as\u00ed como cuadernos de bit\u00e1cora electr\u00f3nicos de GPS Infostars\" \/>\n<meta name=\"robots\" content=\"index, follow, max-snippet:-1, max-image-preview:large, max-video-preview:-1\" \/>\n<link rel=\"canonical\" href=\"https:\/\/www.gps-infostars.com\/es\/soluciones-industriales\/servicio-y-montaje\/\" \/>\n<meta property=\"og:locale\" content=\"es_ES\" \/>\n<meta property=\"og:type\" content=\"article\" \/>\n<meta property=\"og:title\" content=\"Servicio y montaje - INFOSTARS SOLUCIONES, S.L.\" \/>\n<meta property=\"og:description\" content=\"Seguimiento GPS y dispositivos GPS para coches, camiones, ganado y mucho m\u00e1s, as\u00ed como cuadernos de bit\u00e1cora electr\u00f3nicos de GPS Infostars\" \/>\n<meta property=\"og:url\" content=\"https:\/\/www.gps-infostars.com\/es\/soluciones-industriales\/servicio-y-montaje\/\" \/>\n<meta property=\"og:site_name\" content=\"INFOSTARS SOLUCIONES, S.L.\" \/>\n<meta property=\"article:modified_time\" content=\"2024-12-11T11:24:42+00:00\" \/>\n<meta property=\"og:image\" content=\"https:\/\/www.gps-infostars.com\/es\/wp-content\/uploads\/sites\/3\/montage_header.jpg\" \/>\n<meta name=\"twitter:card\" content=\"summary_large_image\" \/>\n<meta name=\"twitter:label1\" content=\"Tiempo de lectura\" \/>\n\t<meta name=\"twitter:data1\" content=\"3 minutos\" \/>\n<script type=\"application\/ld+json\" class=\"yoast-schema-graph\">{\"@context\":\"https:\/\/schema.org\",\"@graph\":[{\"@type\":\"WebPage\",\"@id\":\"https:\/\/www.gps-infostars.com\/es\/soluciones-industriales\/servicio-y-montaje\/\",\"url\":\"https:\/\/www.gps-infostars.com\/es\/soluciones-industriales\/servicio-y-montaje\/\",\"name\":\"Servicio y montaje - INFOSTARS SOLUCIONES, S.L.\",\"isPartOf\":{\"@id\":\"https:\/\/www.gps-infostars.com\/es\/#website\"},\"primaryImageOfPage\":{\"@id\":\"https:\/\/www.gps-infostars.com\/es\/soluciones-industriales\/servicio-y-montaje\/#primaryimage\"},\"image\":{\"@id\":\"https:\/\/www.gps-infostars.com\/es\/soluciones-industriales\/servicio-y-montaje\/#primaryimage\"},\"thumbnailUrl\":\"https:\/\/www.gps-infostars.com\/es\/wp-content\/uploads\/sites\/3\/montage_header.jpg\",\"datePublished\":\"2022-01-26T19:12:52+00:00\",\"dateModified\":\"2024-12-11T11:24:42+00:00\",\"description\":\"Seguimiento GPS y dispositivos GPS para coches, camiones, ganado y mucho m\u00e1s, as\u00ed como cuadernos de bit\u00e1cora electr\u00f3nicos de GPS Infostars\",\"breadcrumb\":{\"@id\":\"https:\/\/www.gps-infostars.com\/es\/soluciones-industriales\/servicio-y-montaje\/#breadcrumb\"},\"inLanguage\":\"es\",\"potentialAction\":[{\"@type\":\"ReadAction\",\"target\":[\"https:\/\/www.gps-infostars.com\/es\/soluciones-industriales\/servicio-y-montaje\/\"]}]},{\"@type\":\"ImageObject\",\"inLanguage\":\"es\",\"@id\":\"https:\/\/www.gps-infostars.com\/es\/soluciones-industriales\/servicio-y-montaje\/#primaryimage\",\"url\":\"https:\/\/www.gps-infostars.com\/es\/wp-content\/uploads\/sites\/3\/montage_header.jpg\",\"contentUrl\":\"https:\/\/www.gps-infostars.com\/es\/wp-content\/uploads\/sites\/3\/montage_header.jpg\",\"width\":2400,\"height\":417},{\"@type\":\"BreadcrumbList\",\"@id\":\"https:\/\/www.gps-infostars.com\/es\/soluciones-industriales\/servicio-y-montaje\/#breadcrumb\",\"itemListElement\":[{\"@type\":\"ListItem\",\"position\":1,\"name\":\"Startseite\",\"item\":\"https:\/\/www.gps-infostars.com\/es\/\"},{\"@type\":\"ListItem\",\"position\":2,\"name\":\"Soluciones industriales\",\"item\":\"https:\/\/www.gps-infostars.com\/es\/soluciones-industriales\/\"},{\"@type\":\"ListItem\",\"position\":3,\"name\":\"Servicio y montaje\"}]},{\"@type\":\"WebSite\",\"@id\":\"https:\/\/www.gps-infostars.com\/es\/#website\",\"url\":\"https:\/\/www.gps-infostars.com\/es\/\",\"name\":\"INFOSTARS SOLUCIONES, S.L.\",\"description\":\"Einfach, pr\u00e4zise &amp; zuverl\u00e4ssig.\",\"publisher\":{\"@id\":\"https:\/\/www.gps-infostars.com\/es\/#organization\"},\"potentialAction\":[{\"@type\":\"SearchAction\",\"target\":{\"@type\":\"EntryPoint\",\"urlTemplate\":\"https:\/\/www.gps-infostars.com\/es\/?s={search_term_string}\"},\"query-input\":{\"@type\":\"PropertyValueSpecification\",\"valueRequired\":true,\"valueName\":\"search_term_string\"}}],\"inLanguage\":\"es\"},{\"@type\":\"Organization\",\"@id\":\"https:\/\/www.gps-infostars.com\/es\/#organization\",\"name\":\"INFOSTARS SOLUCIONES, S.L.\",\"url\":\"https:\/\/www.gps-infostars.com\/es\/\",\"logo\":{\"@type\":\"ImageObject\",\"inLanguage\":\"es\",\"@id\":\"https:\/\/www.gps-infostars.com\/es\/#\/schema\/logo\/image\/\",\"url\":\"https:\/\/www.gps-infostars.com\/es\/wp-content\/uploads\/sites\/3\/logo_infostars.png\",\"contentUrl\":\"https:\/\/www.gps-infostars.com\/es\/wp-content\/uploads\/sites\/3\/logo_infostars.png\",\"width\":1125,\"height\":360,\"caption\":\"INFOSTARS SOLUCIONES, S.L.\"},\"image\":{\"@id\":\"https:\/\/www.gps-infostars.com\/es\/#\/schema\/logo\/image\/\"}}]}<\/script>\n<!-- \/ Yoast SEO plugin. -->","yoast_head_json":{"title":"Servicio y montaje - INFOSTARS SOLUCIONES, S.L.","description":"Seguimiento GPS y dispositivos GPS para coches, camiones, ganado y mucho m\u00e1s, as\u00ed como cuadernos de bit\u00e1cora electr\u00f3nicos de GPS Infostars","robots":{"index":"index","follow":"follow","max-snippet":"max-snippet:-1","max-image-preview":"max-image-preview:large","max-video-preview":"max-video-preview:-1"},"canonical":"https:\/\/www.gps-infostars.com\/es\/soluciones-industriales\/servicio-y-montaje\/","og_locale":"es_ES","og_type":"article","og_title":"Servicio y montaje - INFOSTARS SOLUCIONES, S.L.","og_description":"Seguimiento GPS y dispositivos GPS para coches, camiones, ganado y mucho m\u00e1s, as\u00ed como cuadernos de bit\u00e1cora electr\u00f3nicos de GPS Infostars","og_url":"https:\/\/www.gps-infostars.com\/es\/soluciones-industriales\/servicio-y-montaje\/","og_site_name":"INFOSTARS SOLUCIONES, S.L.","article_modified_time":"2024-12-11T11:24:42+00:00","og_image":[{"url":"https:\/\/www.gps-infostars.com\/es\/wp-content\/uploads\/sites\/3\/montage_header.jpg","type":"","width":"","height":""}],"twitter_card":"summary_large_image","twitter_misc":{"Tiempo de lectura":"3 minutos"},"schema":{"@context":"https:\/\/schema.org","@graph":[{"@type":"WebPage","@id":"https:\/\/www.gps-infostars.com\/es\/soluciones-industriales\/servicio-y-montaje\/","url":"https:\/\/www.gps-infostars.com\/es\/soluciones-industriales\/servicio-y-montaje\/","name":"Servicio y montaje - INFOSTARS SOLUCIONES, S.L.","isPartOf":{"@id":"https:\/\/www.gps-infostars.com\/es\/#website"},"primaryImageOfPage":{"@id":"https:\/\/www.gps-infostars.com\/es\/soluciones-industriales\/servicio-y-montaje\/#primaryimage"},"image":{"@id":"https:\/\/www.gps-infostars.com\/es\/soluciones-industriales\/servicio-y-montaje\/#primaryimage"},"thumbnailUrl":"https:\/\/www.gps-infostars.com\/es\/wp-content\/uploads\/sites\/3\/montage_header.jpg","datePublished":"2022-01-26T19:12:52+00:00","dateModified":"2024-12-11T11:24:42+00:00","description":"Seguimiento GPS y dispositivos GPS para coches, camiones, ganado y mucho m\u00e1s, as\u00ed como cuadernos de bit\u00e1cora electr\u00f3nicos de GPS Infostars","breadcrumb":{"@id":"https:\/\/www.gps-infostars.com\/es\/soluciones-industriales\/servicio-y-montaje\/#breadcrumb"},"inLanguage":"es","potentialAction":[{"@type":"ReadAction","target":["https:\/\/www.gps-infostars.com\/es\/soluciones-industriales\/servicio-y-montaje\/"]}]},{"@type":"ImageObject","inLanguage":"es","@id":"https:\/\/www.gps-infostars.com\/es\/soluciones-industriales\/servicio-y-montaje\/#primaryimage","url":"https:\/\/www.gps-infostars.com\/es\/wp-content\/uploads\/sites\/3\/montage_header.jpg","contentUrl":"https:\/\/www.gps-infostars.com\/es\/wp-content\/uploads\/sites\/3\/montage_header.jpg","width":2400,"height":417},{"@type":"BreadcrumbList","@id":"https:\/\/www.gps-infostars.com\/es\/soluciones-industriales\/servicio-y-montaje\/#breadcrumb","itemListElement":[{"@type":"ListItem","position":1,"name":"Startseite","item":"https:\/\/www.gps-infostars.com\/es\/"},{"@type":"ListItem","position":2,"name":"Soluciones industriales","item":"https:\/\/www.gps-infostars.com\/es\/soluciones-industriales\/"},{"@type":"ListItem","position":3,"name":"Servicio y montaje"}]},{"@type":"WebSite","@id":"https:\/\/www.gps-infostars.com\/es\/#website","url":"https:\/\/www.gps-infostars.com\/es\/","name":"INFOSTARS SOLUCIONES, S.L.","description":"Einfach, pr\u00e4zise &amp; zuverl\u00e4ssig.","publisher":{"@id":"https:\/\/www.gps-infostars.com\/es\/#organization"},"potentialAction":[{"@type":"SearchAction","target":{"@type":"EntryPoint","urlTemplate":"https:\/\/www.gps-infostars.com\/es\/?s={search_term_string}"},"query-input":{"@type":"PropertyValueSpecification","valueRequired":true,"valueName":"search_term_string"}}],"inLanguage":"es"},{"@type":"Organization","@id":"https:\/\/www.gps-infostars.com\/es\/#organization","name":"INFOSTARS SOLUCIONES, S.L.","url":"https:\/\/www.gps-infostars.com\/es\/","logo":{"@type":"ImageObject","inLanguage":"es","@id":"https:\/\/www.gps-infostars.com\/es\/#\/schema\/logo\/image\/","url":"https:\/\/www.gps-infostars.com\/es\/wp-content\/uploads\/sites\/3\/logo_infostars.png","contentUrl":"https:\/\/www.gps-infostars.com\/es\/wp-content\/uploads\/sites\/3\/logo_infostars.png","width":1125,"height":360,"caption":"INFOSTARS SOLUCIONES, S.L."},"image":{"@id":"https:\/\/www.gps-infostars.com\/es\/#\/schema\/logo\/image\/"}}]}},"_links":{"self":[{"href":"https:\/\/www.gps-infostars.com\/es\/wp-json\/wp\/v2\/pages\/34415","targetHints":{"allow":["GET"]}}],"collection":[{"href":"https:\/\/www.gps-infostars.com\/es\/wp-json\/wp\/v2\/pages"}],"about":[{"href":"https:\/\/www.gps-infostars.com\/es\/wp-json\/wp\/v2\/types\/page"}],"author":[{"embeddable":true,"href":"https:\/\/www.gps-infostars.com\/es\/wp-json\/wp\/v2\/users\/1"}],"replies":[{"embeddable":true,"href":"https:\/\/www.gps-infostars.com\/es\/wp-json\/wp\/v2\/comments?post=34415"}],"version-history":[{"count":50,"href":"https:\/\/www.gps-infostars.com\/es\/wp-json\/wp\/v2\/pages\/34415\/revisions"}],"predecessor-version":[{"id":53916,"href":"https:\/\/www.gps-infostars.com\/es\/wp-json\/wp\/v2\/pages\/34415\/revisions\/53916"}],"up":[{"embeddable":true,"href":"https:\/\/www.gps-infostars.com\/es\/wp-json\/wp\/v2\/pages\/34016"}],"wp:attachment":[{"href":"https:\/\/www.gps-infostars.com\/es\/wp-json\/wp\/v2\/media?parent=34415"}],"curies":[{"name":"wp","href":"https:\/\/api.w.org\/{rel}","templated":true}]}}