{"id":41466,"date":"2023-01-24T17:18:53","date_gmt":"2023-01-24T16:18:53","guid":{"rendered":"http:\/\/dev2.gps-infostars.com\/soluciones-industriales\/gps-boot-und-yacht\/"},"modified":"2024-12-11T11:50:32","modified_gmt":"2024-12-11T10:50:32","slug":"gps-para-barcos-y-yates","status":"publish","type":"page","link":"https:\/\/www.gps-infostars.com\/es\/soluciones-industriales\/gps-para-barcos-y-yates\/","title":{"rendered":"Barcos"},"content":{"rendered":"\t\t<div data-elementor-type=\"wp-page\" data-elementor-id=\"41466\" class=\"elementor elementor-41466 elementor-41412\" data-elementor-post-type=\"page\">\n\t\t\t\t\t\t<section class=\"elementor-section elementor-top-section elementor-element elementor-element-e9e1845 elementor-section-boxed elementor-section-height-default elementor-section-height-default\" data-id=\"e9e1845\" data-element_type=\"section\" data-e-type=\"section\">\n\t\t\t\t\t\t<div class=\"elementor-container elementor-column-gap-default\">\n\t\t\t\t\t<div class=\"elementor-column elementor-col-100 elementor-top-column elementor-element elementor-element-74456ad3\" data-id=\"74456ad3\" data-element_type=\"column\" data-e-type=\"column\">\n\t\t\t<div class=\"elementor-widget-wrap elementor-element-populated\">\n\t\t\t\t\t\t<div class=\"elementor-element elementor-element-569d38bb elementor-widget elementor-widget-heading\" data-id=\"569d38bb\" data-element_type=\"widget\" data-e-type=\"widget\" data-widget_type=\"heading.default\">\n\t\t\t\t<div class=\"elementor-widget-container\">\n\t\t\t\t\t<h2 class=\"elementor-heading-title elementor-size-default\">En el puerto, en el agua o en tierra<\/h2>\t\t\t\t<\/div>\n\t\t\t\t<\/div>\n\t\t\t\t<div class=\"elementor-element elementor-element-57692dac elementor-widget elementor-widget-heading\" data-id=\"57692dac\" data-element_type=\"widget\" data-e-type=\"widget\" data-widget_type=\"heading.default\">\n\t\t\t\t<div class=\"elementor-widget-container\">\n\t\t\t\t\t<h1 class=\"elementor-heading-title elementor-size-default\">GPS para barcos y yates<\/h1>\t\t\t\t<\/div>\n\t\t\t\t<\/div>\n\t\t\t\t<div class=\"elementor-element elementor-element-25a5888b elementor-widget elementor-widget-image\" data-id=\"25a5888b\" data-element_type=\"widget\" data-e-type=\"widget\" data-widget_type=\"image.default\">\n\t\t\t\t<div class=\"elementor-widget-container\">\n\t\t\t\t\t\t\t\t\t\t\t\t\t\t\t<img fetchpriority=\"high\" decoding=\"async\" width=\"1200\" height=\"209\" src=\"https:\/\/www.gps-infostars.com\/es\/wp-content\/uploads\/sites\/3\/branchen_boote_schmal.jpg\" class=\"attachment-large size-large wp-image-41425\" alt=\"\" srcset=\"https:\/\/www.gps-infostars.com\/es\/wp-content\/uploads\/sites\/3\/branchen_boote_schmal.jpg 2400w, https:\/\/www.gps-infostars.com\/es\/wp-content\/uploads\/sites\/3\/branchen_boote_schmal-800x139.jpg 800w, https:\/\/www.gps-infostars.com\/es\/wp-content\/uploads\/sites\/3\/branchen_boote_schmal-600x104.jpg 600w, https:\/\/www.gps-infostars.com\/es\/wp-content\/uploads\/sites\/3\/branchen_boote_schmal-768x133.jpg 768w, https:\/\/www.gps-infostars.com\/es\/wp-content\/uploads\/sites\/3\/branchen_boote_schmal-1536x267.jpg 1536w, https:\/\/www.gps-infostars.com\/es\/wp-content\/uploads\/sites\/3\/branchen_boote_schmal-2048x356.jpg 2048w\" sizes=\"(max-width: 1200px) 100vw, 1200px\" \/>\t\t\t\t\t\t\t\t\t\t\t\t\t\t\t<\/div>\n\t\t\t\t<\/div>\n\t\t\t\t\t<\/div>\n\t\t<\/div>\n\t\t\t\t\t<\/div>\n\t\t<\/section>\n\t\t\t\t<section class=\"elementor-section elementor-top-section elementor-element elementor-element-49958334 elementor-section-boxed elementor-section-height-default elementor-section-height-default\" data-id=\"49958334\" data-element_type=\"section\" data-e-type=\"section\">\n\t\t\t\t\t\t<div class=\"elementor-container elementor-column-gap-default\">\n\t\t\t\t\t<div class=\"elementor-column elementor-col-66 elementor-top-column elementor-element elementor-element-28f953a9\" data-id=\"28f953a9\" data-element_type=\"column\" data-e-type=\"column\">\n\t\t\t<div class=\"elementor-widget-wrap elementor-element-populated\">\n\t\t\t\t\t\t<div class=\"elementor-element elementor-element-f1d35e elementor-widget elementor-widget-text-editor\" data-id=\"f1d35e\" data-element_type=\"widget\" data-e-type=\"widget\" data-widget_type=\"text-editor.default\">\n\t\t\t\t<div class=\"elementor-widget-container\">\n\t\t\t\t\t\t\t\t\t<p><strong>Con nuestro software, siempre conocer\u00e1 la posici\u00f3n de su embarcaci\u00f3n o yate.<\/strong><\/p><p>Utilice nuestros distintos paquetes de seguimiento por GPS para obtener la informaci\u00f3n que le interesa. Recibe una alerta autom\u00e1tica cuando el barco abandone el anclaje o cuando se encuentre en una zona en la que no deber\u00eda navegar. Adem\u00e1s, puede controlar las horas del motor y generar un informe de alquiler preciso. Tambi\u00e9n recibir\u00e1 alarmas autom\u00e1ticas en caso de uso excesivo.<\/p><h3>Sus ventajas de un vistazo:<\/h3><p><span style=\"color: #e1710f;\">\u2192<\/span> Posici\u00f3n exacta.<\/p><p><span style=\"color: #e1710f;\">\u2192 <\/span>Informado incluso sin fuente de alimentaci\u00f3n.<\/p><p><span style=\"color: #e1710f;\">\u2192 <\/span>Alarmas autom\u00e1ticas de geovalla.<\/p><p><span style=\"color: #e1710f;\">\u2192 <\/span>Alarmas autom\u00e1ticas en caso de puesta en marcha no autorizada.<\/p><p><span style=\"color: #e1710f;\">\u2192 <\/span>Opci\u00f3n: puesta en marcha solo posible con tarjeta chip.<\/p><p><span style=\"color: #e1710f;\">\u2192 <\/span>Supervisi\u00f3n sencilla del alquiler.<\/p>\t\t\t\t\t\t\t\t<\/div>\n\t\t\t\t<\/div>\n\t\t\t\t<div class=\"elementor-element elementor-element-63c41e1 elementor-widget elementor-widget-text-editor\" data-id=\"63c41e1\" data-element_type=\"widget\" data-e-type=\"widget\" data-widget_type=\"text-editor.default\">\n\t\t\t\t<div class=\"elementor-widget-container\">\n\t\t\t\t\t\t\t\t\t<h3 style=\"font-style: normal; font-variant-ligatures: normal; font-variant-caps: normal; text-transform: none; letter-spacing: normal; word-spacing: 0px; text-decoration-thickness: initial; text-decoration-style: initial; text-decoration-color: initial;\">\u00bfTiene alguna pregunta?<\/h3><p>Nuestros asesores est\u00e1n siempre a su disposici\u00f3n. P\u00f3ngase en contacto con nosotros:<\/p><p>L\u00ednea de atenci\u00f3n telef\u00f3nica (+34) 913 352 493 (de lunes a viernes, de 9 a 18 horas).<\/p><p style=\"color: #545657;\"><span style=\"letter-spacing: 0.32px; text-transform: var(--the7-base-text-transform); word-spacing: normal;\">Env\u00ede un correo electr\u00f3nico a <\/span><a href=\"&#x6d;&#x61;&#105;&#108;t&#x6f;&#x3a;&#x6f;&#102;ic&#x69;&#x6e;&#97;&#64;g&#x70;&#x73;&#x2d;&#105;nf&#x6f;&#x73;&#116;&#97;r&#x73;&#x2e;&#x63;&#111;m\">&#x6f;&#102;i&#x63;&#x69;&#110;a&#x40;&#x67;&#112;s&#x2d;&#105;n&#x66;&#x6f;&#115;t&#x61;&#x72;&#115;&#46;&#x63;&#111;&#109; <\/a>o utilice nuestro <a href=\"https:\/\/www.gps-infostars.com\/es\/asesoramiento-y-contacto\/formulario-de-contacto\/\">\u2192 formulario de contacto<\/a><\/p>\t\t\t\t\t\t\t\t<\/div>\n\t\t\t\t<\/div>\n\t\t\t\t\t<\/div>\n\t\t<\/div>\n\t\t\t\t<div class=\"elementor-column elementor-col-33 elementor-top-column elementor-element elementor-element-6786a5d2\" data-id=\"6786a5d2\" data-element_type=\"column\" data-e-type=\"column\">\n\t\t\t<div class=\"elementor-widget-wrap elementor-element-populated\">\n\t\t\t\t\t\t<div class=\"elementor-element elementor-element-583d94d0 elementor-widget elementor-widget-heading\" data-id=\"583d94d0\" data-element_type=\"widget\" data-e-type=\"widget\" data-widget_type=\"heading.default\">\n\t\t\t\t<div class=\"elementor-widget-container\">\n\t\t\t\t\t<h3 class=\"elementor-heading-title elementor-size-default\">Nuestro producto <\/h3>\t\t\t\t<\/div>\n\t\t\t\t<\/div>\n\t\t\t\t<section class=\"elementor-section elementor-inner-section elementor-element elementor-element-0baf50a elementor-section-boxed elementor-section-height-default elementor-section-height-default\" data-id=\"0baf50a\" data-element_type=\"section\" data-e-type=\"section\">\n\t\t\t\t\t\t<div class=\"elementor-container elementor-column-gap-default\">\n\t\t\t\t\t<div class=\"elementor-column elementor-col-100 elementor-inner-column elementor-element elementor-element-40b3019\" data-id=\"40b3019\" data-element_type=\"column\" data-e-type=\"column\">\n\t\t\t<div class=\"elementor-widget-wrap elementor-element-populated\">\n\t\t\t\t\t\t<div class=\"elementor-element elementor-element-3ffcf2e elementor-widget elementor-widget-image\" data-id=\"3ffcf2e\" data-element_type=\"widget\" data-e-type=\"widget\" data-widget_type=\"image.default\">\n\t\t\t\t<div class=\"elementor-widget-container\">\n\t\t\t\t\t\t\t\t\t\t\t\t\t\t\t<img decoding=\"async\" width=\"1200\" height=\"923\" src=\"https:\/\/www.gps-infostars.com\/es\/wp-content\/uploads\/sites\/3\/gps_tracking_premium_bundle_es.jpg\" class=\"attachment-large size-large wp-image-42695\" alt=\"\" srcset=\"https:\/\/www.gps-infostars.com\/es\/wp-content\/uploads\/sites\/3\/gps_tracking_premium_bundle_es.jpg 2000w, https:\/\/www.gps-infostars.com\/es\/wp-content\/uploads\/sites\/3\/gps_tracking_premium_bundle_es-800x615.jpg 800w, https:\/\/www.gps-infostars.com\/es\/wp-content\/uploads\/sites\/3\/gps_tracking_premium_bundle_es-600x461.jpg 600w, https:\/\/www.gps-infostars.com\/es\/wp-content\/uploads\/sites\/3\/gps_tracking_premium_bundle_es-768x591.jpg 768w, https:\/\/www.gps-infostars.com\/es\/wp-content\/uploads\/sites\/3\/gps_tracking_premium_bundle_es-1536x1181.jpg 1536w\" sizes=\"(max-width: 1200px) 100vw, 1200px\" \/>\t\t\t\t\t\t\t\t\t\t\t\t\t\t\t<\/div>\n\t\t\t\t<\/div>\n\t\t\t\t<div class=\"elementor-element elementor-element-3b54568 elementor-widget elementor-widget-text-editor\" data-id=\"3b54568\" data-element_type=\"widget\" data-e-type=\"widget\" data-widget_type=\"text-editor.default\">\n\t\t\t\t<div class=\"elementor-widget-container\">\n\t\t\t\t\t\t\t\t\t<h5>El mejor paquete de Infostars<\/h5><h4>Seguimiento GPS pr\u00e9mium<\/h4><div><p>Seguimiento en directo, vista de carril, libro de registro, m\u00f3dulo de mantenimiento m\u00f3dulo de alarma, incl. tarjeta SIM y costes de transferencia de datos en la zona 1.<\/p><p><span style=\"color: #e1710f; letter-spacing: 0.32px; text-transform: var(--the7-base-text-transform); word-spacing: normal;\">\u2192 <\/span>Localizaci\u00f3n en directo con direcci\u00f3n<\/p><p><span style=\"color: #e1710f; letter-spacing: 0.32px; text-transform: var(--the7-base-text-transform); word-spacing: normal;\">\u2192 <\/span>Cuaderno de bit\u00e1cora de cuatro niveles<\/p><p><span style=\"color: #e1710f; letter-spacing: 0.32px; text-transform: var(--the7-base-text-transform); word-spacing: normal;\">\u2192 <\/span>Alarmas autom\u00e1ticas\u00a0<\/p><p><span style=\"color: #e1710f; letter-spacing: 0.32px; text-transform: var(--the7-base-text-transform); word-spacing: normal;\">\u2192 <\/span>M\u00f3dulo de mantenimiento\u00a0<\/p><p><span style=\"color: #e1710f; letter-spacing: 0.32px; text-transform: var(--the7-base-text-transform); word-spacing: normal;\">\u2192 <\/span>Exportaci\u00f3n a PDF y CSV<\/p><\/div>\t\t\t\t\t\t\t\t<\/div>\n\t\t\t\t<\/div>\n\t\t\t\t<div class=\"elementor-element elementor-element-46ad03f elementor-align-center elementor-widget elementor-widget-button\" data-id=\"46ad03f\" data-element_type=\"widget\" data-e-type=\"widget\" data-widget_type=\"button.default\">\n\t\t\t\t<div class=\"elementor-widget-container\">\n\t\t\t\t\t\t\t\t\t<div class=\"elementor-button-wrapper\">\n\t\t\t\t\t<a class=\"elementor-button elementor-button-link elementor-size-sm\" href=\"https:\/\/www.gps-infostars.com\/es\/tienda\/productos-de-seguimiento-gps\/\">\n\t\t\t\t\t\t<span class=\"elementor-button-content-wrapper\">\n\t\t\t\t\t\t\t\t\t<span class=\"elementor-button-text\">Ir a la Tienda<\/span>\n\t\t\t\t\t<\/span>\n\t\t\t\t\t<\/a>\n\t\t\t\t<\/div>\n\t\t\t\t\t\t\t\t<\/div>\n\t\t\t\t<\/div>\n\t\t\t\t\t<\/div>\n\t\t<\/div>\n\t\t\t\t\t<\/div>\n\t\t<\/section>\n\t\t\t\t\t<\/div>\n\t\t<\/div>\n\t\t\t\t\t<\/div>\n\t\t<\/section>\n\t\t\t\t<section class=\"elementor-section elementor-top-section elementor-element elementor-element-2846079c elementor-section-boxed elementor-section-height-default elementor-section-height-default\" data-id=\"2846079c\" data-element_type=\"section\" data-e-type=\"section\">\n\t\t\t\t\t\t<div class=\"elementor-container elementor-column-gap-default\">\n\t\t\t\t\t<div class=\"elementor-column elementor-col-100 elementor-top-column elementor-element elementor-element-f758561\" data-id=\"f758561\" data-element_type=\"column\" data-e-type=\"column\">\n\t\t\t<div class=\"elementor-widget-wrap\">\n\t\t\t\t\t\t\t<\/div>\n\t\t<\/div>\n\t\t\t\t\t<\/div>\n\t\t<\/section>\n\t\t\t\t<\/div>\n\t\t","protected":false},"excerpt":{"rendered":"<p>En el puerto, en el agua o en tierra GPS para barcos y yates Con nuestro software, siempre conocer\u00e1 la posici\u00f3n de su embarcaci\u00f3n o yate. Utilice nuestros distintos paquetes de seguimiento por GPS para obtener la informaci\u00f3n que le interesa. Recibe una alerta autom\u00e1tica cuando el barco abandone el anclaje o cuando se encuentre&hellip;<\/p>\n","protected":false},"author":1,"featured_media":0,"parent":34016,"menu_order":0,"comment_status":"closed","ping_status":"closed","template":"","meta":{"inline_featured_image":false,"footnotes":""},"class_list":["post-41466","page","type-page","status-publish","hentry"],"yoast_head":"<!-- This site is optimized with the Yoast SEO plugin v27.4 - https:\/\/yoast.com\/product\/yoast-seo-wordpress\/ -->\n<title>Barcos - INFOSTARS SOLUCIONES, S.L.<\/title>\n<meta name=\"description\" content=\"Proteja su embarcaci\u00f3n contra el uso indebido y controle las horas de funcionamiento de su yate con nuestros localizadores GPS.\" \/>\n<meta name=\"robots\" content=\"index, follow, max-snippet:-1, max-image-preview:large, max-video-preview:-1\" \/>\n<link rel=\"canonical\" href=\"https:\/\/www.gps-infostars.com\/es\/soluciones-industriales\/gps-para-barcos-y-yates\/\" \/>\n<meta property=\"og:locale\" content=\"es_ES\" \/>\n<meta property=\"og:type\" content=\"article\" \/>\n<meta property=\"og:title\" content=\"Barcos - INFOSTARS SOLUCIONES, S.L.\" \/>\n<meta property=\"og:description\" content=\"Proteja su embarcaci\u00f3n contra el uso indebido y controle las horas de funcionamiento de su yate con nuestros localizadores GPS.\" \/>\n<meta property=\"og:url\" content=\"https:\/\/www.gps-infostars.com\/es\/soluciones-industriales\/gps-para-barcos-y-yates\/\" \/>\n<meta property=\"og:site_name\" content=\"INFOSTARS SOLUCIONES, S.L.\" \/>\n<meta property=\"article:modified_time\" content=\"2024-12-11T10:50:32+00:00\" \/>\n<meta property=\"og:image\" content=\"https:\/\/www.gps-infostars.com\/es\/wp-content\/uploads\/sites\/3\/branchen_boote_schmal.jpg\" \/>\n<meta name=\"twitter:card\" content=\"summary_large_image\" \/>\n<meta name=\"twitter:label1\" content=\"Tiempo de lectura\" \/>\n\t<meta name=\"twitter:data1\" content=\"2 minutos\" \/>\n<script type=\"application\/ld+json\" class=\"yoast-schema-graph\">{\"@context\":\"https:\\\/\\\/schema.org\",\"@graph\":[{\"@type\":\"WebPage\",\"@id\":\"https:\\\/\\\/www.gps-infostars.com\\\/es\\\/soluciones-industriales\\\/gps-para-barcos-y-yates\\\/\",\"url\":\"https:\\\/\\\/www.gps-infostars.com\\\/es\\\/soluciones-industriales\\\/gps-para-barcos-y-yates\\\/\",\"name\":\"Barcos - INFOSTARS SOLUCIONES, S.L.\",\"isPartOf\":{\"@id\":\"https:\\\/\\\/www.gps-infostars.com\\\/es\\\/#website\"},\"primaryImageOfPage\":{\"@id\":\"https:\\\/\\\/www.gps-infostars.com\\\/es\\\/soluciones-industriales\\\/gps-para-barcos-y-yates\\\/#primaryimage\"},\"image\":{\"@id\":\"https:\\\/\\\/www.gps-infostars.com\\\/es\\\/soluciones-industriales\\\/gps-para-barcos-y-yates\\\/#primaryimage\"},\"thumbnailUrl\":\"https:\\\/\\\/www.gps-infostars.com\\\/es\\\/wp-content\\\/uploads\\\/sites\\\/3\\\/branchen_boote_schmal.jpg\",\"datePublished\":\"2023-01-24T16:18:53+00:00\",\"dateModified\":\"2024-12-11T10:50:32+00:00\",\"description\":\"Proteja su embarcaci\u00f3n contra el uso indebido y controle las horas de funcionamiento de su yate con nuestros localizadores GPS.\",\"breadcrumb\":{\"@id\":\"https:\\\/\\\/www.gps-infostars.com\\\/es\\\/soluciones-industriales\\\/gps-para-barcos-y-yates\\\/#breadcrumb\"},\"inLanguage\":\"es\",\"potentialAction\":[{\"@type\":\"ReadAction\",\"target\":[\"https:\\\/\\\/www.gps-infostars.com\\\/es\\\/soluciones-industriales\\\/gps-para-barcos-y-yates\\\/\"]}]},{\"@type\":\"ImageObject\",\"inLanguage\":\"es\",\"@id\":\"https:\\\/\\\/www.gps-infostars.com\\\/es\\\/soluciones-industriales\\\/gps-para-barcos-y-yates\\\/#primaryimage\",\"url\":\"https:\\\/\\\/www.gps-infostars.com\\\/es\\\/wp-content\\\/uploads\\\/sites\\\/3\\\/branchen_boote_schmal.jpg\",\"contentUrl\":\"https:\\\/\\\/www.gps-infostars.com\\\/es\\\/wp-content\\\/uploads\\\/sites\\\/3\\\/branchen_boote_schmal.jpg\",\"width\":2400,\"height\":417},{\"@type\":\"BreadcrumbList\",\"@id\":\"https:\\\/\\\/www.gps-infostars.com\\\/es\\\/soluciones-industriales\\\/gps-para-barcos-y-yates\\\/#breadcrumb\",\"itemListElement\":[{\"@type\":\"ListItem\",\"position\":1,\"name\":\"Startseite\",\"item\":\"https:\\\/\\\/www.gps-infostars.com\\\/es\\\/\"},{\"@type\":\"ListItem\",\"position\":2,\"name\":\"Soluciones industriales\",\"item\":\"https:\\\/\\\/www.gps-infostars.com\\\/es\\\/soluciones-industriales\\\/\"},{\"@type\":\"ListItem\",\"position\":3,\"name\":\"Barcos\"}]},{\"@type\":\"WebSite\",\"@id\":\"https:\\\/\\\/www.gps-infostars.com\\\/es\\\/#website\",\"url\":\"https:\\\/\\\/www.gps-infostars.com\\\/es\\\/\",\"name\":\"INFOSTARS SOLUCIONES, S.L.\",\"description\":\"Einfach, pr\u00e4zise &amp; zuverl\u00e4ssig.\",\"publisher\":{\"@id\":\"https:\\\/\\\/www.gps-infostars.com\\\/es\\\/#organization\"},\"potentialAction\":[{\"@type\":\"SearchAction\",\"target\":{\"@type\":\"EntryPoint\",\"urlTemplate\":\"https:\\\/\\\/www.gps-infostars.com\\\/es\\\/?s={search_term_string}\"},\"query-input\":{\"@type\":\"PropertyValueSpecification\",\"valueRequired\":true,\"valueName\":\"search_term_string\"}}],\"inLanguage\":\"es\"},{\"@type\":\"Organization\",\"@id\":\"https:\\\/\\\/www.gps-infostars.com\\\/es\\\/#organization\",\"name\":\"INFOSTARS SOLUCIONES, S.L.\",\"url\":\"https:\\\/\\\/www.gps-infostars.com\\\/es\\\/\",\"logo\":{\"@type\":\"ImageObject\",\"inLanguage\":\"es\",\"@id\":\"https:\\\/\\\/www.gps-infostars.com\\\/es\\\/#\\\/schema\\\/logo\\\/image\\\/\",\"url\":\"https:\\\/\\\/www.gps-infostars.com\\\/es\\\/wp-content\\\/uploads\\\/sites\\\/3\\\/logo_infostars.png\",\"contentUrl\":\"https:\\\/\\\/www.gps-infostars.com\\\/es\\\/wp-content\\\/uploads\\\/sites\\\/3\\\/logo_infostars.png\",\"width\":1125,\"height\":360,\"caption\":\"INFOSTARS SOLUCIONES, S.L.\"},\"image\":{\"@id\":\"https:\\\/\\\/www.gps-infostars.com\\\/es\\\/#\\\/schema\\\/logo\\\/image\\\/\"}}]}<\/script>\n<!-- \/ Yoast SEO plugin. -->","yoast_head_json":{"title":"Barcos - INFOSTARS SOLUCIONES, S.L.","description":"Proteja su embarcaci\u00f3n contra el uso indebido y controle las horas de funcionamiento de su yate con nuestros localizadores GPS.","robots":{"index":"index","follow":"follow","max-snippet":"max-snippet:-1","max-image-preview":"max-image-preview:large","max-video-preview":"max-video-preview:-1"},"canonical":"https:\/\/www.gps-infostars.com\/es\/soluciones-industriales\/gps-para-barcos-y-yates\/","og_locale":"es_ES","og_type":"article","og_title":"Barcos - INFOSTARS SOLUCIONES, S.L.","og_description":"Proteja su embarcaci\u00f3n contra el uso indebido y controle las horas de funcionamiento de su yate con nuestros localizadores GPS.","og_url":"https:\/\/www.gps-infostars.com\/es\/soluciones-industriales\/gps-para-barcos-y-yates\/","og_site_name":"INFOSTARS SOLUCIONES, S.L.","article_modified_time":"2024-12-11T10:50:32+00:00","og_image":[{"url":"https:\/\/www.gps-infostars.com\/es\/wp-content\/uploads\/sites\/3\/branchen_boote_schmal.jpg","type":"","width":"","height":""}],"twitter_card":"summary_large_image","twitter_misc":{"Tiempo de lectura":"2 minutos"},"schema":{"@context":"https:\/\/schema.org","@graph":[{"@type":"WebPage","@id":"https:\/\/www.gps-infostars.com\/es\/soluciones-industriales\/gps-para-barcos-y-yates\/","url":"https:\/\/www.gps-infostars.com\/es\/soluciones-industriales\/gps-para-barcos-y-yates\/","name":"Barcos - INFOSTARS SOLUCIONES, S.L.","isPartOf":{"@id":"https:\/\/www.gps-infostars.com\/es\/#website"},"primaryImageOfPage":{"@id":"https:\/\/www.gps-infostars.com\/es\/soluciones-industriales\/gps-para-barcos-y-yates\/#primaryimage"},"image":{"@id":"https:\/\/www.gps-infostars.com\/es\/soluciones-industriales\/gps-para-barcos-y-yates\/#primaryimage"},"thumbnailUrl":"https:\/\/www.gps-infostars.com\/es\/wp-content\/uploads\/sites\/3\/branchen_boote_schmal.jpg","datePublished":"2023-01-24T16:18:53+00:00","dateModified":"2024-12-11T10:50:32+00:00","description":"Proteja su embarcaci\u00f3n contra el uso indebido y controle las horas de funcionamiento de su yate con nuestros localizadores GPS.","breadcrumb":{"@id":"https:\/\/www.gps-infostars.com\/es\/soluciones-industriales\/gps-para-barcos-y-yates\/#breadcrumb"},"inLanguage":"es","potentialAction":[{"@type":"ReadAction","target":["https:\/\/www.gps-infostars.com\/es\/soluciones-industriales\/gps-para-barcos-y-yates\/"]}]},{"@type":"ImageObject","inLanguage":"es","@id":"https:\/\/www.gps-infostars.com\/es\/soluciones-industriales\/gps-para-barcos-y-yates\/#primaryimage","url":"https:\/\/www.gps-infostars.com\/es\/wp-content\/uploads\/sites\/3\/branchen_boote_schmal.jpg","contentUrl":"https:\/\/www.gps-infostars.com\/es\/wp-content\/uploads\/sites\/3\/branchen_boote_schmal.jpg","width":2400,"height":417},{"@type":"BreadcrumbList","@id":"https:\/\/www.gps-infostars.com\/es\/soluciones-industriales\/gps-para-barcos-y-yates\/#breadcrumb","itemListElement":[{"@type":"ListItem","position":1,"name":"Startseite","item":"https:\/\/www.gps-infostars.com\/es\/"},{"@type":"ListItem","position":2,"name":"Soluciones industriales","item":"https:\/\/www.gps-infostars.com\/es\/soluciones-industriales\/"},{"@type":"ListItem","position":3,"name":"Barcos"}]},{"@type":"WebSite","@id":"https:\/\/www.gps-infostars.com\/es\/#website","url":"https:\/\/www.gps-infostars.com\/es\/","name":"INFOSTARS SOLUCIONES, S.L.","description":"Einfach, pr\u00e4zise &amp; zuverl\u00e4ssig.","publisher":{"@id":"https:\/\/www.gps-infostars.com\/es\/#organization"},"potentialAction":[{"@type":"SearchAction","target":{"@type":"EntryPoint","urlTemplate":"https:\/\/www.gps-infostars.com\/es\/?s={search_term_string}"},"query-input":{"@type":"PropertyValueSpecification","valueRequired":true,"valueName":"search_term_string"}}],"inLanguage":"es"},{"@type":"Organization","@id":"https:\/\/www.gps-infostars.com\/es\/#organization","name":"INFOSTARS SOLUCIONES, S.L.","url":"https:\/\/www.gps-infostars.com\/es\/","logo":{"@type":"ImageObject","inLanguage":"es","@id":"https:\/\/www.gps-infostars.com\/es\/#\/schema\/logo\/image\/","url":"https:\/\/www.gps-infostars.com\/es\/wp-content\/uploads\/sites\/3\/logo_infostars.png","contentUrl":"https:\/\/www.gps-infostars.com\/es\/wp-content\/uploads\/sites\/3\/logo_infostars.png","width":1125,"height":360,"caption":"INFOSTARS SOLUCIONES, S.L."},"image":{"@id":"https:\/\/www.gps-infostars.com\/es\/#\/schema\/logo\/image\/"}}]}},"_links":{"self":[{"href":"https:\/\/www.gps-infostars.com\/es\/wp-json\/wp\/v2\/pages\/41466","targetHints":{"allow":["GET"]}}],"collection":[{"href":"https:\/\/www.gps-infostars.com\/es\/wp-json\/wp\/v2\/pages"}],"about":[{"href":"https:\/\/www.gps-infostars.com\/es\/wp-json\/wp\/v2\/types\/page"}],"author":[{"embeddable":true,"href":"https:\/\/www.gps-infostars.com\/es\/wp-json\/wp\/v2\/users\/1"}],"replies":[{"embeddable":true,"href":"https:\/\/www.gps-infostars.com\/es\/wp-json\/wp\/v2\/comments?post=41466"}],"version-history":[{"count":50,"href":"https:\/\/www.gps-infostars.com\/es\/wp-json\/wp\/v2\/pages\/41466\/revisions"}],"predecessor-version":[{"id":53865,"href":"https:\/\/www.gps-infostars.com\/es\/wp-json\/wp\/v2\/pages\/41466\/revisions\/53865"}],"up":[{"embeddable":true,"href":"https:\/\/www.gps-infostars.com\/es\/wp-json\/wp\/v2\/pages\/34016"}],"wp:attachment":[{"href":"https:\/\/www.gps-infostars.com\/es\/wp-json\/wp\/v2\/media?parent=41466"}],"curies":[{"name":"wp","href":"https:\/\/api.w.org\/{rel}","templated":true}]}}