{"id":41823,"date":"2022-07-26T18:17:51","date_gmt":"2022-07-26T16:17:51","guid":{"rendered":"http:\/\/dev2.gps-infostars.com\/widerruf\/"},"modified":"2024-12-11T13:06:34","modified_gmt":"2024-12-11T12:06:34","slug":"revocacion","status":"publish","type":"page","link":"https:\/\/www.gps-infostars.com\/es\/tienda\/revocacion\/","title":{"rendered":"Revocaci\u00f3n"},"content":{"rendered":"\t\t<div data-elementor-type=\"wp-page\" data-elementor-id=\"41823\" class=\"elementor elementor-41823 elementor-34660\" data-elementor-post-type=\"page\">\n\t\t\t\t\t\t<section class=\"elementor-section elementor-top-section elementor-element elementor-element-cef5e33 elementor-section-boxed elementor-section-height-default elementor-section-height-default\" data-id=\"cef5e33\" data-element_type=\"section\" data-e-type=\"section\">\n\t\t\t\t\t\t<div class=\"elementor-container elementor-column-gap-default\">\n\t\t\t\t\t<div class=\"elementor-column elementor-col-100 elementor-top-column elementor-element elementor-element-6edc5d7c\" data-id=\"6edc5d7c\" data-element_type=\"column\" data-e-type=\"column\">\n\t\t\t<div class=\"elementor-widget-wrap elementor-element-populated\">\n\t\t\t\t\t\t<div class=\"elementor-element elementor-element-4a3f81d4 elementor-widget elementor-widget-text-editor\" data-id=\"4a3f81d4\" data-element_type=\"widget\" data-e-type=\"widget\" data-widget_type=\"text-editor.default\">\n\t\t\t\t<div class=\"elementor-widget-container\">\n\t\t\t\t\t\t\t\t\t<h1>Pol\u00edtica de anulaci\u00f3n<\/h1><p><strong>Pol\u00edtica de cancelaci\u00f3n para consumidores en un contrato en el que los bienes se suministran en una sola entrega.<\/strong><\/p><p>Pol\u00edtica de anulaci\u00f3n<br \/>Un consumidor es toda persona f\u00edsica que celebra un negocio jur\u00eddico con fines predominantemente no comerciales ni por cuenta propia.<\/p><p>Derecho de retractaci\u00f3n<br \/>Tiene derecho a rescindir este contrato en un plazo de catorce d\u00edas sin necesidad de justificaci\u00f3n. El plazo de revocaci\u00f3n es de catorce d\u00edas a partir del d\u00eda en que usted o un tercero nombrado por usted, que no sea el transportista, tenga o haya tomado posesi\u00f3n de las mercanc\u00edas. Para ejercer su derecho de desistimiento, deber\u00e1 informar a Infostars Soluciones S.L., \u00a0Avenida de Brasil, n\u00ba 29, 28020, Madrid, Espa\u00f1a, +34-913 352 493, &#x6f;&#102;&#x69;&#x63;&#105;&#x6e;&#x61;&#64;&#x69;&#x6e;&#102;&#x6f;&#x73;t&#x61;&#x72;s&#x2e;&#99;o&#x6d; de su decisi\u00f3n de desistir del presente contrato mediante una declaraci\u00f3n clara (por ejemplo, una carta enviada por correo postal o un correo electr\u00f3nico). Para ello, puede utilizar el modelo de formulario de desistimiento adjunto, que, sin embargo, no es obligatorio. Para cumplir el plazo de desistimiento, basta con que env\u00ede la notificaci\u00f3n del ejercicio del derecho de desistimiento antes de que expire el plazo de desistimiento.<\/p><p>Consecuencias de la revocaci\u00f3n<br \/>Si desiste del presente contrato, le reembolsaremos todos los pagos que hayamos recibido de usted, incluidos los gastos de entrega (con excepci\u00f3n de los gastos adicionales resultantes del hecho de que haya elegido un tipo de entrega distinto de la entrega est\u00e1ndar m\u00e1s barata ofrecida por nosotros o los gastos de devoluci\u00f3n), sin demora y a m\u00e1s tardar en un plazo de catorce d\u00edas a partir del d\u00eda en que hayamos recibido la notificaci\u00f3n de su desistimiento del presente contrato. Para este reembolso, utilizaremos el mismo medio de pago que usted utiliz\u00f3 para la transacci\u00f3n original, a menos que se acuerde expresamente otra cosa con usted; en ning\u00fan caso se le cobrar\u00e1 por este reembolso. Podremos denegar el reembolso hasta que hayamos recibido la mercanc\u00eda o hasta que usted haya presentado una prueba de que ha devuelto la mercanc\u00eda, seg\u00fan qu\u00e9 condici\u00f3n se cumpla primero. Deber\u00e1 devolvernos o entregarnos los bienes sin demora y, en cualquier caso, a m\u00e1s tardar en el plazo de catorce d\u00edas a partir del d\u00eda en que nos notifique la rescisi\u00f3n del presente contrato. El plazo se cumple si env\u00eda la mercanc\u00eda antes de que expire el plazo de catorce d\u00edas.<br \/>Usted correr\u00e1 con los gastos directos de devoluci\u00f3n de la mercanc\u00eda.<br \/>S\u00f3lo tiene que pagar la p\u00e9rdida de valor de los bienes si \u00e9sta se debe a una manipulaci\u00f3n de los bienes que no sea necesaria para comprobar su estado, propiedades y funcionamiento.<\/p><p>Modelo de formulario de cancelaci\u00f3n<br \/>(Si desea rescindir el contrato, rellene y devuelva este formulario).<br \/>&#8211; A Infostars Soluciones S.L.<\/p><p>\u00a0Avenida de Brasil, n\u00ba 29, 28020, Madrid, Espa\u00f1a<\/p><p>&#8211; Yo\/nosotros (*) revoco\/revocamos por la presente el contrato celebrado por m\u00ed\/nosotros (*) para la compra de los siguientes bienes (*)\/la prestaci\u00f3n del siguiente servicio (*)<br \/>&#8211; Pedido el (*)\/recibido el (*)<br \/>&#8211; Nombre del consumidor o consumidores<br \/>&#8211; Direcci\u00f3n del consumidor o consumidores<br \/>&#8211; Firma del consumidor o consumidores (s\u00f3lo en caso de comunicaci\u00f3n en papel)<br \/>&#8211; Fecha<br \/>&#8212;&#8212;&#8212;&#8212;&#8212;&#8212;&#8212;&#8212;&#8212;&#8212;&#8212;&#8212;&#8212;<br \/>(*) T\u00e1chese lo que no proceda.<\/p><p>Exclusi\u00f3n o expiraci\u00f3n prematura del derecho de desistimiento<br \/>El derecho de desistimiento no se aplica a los contratos<br \/>para la entrega de bienes que no sean prefabricados y para cuya fabricaci\u00f3n sea decisiva una selecci\u00f3n o determinaci\u00f3n individual por parte del consumidor o que est\u00e9n claramente adaptados a las necesidades personales del consumidor.<\/p>\t\t\t\t\t\t\t\t<\/div>\n\t\t\t\t<\/div>\n\t\t\t\t\t<\/div>\n\t\t<\/div>\n\t\t\t\t\t<\/div>\n\t\t<\/section>\n\t\t\t\t<\/div>\n\t\t","protected":false},"excerpt":{"rendered":"<p>Pol\u00edtica de anulaci\u00f3n Pol\u00edtica de cancelaci\u00f3n para consumidores en un contrato en el que los bienes se suministran en una sola entrega. Pol\u00edtica de anulaci\u00f3n Un consumidor es toda persona f\u00edsica que celebra un negocio jur\u00eddico con fines predominantemente no comerciales ni por cuenta propia. Derecho de retractaci\u00f3n Tiene derecho a rescindir este contrato en&hellip;<\/p>\n","protected":false},"author":1,"featured_media":0,"parent":50294,"menu_order":0,"comment_status":"closed","ping_status":"closed","template":"","meta":{"inline_featured_image":false,"footnotes":""},"class_list":["post-41823","page","type-page","status-publish","hentry"],"yoast_head":"<!-- This site is optimized with the Yoast SEO plugin v27.4 - https:\/\/yoast.com\/product\/yoast-seo-wordpress\/ -->\n<title>Revocaci\u00f3n - INFOSTARS SOLUCIONES, S.L.<\/title>\n<meta name=\"description\" content=\"Seguimiento GPS y dispositivos GPS para coches, camiones, seguimiento de ganado y mucho m\u00e1s, as\u00ed como libros de registro electr\u00f3nicos de GPS Infostars \u2713 Apto para oficinas de impuestos \u2713durante 10 a\u00f1os\" \/>\n<meta name=\"robots\" content=\"index, follow, max-snippet:-1, max-image-preview:large, max-video-preview:-1\" \/>\n<link rel=\"canonical\" href=\"https:\/\/www.gps-infostars.com\/es\/tienda\/revocacion\/\" \/>\n<meta property=\"og:locale\" content=\"es_ES\" \/>\n<meta property=\"og:type\" content=\"article\" \/>\n<meta property=\"og:title\" content=\"Revocaci\u00f3n - INFOSTARS SOLUCIONES, S.L.\" \/>\n<meta property=\"og:description\" content=\"Seguimiento GPS y dispositivos GPS para coches, camiones, seguimiento de ganado y mucho m\u00e1s, as\u00ed como libros de registro electr\u00f3nicos de GPS Infostars \u2713 Apto para oficinas de impuestos \u2713durante 10 a\u00f1os\" \/>\n<meta property=\"og:url\" content=\"https:\/\/www.gps-infostars.com\/es\/tienda\/revocacion\/\" \/>\n<meta property=\"og:site_name\" content=\"INFOSTARS SOLUCIONES, S.L.\" \/>\n<meta property=\"article:modified_time\" content=\"2024-12-11T12:06:34+00:00\" \/>\n<meta name=\"twitter:card\" content=\"summary_large_image\" \/>\n<meta name=\"twitter:label1\" content=\"Tiempo de lectura\" \/>\n\t<meta name=\"twitter:data1\" content=\"4 minutos\" \/>\n<script type=\"application\/ld+json\" class=\"yoast-schema-graph\">{\"@context\":\"https:\\\/\\\/schema.org\",\"@graph\":[{\"@type\":\"WebPage\",\"@id\":\"https:\\\/\\\/www.gps-infostars.com\\\/es\\\/tienda\\\/revocacion\\\/\",\"url\":\"https:\\\/\\\/www.gps-infostars.com\\\/es\\\/tienda\\\/revocacion\\\/\",\"name\":\"Revocaci\u00f3n - INFOSTARS SOLUCIONES, S.L.\",\"isPartOf\":{\"@id\":\"https:\\\/\\\/www.gps-infostars.com\\\/es\\\/#website\"},\"datePublished\":\"2022-07-26T16:17:51+00:00\",\"dateModified\":\"2024-12-11T12:06:34+00:00\",\"description\":\"Seguimiento GPS y dispositivos GPS para coches, camiones, seguimiento de ganado y mucho m\u00e1s, as\u00ed como libros de registro electr\u00f3nicos de GPS Infostars \u2713 Apto para oficinas de impuestos \u2713durante 10 a\u00f1os\",\"breadcrumb\":{\"@id\":\"https:\\\/\\\/www.gps-infostars.com\\\/es\\\/tienda\\\/revocacion\\\/#breadcrumb\"},\"inLanguage\":\"es\",\"potentialAction\":[{\"@type\":\"ReadAction\",\"target\":[\"https:\\\/\\\/www.gps-infostars.com\\\/es\\\/tienda\\\/revocacion\\\/\"]}]},{\"@type\":\"BreadcrumbList\",\"@id\":\"https:\\\/\\\/www.gps-infostars.com\\\/es\\\/tienda\\\/revocacion\\\/#breadcrumb\",\"itemListElement\":[{\"@type\":\"ListItem\",\"position\":1,\"name\":\"Startseite\",\"item\":\"https:\\\/\\\/www.gps-infostars.com\\\/es\\\/\"},{\"@type\":\"ListItem\",\"position\":2,\"name\":\"Tienda\",\"item\":\"https:\\\/\\\/www.gps-infostars.com\\\/es\\\/tienda\\\/\"},{\"@type\":\"ListItem\",\"position\":3,\"name\":\"Revocaci\u00f3n\"}]},{\"@type\":\"WebSite\",\"@id\":\"https:\\\/\\\/www.gps-infostars.com\\\/es\\\/#website\",\"url\":\"https:\\\/\\\/www.gps-infostars.com\\\/es\\\/\",\"name\":\"INFOSTARS SOLUCIONES, S.L.\",\"description\":\"Einfach, pr\u00e4zise &amp; zuverl\u00e4ssig.\",\"publisher\":{\"@id\":\"https:\\\/\\\/www.gps-infostars.com\\\/es\\\/#organization\"},\"potentialAction\":[{\"@type\":\"SearchAction\",\"target\":{\"@type\":\"EntryPoint\",\"urlTemplate\":\"https:\\\/\\\/www.gps-infostars.com\\\/es\\\/?s={search_term_string}\"},\"query-input\":{\"@type\":\"PropertyValueSpecification\",\"valueRequired\":true,\"valueName\":\"search_term_string\"}}],\"inLanguage\":\"es\"},{\"@type\":\"Organization\",\"@id\":\"https:\\\/\\\/www.gps-infostars.com\\\/es\\\/#organization\",\"name\":\"INFOSTARS SOLUCIONES, S.L.\",\"url\":\"https:\\\/\\\/www.gps-infostars.com\\\/es\\\/\",\"logo\":{\"@type\":\"ImageObject\",\"inLanguage\":\"es\",\"@id\":\"https:\\\/\\\/www.gps-infostars.com\\\/es\\\/#\\\/schema\\\/logo\\\/image\\\/\",\"url\":\"https:\\\/\\\/www.gps-infostars.com\\\/es\\\/wp-content\\\/uploads\\\/sites\\\/3\\\/logo_infostars.png\",\"contentUrl\":\"https:\\\/\\\/www.gps-infostars.com\\\/es\\\/wp-content\\\/uploads\\\/sites\\\/3\\\/logo_infostars.png\",\"width\":1125,\"height\":360,\"caption\":\"INFOSTARS SOLUCIONES, S.L.\"},\"image\":{\"@id\":\"https:\\\/\\\/www.gps-infostars.com\\\/es\\\/#\\\/schema\\\/logo\\\/image\\\/\"}}]}<\/script>\n<!-- \/ Yoast SEO plugin. -->","yoast_head_json":{"title":"Revocaci\u00f3n - INFOSTARS SOLUCIONES, S.L.","description":"Seguimiento GPS y dispositivos GPS para coches, camiones, seguimiento de ganado y mucho m\u00e1s, as\u00ed como libros de registro electr\u00f3nicos de GPS Infostars \u2713 Apto para oficinas de impuestos \u2713durante 10 a\u00f1os","robots":{"index":"index","follow":"follow","max-snippet":"max-snippet:-1","max-image-preview":"max-image-preview:large","max-video-preview":"max-video-preview:-1"},"canonical":"https:\/\/www.gps-infostars.com\/es\/tienda\/revocacion\/","og_locale":"es_ES","og_type":"article","og_title":"Revocaci\u00f3n - INFOSTARS SOLUCIONES, S.L.","og_description":"Seguimiento GPS y dispositivos GPS para coches, camiones, seguimiento de ganado y mucho m\u00e1s, as\u00ed como libros de registro electr\u00f3nicos de GPS Infostars \u2713 Apto para oficinas de impuestos \u2713durante 10 a\u00f1os","og_url":"https:\/\/www.gps-infostars.com\/es\/tienda\/revocacion\/","og_site_name":"INFOSTARS SOLUCIONES, S.L.","article_modified_time":"2024-12-11T12:06:34+00:00","twitter_card":"summary_large_image","twitter_misc":{"Tiempo de lectura":"4 minutos"},"schema":{"@context":"https:\/\/schema.org","@graph":[{"@type":"WebPage","@id":"https:\/\/www.gps-infostars.com\/es\/tienda\/revocacion\/","url":"https:\/\/www.gps-infostars.com\/es\/tienda\/revocacion\/","name":"Revocaci\u00f3n - INFOSTARS SOLUCIONES, S.L.","isPartOf":{"@id":"https:\/\/www.gps-infostars.com\/es\/#website"},"datePublished":"2022-07-26T16:17:51+00:00","dateModified":"2024-12-11T12:06:34+00:00","description":"Seguimiento GPS y dispositivos GPS para coches, camiones, seguimiento de ganado y mucho m\u00e1s, as\u00ed como libros de registro electr\u00f3nicos de GPS Infostars \u2713 Apto para oficinas de impuestos \u2713durante 10 a\u00f1os","breadcrumb":{"@id":"https:\/\/www.gps-infostars.com\/es\/tienda\/revocacion\/#breadcrumb"},"inLanguage":"es","potentialAction":[{"@type":"ReadAction","target":["https:\/\/www.gps-infostars.com\/es\/tienda\/revocacion\/"]}]},{"@type":"BreadcrumbList","@id":"https:\/\/www.gps-infostars.com\/es\/tienda\/revocacion\/#breadcrumb","itemListElement":[{"@type":"ListItem","position":1,"name":"Startseite","item":"https:\/\/www.gps-infostars.com\/es\/"},{"@type":"ListItem","position":2,"name":"Tienda","item":"https:\/\/www.gps-infostars.com\/es\/tienda\/"},{"@type":"ListItem","position":3,"name":"Revocaci\u00f3n"}]},{"@type":"WebSite","@id":"https:\/\/www.gps-infostars.com\/es\/#website","url":"https:\/\/www.gps-infostars.com\/es\/","name":"INFOSTARS SOLUCIONES, S.L.","description":"Einfach, pr\u00e4zise &amp; zuverl\u00e4ssig.","publisher":{"@id":"https:\/\/www.gps-infostars.com\/es\/#organization"},"potentialAction":[{"@type":"SearchAction","target":{"@type":"EntryPoint","urlTemplate":"https:\/\/www.gps-infostars.com\/es\/?s={search_term_string}"},"query-input":{"@type":"PropertyValueSpecification","valueRequired":true,"valueName":"search_term_string"}}],"inLanguage":"es"},{"@type":"Organization","@id":"https:\/\/www.gps-infostars.com\/es\/#organization","name":"INFOSTARS SOLUCIONES, S.L.","url":"https:\/\/www.gps-infostars.com\/es\/","logo":{"@type":"ImageObject","inLanguage":"es","@id":"https:\/\/www.gps-infostars.com\/es\/#\/schema\/logo\/image\/","url":"https:\/\/www.gps-infostars.com\/es\/wp-content\/uploads\/sites\/3\/logo_infostars.png","contentUrl":"https:\/\/www.gps-infostars.com\/es\/wp-content\/uploads\/sites\/3\/logo_infostars.png","width":1125,"height":360,"caption":"INFOSTARS SOLUCIONES, S.L."},"image":{"@id":"https:\/\/www.gps-infostars.com\/es\/#\/schema\/logo\/image\/"}}]}},"_links":{"self":[{"href":"https:\/\/www.gps-infostars.com\/es\/wp-json\/wp\/v2\/pages\/41823","targetHints":{"allow":["GET"]}}],"collection":[{"href":"https:\/\/www.gps-infostars.com\/es\/wp-json\/wp\/v2\/pages"}],"about":[{"href":"https:\/\/www.gps-infostars.com\/es\/wp-json\/wp\/v2\/types\/page"}],"author":[{"embeddable":true,"href":"https:\/\/www.gps-infostars.com\/es\/wp-json\/wp\/v2\/users\/1"}],"replies":[{"embeddable":true,"href":"https:\/\/www.gps-infostars.com\/es\/wp-json\/wp\/v2\/comments?post=41823"}],"version-history":[{"count":9,"href":"https:\/\/www.gps-infostars.com\/es\/wp-json\/wp\/v2\/pages\/41823\/revisions"}],"predecessor-version":[{"id":53952,"href":"https:\/\/www.gps-infostars.com\/es\/wp-json\/wp\/v2\/pages\/41823\/revisions\/53952"}],"up":[{"embeddable":true,"href":"https:\/\/www.gps-infostars.com\/es\/wp-json\/wp\/v2\/pages\/50294"}],"wp:attachment":[{"href":"https:\/\/www.gps-infostars.com\/es\/wp-json\/wp\/v2\/media?parent=41823"}],"curies":[{"name":"wp","href":"https:\/\/api.w.org\/{rel}","templated":true}]}}