{"id":42924,"date":"2021-03-30T19:26:09","date_gmt":"2021-03-30T17:26:09","guid":{"rendered":"http:\/\/dev2.gps-infostars.com\/acerca-de-nosotros\/datenschutzerklaerung\/"},"modified":"2025-02-24T09:57:37","modified_gmt":"2025-02-24T08:57:37","slug":"politica-de-privacidad","status":"publish","type":"page","link":"https:\/\/www.gps-infostars.com\/es\/acerca-de-nosotros\/politica-de-privacidad\/","title":{"rendered":"Pol\u00edtica de privacidad"},"content":{"rendered":"\t\t<div data-elementor-type=\"wp-page\" data-elementor-id=\"42924\" class=\"elementor elementor-42924 elementor-30504\" data-elementor-post-type=\"page\">\n\t\t\t\t\t\t<section class=\"elementor-section elementor-top-section elementor-element elementor-element-3be4734f elementor-section-boxed elementor-section-height-default elementor-section-height-default\" data-id=\"3be4734f\" data-element_type=\"section\" data-e-type=\"section\">\n\t\t\t\t\t\t<div class=\"elementor-container elementor-column-gap-default\">\n\t\t\t\t\t<div class=\"elementor-column elementor-col-100 elementor-top-column elementor-element elementor-element-5c67b3d9\" data-id=\"5c67b3d9\" data-element_type=\"column\" data-e-type=\"column\">\n\t\t\t<div class=\"elementor-widget-wrap elementor-element-populated\">\n\t\t\t\t\t\t<div class=\"elementor-element elementor-element-1172ce8b elementor-widget elementor-widget-heading\" data-id=\"1172ce8b\" data-element_type=\"widget\" data-e-type=\"widget\" data-widget_type=\"heading.default\">\n\t\t\t\t<div class=\"elementor-widget-container\">\n\t\t\t\t\t<h1 class=\"elementor-heading-title elementor-size-default\">Pol\u00edtica de privacidad<\/h1>\t\t\t\t<\/div>\n\t\t\t\t<\/div>\n\t\t\t\t<div class=\"elementor-element elementor-element-349be66b elementor-widget elementor-widget-image\" data-id=\"349be66b\" data-element_type=\"widget\" data-e-type=\"widget\" data-widget_type=\"image.default\">\n\t\t\t\t<div class=\"elementor-widget-container\">\n\t\t\t\t\t\t\t\t\t\t\t\t\t\t\t<img fetchpriority=\"high\" decoding=\"async\" width=\"1200\" height=\"209\" src=\"https:\/\/www.gps-infostars.com\/es\/wp-content\/uploads\/sites\/3\/jetzt_header.jpg\" class=\"attachment-large size-large wp-image-33889\" alt=\"\" srcset=\"https:\/\/www.gps-infostars.com\/es\/wp-content\/uploads\/sites\/3\/jetzt_header.jpg 2400w, https:\/\/www.gps-infostars.com\/es\/wp-content\/uploads\/sites\/3\/jetzt_header-800x139.jpg 800w, https:\/\/www.gps-infostars.com\/es\/wp-content\/uploads\/sites\/3\/jetzt_header-600x104.jpg 600w, https:\/\/www.gps-infostars.com\/es\/wp-content\/uploads\/sites\/3\/jetzt_header-768x133.jpg 768w, https:\/\/www.gps-infostars.com\/es\/wp-content\/uploads\/sites\/3\/jetzt_header-1536x267.jpg 1536w, https:\/\/www.gps-infostars.com\/es\/wp-content\/uploads\/sites\/3\/jetzt_header-2048x356.jpg 2048w\" sizes=\"(max-width: 1200px) 100vw, 1200px\" \/>\t\t\t\t\t\t\t\t\t\t\t\t\t\t\t<\/div>\n\t\t\t\t<\/div>\n\t\t\t\t\t<\/div>\n\t\t<\/div>\n\t\t\t\t\t<\/div>\n\t\t<\/section>\n\t\t\t\t<section class=\"elementor-section elementor-top-section elementor-element elementor-element-38ee4e85 elementor-section-boxed elementor-section-height-default elementor-section-height-default\" data-id=\"38ee4e85\" data-element_type=\"section\" data-e-type=\"section\">\n\t\t\t\t\t\t<div class=\"elementor-container elementor-column-gap-default\">\n\t\t\t\t\t<div class=\"elementor-column elementor-col-66 elementor-top-column elementor-element elementor-element-58d5eca4\" data-id=\"58d5eca4\" data-element_type=\"column\" data-e-type=\"column\">\n\t\t\t<div class=\"elementor-widget-wrap elementor-element-populated\">\n\t\t\t\t\t\t<div class=\"elementor-element elementor-element-6a687186 elementor-widget elementor-widget-text-editor\" data-id=\"6a687186\" data-element_type=\"widget\" data-e-type=\"widget\" data-widget_type=\"text-editor.default\">\n\t\t\t\t<div class=\"elementor-widget-container\">\n\t\t\t\t\t\t\t\t\t<h3>Declaraci\u00f3n sobre el deber de informar<\/h3>\n<p>La protecci\u00f3n de sus datos personales nos preocupa especialmente. Por ello, procesamos sus datos exclusivamente sobre la base de las disposiciones legales (DSGVO, TKG 2003). En esta informaci\u00f3n sobre protecci\u00f3n de datos le informamos sobre los aspectos m\u00e1s importantes del tratamiento de datos en el \u00e1mbito de nuestro sitio web.<\/p>\n<h3>Cookies<\/h3>\n<p>Nuestro sitio web utiliza las denominadas cookies. Se trata de peque\u00f1os archivos de texto que se almacenan en su dispositivo final con ayuda del navegador. No causan ning\u00fan da\u00f1o.<\/p>\n<p>Utilizamos cookies para facilitar el uso de nuestro sitio web. Algunas cookies permanecen almacenadas en su terminal hasta que usted las borra. Nos permiten reconocer su navegador en su pr\u00f3xima visita.<\/p>\n<p>Si no lo desea, puede configurar su navegador para que le informe sobre la instalaci\u00f3n de cookies y s\u00f3lo lo permita en casos concretos.<br>Si desactiva las cookies, la funcionalidad de nuestro sitio web puede verse limitada.<\/p>\n<h3>Formulario de contacto<\/h3>\n<p>Los datos personales que nos proporcione como parte de esta solicitud de contacto s\u00f3lo se utilizar\u00e1n para responder a su solicitud o contacto y para la administraci\u00f3n t\u00e9cnica asociada. No se transmitir\u00e1n a terceros.<\/p>\n<p>Tiene derecho a revocar su consentimiento en cualquier momento con efectos para el futuro. En tal caso, sus datos personales se suprimir\u00e1n inmediatamente.<\/p>\n<p>Sus datos personales tambi\u00e9n se eliminar\u00e1n sin su revocaci\u00f3n si hemos tramitado su solicitud o usted revoca el consentimiento de almacenamiento aqu\u00ed dado. Esto tambi\u00e9n ocurre si el almacenamiento es inadmisible por otros motivos legales.<\/p>\n<p>Puede consultar los datos almacenados sobre usted en cualquier momento.<\/p>\n<h3>Pol\u00edtica de privacidad de Google Fonts<\/h3>\n<p>En nuestro sitio web utilizamos Google Fonts de Google Inc. (1600 Amphitheater Parkway Mountain View, CA 94043, EE.UU.). Las Google Fonts se utilizan sin autenticaci\u00f3n y no se env\u00edan cookies a la API de Google Fonts. Si tiene una cuenta en Google, no se transmitir\u00e1 a Google ning\u00fan dato de su cuenta de Google durante el uso de Google Fonts. Google s\u00f3lo registra el uso de CSS y las fuentes utilizadas y almacena estos datos de forma segura. Puede obtener m\u00e1s informaci\u00f3n sobre estas y otras cuestiones en https:\/\/developers.google.com\/fonts\/faq.<br>Puede consultar qu\u00e9 datos recopila Google y para qu\u00e9 los utiliza en https:\/\/www.google.com\/intl\/de\/policies\/privacy\/ nachlesen.<\/p>\n<h3>Sus derechos<\/h3>\n<p>En general, usted tiene derecho a la informaci\u00f3n, rectificaci\u00f3n, supresi\u00f3n, limitaci\u00f3n, portabilidad de datos, revocaci\u00f3n y oposici\u00f3n. Si cree que el tratamiento de sus datos infringe la ley de protecci\u00f3n de datos o que se han vulnerado sus derechos de protecci\u00f3n de datos de cualquier otro modo, puede presentar una reclamaci\u00f3n ante la autoridad de control. En Austria, \u00e9sta es la autoridad de protecci\u00f3n de datos.<\/p>\n<h3>Puede ponerse en contacto con nosotros a trav\u00e9s de los siguientes datos:<\/h3>\n<div>\n<p><strong>IINFOSTARS SOLUCIONES, S.L.&nbsp;<\/strong><\/p>\n<p>Domicilio: Avenida de Brasil, n\u00ba 29, 28020, Madrid, Espa\u00f1a<br>Tel.: +<a href=\"tel:0034917313420\">34-917 313 420<\/a><\/p><p><span style=\"letter-spacing: 0.32px;\">Tel.: +<\/span><a href=\"tel:0034917313420\" style=\"letter-spacing: 0.32px;\">34-913 352&nbsp;<\/a><a href=\"tel:0034917313420\" style=\"text-transform: var(--the7-base-text-transform); word-spacing: normal; outline: 0px; letter-spacing: 0.32px;\">493<\/a><\/p>\n<p>Correo electr\u00f3nico: <a href=\"&#x6d;&#x61;&#x69;&#x6c;&#x74;&#x6f;&#x3a;&#x6f;&#x66;&#x69;&#x63;&#x69;&#x6e;&#x61;&#x40;&#x67;&#x70;&#x73;&#x2d;&#x69;&#x6e;&#x66;&#111;&#115;&#116;&#97;&#114;&#115;&#46;&#99;&#111;&#109;\">&#111;&#x66;i&#99;&#x69;n&#97;&#x40;g&#112;&#x73;-&#105;&#x6e;f&#111;&#x73;t&#97;&#x72;s&#46;&#x63;o&#109;<\/a><\/p>\n<\/div>\n<div>Directo General: Robert Tarbuk<\/div>\n<div>\n<p>Empresa: Infostars Soluciones S.L.<br>Forma jur\u00eddica: Sociedad de responsabilidad limitada <br>N\u00famero de identificaci\u00f3n fiscal: B70668579&nbsp;<\/p>\n<\/div>\n<div>&nbsp;<\/div>\n<p><a href=\"https:\/\/www.gps-infostars.com\/es\/acerca-de-nosotros\/aviso-legal\/\">\u2192 a la huella<\/a><\/p>\t\t\t\t\t\t\t\t<\/div>\n\t\t\t\t<\/div>\n\t\t\t\t<div class=\"elementor-element elementor-element-5495af81 elementor-widget elementor-widget-text-editor\" data-id=\"5495af81\" data-element_type=\"widget\" data-e-type=\"widget\" data-widget_type=\"text-editor.default\">\n\t\t\t\t<div class=\"elementor-widget-container\">\n\t\t\t\t\t\t\t\t\t<h3 style=\"font-style: normal; font-variant-ligatures: normal; font-variant-caps: normal; text-transform: none; letter-spacing: normal; word-spacing: 0px; text-decoration-thickness: initial; text-decoration-style: initial; text-decoration-color: initial;\">\u00bfTiene alguna pregunta?<\/h3><p>Nuestros asesores est\u00e1n siempre a su disposici\u00f3n. P\u00f3ngase en contacto con nosotros:<\/p><p>L\u00ednea de atenci\u00f3n telef\u00f3nica (+34) 913 352 493 (de lunes a viernes, de 9 a 18 horas).<\/p><p style=\"color: #545657;\"><span style=\"letter-spacing: 0.32px; text-transform: var(--the7-base-text-transform); word-spacing: normal;\">Env\u00ede un correo electr\u00f3nico a <\/span><a href=\"&#x6d;&#x61;&#105;l&#x74;&#x6f;&#58;of&#x69;&#x63;&#105;n&#x61;&#x40;&#103;&#112;s&#x2d;&#x69;&#110;f&#x6f;&#x73;&#116;&#97;r&#x73;&#x2e;&#99;o&#x6d;\">&#x6f;f&#x69;&#99;i&#x6e;&#97;&#x40;&#103;p&#x73;&#45;&#x69;&#110;f&#x6f;&#115;&#x74;&#x61;r&#x73;&#46;c&#x6f;&#109; <\/a>o utilice nuestro <a href=\"https:\/\/www.gps-infostars.com\/es\/asesoramiento-y-contacto\/formulario-de-contacto\/\">\u2192 formulario de contacto<\/a><\/p>\t\t\t\t\t\t\t\t<\/div>\n\t\t\t\t<\/div>\n\t\t\t\t\t<\/div>\n\t\t<\/div>\n\t\t\t\t<div class=\"elementor-column elementor-col-33 elementor-top-column elementor-element elementor-element-41940abc\" data-id=\"41940abc\" data-element_type=\"column\" data-e-type=\"column\">\n\t\t\t<div class=\"elementor-widget-wrap\">\n\t\t\t\t\t\t\t<\/div>\n\t\t<\/div>\n\t\t\t\t\t<\/div>\n\t\t<\/section>\n\t\t\t\t<section class=\"elementor-section elementor-top-section elementor-element elementor-element-63fbbe18 elementor-section-boxed elementor-section-height-default elementor-section-height-default\" data-id=\"63fbbe18\" data-element_type=\"section\" data-e-type=\"section\">\n\t\t\t\t\t\t<div class=\"elementor-container elementor-column-gap-default\">\n\t\t\t\t\t<div class=\"elementor-column elementor-col-100 elementor-top-column elementor-element elementor-element-79cb35a0\" data-id=\"79cb35a0\" data-element_type=\"column\" data-e-type=\"column\">\n\t\t\t<div class=\"elementor-widget-wrap\">\n\t\t\t\t\t\t\t<\/div>\n\t\t<\/div>\n\t\t\t\t\t<\/div>\n\t\t<\/section>\n\t\t\t\t<\/div>\n\t\t","protected":false},"excerpt":{"rendered":"<p>Pol\u00edtica de privacidad Declaraci\u00f3n sobre el deber de informar La protecci\u00f3n de sus datos personales nos preocupa especialmente. Por ello, procesamos sus datos exclusivamente sobre la base de las disposiciones legales (DSGVO, TKG 2003). En esta informaci\u00f3n sobre protecci\u00f3n de datos le informamos sobre los aspectos m\u00e1s importantes del tratamiento de datos en el \u00e1mbito&hellip;<\/p>\n","protected":false},"author":1,"featured_media":0,"parent":34017,"menu_order":0,"comment_status":"closed","ping_status":"closed","template":"","meta":{"inline_featured_image":false,"footnotes":""},"class_list":["post-42924","page","type-page","status-publish","hentry"],"yoast_head":"<!-- This site is optimized with the Yoast SEO plugin v27.4 - https:\/\/yoast.com\/product\/yoast-seo-wordpress\/ -->\n<title>Pol\u00edtica de privacidad - INFOSTARS SOLUCIONES, S.L.<\/title>\n<meta name=\"description\" content=\"Seguimiento GPS y dispositivos GPS para coches, camiones, seguimiento de ganado y mucho m\u00e1s, as\u00ed como libros de registro electr\u00f3nicos de GPS\" \/>\n<meta name=\"robots\" content=\"index, follow, max-snippet:-1, max-image-preview:large, max-video-preview:-1\" \/>\n<link rel=\"canonical\" href=\"https:\/\/www.gps-infostars.com\/es\/acerca-de-nosotros\/politica-de-privacidad\/\" \/>\n<meta property=\"og:locale\" content=\"es_ES\" \/>\n<meta property=\"og:type\" content=\"article\" \/>\n<meta property=\"og:title\" content=\"Pol\u00edtica de privacidad - INFOSTARS SOLUCIONES, S.L.\" \/>\n<meta property=\"og:description\" content=\"Seguimiento GPS y dispositivos GPS para coches, camiones, seguimiento de ganado y mucho m\u00e1s, as\u00ed como libros de registro electr\u00f3nicos de GPS\" \/>\n<meta property=\"og:url\" content=\"https:\/\/www.gps-infostars.com\/es\/acerca-de-nosotros\/politica-de-privacidad\/\" \/>\n<meta property=\"og:site_name\" content=\"INFOSTARS SOLUCIONES, S.L.\" \/>\n<meta property=\"article:modified_time\" content=\"2025-02-24T08:57:37+00:00\" \/>\n<meta property=\"og:image\" content=\"https:\/\/www.gps-infostars.com\/es\/wp-content\/uploads\/sites\/3\/jetzt_header.jpg\" \/>\n<meta name=\"twitter:card\" content=\"summary_large_image\" \/>\n<meta name=\"twitter:label1\" content=\"Tiempo de lectura\" \/>\n\t<meta name=\"twitter:data1\" content=\"3 minutos\" \/>\n<script type=\"application\/ld+json\" class=\"yoast-schema-graph\">{\"@context\":\"https:\\\/\\\/schema.org\",\"@graph\":[{\"@type\":\"WebPage\",\"@id\":\"https:\\\/\\\/www.gps-infostars.com\\\/es\\\/acerca-de-nosotros\\\/politica-de-privacidad\\\/\",\"url\":\"https:\\\/\\\/www.gps-infostars.com\\\/es\\\/acerca-de-nosotros\\\/politica-de-privacidad\\\/\",\"name\":\"Pol\u00edtica de privacidad - INFOSTARS SOLUCIONES, S.L.\",\"isPartOf\":{\"@id\":\"https:\\\/\\\/www.gps-infostars.com\\\/es\\\/#website\"},\"primaryImageOfPage\":{\"@id\":\"https:\\\/\\\/www.gps-infostars.com\\\/es\\\/acerca-de-nosotros\\\/politica-de-privacidad\\\/#primaryimage\"},\"image\":{\"@id\":\"https:\\\/\\\/www.gps-infostars.com\\\/es\\\/acerca-de-nosotros\\\/politica-de-privacidad\\\/#primaryimage\"},\"thumbnailUrl\":\"https:\\\/\\\/www.gps-infostars.com\\\/es\\\/wp-content\\\/uploads\\\/sites\\\/3\\\/jetzt_header.jpg\",\"datePublished\":\"2021-03-30T17:26:09+00:00\",\"dateModified\":\"2025-02-24T08:57:37+00:00\",\"description\":\"Seguimiento GPS y dispositivos GPS para coches, camiones, seguimiento de ganado y mucho m\u00e1s, as\u00ed como libros de registro electr\u00f3nicos de GPS\",\"breadcrumb\":{\"@id\":\"https:\\\/\\\/www.gps-infostars.com\\\/es\\\/acerca-de-nosotros\\\/politica-de-privacidad\\\/#breadcrumb\"},\"inLanguage\":\"es\",\"potentialAction\":[{\"@type\":\"ReadAction\",\"target\":[\"https:\\\/\\\/www.gps-infostars.com\\\/es\\\/acerca-de-nosotros\\\/politica-de-privacidad\\\/\"]}]},{\"@type\":\"ImageObject\",\"inLanguage\":\"es\",\"@id\":\"https:\\\/\\\/www.gps-infostars.com\\\/es\\\/acerca-de-nosotros\\\/politica-de-privacidad\\\/#primaryimage\",\"url\":\"https:\\\/\\\/www.gps-infostars.com\\\/es\\\/wp-content\\\/uploads\\\/sites\\\/3\\\/jetzt_header.jpg\",\"contentUrl\":\"https:\\\/\\\/www.gps-infostars.com\\\/es\\\/wp-content\\\/uploads\\\/sites\\\/3\\\/jetzt_header.jpg\",\"width\":2400,\"height\":417},{\"@type\":\"BreadcrumbList\",\"@id\":\"https:\\\/\\\/www.gps-infostars.com\\\/es\\\/acerca-de-nosotros\\\/politica-de-privacidad\\\/#breadcrumb\",\"itemListElement\":[{\"@type\":\"ListItem\",\"position\":1,\"name\":\"Startseite\",\"item\":\"https:\\\/\\\/www.gps-infostars.com\\\/es\\\/\"},{\"@type\":\"ListItem\",\"position\":2,\"name\":\"Nosotros\",\"item\":\"https:\\\/\\\/www.gps-infostars.com\\\/es\\\/acerca-de-nosotros\\\/\"},{\"@type\":\"ListItem\",\"position\":3,\"name\":\"Pol\u00edtica de privacidad\"}]},{\"@type\":\"WebSite\",\"@id\":\"https:\\\/\\\/www.gps-infostars.com\\\/es\\\/#website\",\"url\":\"https:\\\/\\\/www.gps-infostars.com\\\/es\\\/\",\"name\":\"INFOSTARS SOLUCIONES, S.L.\",\"description\":\"Einfach, pr\u00e4zise &amp; zuverl\u00e4ssig.\",\"publisher\":{\"@id\":\"https:\\\/\\\/www.gps-infostars.com\\\/es\\\/#organization\"},\"potentialAction\":[{\"@type\":\"SearchAction\",\"target\":{\"@type\":\"EntryPoint\",\"urlTemplate\":\"https:\\\/\\\/www.gps-infostars.com\\\/es\\\/?s={search_term_string}\"},\"query-input\":{\"@type\":\"PropertyValueSpecification\",\"valueRequired\":true,\"valueName\":\"search_term_string\"}}],\"inLanguage\":\"es\"},{\"@type\":\"Organization\",\"@id\":\"https:\\\/\\\/www.gps-infostars.com\\\/es\\\/#organization\",\"name\":\"INFOSTARS SOLUCIONES, S.L.\",\"url\":\"https:\\\/\\\/www.gps-infostars.com\\\/es\\\/\",\"logo\":{\"@type\":\"ImageObject\",\"inLanguage\":\"es\",\"@id\":\"https:\\\/\\\/www.gps-infostars.com\\\/es\\\/#\\\/schema\\\/logo\\\/image\\\/\",\"url\":\"https:\\\/\\\/www.gps-infostars.com\\\/es\\\/wp-content\\\/uploads\\\/sites\\\/3\\\/logo_infostars.png\",\"contentUrl\":\"https:\\\/\\\/www.gps-infostars.com\\\/es\\\/wp-content\\\/uploads\\\/sites\\\/3\\\/logo_infostars.png\",\"width\":1125,\"height\":360,\"caption\":\"INFOSTARS SOLUCIONES, S.L.\"},\"image\":{\"@id\":\"https:\\\/\\\/www.gps-infostars.com\\\/es\\\/#\\\/schema\\\/logo\\\/image\\\/\"}}]}<\/script>\n<!-- \/ Yoast SEO plugin. -->","yoast_head_json":{"title":"Pol\u00edtica de privacidad - INFOSTARS SOLUCIONES, S.L.","description":"Seguimiento GPS y dispositivos GPS para coches, camiones, seguimiento de ganado y mucho m\u00e1s, as\u00ed como libros de registro electr\u00f3nicos de GPS","robots":{"index":"index","follow":"follow","max-snippet":"max-snippet:-1","max-image-preview":"max-image-preview:large","max-video-preview":"max-video-preview:-1"},"canonical":"https:\/\/www.gps-infostars.com\/es\/acerca-de-nosotros\/politica-de-privacidad\/","og_locale":"es_ES","og_type":"article","og_title":"Pol\u00edtica de privacidad - INFOSTARS SOLUCIONES, S.L.","og_description":"Seguimiento GPS y dispositivos GPS para coches, camiones, seguimiento de ganado y mucho m\u00e1s, as\u00ed como libros de registro electr\u00f3nicos de GPS","og_url":"https:\/\/www.gps-infostars.com\/es\/acerca-de-nosotros\/politica-de-privacidad\/","og_site_name":"INFOSTARS SOLUCIONES, S.L.","article_modified_time":"2025-02-24T08:57:37+00:00","og_image":[{"url":"https:\/\/www.gps-infostars.com\/es\/wp-content\/uploads\/sites\/3\/jetzt_header.jpg","type":"","width":"","height":""}],"twitter_card":"summary_large_image","twitter_misc":{"Tiempo de lectura":"3 minutos"},"schema":{"@context":"https:\/\/schema.org","@graph":[{"@type":"WebPage","@id":"https:\/\/www.gps-infostars.com\/es\/acerca-de-nosotros\/politica-de-privacidad\/","url":"https:\/\/www.gps-infostars.com\/es\/acerca-de-nosotros\/politica-de-privacidad\/","name":"Pol\u00edtica de privacidad - INFOSTARS SOLUCIONES, S.L.","isPartOf":{"@id":"https:\/\/www.gps-infostars.com\/es\/#website"},"primaryImageOfPage":{"@id":"https:\/\/www.gps-infostars.com\/es\/acerca-de-nosotros\/politica-de-privacidad\/#primaryimage"},"image":{"@id":"https:\/\/www.gps-infostars.com\/es\/acerca-de-nosotros\/politica-de-privacidad\/#primaryimage"},"thumbnailUrl":"https:\/\/www.gps-infostars.com\/es\/wp-content\/uploads\/sites\/3\/jetzt_header.jpg","datePublished":"2021-03-30T17:26:09+00:00","dateModified":"2025-02-24T08:57:37+00:00","description":"Seguimiento GPS y dispositivos GPS para coches, camiones, seguimiento de ganado y mucho m\u00e1s, as\u00ed como libros de registro electr\u00f3nicos de GPS","breadcrumb":{"@id":"https:\/\/www.gps-infostars.com\/es\/acerca-de-nosotros\/politica-de-privacidad\/#breadcrumb"},"inLanguage":"es","potentialAction":[{"@type":"ReadAction","target":["https:\/\/www.gps-infostars.com\/es\/acerca-de-nosotros\/politica-de-privacidad\/"]}]},{"@type":"ImageObject","inLanguage":"es","@id":"https:\/\/www.gps-infostars.com\/es\/acerca-de-nosotros\/politica-de-privacidad\/#primaryimage","url":"https:\/\/www.gps-infostars.com\/es\/wp-content\/uploads\/sites\/3\/jetzt_header.jpg","contentUrl":"https:\/\/www.gps-infostars.com\/es\/wp-content\/uploads\/sites\/3\/jetzt_header.jpg","width":2400,"height":417},{"@type":"BreadcrumbList","@id":"https:\/\/www.gps-infostars.com\/es\/acerca-de-nosotros\/politica-de-privacidad\/#breadcrumb","itemListElement":[{"@type":"ListItem","position":1,"name":"Startseite","item":"https:\/\/www.gps-infostars.com\/es\/"},{"@type":"ListItem","position":2,"name":"Nosotros","item":"https:\/\/www.gps-infostars.com\/es\/acerca-de-nosotros\/"},{"@type":"ListItem","position":3,"name":"Pol\u00edtica de privacidad"}]},{"@type":"WebSite","@id":"https:\/\/www.gps-infostars.com\/es\/#website","url":"https:\/\/www.gps-infostars.com\/es\/","name":"INFOSTARS SOLUCIONES, S.L.","description":"Einfach, pr\u00e4zise &amp; zuverl\u00e4ssig.","publisher":{"@id":"https:\/\/www.gps-infostars.com\/es\/#organization"},"potentialAction":[{"@type":"SearchAction","target":{"@type":"EntryPoint","urlTemplate":"https:\/\/www.gps-infostars.com\/es\/?s={search_term_string}"},"query-input":{"@type":"PropertyValueSpecification","valueRequired":true,"valueName":"search_term_string"}}],"inLanguage":"es"},{"@type":"Organization","@id":"https:\/\/www.gps-infostars.com\/es\/#organization","name":"INFOSTARS SOLUCIONES, S.L.","url":"https:\/\/www.gps-infostars.com\/es\/","logo":{"@type":"ImageObject","inLanguage":"es","@id":"https:\/\/www.gps-infostars.com\/es\/#\/schema\/logo\/image\/","url":"https:\/\/www.gps-infostars.com\/es\/wp-content\/uploads\/sites\/3\/logo_infostars.png","contentUrl":"https:\/\/www.gps-infostars.com\/es\/wp-content\/uploads\/sites\/3\/logo_infostars.png","width":1125,"height":360,"caption":"INFOSTARS SOLUCIONES, S.L."},"image":{"@id":"https:\/\/www.gps-infostars.com\/es\/#\/schema\/logo\/image\/"}}]}},"_links":{"self":[{"href":"https:\/\/www.gps-infostars.com\/es\/wp-json\/wp\/v2\/pages\/42924","targetHints":{"allow":["GET"]}}],"collection":[{"href":"https:\/\/www.gps-infostars.com\/es\/wp-json\/wp\/v2\/pages"}],"about":[{"href":"https:\/\/www.gps-infostars.com\/es\/wp-json\/wp\/v2\/types\/page"}],"author":[{"embeddable":true,"href":"https:\/\/www.gps-infostars.com\/es\/wp-json\/wp\/v2\/users\/1"}],"replies":[{"embeddable":true,"href":"https:\/\/www.gps-infostars.com\/es\/wp-json\/wp\/v2\/comments?post=42924"}],"version-history":[{"count":49,"href":"https:\/\/www.gps-infostars.com\/es\/wp-json\/wp\/v2\/pages\/42924\/revisions"}],"predecessor-version":[{"id":54117,"href":"https:\/\/www.gps-infostars.com\/es\/wp-json\/wp\/v2\/pages\/42924\/revisions\/54117"}],"up":[{"embeddable":true,"href":"https:\/\/www.gps-infostars.com\/es\/wp-json\/wp\/v2\/pages\/34017"}],"wp:attachment":[{"href":"https:\/\/www.gps-infostars.com\/es\/wp-json\/wp\/v2\/media?parent=42924"}],"curies":[{"name":"wp","href":"https:\/\/api.w.org\/{rel}","templated":true}]}}