{"id":49849,"date":"2022-07-26T18:17:51","date_gmt":"2022-07-26T16:17:51","guid":{"rendered":"https:\/\/www.gps-infostars.com\/versand__lieferung\/"},"modified":"2024-06-17T13:07:43","modified_gmt":"2024-06-17T11:07:43","slug":"envio-y-entrega","status":"publish","type":"page","link":"https:\/\/www.gps-infostars.com\/es\/tienda\/envio-y-entrega\/","title":{"rendered":"Env\u00edo y Entrega"},"content":{"rendered":"<h1>Env\u00edo y Entrega<\/h1>\n<p><strong>Precios, costos de env\u00edo e informaci\u00f3n de entrega<\/strong><\/p>\n<p>Los precios indicados en las p\u00e1ginas de productos incluyen el impuesto al valor agregado austriaco del 20% y otros componentes de precios. El impuesto al valor agregado se calcular\u00e1 definitivamente durante el proceso de pedido, ya que depende del pa\u00eds de entrega.<\/p>\n<p>Solo realizamos env\u00edos en la UE a Alemania, Italia y Austria.<\/p>\n<p>Adem\u00e1s de los precios indicados, se aplicar\u00e1 un cargo fijo por el env\u00edo dentro de Alemania y Austria. Los costos de env\u00edo se indicar\u00e1n claramente en el sistema de la cesta de la compra y en la p\u00e1gina de pedido.<\/p>\n<p>No se aplicar\u00e1n otros impuestos ni costos.<\/p>\n<p>Para contenido digital (e-books, software, etc.) no se aplicar\u00e1n costos de env\u00edo.<\/p>\n<p><strong>\u00a0<\/strong><\/p>\n<p>El cargo fijo de env\u00edo es el siguiente en euros, dependiendo del proveedor de servicios y el pa\u00eds en la UE:<\/p>\n<p>A <strong>Espa\u00f1a<\/strong>: 9,90\u20ac<\/p>\n<p><strong>DPD:<\/strong><\/p>\n<p>Dentro de <strong>Austria<\/strong>: 4,80\u20ac<\/p>\n<p>A Alemania: 10,80\u20ac<\/p>\n<p>A Italia: 19,80\u20ac<\/p>\n<p><strong>Correo austriaco:<\/strong><\/p>\n<p>Dentro de Austria: 6,60\u20ac<\/p>\n<p>A <strong>Alemania<\/strong>: 9,99\u20ac<\/p>\n<p>A <strong>Italia<\/strong>: 9,99\u20ac<\/p>\n<p>El cargo fijo de env\u00edo incluye el impuesto al valor agregado legal. Dado que el impuesto al valor agregado del cargo fijo de env\u00edo depende de los bienes adquiridos, puede reducirse si se adquieren bienes a tipos impositivos m\u00e1s bajos (por ejemplo, al comprar libros). Esto significa que el cargo fijo de env\u00edo solo se calcular\u00e1 definitivamente durante el proceso de pedido. Sin embargo, no puede aumentar, solo puede reducirse a su favor.<\/p>\n","protected":false},"excerpt":{"rendered":"<p>Env\u00edo y Entrega Precios, costos de env\u00edo e informaci\u00f3n de entrega Los precios indicados en las p\u00e1ginas de productos incluyen el impuesto al valor agregado austriaco del 20% y otros componentes de precios. El impuesto al valor agregado se calcular\u00e1 definitivamente durante el proceso de pedido, ya que depende del pa\u00eds de entrega. Solo realizamos&hellip;<\/p>\n","protected":false},"author":1,"featured_media":0,"parent":50294,"menu_order":0,"comment_status":"closed","ping_status":"closed","template":"","meta":{"inline_featured_image":false,"footnotes":""},"class_list":["post-49849","page","type-page","status-publish","hentry","description-off"],"yoast_head":"<!-- This site is optimized with the Yoast SEO plugin v27.4 - https:\/\/yoast.com\/product\/yoast-seo-wordpress\/ -->\n<title>Env\u00edo y Entrega - INFOSTARS SOLUCIONES, S.L.<\/title>\n<meta name=\"description\" content=\"Rastreo GPS y dispositivos GPS para autom\u00f3viles, camiones, rastreo de ganado y m\u00e1s, as\u00ed como libros de registro electr\u00f3nico de GPS Infostars \u2713 Aprobados por Hacienda \u2713 desde hace 10 a\u00f1os\" \/>\n<meta name=\"robots\" content=\"index, follow, max-snippet:-1, max-image-preview:large, max-video-preview:-1\" \/>\n<link rel=\"canonical\" href=\"https:\/\/www.gps-infostars.com\/es\/tienda\/envio-y-entrega\/\" \/>\n<meta property=\"og:locale\" content=\"es_ES\" \/>\n<meta property=\"og:type\" content=\"article\" \/>\n<meta property=\"og:title\" content=\"Env\u00edo y Entrega - INFOSTARS SOLUCIONES, S.L.\" \/>\n<meta property=\"og:description\" content=\"Rastreo GPS y dispositivos GPS para autom\u00f3viles, camiones, rastreo de ganado y m\u00e1s, as\u00ed como libros de registro electr\u00f3nico de GPS Infostars \u2713 Aprobados por Hacienda \u2713 desde hace 10 a\u00f1os\" \/>\n<meta property=\"og:url\" content=\"https:\/\/www.gps-infostars.com\/es\/tienda\/envio-y-entrega\/\" \/>\n<meta property=\"og:site_name\" content=\"INFOSTARS SOLUCIONES, S.L.\" \/>\n<meta property=\"article:modified_time\" content=\"2024-06-17T11:07:43+00:00\" \/>\n<meta name=\"twitter:card\" content=\"summary_large_image\" \/>\n<meta name=\"twitter:label1\" content=\"Tiempo de lectura\" \/>\n\t<meta name=\"twitter:data1\" content=\"1 minuto\" \/>\n<script type=\"application\/ld+json\" class=\"yoast-schema-graph\">{\"@context\":\"https:\\\/\\\/schema.org\",\"@graph\":[{\"@type\":\"WebPage\",\"@id\":\"https:\\\/\\\/www.gps-infostars.com\\\/es\\\/tienda\\\/envio-y-entrega\\\/\",\"url\":\"https:\\\/\\\/www.gps-infostars.com\\\/es\\\/tienda\\\/envio-y-entrega\\\/\",\"name\":\"Env\u00edo y Entrega - INFOSTARS SOLUCIONES, S.L.\",\"isPartOf\":{\"@id\":\"https:\\\/\\\/www.gps-infostars.com\\\/es\\\/#website\"},\"datePublished\":\"2022-07-26T16:17:51+00:00\",\"dateModified\":\"2024-06-17T11:07:43+00:00\",\"description\":\"Rastreo GPS y dispositivos GPS para autom\u00f3viles, camiones, rastreo de ganado y m\u00e1s, as\u00ed como libros de registro electr\u00f3nico de GPS Infostars \u2713 Aprobados por Hacienda \u2713 desde hace 10 a\u00f1os\",\"breadcrumb\":{\"@id\":\"https:\\\/\\\/www.gps-infostars.com\\\/es\\\/tienda\\\/envio-y-entrega\\\/#breadcrumb\"},\"inLanguage\":\"es\",\"potentialAction\":[{\"@type\":\"ReadAction\",\"target\":[\"https:\\\/\\\/www.gps-infostars.com\\\/es\\\/tienda\\\/envio-y-entrega\\\/\"]}]},{\"@type\":\"BreadcrumbList\",\"@id\":\"https:\\\/\\\/www.gps-infostars.com\\\/es\\\/tienda\\\/envio-y-entrega\\\/#breadcrumb\",\"itemListElement\":[{\"@type\":\"ListItem\",\"position\":1,\"name\":\"Startseite\",\"item\":\"https:\\\/\\\/www.gps-infostars.com\\\/es\\\/\"},{\"@type\":\"ListItem\",\"position\":2,\"name\":\"Tienda\",\"item\":\"https:\\\/\\\/www.gps-infostars.com\\\/es\\\/tienda\\\/\"},{\"@type\":\"ListItem\",\"position\":3,\"name\":\"Env\u00edo y Entrega\"}]},{\"@type\":\"WebSite\",\"@id\":\"https:\\\/\\\/www.gps-infostars.com\\\/es\\\/#website\",\"url\":\"https:\\\/\\\/www.gps-infostars.com\\\/es\\\/\",\"name\":\"INFOSTARS SOLUCIONES, S.L.\",\"description\":\"Einfach, pr\u00e4zise &amp; zuverl\u00e4ssig.\",\"publisher\":{\"@id\":\"https:\\\/\\\/www.gps-infostars.com\\\/es\\\/#organization\"},\"potentialAction\":[{\"@type\":\"SearchAction\",\"target\":{\"@type\":\"EntryPoint\",\"urlTemplate\":\"https:\\\/\\\/www.gps-infostars.com\\\/es\\\/?s={search_term_string}\"},\"query-input\":{\"@type\":\"PropertyValueSpecification\",\"valueRequired\":true,\"valueName\":\"search_term_string\"}}],\"inLanguage\":\"es\"},{\"@type\":\"Organization\",\"@id\":\"https:\\\/\\\/www.gps-infostars.com\\\/es\\\/#organization\",\"name\":\"INFOSTARS SOLUCIONES, S.L.\",\"url\":\"https:\\\/\\\/www.gps-infostars.com\\\/es\\\/\",\"logo\":{\"@type\":\"ImageObject\",\"inLanguage\":\"es\",\"@id\":\"https:\\\/\\\/www.gps-infostars.com\\\/es\\\/#\\\/schema\\\/logo\\\/image\\\/\",\"url\":\"https:\\\/\\\/www.gps-infostars.com\\\/es\\\/wp-content\\\/uploads\\\/sites\\\/3\\\/logo_infostars.png\",\"contentUrl\":\"https:\\\/\\\/www.gps-infostars.com\\\/es\\\/wp-content\\\/uploads\\\/sites\\\/3\\\/logo_infostars.png\",\"width\":1125,\"height\":360,\"caption\":\"INFOSTARS SOLUCIONES, S.L.\"},\"image\":{\"@id\":\"https:\\\/\\\/www.gps-infostars.com\\\/es\\\/#\\\/schema\\\/logo\\\/image\\\/\"}}]}<\/script>\n<!-- \/ Yoast SEO plugin. -->","yoast_head_json":{"title":"Env\u00edo y Entrega - INFOSTARS SOLUCIONES, S.L.","description":"Rastreo GPS y dispositivos GPS para autom\u00f3viles, camiones, rastreo de ganado y m\u00e1s, as\u00ed como libros de registro electr\u00f3nico de GPS Infostars \u2713 Aprobados por Hacienda \u2713 desde hace 10 a\u00f1os","robots":{"index":"index","follow":"follow","max-snippet":"max-snippet:-1","max-image-preview":"max-image-preview:large","max-video-preview":"max-video-preview:-1"},"canonical":"https:\/\/www.gps-infostars.com\/es\/tienda\/envio-y-entrega\/","og_locale":"es_ES","og_type":"article","og_title":"Env\u00edo y Entrega - INFOSTARS SOLUCIONES, S.L.","og_description":"Rastreo GPS y dispositivos GPS para autom\u00f3viles, camiones, rastreo de ganado y m\u00e1s, as\u00ed como libros de registro electr\u00f3nico de GPS Infostars \u2713 Aprobados por Hacienda \u2713 desde hace 10 a\u00f1os","og_url":"https:\/\/www.gps-infostars.com\/es\/tienda\/envio-y-entrega\/","og_site_name":"INFOSTARS SOLUCIONES, S.L.","article_modified_time":"2024-06-17T11:07:43+00:00","twitter_card":"summary_large_image","twitter_misc":{"Tiempo de lectura":"1 minuto"},"schema":{"@context":"https:\/\/schema.org","@graph":[{"@type":"WebPage","@id":"https:\/\/www.gps-infostars.com\/es\/tienda\/envio-y-entrega\/","url":"https:\/\/www.gps-infostars.com\/es\/tienda\/envio-y-entrega\/","name":"Env\u00edo y Entrega - INFOSTARS SOLUCIONES, S.L.","isPartOf":{"@id":"https:\/\/www.gps-infostars.com\/es\/#website"},"datePublished":"2022-07-26T16:17:51+00:00","dateModified":"2024-06-17T11:07:43+00:00","description":"Rastreo GPS y dispositivos GPS para autom\u00f3viles, camiones, rastreo de ganado y m\u00e1s, as\u00ed como libros de registro electr\u00f3nico de GPS Infostars \u2713 Aprobados por Hacienda \u2713 desde hace 10 a\u00f1os","breadcrumb":{"@id":"https:\/\/www.gps-infostars.com\/es\/tienda\/envio-y-entrega\/#breadcrumb"},"inLanguage":"es","potentialAction":[{"@type":"ReadAction","target":["https:\/\/www.gps-infostars.com\/es\/tienda\/envio-y-entrega\/"]}]},{"@type":"BreadcrumbList","@id":"https:\/\/www.gps-infostars.com\/es\/tienda\/envio-y-entrega\/#breadcrumb","itemListElement":[{"@type":"ListItem","position":1,"name":"Startseite","item":"https:\/\/www.gps-infostars.com\/es\/"},{"@type":"ListItem","position":2,"name":"Tienda","item":"https:\/\/www.gps-infostars.com\/es\/tienda\/"},{"@type":"ListItem","position":3,"name":"Env\u00edo y Entrega"}]},{"@type":"WebSite","@id":"https:\/\/www.gps-infostars.com\/es\/#website","url":"https:\/\/www.gps-infostars.com\/es\/","name":"INFOSTARS SOLUCIONES, S.L.","description":"Einfach, pr\u00e4zise &amp; zuverl\u00e4ssig.","publisher":{"@id":"https:\/\/www.gps-infostars.com\/es\/#organization"},"potentialAction":[{"@type":"SearchAction","target":{"@type":"EntryPoint","urlTemplate":"https:\/\/www.gps-infostars.com\/es\/?s={search_term_string}"},"query-input":{"@type":"PropertyValueSpecification","valueRequired":true,"valueName":"search_term_string"}}],"inLanguage":"es"},{"@type":"Organization","@id":"https:\/\/www.gps-infostars.com\/es\/#organization","name":"INFOSTARS SOLUCIONES, S.L.","url":"https:\/\/www.gps-infostars.com\/es\/","logo":{"@type":"ImageObject","inLanguage":"es","@id":"https:\/\/www.gps-infostars.com\/es\/#\/schema\/logo\/image\/","url":"https:\/\/www.gps-infostars.com\/es\/wp-content\/uploads\/sites\/3\/logo_infostars.png","contentUrl":"https:\/\/www.gps-infostars.com\/es\/wp-content\/uploads\/sites\/3\/logo_infostars.png","width":1125,"height":360,"caption":"INFOSTARS SOLUCIONES, S.L."},"image":{"@id":"https:\/\/www.gps-infostars.com\/es\/#\/schema\/logo\/image\/"}}]}},"_links":{"self":[{"href":"https:\/\/www.gps-infostars.com\/es\/wp-json\/wp\/v2\/pages\/49849","targetHints":{"allow":["GET"]}}],"collection":[{"href":"https:\/\/www.gps-infostars.com\/es\/wp-json\/wp\/v2\/pages"}],"about":[{"href":"https:\/\/www.gps-infostars.com\/es\/wp-json\/wp\/v2\/types\/page"}],"author":[{"embeddable":true,"href":"https:\/\/www.gps-infostars.com\/es\/wp-json\/wp\/v2\/users\/1"}],"replies":[{"embeddable":true,"href":"https:\/\/www.gps-infostars.com\/es\/wp-json\/wp\/v2\/comments?post=49849"}],"version-history":[{"count":5,"href":"https:\/\/www.gps-infostars.com\/es\/wp-json\/wp\/v2\/pages\/49849\/revisions"}],"predecessor-version":[{"id":52700,"href":"https:\/\/www.gps-infostars.com\/es\/wp-json\/wp\/v2\/pages\/49849\/revisions\/52700"}],"up":[{"embeddable":true,"href":"https:\/\/www.gps-infostars.com\/es\/wp-json\/wp\/v2\/pages\/50294"}],"wp:attachment":[{"href":"https:\/\/www.gps-infostars.com\/es\/wp-json\/wp\/v2\/media?parent=49849"}],"curies":[{"name":"wp","href":"https:\/\/api.w.org\/{rel}","templated":true}]}}