{"id":50679,"date":"2022-07-26T18:17:52","date_gmt":"2022-07-26T16:17:52","guid":{"rendered":"https:\/\/www.gps-infostars.com\/?page_id=50679"},"modified":"2024-05-21T11:45:18","modified_gmt":"2024-05-21T09:45:18","slug":"formas-de-pago","status":"publish","type":"page","link":"https:\/\/www.gps-infostars.com\/es\/formas-de-pago\/","title":{"rendered":"Formas de pago"},"content":{"rendered":"<h1>Formas de pago<\/h1>\n<p>Ofrecemos varias formas de pago. Simplemente elija la forma de pago que m\u00e1s le convenga. Las opciones de pago pueden variar. Por ejemplo, Apple Pay solo se mostrar\u00e1 si est\u00e1 utilizando un dispositivo activado para Apple Pay y est\u00e1 utilizando el navegador Safari. Los costos de env\u00edo pueden depender de la forma de pago elegida. Los precios indicados en las ofertas son precios finales e incluyen todos los componentes, incluidos los impuestos aplicables, como el impuesto al valor agregado. Solo en el caso de entregas transfronterizas, pueden aplicarse impuestos adicionales (por ejemplo, en el caso de una adquisici\u00f3n intracomunitaria) y\/o tarifas (por ejemplo, aranceles), pero no se pagan al vendedor, sino a las autoridades aduaneras o fiscales competentes.<\/p>\n<p>Los costos de env\u00edo y manejo no est\u00e1n incluidos en el precio de compra; se pueden consultar en la p\u00e1gina \u00abCostos de env\u00edo\u00bb, se indicar\u00e1n por separado durante el proceso de pedido y deber\u00e1n pagarse adicionalmente.<\/p>\n<p>Atenci\u00f3n: No todas las formas de pago mostrar\u00e1n el pago como realizado de inmediato por el proveedor de servicios de pago. Solo cuando el sistema nos muestra el pago como completado, es decir, como pagado, se activar\u00e1n los paquetes de suscripci\u00f3n o reactivaci\u00f3n y se activar\u00e1 la tarjeta SIM. Esto se realiza autom\u00e1ticamente por el sistema. En el caso de la domiciliaci\u00f3n bancaria SEPA, esto puede tardar hasta 14 d\u00edas h\u00e1biles.<\/p>\n<p>En la tienda, es posible que no todas las formas de pago est\u00e9n disponibles.<\/p>\n<p><strong>SEPA Domiciliaci\u00f3n Bancaria<\/strong><\/p>\n<p>Debitaremos el monto de la factura de su pedido de su cuenta bancaria registrada despu\u00e9s de realizar el pedido. Puede tardar hasta 14 d\u00edas h\u00e1biles (normalmente 3 a 5 d\u00edas h\u00e1biles) en que el pago se acredite correctamente. Luego, se enviar\u00e1n las entregas o se activar\u00e1n las suscripciones.<\/p>\n<p><strong>Sofort Pago por Stripe<\/strong><\/p>\n<p>Stripe ofrece una lista de bancos donde puede realizar transferencias de inmediato. Si no encuentra su banco, int\u00e9ntelo en \u00abTransferencia\u00bb o \u00abBanca instant\u00e1nea\u00bb. El pago se acreditar\u00e1 generalmente de manera oportuna, y podr\u00e1 utilizar r\u00e1pidamente sus suscripciones de software.<\/p>\n<p><strong>Tarjeta de Cr\u00e9dito<\/strong><\/p>\n<p>Pague f\u00e1cilmente con tarjeta de cr\u00e9dito. El pago se acreditar\u00e1 generalmente de inmediato, y podr\u00e1 utilizar sus suscripciones de software de inmediato.<\/p>\n<p><em>PayPal<\/em><\/p>\n<p>Pague f\u00e1cilmente con su cuenta de PayPal. El pago se acreditar\u00e1 generalmente de inmediato, y podr\u00e1 utilizar sus suscripciones de software de inmedia.<\/p>\n<p><strong>Transferencia Bancaria<\/strong><\/p>\n<p>Aqu\u00ed tiene a su disposici\u00f3n varios bancos para realizar el pago. El pago se acreditar\u00e1 generalmente de manera oportuna, y podr\u00e1 utilizar sus suscripciones de software r\u00e1pidamente.<\/p>\n<p><strong>Banca Instant\u00e1nea (de Klarna)<\/strong><\/p>\n<p>Aqu\u00ed tiene a su disposici\u00f3n varios bancos seg\u00fan el pa\u00eds (Austria, Alemania, Italia, Espa\u00f1a) para realizar el pago. El pago se acreditar\u00e1 generalmente de manera oportuna, y podr\u00e1 utilizar sus suscripciones de software r\u00e1pidamente.<\/p>\n<p><strong>Pagar por Separado<\/strong><\/p>\n<p>Aqu\u00ed recibir\u00e1 la informaci\u00f3n de pago, como IBAN, referencia de pago y monto, al final del pedido y se enviar\u00e1 por correo electr\u00f3nico. Ahora debe realizar el pago de forma independiente en su sistema bancario o depositarlo en un banco mediante un comprobante de pago. Aseg\u00farese de que la referencia de pago est\u00e9 escrita exactamente. Si no es as\u00ed, el proveedor de servicios de pago generalmente no podr\u00e1 asignar el pago y le ser\u00e1 devuelto con un retraso significativo.<\/p>\n<p>Un pago correcto generalmente se acredita despu\u00e9s de algunos d\u00edas h\u00e1biles, y podr\u00e1 utilizar sus suscripciones de software despu\u00e9s de eso.<\/p>\n<p>Atenci\u00f3n:<\/p>\n<p>En todos los m\u00e9todos de pago que no se acrediten de inmediato, puede enviarnos un comprobante de pago a <a href=\"&#x6d;&#x61;&#x69;&#x6c;&#x74;&#x6f;&#x3a;&#x6f;&#x66;&#x69;&#x63;&#x6e;&#x61;&#x40;&#x67;&#x70;&#x73;&#x2d;&#x69;&#x6e;&#x66;&#x6f;&#x73;&#x74;&#x61;&#x72;&#x73;&#x2e;&#x63;&#x6f;&#x6d;\">&#x6f;&#x66;&#x69;&#x63;&#x69;&#x6e;&#97;&#64;&#103;&#112;s-in&#x66;&#x6f;&#x73;&#x74;&#x61;&#x72;&#115;&#46;&#99;&#111;&#109;<\/a> para acelerar su pedido. Sin embargo, en el caso del m\u00e9todo de pago &#8216;Pagar por Separado&#8217;, el producto se enviar\u00e1 o la suscripci\u00f3n se activar\u00e1 solo cuando el proveedor de servicios de pago seleccionado confirme el pago.<\/p>\n","protected":false},"excerpt":{"rendered":"<p>Formas de pago Ofrecemos varias formas de pago. Simplemente elija la forma de pago que m\u00e1s le convenga. Las opciones de pago pueden variar. Por ejemplo, Apple Pay solo se mostrar\u00e1 si est\u00e1 utilizando un dispositivo activado para Apple Pay y est\u00e1 utilizando el navegador Safari. Los costos de env\u00edo pueden depender de la forma&hellip;<\/p>\n","protected":false},"author":10,"featured_media":0,"parent":0,"menu_order":0,"comment_status":"closed","ping_status":"closed","template":"","meta":{"inline_featured_image":false,"footnotes":""},"class_list":["post-50679","page","type-page","status-publish","hentry","description-off"],"yoast_head":"<!-- This site is optimized with the Yoast SEO plugin v27.4 - https:\/\/yoast.com\/product\/yoast-seo-wordpress\/ -->\n<title>Formas de pago - INFOSTARS SOLUCIONES, S.L.<\/title>\n<meta name=\"robots\" content=\"index, follow, max-snippet:-1, max-image-preview:large, max-video-preview:-1\" \/>\n<link rel=\"canonical\" href=\"https:\/\/www.gps-infostars.com\/es\/formas-de-pago\/\" \/>\n<meta property=\"og:locale\" content=\"es_ES\" \/>\n<meta property=\"og:type\" content=\"article\" \/>\n<meta property=\"og:title\" content=\"Formas de pago - INFOSTARS SOLUCIONES, S.L.\" \/>\n<meta property=\"og:description\" content=\"Formas de pago Ofrecemos varias formas de pago. Simplemente elija la forma de pago que m\u00e1s le convenga. Las opciones de pago pueden variar. Por ejemplo, Apple Pay solo se mostrar\u00e1 si est\u00e1 utilizando un dispositivo activado para Apple Pay y est\u00e1 utilizando el navegador Safari. Los costos de env\u00edo pueden depender de la forma&hellip;\" \/>\n<meta property=\"og:url\" content=\"https:\/\/www.gps-infostars.com\/es\/formas-de-pago\/\" \/>\n<meta property=\"og:site_name\" content=\"INFOSTARS SOLUCIONES, S.L.\" \/>\n<meta property=\"article:modified_time\" content=\"2024-05-21T09:45:18+00:00\" \/>\n<meta name=\"twitter:card\" content=\"summary_large_image\" \/>\n<meta name=\"twitter:label1\" content=\"Tiempo de lectura\" \/>\n\t<meta name=\"twitter:data1\" content=\"3 minutos\" \/>\n<script type=\"application\/ld+json\" class=\"yoast-schema-graph\">{\"@context\":\"https:\\\/\\\/schema.org\",\"@graph\":[{\"@type\":\"WebPage\",\"@id\":\"https:\\\/\\\/www.gps-infostars.com\\\/es\\\/formas-de-pago\\\/\",\"url\":\"https:\\\/\\\/www.gps-infostars.com\\\/es\\\/formas-de-pago\\\/\",\"name\":\"Formas de pago - INFOSTARS SOLUCIONES, S.L.\",\"isPartOf\":{\"@id\":\"https:\\\/\\\/www.gps-infostars.com\\\/es\\\/#website\"},\"datePublished\":\"2022-07-26T16:17:52+00:00\",\"dateModified\":\"2024-05-21T09:45:18+00:00\",\"breadcrumb\":{\"@id\":\"https:\\\/\\\/www.gps-infostars.com\\\/es\\\/formas-de-pago\\\/#breadcrumb\"},\"inLanguage\":\"es\",\"potentialAction\":[{\"@type\":\"ReadAction\",\"target\":[\"https:\\\/\\\/www.gps-infostars.com\\\/es\\\/formas-de-pago\\\/\"]}]},{\"@type\":\"BreadcrumbList\",\"@id\":\"https:\\\/\\\/www.gps-infostars.com\\\/es\\\/formas-de-pago\\\/#breadcrumb\",\"itemListElement\":[{\"@type\":\"ListItem\",\"position\":1,\"name\":\"Startseite\",\"item\":\"https:\\\/\\\/www.gps-infostars.com\\\/es\\\/\"},{\"@type\":\"ListItem\",\"position\":2,\"name\":\"Formas de pago\"}]},{\"@type\":\"WebSite\",\"@id\":\"https:\\\/\\\/www.gps-infostars.com\\\/es\\\/#website\",\"url\":\"https:\\\/\\\/www.gps-infostars.com\\\/es\\\/\",\"name\":\"INFOSTARS SOLUCIONES, S.L.\",\"description\":\"Einfach, pr\u00e4zise &amp; zuverl\u00e4ssig.\",\"publisher\":{\"@id\":\"https:\\\/\\\/www.gps-infostars.com\\\/es\\\/#organization\"},\"potentialAction\":[{\"@type\":\"SearchAction\",\"target\":{\"@type\":\"EntryPoint\",\"urlTemplate\":\"https:\\\/\\\/www.gps-infostars.com\\\/es\\\/?s={search_term_string}\"},\"query-input\":{\"@type\":\"PropertyValueSpecification\",\"valueRequired\":true,\"valueName\":\"search_term_string\"}}],\"inLanguage\":\"es\"},{\"@type\":\"Organization\",\"@id\":\"https:\\\/\\\/www.gps-infostars.com\\\/es\\\/#organization\",\"name\":\"INFOSTARS SOLUCIONES, S.L.\",\"url\":\"https:\\\/\\\/www.gps-infostars.com\\\/es\\\/\",\"logo\":{\"@type\":\"ImageObject\",\"inLanguage\":\"es\",\"@id\":\"https:\\\/\\\/www.gps-infostars.com\\\/es\\\/#\\\/schema\\\/logo\\\/image\\\/\",\"url\":\"https:\\\/\\\/www.gps-infostars.com\\\/es\\\/wp-content\\\/uploads\\\/sites\\\/3\\\/logo_infostars.png\",\"contentUrl\":\"https:\\\/\\\/www.gps-infostars.com\\\/es\\\/wp-content\\\/uploads\\\/sites\\\/3\\\/logo_infostars.png\",\"width\":1125,\"height\":360,\"caption\":\"INFOSTARS SOLUCIONES, S.L.\"},\"image\":{\"@id\":\"https:\\\/\\\/www.gps-infostars.com\\\/es\\\/#\\\/schema\\\/logo\\\/image\\\/\"}}]}<\/script>\n<!-- \/ Yoast SEO plugin. -->","yoast_head_json":{"title":"Formas de pago - INFOSTARS SOLUCIONES, S.L.","robots":{"index":"index","follow":"follow","max-snippet":"max-snippet:-1","max-image-preview":"max-image-preview:large","max-video-preview":"max-video-preview:-1"},"canonical":"https:\/\/www.gps-infostars.com\/es\/formas-de-pago\/","og_locale":"es_ES","og_type":"article","og_title":"Formas de pago - INFOSTARS SOLUCIONES, S.L.","og_description":"Formas de pago Ofrecemos varias formas de pago. Simplemente elija la forma de pago que m\u00e1s le convenga. Las opciones de pago pueden variar. Por ejemplo, Apple Pay solo se mostrar\u00e1 si est\u00e1 utilizando un dispositivo activado para Apple Pay y est\u00e1 utilizando el navegador Safari. Los costos de env\u00edo pueden depender de la forma&hellip;","og_url":"https:\/\/www.gps-infostars.com\/es\/formas-de-pago\/","og_site_name":"INFOSTARS SOLUCIONES, S.L.","article_modified_time":"2024-05-21T09:45:18+00:00","twitter_card":"summary_large_image","twitter_misc":{"Tiempo de lectura":"3 minutos"},"schema":{"@context":"https:\/\/schema.org","@graph":[{"@type":"WebPage","@id":"https:\/\/www.gps-infostars.com\/es\/formas-de-pago\/","url":"https:\/\/www.gps-infostars.com\/es\/formas-de-pago\/","name":"Formas de pago - INFOSTARS SOLUCIONES, S.L.","isPartOf":{"@id":"https:\/\/www.gps-infostars.com\/es\/#website"},"datePublished":"2022-07-26T16:17:52+00:00","dateModified":"2024-05-21T09:45:18+00:00","breadcrumb":{"@id":"https:\/\/www.gps-infostars.com\/es\/formas-de-pago\/#breadcrumb"},"inLanguage":"es","potentialAction":[{"@type":"ReadAction","target":["https:\/\/www.gps-infostars.com\/es\/formas-de-pago\/"]}]},{"@type":"BreadcrumbList","@id":"https:\/\/www.gps-infostars.com\/es\/formas-de-pago\/#breadcrumb","itemListElement":[{"@type":"ListItem","position":1,"name":"Startseite","item":"https:\/\/www.gps-infostars.com\/es\/"},{"@type":"ListItem","position":2,"name":"Formas de pago"}]},{"@type":"WebSite","@id":"https:\/\/www.gps-infostars.com\/es\/#website","url":"https:\/\/www.gps-infostars.com\/es\/","name":"INFOSTARS SOLUCIONES, S.L.","description":"Einfach, pr\u00e4zise &amp; zuverl\u00e4ssig.","publisher":{"@id":"https:\/\/www.gps-infostars.com\/es\/#organization"},"potentialAction":[{"@type":"SearchAction","target":{"@type":"EntryPoint","urlTemplate":"https:\/\/www.gps-infostars.com\/es\/?s={search_term_string}"},"query-input":{"@type":"PropertyValueSpecification","valueRequired":true,"valueName":"search_term_string"}}],"inLanguage":"es"},{"@type":"Organization","@id":"https:\/\/www.gps-infostars.com\/es\/#organization","name":"INFOSTARS SOLUCIONES, S.L.","url":"https:\/\/www.gps-infostars.com\/es\/","logo":{"@type":"ImageObject","inLanguage":"es","@id":"https:\/\/www.gps-infostars.com\/es\/#\/schema\/logo\/image\/","url":"https:\/\/www.gps-infostars.com\/es\/wp-content\/uploads\/sites\/3\/logo_infostars.png","contentUrl":"https:\/\/www.gps-infostars.com\/es\/wp-content\/uploads\/sites\/3\/logo_infostars.png","width":1125,"height":360,"caption":"INFOSTARS SOLUCIONES, S.L."},"image":{"@id":"https:\/\/www.gps-infostars.com\/es\/#\/schema\/logo\/image\/"}}]}},"_links":{"self":[{"href":"https:\/\/www.gps-infostars.com\/es\/wp-json\/wp\/v2\/pages\/50679","targetHints":{"allow":["GET"]}}],"collection":[{"href":"https:\/\/www.gps-infostars.com\/es\/wp-json\/wp\/v2\/pages"}],"about":[{"href":"https:\/\/www.gps-infostars.com\/es\/wp-json\/wp\/v2\/types\/page"}],"author":[{"embeddable":true,"href":"https:\/\/www.gps-infostars.com\/es\/wp-json\/wp\/v2\/users\/10"}],"replies":[{"embeddable":true,"href":"https:\/\/www.gps-infostars.com\/es\/wp-json\/wp\/v2\/comments?post=50679"}],"version-history":[{"count":12,"href":"https:\/\/www.gps-infostars.com\/es\/wp-json\/wp\/v2\/pages\/50679\/revisions"}],"predecessor-version":[{"id":52284,"href":"https:\/\/www.gps-infostars.com\/es\/wp-json\/wp\/v2\/pages\/50679\/revisions\/52284"}],"wp:attachment":[{"href":"https:\/\/www.gps-infostars.com\/es\/wp-json\/wp\/v2\/media?parent=50679"}],"curies":[{"name":"wp","href":"https:\/\/api.w.org\/{rel}","templated":true}]}}