{"id":48579,"date":"2023-04-25T18:37:18","date_gmt":"2023-04-25T16:37:18","guid":{"rendered":"https:\/\/www.gps-infostars.com\/produkt\/gps-tracker-battery-light-gl50b-gps-tracking-viehortung-advanced-bundle\/"},"modified":"2025-04-20T00:21:01","modified_gmt":"2025-04-19T22:21:01","slug":"localizador-gps-con-bateria-ligera-gl50b-y-paquete-de-software-avanzado-gps-de-ratreo-de-ubicacion-de-animales","status":"publish","type":"product","link":"https:\/\/www.gps-infostars.com\/es\/producto\/localizador-gps-con-bateria-ligera-gl50b-y-paquete-de-software-avanzado-gps-de-ratreo-de-ubicacion-de-animales\/","title":{"rendered":"Localizador GPS con bater\u00eda ligera (GL50b) y paquete de software avanzado GPS de rastreo de ubicaci\u00f3n de animales"},"content":{"rendered":"<p><strong>Este paquete de productos incluye un paquete de software y servicio (Infostars GPS Tracking avanzado de ubicaci\u00f3n de animales) y un dispositivo GPS (GPS Tracker con bater\u00eda ligera).<\/strong><\/p>\n","protected":false},"excerpt":{"rendered":"<p><strong>Este paquete de productos incluye un paquete de software y servicio (Infostars GPS Tracking avanzado de ubicaci\u00f3n de animales) y un dispositivo GPS (GPS Tracker con bater\u00eda ligera).<\/strong><\/p>\n","protected":false},"featured_media":42715,"template":"","meta":{"inline_featured_image":false},"product_brand":[],"product_cat":[738,757],"product_tag":[],"class_list":{"0":"post-48579","1":"product","2":"type-product","3":"status-publish","4":"has-post-thumbnail","6":"product_cat-gps-bundle-viehortung-es","7":"product_cat-gps-tracker-battery-light-gl50b-gps-tracking-viehortung-advanced-bundle-es","8":"description-off","10":"first","11":"instock","12":"sale","13":"taxable","14":"shipping-taxable","15":"purchasable","16":"product-type-bundle"},"bundled_by":[],"bundle_stock_status":"instock","bundle_stock_quantity":"","bundle_virtual":false,"bundle_layout":"default","bundle_add_to_cart_form_location":"default","bundle_editable_in_cart":false,"bundle_sold_individually_context":"product","bundle_item_grouping":"parent","bundle_min_size":"","bundle_max_size":"","bundle_price":{"price":{"min":{"incl_tax":"76.8","excl_tax":"63.47"},"max":{"incl_tax":"87.92","excl_tax":"72.66"}},"regular_price":{"min":{"incl_tax":"127.99","excl_tax":"105.77"},"max":{"incl_tax":"141.89","excl_tax":"117.26"}}},"bundled_items":[{"bundled_item_id":483,"product_id":48648,"menu_order":0,"quantity_min":1,"quantity_max":1,"quantity_default":1,"priced_individually":true,"shipped_individually":false,"override_title":false,"title":"Localizador GPS con bater\u00eda ligera ISQL_GL50b","override_description":false,"description":"Localizador GPS con bater\u00eda ligera ISQL_GL50b","optional":false,"hide_thumbnail":true,"discount":"20","override_variations":false,"allowed_variations":[""],"override_default_variation_attributes":false,"default_variation_attributes":[],"single_product_visibility":"visible","cart_visibility":"visible","order_visibility":"visible","single_product_price_visibility":"visible","cart_price_visibility":"visible","order_price_visibility":"visible","stock_status":"in_stock"},{"bundled_item_id":484,"product_id":48703,"menu_order":1,"quantity_min":1,"quantity_max":1,"quantity_default":1,"priced_individually":true,"shipped_individually":false,"override_title":false,"title":"Funda (Cubierta) con paso de correa para localizador GPS con bater\u00eda ligera","override_description":false,"description":"Funda (Cubierta) con paso de correa para localizador GPS con bater\u00eda ligera","optional":false,"hide_thumbnail":false,"discount":"100","override_variations":false,"allowed_variations":[""],"override_default_variation_attributes":false,"default_variation_attributes":[],"single_product_visibility":"visible","cart_visibility":"visible","order_visibility":"visible","single_product_price_visibility":"visible","cart_price_visibility":"visible","order_price_visibility":"visible","stock_status":"in_stock"},{"bundled_item_id":485,"product_id":48663,"menu_order":2,"quantity_min":1,"quantity_max":1,"quantity_default":1,"priced_individually":true,"shipped_individually":true,"override_title":false,"title":"Seguimiento GPS seguimiento de ganado avanzado","override_description":false,"description":"Seguimiento GPS seguimiento de ganado avanzado","optional":false,"hide_thumbnail":true,"discount":"","override_variations":false,"allowed_variations":[""],"override_default_variation_attributes":false,"default_variation_attributes":[],"single_product_visibility":"visible","cart_visibility":"visible","order_visibility":"visible","single_product_price_visibility":"visible","cart_price_visibility":"visible","order_price_visibility":"visible","stock_status":"in_stock"},{"bundled_item_id":486,"product_id":48609,"menu_order":3,"quantity_min":1,"quantity_max":1,"quantity_default":1,"priced_individually":true,"shipped_individually":true,"override_title":false,"title":"Tarifa de configuraci\u00f3n para seguimiento avanzado GPS de localizaci\u00f3n de animales","override_description":false,"description":"Tarifa de configuraci\u00f3n para seguimiento avanzado GPS de localizaci\u00f3n de animales","optional":false,"hide_thumbnail":false,"discount":"100","override_variations":false,"allowed_variations":[""],"override_default_variation_attributes":false,"default_variation_attributes":[],"single_product_visibility":"visible","cart_visibility":"visible","order_visibility":"visible","single_product_price_visibility":"visible","cart_price_visibility":"visible","order_price_visibility":"visible","stock_status":"in_stock"},{"bundled_item_id":487,"product_id":48694,"menu_order":4,"quantity_min":1,"quantity_max":1,"quantity_default":1,"priced_individually":true,"shipped_individually":false,"override_title":false,"title":"Correa larga\/mediana\/corta","override_description":false,"description":"Correa larga \/ mediana \/ corta","optional":true,"hide_thumbnail":false,"discount":"20","override_variations":false,"allowed_variations":[""],"override_default_variation_attributes":false,"default_variation_attributes":[],"single_product_visibility":"visible","cart_visibility":"visible","order_visibility":"visible","single_product_price_visibility":"visible","cart_price_visibility":"visible","order_price_visibility":"visible","stock_status":"in_stock"}],"bundle_sell_ids":[],"yoast_head":"<!-- This site is optimized with the Yoast SEO plugin v27.2 - https:\/\/yoast.com\/product\/yoast-seo-wordpress\/ -->\n<title>Localizador GPS con bater\u00eda ligera (GL50b) y paquete de software avanzado GPS de rastreo de ubicaci\u00f3n de animales - INFOSTARS SOLUCIONES, S.L.<\/title>\n<meta name=\"robots\" content=\"index, follow, max-snippet:-1, max-image-preview:large, max-video-preview:-1\" \/>\n<link rel=\"canonical\" href=\"https:\/\/www.gps-infostars.com\/es\/producto\/localizador-gps-con-bateria-ligera-gl50b-y-paquete-de-software-avanzado-gps-de-ratreo-de-ubicacion-de-animales\/\" \/>\n<meta property=\"og:locale\" content=\"es_ES\" \/>\n<meta property=\"og:type\" content=\"article\" \/>\n<meta property=\"og:title\" content=\"Localizador GPS con bater\u00eda ligera (GL50b) y paquete de software avanzado GPS de rastreo de ubicaci\u00f3n de animales - INFOSTARS SOLUCIONES, S.L.\" \/>\n<meta property=\"og:description\" content=\"Este paquete de productos incluye un paquete de software y servicio (Infostars GPS Tracking avanzado de ubicaci\u00f3n de animales) y un dispositivo GPS (GPS Tracker con bater\u00eda ligera).\" \/>\n<meta property=\"og:url\" content=\"https:\/\/www.gps-infostars.com\/es\/producto\/localizador-gps-con-bateria-ligera-gl50b-y-paquete-de-software-avanzado-gps-de-ratreo-de-ubicacion-de-animales\/\" \/>\n<meta property=\"og:site_name\" content=\"INFOSTARS SOLUCIONES, S.L.\" \/>\n<meta property=\"article:modified_time\" content=\"2025-04-19T22:21:01+00:00\" \/>\n<meta property=\"og:image\" content=\"https:\/\/www.gps-infostars.com\/es\/wp-content\/uploads\/sites\/3\/gps_viehortung_advanced_batterylight_es.jpg\" \/>\n\t<meta property=\"og:image:width\" content=\"2000\" \/>\n\t<meta property=\"og:image:height\" content=\"1538\" \/>\n\t<meta property=\"og:image:type\" content=\"image\/jpeg\" \/>\n<meta name=\"twitter:card\" content=\"summary_large_image\" \/>\n<meta name=\"twitter:label1\" content=\"Precio\" \/>\n\t<meta name=\"twitter:data1\" content=\"&euro;0,00\" \/>\n\t<meta name=\"twitter:label2\" content=\"Disponibilidad\" \/>\n\t<meta name=\"twitter:data2\" content=\"Disponible\" \/>\n<script type=\"application\/ld+json\" class=\"yoast-schema-graph\">{\"@context\":\"https:\/\/schema.org\",\"@graph\":[{\"@type\":\"WebPage\",\"@id\":\"https:\/\/www.gps-infostars.com\/es\/producto\/localizador-gps-con-bateria-ligera-gl50b-y-paquete-de-software-avanzado-gps-de-ratreo-de-ubicacion-de-animales\/\",\"url\":\"https:\/\/www.gps-infostars.com\/es\/producto\/localizador-gps-con-bateria-ligera-gl50b-y-paquete-de-software-avanzado-gps-de-ratreo-de-ubicacion-de-animales\/\",\"name\":\"Localizador GPS con bater\u00eda ligera (GL50b) y paquete de software avanzado GPS de rastreo de ubicaci\u00f3n de animales - INFOSTARS SOLUCIONES, S.L.\",\"isPartOf\":{\"@id\":\"https:\/\/www.gps-infostars.com\/es\/#website\"},\"primaryImageOfPage\":{\"@id\":\"https:\/\/www.gps-infostars.com\/es\/producto\/localizador-gps-con-bateria-ligera-gl50b-y-paquete-de-software-avanzado-gps-de-ratreo-de-ubicacion-de-animales\/#primaryimage\"},\"image\":{\"@id\":\"https:\/\/www.gps-infostars.com\/es\/producto\/localizador-gps-con-bateria-ligera-gl50b-y-paquete-de-software-avanzado-gps-de-ratreo-de-ubicacion-de-animales\/#primaryimage\"},\"thumbnailUrl\":\"https:\/\/www.gps-infostars.com\/es\/wp-content\/uploads\/sites\/3\/gps_viehortung_advanced_batterylight_es.jpg\",\"datePublished\":\"2023-04-25T16:37:18+00:00\",\"dateModified\":\"2025-04-19T22:21:01+00:00\",\"breadcrumb\":{\"@id\":\"https:\/\/www.gps-infostars.com\/es\/producto\/localizador-gps-con-bateria-ligera-gl50b-y-paquete-de-software-avanzado-gps-de-ratreo-de-ubicacion-de-animales\/#breadcrumb\"},\"inLanguage\":\"es\",\"potentialAction\":[{\"@type\":\"ReadAction\",\"target\":[\"https:\/\/www.gps-infostars.com\/es\/producto\/localizador-gps-con-bateria-ligera-gl50b-y-paquete-de-software-avanzado-gps-de-ratreo-de-ubicacion-de-animales\/\"]}]},{\"@type\":\"ImageObject\",\"inLanguage\":\"es\",\"@id\":\"https:\/\/www.gps-infostars.com\/es\/producto\/localizador-gps-con-bateria-ligera-gl50b-y-paquete-de-software-avanzado-gps-de-ratreo-de-ubicacion-de-animales\/#primaryimage\",\"url\":\"https:\/\/www.gps-infostars.com\/es\/wp-content\/uploads\/sites\/3\/gps_viehortung_advanced_batterylight_es.jpg\",\"contentUrl\":\"https:\/\/www.gps-infostars.com\/es\/wp-content\/uploads\/sites\/3\/gps_viehortung_advanced_batterylight_es.jpg\",\"width\":2000,\"height\":1538},{\"@type\":\"BreadcrumbList\",\"@id\":\"https:\/\/www.gps-infostars.com\/es\/producto\/localizador-gps-con-bateria-ligera-gl50b-y-paquete-de-software-avanzado-gps-de-ratreo-de-ubicacion-de-animales\/#breadcrumb\",\"itemListElement\":[{\"@type\":\"ListItem\",\"position\":1,\"name\":\"Startseite\",\"item\":\"https:\/\/www.gps-infostars.com\/es\/\"},{\"@type\":\"ListItem\",\"position\":2,\"name\":\"Productos\"},{\"@type\":\"ListItem\",\"position\":3,\"name\":\"Localizador GPS con bater\u00eda ligera (GL50b) y paquete de software avanzado GPS de rastreo de ubicaci\u00f3n de animales\"}]},{\"@type\":\"WebSite\",\"@id\":\"https:\/\/www.gps-infostars.com\/es\/#website\",\"url\":\"https:\/\/www.gps-infostars.com\/es\/\",\"name\":\"INFOSTARS SOLUCIONES, S.L.\",\"description\":\"Einfach, pr\u00e4zise &amp; zuverl\u00e4ssig.\",\"publisher\":{\"@id\":\"https:\/\/www.gps-infostars.com\/es\/#organization\"},\"potentialAction\":[{\"@type\":\"SearchAction\",\"target\":{\"@type\":\"EntryPoint\",\"urlTemplate\":\"https:\/\/www.gps-infostars.com\/es\/?s={search_term_string}\"},\"query-input\":{\"@type\":\"PropertyValueSpecification\",\"valueRequired\":true,\"valueName\":\"search_term_string\"}}],\"inLanguage\":\"es\"},{\"@type\":\"Organization\",\"@id\":\"https:\/\/www.gps-infostars.com\/es\/#organization\",\"name\":\"INFOSTARS SOLUCIONES, S.L.\",\"url\":\"https:\/\/www.gps-infostars.com\/es\/\",\"logo\":{\"@type\":\"ImageObject\",\"inLanguage\":\"es\",\"@id\":\"https:\/\/www.gps-infostars.com\/es\/#\/schema\/logo\/image\/\",\"url\":\"https:\/\/www.gps-infostars.com\/es\/wp-content\/uploads\/sites\/3\/logo_infostars.png\",\"contentUrl\":\"https:\/\/www.gps-infostars.com\/es\/wp-content\/uploads\/sites\/3\/logo_infostars.png\",\"width\":1125,\"height\":360,\"caption\":\"INFOSTARS SOLUCIONES, S.L.\"},\"image\":{\"@id\":\"https:\/\/www.gps-infostars.com\/es\/#\/schema\/logo\/image\/\"}}]}<\/script>\n<meta property=\"product:price:amount\" content=\"0.00\" \/>\n<meta property=\"product:price:currency\" content=\"EUR\" \/>\n<meta property=\"og:availability\" content=\"instock\" \/>\n<meta property=\"product:availability\" content=\"instock\" \/>\n<meta property=\"product:condition\" content=\"new\" \/>\n<!-- \/ Yoast SEO plugin. -->","yoast_head_json":{"title":"Localizador GPS con bater\u00eda ligera (GL50b) y paquete de software avanzado GPS de rastreo de ubicaci\u00f3n de animales - INFOSTARS SOLUCIONES, S.L.","robots":{"index":"index","follow":"follow","max-snippet":"max-snippet:-1","max-image-preview":"max-image-preview:large","max-video-preview":"max-video-preview:-1"},"canonical":"https:\/\/www.gps-infostars.com\/es\/producto\/localizador-gps-con-bateria-ligera-gl50b-y-paquete-de-software-avanzado-gps-de-ratreo-de-ubicacion-de-animales\/","og_locale":"es_ES","og_type":"article","og_title":"Localizador GPS con bater\u00eda ligera (GL50b) y paquete de software avanzado GPS de rastreo de ubicaci\u00f3n de animales - INFOSTARS SOLUCIONES, S.L.","og_description":"Este paquete de productos incluye un paquete de software y servicio (Infostars GPS Tracking avanzado de ubicaci\u00f3n de animales) y un dispositivo GPS (GPS Tracker con bater\u00eda ligera).","og_url":"https:\/\/www.gps-infostars.com\/es\/producto\/localizador-gps-con-bateria-ligera-gl50b-y-paquete-de-software-avanzado-gps-de-ratreo-de-ubicacion-de-animales\/","og_site_name":"INFOSTARS SOLUCIONES, S.L.","article_modified_time":"2025-04-19T22:21:01+00:00","og_image":[{"width":2000,"height":1538,"url":"https:\/\/www.gps-infostars.com\/es\/wp-content\/uploads\/sites\/3\/gps_viehortung_advanced_batterylight_es.jpg","type":"image\/jpeg"}],"twitter_card":"summary_large_image","twitter_misc":{"Precio":"&euro;0,00","Disponibilidad":"Disponible"},"schema":{"@context":"https:\/\/schema.org","@graph":[{"@type":"WebPage","@id":"https:\/\/www.gps-infostars.com\/es\/producto\/localizador-gps-con-bateria-ligera-gl50b-y-paquete-de-software-avanzado-gps-de-ratreo-de-ubicacion-de-animales\/","url":"https:\/\/www.gps-infostars.com\/es\/producto\/localizador-gps-con-bateria-ligera-gl50b-y-paquete-de-software-avanzado-gps-de-ratreo-de-ubicacion-de-animales\/","name":"Localizador GPS con bater\u00eda ligera (GL50b) y paquete de software avanzado GPS de rastreo de ubicaci\u00f3n de animales - INFOSTARS SOLUCIONES, S.L.","isPartOf":{"@id":"https:\/\/www.gps-infostars.com\/es\/#website"},"primaryImageOfPage":{"@id":"https:\/\/www.gps-infostars.com\/es\/producto\/localizador-gps-con-bateria-ligera-gl50b-y-paquete-de-software-avanzado-gps-de-ratreo-de-ubicacion-de-animales\/#primaryimage"},"image":{"@id":"https:\/\/www.gps-infostars.com\/es\/producto\/localizador-gps-con-bateria-ligera-gl50b-y-paquete-de-software-avanzado-gps-de-ratreo-de-ubicacion-de-animales\/#primaryimage"},"thumbnailUrl":"https:\/\/www.gps-infostars.com\/es\/wp-content\/uploads\/sites\/3\/gps_viehortung_advanced_batterylight_es.jpg","datePublished":"2023-04-25T16:37:18+00:00","dateModified":"2025-04-19T22:21:01+00:00","breadcrumb":{"@id":"https:\/\/www.gps-infostars.com\/es\/producto\/localizador-gps-con-bateria-ligera-gl50b-y-paquete-de-software-avanzado-gps-de-ratreo-de-ubicacion-de-animales\/#breadcrumb"},"inLanguage":"es","potentialAction":[{"@type":"ReadAction","target":["https:\/\/www.gps-infostars.com\/es\/producto\/localizador-gps-con-bateria-ligera-gl50b-y-paquete-de-software-avanzado-gps-de-ratreo-de-ubicacion-de-animales\/"]}]},{"@type":"ImageObject","inLanguage":"es","@id":"https:\/\/www.gps-infostars.com\/es\/producto\/localizador-gps-con-bateria-ligera-gl50b-y-paquete-de-software-avanzado-gps-de-ratreo-de-ubicacion-de-animales\/#primaryimage","url":"https:\/\/www.gps-infostars.com\/es\/wp-content\/uploads\/sites\/3\/gps_viehortung_advanced_batterylight_es.jpg","contentUrl":"https:\/\/www.gps-infostars.com\/es\/wp-content\/uploads\/sites\/3\/gps_viehortung_advanced_batterylight_es.jpg","width":2000,"height":1538},{"@type":"BreadcrumbList","@id":"https:\/\/www.gps-infostars.com\/es\/producto\/localizador-gps-con-bateria-ligera-gl50b-y-paquete-de-software-avanzado-gps-de-ratreo-de-ubicacion-de-animales\/#breadcrumb","itemListElement":[{"@type":"ListItem","position":1,"name":"Startseite","item":"https:\/\/www.gps-infostars.com\/es\/"},{"@type":"ListItem","position":2,"name":"Productos"},{"@type":"ListItem","position":3,"name":"Localizador GPS con bater\u00eda ligera (GL50b) y paquete de software avanzado GPS de rastreo de ubicaci\u00f3n de animales"}]},{"@type":"WebSite","@id":"https:\/\/www.gps-infostars.com\/es\/#website","url":"https:\/\/www.gps-infostars.com\/es\/","name":"INFOSTARS SOLUCIONES, S.L.","description":"Einfach, pr\u00e4zise &amp; zuverl\u00e4ssig.","publisher":{"@id":"https:\/\/www.gps-infostars.com\/es\/#organization"},"potentialAction":[{"@type":"SearchAction","target":{"@type":"EntryPoint","urlTemplate":"https:\/\/www.gps-infostars.com\/es\/?s={search_term_string}"},"query-input":{"@type":"PropertyValueSpecification","valueRequired":true,"valueName":"search_term_string"}}],"inLanguage":"es"},{"@type":"Organization","@id":"https:\/\/www.gps-infostars.com\/es\/#organization","name":"INFOSTARS SOLUCIONES, S.L.","url":"https:\/\/www.gps-infostars.com\/es\/","logo":{"@type":"ImageObject","inLanguage":"es","@id":"https:\/\/www.gps-infostars.com\/es\/#\/schema\/logo\/image\/","url":"https:\/\/www.gps-infostars.com\/es\/wp-content\/uploads\/sites\/3\/logo_infostars.png","contentUrl":"https:\/\/www.gps-infostars.com\/es\/wp-content\/uploads\/sites\/3\/logo_infostars.png","width":1125,"height":360,"caption":"INFOSTARS SOLUCIONES, S.L."},"image":{"@id":"https:\/\/www.gps-infostars.com\/es\/#\/schema\/logo\/image\/"}}]},"product_price_amount":"0.00","product_price_currency":"EUR","og_availability":"instock","product_availability":"instock","product_condition":"new"},"_links":{"self":[{"href":"https:\/\/www.gps-infostars.com\/es\/wp-json\/wp\/v2\/product\/48579","targetHints":{"allow":["GET"]}}],"collection":[{"href":"https:\/\/www.gps-infostars.com\/es\/wp-json\/wp\/v2\/product"}],"about":[{"href":"https:\/\/www.gps-infostars.com\/es\/wp-json\/wp\/v2\/types\/product"}],"version-history":[{"count":5,"href":"https:\/\/www.gps-infostars.com\/es\/wp-json\/wp\/v2\/product\/48579\/revisions"}],"predecessor-version":[{"id":54196,"href":"https:\/\/www.gps-infostars.com\/es\/wp-json\/wp\/v2\/product\/48579\/revisions\/54196"}],"wp:featuredmedia":[{"embeddable":true,"href":"https:\/\/www.gps-infostars.com\/es\/wp-json\/wp\/v2\/media\/42715"}],"wp:attachment":[{"href":"https:\/\/www.gps-infostars.com\/es\/wp-json\/wp\/v2\/media?parent=48579"}],"wp:term":[{"taxonomy":"product_brand","embeddable":true,"href":"https:\/\/www.gps-infostars.com\/es\/wp-json\/wp\/v2\/product_brand?post=48579"},{"taxonomy":"product_cat","embeddable":true,"href":"https:\/\/www.gps-infostars.com\/es\/wp-json\/wp\/v2\/product_cat?post=48579"},{"taxonomy":"product_tag","embeddable":true,"href":"https:\/\/www.gps-infostars.com\/es\/wp-json\/wp\/v2\/product_tag?post=48579"}],"curies":[{"name":"wp","href":"https:\/\/api.w.org\/{rel}","templated":true}]}}