{"id":48630,"date":"2023-04-21T20:25:12","date_gmt":"2023-04-21T18:25:12","guid":{"rendered":"https:\/\/www.gps-infostars.com\/produkt\/einrichtungsgebuehr-fuer-gps-tracking-viehortung\/"},"modified":"2024-02-22T19:16:20","modified_gmt":"2024-02-22T18:16:20","slug":"tarifa-de-configuracion-para-seguimiento-basico-gps-de-rastreo-de-ganado","status":"publish","type":"product","link":"https:\/\/www.gps-infostars.com\/es\/producto\/tarifa-de-configuracion-para-seguimiento-basico-gps-de-rastreo-de-ganado\/","title":{"rendered":"Tarifa de configuraci\u00f3n para seguimiento b\u00e1sico GPS de rastreo de ganado"},"content":{"rendered":"<p>Tarifa de configuraci\u00f3n y activaci\u00f3n para el seguimiento b\u00e1sico de localizaci\u00f3n GPS de animales, para dispositivo, software y tarjeta SIM.<\/p>\n","protected":false},"excerpt":{"rendered":"<p>Tarifa de configuraci\u00f3n y activaci\u00f3n para el seguimiento b\u00e1sico de localizaci\u00f3n GPS de animales, para dispositivo, software y tarjeta SIM.<\/p>\n","protected":false},"featured_media":47647,"template":"","meta":{"inline_featured_image":false},"product_brand":[],"product_cat":[792,793],"product_tag":[],"class_list":{"0":"post-48630","1":"product","2":"type-product","3":"status-publish","4":"has-post-thumbnail","6":"product_cat-einrichtungsgebuehr-es","7":"product_cat-einrichtungsgebuehr-fuer-gps-tracking-viehortung-es","8":"description-off","10":"first","11":"instock","12":"virtual","13":"taxable","14":"purchasable","15":"product-type-simple"},"bundled_by":["48576","48564","48570","48585"],"bundle_stock_status":"instock","bundle_stock_quantity":null,"bundle_virtual":false,"bundle_layout":"","bundle_add_to_cart_form_location":"","bundle_editable_in_cart":false,"bundle_sold_individually_context":"","bundle_item_grouping":"","bundle_min_size":"","bundle_max_size":"","bundle_price":[],"bundled_items":[],"bundle_sell_ids":[],"yoast_head":"<!-- This site is optimized with the Yoast SEO plugin v27.2 - https:\/\/yoast.com\/product\/yoast-seo-wordpress\/ -->\n<title>Tarifa de configuraci\u00f3n para seguimiento b\u00e1sico GPS de rastreo de ganado - INFOSTARS SOLUCIONES, S.L.<\/title>\n<meta name=\"robots\" content=\"index, follow, max-snippet:-1, max-image-preview:large, max-video-preview:-1\" \/>\n<link rel=\"canonical\" href=\"https:\/\/www.gps-infostars.com\/es\/producto\/tarifa-de-configuracion-para-seguimiento-basico-gps-de-rastreo-de-ganado\/\" \/>\n<meta property=\"og:locale\" content=\"es_ES\" \/>\n<meta property=\"og:type\" content=\"article\" \/>\n<meta property=\"og:title\" content=\"Tarifa de configuraci\u00f3n para seguimiento b\u00e1sico GPS de rastreo de ganado - INFOSTARS SOLUCIONES, S.L.\" \/>\n<meta property=\"og:description\" content=\"Tarifa de configuraci\u00f3n y activaci\u00f3n para el seguimiento b\u00e1sico de localizaci\u00f3n GPS de animales, para dispositivo, software y tarjeta SIM.\" \/>\n<meta property=\"og:url\" content=\"https:\/\/www.gps-infostars.com\/es\/producto\/tarifa-de-configuracion-para-seguimiento-basico-gps-de-rastreo-de-ganado\/\" \/>\n<meta property=\"og:site_name\" content=\"INFOSTARS SOLUCIONES, S.L.\" \/>\n<meta property=\"article:modified_time\" content=\"2024-02-22T18:16:20+00:00\" \/>\n<meta property=\"og:image\" content=\"https:\/\/www.gps-infostars.com\/es\/wp-content\/uploads\/sites\/9\/aktivierung_infostars0.jpg\" \/>\n\t<meta property=\"og:image:width\" content=\"1800\" \/>\n\t<meta property=\"og:image:height\" content=\"1384\" \/>\n\t<meta property=\"og:image:type\" content=\"image\/jpeg\" \/>\n<meta name=\"twitter:card\" content=\"summary_large_image\" \/>\n<meta name=\"twitter:label1\" content=\"Precio\" \/>\n\t<meta name=\"twitter:data1\" content=\"&euro;6,38\" \/>\n\t<meta name=\"twitter:label2\" content=\"Disponibilidad\" \/>\n\t<meta name=\"twitter:data2\" content=\"Disponible\" \/>\n<script type=\"application\/ld+json\" class=\"yoast-schema-graph\">{\"@context\":\"https:\/\/schema.org\",\"@graph\":[{\"@type\":\"WebPage\",\"@id\":\"https:\/\/www.gps-infostars.com\/es\/producto\/tarifa-de-configuracion-para-seguimiento-basico-gps-de-rastreo-de-ganado\/\",\"url\":\"https:\/\/www.gps-infostars.com\/es\/producto\/tarifa-de-configuracion-para-seguimiento-basico-gps-de-rastreo-de-ganado\/\",\"name\":\"Tarifa de configuraci\u00f3n para seguimiento b\u00e1sico GPS de rastreo de ganado - INFOSTARS SOLUCIONES, S.L.\",\"isPartOf\":{\"@id\":\"https:\/\/www.gps-infostars.com\/es\/#website\"},\"primaryImageOfPage\":{\"@id\":\"https:\/\/www.gps-infostars.com\/es\/producto\/tarifa-de-configuracion-para-seguimiento-basico-gps-de-rastreo-de-ganado\/#primaryimage\"},\"image\":{\"@id\":\"https:\/\/www.gps-infostars.com\/es\/producto\/tarifa-de-configuracion-para-seguimiento-basico-gps-de-rastreo-de-ganado\/#primaryimage\"},\"thumbnailUrl\":\"https:\/\/www.gps-infostars.com\/es\/wp-content\/uploads\/sites\/3\/aktivierung_infostars0.jpg\",\"datePublished\":\"2023-04-21T18:25:12+00:00\",\"dateModified\":\"2024-02-22T18:16:20+00:00\",\"breadcrumb\":{\"@id\":\"https:\/\/www.gps-infostars.com\/es\/producto\/tarifa-de-configuracion-para-seguimiento-basico-gps-de-rastreo-de-ganado\/#breadcrumb\"},\"inLanguage\":\"es\",\"potentialAction\":[{\"@type\":\"ReadAction\",\"target\":[\"https:\/\/www.gps-infostars.com\/es\/producto\/tarifa-de-configuracion-para-seguimiento-basico-gps-de-rastreo-de-ganado\/\"]}]},{\"@type\":\"ImageObject\",\"inLanguage\":\"es\",\"@id\":\"https:\/\/www.gps-infostars.com\/es\/producto\/tarifa-de-configuracion-para-seguimiento-basico-gps-de-rastreo-de-ganado\/#primaryimage\",\"url\":\"https:\/\/www.gps-infostars.com\/es\/wp-content\/uploads\/sites\/3\/aktivierung_infostars0.jpg\",\"contentUrl\":\"https:\/\/www.gps-infostars.com\/es\/wp-content\/uploads\/sites\/3\/aktivierung_infostars0.jpg\",\"width\":1800,\"height\":1384},{\"@type\":\"BreadcrumbList\",\"@id\":\"https:\/\/www.gps-infostars.com\/es\/producto\/tarifa-de-configuracion-para-seguimiento-basico-gps-de-rastreo-de-ganado\/#breadcrumb\",\"itemListElement\":[{\"@type\":\"ListItem\",\"position\":1,\"name\":\"Startseite\",\"item\":\"https:\/\/www.gps-infostars.com\/es\/\"},{\"@type\":\"ListItem\",\"position\":2,\"name\":\"Productos\"},{\"@type\":\"ListItem\",\"position\":3,\"name\":\"Tarifa de configuraci\u00f3n para seguimiento b\u00e1sico GPS de rastreo de ganado\"}]},{\"@type\":\"WebSite\",\"@id\":\"https:\/\/www.gps-infostars.com\/es\/#website\",\"url\":\"https:\/\/www.gps-infostars.com\/es\/\",\"name\":\"INFOSTARS SOLUCIONES, S.L.\",\"description\":\"Einfach, pr\u00e4zise &amp; zuverl\u00e4ssig.\",\"publisher\":{\"@id\":\"https:\/\/www.gps-infostars.com\/es\/#organization\"},\"potentialAction\":[{\"@type\":\"SearchAction\",\"target\":{\"@type\":\"EntryPoint\",\"urlTemplate\":\"https:\/\/www.gps-infostars.com\/es\/?s={search_term_string}\"},\"query-input\":{\"@type\":\"PropertyValueSpecification\",\"valueRequired\":true,\"valueName\":\"search_term_string\"}}],\"inLanguage\":\"es\"},{\"@type\":\"Organization\",\"@id\":\"https:\/\/www.gps-infostars.com\/es\/#organization\",\"name\":\"INFOSTARS SOLUCIONES, S.L.\",\"url\":\"https:\/\/www.gps-infostars.com\/es\/\",\"logo\":{\"@type\":\"ImageObject\",\"inLanguage\":\"es\",\"@id\":\"https:\/\/www.gps-infostars.com\/es\/#\/schema\/logo\/image\/\",\"url\":\"https:\/\/www.gps-infostars.com\/es\/wp-content\/uploads\/sites\/3\/logo_infostars.png\",\"contentUrl\":\"https:\/\/www.gps-infostars.com\/es\/wp-content\/uploads\/sites\/3\/logo_infostars.png\",\"width\":1125,\"height\":360,\"caption\":\"INFOSTARS SOLUCIONES, S.L.\"},\"image\":{\"@id\":\"https:\/\/www.gps-infostars.com\/es\/#\/schema\/logo\/image\/\"}}]}<\/script>\n<meta property=\"product:price:amount\" content=\"6.38\" \/>\n<meta property=\"product:price:currency\" content=\"EUR\" \/>\n<meta property=\"og:availability\" content=\"instock\" \/>\n<meta property=\"product:availability\" content=\"instock\" \/>\n<meta property=\"product:retailer_item_id\" content=\"S0048399\" \/>\n<meta property=\"product:condition\" content=\"new\" \/>\n<!-- \/ Yoast SEO plugin. -->","yoast_head_json":{"title":"Tarifa de configuraci\u00f3n para seguimiento b\u00e1sico GPS de rastreo de ganado - INFOSTARS SOLUCIONES, S.L.","robots":{"index":"index","follow":"follow","max-snippet":"max-snippet:-1","max-image-preview":"max-image-preview:large","max-video-preview":"max-video-preview:-1"},"canonical":"https:\/\/www.gps-infostars.com\/es\/producto\/tarifa-de-configuracion-para-seguimiento-basico-gps-de-rastreo-de-ganado\/","og_locale":"es_ES","og_type":"article","og_title":"Tarifa de configuraci\u00f3n para seguimiento b\u00e1sico GPS de rastreo de ganado - INFOSTARS SOLUCIONES, S.L.","og_description":"Tarifa de configuraci\u00f3n y activaci\u00f3n para el seguimiento b\u00e1sico de localizaci\u00f3n GPS de animales, para dispositivo, software y tarjeta SIM.","og_url":"https:\/\/www.gps-infostars.com\/es\/producto\/tarifa-de-configuracion-para-seguimiento-basico-gps-de-rastreo-de-ganado\/","og_site_name":"INFOSTARS SOLUCIONES, S.L.","article_modified_time":"2024-02-22T18:16:20+00:00","og_image":[{"width":1800,"height":1384,"url":"https:\/\/www.gps-infostars.com\/es\/wp-content\/uploads\/sites\/9\/aktivierung_infostars0.jpg","type":"image\/jpeg"}],"twitter_card":"summary_large_image","twitter_misc":{"Precio":"&euro;6,38","Disponibilidad":"Disponible"},"schema":{"@context":"https:\/\/schema.org","@graph":[{"@type":"WebPage","@id":"https:\/\/www.gps-infostars.com\/es\/producto\/tarifa-de-configuracion-para-seguimiento-basico-gps-de-rastreo-de-ganado\/","url":"https:\/\/www.gps-infostars.com\/es\/producto\/tarifa-de-configuracion-para-seguimiento-basico-gps-de-rastreo-de-ganado\/","name":"Tarifa de configuraci\u00f3n para seguimiento b\u00e1sico GPS de rastreo de ganado - INFOSTARS SOLUCIONES, S.L.","isPartOf":{"@id":"https:\/\/www.gps-infostars.com\/es\/#website"},"primaryImageOfPage":{"@id":"https:\/\/www.gps-infostars.com\/es\/producto\/tarifa-de-configuracion-para-seguimiento-basico-gps-de-rastreo-de-ganado\/#primaryimage"},"image":{"@id":"https:\/\/www.gps-infostars.com\/es\/producto\/tarifa-de-configuracion-para-seguimiento-basico-gps-de-rastreo-de-ganado\/#primaryimage"},"thumbnailUrl":"https:\/\/www.gps-infostars.com\/es\/wp-content\/uploads\/sites\/3\/aktivierung_infostars0.jpg","datePublished":"2023-04-21T18:25:12+00:00","dateModified":"2024-02-22T18:16:20+00:00","breadcrumb":{"@id":"https:\/\/www.gps-infostars.com\/es\/producto\/tarifa-de-configuracion-para-seguimiento-basico-gps-de-rastreo-de-ganado\/#breadcrumb"},"inLanguage":"es","potentialAction":[{"@type":"ReadAction","target":["https:\/\/www.gps-infostars.com\/es\/producto\/tarifa-de-configuracion-para-seguimiento-basico-gps-de-rastreo-de-ganado\/"]}]},{"@type":"ImageObject","inLanguage":"es","@id":"https:\/\/www.gps-infostars.com\/es\/producto\/tarifa-de-configuracion-para-seguimiento-basico-gps-de-rastreo-de-ganado\/#primaryimage","url":"https:\/\/www.gps-infostars.com\/es\/wp-content\/uploads\/sites\/3\/aktivierung_infostars0.jpg","contentUrl":"https:\/\/www.gps-infostars.com\/es\/wp-content\/uploads\/sites\/3\/aktivierung_infostars0.jpg","width":1800,"height":1384},{"@type":"BreadcrumbList","@id":"https:\/\/www.gps-infostars.com\/es\/producto\/tarifa-de-configuracion-para-seguimiento-basico-gps-de-rastreo-de-ganado\/#breadcrumb","itemListElement":[{"@type":"ListItem","position":1,"name":"Startseite","item":"https:\/\/www.gps-infostars.com\/es\/"},{"@type":"ListItem","position":2,"name":"Productos"},{"@type":"ListItem","position":3,"name":"Tarifa de configuraci\u00f3n para seguimiento b\u00e1sico GPS de rastreo de ganado"}]},{"@type":"WebSite","@id":"https:\/\/www.gps-infostars.com\/es\/#website","url":"https:\/\/www.gps-infostars.com\/es\/","name":"INFOSTARS SOLUCIONES, S.L.","description":"Einfach, pr\u00e4zise &amp; zuverl\u00e4ssig.","publisher":{"@id":"https:\/\/www.gps-infostars.com\/es\/#organization"},"potentialAction":[{"@type":"SearchAction","target":{"@type":"EntryPoint","urlTemplate":"https:\/\/www.gps-infostars.com\/es\/?s={search_term_string}"},"query-input":{"@type":"PropertyValueSpecification","valueRequired":true,"valueName":"search_term_string"}}],"inLanguage":"es"},{"@type":"Organization","@id":"https:\/\/www.gps-infostars.com\/es\/#organization","name":"INFOSTARS SOLUCIONES, S.L.","url":"https:\/\/www.gps-infostars.com\/es\/","logo":{"@type":"ImageObject","inLanguage":"es","@id":"https:\/\/www.gps-infostars.com\/es\/#\/schema\/logo\/image\/","url":"https:\/\/www.gps-infostars.com\/es\/wp-content\/uploads\/sites\/3\/logo_infostars.png","contentUrl":"https:\/\/www.gps-infostars.com\/es\/wp-content\/uploads\/sites\/3\/logo_infostars.png","width":1125,"height":360,"caption":"INFOSTARS SOLUCIONES, S.L."},"image":{"@id":"https:\/\/www.gps-infostars.com\/es\/#\/schema\/logo\/image\/"}}]},"product_price_amount":"6.38","product_price_currency":"EUR","og_availability":"instock","product_availability":"instock","product_retailer_item_id":"S0048399","product_condition":"new"},"_links":{"self":[{"href":"https:\/\/www.gps-infostars.com\/es\/wp-json\/wp\/v2\/product\/48630","targetHints":{"allow":["GET"]}}],"collection":[{"href":"https:\/\/www.gps-infostars.com\/es\/wp-json\/wp\/v2\/product"}],"about":[{"href":"https:\/\/www.gps-infostars.com\/es\/wp-json\/wp\/v2\/types\/product"}],"version-history":[{"count":3,"href":"https:\/\/www.gps-infostars.com\/es\/wp-json\/wp\/v2\/product\/48630\/revisions"}],"predecessor-version":[{"id":49477,"href":"https:\/\/www.gps-infostars.com\/es\/wp-json\/wp\/v2\/product\/48630\/revisions\/49477"}],"wp:featuredmedia":[{"embeddable":true,"href":"https:\/\/www.gps-infostars.com\/es\/wp-json\/wp\/v2\/media\/47647"}],"wp:attachment":[{"href":"https:\/\/www.gps-infostars.com\/es\/wp-json\/wp\/v2\/media?parent=48630"}],"wp:term":[{"taxonomy":"product_brand","embeddable":true,"href":"https:\/\/www.gps-infostars.com\/es\/wp-json\/wp\/v2\/product_brand?post=48630"},{"taxonomy":"product_cat","embeddable":true,"href":"https:\/\/www.gps-infostars.com\/es\/wp-json\/wp\/v2\/product_cat?post=48630"},{"taxonomy":"product_tag","embeddable":true,"href":"https:\/\/www.gps-infostars.com\/es\/wp-json\/wp\/v2\/product_tag?post=48630"}],"curies":[{"name":"wp","href":"https:\/\/api.w.org\/{rel}","templated":true}]}}