{"id":48633,"date":"2023-04-21T17:23:24","date_gmt":"2023-04-21T15:23:24","guid":{"rendered":"https:\/\/www.gps-infostars.com\/produkt\/obd2-stecker-verlaengerungskabel-2\/"},"modified":"2025-01-04T22:58:38","modified_gmt":"2025-01-04T21:58:38","slug":"cable-de-extension-obd2-para-conector-2","status":"publish","type":"product","link":"https:\/\/www.gps-infostars.com\/es\/producto\/cable-de-extension-obd2-para-conector-2\/","title":{"rendered":"Cable de extensi\u00f3n OBD2 para compartir con 2 conexiones de 30 cm, 16 pin"},"content":{"rendered":"<p>Cable de extensi\u00f3n OBD2 para compartir. El distribuidor tiene 16 pins ocupados y consta de un conector doble y una derivaci\u00f3n con aproximadamente 30 cm de longitud. Esto permite que el OBD2 est\u00e9 accesible para un taller mientras se utiliza otro dispositivo, como un rastreador OBD2, en el segundo extremo.<\/p>\n<p>&nbsp;<\/p>\n","protected":false},"excerpt":{"rendered":"<p>Cable de extensi\u00f3n OBD2 para compartir. El distribuidor tiene 16 pins ocupados y consta de un conector doble y una derivaci\u00f3n con aproximadamente 30 cm de longitud. Esto permite que el OBD2 est\u00e9 accesible para un taller mientras se utiliza otro dispositivo, como un rastreador OBD2, en el segundo extremo. &nbsp;<\/p>\n","protected":false},"featured_media":47578,"template":"","meta":{"inline_featured_image":false},"product_brand":[],"product_cat":[817,818,819,820,676],"product_tag":[],"class_list":{"0":"post-48633","1":"product","2":"type-product","3":"status-publish","4":"has-post-thumbnail","6":"product_cat-16-pin-es","7":"product_cat-kabel-es","8":"product_cat-obd2-es","9":"product_cat-obd2-verlaengerungskabel-zum-teilen-mit-2-anschluessen-30cm-es","10":"product_cat-zubehoer-es","11":"description-off","13":"first","14":"instock","15":"taxable","16":"shipping-taxable","17":"purchasable","18":"product-type-simple"},"bundled_by":["48597","48600","48603","51587","51594","51601","51609","48594","54000"],"bundle_stock_status":"instock","bundle_stock_quantity":null,"bundle_virtual":false,"bundle_layout":"","bundle_add_to_cart_form_location":"","bundle_editable_in_cart":false,"bundle_sold_individually_context":"","bundle_item_grouping":"","bundle_min_size":"","bundle_max_size":"","bundle_price":[],"bundled_items":[],"bundle_sell_ids":[],"yoast_head":"<!-- This site is optimized with the Yoast SEO plugin v27.4 - https:\/\/yoast.com\/product\/yoast-seo-wordpress\/ -->\n<title>Cable de extensi\u00f3n OBD2 para compartir con 2 conexiones de 30 cm, 16 pin - INFOSTARS SOLUCIONES, S.L.<\/title>\n<meta name=\"description\" content=\"Cable separador OBD2 16 pin. El cable alargador mide unos 30 cm de largo.\" \/>\n<meta name=\"robots\" content=\"index, follow, max-snippet:-1, max-image-preview:large, max-video-preview:-1\" \/>\n<link rel=\"canonical\" href=\"https:\/\/www.gps-infostars.com\/es\/producto\/cable-de-extension-obd2-para-conector-2\/\" \/>\n<meta property=\"og:locale\" content=\"es_ES\" \/>\n<meta property=\"og:type\" content=\"article\" \/>\n<meta property=\"og:title\" content=\"Cable de extensi\u00f3n OBD2 para compartir con 2 conexiones de 30 cm, 16 pin - INFOSTARS SOLUCIONES, S.L.\" \/>\n<meta property=\"og:description\" content=\"Cable separador OBD2 16 pin. El cable alargador mide unos 30 cm de largo.\" \/>\n<meta property=\"og:url\" content=\"https:\/\/www.gps-infostars.com\/es\/producto\/cable-de-extension-obd2-para-conector-2\/\" \/>\n<meta property=\"og:site_name\" content=\"INFOSTARS SOLUCIONES, S.L.\" \/>\n<meta property=\"article:modified_time\" content=\"2025-01-04T21:58:38+00:00\" \/>\n<meta property=\"og:image\" content=\"https:\/\/www.gps-infostars.com\/es\/wp-content\/uploads\/sites\/3\/OBD2_stecker_2_1.jpg\" \/>\n\t<meta property=\"og:image:width\" content=\"1800\" \/>\n\t<meta property=\"og:image:height\" content=\"1200\" \/>\n\t<meta property=\"og:image:type\" content=\"image\/jpeg\" \/>\n<meta name=\"twitter:card\" content=\"summary_large_image\" \/>\n<meta name=\"twitter:label1\" content=\"Precio\" \/>\n\t<meta name=\"twitter:data1\" content=\"&euro;12,90\" \/>\n\t<meta name=\"twitter:label2\" content=\"Disponibilidad\" \/>\n\t<meta name=\"twitter:data2\" content=\"Disponible\" \/>\n<script type=\"application\/ld+json\" class=\"yoast-schema-graph\">{\"@context\":\"https:\\\/\\\/schema.org\",\"@graph\":[{\"@type\":\"WebPage\",\"@id\":\"https:\\\/\\\/www.gps-infostars.com\\\/es\\\/producto\\\/cable-de-extension-obd2-para-conector-2\\\/\",\"url\":\"https:\\\/\\\/www.gps-infostars.com\\\/es\\\/producto\\\/cable-de-extension-obd2-para-conector-2\\\/\",\"name\":\"Cable de extensi\u00f3n OBD2 para compartir con 2 conexiones de 30 cm, 16 pin - INFOSTARS SOLUCIONES, S.L.\",\"isPartOf\":{\"@id\":\"https:\\\/\\\/www.gps-infostars.com\\\/es\\\/#website\"},\"primaryImageOfPage\":{\"@id\":\"https:\\\/\\\/www.gps-infostars.com\\\/es\\\/producto\\\/cable-de-extension-obd2-para-conector-2\\\/#primaryimage\"},\"image\":{\"@id\":\"https:\\\/\\\/www.gps-infostars.com\\\/es\\\/producto\\\/cable-de-extension-obd2-para-conector-2\\\/#primaryimage\"},\"thumbnailUrl\":\"https:\\\/\\\/www.gps-infostars.com\\\/es\\\/wp-content\\\/uploads\\\/sites\\\/3\\\/OBD2_stecker_2_1.jpg\",\"datePublished\":\"2023-04-21T15:23:24+00:00\",\"dateModified\":\"2025-01-04T21:58:38+00:00\",\"description\":\"Cable separador OBD2 16 pin. El cable alargador mide unos 30 cm de largo.\",\"breadcrumb\":{\"@id\":\"https:\\\/\\\/www.gps-infostars.com\\\/es\\\/producto\\\/cable-de-extension-obd2-para-conector-2\\\/#breadcrumb\"},\"inLanguage\":\"es\",\"potentialAction\":[{\"@type\":\"ReadAction\",\"target\":[\"https:\\\/\\\/www.gps-infostars.com\\\/es\\\/producto\\\/cable-de-extension-obd2-para-conector-2\\\/\"]}]},{\"@type\":\"ImageObject\",\"inLanguage\":\"es\",\"@id\":\"https:\\\/\\\/www.gps-infostars.com\\\/es\\\/producto\\\/cable-de-extension-obd2-para-conector-2\\\/#primaryimage\",\"url\":\"https:\\\/\\\/www.gps-infostars.com\\\/es\\\/wp-content\\\/uploads\\\/sites\\\/3\\\/OBD2_stecker_2_1.jpg\",\"contentUrl\":\"https:\\\/\\\/www.gps-infostars.com\\\/es\\\/wp-content\\\/uploads\\\/sites\\\/3\\\/OBD2_stecker_2_1.jpg\",\"width\":1800,\"height\":1200},{\"@type\":\"BreadcrumbList\",\"@id\":\"https:\\\/\\\/www.gps-infostars.com\\\/es\\\/producto\\\/cable-de-extension-obd2-para-conector-2\\\/#breadcrumb\",\"itemListElement\":[{\"@type\":\"ListItem\",\"position\":1,\"name\":\"Startseite\",\"item\":\"https:\\\/\\\/www.gps-infostars.com\\\/es\\\/\"},{\"@type\":\"ListItem\",\"position\":2,\"name\":\"Productos\"},{\"@type\":\"ListItem\",\"position\":3,\"name\":\"Cable de extensi\u00f3n OBD2 para compartir con 2 conexiones de 30 cm, 16 pin\"}]},{\"@type\":\"WebSite\",\"@id\":\"https:\\\/\\\/www.gps-infostars.com\\\/es\\\/#website\",\"url\":\"https:\\\/\\\/www.gps-infostars.com\\\/es\\\/\",\"name\":\"INFOSTARS SOLUCIONES, S.L.\",\"description\":\"Einfach, pr\u00e4zise &amp; zuverl\u00e4ssig.\",\"publisher\":{\"@id\":\"https:\\\/\\\/www.gps-infostars.com\\\/es\\\/#organization\"},\"potentialAction\":[{\"@type\":\"SearchAction\",\"target\":{\"@type\":\"EntryPoint\",\"urlTemplate\":\"https:\\\/\\\/www.gps-infostars.com\\\/es\\\/?s={search_term_string}\"},\"query-input\":{\"@type\":\"PropertyValueSpecification\",\"valueRequired\":true,\"valueName\":\"search_term_string\"}}],\"inLanguage\":\"es\"},{\"@type\":\"Organization\",\"@id\":\"https:\\\/\\\/www.gps-infostars.com\\\/es\\\/#organization\",\"name\":\"INFOSTARS SOLUCIONES, S.L.\",\"url\":\"https:\\\/\\\/www.gps-infostars.com\\\/es\\\/\",\"logo\":{\"@type\":\"ImageObject\",\"inLanguage\":\"es\",\"@id\":\"https:\\\/\\\/www.gps-infostars.com\\\/es\\\/#\\\/schema\\\/logo\\\/image\\\/\",\"url\":\"https:\\\/\\\/www.gps-infostars.com\\\/es\\\/wp-content\\\/uploads\\\/sites\\\/3\\\/logo_infostars.png\",\"contentUrl\":\"https:\\\/\\\/www.gps-infostars.com\\\/es\\\/wp-content\\\/uploads\\\/sites\\\/3\\\/logo_infostars.png\",\"width\":1125,\"height\":360,\"caption\":\"INFOSTARS SOLUCIONES, S.L.\"},\"image\":{\"@id\":\"https:\\\/\\\/www.gps-infostars.com\\\/es\\\/#\\\/schema\\\/logo\\\/image\\\/\"}}]}<\/script>\n<meta property=\"product:price:amount\" content=\"12.90\" \/>\n<meta property=\"product:price:currency\" content=\"EUR\" \/>\n<meta property=\"og:availability\" content=\"instock\" \/>\n<meta property=\"product:availability\" content=\"instock\" \/>\n<meta property=\"product:retailer_item_id\" content=\"H01240199\" \/>\n<meta property=\"product:condition\" content=\"new\" \/>\n<!-- \/ Yoast SEO plugin. -->","yoast_head_json":{"title":"Cable de extensi\u00f3n OBD2 para compartir con 2 conexiones de 30 cm, 16 pin - INFOSTARS SOLUCIONES, S.L.","description":"Cable separador OBD2 16 pin. El cable alargador mide unos 30 cm de largo.","robots":{"index":"index","follow":"follow","max-snippet":"max-snippet:-1","max-image-preview":"max-image-preview:large","max-video-preview":"max-video-preview:-1"},"canonical":"https:\/\/www.gps-infostars.com\/es\/producto\/cable-de-extension-obd2-para-conector-2\/","og_locale":"es_ES","og_type":"article","og_title":"Cable de extensi\u00f3n OBD2 para compartir con 2 conexiones de 30 cm, 16 pin - INFOSTARS SOLUCIONES, S.L.","og_description":"Cable separador OBD2 16 pin. El cable alargador mide unos 30 cm de largo.","og_url":"https:\/\/www.gps-infostars.com\/es\/producto\/cable-de-extension-obd2-para-conector-2\/","og_site_name":"INFOSTARS SOLUCIONES, S.L.","article_modified_time":"2025-01-04T21:58:38+00:00","og_image":[{"width":1800,"height":1200,"url":"https:\/\/www.gps-infostars.com\/es\/wp-content\/uploads\/sites\/3\/OBD2_stecker_2_1.jpg","type":"image\/jpeg"}],"twitter_card":"summary_large_image","twitter_misc":{"Precio":"&euro;12,90","Disponibilidad":"Disponible"},"schema":{"@context":"https:\/\/schema.org","@graph":[{"@type":"WebPage","@id":"https:\/\/www.gps-infostars.com\/es\/producto\/cable-de-extension-obd2-para-conector-2\/","url":"https:\/\/www.gps-infostars.com\/es\/producto\/cable-de-extension-obd2-para-conector-2\/","name":"Cable de extensi\u00f3n OBD2 para compartir con 2 conexiones de 30 cm, 16 pin - INFOSTARS SOLUCIONES, S.L.","isPartOf":{"@id":"https:\/\/www.gps-infostars.com\/es\/#website"},"primaryImageOfPage":{"@id":"https:\/\/www.gps-infostars.com\/es\/producto\/cable-de-extension-obd2-para-conector-2\/#primaryimage"},"image":{"@id":"https:\/\/www.gps-infostars.com\/es\/producto\/cable-de-extension-obd2-para-conector-2\/#primaryimage"},"thumbnailUrl":"https:\/\/www.gps-infostars.com\/es\/wp-content\/uploads\/sites\/3\/OBD2_stecker_2_1.jpg","datePublished":"2023-04-21T15:23:24+00:00","dateModified":"2025-01-04T21:58:38+00:00","description":"Cable separador OBD2 16 pin. El cable alargador mide unos 30 cm de largo.","breadcrumb":{"@id":"https:\/\/www.gps-infostars.com\/es\/producto\/cable-de-extension-obd2-para-conector-2\/#breadcrumb"},"inLanguage":"es","potentialAction":[{"@type":"ReadAction","target":["https:\/\/www.gps-infostars.com\/es\/producto\/cable-de-extension-obd2-para-conector-2\/"]}]},{"@type":"ImageObject","inLanguage":"es","@id":"https:\/\/www.gps-infostars.com\/es\/producto\/cable-de-extension-obd2-para-conector-2\/#primaryimage","url":"https:\/\/www.gps-infostars.com\/es\/wp-content\/uploads\/sites\/3\/OBD2_stecker_2_1.jpg","contentUrl":"https:\/\/www.gps-infostars.com\/es\/wp-content\/uploads\/sites\/3\/OBD2_stecker_2_1.jpg","width":1800,"height":1200},{"@type":"BreadcrumbList","@id":"https:\/\/www.gps-infostars.com\/es\/producto\/cable-de-extension-obd2-para-conector-2\/#breadcrumb","itemListElement":[{"@type":"ListItem","position":1,"name":"Startseite","item":"https:\/\/www.gps-infostars.com\/es\/"},{"@type":"ListItem","position":2,"name":"Productos"},{"@type":"ListItem","position":3,"name":"Cable de extensi\u00f3n OBD2 para compartir con 2 conexiones de 30 cm, 16 pin"}]},{"@type":"WebSite","@id":"https:\/\/www.gps-infostars.com\/es\/#website","url":"https:\/\/www.gps-infostars.com\/es\/","name":"INFOSTARS SOLUCIONES, S.L.","description":"Einfach, pr\u00e4zise &amp; zuverl\u00e4ssig.","publisher":{"@id":"https:\/\/www.gps-infostars.com\/es\/#organization"},"potentialAction":[{"@type":"SearchAction","target":{"@type":"EntryPoint","urlTemplate":"https:\/\/www.gps-infostars.com\/es\/?s={search_term_string}"},"query-input":{"@type":"PropertyValueSpecification","valueRequired":true,"valueName":"search_term_string"}}],"inLanguage":"es"},{"@type":"Organization","@id":"https:\/\/www.gps-infostars.com\/es\/#organization","name":"INFOSTARS SOLUCIONES, S.L.","url":"https:\/\/www.gps-infostars.com\/es\/","logo":{"@type":"ImageObject","inLanguage":"es","@id":"https:\/\/www.gps-infostars.com\/es\/#\/schema\/logo\/image\/","url":"https:\/\/www.gps-infostars.com\/es\/wp-content\/uploads\/sites\/3\/logo_infostars.png","contentUrl":"https:\/\/www.gps-infostars.com\/es\/wp-content\/uploads\/sites\/3\/logo_infostars.png","width":1125,"height":360,"caption":"INFOSTARS SOLUCIONES, S.L."},"image":{"@id":"https:\/\/www.gps-infostars.com\/es\/#\/schema\/logo\/image\/"}}]},"product_price_amount":"12.90","product_price_currency":"EUR","og_availability":"instock","product_availability":"instock","product_retailer_item_id":"H01240199","product_condition":"new"},"_links":{"self":[{"href":"https:\/\/www.gps-infostars.com\/es\/wp-json\/wp\/v2\/product\/48633","targetHints":{"allow":["GET"]}}],"collection":[{"href":"https:\/\/www.gps-infostars.com\/es\/wp-json\/wp\/v2\/product"}],"about":[{"href":"https:\/\/www.gps-infostars.com\/es\/wp-json\/wp\/v2\/types\/product"}],"version-history":[{"count":2,"href":"https:\/\/www.gps-infostars.com\/es\/wp-json\/wp\/v2\/product\/48633\/revisions"}],"predecessor-version":[{"id":49367,"href":"https:\/\/www.gps-infostars.com\/es\/wp-json\/wp\/v2\/product\/48633\/revisions\/49367"}],"wp:featuredmedia":[{"embeddable":true,"href":"https:\/\/www.gps-infostars.com\/es\/wp-json\/wp\/v2\/media\/47578"}],"wp:attachment":[{"href":"https:\/\/www.gps-infostars.com\/es\/wp-json\/wp\/v2\/media?parent=48633"}],"wp:term":[{"taxonomy":"product_brand","embeddable":true,"href":"https:\/\/www.gps-infostars.com\/es\/wp-json\/wp\/v2\/product_brand?post=48633"},{"taxonomy":"product_cat","embeddable":true,"href":"https:\/\/www.gps-infostars.com\/es\/wp-json\/wp\/v2\/product_cat?post=48633"},{"taxonomy":"product_tag","embeddable":true,"href":"https:\/\/www.gps-infostars.com\/es\/wp-json\/wp\/v2\/product_tag?post=48633"}],"curies":[{"name":"wp","href":"https:\/\/api.w.org\/{rel}","templated":true}]}}