{"id":48676,"date":"2023-02-27T15:56:28","date_gmt":"2023-02-27T14:56:28","guid":{"rendered":"https:\/\/www.gps-infostars.com\/produkt\/gps-tracking-basic\/"},"modified":"2025-06-25T20:24:31","modified_gmt":"2025-06-25T18:24:31","slug":"seguimiento-gps-basico","status":"publish","type":"product","link":"https:\/\/www.gps-infostars.com\/es\/producto\/seguimiento-gps-basico\/","title":{"rendered":"Seguimiento GPS b\u00e1sico"},"content":{"rendered":"<p>Nuestro software b\u00e1sico siempre le muestra la \u00faltima ubicaci\u00f3n de todos los veh\u00edculos de forma totalmente autom\u00e1tica. Esto se puede hacer a trav\u00e9s de Google\/maps en un mapa de carreteras con la densidad del flujo de tr\u00e1fico o en un mapa satelital con una fotograf\u00eda a\u00e9rea. Adem\u00e1s, la ubicaci\u00f3n se puede incluir con los nombres de las calles. Se puede mostrar el n\u00famero de casa (si est\u00e1 disponible) en una lista, as\u00ed como informaci\u00f3n adicional como km\/h, si el veh\u00edculo est\u00e1 en movimiento o si tiene corriente.<\/p>\n<ul style=\"list-style-type: square;\">\n<li>Visualizaci\u00f3n <strong>de todos los veh\u00edculos<\/strong> en el <strong>mapa electr\u00f3nico (vista de calle\/vista a\u00e9rea\/Google Maps)<\/strong><\/li>\n<li>La \u00faltima <strong>posici\u00f3n actual<\/strong> de los veh\u00edculos se muestra en una lista clara.<\/li>\n<li>Muestra si el encendido est\u00e1 conectado, si el veh\u00edculo est\u00e1 en movimiento o si el dispositivo est\u00e1 encendido.<\/li>\n<li>Visualizaci\u00f3n de la <strong>direcci\u00f3n<\/strong> (normalmente con n\u00famero de casa)<\/li>\n<li>Visualizaci\u00f3n de km\/h<\/li>\n<li><strong>El mapa<\/strong> se puede cambiar entre vista de calle y vista a\u00e9rea (Google Maps)<\/li>\n<li><strong>Densidad del flujo de tr\u00e1fico<\/strong> de Google<\/li>\n<li><strong>Tarifa b\u00e1sica de la tarjeta SIM<\/strong><\/li>\n<li><strong>Costes de transmisi\u00f3n de datos en las redes m\u00f3viles de los pa\u00edses de la UE.<\/strong>[icon name=\u00bbcircle-info\u00bb] con configuraci\u00f3n est\u00e1ndar <span id=\"su_tooltip_69e72b1a9bb48_button\" class=\"su-tooltip-button su-tooltip-button-outline-yes\" aria-describedby=\"su_tooltip_69e72b1a9bb48\" data-settings='{\"position\":\"top\",\"behavior\":\"hover\",\"hideDelay\":0}' tabindex=\"0\">[icon name=\u00bbcircle-info\u00bb] <\/span><span style=\"display:none;z-index:100\" id=\"su_tooltip_69e72b1a9bb48\" class=\"su-tooltip\" role=\"tooltip\"><span class=\"su-tooltip-inner su-tooltip-shadow-no\" style=\"z-index:100;background:#222222;color:#FFFFFF;font-size:16px;border-radius:5px;text-align:left;max-width:300px;line-height:1.25\"><span class=\"su-tooltip-title\"><\/span><span class=\"su-tooltip-content su-u-trim\">Consulte la descripci\u00f3n del producto del hardware respectivo.<\/span><\/span><span id=\"su_tooltip_69e72b1a9bb48_arrow\" class=\"su-tooltip-arrow\" style=\"z-index:100;background:#222222\" data-popper-arrow><\/span><\/span><\/li>\n<li>Iconos para visualizaci\u00f3n: iconos que indican el sentido de la marcha, o s\u00edmbolos del veh\u00edculo o una combinaci\u00f3n de n\u00fameros y n\u00fameros.<\/li>\n<li>Costos de uso del servidor<\/li>\n<li>Actualizaciones de software<\/li>\n<li>Actualizaci\u00f3n autom\u00e1tica de posiciones.<\/li>\n<li>Funci\u00f3n \u201cSeguir\u201d (el veh\u00edculo permanece en el centro del mapa despu\u00e9s de cada actualizaci\u00f3n)<\/li>\n<li>Funciones de filtrado (hora, secci\u00f3n del mapa)<\/li>\n<li>Almacenamiento de datos 25 d\u00edas<\/li>\n<li>1 usuario incluido<\/li>\n<li>Mesa de ayuda v\u00eda correo electr\u00f3nico de lunes a viernes de 9:00 a 16:00 horas <span id=\"su_tooltip_69e72b1a9bc7e_button\" class=\"su-tooltip-button su-tooltip-button-outline-yes\" aria-describedby=\"su_tooltip_69e72b1a9bc7e\" data-settings='{\"position\":\"top\",\"behavior\":\"hover\",\"hideDelay\":0}' tabindex=\"0\">[icon name=\u00bbcircle-info\u00bb] <\/span><span style=\"display:none;z-index:100\" id=\"su_tooltip_69e72b1a9bc7e\" class=\"su-tooltip\" role=\"tooltip\"><span class=\"su-tooltip-inner su-tooltip-shadow-no\" style=\"z-index:100;background:#222222;color:#FFFFFF;font-size:16px;border-radius:5px;text-align:left;max-width:300px;line-height:1.25\"><span class=\"su-tooltip-title\"><\/span><span class=\"su-tooltip-content su-u-trim\">No en d\u00edas festivos.<\/span><\/span><span id=\"su_tooltip_69e72b1a9bc7e_arrow\" class=\"su-tooltip-arrow\" style=\"z-index:100;background:#222222\" data-popper-arrow><\/span><\/span><\/li>\n<\/ul>\n","protected":false},"excerpt":{"rendered":"<h6>Seguimiento GPS Infostars b\u00e1sico<\/h6>\n<p>El paquete b\u00e1sico a un precio especialmente asequible, ampliable opcionalmente en cualquier momento y configurable seg\u00fan sus necesidades individuales, incl. Costes de tarjeta SIM y transferencia de datos en Zona1.<\/p>\n<ul style=\"list-style-type: square;\">\n<li>Seguimiento en vivo<\/li>\n<li>Direcci\u00f3n con n\u00famero de casa<\/li>\n<li>Posici\u00f3n en mapa y lista<\/li>\n<li>Tarjeta SIM incluida. Transferencia de datos<\/li>\n<li>Rastreador GPS plug &amp; play<\/li>\n<\/ul>\n<p>&nbsp;<\/p>\n<p>&nbsp;<\/p>\n<p><strong>Precios basados \u200b\u200ben la duraci\u00f3n del contrato.<\/strong><\/p>\n<table style=\"border-collapse: collapse; width: 84.3295%; height: 56px;\">\n<tbody>\n<tr>\n<td style=\"width: 20%;\"><strong>1 mes<\/strong><\/td>\n<td style=\"width: 20%;\"><strong>3 meses<\/strong><\/td>\n<td style=\"width: 20%;\"><strong>6 meses<\/strong><\/td>\n<td style=\"width: 20%;\"><strong>12 meses<\/strong><\/td>\n<td style=\"width: 20%;\"><strong>24 meses<\/strong><\/td>\n<\/tr>\n<tr>\n<td style=\"width: 20%;\">8,70 <span class=\"woocommerce-Price-currencySymbol\">\u20ac<\/span> \/ 8,70 <span class=\"woocommerce-Price-currencySymbol\">\u20ac<\/span> al mes<\/td>\n<td style=\"width: 20%;\">21,75 <span class=\"woocommerce-Price-currencySymbol\">\u20ac<\/span> \/ 4,35 <span class=\"woocommerce-Price-currencySymbol\">\u20ac<\/span> al mes<\/td>\n<td style=\"width: 20%;\">21,75 <span class=\"woocommerce-Price-currencySymbol\">\u20ac<\/span> \/ 3,63 <span class=\"woocommerce-Price-currencySymbol\">\u20ac<\/span> al mes<\/td>\n<td style=\"width: 20%;\">34,80 <span class=\"woocommerce-Price-currencySymbol\">\u20ac<\/span> \/ 2,90 <span class=\"woocommerce-Price-currencySymbol\">\u20ac<\/span> al mes<\/td>\n<td style=\"width: 20%;\">55,68 <span class=\"woocommerce-Price-currencySymbol\">\u20ac<\/span> \/ 2,32 <span class=\"woocommerce-Price-currencySymbol\">\u20ac<\/span> al mes<\/td>\n<\/tr>\n<\/tbody>\n<\/table>\n<p><strong>Descuento por cantidad en el paquete de software <\/strong><\/p>\n<table style=\"border-collapse: collapse; width: 85.1581%; height: 46px;\">\n<tbody>\n<tr>\n<td style=\"width: 16.6667%;\"><strong><span style=\"font-size: 10pt;\">1<\/span><\/strong><\/td>\n<td style=\"width: 16.6667%;\"><strong><span style=\"font-size: 10pt;\">2<\/span><\/strong><\/td>\n<td style=\"width: 16.6667%;\"><strong><span style=\"font-size: 10pt;\">3-4<\/span><\/strong><\/td>\n<td style=\"width: 16.6667%;\"><strong><span style=\"font-size: 10pt;\">5-9<\/span><\/strong><\/td>\n<td style=\"width: 16.6667%;\"><strong><span style=\"font-size: 10pt;\">10-19<\/span><\/strong><\/td>\n<td style=\"width: 33.7754%;\"><strong><span style=\"font-size: 10pt;\">20+<\/span><\/strong><\/td>\n<\/tr>\n<tr>\n<td style=\"width: 16.6667%;\">-0%<\/td>\n<td style=\"width: 16.6667%;\">-2%<\/td>\n<td style=\"width: 16.6667%;\">-5%<\/td>\n<td style=\"width: 16.6667%;\">-10%<\/td>\n<td style=\"width: 16.6667%;\">-15%<\/td>\n<td style=\"width: 33.7754%;\">-19%<\/td>\n<\/tr>\n<\/tbody>\n<\/table>\n<p>&nbsp;<\/p>\n","protected":false},"featured_media":36221,"template":"","meta":{"inline_featured_image":false},"product_brand":[],"product_cat":[893,992,895,896],"product_tag":[993,994,995,996,997,902],"class_list":{"0":"post-48676","1":"product","2":"type-product","3":"status-publish","4":"has-post-thumbnail","6":"product_cat-basic-es","7":"product_cat-gps-tracking-basic-es","8":"product_cat-software-es","9":"product_cat-softwarepaket-es","10":"product_tag-adresse-mit-hausnummer-es","11":"product_tag-gps-tracker-plug-play-es","12":"product_tag-gps-tracking-es","13":"product_tag-live-ortung-es","14":"product_tag-position-auf-landkarte-und-liste-es","15":"product_tag-sim-karte-inkl-datenuebertragung-es","16":"description-off","18":"first","19":"instock","20":"taxable","21":"shipping-taxable","22":"purchasable","23":"product-type-variable-subscription"},"bundled_by":["48591","48603","50173","52817","54275"],"bundle_stock_status":"instock","bundle_stock_quantity":null,"bundle_virtual":false,"bundle_layout":"","bundle_add_to_cart_form_location":"","bundle_editable_in_cart":false,"bundle_sold_individually_context":"","bundle_item_grouping":"","bundle_min_size":"","bundle_max_size":"","bundle_price":[],"bundled_items":[],"bundle_sell_ids":[],"yoast_head":"<!-- This site is optimized with the Yoast SEO plugin v27.4 - https:\/\/yoast.com\/product\/yoast-seo-wordpress\/ -->\n<title>Seguimiento GPS b\u00e1sico - INFOSTARS SOLUCIONES, S.L.<\/title>\n<meta name=\"robots\" content=\"noindex, nofollow\" \/>\n<meta property=\"og:locale\" content=\"es_ES\" \/>\n<meta property=\"og:type\" content=\"article\" \/>\n<meta property=\"og:title\" content=\"Seguimiento GPS b\u00e1sico - INFOSTARS SOLUCIONES, S.L.\" \/>\n<meta property=\"og:description\" content=\"Seguimiento GPS Infostars b\u00e1sico El paquete b\u00e1sico a un precio especialmente asequible, ampliable opcionalmente en cualquier momento y configurable seg\u00fan sus necesidades individuales, incl. Costes de tarjeta SIM y transferencia de datos en Zona1.   Seguimiento en vivo  Direcci\u00f3n con n\u00famero de casa  Posici\u00f3n en mapa y lista  Tarjeta SIM incluida. Transferencia de datos  Rastreador GPS plug &amp; play  &nbsp;  &nbsp;  Precios basados \u200b\u200ben la duraci\u00f3n del contrato.    1 mes 3 meses 6 meses 12 meses 24 meses   8,70 \u20ac \/ 8,70 \u20ac al mes 21,75 \u20ac \/ 4,35 \u20ac al mes 21,75 \u20ac \/ 3,63 \u20ac al mes 34,80 \u20ac \/ 2,90 \u20ac al mes 55,68 \u20ac \/ 2,32 \u20ac al mes    Descuento por cantidad en el paquete de software     1 2 3-4 5-9 10-19 20+   -0% -2% -5% -10% -15% -19%    &nbsp;\" \/>\n<meta property=\"og:url\" content=\"https:\/\/www.gps-infostars.com\/es\/producto\/seguimiento-gps-basico\/\" \/>\n<meta property=\"og:site_name\" content=\"INFOSTARS SOLUCIONES, S.L.\" \/>\n<meta property=\"article:modified_time\" content=\"2025-06-25T18:24:31+00:00\" \/>\n<meta property=\"og:image\" content=\"https:\/\/www.gps-infostars.com\/es\/wp-content\/uploads\/sites\/3\/gps_tracking_basic-scaled.jpg\" \/>\n\t<meta property=\"og:image:width\" content=\"2560\" \/>\n\t<meta property=\"og:image:height\" content=\"1969\" \/>\n\t<meta property=\"og:image:type\" content=\"image\/jpeg\" \/>\n<meta name=\"twitter:card\" content=\"summary_large_image\" \/>\n<meta name=\"twitter:label1\" content=\"Precio\" \/>\n\t<meta name=\"twitter:data1\" content=\"&euro;11,49\" \/>\n\t<meta name=\"twitter:label2\" content=\"Disponibilidad\" \/>\n\t<meta name=\"twitter:data2\" content=\"Disponible\" \/>\n<script type=\"application\/ld+json\" class=\"yoast-schema-graph\">{\"@context\":\"https:\\\/\\\/schema.org\",\"@graph\":[{\"@type\":\"WebPage\",\"@id\":\"https:\\\/\\\/www.gps-infostars.com\\\/es\\\/producto\\\/seguimiento-gps-basico\\\/\",\"url\":\"https:\\\/\\\/www.gps-infostars.com\\\/es\\\/producto\\\/seguimiento-gps-basico\\\/\",\"name\":\"Seguimiento GPS b\u00e1sico - INFOSTARS SOLUCIONES, S.L.\",\"isPartOf\":{\"@id\":\"https:\\\/\\\/www.gps-infostars.com\\\/es\\\/#website\"},\"primaryImageOfPage\":{\"@id\":\"https:\\\/\\\/www.gps-infostars.com\\\/es\\\/producto\\\/seguimiento-gps-basico\\\/#primaryimage\"},\"image\":{\"@id\":\"https:\\\/\\\/www.gps-infostars.com\\\/es\\\/producto\\\/seguimiento-gps-basico\\\/#primaryimage\"},\"thumbnailUrl\":\"https:\\\/\\\/www.gps-infostars.com\\\/es\\\/wp-content\\\/uploads\\\/sites\\\/3\\\/gps_tracking_basic-scaled.jpg\",\"datePublished\":\"2023-02-27T14:56:28+00:00\",\"dateModified\":\"2025-06-25T18:24:31+00:00\",\"breadcrumb\":{\"@id\":\"https:\\\/\\\/www.gps-infostars.com\\\/es\\\/producto\\\/seguimiento-gps-basico\\\/#breadcrumb\"},\"inLanguage\":\"es\",\"potentialAction\":[{\"@type\":\"ReadAction\",\"target\":[\"https:\\\/\\\/www.gps-infostars.com\\\/es\\\/producto\\\/seguimiento-gps-basico\\\/\"]}]},{\"@type\":\"ImageObject\",\"inLanguage\":\"es\",\"@id\":\"https:\\\/\\\/www.gps-infostars.com\\\/es\\\/producto\\\/seguimiento-gps-basico\\\/#primaryimage\",\"url\":\"https:\\\/\\\/www.gps-infostars.com\\\/es\\\/wp-content\\\/uploads\\\/sites\\\/3\\\/gps_tracking_basic-scaled.jpg\",\"contentUrl\":\"https:\\\/\\\/www.gps-infostars.com\\\/es\\\/wp-content\\\/uploads\\\/sites\\\/3\\\/gps_tracking_basic-scaled.jpg\",\"width\":2560,\"height\":1969},{\"@type\":\"BreadcrumbList\",\"@id\":\"https:\\\/\\\/www.gps-infostars.com\\\/es\\\/producto\\\/seguimiento-gps-basico\\\/#breadcrumb\",\"itemListElement\":[{\"@type\":\"ListItem\",\"position\":1,\"name\":\"Startseite\",\"item\":\"https:\\\/\\\/www.gps-infostars.com\\\/es\\\/\"},{\"@type\":\"ListItem\",\"position\":2,\"name\":\"Productos\"},{\"@type\":\"ListItem\",\"position\":3,\"name\":\"Seguimiento GPS b\u00e1sico\"}]},{\"@type\":\"WebSite\",\"@id\":\"https:\\\/\\\/www.gps-infostars.com\\\/es\\\/#website\",\"url\":\"https:\\\/\\\/www.gps-infostars.com\\\/es\\\/\",\"name\":\"INFOSTARS SOLUCIONES, S.L.\",\"description\":\"Einfach, pr\u00e4zise &amp; zuverl\u00e4ssig.\",\"publisher\":{\"@id\":\"https:\\\/\\\/www.gps-infostars.com\\\/es\\\/#organization\"},\"potentialAction\":[{\"@type\":\"SearchAction\",\"target\":{\"@type\":\"EntryPoint\",\"urlTemplate\":\"https:\\\/\\\/www.gps-infostars.com\\\/es\\\/?s={search_term_string}\"},\"query-input\":{\"@type\":\"PropertyValueSpecification\",\"valueRequired\":true,\"valueName\":\"search_term_string\"}}],\"inLanguage\":\"es\"},{\"@type\":\"Organization\",\"@id\":\"https:\\\/\\\/www.gps-infostars.com\\\/es\\\/#organization\",\"name\":\"INFOSTARS SOLUCIONES, S.L.\",\"url\":\"https:\\\/\\\/www.gps-infostars.com\\\/es\\\/\",\"logo\":{\"@type\":\"ImageObject\",\"inLanguage\":\"es\",\"@id\":\"https:\\\/\\\/www.gps-infostars.com\\\/es\\\/#\\\/schema\\\/logo\\\/image\\\/\",\"url\":\"https:\\\/\\\/www.gps-infostars.com\\\/es\\\/wp-content\\\/uploads\\\/sites\\\/3\\\/logo_infostars.png\",\"contentUrl\":\"https:\\\/\\\/www.gps-infostars.com\\\/es\\\/wp-content\\\/uploads\\\/sites\\\/3\\\/logo_infostars.png\",\"width\":1125,\"height\":360,\"caption\":\"INFOSTARS SOLUCIONES, S.L.\"},\"image\":{\"@id\":\"https:\\\/\\\/www.gps-infostars.com\\\/es\\\/#\\\/schema\\\/logo\\\/image\\\/\"}}]}<\/script>\n<meta property=\"product:price:amount\" content=\"11.49\" \/>\n<meta property=\"product:price:currency\" content=\"EUR\" \/>\n<meta property=\"og:availability\" content=\"instock\" \/>\n<meta property=\"product:availability\" content=\"instock\" \/>\n<meta property=\"product:condition\" content=\"new\" \/>\n<!-- \/ Yoast SEO plugin. -->","yoast_head_json":{"title":"Seguimiento GPS b\u00e1sico - INFOSTARS SOLUCIONES, S.L.","robots":{"index":"noindex","follow":"nofollow"},"og_locale":"es_ES","og_type":"article","og_title":"Seguimiento GPS b\u00e1sico - INFOSTARS SOLUCIONES, S.L.","og_description":"Seguimiento GPS Infostars b\u00e1sico El paquete b\u00e1sico a un precio especialmente asequible, ampliable opcionalmente en cualquier momento y configurable seg\u00fan sus necesidades individuales, incl. Costes de tarjeta SIM y transferencia de datos en Zona1.   Seguimiento en vivo  Direcci\u00f3n con n\u00famero de casa  Posici\u00f3n en mapa y lista  Tarjeta SIM incluida. Transferencia de datos  Rastreador GPS plug &amp; play  &nbsp;  &nbsp;  Precios basados \u200b\u200ben la duraci\u00f3n del contrato.    1 mes 3 meses 6 meses 12 meses 24 meses   8,70 \u20ac \/ 8,70 \u20ac al mes 21,75 \u20ac \/ 4,35 \u20ac al mes 21,75 \u20ac \/ 3,63 \u20ac al mes 34,80 \u20ac \/ 2,90 \u20ac al mes 55,68 \u20ac \/ 2,32 \u20ac al mes    Descuento por cantidad en el paquete de software     1 2 3-4 5-9 10-19 20+   -0% -2% -5% -10% -15% -19%    &nbsp;","og_url":"https:\/\/www.gps-infostars.com\/es\/producto\/seguimiento-gps-basico\/","og_site_name":"INFOSTARS SOLUCIONES, S.L.","article_modified_time":"2025-06-25T18:24:31+00:00","og_image":[{"width":2560,"height":1969,"url":"https:\/\/www.gps-infostars.com\/es\/wp-content\/uploads\/sites\/3\/gps_tracking_basic-scaled.jpg","type":"image\/jpeg"}],"twitter_card":"summary_large_image","twitter_misc":{"Precio":"&euro;11,49","Disponibilidad":"Disponible"},"schema":{"@context":"https:\/\/schema.org","@graph":[{"@type":"WebPage","@id":"https:\/\/www.gps-infostars.com\/es\/producto\/seguimiento-gps-basico\/","url":"https:\/\/www.gps-infostars.com\/es\/producto\/seguimiento-gps-basico\/","name":"Seguimiento GPS b\u00e1sico - INFOSTARS SOLUCIONES, S.L.","isPartOf":{"@id":"https:\/\/www.gps-infostars.com\/es\/#website"},"primaryImageOfPage":{"@id":"https:\/\/www.gps-infostars.com\/es\/producto\/seguimiento-gps-basico\/#primaryimage"},"image":{"@id":"https:\/\/www.gps-infostars.com\/es\/producto\/seguimiento-gps-basico\/#primaryimage"},"thumbnailUrl":"https:\/\/www.gps-infostars.com\/es\/wp-content\/uploads\/sites\/3\/gps_tracking_basic-scaled.jpg","datePublished":"2023-02-27T14:56:28+00:00","dateModified":"2025-06-25T18:24:31+00:00","breadcrumb":{"@id":"https:\/\/www.gps-infostars.com\/es\/producto\/seguimiento-gps-basico\/#breadcrumb"},"inLanguage":"es","potentialAction":[{"@type":"ReadAction","target":["https:\/\/www.gps-infostars.com\/es\/producto\/seguimiento-gps-basico\/"]}]},{"@type":"ImageObject","inLanguage":"es","@id":"https:\/\/www.gps-infostars.com\/es\/producto\/seguimiento-gps-basico\/#primaryimage","url":"https:\/\/www.gps-infostars.com\/es\/wp-content\/uploads\/sites\/3\/gps_tracking_basic-scaled.jpg","contentUrl":"https:\/\/www.gps-infostars.com\/es\/wp-content\/uploads\/sites\/3\/gps_tracking_basic-scaled.jpg","width":2560,"height":1969},{"@type":"BreadcrumbList","@id":"https:\/\/www.gps-infostars.com\/es\/producto\/seguimiento-gps-basico\/#breadcrumb","itemListElement":[{"@type":"ListItem","position":1,"name":"Startseite","item":"https:\/\/www.gps-infostars.com\/es\/"},{"@type":"ListItem","position":2,"name":"Productos"},{"@type":"ListItem","position":3,"name":"Seguimiento GPS b\u00e1sico"}]},{"@type":"WebSite","@id":"https:\/\/www.gps-infostars.com\/es\/#website","url":"https:\/\/www.gps-infostars.com\/es\/","name":"INFOSTARS SOLUCIONES, S.L.","description":"Einfach, pr\u00e4zise &amp; zuverl\u00e4ssig.","publisher":{"@id":"https:\/\/www.gps-infostars.com\/es\/#organization"},"potentialAction":[{"@type":"SearchAction","target":{"@type":"EntryPoint","urlTemplate":"https:\/\/www.gps-infostars.com\/es\/?s={search_term_string}"},"query-input":{"@type":"PropertyValueSpecification","valueRequired":true,"valueName":"search_term_string"}}],"inLanguage":"es"},{"@type":"Organization","@id":"https:\/\/www.gps-infostars.com\/es\/#organization","name":"INFOSTARS SOLUCIONES, S.L.","url":"https:\/\/www.gps-infostars.com\/es\/","logo":{"@type":"ImageObject","inLanguage":"es","@id":"https:\/\/www.gps-infostars.com\/es\/#\/schema\/logo\/image\/","url":"https:\/\/www.gps-infostars.com\/es\/wp-content\/uploads\/sites\/3\/logo_infostars.png","contentUrl":"https:\/\/www.gps-infostars.com\/es\/wp-content\/uploads\/sites\/3\/logo_infostars.png","width":1125,"height":360,"caption":"INFOSTARS SOLUCIONES, S.L."},"image":{"@id":"https:\/\/www.gps-infostars.com\/es\/#\/schema\/logo\/image\/"}}]},"product_price_amount":"11.49","product_price_currency":"EUR","og_availability":"instock","product_availability":"instock","product_condition":"new"},"_links":{"self":[{"href":"https:\/\/www.gps-infostars.com\/es\/wp-json\/wp\/v2\/product\/48676","targetHints":{"allow":["GET"]}}],"collection":[{"href":"https:\/\/www.gps-infostars.com\/es\/wp-json\/wp\/v2\/product"}],"about":[{"href":"https:\/\/www.gps-infostars.com\/es\/wp-json\/wp\/v2\/types\/product"}],"version-history":[{"count":7,"href":"https:\/\/www.gps-infostars.com\/es\/wp-json\/wp\/v2\/product\/48676\/revisions"}],"predecessor-version":[{"id":54352,"href":"https:\/\/www.gps-infostars.com\/es\/wp-json\/wp\/v2\/product\/48676\/revisions\/54352"}],"wp:featuredmedia":[{"embeddable":true,"href":"https:\/\/www.gps-infostars.com\/es\/wp-json\/wp\/v2\/media\/36221"}],"wp:attachment":[{"href":"https:\/\/www.gps-infostars.com\/es\/wp-json\/wp\/v2\/media?parent=48676"}],"wp:term":[{"taxonomy":"product_brand","embeddable":true,"href":"https:\/\/www.gps-infostars.com\/es\/wp-json\/wp\/v2\/product_brand?post=48676"},{"taxonomy":"product_cat","embeddable":true,"href":"https:\/\/www.gps-infostars.com\/es\/wp-json\/wp\/v2\/product_cat?post=48676"},{"taxonomy":"product_tag","embeddable":true,"href":"https:\/\/www.gps-infostars.com\/es\/wp-json\/wp\/v2\/product_tag?post=48676"}],"curies":[{"name":"wp","href":"https:\/\/api.w.org\/{rel}","templated":true}]}}