{"id":48697,"date":"2021-04-17T18:06:27","date_gmt":"2021-04-17T16:06:27","guid":{"rendered":"https:\/\/www.gps-infostars.com\/produkt\/batterie-fuer-gps-tracker-battery-standard-isql_gl505\/"},"modified":"2024-02-22T19:16:27","modified_gmt":"2024-02-22T18:16:27","slug":"bateria-para-localizador-gps-con-bateria-estandar-isql_gl505","status":"publish","type":"product","link":"https:\/\/www.gps-infostars.com\/es\/producto\/bateria-para-localizador-gps-con-bateria-estandar-isql_gl505\/","title":{"rendered":"Bater\u00eda para localizador GPS con bater\u00eda est\u00e1ndar (ISQL_GL505)"},"content":{"rendered":"<p>Bater\u00eda de repuesto para Battery standard (ISQL_GL505).<\/p>\n<ul style=\"list-style-type: square;\">\n<li>Bater\u00eda compuesta de litio met\u00e1lico<\/li>\n<li>Contiene 1,16 g de litio<\/li>\n<li>9,0V, 1500mAh, 13,5Wh<\/li>\n<li>50,3 g.<\/li>\n<\/ul>\n","protected":false},"excerpt":{"rendered":"<p>Bater\u00eda de repuesto para Battery standard (ISQL_GL505):<\/p>\n<ul style=\"list-style-type: square;\">\n<li>La bater\u00eda est\u00e1 compuesta de litio met\u00e1lico\u00bb<\/li>\n<li>contiene 1,16 gramos de litio<\/li>\n<li>9.0V, 1500mAh,13.5Wh<\/li>\n<li>50.3g.<\/li>\n<\/ul>\n","protected":false},"featured_media":46576,"template":"","meta":{"inline_featured_image":false},"product_brand":[],"product_cat":[1044,1045,1046,676],"product_tag":[],"class_list":{"0":"post-48697","1":"product","2":"type-product","3":"status-publish","4":"has-post-thumbnail","6":"product_cat-batterie-es","7":"product_cat-batterie-fuer-gps-tracker-battery-standard-isql_gl505-es","8":"product_cat-gl505-es","9":"product_cat-zubehoer-es","10":"description-off","12":"first","13":"instock","14":"taxable","15":"shipping-taxable","16":"purchasable","17":"product-type-simple"},"bundled_by":[],"bundle_stock_status":"instock","bundle_stock_quantity":null,"bundle_virtual":false,"bundle_layout":"","bundle_add_to_cart_form_location":"","bundle_editable_in_cart":false,"bundle_sold_individually_context":"","bundle_item_grouping":"","bundle_min_size":"","bundle_max_size":"","bundle_price":[],"bundled_items":[],"bundle_sell_ids":[],"yoast_head":"<!-- This site is optimized with the Yoast SEO plugin v27.4 - https:\/\/yoast.com\/product\/yoast-seo-wordpress\/ -->\n<title>Bater\u00eda para localizador GPS con bater\u00eda est\u00e1ndar (ISQL_GL505) - INFOSTARS SOLUCIONES, S.L.<\/title>\n<meta name=\"robots\" content=\"index, nofollow, max-snippet:-1, max-image-preview:large, max-video-preview:-1\" \/>\n<link rel=\"canonical\" href=\"https:\/\/www.gps-infostars.com\/es\/producto\/bateria-para-localizador-gps-con-bateria-estandar-isql_gl505\/\" \/>\n<meta property=\"og:locale\" content=\"es_ES\" \/>\n<meta property=\"og:type\" content=\"article\" \/>\n<meta property=\"og:title\" content=\"Bater\u00eda para localizador GPS con bater\u00eda est\u00e1ndar (ISQL_GL505) - INFOSTARS SOLUCIONES, S.L.\" \/>\n<meta property=\"og:description\" content=\"Bater\u00eda de repuesto para Battery standard (ISQL_GL505):   La bater\u00eda est\u00e1 compuesta de litio met\u00e1lico&quot;  contiene 1,16 gramos de litio  9.0V, 1500mAh,13.5Wh  50.3g.\" \/>\n<meta property=\"og:url\" content=\"https:\/\/www.gps-infostars.com\/es\/producto\/bateria-para-localizador-gps-con-bateria-estandar-isql_gl505\/\" \/>\n<meta property=\"og:site_name\" content=\"INFOSTARS SOLUCIONES, S.L.\" \/>\n<meta property=\"article:modified_time\" content=\"2024-02-22T18:16:27+00:00\" \/>\n<meta property=\"og:image\" content=\"https:\/\/www.gps-infostars.com\/es\/wp-content\/uploads\/sites\/9\/batterie_standard_GL505_1.jpg\" \/>\n\t<meta property=\"og:image:width\" content=\"2044\" \/>\n\t<meta property=\"og:image:height\" content=\"1758\" \/>\n\t<meta property=\"og:image:type\" content=\"image\/jpeg\" \/>\n<meta name=\"twitter:card\" content=\"summary_large_image\" \/>\n<meta name=\"twitter:label1\" content=\"Precio\" \/>\n\t<meta name=\"twitter:data1\" content=\"&euro;13,90\" \/>\n\t<meta name=\"twitter:label2\" content=\"Disponibilidad\" \/>\n\t<meta name=\"twitter:data2\" content=\"Disponible\" \/>\n<script type=\"application\/ld+json\" class=\"yoast-schema-graph\">{\"@context\":\"https:\\\/\\\/schema.org\",\"@graph\":[{\"@type\":\"WebPage\",\"@id\":\"https:\\\/\\\/www.gps-infostars.com\\\/es\\\/producto\\\/bateria-para-localizador-gps-con-bateria-estandar-isql_gl505\\\/\",\"url\":\"https:\\\/\\\/www.gps-infostars.com\\\/es\\\/producto\\\/bateria-para-localizador-gps-con-bateria-estandar-isql_gl505\\\/\",\"name\":\"Bater\u00eda para localizador GPS con bater\u00eda est\u00e1ndar (ISQL_GL505) - INFOSTARS SOLUCIONES, S.L.\",\"isPartOf\":{\"@id\":\"https:\\\/\\\/www.gps-infostars.com\\\/es\\\/#website\"},\"primaryImageOfPage\":{\"@id\":\"https:\\\/\\\/www.gps-infostars.com\\\/es\\\/producto\\\/bateria-para-localizador-gps-con-bateria-estandar-isql_gl505\\\/#primaryimage\"},\"image\":{\"@id\":\"https:\\\/\\\/www.gps-infostars.com\\\/es\\\/producto\\\/bateria-para-localizador-gps-con-bateria-estandar-isql_gl505\\\/#primaryimage\"},\"thumbnailUrl\":\"https:\\\/\\\/www.gps-infostars.com\\\/es\\\/wp-content\\\/uploads\\\/sites\\\/3\\\/batterie_standard_GL505_1.jpg\",\"datePublished\":\"2021-04-17T16:06:27+00:00\",\"dateModified\":\"2024-02-22T18:16:27+00:00\",\"breadcrumb\":{\"@id\":\"https:\\\/\\\/www.gps-infostars.com\\\/es\\\/producto\\\/bateria-para-localizador-gps-con-bateria-estandar-isql_gl505\\\/#breadcrumb\"},\"inLanguage\":\"es\",\"potentialAction\":[{\"@type\":\"ReadAction\",\"target\":[\"https:\\\/\\\/www.gps-infostars.com\\\/es\\\/producto\\\/bateria-para-localizador-gps-con-bateria-estandar-isql_gl505\\\/\"]}]},{\"@type\":\"ImageObject\",\"inLanguage\":\"es\",\"@id\":\"https:\\\/\\\/www.gps-infostars.com\\\/es\\\/producto\\\/bateria-para-localizador-gps-con-bateria-estandar-isql_gl505\\\/#primaryimage\",\"url\":\"https:\\\/\\\/www.gps-infostars.com\\\/es\\\/wp-content\\\/uploads\\\/sites\\\/3\\\/batterie_standard_GL505_1.jpg\",\"contentUrl\":\"https:\\\/\\\/www.gps-infostars.com\\\/es\\\/wp-content\\\/uploads\\\/sites\\\/3\\\/batterie_standard_GL505_1.jpg\",\"width\":2044,\"height\":1758},{\"@type\":\"BreadcrumbList\",\"@id\":\"https:\\\/\\\/www.gps-infostars.com\\\/es\\\/producto\\\/bateria-para-localizador-gps-con-bateria-estandar-isql_gl505\\\/#breadcrumb\",\"itemListElement\":[{\"@type\":\"ListItem\",\"position\":1,\"name\":\"Startseite\",\"item\":\"https:\\\/\\\/www.gps-infostars.com\\\/es\\\/\"},{\"@type\":\"ListItem\",\"position\":2,\"name\":\"Productos\"},{\"@type\":\"ListItem\",\"position\":3,\"name\":\"Bater\u00eda para localizador GPS con bater\u00eda est\u00e1ndar (ISQL_GL505)\"}]},{\"@type\":\"WebSite\",\"@id\":\"https:\\\/\\\/www.gps-infostars.com\\\/es\\\/#website\",\"url\":\"https:\\\/\\\/www.gps-infostars.com\\\/es\\\/\",\"name\":\"INFOSTARS SOLUCIONES, S.L.\",\"description\":\"Einfach, pr\u00e4zise &amp; zuverl\u00e4ssig.\",\"publisher\":{\"@id\":\"https:\\\/\\\/www.gps-infostars.com\\\/es\\\/#organization\"},\"potentialAction\":[{\"@type\":\"SearchAction\",\"target\":{\"@type\":\"EntryPoint\",\"urlTemplate\":\"https:\\\/\\\/www.gps-infostars.com\\\/es\\\/?s={search_term_string}\"},\"query-input\":{\"@type\":\"PropertyValueSpecification\",\"valueRequired\":true,\"valueName\":\"search_term_string\"}}],\"inLanguage\":\"es\"},{\"@type\":\"Organization\",\"@id\":\"https:\\\/\\\/www.gps-infostars.com\\\/es\\\/#organization\",\"name\":\"INFOSTARS SOLUCIONES, S.L.\",\"url\":\"https:\\\/\\\/www.gps-infostars.com\\\/es\\\/\",\"logo\":{\"@type\":\"ImageObject\",\"inLanguage\":\"es\",\"@id\":\"https:\\\/\\\/www.gps-infostars.com\\\/es\\\/#\\\/schema\\\/logo\\\/image\\\/\",\"url\":\"https:\\\/\\\/www.gps-infostars.com\\\/es\\\/wp-content\\\/uploads\\\/sites\\\/3\\\/logo_infostars.png\",\"contentUrl\":\"https:\\\/\\\/www.gps-infostars.com\\\/es\\\/wp-content\\\/uploads\\\/sites\\\/3\\\/logo_infostars.png\",\"width\":1125,\"height\":360,\"caption\":\"INFOSTARS SOLUCIONES, S.L.\"},\"image\":{\"@id\":\"https:\\\/\\\/www.gps-infostars.com\\\/es\\\/#\\\/schema\\\/logo\\\/image\\\/\"}}]}<\/script>\n<meta property=\"product:price:amount\" content=\"13.90\" \/>\n<meta property=\"product:price:currency\" content=\"EUR\" \/>\n<meta property=\"og:availability\" content=\"instock\" \/>\n<meta property=\"product:availability\" content=\"instock\" \/>\n<meta property=\"product:retailer_item_id\" content=\"H10000199\" \/>\n<meta property=\"product:condition\" content=\"new\" \/>\n<!-- \/ Yoast SEO plugin. -->","yoast_head_json":{"title":"Bater\u00eda para localizador GPS con bater\u00eda est\u00e1ndar (ISQL_GL505) - INFOSTARS SOLUCIONES, S.L.","robots":{"index":"index","follow":"nofollow","max-snippet":"max-snippet:-1","max-image-preview":"max-image-preview:large","max-video-preview":"max-video-preview:-1"},"canonical":"https:\/\/www.gps-infostars.com\/es\/producto\/bateria-para-localizador-gps-con-bateria-estandar-isql_gl505\/","og_locale":"es_ES","og_type":"article","og_title":"Bater\u00eda para localizador GPS con bater\u00eda est\u00e1ndar (ISQL_GL505) - INFOSTARS SOLUCIONES, S.L.","og_description":"Bater\u00eda de repuesto para Battery standard (ISQL_GL505):   La bater\u00eda est\u00e1 compuesta de litio met\u00e1lico\"  contiene 1,16 gramos de litio  9.0V, 1500mAh,13.5Wh  50.3g.","og_url":"https:\/\/www.gps-infostars.com\/es\/producto\/bateria-para-localizador-gps-con-bateria-estandar-isql_gl505\/","og_site_name":"INFOSTARS SOLUCIONES, S.L.","article_modified_time":"2024-02-22T18:16:27+00:00","og_image":[{"width":2044,"height":1758,"url":"https:\/\/www.gps-infostars.com\/es\/wp-content\/uploads\/sites\/9\/batterie_standard_GL505_1.jpg","type":"image\/jpeg"}],"twitter_card":"summary_large_image","twitter_misc":{"Precio":"&euro;13,90","Disponibilidad":"Disponible"},"schema":{"@context":"https:\/\/schema.org","@graph":[{"@type":"WebPage","@id":"https:\/\/www.gps-infostars.com\/es\/producto\/bateria-para-localizador-gps-con-bateria-estandar-isql_gl505\/","url":"https:\/\/www.gps-infostars.com\/es\/producto\/bateria-para-localizador-gps-con-bateria-estandar-isql_gl505\/","name":"Bater\u00eda para localizador GPS con bater\u00eda est\u00e1ndar (ISQL_GL505) - INFOSTARS SOLUCIONES, S.L.","isPartOf":{"@id":"https:\/\/www.gps-infostars.com\/es\/#website"},"primaryImageOfPage":{"@id":"https:\/\/www.gps-infostars.com\/es\/producto\/bateria-para-localizador-gps-con-bateria-estandar-isql_gl505\/#primaryimage"},"image":{"@id":"https:\/\/www.gps-infostars.com\/es\/producto\/bateria-para-localizador-gps-con-bateria-estandar-isql_gl505\/#primaryimage"},"thumbnailUrl":"https:\/\/www.gps-infostars.com\/es\/wp-content\/uploads\/sites\/3\/batterie_standard_GL505_1.jpg","datePublished":"2021-04-17T16:06:27+00:00","dateModified":"2024-02-22T18:16:27+00:00","breadcrumb":{"@id":"https:\/\/www.gps-infostars.com\/es\/producto\/bateria-para-localizador-gps-con-bateria-estandar-isql_gl505\/#breadcrumb"},"inLanguage":"es","potentialAction":[{"@type":"ReadAction","target":["https:\/\/www.gps-infostars.com\/es\/producto\/bateria-para-localizador-gps-con-bateria-estandar-isql_gl505\/"]}]},{"@type":"ImageObject","inLanguage":"es","@id":"https:\/\/www.gps-infostars.com\/es\/producto\/bateria-para-localizador-gps-con-bateria-estandar-isql_gl505\/#primaryimage","url":"https:\/\/www.gps-infostars.com\/es\/wp-content\/uploads\/sites\/3\/batterie_standard_GL505_1.jpg","contentUrl":"https:\/\/www.gps-infostars.com\/es\/wp-content\/uploads\/sites\/3\/batterie_standard_GL505_1.jpg","width":2044,"height":1758},{"@type":"BreadcrumbList","@id":"https:\/\/www.gps-infostars.com\/es\/producto\/bateria-para-localizador-gps-con-bateria-estandar-isql_gl505\/#breadcrumb","itemListElement":[{"@type":"ListItem","position":1,"name":"Startseite","item":"https:\/\/www.gps-infostars.com\/es\/"},{"@type":"ListItem","position":2,"name":"Productos"},{"@type":"ListItem","position":3,"name":"Bater\u00eda para localizador GPS con bater\u00eda est\u00e1ndar (ISQL_GL505)"}]},{"@type":"WebSite","@id":"https:\/\/www.gps-infostars.com\/es\/#website","url":"https:\/\/www.gps-infostars.com\/es\/","name":"INFOSTARS SOLUCIONES, S.L.","description":"Einfach, pr\u00e4zise &amp; zuverl\u00e4ssig.","publisher":{"@id":"https:\/\/www.gps-infostars.com\/es\/#organization"},"potentialAction":[{"@type":"SearchAction","target":{"@type":"EntryPoint","urlTemplate":"https:\/\/www.gps-infostars.com\/es\/?s={search_term_string}"},"query-input":{"@type":"PropertyValueSpecification","valueRequired":true,"valueName":"search_term_string"}}],"inLanguage":"es"},{"@type":"Organization","@id":"https:\/\/www.gps-infostars.com\/es\/#organization","name":"INFOSTARS SOLUCIONES, S.L.","url":"https:\/\/www.gps-infostars.com\/es\/","logo":{"@type":"ImageObject","inLanguage":"es","@id":"https:\/\/www.gps-infostars.com\/es\/#\/schema\/logo\/image\/","url":"https:\/\/www.gps-infostars.com\/es\/wp-content\/uploads\/sites\/3\/logo_infostars.png","contentUrl":"https:\/\/www.gps-infostars.com\/es\/wp-content\/uploads\/sites\/3\/logo_infostars.png","width":1125,"height":360,"caption":"INFOSTARS SOLUCIONES, S.L."},"image":{"@id":"https:\/\/www.gps-infostars.com\/es\/#\/schema\/logo\/image\/"}}]},"product_price_amount":"13.90","product_price_currency":"EUR","og_availability":"instock","product_availability":"instock","product_retailer_item_id":"H10000199","product_condition":"new"},"_links":{"self":[{"href":"https:\/\/www.gps-infostars.com\/es\/wp-json\/wp\/v2\/product\/48697","targetHints":{"allow":["GET"]}}],"collection":[{"href":"https:\/\/www.gps-infostars.com\/es\/wp-json\/wp\/v2\/product"}],"about":[{"href":"https:\/\/www.gps-infostars.com\/es\/wp-json\/wp\/v2\/types\/product"}],"version-history":[{"count":3,"href":"https:\/\/www.gps-infostars.com\/es\/wp-json\/wp\/v2\/product\/48697\/revisions"}],"predecessor-version":[{"id":49486,"href":"https:\/\/www.gps-infostars.com\/es\/wp-json\/wp\/v2\/product\/48697\/revisions\/49486"}],"wp:featuredmedia":[{"embeddable":true,"href":"https:\/\/www.gps-infostars.com\/es\/wp-json\/wp\/v2\/media\/46576"}],"wp:attachment":[{"href":"https:\/\/www.gps-infostars.com\/es\/wp-json\/wp\/v2\/media?parent=48697"}],"wp:term":[{"taxonomy":"product_brand","embeddable":true,"href":"https:\/\/www.gps-infostars.com\/es\/wp-json\/wp\/v2\/product_brand?post=48697"},{"taxonomy":"product_cat","embeddable":true,"href":"https:\/\/www.gps-infostars.com\/es\/wp-json\/wp\/v2\/product_cat?post=48697"},{"taxonomy":"product_tag","embeddable":true,"href":"https:\/\/www.gps-infostars.com\/es\/wp-json\/wp\/v2\/product_tag?post=48697"}],"curies":[{"name":"wp","href":"https:\/\/api.w.org\/{rel}","templated":true}]}}