{"id":50184,"date":"2023-11-16T23:44:33","date_gmt":"2023-11-16T22:44:33","guid":{"rendered":"https:\/\/www.gps-infostars.com\/produkt\/gps-tracker-akku-standard-lte-gl521-softwarepaket-tracking-advanced-paket\/"},"modified":"2025-06-17T12:49:41","modified_gmt":"2025-06-17T10:49:41","slug":"localizador-gps-bateria-estandar-lte-gl521-y-paquete-software-avanzado-seguimiento","status":"publish","type":"product","link":"https:\/\/www.gps-infostars.com\/es\/producto\/localizador-gps-bateria-estandar-lte-gl521-y-paquete-software-avanzado-seguimiento\/","title":{"rendered":"Localizador GPS con bater\u00eda est\u00e1ndar LTE (GL521) y paquete de software avanzado de seguimiento"},"content":{"rendered":"<p><strong>Este paquete de productos consta de un paquete de software y servicios (Infostars GPS-Tracking Advanced) y un dispositivo GPS (GPS-Tracker con bater\u00eda est\u00e1ndar LTE ISQL_GL521). Con este paquete de software, el dispositivo GPS m\u00f3vil puede enviar datos cada minuto.<\/strong><\/p>\n","protected":false},"excerpt":{"rendered":"<p><strong>Este paquete de productos consta de un paquete de software y servicios (Infostars GPS-Tracking Advanced) y un dispositivo GPS (GPS-Tracker con bater\u00eda est\u00e1ndar LTE ISQL_GL521). Con este paquete de software, el dispositivo GPS m\u00f3vil puede enviar datos cada minuto.<\/strong><\/p>\n","protected":false},"featured_media":42683,"template":"","meta":{"inline_featured_image":false},"product_brand":[],"product_cat":[1075,1086,1087,1077],"product_tag":[],"class_list":{"0":"post-50184","1":"product","2":"type-product","3":"status-publish","4":"has-post-thumbnail","6":"product_cat-gps-tracker-akku-standard-isql_gl521-paket-es","7":"product_cat-gps-tracker-akku-standard-lte-gl521-softwarepaket-tracking-advanced-paket-es","8":"product_cat-gps-tracker-akku-standard-lte-advanced-es","9":"product_cat-gps-tracker-akku-standard-lte-isql_gl521-es","10":"description-off","12":"first","13":"instock","14":"sale","15":"taxable","16":"shipping-taxable","17":"purchasable","18":"product-type-bundle"},"bundled_by":[],"bundle_stock_status":"instock","bundle_stock_quantity":"","bundle_virtual":false,"bundle_layout":"default","bundle_add_to_cart_form_location":"default","bundle_editable_in_cart":false,"bundle_sold_individually_context":"product","bundle_item_grouping":"parent","bundle_min_size":"","bundle_max_size":"","bundle_price":{"price":{"min":{"incl_tax":"124","excl_tax":"102.48"},"max":{"incl_tax":"145.69","excl_tax":"120.4"}},"regular_price":{"min":{"incl_tax":"164","excl_tax":"135.54"},"max":{"incl_tax":"192.5","excl_tax":"159.09"}}},"bundled_items":[{"bundled_item_id":577,"product_id":49844,"menu_order":0,"quantity_min":1,"quantity_max":1,"quantity_default":1,"priced_individually":true,"shipped_individually":false,"override_title":false,"title":"Localizador GPS con bater\u00eda recargable est\u00e1ndar LTE ISQL_GL521","override_description":false,"description":"Localizador GPS con bater\u00eda est\u00e1ndar LTE ISQL_GL521","optional":false,"hide_thumbnail":false,"discount":"20","override_variations":false,"allowed_variations":[""],"override_default_variation_attributes":false,"default_variation_attributes":[],"single_product_visibility":"visible","cart_visibility":"visible","order_visibility":"visible","single_product_price_visibility":"visible","cart_price_visibility":"visible","order_price_visibility":"visible","stock_status":"in_stock"},{"bundled_item_id":578,"product_id":48682,"menu_order":1,"quantity_min":1,"quantity_max":1,"quantity_default":1,"priced_individually":true,"shipped_individually":true,"override_title":false,"title":"Seguimiento GPS avanzado","override_description":false,"description":"GPS-Tracking Advanced","optional":false,"hide_thumbnail":false,"discount":"","override_variations":false,"allowed_variations":[""],"override_default_variation_attributes":false,"default_variation_attributes":[],"single_product_visibility":"visible","cart_visibility":"visible","order_visibility":"visible","single_product_price_visibility":"visible","cart_price_visibility":"visible","order_price_visibility":"visible","stock_status":"in_stock"},{"bundled_item_id":579,"product_id":48627,"menu_order":2,"quantity_min":1,"quantity_max":1,"quantity_default":1,"priced_individually":true,"shipped_individually":true,"override_title":false,"title":"Tarifa de configuraci\u00f3n para seguimiento GPS","override_description":false,"description":"Tarifa de configuraci\u00f3n para seguimiento GPS","optional":false,"hide_thumbnail":false,"discount":"100","override_variations":false,"allowed_variations":[""],"override_default_variation_attributes":false,"default_variation_attributes":[],"single_product_visibility":"visible","cart_visibility":"visible","order_visibility":"visible","single_product_price_visibility":"visible","cart_price_visibility":"visible","order_price_visibility":"visible","stock_status":"in_stock"},{"bundled_item_id":580,"product_id":51373,"menu_order":3,"quantity_min":1,"quantity_max":1,"quantity_default":1,"priced_individually":true,"shipped_individually":false,"override_title":false,"title":"Soporte magn\u00e9tico","override_description":false,"description":"Soporte magn\u00e9tico","optional":true,"hide_thumbnail":false,"discount":"10","override_variations":false,"allowed_variations":[""],"override_default_variation_attributes":false,"default_variation_attributes":[],"single_product_visibility":"visible","cart_visibility":"visible","order_visibility":"visible","single_product_price_visibility":"visible","cart_price_visibility":"visible","order_price_visibility":"visible","stock_status":"in_stock"},{"bundled_item_id":581,"product_id":48266,"menu_order":4,"quantity_min":1,"quantity_max":1,"quantity_default":1,"priced_individually":true,"shipped_individually":false,"override_title":false,"title":"Cargador inal\u00e1mbrico inductivo con logotipo para localizador GPS con bater\u00eda est\u00e1ndar LTE","override_description":false,"description":"Cargador inal\u00e1mbrico inductivo con logotipo para localizador GPS con bater\u00eda est\u00e1ndar LTE","optional":true,"hide_thumbnail":false,"discount":"50","override_variations":false,"allowed_variations":[""],"override_default_variation_attributes":false,"default_variation_attributes":[],"single_product_visibility":"visible","cart_visibility":"visible","order_visibility":"visible","single_product_price_visibility":"visible","cart_price_visibility":"visible","order_price_visibility":"visible","stock_status":"in_stock"}],"bundle_sell_ids":[],"yoast_head":"<!-- This site is optimized with the Yoast SEO plugin v27.4 - https:\/\/yoast.com\/product\/yoast-seo-wordpress\/ -->\n<title>Localizador GPS con bater\u00eda est\u00e1ndar LTE (GL521) y paquete de software avanzado de seguimiento - INFOSTARS SOLUCIONES, S.L.<\/title>\n<meta name=\"description\" content=\"Este rastreador GPS m\u00f3vil con bater\u00eda LTE resistente al agua y al polvo, se puede configurar en la aplicaci\u00f3n, se puede cargar de forma inductiva y tiene una duraci\u00f3n muy prolongada.\" \/>\n<meta name=\"robots\" content=\"index, follow, max-snippet:-1, max-image-preview:large, max-video-preview:-1\" \/>\n<link rel=\"canonical\" href=\"https:\/\/www.gps-infostars.com\/es\/producto\/localizador-gps-bateria-estandar-lte-gl521-y-paquete-software-avanzado-seguimiento\/\" \/>\n<meta property=\"og:locale\" content=\"es_ES\" \/>\n<meta property=\"og:type\" content=\"article\" \/>\n<meta property=\"og:title\" content=\"Localizador GPS con bater\u00eda est\u00e1ndar LTE (GL521) y paquete de software avanzado de seguimiento - INFOSTARS SOLUCIONES, S.L.\" \/>\n<meta property=\"og:description\" content=\"Este rastreador GPS m\u00f3vil con bater\u00eda LTE resistente al agua y al polvo, se puede configurar en la aplicaci\u00f3n, se puede cargar de forma inductiva y tiene una duraci\u00f3n muy prolongada.\" \/>\n<meta property=\"og:url\" content=\"https:\/\/www.gps-infostars.com\/es\/producto\/localizador-gps-bateria-estandar-lte-gl521-y-paquete-software-avanzado-seguimiento\/\" \/>\n<meta property=\"og:site_name\" content=\"INFOSTARS SOLUCIONES, S.L.\" \/>\n<meta property=\"article:modified_time\" content=\"2025-06-17T10:49:41+00:00\" \/>\n<meta property=\"og:image\" content=\"https:\/\/www.gps-infostars.com\/es\/wp-content\/uploads\/sites\/3\/gps_tracking_advanced_es-scaled.jpg\" \/>\n\t<meta property=\"og:image:width\" content=\"2560\" \/>\n\t<meta property=\"og:image:height\" content=\"1969\" \/>\n\t<meta property=\"og:image:type\" content=\"image\/jpeg\" \/>\n<meta name=\"twitter:card\" content=\"summary_large_image\" \/>\n<meta name=\"twitter:label1\" content=\"Precio\" \/>\n\t<meta name=\"twitter:data1\" content=\"&euro;0,00\" \/>\n\t<meta name=\"twitter:label2\" content=\"Disponibilidad\" \/>\n\t<meta name=\"twitter:data2\" content=\"Disponible\" \/>\n<script type=\"application\/ld+json\" class=\"yoast-schema-graph\">{\"@context\":\"https:\\\/\\\/schema.org\",\"@graph\":[{\"@type\":\"WebPage\",\"@id\":\"https:\\\/\\\/www.gps-infostars.com\\\/es\\\/producto\\\/localizador-gps-bateria-estandar-lte-gl521-y-paquete-software-avanzado-seguimiento\\\/\",\"url\":\"https:\\\/\\\/www.gps-infostars.com\\\/es\\\/producto\\\/localizador-gps-bateria-estandar-lte-gl521-y-paquete-software-avanzado-seguimiento\\\/\",\"name\":\"Localizador GPS con bater\u00eda est\u00e1ndar LTE (GL521) y paquete de software avanzado de seguimiento - INFOSTARS SOLUCIONES, S.L.\",\"isPartOf\":{\"@id\":\"https:\\\/\\\/www.gps-infostars.com\\\/es\\\/#website\"},\"primaryImageOfPage\":{\"@id\":\"https:\\\/\\\/www.gps-infostars.com\\\/es\\\/producto\\\/localizador-gps-bateria-estandar-lte-gl521-y-paquete-software-avanzado-seguimiento\\\/#primaryimage\"},\"image\":{\"@id\":\"https:\\\/\\\/www.gps-infostars.com\\\/es\\\/producto\\\/localizador-gps-bateria-estandar-lte-gl521-y-paquete-software-avanzado-seguimiento\\\/#primaryimage\"},\"thumbnailUrl\":\"https:\\\/\\\/www.gps-infostars.com\\\/es\\\/wp-content\\\/uploads\\\/sites\\\/3\\\/gps_tracking_advanced_es-scaled.jpg\",\"datePublished\":\"2023-11-16T22:44:33+00:00\",\"dateModified\":\"2025-06-17T10:49:41+00:00\",\"description\":\"Este rastreador GPS m\u00f3vil con bater\u00eda LTE resistente al agua y al polvo, se puede configurar en la aplicaci\u00f3n, se puede cargar de forma inductiva y tiene una duraci\u00f3n muy prolongada.\",\"breadcrumb\":{\"@id\":\"https:\\\/\\\/www.gps-infostars.com\\\/es\\\/producto\\\/localizador-gps-bateria-estandar-lte-gl521-y-paquete-software-avanzado-seguimiento\\\/#breadcrumb\"},\"inLanguage\":\"es\",\"potentialAction\":[{\"@type\":\"ReadAction\",\"target\":[\"https:\\\/\\\/www.gps-infostars.com\\\/es\\\/producto\\\/localizador-gps-bateria-estandar-lte-gl521-y-paquete-software-avanzado-seguimiento\\\/\"]}]},{\"@type\":\"ImageObject\",\"inLanguage\":\"es\",\"@id\":\"https:\\\/\\\/www.gps-infostars.com\\\/es\\\/producto\\\/localizador-gps-bateria-estandar-lte-gl521-y-paquete-software-avanzado-seguimiento\\\/#primaryimage\",\"url\":\"https:\\\/\\\/www.gps-infostars.com\\\/es\\\/wp-content\\\/uploads\\\/sites\\\/3\\\/gps_tracking_advanced_es-scaled.jpg\",\"contentUrl\":\"https:\\\/\\\/www.gps-infostars.com\\\/es\\\/wp-content\\\/uploads\\\/sites\\\/3\\\/gps_tracking_advanced_es-scaled.jpg\",\"width\":2560,\"height\":1969},{\"@type\":\"BreadcrumbList\",\"@id\":\"https:\\\/\\\/www.gps-infostars.com\\\/es\\\/producto\\\/localizador-gps-bateria-estandar-lte-gl521-y-paquete-software-avanzado-seguimiento\\\/#breadcrumb\",\"itemListElement\":[{\"@type\":\"ListItem\",\"position\":1,\"name\":\"Startseite\",\"item\":\"https:\\\/\\\/www.gps-infostars.com\\\/es\\\/\"},{\"@type\":\"ListItem\",\"position\":2,\"name\":\"Productos\"},{\"@type\":\"ListItem\",\"position\":3,\"name\":\"Localizador GPS con bater\u00eda est\u00e1ndar LTE (GL521) y paquete de software avanzado de seguimiento\"}]},{\"@type\":\"WebSite\",\"@id\":\"https:\\\/\\\/www.gps-infostars.com\\\/es\\\/#website\",\"url\":\"https:\\\/\\\/www.gps-infostars.com\\\/es\\\/\",\"name\":\"INFOSTARS SOLUCIONES, S.L.\",\"description\":\"Einfach, pr\u00e4zise &amp; zuverl\u00e4ssig.\",\"publisher\":{\"@id\":\"https:\\\/\\\/www.gps-infostars.com\\\/es\\\/#organization\"},\"potentialAction\":[{\"@type\":\"SearchAction\",\"target\":{\"@type\":\"EntryPoint\",\"urlTemplate\":\"https:\\\/\\\/www.gps-infostars.com\\\/es\\\/?s={search_term_string}\"},\"query-input\":{\"@type\":\"PropertyValueSpecification\",\"valueRequired\":true,\"valueName\":\"search_term_string\"}}],\"inLanguage\":\"es\"},{\"@type\":\"Organization\",\"@id\":\"https:\\\/\\\/www.gps-infostars.com\\\/es\\\/#organization\",\"name\":\"INFOSTARS SOLUCIONES, S.L.\",\"url\":\"https:\\\/\\\/www.gps-infostars.com\\\/es\\\/\",\"logo\":{\"@type\":\"ImageObject\",\"inLanguage\":\"es\",\"@id\":\"https:\\\/\\\/www.gps-infostars.com\\\/es\\\/#\\\/schema\\\/logo\\\/image\\\/\",\"url\":\"https:\\\/\\\/www.gps-infostars.com\\\/es\\\/wp-content\\\/uploads\\\/sites\\\/3\\\/logo_infostars.png\",\"contentUrl\":\"https:\\\/\\\/www.gps-infostars.com\\\/es\\\/wp-content\\\/uploads\\\/sites\\\/3\\\/logo_infostars.png\",\"width\":1125,\"height\":360,\"caption\":\"INFOSTARS SOLUCIONES, S.L.\"},\"image\":{\"@id\":\"https:\\\/\\\/www.gps-infostars.com\\\/es\\\/#\\\/schema\\\/logo\\\/image\\\/\"}}]}<\/script>\n<meta property=\"product:price:amount\" content=\"0.00\" \/>\n<meta property=\"product:price:currency\" content=\"EUR\" \/>\n<meta property=\"og:availability\" content=\"instock\" \/>\n<meta property=\"product:availability\" content=\"instock\" \/>\n<meta property=\"product:condition\" content=\"new\" \/>\n<!-- \/ Yoast SEO plugin. -->","yoast_head_json":{"title":"Localizador GPS con bater\u00eda est\u00e1ndar LTE (GL521) y paquete de software avanzado de seguimiento - INFOSTARS SOLUCIONES, S.L.","description":"Este rastreador GPS m\u00f3vil con bater\u00eda LTE resistente al agua y al polvo, se puede configurar en la aplicaci\u00f3n, se puede cargar de forma inductiva y tiene una duraci\u00f3n muy prolongada.","robots":{"index":"index","follow":"follow","max-snippet":"max-snippet:-1","max-image-preview":"max-image-preview:large","max-video-preview":"max-video-preview:-1"},"canonical":"https:\/\/www.gps-infostars.com\/es\/producto\/localizador-gps-bateria-estandar-lte-gl521-y-paquete-software-avanzado-seguimiento\/","og_locale":"es_ES","og_type":"article","og_title":"Localizador GPS con bater\u00eda est\u00e1ndar LTE (GL521) y paquete de software avanzado de seguimiento - INFOSTARS SOLUCIONES, S.L.","og_description":"Este rastreador GPS m\u00f3vil con bater\u00eda LTE resistente al agua y al polvo, se puede configurar en la aplicaci\u00f3n, se puede cargar de forma inductiva y tiene una duraci\u00f3n muy prolongada.","og_url":"https:\/\/www.gps-infostars.com\/es\/producto\/localizador-gps-bateria-estandar-lte-gl521-y-paquete-software-avanzado-seguimiento\/","og_site_name":"INFOSTARS SOLUCIONES, S.L.","article_modified_time":"2025-06-17T10:49:41+00:00","og_image":[{"width":2560,"height":1969,"url":"https:\/\/www.gps-infostars.com\/es\/wp-content\/uploads\/sites\/3\/gps_tracking_advanced_es-scaled.jpg","type":"image\/jpeg"}],"twitter_card":"summary_large_image","twitter_misc":{"Precio":"&euro;0,00","Disponibilidad":"Disponible"},"schema":{"@context":"https:\/\/schema.org","@graph":[{"@type":"WebPage","@id":"https:\/\/www.gps-infostars.com\/es\/producto\/localizador-gps-bateria-estandar-lte-gl521-y-paquete-software-avanzado-seguimiento\/","url":"https:\/\/www.gps-infostars.com\/es\/producto\/localizador-gps-bateria-estandar-lte-gl521-y-paquete-software-avanzado-seguimiento\/","name":"Localizador GPS con bater\u00eda est\u00e1ndar LTE (GL521) y paquete de software avanzado de seguimiento - INFOSTARS SOLUCIONES, S.L.","isPartOf":{"@id":"https:\/\/www.gps-infostars.com\/es\/#website"},"primaryImageOfPage":{"@id":"https:\/\/www.gps-infostars.com\/es\/producto\/localizador-gps-bateria-estandar-lte-gl521-y-paquete-software-avanzado-seguimiento\/#primaryimage"},"image":{"@id":"https:\/\/www.gps-infostars.com\/es\/producto\/localizador-gps-bateria-estandar-lte-gl521-y-paquete-software-avanzado-seguimiento\/#primaryimage"},"thumbnailUrl":"https:\/\/www.gps-infostars.com\/es\/wp-content\/uploads\/sites\/3\/gps_tracking_advanced_es-scaled.jpg","datePublished":"2023-11-16T22:44:33+00:00","dateModified":"2025-06-17T10:49:41+00:00","description":"Este rastreador GPS m\u00f3vil con bater\u00eda LTE resistente al agua y al polvo, se puede configurar en la aplicaci\u00f3n, se puede cargar de forma inductiva y tiene una duraci\u00f3n muy prolongada.","breadcrumb":{"@id":"https:\/\/www.gps-infostars.com\/es\/producto\/localizador-gps-bateria-estandar-lte-gl521-y-paquete-software-avanzado-seguimiento\/#breadcrumb"},"inLanguage":"es","potentialAction":[{"@type":"ReadAction","target":["https:\/\/www.gps-infostars.com\/es\/producto\/localizador-gps-bateria-estandar-lte-gl521-y-paquete-software-avanzado-seguimiento\/"]}]},{"@type":"ImageObject","inLanguage":"es","@id":"https:\/\/www.gps-infostars.com\/es\/producto\/localizador-gps-bateria-estandar-lte-gl521-y-paquete-software-avanzado-seguimiento\/#primaryimage","url":"https:\/\/www.gps-infostars.com\/es\/wp-content\/uploads\/sites\/3\/gps_tracking_advanced_es-scaled.jpg","contentUrl":"https:\/\/www.gps-infostars.com\/es\/wp-content\/uploads\/sites\/3\/gps_tracking_advanced_es-scaled.jpg","width":2560,"height":1969},{"@type":"BreadcrumbList","@id":"https:\/\/www.gps-infostars.com\/es\/producto\/localizador-gps-bateria-estandar-lte-gl521-y-paquete-software-avanzado-seguimiento\/#breadcrumb","itemListElement":[{"@type":"ListItem","position":1,"name":"Startseite","item":"https:\/\/www.gps-infostars.com\/es\/"},{"@type":"ListItem","position":2,"name":"Productos"},{"@type":"ListItem","position":3,"name":"Localizador GPS con bater\u00eda est\u00e1ndar LTE (GL521) y paquete de software avanzado de seguimiento"}]},{"@type":"WebSite","@id":"https:\/\/www.gps-infostars.com\/es\/#website","url":"https:\/\/www.gps-infostars.com\/es\/","name":"INFOSTARS SOLUCIONES, S.L.","description":"Einfach, pr\u00e4zise &amp; zuverl\u00e4ssig.","publisher":{"@id":"https:\/\/www.gps-infostars.com\/es\/#organization"},"potentialAction":[{"@type":"SearchAction","target":{"@type":"EntryPoint","urlTemplate":"https:\/\/www.gps-infostars.com\/es\/?s={search_term_string}"},"query-input":{"@type":"PropertyValueSpecification","valueRequired":true,"valueName":"search_term_string"}}],"inLanguage":"es"},{"@type":"Organization","@id":"https:\/\/www.gps-infostars.com\/es\/#organization","name":"INFOSTARS SOLUCIONES, S.L.","url":"https:\/\/www.gps-infostars.com\/es\/","logo":{"@type":"ImageObject","inLanguage":"es","@id":"https:\/\/www.gps-infostars.com\/es\/#\/schema\/logo\/image\/","url":"https:\/\/www.gps-infostars.com\/es\/wp-content\/uploads\/sites\/3\/logo_infostars.png","contentUrl":"https:\/\/www.gps-infostars.com\/es\/wp-content\/uploads\/sites\/3\/logo_infostars.png","width":1125,"height":360,"caption":"INFOSTARS SOLUCIONES, S.L."},"image":{"@id":"https:\/\/www.gps-infostars.com\/es\/#\/schema\/logo\/image\/"}}]},"product_price_amount":"0.00","product_price_currency":"EUR","og_availability":"instock","product_availability":"instock","product_condition":"new"},"_links":{"self":[{"href":"https:\/\/www.gps-infostars.com\/es\/wp-json\/wp\/v2\/product\/50184","targetHints":{"allow":["GET"]}}],"collection":[{"href":"https:\/\/www.gps-infostars.com\/es\/wp-json\/wp\/v2\/product"}],"about":[{"href":"https:\/\/www.gps-infostars.com\/es\/wp-json\/wp\/v2\/types\/product"}],"version-history":[{"count":6,"href":"https:\/\/www.gps-infostars.com\/es\/wp-json\/wp\/v2\/product\/50184\/revisions"}],"predecessor-version":[{"id":53436,"href":"https:\/\/www.gps-infostars.com\/es\/wp-json\/wp\/v2\/product\/50184\/revisions\/53436"}],"wp:featuredmedia":[{"embeddable":true,"href":"https:\/\/www.gps-infostars.com\/es\/wp-json\/wp\/v2\/media\/42683"}],"wp:attachment":[{"href":"https:\/\/www.gps-infostars.com\/es\/wp-json\/wp\/v2\/media?parent=50184"}],"wp:term":[{"taxonomy":"product_brand","embeddable":true,"href":"https:\/\/www.gps-infostars.com\/es\/wp-json\/wp\/v2\/product_brand?post=50184"},{"taxonomy":"product_cat","embeddable":true,"href":"https:\/\/www.gps-infostars.com\/es\/wp-json\/wp\/v2\/product_cat?post=50184"},{"taxonomy":"product_tag","embeddable":true,"href":"https:\/\/www.gps-infostars.com\/es\/wp-json\/wp\/v2\/product_tag?post=50184"}],"curies":[{"name":"wp","href":"https:\/\/api.w.org\/{rel}","templated":true}]}}