{"id":51510,"date":"2023-02-27T16:20:29","date_gmt":"2023-02-27T15:20:29","guid":{"rendered":"https:\/\/www.gps-infostars.com\/produkt\/finanzamt-fahrtenbuch-standard\/"},"modified":"2024-03-07T10:37:11","modified_gmt":"2024-03-07T09:37:11","slug":"libro-de-registro-estandar-de-la-agencia-tributaria","status":"publish","type":"product","link":"https:\/\/www.gps-infostars.com\/es\/producto\/libro-de-registro-estandar-de-la-agencia-tributaria\/","title":{"rendered":"Libro de registro est\u00e1ndar de la Agencia Tributaria"},"content":{"rendered":"<h4><strong>Infostars Registro de Viajes Est\u00e1ndar del Departamento de Impuestos<\/strong><\/h4>\n<p>Nuestro Registro de Viajes Est\u00e1ndar del Departamento de Impuestos recopila autom\u00e1ticamente todos los datos necesarios e incluye todas las funciones necesarias para mantener un registro electr\u00f3nico de viajes. Si es necesario, ingrese el prop\u00f3sito. Puede especificar si un viaje es personal o de negocios antes de comenzar el viaje o cambiarlo f\u00e1cilmente m\u00e1s tarde en el software, cuando lo desee. Solo aseg\u00farese de hacerlo pronto. Cambie los viajes sin perder los kil\u00f3metros de negocios incluso despu\u00e9s de 8 d\u00edas: con nosotros, tiene la libertad. Sus viajes personales se muestran de manera especial protegidos y con una reducci\u00f3n significativa de datos para cumplir con la privacidad de datos. El est\u00e1ndar incluye soporte telef\u00f3nico.<\/p>\n<ul style=\"list-style-type: square;\">\n<li><strong>Ubicaci\u00f3n de inicio y fin <\/strong><strong>\u00a0<\/strong><span id=\"su_tooltip_69f2f37c5ebef_button\" class=\"su-tooltip-button su-tooltip-button-outline-yes\" aria-describedby=\"su_tooltip_69f2f37c5ebef\" data-settings='{\"position\":\"top\",\"behavior\":\"hover\",\"hideDelay\":0}' tabindex=\"0\">[icon name=\u00bbcircle-info\u00bb] <\/span><span style=\"display:none;z-index:100\" id=\"su_tooltip_69f2f37c5ebef\" class=\"su-tooltip\" role=\"tooltip\"><span class=\"su-tooltip-inner su-tooltip-shadow-no\" style=\"z-index:100;background:#222222;color:#FFFFFF;font-size:16px;border-radius:5px;text-align:left;max-width:300px;line-height:1.25\"><span class=\"su-tooltip-title\"><\/span><span class=\"su-tooltip-content su-u-trim\">El lugar se determina a trav\u00e9s de una consulta automatizada de las coordenadas GPS. Esta indicaci\u00f3n de ubicaci\u00f3n puede ser parcialmente incorrecta o incluso estar completamente ausente. Por esta raz\u00f3n, en el informe siempre se pueden imprimir las coordenadas adjuntas, ya que solo estas proporcionan la ubicaci\u00f3n exacta..<\/span><\/span><span id=\"su_tooltip_69f2f37c5ebef_arrow\" class=\"su-tooltip-arrow\" style=\"z-index:100;background:#222222\" data-popper-arrow><\/span><\/span><\/li>\n<li><strong>Hora de inicio y fin del viaje<\/strong><\/li>\n<li>Posibilidad de ingresar el prop\u00f3sito del viaje<\/li>\n<li>Cambios masivos en varios viajes<\/li>\n<li>Captura autom\u00e1tica o manual de un <strong>conductor<\/strong><\/li>\n<li>Diferenciaci\u00f3n entre viaje <strong>personal<\/strong> y de<strong> negocios<\/strong>.<\/li>\n<li>Los detalles de los viajes personales no se imprimen. Solo se muestran los valores de kil\u00f3metros resumidos.<\/li>\n<li>Vistas diferentes y optimizadas seg\u00fan el dispositivo (tel\u00e9fono inteligente, computadora port\u00e1til o PC)<\/li>\n<li>Funci\u00f3n de aplicaci\u00f3n para tel\u00e9fonos inteligentes (icono de inicio, accesos directos)<\/li>\n<li>La distinci\u00f3n entre viajes personales y de negocios puede realizarse autom\u00e1ticamente mediante un interruptor en el veh\u00edculo, una aplicaci\u00f3n en el tel\u00e9fono m\u00f3vil o con l\u00f3gica de ventana de tiempo o posteriormente en el software.<\/li>\n<li>\u00a0Asignaci\u00f3n de conductores administrable a trav\u00e9s de la l\u00f3gica de conductores est\u00e1ndar<\/li>\n<li>Los valores de kil\u00f3metros determinados por GPS se pueden ajustar en el software.<\/li>\n<li>Los viajes completos se pueden agregar o eliminar manualmente.<\/li>\n<li>Los datos se pueden imprimir mediante un informe en PDF.<\/li>\n<li>El informe puede ser para todo un a\u00f1o. Hay un resumen mensual y un resumen de per\u00edodo (anual) de los kil\u00f3metros personales y comerciales.<\/li>\n<li>Se muestran inconsistencias con respecto a los conductores y los viajes en los mismos tiempos<\/li>\n<li>Funci\u00f3n de filtro por fecha\/hora, conductor, grupos de veh\u00edculos y veh\u00edculos<\/li>\n<li>Costos de almacenamiento de datos durante 14 meses<\/li>\n<li>La eliminaci\u00f3n de datos est\u00e1 predeterminada en 2555 d\u00edas. El cliente puede solicitar un per\u00edodo m\u00e1s corto en cualquier momento.<\/li>\n<li>Transferencia autom\u00e1tica de datos GPS en la red m\u00f3vil en la UE <span id=\"su_tooltip_69f2f37c5ece5_button\" class=\"su-tooltip-button su-tooltip-button-outline-yes\" aria-describedby=\"su_tooltip_69f2f37c5ece5\" data-settings='{\"position\":\"top\",\"behavior\":\"hover\",\"hideDelay\":0}' tabindex=\"0\">[icon name=\u00bbcircle-info\u00bb] <\/span><span style=\"display:none;z-index:100\" id=\"su_tooltip_69f2f37c5ece5\" class=\"su-tooltip\" role=\"tooltip\"><span class=\"su-tooltip-inner su-tooltip-shadow-no\" style=\"z-index:100;background:#222222;color:#FFFFFF;font-size:16px;border-radius:5px;text-align:left;max-width:300px;line-height:1.25\"><span class=\"su-tooltip-title\"><\/span><span class=\"su-tooltip-content su-u-trim\">Se transfieren autom\u00e1ticamente al servidor la informaci\u00f3n relevante para la creaci\u00f3n de un registro de viajes desde el dispositivo GPS.<\/span><\/span><span id=\"su_tooltip_69f2f37c5ece5_arrow\" class=\"su-tooltip-arrow\" style=\"z-index:100;background:#222222\" data-popper-arrow><\/span><\/span><\/li>\n<li>Cualquier cambio posterior en los datos se documenta<\/li>\n<li>Servicio de asistencia telef\u00f3nica y por correo electr\u00f3nico de lunes a viernes de 9:00 a 16:00 <span id=\"su_tooltip_69f2f37c5edb9_button\" class=\"su-tooltip-button su-tooltip-button-outline-yes\" aria-describedby=\"su_tooltip_69f2f37c5edb9\" data-settings='{\"position\":\"top\",\"behavior\":\"hover\",\"hideDelay\":0}' tabindex=\"0\">[icon name=\u00bbcircle-info\u00bb] <\/span><span style=\"display:none;z-index:100\" id=\"su_tooltip_69f2f37c5edb9\" class=\"su-tooltip\" role=\"tooltip\"><span class=\"su-tooltip-inner su-tooltip-shadow-no\" style=\"z-index:100;background:#222222;color:#FFFFFF;font-size:16px;border-radius:5px;text-align:left;max-width:300px;line-height:1.25\"><span class=\"su-tooltip-title\"><\/span><span class=\"su-tooltip-content su-u-trim\">Excepto en d\u00edas festivos bancarios.<\/span><\/span><span id=\"su_tooltip_69f2f37c5edb9_arrow\" class=\"su-tooltip-arrow\" style=\"z-index:100;background:#222222\" data-popper-arrow><\/span><\/span><\/li>\n<\/ul>\n","protected":false},"excerpt":{"rendered":"<p>Nuestro paquete compacto para llevar el registro de viajes del departamento de impuestos, con la opci\u00f3n de ampliaci\u00f3n en cualquier momento con autorizaci\u00f3n de grupos de veh\u00edculos y configurable seg\u00fan sus requisitos individuales, incluye tarjeta SIM y costos de transferencia de datos en la Zona 1.<\/p>\n<ul style=\"list-style-type: square;\">\n<li>Todas las funciones del Registro de Viajes del Departamento de Impuestos B\u00e1sico.<\/li>\n<li>Funci\u00f3n de filtro, grupo de veh\u00edculos, veh\u00edculo y conductor.<\/li>\n<li>Los prop\u00f3sitos se sugieren autom\u00e1ticamente (funci\u00f3n de registro de viajes autoaprendizaje utilizable).<\/li>\n<li>Asignaci\u00f3n de conductores a veh\u00edculos administrable.<\/li>\n<li>Usuarios administradores y usuarios conductores disponibles..<\/li>\n<li>Tarjeta SIM incluida con transferencia de datos.<\/li>\n<li>Exportaci\u00f3n en PDF y CSV.<\/li>\n<li>Soporte por correo electr\u00f3nico y tel\u00e9fono.<\/li>\n<\/ul>\n<p>&nbsp;<\/p>\n<p><strong>Precios seg\u00fan la duraci\u00f3n del contrato:<\/strong><\/p>\n<table style=\"border-collapse: collapse; width: 85.1581%; height: 52px;\">\n<tbody>\n<tr>\n<td style=\"width: 16.6667%;\"><strong><span style=\"font-size: 10pt;\">1 Mes<\/span><\/strong><\/td>\n<td style=\"width: 16.6667%;\"><strong><span style=\"font-size: 10pt;\">12 Meses<\/span><\/strong><\/td>\n<td style=\"width: 16.6667%;\"><strong><span style=\"font-size: 10pt;\">24 Meses<\/span><\/strong><\/td>\n<\/tr>\n<tr>\n<td style=\"width: 16.6667%;\"><span class=\"woocommerce-Price-currencySymbol\">\u20ac13,80<\/span>\u00a0\/ <span class=\"woocommerce-Price-currencySymbol\">\u20ac13,80<\/span> por mes<\/td>\n<td style=\"width: 16.6667%;\"><span class=\"woocommerce-Price-currencySymbol\">\u20ac86,40<\/span>\u00a0\/ <span class=\"woocommerce-Price-currencySymbol\">\u20ac7,20<\/span> por mes<\/td>\n<td style=\"width: 16.6667%;\"><span class=\"woocommerce-Price-currencySymbol\">\u20ac158,40 <\/span>\/ <span class=\"woocommerce-Price-currencySymbol\">\u20ac6,60<\/span> por mes<\/td>\n<\/tr>\n<\/tbody>\n<\/table>\n<p>&nbsp;<\/p>\n<p><strong>Descuento por cantidad en el paquete de software:<\/strong><\/p>\n<table style=\"border-collapse: collapse; width: 85.1581%; height: 46px;\">\n<tbody>\n<tr>\n<td style=\"width: 16.6667%;\"><strong><span style=\"font-size: 10pt;\">1<\/span><\/strong><\/td>\n<td style=\"width: 16.6667%;\"><strong><span style=\"font-size: 10pt;\">2<\/span><\/strong><\/td>\n<td style=\"width: 16.6667%;\"><strong><span style=\"font-size: 10pt;\">3-4<\/span><\/strong><\/td>\n<td style=\"width: 16.6667%;\"><strong><span style=\"font-size: 10pt;\">5-9<\/span><\/strong><\/td>\n<td style=\"width: 16.6667%;\"><strong><span style=\"font-size: 10pt;\">10-19<\/span><\/strong><\/td>\n<td style=\"width: 33.7754%;\"><strong><span style=\"font-size: 10pt;\">20+<\/span><\/strong><\/td>\n<\/tr>\n<tr>\n<td style=\"width: 16.6667%;\">-0%<\/td>\n<td style=\"width: 16.6667%;\">-2%<\/td>\n<td style=\"width: 16.6667%;\">-5%<\/td>\n<td style=\"width: 16.6667%;\">-10%<\/td>\n<td style=\"width: 16.6667%;\">-15%<\/td>\n<td style=\"width: 33.7754%;\">-19%<\/td>\n<\/tr>\n<\/tbody>\n<\/table>\n<p>&nbsp;<\/p>\n<p>&nbsp;<\/p>\n","protected":false},"featured_media":36197,"template":"","meta":{"inline_featured_image":false},"product_brand":[],"product_cat":[1107,895,963],"product_tag":[1108,1109,994,902,1110],"class_list":{"0":"post-51510","1":"product","2":"type-product","3":"status-publish","4":"has-post-thumbnail","6":"product_cat-finanzamt-fahrtenbuch-standard-es","7":"product_cat-software-es","8":"product_cat-standard-es","9":"product_tag-automatisches-erfassen-der-daten-es","10":"product_tag-fahrzeuggruppen-es","11":"product_tag-gps-tracker-plug-play-es","12":"product_tag-sim-karte-inkl-datenuebertragung-es","13":"product_tag-umschalten-zwischen-privat-und-dienstlich-es","14":"description-off","16":"first","17":"instock","18":"taxable","19":"shipping-taxable","20":"purchasable","21":"product-type-variable-subscription"},"bundled_by":["51594"],"bundle_stock_status":"instock","bundle_stock_quantity":null,"bundle_virtual":false,"bundle_layout":"","bundle_add_to_cart_form_location":"","bundle_editable_in_cart":false,"bundle_sold_individually_context":"","bundle_item_grouping":"","bundle_min_size":"","bundle_max_size":"","bundle_price":[],"bundled_items":[],"bundle_sell_ids":[],"yoast_head":"<!-- This site is optimized with the Yoast SEO plugin v27.4 - https:\/\/yoast.com\/product\/yoast-seo-wordpress\/ -->\n<title>Libro de registro est\u00e1ndar de la Agencia Tributaria - INFOSTARS SOLUCIONES, S.L.<\/title>\n<meta name=\"robots\" content=\"index, follow, max-snippet:-1, max-image-preview:large, max-video-preview:-1\" \/>\n<link rel=\"canonical\" href=\"https:\/\/www.gps-infostars.com\/es\/producto\/libro-de-registro-estandar-de-la-agencia-tributaria\/\" \/>\n<meta property=\"og:locale\" content=\"es_ES\" \/>\n<meta property=\"og:type\" content=\"article\" \/>\n<meta property=\"og:title\" content=\"Libro de registro est\u00e1ndar de la Agencia Tributaria - INFOSTARS SOLUCIONES, S.L.\" \/>\n<meta property=\"og:description\" content=\"Nuestro paquete compacto para llevar el registro de viajes del departamento de impuestos, con la opci\u00f3n de ampliaci\u00f3n en cualquier momento con autorizaci\u00f3n de grupos de veh\u00edculos y configurable seg\u00fan sus requisitos individuales, incluye tarjeta SIM y costos de transferencia de datos en la Zona 1.   Todas las funciones del Registro de Viajes del Departamento de Impuestos B\u00e1sico.  Funci\u00f3n de filtro, grupo de veh\u00edculos, veh\u00edculo y conductor.  Los prop\u00f3sitos se sugieren autom\u00e1ticamente (funci\u00f3n de registro de viajes autoaprendizaje utilizable).  Asignaci\u00f3n de conductores a veh\u00edculos administrable.  Usuarios administradores y usuarios conductores disponibles..  Tarjeta SIM incluida con transferencia de datos.  Exportaci\u00f3n en PDF y CSV.  Soporte por correo electr\u00f3nico y tel\u00e9fono.  &nbsp;  Precios seg\u00fan la duraci\u00f3n del contrato:    1 Mes 12 Meses 24 Meses   \u20ac13,80\u00a0\/ \u20ac13,80 por mes \u20ac86,40\u00a0\/ \u20ac7,20 por mes \u20ac158,40 \/ \u20ac6,60 por mes    &nbsp;  Descuento por cantidad en el paquete de software:    1 2 3-4 5-9 10-19 20+   -0% -2% -5% -10% -15% -19%    &nbsp;  &nbsp;\" \/>\n<meta property=\"og:url\" content=\"https:\/\/www.gps-infostars.com\/es\/producto\/libro-de-registro-estandar-de-la-agencia-tributaria\/\" \/>\n<meta property=\"og:site_name\" content=\"INFOSTARS SOLUCIONES, S.L.\" \/>\n<meta property=\"article:modified_time\" content=\"2024-03-07T09:37:11+00:00\" \/>\n<meta property=\"og:image\" content=\"https:\/\/www.gps-infostars.com\/es\/wp-content\/uploads\/sites\/9\/gps_fahrtenbuch_standard-scaled.jpg\" \/>\n\t<meta property=\"og:image:width\" content=\"2560\" \/>\n\t<meta property=\"og:image:height\" content=\"1969\" \/>\n\t<meta property=\"og:image:type\" content=\"image\/jpeg\" \/>\n<meta name=\"twitter:card\" content=\"summary_large_image\" \/>\n<meta name=\"twitter:label1\" content=\"Precio\" \/>\n\t<meta name=\"twitter:data1\" content=\"&euro;13,80\" \/>\n\t<meta name=\"twitter:label2\" content=\"Disponibilidad\" \/>\n\t<meta name=\"twitter:data2\" content=\"Disponible\" \/>\n<script type=\"application\/ld+json\" class=\"yoast-schema-graph\">{\"@context\":\"https:\\\/\\\/schema.org\",\"@graph\":[{\"@type\":\"WebPage\",\"@id\":\"https:\\\/\\\/www.gps-infostars.com\\\/es\\\/producto\\\/libro-de-registro-estandar-de-la-agencia-tributaria\\\/\",\"url\":\"https:\\\/\\\/www.gps-infostars.com\\\/es\\\/producto\\\/libro-de-registro-estandar-de-la-agencia-tributaria\\\/\",\"name\":\"Libro de registro est\u00e1ndar de la Agencia Tributaria - INFOSTARS SOLUCIONES, S.L.\",\"isPartOf\":{\"@id\":\"https:\\\/\\\/www.gps-infostars.com\\\/es\\\/#website\"},\"primaryImageOfPage\":{\"@id\":\"https:\\\/\\\/www.gps-infostars.com\\\/es\\\/producto\\\/libro-de-registro-estandar-de-la-agencia-tributaria\\\/#primaryimage\"},\"image\":{\"@id\":\"https:\\\/\\\/www.gps-infostars.com\\\/es\\\/producto\\\/libro-de-registro-estandar-de-la-agencia-tributaria\\\/#primaryimage\"},\"thumbnailUrl\":\"https:\\\/\\\/www.gps-infostars.com\\\/es\\\/wp-content\\\/uploads\\\/sites\\\/3\\\/gps_fahrtenbuch_standard-scaled.jpg\",\"datePublished\":\"2023-02-27T15:20:29+00:00\",\"dateModified\":\"2024-03-07T09:37:11+00:00\",\"breadcrumb\":{\"@id\":\"https:\\\/\\\/www.gps-infostars.com\\\/es\\\/producto\\\/libro-de-registro-estandar-de-la-agencia-tributaria\\\/#breadcrumb\"},\"inLanguage\":\"es\",\"potentialAction\":[{\"@type\":\"ReadAction\",\"target\":[\"https:\\\/\\\/www.gps-infostars.com\\\/es\\\/producto\\\/libro-de-registro-estandar-de-la-agencia-tributaria\\\/\"]}]},{\"@type\":\"ImageObject\",\"inLanguage\":\"es\",\"@id\":\"https:\\\/\\\/www.gps-infostars.com\\\/es\\\/producto\\\/libro-de-registro-estandar-de-la-agencia-tributaria\\\/#primaryimage\",\"url\":\"https:\\\/\\\/www.gps-infostars.com\\\/es\\\/wp-content\\\/uploads\\\/sites\\\/3\\\/gps_fahrtenbuch_standard-scaled.jpg\",\"contentUrl\":\"https:\\\/\\\/www.gps-infostars.com\\\/es\\\/wp-content\\\/uploads\\\/sites\\\/3\\\/gps_fahrtenbuch_standard-scaled.jpg\",\"width\":2560,\"height\":1969},{\"@type\":\"BreadcrumbList\",\"@id\":\"https:\\\/\\\/www.gps-infostars.com\\\/es\\\/producto\\\/libro-de-registro-estandar-de-la-agencia-tributaria\\\/#breadcrumb\",\"itemListElement\":[{\"@type\":\"ListItem\",\"position\":1,\"name\":\"Startseite\",\"item\":\"https:\\\/\\\/www.gps-infostars.com\\\/es\\\/\"},{\"@type\":\"ListItem\",\"position\":2,\"name\":\"Productos\"},{\"@type\":\"ListItem\",\"position\":3,\"name\":\"Libro de registro est\u00e1ndar de la Agencia Tributaria\"}]},{\"@type\":\"WebSite\",\"@id\":\"https:\\\/\\\/www.gps-infostars.com\\\/es\\\/#website\",\"url\":\"https:\\\/\\\/www.gps-infostars.com\\\/es\\\/\",\"name\":\"INFOSTARS SOLUCIONES, S.L.\",\"description\":\"Einfach, pr\u00e4zise &amp; zuverl\u00e4ssig.\",\"publisher\":{\"@id\":\"https:\\\/\\\/www.gps-infostars.com\\\/es\\\/#organization\"},\"potentialAction\":[{\"@type\":\"SearchAction\",\"target\":{\"@type\":\"EntryPoint\",\"urlTemplate\":\"https:\\\/\\\/www.gps-infostars.com\\\/es\\\/?s={search_term_string}\"},\"query-input\":{\"@type\":\"PropertyValueSpecification\",\"valueRequired\":true,\"valueName\":\"search_term_string\"}}],\"inLanguage\":\"es\"},{\"@type\":\"Organization\",\"@id\":\"https:\\\/\\\/www.gps-infostars.com\\\/es\\\/#organization\",\"name\":\"INFOSTARS SOLUCIONES, S.L.\",\"url\":\"https:\\\/\\\/www.gps-infostars.com\\\/es\\\/\",\"logo\":{\"@type\":\"ImageObject\",\"inLanguage\":\"es\",\"@id\":\"https:\\\/\\\/www.gps-infostars.com\\\/es\\\/#\\\/schema\\\/logo\\\/image\\\/\",\"url\":\"https:\\\/\\\/www.gps-infostars.com\\\/es\\\/wp-content\\\/uploads\\\/sites\\\/3\\\/logo_infostars.png\",\"contentUrl\":\"https:\\\/\\\/www.gps-infostars.com\\\/es\\\/wp-content\\\/uploads\\\/sites\\\/3\\\/logo_infostars.png\",\"width\":1125,\"height\":360,\"caption\":\"INFOSTARS SOLUCIONES, S.L.\"},\"image\":{\"@id\":\"https:\\\/\\\/www.gps-infostars.com\\\/es\\\/#\\\/schema\\\/logo\\\/image\\\/\"}}]}<\/script>\n<meta property=\"product:price:amount\" content=\"13.80\" \/>\n<meta property=\"product:price:currency\" content=\"EUR\" \/>\n<meta property=\"og:availability\" content=\"instock\" \/>\n<meta property=\"product:availability\" content=\"instock\" \/>\n<meta property=\"product:condition\" content=\"new\" \/>\n<!-- \/ Yoast SEO plugin. -->","yoast_head_json":{"title":"Libro de registro est\u00e1ndar de la Agencia Tributaria - INFOSTARS SOLUCIONES, S.L.","robots":{"index":"index","follow":"follow","max-snippet":"max-snippet:-1","max-image-preview":"max-image-preview:large","max-video-preview":"max-video-preview:-1"},"canonical":"https:\/\/www.gps-infostars.com\/es\/producto\/libro-de-registro-estandar-de-la-agencia-tributaria\/","og_locale":"es_ES","og_type":"article","og_title":"Libro de registro est\u00e1ndar de la Agencia Tributaria - INFOSTARS SOLUCIONES, S.L.","og_description":"Nuestro paquete compacto para llevar el registro de viajes del departamento de impuestos, con la opci\u00f3n de ampliaci\u00f3n en cualquier momento con autorizaci\u00f3n de grupos de veh\u00edculos y configurable seg\u00fan sus requisitos individuales, incluye tarjeta SIM y costos de transferencia de datos en la Zona 1.   Todas las funciones del Registro de Viajes del Departamento de Impuestos B\u00e1sico.  Funci\u00f3n de filtro, grupo de veh\u00edculos, veh\u00edculo y conductor.  Los prop\u00f3sitos se sugieren autom\u00e1ticamente (funci\u00f3n de registro de viajes autoaprendizaje utilizable).  Asignaci\u00f3n de conductores a veh\u00edculos administrable.  Usuarios administradores y usuarios conductores disponibles..  Tarjeta SIM incluida con transferencia de datos.  Exportaci\u00f3n en PDF y CSV.  Soporte por correo electr\u00f3nico y tel\u00e9fono.  &nbsp;  Precios seg\u00fan la duraci\u00f3n del contrato:    1 Mes 12 Meses 24 Meses   \u20ac13,80\u00a0\/ \u20ac13,80 por mes \u20ac86,40\u00a0\/ \u20ac7,20 por mes \u20ac158,40 \/ \u20ac6,60 por mes    &nbsp;  Descuento por cantidad en el paquete de software:    1 2 3-4 5-9 10-19 20+   -0% -2% -5% -10% -15% -19%    &nbsp;  &nbsp;","og_url":"https:\/\/www.gps-infostars.com\/es\/producto\/libro-de-registro-estandar-de-la-agencia-tributaria\/","og_site_name":"INFOSTARS SOLUCIONES, S.L.","article_modified_time":"2024-03-07T09:37:11+00:00","og_image":[{"width":2560,"height":1969,"url":"https:\/\/www.gps-infostars.com\/es\/wp-content\/uploads\/sites\/9\/gps_fahrtenbuch_standard-scaled.jpg","type":"image\/jpeg"}],"twitter_card":"summary_large_image","twitter_misc":{"Precio":"&euro;13,80","Disponibilidad":"Disponible"},"schema":{"@context":"https:\/\/schema.org","@graph":[{"@type":"WebPage","@id":"https:\/\/www.gps-infostars.com\/es\/producto\/libro-de-registro-estandar-de-la-agencia-tributaria\/","url":"https:\/\/www.gps-infostars.com\/es\/producto\/libro-de-registro-estandar-de-la-agencia-tributaria\/","name":"Libro de registro est\u00e1ndar de la Agencia Tributaria - INFOSTARS SOLUCIONES, S.L.","isPartOf":{"@id":"https:\/\/www.gps-infostars.com\/es\/#website"},"primaryImageOfPage":{"@id":"https:\/\/www.gps-infostars.com\/es\/producto\/libro-de-registro-estandar-de-la-agencia-tributaria\/#primaryimage"},"image":{"@id":"https:\/\/www.gps-infostars.com\/es\/producto\/libro-de-registro-estandar-de-la-agencia-tributaria\/#primaryimage"},"thumbnailUrl":"https:\/\/www.gps-infostars.com\/es\/wp-content\/uploads\/sites\/3\/gps_fahrtenbuch_standard-scaled.jpg","datePublished":"2023-02-27T15:20:29+00:00","dateModified":"2024-03-07T09:37:11+00:00","breadcrumb":{"@id":"https:\/\/www.gps-infostars.com\/es\/producto\/libro-de-registro-estandar-de-la-agencia-tributaria\/#breadcrumb"},"inLanguage":"es","potentialAction":[{"@type":"ReadAction","target":["https:\/\/www.gps-infostars.com\/es\/producto\/libro-de-registro-estandar-de-la-agencia-tributaria\/"]}]},{"@type":"ImageObject","inLanguage":"es","@id":"https:\/\/www.gps-infostars.com\/es\/producto\/libro-de-registro-estandar-de-la-agencia-tributaria\/#primaryimage","url":"https:\/\/www.gps-infostars.com\/es\/wp-content\/uploads\/sites\/3\/gps_fahrtenbuch_standard-scaled.jpg","contentUrl":"https:\/\/www.gps-infostars.com\/es\/wp-content\/uploads\/sites\/3\/gps_fahrtenbuch_standard-scaled.jpg","width":2560,"height":1969},{"@type":"BreadcrumbList","@id":"https:\/\/www.gps-infostars.com\/es\/producto\/libro-de-registro-estandar-de-la-agencia-tributaria\/#breadcrumb","itemListElement":[{"@type":"ListItem","position":1,"name":"Startseite","item":"https:\/\/www.gps-infostars.com\/es\/"},{"@type":"ListItem","position":2,"name":"Productos"},{"@type":"ListItem","position":3,"name":"Libro de registro est\u00e1ndar de la Agencia Tributaria"}]},{"@type":"WebSite","@id":"https:\/\/www.gps-infostars.com\/es\/#website","url":"https:\/\/www.gps-infostars.com\/es\/","name":"INFOSTARS SOLUCIONES, S.L.","description":"Einfach, pr\u00e4zise &amp; zuverl\u00e4ssig.","publisher":{"@id":"https:\/\/www.gps-infostars.com\/es\/#organization"},"potentialAction":[{"@type":"SearchAction","target":{"@type":"EntryPoint","urlTemplate":"https:\/\/www.gps-infostars.com\/es\/?s={search_term_string}"},"query-input":{"@type":"PropertyValueSpecification","valueRequired":true,"valueName":"search_term_string"}}],"inLanguage":"es"},{"@type":"Organization","@id":"https:\/\/www.gps-infostars.com\/es\/#organization","name":"INFOSTARS SOLUCIONES, S.L.","url":"https:\/\/www.gps-infostars.com\/es\/","logo":{"@type":"ImageObject","inLanguage":"es","@id":"https:\/\/www.gps-infostars.com\/es\/#\/schema\/logo\/image\/","url":"https:\/\/www.gps-infostars.com\/es\/wp-content\/uploads\/sites\/3\/logo_infostars.png","contentUrl":"https:\/\/www.gps-infostars.com\/es\/wp-content\/uploads\/sites\/3\/logo_infostars.png","width":1125,"height":360,"caption":"INFOSTARS SOLUCIONES, S.L."},"image":{"@id":"https:\/\/www.gps-infostars.com\/es\/#\/schema\/logo\/image\/"}}]},"product_price_amount":"13.80","product_price_currency":"EUR","og_availability":"instock","product_availability":"instock","product_condition":"new"},"_links":{"self":[{"href":"https:\/\/www.gps-infostars.com\/es\/wp-json\/wp\/v2\/product\/51510","targetHints":{"allow":["GET"]}}],"collection":[{"href":"https:\/\/www.gps-infostars.com\/es\/wp-json\/wp\/v2\/product"}],"about":[{"href":"https:\/\/www.gps-infostars.com\/es\/wp-json\/wp\/v2\/types\/product"}],"version-history":[{"count":10,"href":"https:\/\/www.gps-infostars.com\/es\/wp-json\/wp\/v2\/product\/51510\/revisions"}],"predecessor-version":[{"id":51619,"href":"https:\/\/www.gps-infostars.com\/es\/wp-json\/wp\/v2\/product\/51510\/revisions\/51619"}],"wp:featuredmedia":[{"embeddable":true,"href":"https:\/\/www.gps-infostars.com\/es\/wp-json\/wp\/v2\/media\/36197"}],"wp:attachment":[{"href":"https:\/\/www.gps-infostars.com\/es\/wp-json\/wp\/v2\/media?parent=51510"}],"wp:term":[{"taxonomy":"product_brand","embeddable":true,"href":"https:\/\/www.gps-infostars.com\/es\/wp-json\/wp\/v2\/product_brand?post=51510"},{"taxonomy":"product_cat","embeddable":true,"href":"https:\/\/www.gps-infostars.com\/es\/wp-json\/wp\/v2\/product_cat?post=51510"},{"taxonomy":"product_tag","embeddable":true,"href":"https:\/\/www.gps-infostars.com\/es\/wp-json\/wp\/v2\/product_tag?post=51510"}],"curies":[{"name":"wp","href":"https:\/\/api.w.org\/{rel}","templated":true}]}}