{"id":54000,"date":"2024-12-17T11:16:29","date_gmt":"2024-12-17T10:16:29","guid":{"rendered":"https:\/\/www.gps-infostars.com\/es\/?post_type=product&#038;p=54000"},"modified":"2025-01-04T23:53:15","modified_gmt":"2025-01-04T22:53:15","slug":"rastreador-gps-plug-play-fmb020-con-paquete-de-seguimiento-gps-simple","status":"publish","type":"product","link":"https:\/\/www.gps-infostars.com\/es\/producto\/rastreador-gps-plug-play-fmb020-con-paquete-de-seguimiento-gps-simple\/","title":{"rendered":"Rastreador GPS Plug &#038; Play (FMB020) con paquete de seguimiento GPS Simple"},"content":{"rendered":"<p><strong>Este paquete de producto consta de un paquete de software y servicios (Infostars GPS-Tracking Simple) y un dispositivo GPS (dongle OBD GPS Tracker ISTL_FMB020).<\/strong><\/p>\n","protected":false},"excerpt":{"rendered":"<p><strong>Este paquete de producto consta de un paquete de software y servicios (Infostars GPS-Tracking Simple) y un dispositivo GPS (dongle OBD GPS Tracker ISTL_FMB020).<\/strong><\/p>\n","protected":false},"featured_media":54010,"template":"","meta":{"inline_featured_image":false},"product_brand":[],"product_cat":[722,1147],"product_tag":[],"class_list":{"0":"post-54000","1":"product","2":"type-product","3":"status-publish","4":"has-post-thumbnail","6":"product_cat-gps-bundle-tracking-es","7":"product_cat-gps-tracker-plug-play-fmb020-mit-gps-tracking-simple-bundle-2","8":"description-off","10":"first","11":"instock","12":"taxable","13":"shipping-taxable","14":"purchasable","15":"product-type-bundle"},"bundled_by":[],"bundle_stock_status":"instock","bundle_stock_quantity":"","bundle_virtual":false,"bundle_layout":"default","bundle_add_to_cart_form_location":"default","bundle_editable_in_cart":false,"bundle_sold_individually_context":"product","bundle_item_grouping":"parent","bundle_min_size":"","bundle_max_size":"","bundle_price":{"price":{"min":{"incl_tax":"78","excl_tax":"64.46"},"max":{"incl_tax":"95.11","excl_tax":"78.6"}},"regular_price":{"min":{"incl_tax":"78","excl_tax":"64.46"},"max":{"incl_tax":"100.8","excl_tax":"83.3"}}},"bundled_items":[{"bundled_item_id":751,"product_id":48639,"menu_order":0,"quantity_min":1,"quantity_max":1,"quantity_default":1,"priced_individually":true,"shipped_individually":false,"override_title":false,"title":"Localizador GPS Plug & Play (FMB020)","override_description":false,"description":"","optional":false,"hide_thumbnail":false,"discount":"","override_variations":false,"allowed_variations":[],"override_default_variation_attributes":false,"default_variation_attributes":[],"single_product_visibility":"visible","cart_visibility":"visible","order_visibility":"visible","single_product_price_visibility":"visible","cart_price_visibility":"visible","order_price_visibility":"visible","stock_status":"in_stock"},{"bundled_item_id":752,"product_id":54006,"menu_order":1,"quantity_min":1,"quantity_max":1,"quantity_default":1,"priced_individually":true,"shipped_individually":true,"override_title":false,"title":"Seguimiento GPS Simple","override_description":false,"description":"","optional":false,"hide_thumbnail":false,"discount":"","override_variations":false,"allowed_variations":[],"override_default_variation_attributes":false,"default_variation_attributes":[],"single_product_visibility":"visible","cart_visibility":"visible","order_visibility":"visible","single_product_price_visibility":"visible","cart_price_visibility":"visible","order_price_visibility":"visible","stock_status":"in_stock"},{"bundled_item_id":753,"product_id":48627,"menu_order":2,"quantity_min":1,"quantity_max":1,"quantity_default":1,"priced_individually":true,"shipped_individually":true,"override_title":false,"title":"Tarifa de configuraci\u00f3n para seguimiento GPS","override_description":false,"description":"","optional":false,"hide_thumbnail":false,"discount":"","override_variations":false,"allowed_variations":[],"override_default_variation_attributes":false,"default_variation_attributes":[],"single_product_visibility":"visible","cart_visibility":"visible","order_visibility":"visible","single_product_price_visibility":"visible","cart_price_visibility":"visible","order_price_visibility":"visible","stock_status":"in_stock"},{"bundled_item_id":754,"product_id":48633,"menu_order":3,"quantity_min":1,"quantity_max":1,"quantity_default":1,"priced_individually":true,"shipped_individually":false,"override_title":false,"title":"Cable de extensi\u00f3n OBD2 para compartir con 2 conexiones de 30 cm, 16 pin","override_description":false,"description":"","optional":true,"hide_thumbnail":false,"discount":"25","override_variations":false,"allowed_variations":[],"override_default_variation_attributes":false,"default_variation_attributes":[],"single_product_visibility":"visible","cart_visibility":"visible","order_visibility":"visible","single_product_price_visibility":"visible","cart_price_visibility":"visible","order_price_visibility":"visible","stock_status":"in_stock"},{"bundled_item_id":755,"product_id":48636,"menu_order":4,"quantity_min":1,"quantity_max":1,"quantity_default":1,"priced_individually":true,"shipped_individually":false,"override_title":false,"title":"Cable de extensi\u00f3n OBD2 de 9 pin con conector plano de 1 metro","override_description":false,"description":"","optional":true,"hide_thumbnail":false,"discount":"25","override_variations":false,"allowed_variations":[],"override_default_variation_attributes":false,"default_variation_attributes":[],"single_product_visibility":"visible","cart_visibility":"visible","order_visibility":"visible","single_product_price_visibility":"visible","cart_price_visibility":"visible","order_price_visibility":"visible","stock_status":"in_stock"}],"bundle_sell_ids":[],"yoast_head":"<!-- This site is optimized with the Yoast SEO plugin v27.2 - https:\/\/yoast.com\/product\/yoast-seo-wordpress\/ -->\n<title>Rastreador GPS Plug &amp; Play (FMB020) con paquete de seguimiento GPS Simple - INFOSTARS SOLUCIONES, S.L.<\/title>\n<meta name=\"description\" content=\"Dispositivo GPS que incluye tarjeta SIM, as\u00ed como localizaci\u00f3n en directo en una lista y visualizaci\u00f3n en el callejero abierto a partir de 1,99\u20ac al mes.\" \/>\n<meta name=\"robots\" content=\"index, follow, max-snippet:-1, max-image-preview:large, max-video-preview:-1\" \/>\n<link rel=\"canonical\" href=\"https:\/\/www.gps-infostars.com\/es\/producto\/rastreador-gps-plug-play-fmb020-con-paquete-de-seguimiento-gps-simple\/\" \/>\n<meta property=\"og:locale\" content=\"es_ES\" \/>\n<meta property=\"og:type\" content=\"article\" \/>\n<meta property=\"og:title\" content=\"Rastreador GPS Plug &amp; Play (FMB020) con paquete de seguimiento GPS Simple - INFOSTARS SOLUCIONES, S.L.\" \/>\n<meta property=\"og:description\" content=\"Dispositivo GPS que incluye tarjeta SIM, as\u00ed como localizaci\u00f3n en directo en una lista y visualizaci\u00f3n en el callejero abierto a partir de 1,99\u20ac al mes.\" \/>\n<meta property=\"og:url\" content=\"https:\/\/www.gps-infostars.com\/es\/producto\/rastreador-gps-plug-play-fmb020-con-paquete-de-seguimiento-gps-simple\/\" \/>\n<meta property=\"og:site_name\" content=\"INFOSTARS SOLUCIONES, S.L.\" \/>\n<meta property=\"article:modified_time\" content=\"2025-01-04T22:53:15+00:00\" \/>\n<meta property=\"og:image\" content=\"https:\/\/www.gps-infostars.com\/es\/wp-content\/uploads\/sites\/3\/teaser_simpletracking_fmb020_es.jpg\" \/>\n\t<meta property=\"og:image:width\" content=\"2000\" \/>\n\t<meta property=\"og:image:height\" content=\"1538\" \/>\n\t<meta property=\"og:image:type\" content=\"image\/jpeg\" \/>\n<meta name=\"twitter:card\" content=\"summary_large_image\" \/>\n<meta name=\"twitter:label1\" content=\"Precio\" \/>\n\t<meta name=\"twitter:data1\" content=\"&euro;0,00\" \/>\n\t<meta name=\"twitter:label2\" content=\"Disponibilidad\" \/>\n\t<meta name=\"twitter:data2\" content=\"Disponible\" \/>\n<script type=\"application\/ld+json\" class=\"yoast-schema-graph\">{\"@context\":\"https:\/\/schema.org\",\"@graph\":[{\"@type\":\"WebPage\",\"@id\":\"https:\/\/www.gps-infostars.com\/es\/producto\/rastreador-gps-plug-play-fmb020-con-paquete-de-seguimiento-gps-simple\/\",\"url\":\"https:\/\/www.gps-infostars.com\/es\/producto\/rastreador-gps-plug-play-fmb020-con-paquete-de-seguimiento-gps-simple\/\",\"name\":\"Rastreador GPS Plug & Play (FMB020) con paquete de seguimiento GPS Simple - INFOSTARS SOLUCIONES, S.L.\",\"isPartOf\":{\"@id\":\"https:\/\/www.gps-infostars.com\/es\/#website\"},\"primaryImageOfPage\":{\"@id\":\"https:\/\/www.gps-infostars.com\/es\/producto\/rastreador-gps-plug-play-fmb020-con-paquete-de-seguimiento-gps-simple\/#primaryimage\"},\"image\":{\"@id\":\"https:\/\/www.gps-infostars.com\/es\/producto\/rastreador-gps-plug-play-fmb020-con-paquete-de-seguimiento-gps-simple\/#primaryimage\"},\"thumbnailUrl\":\"https:\/\/www.gps-infostars.com\/es\/wp-content\/uploads\/sites\/3\/teaser_simpletracking_fmb020_es.jpg\",\"datePublished\":\"2024-12-17T10:16:29+00:00\",\"dateModified\":\"2025-01-04T22:53:15+00:00\",\"description\":\"Dispositivo GPS que incluye tarjeta SIM, as\u00ed como localizaci\u00f3n en directo en una lista y visualizaci\u00f3n en el callejero abierto a partir de 1,99\u20ac al mes.\",\"breadcrumb\":{\"@id\":\"https:\/\/www.gps-infostars.com\/es\/producto\/rastreador-gps-plug-play-fmb020-con-paquete-de-seguimiento-gps-simple\/#breadcrumb\"},\"inLanguage\":\"es\",\"potentialAction\":[{\"@type\":\"ReadAction\",\"target\":[\"https:\/\/www.gps-infostars.com\/es\/producto\/rastreador-gps-plug-play-fmb020-con-paquete-de-seguimiento-gps-simple\/\"]}]},{\"@type\":\"ImageObject\",\"inLanguage\":\"es\",\"@id\":\"https:\/\/www.gps-infostars.com\/es\/producto\/rastreador-gps-plug-play-fmb020-con-paquete-de-seguimiento-gps-simple\/#primaryimage\",\"url\":\"https:\/\/www.gps-infostars.com\/es\/wp-content\/uploads\/sites\/3\/teaser_simpletracking_fmb020_es.jpg\",\"contentUrl\":\"https:\/\/www.gps-infostars.com\/es\/wp-content\/uploads\/sites\/3\/teaser_simpletracking_fmb020_es.jpg\",\"width\":2000,\"height\":1538},{\"@type\":\"BreadcrumbList\",\"@id\":\"https:\/\/www.gps-infostars.com\/es\/producto\/rastreador-gps-plug-play-fmb020-con-paquete-de-seguimiento-gps-simple\/#breadcrumb\",\"itemListElement\":[{\"@type\":\"ListItem\",\"position\":1,\"name\":\"Startseite\",\"item\":\"https:\/\/www.gps-infostars.com\/es\/\"},{\"@type\":\"ListItem\",\"position\":2,\"name\":\"Productos\"},{\"@type\":\"ListItem\",\"position\":3,\"name\":\"Rastreador GPS Plug &#038; Play (FMB020) con paquete de seguimiento GPS Simple\"}]},{\"@type\":\"WebSite\",\"@id\":\"https:\/\/www.gps-infostars.com\/es\/#website\",\"url\":\"https:\/\/www.gps-infostars.com\/es\/\",\"name\":\"INFOSTARS SOLUCIONES, S.L.\",\"description\":\"Einfach, pr\u00e4zise &amp; zuverl\u00e4ssig.\",\"publisher\":{\"@id\":\"https:\/\/www.gps-infostars.com\/es\/#organization\"},\"potentialAction\":[{\"@type\":\"SearchAction\",\"target\":{\"@type\":\"EntryPoint\",\"urlTemplate\":\"https:\/\/www.gps-infostars.com\/es\/?s={search_term_string}\"},\"query-input\":{\"@type\":\"PropertyValueSpecification\",\"valueRequired\":true,\"valueName\":\"search_term_string\"}}],\"inLanguage\":\"es\"},{\"@type\":\"Organization\",\"@id\":\"https:\/\/www.gps-infostars.com\/es\/#organization\",\"name\":\"INFOSTARS SOLUCIONES, S.L.\",\"url\":\"https:\/\/www.gps-infostars.com\/es\/\",\"logo\":{\"@type\":\"ImageObject\",\"inLanguage\":\"es\",\"@id\":\"https:\/\/www.gps-infostars.com\/es\/#\/schema\/logo\/image\/\",\"url\":\"https:\/\/www.gps-infostars.com\/es\/wp-content\/uploads\/sites\/3\/logo_infostars.png\",\"contentUrl\":\"https:\/\/www.gps-infostars.com\/es\/wp-content\/uploads\/sites\/3\/logo_infostars.png\",\"width\":1125,\"height\":360,\"caption\":\"INFOSTARS SOLUCIONES, S.L.\"},\"image\":{\"@id\":\"https:\/\/www.gps-infostars.com\/es\/#\/schema\/logo\/image\/\"}}]}<\/script>\n<meta property=\"product:price:amount\" content=\"0.00\" \/>\n<meta property=\"product:price:currency\" content=\"EUR\" \/>\n<meta property=\"og:availability\" content=\"instock\" \/>\n<meta property=\"product:availability\" content=\"instock\" \/>\n<meta property=\"product:condition\" content=\"new\" \/>\n<!-- \/ Yoast SEO plugin. -->","yoast_head_json":{"title":"Rastreador GPS Plug & Play (FMB020) con paquete de seguimiento GPS Simple - INFOSTARS SOLUCIONES, S.L.","description":"Dispositivo GPS que incluye tarjeta SIM, as\u00ed como localizaci\u00f3n en directo en una lista y visualizaci\u00f3n en el callejero abierto a partir de 1,99\u20ac al mes.","robots":{"index":"index","follow":"follow","max-snippet":"max-snippet:-1","max-image-preview":"max-image-preview:large","max-video-preview":"max-video-preview:-1"},"canonical":"https:\/\/www.gps-infostars.com\/es\/producto\/rastreador-gps-plug-play-fmb020-con-paquete-de-seguimiento-gps-simple\/","og_locale":"es_ES","og_type":"article","og_title":"Rastreador GPS Plug & Play (FMB020) con paquete de seguimiento GPS Simple - INFOSTARS SOLUCIONES, S.L.","og_description":"Dispositivo GPS que incluye tarjeta SIM, as\u00ed como localizaci\u00f3n en directo en una lista y visualizaci\u00f3n en el callejero abierto a partir de 1,99\u20ac al mes.","og_url":"https:\/\/www.gps-infostars.com\/es\/producto\/rastreador-gps-plug-play-fmb020-con-paquete-de-seguimiento-gps-simple\/","og_site_name":"INFOSTARS SOLUCIONES, S.L.","article_modified_time":"2025-01-04T22:53:15+00:00","og_image":[{"width":2000,"height":1538,"url":"https:\/\/www.gps-infostars.com\/es\/wp-content\/uploads\/sites\/3\/teaser_simpletracking_fmb020_es.jpg","type":"image\/jpeg"}],"twitter_card":"summary_large_image","twitter_misc":{"Precio":"&euro;0,00","Disponibilidad":"Disponible"},"schema":{"@context":"https:\/\/schema.org","@graph":[{"@type":"WebPage","@id":"https:\/\/www.gps-infostars.com\/es\/producto\/rastreador-gps-plug-play-fmb020-con-paquete-de-seguimiento-gps-simple\/","url":"https:\/\/www.gps-infostars.com\/es\/producto\/rastreador-gps-plug-play-fmb020-con-paquete-de-seguimiento-gps-simple\/","name":"Rastreador GPS Plug & Play (FMB020) con paquete de seguimiento GPS Simple - INFOSTARS SOLUCIONES, S.L.","isPartOf":{"@id":"https:\/\/www.gps-infostars.com\/es\/#website"},"primaryImageOfPage":{"@id":"https:\/\/www.gps-infostars.com\/es\/producto\/rastreador-gps-plug-play-fmb020-con-paquete-de-seguimiento-gps-simple\/#primaryimage"},"image":{"@id":"https:\/\/www.gps-infostars.com\/es\/producto\/rastreador-gps-plug-play-fmb020-con-paquete-de-seguimiento-gps-simple\/#primaryimage"},"thumbnailUrl":"https:\/\/www.gps-infostars.com\/es\/wp-content\/uploads\/sites\/3\/teaser_simpletracking_fmb020_es.jpg","datePublished":"2024-12-17T10:16:29+00:00","dateModified":"2025-01-04T22:53:15+00:00","description":"Dispositivo GPS que incluye tarjeta SIM, as\u00ed como localizaci\u00f3n en directo en una lista y visualizaci\u00f3n en el callejero abierto a partir de 1,99\u20ac al mes.","breadcrumb":{"@id":"https:\/\/www.gps-infostars.com\/es\/producto\/rastreador-gps-plug-play-fmb020-con-paquete-de-seguimiento-gps-simple\/#breadcrumb"},"inLanguage":"es","potentialAction":[{"@type":"ReadAction","target":["https:\/\/www.gps-infostars.com\/es\/producto\/rastreador-gps-plug-play-fmb020-con-paquete-de-seguimiento-gps-simple\/"]}]},{"@type":"ImageObject","inLanguage":"es","@id":"https:\/\/www.gps-infostars.com\/es\/producto\/rastreador-gps-plug-play-fmb020-con-paquete-de-seguimiento-gps-simple\/#primaryimage","url":"https:\/\/www.gps-infostars.com\/es\/wp-content\/uploads\/sites\/3\/teaser_simpletracking_fmb020_es.jpg","contentUrl":"https:\/\/www.gps-infostars.com\/es\/wp-content\/uploads\/sites\/3\/teaser_simpletracking_fmb020_es.jpg","width":2000,"height":1538},{"@type":"BreadcrumbList","@id":"https:\/\/www.gps-infostars.com\/es\/producto\/rastreador-gps-plug-play-fmb020-con-paquete-de-seguimiento-gps-simple\/#breadcrumb","itemListElement":[{"@type":"ListItem","position":1,"name":"Startseite","item":"https:\/\/www.gps-infostars.com\/es\/"},{"@type":"ListItem","position":2,"name":"Productos"},{"@type":"ListItem","position":3,"name":"Rastreador GPS Plug &#038; Play (FMB020) con paquete de seguimiento GPS Simple"}]},{"@type":"WebSite","@id":"https:\/\/www.gps-infostars.com\/es\/#website","url":"https:\/\/www.gps-infostars.com\/es\/","name":"INFOSTARS SOLUCIONES, S.L.","description":"Einfach, pr\u00e4zise &amp; zuverl\u00e4ssig.","publisher":{"@id":"https:\/\/www.gps-infostars.com\/es\/#organization"},"potentialAction":[{"@type":"SearchAction","target":{"@type":"EntryPoint","urlTemplate":"https:\/\/www.gps-infostars.com\/es\/?s={search_term_string}"},"query-input":{"@type":"PropertyValueSpecification","valueRequired":true,"valueName":"search_term_string"}}],"inLanguage":"es"},{"@type":"Organization","@id":"https:\/\/www.gps-infostars.com\/es\/#organization","name":"INFOSTARS SOLUCIONES, S.L.","url":"https:\/\/www.gps-infostars.com\/es\/","logo":{"@type":"ImageObject","inLanguage":"es","@id":"https:\/\/www.gps-infostars.com\/es\/#\/schema\/logo\/image\/","url":"https:\/\/www.gps-infostars.com\/es\/wp-content\/uploads\/sites\/3\/logo_infostars.png","contentUrl":"https:\/\/www.gps-infostars.com\/es\/wp-content\/uploads\/sites\/3\/logo_infostars.png","width":1125,"height":360,"caption":"INFOSTARS SOLUCIONES, S.L."},"image":{"@id":"https:\/\/www.gps-infostars.com\/es\/#\/schema\/logo\/image\/"}}]},"product_price_amount":"0.00","product_price_currency":"EUR","og_availability":"instock","product_availability":"instock","product_condition":"new"},"_links":{"self":[{"href":"https:\/\/www.gps-infostars.com\/es\/wp-json\/wp\/v2\/product\/54000","targetHints":{"allow":["GET"]}}],"collection":[{"href":"https:\/\/www.gps-infostars.com\/es\/wp-json\/wp\/v2\/product"}],"about":[{"href":"https:\/\/www.gps-infostars.com\/es\/wp-json\/wp\/v2\/types\/product"}],"version-history":[{"count":3,"href":"https:\/\/www.gps-infostars.com\/es\/wp-json\/wp\/v2\/product\/54000\/revisions"}],"predecessor-version":[{"id":54216,"href":"https:\/\/www.gps-infostars.com\/es\/wp-json\/wp\/v2\/product\/54000\/revisions\/54216"}],"wp:featuredmedia":[{"embeddable":true,"href":"https:\/\/www.gps-infostars.com\/es\/wp-json\/wp\/v2\/media\/54010"}],"wp:attachment":[{"href":"https:\/\/www.gps-infostars.com\/es\/wp-json\/wp\/v2\/media?parent=54000"}],"wp:term":[{"taxonomy":"product_brand","embeddable":true,"href":"https:\/\/www.gps-infostars.com\/es\/wp-json\/wp\/v2\/product_brand?post=54000"},{"taxonomy":"product_cat","embeddable":true,"href":"https:\/\/www.gps-infostars.com\/es\/wp-json\/wp\/v2\/product_cat?post=54000"},{"taxonomy":"product_tag","embeddable":true,"href":"https:\/\/www.gps-infostars.com\/es\/wp-json\/wp\/v2\/product_tag?post=54000"}],"curies":[{"name":"wp","href":"https:\/\/api.w.org\/{rel}","templated":true}]}}