{"id":54277,"date":"2025-05-14T12:27:50","date_gmt":"2025-05-14T10:27:50","guid":{"rendered":"https:\/\/www.gps-infostars.com\/es\/?post_type=product&#038;p=54277"},"modified":"2025-06-17T12:48:26","modified_gmt":"2025-06-17T10:48:26","slug":"localizador-gps-fmc880-instalacion-rapida-y-sin-complicaciones-y-paquete-avanzado-de-seguimiento-de-software","status":"publish","type":"product","link":"https:\/\/www.gps-infostars.com\/es\/producto\/localizador-gps-fmc880-instalacion-rapida-y-sin-complicaciones-y-paquete-avanzado-de-seguimiento-de-software\/","title":{"rendered":"Localizador GPS FMC880 \u2013 instalaci\u00f3n r\u00e1pida y sin complicaciones y paquete avanzado de seguimiento de software"},"content":{"rendered":"<p><strong>Este paquete de productos consiste en un paquete de software y servicio (Infostars seguimiento gps avanzado) y un dispositivo GPS (Localizador GPS FMC880 \u2013 instalaci\u00f3n r\u00e1pida y sin complicaciones) y una tarjeta SIM que transmite en Espa\u00f1a y en 175 pa\u00edses de todo el mundo.<\/strong><\/p>\n","protected":false},"excerpt":{"rendered":"<p><strong>Este paquete de productos consiste en un paquete de software y servicio (Infostars seguimiento gps avanzado) y un dispositivo GPS (Localizador GPS FMC880 \u2013 instalaci\u00f3n r\u00e1pida y sin complicaciones) y una tarjeta SIM que transmite en Espa\u00f1a y en 175 pa\u00edses de todo el mundo.<\/strong><\/p>\n","protected":false},"featured_media":54169,"template":"","meta":{"inline_featured_image":false},"product_brand":[],"product_cat":[722,1162],"product_tag":[],"class_list":{"0":"post-54277","1":"product","2":"type-product","3":"status-publish","4":"has-post-thumbnail","6":"product_cat-gps-bundle-tracking-es","7":"product_cat-gps-tracker-zum-fixen-einbau-fmc880-mit-gps-tracking-advancedbundle","8":"description-off","10":"first","11":"instock","12":"sale","13":"taxable","14":"shipping-taxable","15":"purchasable","16":"product-type-bundle"},"bundled_by":[],"bundle_stock_status":"instock","bundle_stock_quantity":"","bundle_virtual":false,"bundle_layout":"default","bundle_add_to_cart_form_location":"default","bundle_editable_in_cart":false,"bundle_sold_individually_context":"product","bundle_item_grouping":"parent","bundle_min_size":"","bundle_max_size":"","bundle_price":{"price":{"min":{"incl_tax":"69.99","excl_tax":"57.84"},"max":{"incl_tax":"69.99","excl_tax":"57.84"}},"regular_price":{"min":{"incl_tax":"78.99","excl_tax":"65.28"},"max":{"incl_tax":"78.99","excl_tax":"65.28"}}},"bundled_items":[{"bundled_item_id":796,"product_id":54210,"menu_order":0,"quantity_min":1,"quantity_max":1,"quantity_default":1,"priced_individually":true,"shipped_individually":false,"override_title":false,"title":"Localizador LTE GPS FMC880 \u2013 instalaci\u00f3n r\u00e1pida y sin complicaciones","override_description":false,"description":"","optional":false,"hide_thumbnail":false,"discount":"","override_variations":false,"allowed_variations":[],"override_default_variation_attributes":false,"default_variation_attributes":[],"single_product_visibility":"visible","cart_visibility":"visible","order_visibility":"visible","single_product_price_visibility":"visible","cart_price_visibility":"visible","order_price_visibility":"visible","stock_status":"in_stock"},{"bundled_item_id":794,"product_id":48682,"menu_order":1,"quantity_min":1,"quantity_max":1,"quantity_default":1,"priced_individually":true,"shipped_individually":true,"override_title":false,"title":"Seguimiento GPS avanzado","override_description":false,"description":"","optional":false,"hide_thumbnail":false,"discount":"","override_variations":false,"allowed_variations":[],"override_default_variation_attributes":false,"default_variation_attributes":[],"single_product_visibility":"visible","cart_visibility":"visible","order_visibility":"visible","single_product_price_visibility":"visible","cart_price_visibility":"visible","order_price_visibility":"visible","stock_status":"in_stock"},{"bundled_item_id":795,"product_id":48627,"menu_order":2,"quantity_min":1,"quantity_max":1,"quantity_default":1,"priced_individually":true,"shipped_individually":true,"override_title":false,"title":"Tarifa de configuraci\u00f3n para seguimiento GPS","override_description":false,"description":"","optional":false,"hide_thumbnail":false,"discount":"100","override_variations":false,"allowed_variations":[],"override_default_variation_attributes":false,"default_variation_attributes":[],"single_product_visibility":"visible","cart_visibility":"visible","order_visibility":"visible","single_product_price_visibility":"visible","cart_price_visibility":"visible","order_price_visibility":"visible","stock_status":"in_stock"}],"bundle_sell_ids":[],"yoast_head":"<!-- This site is optimized with the Yoast SEO plugin v27.4 - https:\/\/yoast.com\/product\/yoast-seo-wordpress\/ -->\n<title>Localizador GPS FMC880 \u2013 instalaci\u00f3n r\u00e1pida y sin complicaciones y paquete avanzado de seguimiento de software - INFOSTARS SOLUCIONES, S.L.<\/title>\n<meta name=\"description\" content=\"Localizador GPS FMT100 \u2013 instalaci\u00f3n r\u00e1pida y sin complicaciones y paquete avanzado de seguimiento de software\" \/>\n<meta name=\"robots\" content=\"index, follow, max-snippet:-1, max-image-preview:large, max-video-preview:-1\" \/>\n<link rel=\"canonical\" href=\"https:\/\/www.gps-infostars.com\/es\/producto\/localizador-gps-fmc880-instalacion-rapida-y-sin-complicaciones-y-paquete-avanzado-de-seguimiento-de-software\/\" \/>\n<meta property=\"og:locale\" content=\"es_ES\" \/>\n<meta property=\"og:type\" content=\"article\" \/>\n<meta property=\"og:title\" content=\"Localizador GPS FMC880 \u2013 instalaci\u00f3n r\u00e1pida y sin complicaciones y paquete avanzado de seguimiento de software - INFOSTARS SOLUCIONES, S.L.\" \/>\n<meta property=\"og:description\" content=\"Localizador GPS FMT100 \u2013 instalaci\u00f3n r\u00e1pida y sin complicaciones y paquete avanzado de seguimiento de software\" \/>\n<meta property=\"og:url\" content=\"https:\/\/www.gps-infostars.com\/es\/producto\/localizador-gps-fmc880-instalacion-rapida-y-sin-complicaciones-y-paquete-avanzado-de-seguimiento-de-software\/\" \/>\n<meta property=\"og:site_name\" content=\"INFOSTARS SOLUCIONES, S.L.\" \/>\n<meta property=\"article:modified_time\" content=\"2025-06-17T10:48:26+00:00\" \/>\n<meta property=\"og:image\" content=\"https:\/\/www.gps-infostars.com\/es\/wp-content\/uploads\/sites\/3\/fmc800_mit-scaled.jpg\" \/>\n\t<meta property=\"og:image:width\" content=\"2560\" \/>\n\t<meta property=\"og:image:height\" content=\"1969\" \/>\n\t<meta property=\"og:image:type\" content=\"image\/jpeg\" \/>\n<meta name=\"twitter:card\" content=\"summary_large_image\" \/>\n<meta name=\"twitter:label1\" content=\"Precio\" \/>\n\t<meta name=\"twitter:data1\" content=\"&euro;0,00\" \/>\n\t<meta name=\"twitter:label2\" content=\"Disponibilidad\" \/>\n\t<meta name=\"twitter:data2\" content=\"Disponible\" \/>\n<script type=\"application\/ld+json\" class=\"yoast-schema-graph\">{\"@context\":\"https:\\\/\\\/schema.org\",\"@graph\":[{\"@type\":\"WebPage\",\"@id\":\"https:\\\/\\\/www.gps-infostars.com\\\/es\\\/producto\\\/localizador-gps-fmc880-instalacion-rapida-y-sin-complicaciones-y-paquete-avanzado-de-seguimiento-de-software\\\/\",\"url\":\"https:\\\/\\\/www.gps-infostars.com\\\/es\\\/producto\\\/localizador-gps-fmc880-instalacion-rapida-y-sin-complicaciones-y-paquete-avanzado-de-seguimiento-de-software\\\/\",\"name\":\"Localizador GPS FMC880 \u2013 instalaci\u00f3n r\u00e1pida y sin complicaciones y paquete avanzado de seguimiento de software - INFOSTARS SOLUCIONES, S.L.\",\"isPartOf\":{\"@id\":\"https:\\\/\\\/www.gps-infostars.com\\\/es\\\/#website\"},\"primaryImageOfPage\":{\"@id\":\"https:\\\/\\\/www.gps-infostars.com\\\/es\\\/producto\\\/localizador-gps-fmc880-instalacion-rapida-y-sin-complicaciones-y-paquete-avanzado-de-seguimiento-de-software\\\/#primaryimage\"},\"image\":{\"@id\":\"https:\\\/\\\/www.gps-infostars.com\\\/es\\\/producto\\\/localizador-gps-fmc880-instalacion-rapida-y-sin-complicaciones-y-paquete-avanzado-de-seguimiento-de-software\\\/#primaryimage\"},\"thumbnailUrl\":\"https:\\\/\\\/www.gps-infostars.com\\\/es\\\/wp-content\\\/uploads\\\/sites\\\/3\\\/fmc800_mit-scaled.jpg\",\"datePublished\":\"2025-05-14T10:27:50+00:00\",\"dateModified\":\"2025-06-17T10:48:26+00:00\",\"description\":\"Localizador GPS FMT100 \u2013 instalaci\u00f3n r\u00e1pida y sin complicaciones y paquete avanzado de seguimiento de software\",\"breadcrumb\":{\"@id\":\"https:\\\/\\\/www.gps-infostars.com\\\/es\\\/producto\\\/localizador-gps-fmc880-instalacion-rapida-y-sin-complicaciones-y-paquete-avanzado-de-seguimiento-de-software\\\/#breadcrumb\"},\"inLanguage\":\"es\",\"potentialAction\":[{\"@type\":\"ReadAction\",\"target\":[\"https:\\\/\\\/www.gps-infostars.com\\\/es\\\/producto\\\/localizador-gps-fmc880-instalacion-rapida-y-sin-complicaciones-y-paquete-avanzado-de-seguimiento-de-software\\\/\"]}]},{\"@type\":\"ImageObject\",\"inLanguage\":\"es\",\"@id\":\"https:\\\/\\\/www.gps-infostars.com\\\/es\\\/producto\\\/localizador-gps-fmc880-instalacion-rapida-y-sin-complicaciones-y-paquete-avanzado-de-seguimiento-de-software\\\/#primaryimage\",\"url\":\"https:\\\/\\\/www.gps-infostars.com\\\/es\\\/wp-content\\\/uploads\\\/sites\\\/3\\\/fmc800_mit-scaled.jpg\",\"contentUrl\":\"https:\\\/\\\/www.gps-infostars.com\\\/es\\\/wp-content\\\/uploads\\\/sites\\\/3\\\/fmc800_mit-scaled.jpg\",\"width\":2560,\"height\":1969},{\"@type\":\"BreadcrumbList\",\"@id\":\"https:\\\/\\\/www.gps-infostars.com\\\/es\\\/producto\\\/localizador-gps-fmc880-instalacion-rapida-y-sin-complicaciones-y-paquete-avanzado-de-seguimiento-de-software\\\/#breadcrumb\",\"itemListElement\":[{\"@type\":\"ListItem\",\"position\":1,\"name\":\"Startseite\",\"item\":\"https:\\\/\\\/www.gps-infostars.com\\\/es\\\/\"},{\"@type\":\"ListItem\",\"position\":2,\"name\":\"Productos\"},{\"@type\":\"ListItem\",\"position\":3,\"name\":\"Localizador GPS FMC880 \u2013 instalaci\u00f3n r\u00e1pida y sin complicaciones y paquete avanzado de seguimiento de software\"}]},{\"@type\":\"WebSite\",\"@id\":\"https:\\\/\\\/www.gps-infostars.com\\\/es\\\/#website\",\"url\":\"https:\\\/\\\/www.gps-infostars.com\\\/es\\\/\",\"name\":\"INFOSTARS SOLUCIONES, S.L.\",\"description\":\"Einfach, pr\u00e4zise &amp; zuverl\u00e4ssig.\",\"publisher\":{\"@id\":\"https:\\\/\\\/www.gps-infostars.com\\\/es\\\/#organization\"},\"potentialAction\":[{\"@type\":\"SearchAction\",\"target\":{\"@type\":\"EntryPoint\",\"urlTemplate\":\"https:\\\/\\\/www.gps-infostars.com\\\/es\\\/?s={search_term_string}\"},\"query-input\":{\"@type\":\"PropertyValueSpecification\",\"valueRequired\":true,\"valueName\":\"search_term_string\"}}],\"inLanguage\":\"es\"},{\"@type\":\"Organization\",\"@id\":\"https:\\\/\\\/www.gps-infostars.com\\\/es\\\/#organization\",\"name\":\"INFOSTARS SOLUCIONES, S.L.\",\"url\":\"https:\\\/\\\/www.gps-infostars.com\\\/es\\\/\",\"logo\":{\"@type\":\"ImageObject\",\"inLanguage\":\"es\",\"@id\":\"https:\\\/\\\/www.gps-infostars.com\\\/es\\\/#\\\/schema\\\/logo\\\/image\\\/\",\"url\":\"https:\\\/\\\/www.gps-infostars.com\\\/es\\\/wp-content\\\/uploads\\\/sites\\\/3\\\/logo_infostars.png\",\"contentUrl\":\"https:\\\/\\\/www.gps-infostars.com\\\/es\\\/wp-content\\\/uploads\\\/sites\\\/3\\\/logo_infostars.png\",\"width\":1125,\"height\":360,\"caption\":\"INFOSTARS SOLUCIONES, S.L.\"},\"image\":{\"@id\":\"https:\\\/\\\/www.gps-infostars.com\\\/es\\\/#\\\/schema\\\/logo\\\/image\\\/\"}}]}<\/script>\n<meta property=\"product:price:amount\" content=\"0.00\" \/>\n<meta property=\"product:price:currency\" content=\"EUR\" \/>\n<meta property=\"og:availability\" content=\"instock\" \/>\n<meta property=\"product:availability\" content=\"instock\" \/>\n<meta property=\"product:condition\" content=\"new\" \/>\n<!-- \/ Yoast SEO plugin. -->","yoast_head_json":{"title":"Localizador GPS FMC880 \u2013 instalaci\u00f3n r\u00e1pida y sin complicaciones y paquete avanzado de seguimiento de software - INFOSTARS SOLUCIONES, S.L.","description":"Localizador GPS FMT100 \u2013 instalaci\u00f3n r\u00e1pida y sin complicaciones y paquete avanzado de seguimiento de software","robots":{"index":"index","follow":"follow","max-snippet":"max-snippet:-1","max-image-preview":"max-image-preview:large","max-video-preview":"max-video-preview:-1"},"canonical":"https:\/\/www.gps-infostars.com\/es\/producto\/localizador-gps-fmc880-instalacion-rapida-y-sin-complicaciones-y-paquete-avanzado-de-seguimiento-de-software\/","og_locale":"es_ES","og_type":"article","og_title":"Localizador GPS FMC880 \u2013 instalaci\u00f3n r\u00e1pida y sin complicaciones y paquete avanzado de seguimiento de software - INFOSTARS SOLUCIONES, S.L.","og_description":"Localizador GPS FMT100 \u2013 instalaci\u00f3n r\u00e1pida y sin complicaciones y paquete avanzado de seguimiento de software","og_url":"https:\/\/www.gps-infostars.com\/es\/producto\/localizador-gps-fmc880-instalacion-rapida-y-sin-complicaciones-y-paquete-avanzado-de-seguimiento-de-software\/","og_site_name":"INFOSTARS SOLUCIONES, S.L.","article_modified_time":"2025-06-17T10:48:26+00:00","og_image":[{"width":2560,"height":1969,"url":"https:\/\/www.gps-infostars.com\/es\/wp-content\/uploads\/sites\/3\/fmc800_mit-scaled.jpg","type":"image\/jpeg"}],"twitter_card":"summary_large_image","twitter_misc":{"Precio":"&euro;0,00","Disponibilidad":"Disponible"},"schema":{"@context":"https:\/\/schema.org","@graph":[{"@type":"WebPage","@id":"https:\/\/www.gps-infostars.com\/es\/producto\/localizador-gps-fmc880-instalacion-rapida-y-sin-complicaciones-y-paquete-avanzado-de-seguimiento-de-software\/","url":"https:\/\/www.gps-infostars.com\/es\/producto\/localizador-gps-fmc880-instalacion-rapida-y-sin-complicaciones-y-paquete-avanzado-de-seguimiento-de-software\/","name":"Localizador GPS FMC880 \u2013 instalaci\u00f3n r\u00e1pida y sin complicaciones y paquete avanzado de seguimiento de software - INFOSTARS SOLUCIONES, S.L.","isPartOf":{"@id":"https:\/\/www.gps-infostars.com\/es\/#website"},"primaryImageOfPage":{"@id":"https:\/\/www.gps-infostars.com\/es\/producto\/localizador-gps-fmc880-instalacion-rapida-y-sin-complicaciones-y-paquete-avanzado-de-seguimiento-de-software\/#primaryimage"},"image":{"@id":"https:\/\/www.gps-infostars.com\/es\/producto\/localizador-gps-fmc880-instalacion-rapida-y-sin-complicaciones-y-paquete-avanzado-de-seguimiento-de-software\/#primaryimage"},"thumbnailUrl":"https:\/\/www.gps-infostars.com\/es\/wp-content\/uploads\/sites\/3\/fmc800_mit-scaled.jpg","datePublished":"2025-05-14T10:27:50+00:00","dateModified":"2025-06-17T10:48:26+00:00","description":"Localizador GPS FMT100 \u2013 instalaci\u00f3n r\u00e1pida y sin complicaciones y paquete avanzado de seguimiento de software","breadcrumb":{"@id":"https:\/\/www.gps-infostars.com\/es\/producto\/localizador-gps-fmc880-instalacion-rapida-y-sin-complicaciones-y-paquete-avanzado-de-seguimiento-de-software\/#breadcrumb"},"inLanguage":"es","potentialAction":[{"@type":"ReadAction","target":["https:\/\/www.gps-infostars.com\/es\/producto\/localizador-gps-fmc880-instalacion-rapida-y-sin-complicaciones-y-paquete-avanzado-de-seguimiento-de-software\/"]}]},{"@type":"ImageObject","inLanguage":"es","@id":"https:\/\/www.gps-infostars.com\/es\/producto\/localizador-gps-fmc880-instalacion-rapida-y-sin-complicaciones-y-paquete-avanzado-de-seguimiento-de-software\/#primaryimage","url":"https:\/\/www.gps-infostars.com\/es\/wp-content\/uploads\/sites\/3\/fmc800_mit-scaled.jpg","contentUrl":"https:\/\/www.gps-infostars.com\/es\/wp-content\/uploads\/sites\/3\/fmc800_mit-scaled.jpg","width":2560,"height":1969},{"@type":"BreadcrumbList","@id":"https:\/\/www.gps-infostars.com\/es\/producto\/localizador-gps-fmc880-instalacion-rapida-y-sin-complicaciones-y-paquete-avanzado-de-seguimiento-de-software\/#breadcrumb","itemListElement":[{"@type":"ListItem","position":1,"name":"Startseite","item":"https:\/\/www.gps-infostars.com\/es\/"},{"@type":"ListItem","position":2,"name":"Productos"},{"@type":"ListItem","position":3,"name":"Localizador GPS FMC880 \u2013 instalaci\u00f3n r\u00e1pida y sin complicaciones y paquete avanzado de seguimiento de software"}]},{"@type":"WebSite","@id":"https:\/\/www.gps-infostars.com\/es\/#website","url":"https:\/\/www.gps-infostars.com\/es\/","name":"INFOSTARS SOLUCIONES, S.L.","description":"Einfach, pr\u00e4zise &amp; zuverl\u00e4ssig.","publisher":{"@id":"https:\/\/www.gps-infostars.com\/es\/#organization"},"potentialAction":[{"@type":"SearchAction","target":{"@type":"EntryPoint","urlTemplate":"https:\/\/www.gps-infostars.com\/es\/?s={search_term_string}"},"query-input":{"@type":"PropertyValueSpecification","valueRequired":true,"valueName":"search_term_string"}}],"inLanguage":"es"},{"@type":"Organization","@id":"https:\/\/www.gps-infostars.com\/es\/#organization","name":"INFOSTARS SOLUCIONES, S.L.","url":"https:\/\/www.gps-infostars.com\/es\/","logo":{"@type":"ImageObject","inLanguage":"es","@id":"https:\/\/www.gps-infostars.com\/es\/#\/schema\/logo\/image\/","url":"https:\/\/www.gps-infostars.com\/es\/wp-content\/uploads\/sites\/3\/logo_infostars.png","contentUrl":"https:\/\/www.gps-infostars.com\/es\/wp-content\/uploads\/sites\/3\/logo_infostars.png","width":1125,"height":360,"caption":"INFOSTARS SOLUCIONES, S.L."},"image":{"@id":"https:\/\/www.gps-infostars.com\/es\/#\/schema\/logo\/image\/"}}]},"product_price_amount":"0.00","product_price_currency":"EUR","og_availability":"instock","product_availability":"instock","product_condition":"new"},"_links":{"self":[{"href":"https:\/\/www.gps-infostars.com\/es\/wp-json\/wp\/v2\/product\/54277","targetHints":{"allow":["GET"]}}],"collection":[{"href":"https:\/\/www.gps-infostars.com\/es\/wp-json\/wp\/v2\/product"}],"about":[{"href":"https:\/\/www.gps-infostars.com\/es\/wp-json\/wp\/v2\/types\/product"}],"version-history":[{"count":2,"href":"https:\/\/www.gps-infostars.com\/es\/wp-json\/wp\/v2\/product\/54277\/revisions"}],"predecessor-version":[{"id":54279,"href":"https:\/\/www.gps-infostars.com\/es\/wp-json\/wp\/v2\/product\/54277\/revisions\/54279"}],"wp:featuredmedia":[{"embeddable":true,"href":"https:\/\/www.gps-infostars.com\/es\/wp-json\/wp\/v2\/media\/54169"}],"wp:attachment":[{"href":"https:\/\/www.gps-infostars.com\/es\/wp-json\/wp\/v2\/media?parent=54277"}],"wp:term":[{"taxonomy":"product_brand","embeddable":true,"href":"https:\/\/www.gps-infostars.com\/es\/wp-json\/wp\/v2\/product_brand?post=54277"},{"taxonomy":"product_cat","embeddable":true,"href":"https:\/\/www.gps-infostars.com\/es\/wp-json\/wp\/v2\/product_cat?post=54277"},{"taxonomy":"product_tag","embeddable":true,"href":"https:\/\/www.gps-infostars.com\/es\/wp-json\/wp\/v2\/product_tag?post=54277"}],"curies":[{"name":"wp","href":"https:\/\/api.w.org\/{rel}","templated":true}]}}