{"id":33474,"date":"2020-02-04T16:22:58","date_gmt":"2020-02-04T15:22:58","guid":{"rendered":"http:\/\/dev2.gps-infostars.com\/ueber-uns\/"},"modified":"2023-11-17T19:00:12","modified_gmt":"2023-11-17T18:00:12","slug":"chisiamo","status":"publish","type":"page","link":"https:\/\/www.gps-infostars.com\/it\/chisiamo\/","title":{"rendered":"Chi siamo"},"content":{"rendered":"\t\t<div data-elementor-type=\"wp-page\" data-elementor-id=\"33474\" class=\"elementor elementor-33474 elementor-49\" data-elementor-post-type=\"page\">\n\t\t\t\t\t\t<section class=\"elementor-section elementor-top-section elementor-element elementor-element-2434ab1b elementor-section-boxed elementor-section-height-default elementor-section-height-default\" data-id=\"2434ab1b\" data-element_type=\"section\" data-e-type=\"section\">\n\t\t\t\t\t\t<div class=\"elementor-container elementor-column-gap-default\">\n\t\t\t\t\t<div class=\"elementor-column elementor-col-100 elementor-top-column elementor-element elementor-element-82debf6\" data-id=\"82debf6\" data-element_type=\"column\" data-e-type=\"column\">\n\t\t\t<div class=\"elementor-widget-wrap elementor-element-populated\">\n\t\t\t\t\t\t<div class=\"elementor-element elementor-element-3cac2a6e elementor-widget elementor-widget-heading\" data-id=\"3cac2a6e\" data-element_type=\"widget\" data-e-type=\"widget\" data-widget_type=\"heading.default\">\n\t\t\t\t<div class=\"elementor-widget-container\">\n\t\t\t\t\t<h2 class=\"elementor-heading-title elementor-size-default\">Soluzioni semplici, moderne e conformi nel rispetto della legge<\/h2>\t\t\t\t<\/div>\n\t\t\t\t<\/div>\n\t\t\t\t<div class=\"elementor-element elementor-element-1af53fa6 elementor-widget elementor-widget-heading\" data-id=\"1af53fa6\" data-element_type=\"widget\" data-e-type=\"widget\" data-widget_type=\"heading.default\">\n\t\t\t\t<div class=\"elementor-widget-container\">\n\t\t\t\t\t<h1 class=\"elementor-heading-title elementor-size-default\">Chi siamo: Infostars<\/h1>\t\t\t\t<\/div>\n\t\t\t\t<\/div>\n\t\t\t\t<div class=\"elementor-element elementor-element-34778e36 elementor-widget elementor-widget-image\" data-id=\"34778e36\" data-element_type=\"widget\" data-e-type=\"widget\" data-widget_type=\"image.default\">\n\t\t\t\t<div class=\"elementor-widget-container\">\n\t\t\t\t\t\t\t\t\t\t\t\t\t\t\t<img fetchpriority=\"high\" decoding=\"async\" width=\"1200\" height=\"209\" src=\"https:\/\/www.gps-infostars.com\/wp-content\/uploads\/jetzt_header.jpg\" class=\"attachment-large size-large wp-image-33399\" alt=\"\" srcset=\"https:\/\/www.gps-infostars.com\/wp-content\/uploads\/jetzt_header.jpg 2400w, https:\/\/www.gps-infostars.com\/wp-content\/uploads\/jetzt_header-800x139.jpg 800w, https:\/\/www.gps-infostars.com\/wp-content\/uploads\/jetzt_header-600x104.jpg 600w, https:\/\/www.gps-infostars.com\/wp-content\/uploads\/jetzt_header-768x133.jpg 768w, https:\/\/www.gps-infostars.com\/wp-content\/uploads\/jetzt_header-1536x267.jpg 1536w, https:\/\/www.gps-infostars.com\/wp-content\/uploads\/jetzt_header-2048x356.jpg 2048w\" sizes=\"(max-width: 1200px) 100vw, 1200px\" \/>\t\t\t\t\t\t\t\t\t\t\t\t\t\t\t<\/div>\n\t\t\t\t<\/div>\n\t\t\t\t\t<\/div>\n\t\t<\/div>\n\t\t\t\t\t<\/div>\n\t\t<\/section>\n\t\t\t\t<section class=\"elementor-section elementor-top-section elementor-element elementor-element-764bbbf5 elementor-section-boxed elementor-section-height-default elementor-section-height-default\" data-id=\"764bbbf5\" data-element_type=\"section\" data-e-type=\"section\">\n\t\t\t\t\t\t<div class=\"elementor-container elementor-column-gap-default\">\n\t\t\t\t\t<div class=\"elementor-column elementor-col-66 elementor-top-column elementor-element elementor-element-13b6ff37\" data-id=\"13b6ff37\" data-element_type=\"column\" data-e-type=\"column\">\n\t\t\t<div class=\"elementor-widget-wrap elementor-element-populated\">\n\t\t\t\t\t\t<div class=\"elementor-element elementor-element-c151ae3 elementor-widget elementor-widget-heading\" data-id=\"c151ae3\" data-element_type=\"widget\" data-e-type=\"widget\" data-widget_type=\"heading.default\">\n\t\t\t\t<div class=\"elementor-widget-container\">\n\t\t\t\t\t<h2 class=\"elementor-heading-title elementor-size-default\">Sempre e ovunque informati\u200b<\/h2>\t\t\t\t<\/div>\n\t\t\t\t<\/div>\n\t\t\t\t<div class=\"elementor-element elementor-element-d170621 elementor-widget elementor-widget-heading\" data-id=\"d170621\" data-element_type=\"widget\" data-e-type=\"widget\" data-widget_type=\"heading.default\">\n\t\t\t\t<div class=\"elementor-widget-container\">\n\t\t\t\t\t<h1 class=\"elementor-heading-title elementor-size-default\">Informazioni su Infostars<\/h1>\t\t\t\t<\/div>\n\t\t\t\t<\/div>\n\t\t\t\t<div class=\"elementor-element elementor-element-fc84d19 elementor-widget elementor-widget-text-editor\" data-id=\"fc84d19\" data-element_type=\"widget\" data-e-type=\"widget\" data-widget_type=\"text-editor.default\">\n\t\t\t\t<div class=\"elementor-widget-container\">\n\t\t\t\t\t\t\t\t\t<p>Infostars GmbH \u00e8 una societ\u00e0 austriaca con sede a Vienna. Fondata nel 2007, Infostars \u00e9 da allora che distribuisce con successo i suoi sistemi di localizzazione in Austria, Germania, Slovacchia, Slovenia, Spagna, Svizzera, Italia e Danimarca.<\/p><h3>Qualit\u00e0 made in Austria<\/h3><p>L&#8217;imprenditore Robert Tarbuk non era soddisfatto dell&#8217;offerta esistente e l&#8217;ha ampliata senza ulteriori indugi con una soluzione propria. Si tratta di un software appositamente programmato e basato sul Web e di un hardware GPS personalizzato. Infostars offre un&#8217;ampia gamma di prodotti GPS per clienti privati e aziendali: Tracciamento GPS, pianificazione del percorso, registro dei viaggi, tracciamento del bestiame e sistema di allarme GPS. Al mercato autriaco viene provveduto direttamente dalla sede centrale di Vienna, mentre i partner di distribuzione internazionali (ad esempio in Danimarca e Svizzera) e l&#8217;esportazione garantiscono una crescita futura.<\/p><h3>Know-how completo<\/h3><p>L&#8217;amministratore delegato di Infostars MMag. Robert Tarbuk non solo possiede un profondo know-how pratico nel settore dei trasporti, del noleggio e del controlling, ma apporta anche le sue conoscenze giuridiche. Infostars \u00e8 quindi in grado di offrire una soluzione legalmente corretta.<\/p><h3>Esperti per proteggere e assicurare la vostra propriet\u00e0<\/h3><p>La localizzazione GPS riguarda la vostra propriet\u00e0 e la sicurezza di essa. In questi casi, dovreste affidarvi a tecnologie all&#8217;avanguardia e fidarvi solo di esperti rinomati.<\/p><h3>Approfittate della nostra esperienza<\/h3><p>La nostra esperienza pluriennale e la conoscenza completa delle ultime tecnologie e tendenze nel campo della localizzazione GPS ci rendono un partner premium affidabile in questo settore.<\/p><p style=\"margin-bottom: 0px; font-variant-numeric: normal; font-variant-east-asian: normal; font-weight: 400; font-stretch: normal; font-size: 10px; line-height: normal; font-family: Helvetica; color: #545657; letter-spacing: normal;\"><span style=\"letter-spacing: 0em; text-transform: var(--the7-h3-text-transform); word-spacing: var(--the7-h3-word-spacing); color: #e1710f; font-family: HelveticaNeueLTPro-Bd, sans-serif; font-weight: 600;\">\u00a0<\/span><\/p><h3>I nostri punti forti<\/h3><p><span style=\"color: #e1710f;\">\u2192<\/span> Software chiaro e semplice<\/p><p><span style=\"color: #e1710f;\">\u2192 <\/span>Riduzione del sovraccarico di dati<\/p><p><span style=\"color: #e1710f;\">\u2192 <\/span>Soluzioni ben studiate<\/p><h3>Quali sono i valori di Infostars?<\/h3><p><span style=\"color: #e1710f;\">\u2192<\/span> Consigliare prima di vendere<\/p><p><span style=\"color: #e1710f;\">\u2192 <\/span>Massima qualit\u00e0<\/p><p><span style=\"color: #e1710f;\">\u2192 <\/span>Soluzioni conformi alla legge<\/p><div><h3>Quali sono gli obiettivi di Infostars?<\/h3><p><span style=\"color: #e1710f;\">\u2192<\/span> Crescita sostenibile<\/p><p><span style=\"color: #e1710f;\">\u2192 <\/span>Prodotti economici<\/p><p><span style=\"color: #e1710f;\">\u2192 <\/span>Semplificare gli aspetti pi\u00f9 complessi<\/p><\/div><div><div>\u00a0<\/div><\/div>\t\t\t\t\t\t\t\t<\/div>\n\t\t\t\t<\/div>\n\t\t\t\t<div class=\"elementor-element elementor-element-40e6899c elementor-widget elementor-widget-text-editor\" data-id=\"40e6899c\" data-element_type=\"widget\" data-e-type=\"widget\" data-widget_type=\"text-editor.default\">\n\t\t\t\t<div class=\"elementor-widget-container\">\n\t\t\t\t\t\t\t\t\t<div class=\"elementor-column elementor-col-33 elementor-top-column elementor-element elementor-element-18f135d5\" data-id=\"18f135d5\" data-element_type=\"column\"><div class=\"elementor-widget-wrap elementor-element-populated\"><div class=\"elementor-element elementor-element-8949f66 elementor-widget elementor-widget-text-editor\" data-id=\"8949f66\" data-element_type=\"widget\" data-widget_type=\"text-editor.default\"><div class=\"elementor-widget-container\"><div class=\"elementor-element elementor-element-1fa08b6 elementor-widget elementor-widget-text-editor\" data-id=\"1fa08b6\" data-element_type=\"widget\" data-widget_type=\"text-editor.default\"><div class=\"elementor-widget-container\"><div class=\"elementor-element elementor-element-1c7b1aa elementor-widget elementor-widget-text-editor\" data-id=\"1c7b1aa\" data-element_type=\"widget\" data-widget_type=\"text-editor.default\"><div class=\"elementor-widget-container\"><div class=\"elementor-element elementor-element-eacd26e elementor-widget elementor-widget-text-editor\" data-id=\"eacd26e\" data-element_type=\"widget\" data-widget_type=\"text-editor.default\"><div class=\"elementor-widget-container\"><h3>Avete domande?<\/h3><p>I nostri consulenti specializzati sono sempre a vostra disposizione! Contattateci al numero:<\/p><p><a href=\"tel: 0039 0267739175\">+39 0267739175<\/a> (lun-ven 9.00 -17.00).<\/p><p>E-Mail al seguente indirizzo <a href=\"&#109;&#x61;&#105;&#x6c;&#116;&#x6f;&#58;&#x75;&#102;&#x66;&#105;&#x63;&#105;&#x6f;&#64;&#x67;&#112;&#x73;&#45;&#x69;&#110;&#x66;&#111;&#x73;&#116;&#x61;&#114;&#x73;&#46;&#x63;&#111;&#x6d;\">u&#102;&#x66;&#x69;c&#105;&#111;&#x40;&#x67;p&#115;&#x2d;&#x69;n&#102;&#111;&#x73;&#x74;a&#114;&#x73;&#x2e;c&#111;&#109; <\/a>oppure usate il nostro modulo di contatto <a href=\"https:\/\/www.gps-infostars.com\/it\/consulenza-contatti\/modulo-di-contatto\/\">\u2192 Modulo di contatto<\/a><\/p><\/div><\/div><\/div><\/div><\/div><\/div><\/div><\/div><\/div><\/div>\t\t\t\t\t\t\t\t<\/div>\n\t\t\t\t<\/div>\n\t\t\t\t\t<\/div>\n\t\t<\/div>\n\t\t\t\t<div class=\"elementor-column elementor-col-33 elementor-top-column elementor-element elementor-element-4e4c9674\" data-id=\"4e4c9674\" data-element_type=\"column\" data-e-type=\"column\">\n\t\t\t<div class=\"elementor-widget-wrap elementor-element-populated\">\n\t\t\t\t\t\t<section class=\"elementor-section elementor-inner-section elementor-element elementor-element-ee1aa3d elementor-section-boxed elementor-section-height-default elementor-section-height-default\" data-id=\"ee1aa3d\" data-element_type=\"section\" data-e-type=\"section\">\n\t\t\t\t\t\t<div class=\"elementor-container elementor-column-gap-default\">\n\t\t\t\t\t<div class=\"elementor-column elementor-col-100 elementor-inner-column elementor-element elementor-element-c976988\" data-id=\"c976988\" data-element_type=\"column\" data-e-type=\"column\">\n\t\t\t<div class=\"elementor-widget-wrap elementor-element-populated\">\n\t\t\t\t\t\t<div class=\"elementor-element elementor-element-6bc8b89 elementor-widget elementor-widget-image\" data-id=\"6bc8b89\" data-element_type=\"widget\" data-e-type=\"widget\" data-widget_type=\"image.default\">\n\t\t\t\t<div class=\"elementor-widget-container\">\n\t\t\t\t\t\t\t\t\t\t\t\t\t\t\t<img decoding=\"async\" width=\"1200\" height=\"1699\" src=\"https:\/\/www.gps-infostars.com\/wp-content\/uploads\/infostar_folder_cover_span_i.jpg\" class=\"attachment-large size-large wp-image-34760\" alt=\"\" srcset=\"https:\/\/www.gps-infostars.com\/wp-content\/uploads\/infostar_folder_cover_span_i.jpg 1360w, https:\/\/www.gps-infostars.com\/wp-content\/uploads\/infostar_folder_cover_span_i-800x1133.jpg 800w, https:\/\/www.gps-infostars.com\/wp-content\/uploads\/infostar_folder_cover_span_i-424x600.jpg 424w, https:\/\/www.gps-infostars.com\/wp-content\/uploads\/infostar_folder_cover_span_i-768x1088.jpg 768w, https:\/\/www.gps-infostars.com\/wp-content\/uploads\/infostar_folder_cover_span_i-1085x1536.jpg 1085w\" sizes=\"(max-width: 1200px) 100vw, 1200px\" \/>\t\t\t\t\t\t\t\t\t\t\t\t\t\t\t<\/div>\n\t\t\t\t<\/div>\n\t\t\t\t<div class=\"elementor-element elementor-element-48caf1d elementor-widget elementor-widget-text-editor\" data-id=\"48caf1d\" data-element_type=\"widget\" data-e-type=\"widget\" data-widget_type=\"text-editor.default\">\n\t\t\t\t<div class=\"elementor-widget-container\">\n\t\t\t\t\t\t\t\t\t<h3 style=\"text-align: center;\">Infostars Folder Scaricare<\/h3>\t\t\t\t\t\t\t\t<\/div>\n\t\t\t\t<\/div>\n\t\t\t\t<div class=\"elementor-element elementor-element-e4cea18 elementor-align-center elementor-widget elementor-widget-button\" data-id=\"e4cea18\" data-element_type=\"widget\" data-e-type=\"widget\" data-widget_type=\"button.default\">\n\t\t\t\t<div class=\"elementor-widget-container\">\n\t\t\t\t\t\t\t\t\t<div class=\"elementor-button-wrapper\">\n\t\t\t\t\t<a class=\"elementor-button elementor-button-link elementor-size-sm\" href=\"\/wp-content\/uploads\/infostar_folder_cover_span_i.png\" target=\"_blank\">\n\t\t\t\t\t\t<span class=\"elementor-button-content-wrapper\">\n\t\t\t\t\t\t\t\t\t<span class=\"elementor-button-text\">Download PDF<\/span>\n\t\t\t\t\t<\/span>\n\t\t\t\t\t<\/a>\n\t\t\t\t<\/div>\n\t\t\t\t\t\t\t\t<\/div>\n\t\t\t\t<\/div>\n\t\t\t\t\t<\/div>\n\t\t<\/div>\n\t\t\t\t\t<\/div>\n\t\t<\/section>\n\t\t\t\t\t<\/div>\n\t\t<\/div>\n\t\t\t\t\t<\/div>\n\t\t<\/section>\n\t\t\t\t<section class=\"elementor-section elementor-top-section elementor-element elementor-element-2adcd488 elementor-section-boxed elementor-section-height-default elementor-section-height-default\" data-id=\"2adcd488\" data-element_type=\"section\" data-e-type=\"section\">\n\t\t\t\t\t\t<div class=\"elementor-container elementor-column-gap-default\">\n\t\t\t\t\t<div class=\"elementor-column elementor-col-100 elementor-top-column elementor-element elementor-element-18aadaf4\" data-id=\"18aadaf4\" data-element_type=\"column\" data-e-type=\"column\">\n\t\t\t<div class=\"elementor-widget-wrap\">\n\t\t\t\t\t\t\t<\/div>\n\t\t<\/div>\n\t\t\t\t\t<\/div>\n\t\t<\/section>\n\t\t\t\t<\/div>\n\t\t","protected":false},"excerpt":{"rendered":"<p>Soluzioni semplici, moderne e conformi nel rispetto della legge Chi siamo: Infostars Sempre e ovunque informati\u200b Informazioni su Infostars Infostars GmbH \u00e8 una societ\u00e0 austriaca con sede a Vienna. Fondata nel 2007, Infostars \u00e9 da allora che distribuisce con successo i suoi sistemi di localizzazione in Austria, Germania, Slovacchia, Slovenia, Spagna, Svizzera, Italia e Danimarca.&hellip;<\/p>\n","protected":false},"author":1,"featured_media":0,"parent":0,"menu_order":0,"comment_status":"closed","ping_status":"closed","template":"","meta":{"inline_featured_image":false,"footnotes":""},"class_list":["post-33474","page","type-page","status-publish","hentry"],"yoast_head":"<!-- This site is optimized with the Yoast SEO plugin v27.4 - https:\/\/yoast.com\/product\/yoast-seo-wordpress\/ -->\n<title>Chi siamo - GPS Infostars<\/title>\n<meta name=\"description\" content=\"Chi siamo Infostars. Il nostro software \u00e8 progettato, basato sul web e reattivo. Abbiamo molteplici anni d*esperienza nel settore logistico e GPS\" \/>\n<meta name=\"robots\" content=\"index, follow, max-snippet:-1, max-image-preview:large, max-video-preview:-1\" \/>\n<link rel=\"canonical\" href=\"https:\/\/www.gps-infostars.com\/it\/chisiamo\/\" \/>\n<meta property=\"og:locale\" content=\"it_IT\" \/>\n<meta property=\"og:type\" content=\"article\" \/>\n<meta property=\"og:title\" content=\"Chi siamo - GPS Infostars\" \/>\n<meta property=\"og:description\" content=\"Chi siamo Infostars. Il nostro software \u00e8 progettato, basato sul web e reattivo. Abbiamo molteplici anni d*esperienza nel settore logistico e GPS\" \/>\n<meta property=\"og:url\" content=\"https:\/\/www.gps-infostars.com\/it\/chisiamo\/\" \/>\n<meta property=\"og:site_name\" content=\"GPS Infostars\" \/>\n<meta property=\"article:modified_time\" content=\"2023-11-17T18:00:12+00:00\" \/>\n<meta property=\"og:image\" content=\"https:\/\/www.gps-infostars.com\/wp-content\/uploads\/jetzt_header.jpg\" \/>\n<meta name=\"twitter:card\" content=\"summary_large_image\" \/>\n<meta name=\"twitter:label1\" content=\"Est. reading time\" \/>\n\t<meta name=\"twitter:data1\" content=\"3 minuti\" \/>\n<script type=\"application\/ld+json\" class=\"yoast-schema-graph\">{\"@context\":\"https:\\\/\\\/schema.org\",\"@graph\":[{\"@type\":\"WebPage\",\"@id\":\"https:\\\/\\\/www.gps-infostars.com\\\/it\\\/chisiamo\\\/\",\"url\":\"https:\\\/\\\/www.gps-infostars.com\\\/it\\\/chisiamo\\\/\",\"name\":\"Chi siamo - GPS Infostars\",\"isPartOf\":{\"@id\":\"https:\\\/\\\/www.gps-infostars.com\\\/it\\\/#website\"},\"primaryImageOfPage\":{\"@id\":\"https:\\\/\\\/www.gps-infostars.com\\\/it\\\/chisiamo\\\/#primaryimage\"},\"image\":{\"@id\":\"https:\\\/\\\/www.gps-infostars.com\\\/it\\\/chisiamo\\\/#primaryimage\"},\"thumbnailUrl\":\"https:\\\/\\\/www.gps-infostars.com\\\/wp-content\\\/uploads\\\/jetzt_header.jpg\",\"datePublished\":\"2020-02-04T15:22:58+00:00\",\"dateModified\":\"2023-11-17T18:00:12+00:00\",\"description\":\"Chi siamo Infostars. Il nostro software \u00e8 progettato, basato sul web e reattivo. Abbiamo molteplici anni d*esperienza nel settore logistico e GPS\",\"breadcrumb\":{\"@id\":\"https:\\\/\\\/www.gps-infostars.com\\\/it\\\/chisiamo\\\/#breadcrumb\"},\"inLanguage\":\"it-IT\",\"potentialAction\":[{\"@type\":\"ReadAction\",\"target\":[\"https:\\\/\\\/www.gps-infostars.com\\\/it\\\/chisiamo\\\/\"]}]},{\"@type\":\"ImageObject\",\"inLanguage\":\"it-IT\",\"@id\":\"https:\\\/\\\/www.gps-infostars.com\\\/it\\\/chisiamo\\\/#primaryimage\",\"url\":\"https:\\\/\\\/www.gps-infostars.com\\\/wp-content\\\/uploads\\\/jetzt_header.jpg\",\"contentUrl\":\"https:\\\/\\\/www.gps-infostars.com\\\/wp-content\\\/uploads\\\/jetzt_header.jpg\"},{\"@type\":\"BreadcrumbList\",\"@id\":\"https:\\\/\\\/www.gps-infostars.com\\\/it\\\/chisiamo\\\/#breadcrumb\",\"itemListElement\":[{\"@type\":\"ListItem\",\"position\":1,\"name\":\"Startseite\",\"item\":\"https:\\\/\\\/www.gps-infostars.com\\\/it\\\/\"},{\"@type\":\"ListItem\",\"position\":2,\"name\":\"Chi siamo\"}]},{\"@type\":\"WebSite\",\"@id\":\"https:\\\/\\\/www.gps-infostars.com\\\/it\\\/#website\",\"url\":\"https:\\\/\\\/www.gps-infostars.com\\\/it\\\/\",\"name\":\"GPS Infostars\",\"description\":\"Einfach, pr\u00e4zise &amp; zuverl\u00e4ssig.\",\"publisher\":{\"@id\":\"https:\\\/\\\/www.gps-infostars.com\\\/it\\\/#organization\"},\"potentialAction\":[{\"@type\":\"SearchAction\",\"target\":{\"@type\":\"EntryPoint\",\"urlTemplate\":\"https:\\\/\\\/www.gps-infostars.com\\\/it\\\/?s={search_term_string}\"},\"query-input\":{\"@type\":\"PropertyValueSpecification\",\"valueRequired\":true,\"valueName\":\"search_term_string\"}}],\"inLanguage\":\"it-IT\"},{\"@type\":\"Organization\",\"@id\":\"https:\\\/\\\/www.gps-infostars.com\\\/it\\\/#organization\",\"name\":\"GPS Infostars\",\"url\":\"https:\\\/\\\/www.gps-infostars.com\\\/it\\\/\",\"logo\":{\"@type\":\"ImageObject\",\"inLanguage\":\"it-IT\",\"@id\":\"https:\\\/\\\/www.gps-infostars.com\\\/it\\\/#\\\/schema\\\/logo\\\/image\\\/\",\"url\":\"https:\\\/\\\/www.gps-infostars.com\\\/wp-content\\\/uploads\\\/logo_infostars.png\",\"contentUrl\":\"https:\\\/\\\/www.gps-infostars.com\\\/wp-content\\\/uploads\\\/logo_infostars.png\",\"width\":1125,\"height\":360,\"caption\":\"GPS Infostars\"},\"image\":{\"@id\":\"https:\\\/\\\/www.gps-infostars.com\\\/it\\\/#\\\/schema\\\/logo\\\/image\\\/\"}}]}<\/script>\n<!-- \/ Yoast SEO plugin. -->","yoast_head_json":{"title":"Chi siamo - GPS Infostars","description":"Chi siamo Infostars. Il nostro software \u00e8 progettato, basato sul web e reattivo. Abbiamo molteplici anni d*esperienza nel settore logistico e GPS","robots":{"index":"index","follow":"follow","max-snippet":"max-snippet:-1","max-image-preview":"max-image-preview:large","max-video-preview":"max-video-preview:-1"},"canonical":"https:\/\/www.gps-infostars.com\/it\/chisiamo\/","og_locale":"it_IT","og_type":"article","og_title":"Chi siamo - GPS Infostars","og_description":"Chi siamo Infostars. Il nostro software \u00e8 progettato, basato sul web e reattivo. Abbiamo molteplici anni d*esperienza nel settore logistico e GPS","og_url":"https:\/\/www.gps-infostars.com\/it\/chisiamo\/","og_site_name":"GPS Infostars","article_modified_time":"2023-11-17T18:00:12+00:00","og_image":[{"url":"https:\/\/www.gps-infostars.com\/wp-content\/uploads\/jetzt_header.jpg","type":"","width":"","height":""}],"twitter_card":"summary_large_image","twitter_misc":{"Est. reading time":"3 minuti"},"schema":{"@context":"https:\/\/schema.org","@graph":[{"@type":"WebPage","@id":"https:\/\/www.gps-infostars.com\/it\/chisiamo\/","url":"https:\/\/www.gps-infostars.com\/it\/chisiamo\/","name":"Chi siamo - GPS Infostars","isPartOf":{"@id":"https:\/\/www.gps-infostars.com\/it\/#website"},"primaryImageOfPage":{"@id":"https:\/\/www.gps-infostars.com\/it\/chisiamo\/#primaryimage"},"image":{"@id":"https:\/\/www.gps-infostars.com\/it\/chisiamo\/#primaryimage"},"thumbnailUrl":"https:\/\/www.gps-infostars.com\/wp-content\/uploads\/jetzt_header.jpg","datePublished":"2020-02-04T15:22:58+00:00","dateModified":"2023-11-17T18:00:12+00:00","description":"Chi siamo Infostars. Il nostro software \u00e8 progettato, basato sul web e reattivo. Abbiamo molteplici anni d*esperienza nel settore logistico e GPS","breadcrumb":{"@id":"https:\/\/www.gps-infostars.com\/it\/chisiamo\/#breadcrumb"},"inLanguage":"it-IT","potentialAction":[{"@type":"ReadAction","target":["https:\/\/www.gps-infostars.com\/it\/chisiamo\/"]}]},{"@type":"ImageObject","inLanguage":"it-IT","@id":"https:\/\/www.gps-infostars.com\/it\/chisiamo\/#primaryimage","url":"https:\/\/www.gps-infostars.com\/wp-content\/uploads\/jetzt_header.jpg","contentUrl":"https:\/\/www.gps-infostars.com\/wp-content\/uploads\/jetzt_header.jpg"},{"@type":"BreadcrumbList","@id":"https:\/\/www.gps-infostars.com\/it\/chisiamo\/#breadcrumb","itemListElement":[{"@type":"ListItem","position":1,"name":"Startseite","item":"https:\/\/www.gps-infostars.com\/it\/"},{"@type":"ListItem","position":2,"name":"Chi siamo"}]},{"@type":"WebSite","@id":"https:\/\/www.gps-infostars.com\/it\/#website","url":"https:\/\/www.gps-infostars.com\/it\/","name":"GPS Infostars","description":"Einfach, pr\u00e4zise &amp; zuverl\u00e4ssig.","publisher":{"@id":"https:\/\/www.gps-infostars.com\/it\/#organization"},"potentialAction":[{"@type":"SearchAction","target":{"@type":"EntryPoint","urlTemplate":"https:\/\/www.gps-infostars.com\/it\/?s={search_term_string}"},"query-input":{"@type":"PropertyValueSpecification","valueRequired":true,"valueName":"search_term_string"}}],"inLanguage":"it-IT"},{"@type":"Organization","@id":"https:\/\/www.gps-infostars.com\/it\/#organization","name":"GPS Infostars","url":"https:\/\/www.gps-infostars.com\/it\/","logo":{"@type":"ImageObject","inLanguage":"it-IT","@id":"https:\/\/www.gps-infostars.com\/it\/#\/schema\/logo\/image\/","url":"https:\/\/www.gps-infostars.com\/wp-content\/uploads\/logo_infostars.png","contentUrl":"https:\/\/www.gps-infostars.com\/wp-content\/uploads\/logo_infostars.png","width":1125,"height":360,"caption":"GPS Infostars"},"image":{"@id":"https:\/\/www.gps-infostars.com\/it\/#\/schema\/logo\/image\/"}}]}},"_links":{"self":[{"href":"https:\/\/www.gps-infostars.com\/it\/wp-json\/wp\/v2\/pages\/33474","targetHints":{"allow":["GET"]}}],"collection":[{"href":"https:\/\/www.gps-infostars.com\/it\/wp-json\/wp\/v2\/pages"}],"about":[{"href":"https:\/\/www.gps-infostars.com\/it\/wp-json\/wp\/v2\/types\/page"}],"author":[{"embeddable":true,"href":"https:\/\/www.gps-infostars.com\/it\/wp-json\/wp\/v2\/users\/1"}],"replies":[{"embeddable":true,"href":"https:\/\/www.gps-infostars.com\/it\/wp-json\/wp\/v2\/comments?post=33474"}],"version-history":[{"count":35,"href":"https:\/\/www.gps-infostars.com\/it\/wp-json\/wp\/v2\/pages\/33474\/revisions"}],"predecessor-version":[{"id":50026,"href":"https:\/\/www.gps-infostars.com\/it\/wp-json\/wp\/v2\/pages\/33474\/revisions\/50026"}],"wp:attachment":[{"href":"https:\/\/www.gps-infostars.com\/it\/wp-json\/wp\/v2\/media?parent=33474"}],"curies":[{"name":"wp","href":"https:\/\/api.w.org\/{rel}","templated":true}]}}