{"id":33656,"date":"2022-01-26T20:10:23","date_gmt":"2022-01-26T19:10:23","guid":{"rendered":"http:\/\/dev2.gps-infostars.com\/branchenloesungen\/bahn-und-fraechter\/"},"modified":"2023-04-17T15:34:37","modified_gmt":"2023-04-17T13:34:37","slug":"ferrovie-e-vettori","status":"publish","type":"page","link":"https:\/\/www.gps-infostars.com\/it\/soluzioni-settore\/ferrovie-e-vettori\/","title":{"rendered":"Ferrovie e vettori"},"content":{"rendered":"\t\t<div data-elementor-type=\"wp-page\" data-elementor-id=\"33656\" class=\"elementor elementor-33656 elementor-30991\" data-elementor-post-type=\"page\">\n\t\t\t\t\t\t<section class=\"elementor-section elementor-top-section elementor-element elementor-element-7411904a elementor-section-boxed elementor-section-height-default elementor-section-height-default\" data-id=\"7411904a\" data-element_type=\"section\" data-e-type=\"section\">\n\t\t\t\t\t\t<div class=\"elementor-container elementor-column-gap-default\">\n\t\t\t\t\t<div class=\"elementor-column elementor-col-100 elementor-top-column elementor-element elementor-element-66e922d6\" data-id=\"66e922d6\" data-element_type=\"column\" data-e-type=\"column\">\n\t\t\t<div class=\"elementor-widget-wrap elementor-element-populated\">\n\t\t\t\t\t\t<div class=\"elementor-element elementor-element-5d0dcb90 elementor-widget elementor-widget-heading\" data-id=\"5d0dcb90\" data-element_type=\"widget\" data-e-type=\"widget\" data-widget_type=\"heading.default\">\n\t\t\t\t<div class=\"elementor-widget-container\">\n\t\t\t\t\t<h2 class=\"elementor-heading-title elementor-size-default\">Sempre e ovunque informati<\/h2>\t\t\t\t<\/div>\n\t\t\t\t<\/div>\n\t\t\t\t<div class=\"elementor-element elementor-element-392878f6 elementor-widget elementor-widget-heading\" data-id=\"392878f6\" data-element_type=\"widget\" data-e-type=\"widget\" data-widget_type=\"heading.default\">\n\t\t\t\t<div class=\"elementor-widget-container\">\n\t\t\t\t\t<h1 class=\"elementor-heading-title elementor-size-default\">Ferrovie e vettori<\/h1>\t\t\t\t<\/div>\n\t\t\t\t<\/div>\n\t\t\t\t<div class=\"elementor-element elementor-element-2ccb4ba elementor-widget elementor-widget-image\" data-id=\"2ccb4ba\" data-element_type=\"widget\" data-e-type=\"widget\" data-widget_type=\"image.default\">\n\t\t\t\t<div class=\"elementor-widget-container\">\n\t\t\t\t\t\t\t\t\t\t\t\t\t\t\t<img fetchpriority=\"high\" decoding=\"async\" width=\"1200\" height=\"209\" src=\"https:\/\/www.gps-infostars.com\/wp-content\/uploads\/bahn_header.jpg\" class=\"attachment-large size-large wp-image-33377\" alt=\"bahn gps tracking\" srcset=\"https:\/\/www.gps-infostars.com\/wp-content\/uploads\/bahn_header.jpg 2400w, https:\/\/www.gps-infostars.com\/wp-content\/uploads\/bahn_header-800x139.jpg 800w, https:\/\/www.gps-infostars.com\/wp-content\/uploads\/bahn_header-600x104.jpg 600w, https:\/\/www.gps-infostars.com\/wp-content\/uploads\/bahn_header-768x133.jpg 768w, https:\/\/www.gps-infostars.com\/wp-content\/uploads\/bahn_header-1536x267.jpg 1536w, https:\/\/www.gps-infostars.com\/wp-content\/uploads\/bahn_header-2048x356.jpg 2048w\" sizes=\"(max-width: 1200px) 100vw, 1200px\" \/>\t\t\t\t\t\t\t\t\t\t\t\t\t\t\t<\/div>\n\t\t\t\t<\/div>\n\t\t\t\t\t<\/div>\n\t\t<\/div>\n\t\t\t\t\t<\/div>\n\t\t<\/section>\n\t\t\t\t<section class=\"elementor-section elementor-top-section elementor-element elementor-element-4503c828 elementor-section-boxed elementor-section-height-default elementor-section-height-default\" data-id=\"4503c828\" data-element_type=\"section\" data-e-type=\"section\">\n\t\t\t\t\t\t<div class=\"elementor-container elementor-column-gap-default\">\n\t\t\t\t\t<div class=\"elementor-column elementor-col-66 elementor-top-column elementor-element elementor-element-5fddb69a\" data-id=\"5fddb69a\" data-element_type=\"column\" data-e-type=\"column\">\n\t\t\t<div class=\"elementor-widget-wrap elementor-element-populated\">\n\t\t\t\t\t\t<div class=\"elementor-element elementor-element-4afdfbb7 elementor-widget elementor-widget-text-editor\" data-id=\"4afdfbb7\" data-element_type=\"widget\" data-e-type=\"widget\" data-widget_type=\"text-editor.default\">\n\t\t\t\t<div class=\"elementor-widget-container\">\n\t\t\t\t\t\t\t\t\t<p><strong>Con i nostri prodotti di tracciamento GPS, potete vedere a colpo d&#8217;occhio dove si trovano i vostri container e in quale direzione sono orientati i vagoni, il che pu\u00f2 essere molto importante quando si caricano, scaricano o sono in uso.<\/strong><\/p><p>Con la localizzazione GPS, sapete dove sono stati parcheggiati i vagoni. Questo facilita i vostri dispacciamenti. Inoltre, potete essere informati automaticamente quando il carro arriva a destinazione.<\/p><p>I nostri dispositivi GPS mobili durano fino a 10 anni con una sola carica della batteria. Ci\u00f2 significa che la logistica della sostituzione delle batterie non \u00e8 pi\u00f9 un problema ricorrente.<\/p><h3>Localizzazione in tempo reale durante la consegna<\/h3><p>I nostri dispositivi GPS di solito mostrano la posizione della merce durante il trasporto. In questo modo si ottiene automaticamente un aggiornamento sull&#8217;andamento della consegna e si riceve una grande qualit\u00e0 e quantit\u00e0 di dati sul vettore o vagone.<\/p><p>Soprattutto per i trasporti critici dal punto di vista temporale o per quelli con un elevato valore della merce, \u00e8 possibile ricevere avvisi automatici per attivit\u00e0 insolite con il tracciamento GPS del corridoio o attraverso le zone di divieto o di precetto.<\/p><p>\u00a0<\/p><h3>I vostri vantaggi in sintesi:<\/h3><p><span style=\"color: #e1710f;\">\u2192<\/span> Dispacciamento<\/p><p><span style=\"color: #e1710f;\">\u2192 <\/span>Protezione antifurto<\/p><p><span style=\"color: #e1710f;\">\u2192 <\/span>Informazioni sull&#8217;arrivo a destinazione<\/p><p><span style=\"color: #e1710f;\">\u2192\u00a0<\/span>Visualizzazione della direzione in cui sono orientati i container o i vagoni<\/p><p><span style=\"color: #e1710f;\">\u2192\u00a0<\/span>Visualizzazione del tragitto percorso<\/p><p><span style=\"color: #e1710f;\">\u2192 <\/span>Localizzazione in tempo reale della merce durante il periodo di consegna<\/p><p><span style=\"color: #e1710f;\">\u2192\u00a0<\/span>Dispositivi mobili con durata fino a 10 anni<\/p>\t\t\t\t\t\t\t\t<\/div>\n\t\t\t\t<\/div>\n\t\t\t\t<div class=\"elementor-element elementor-element-3f3f3d5 elementor-widget elementor-widget-text-editor\" data-id=\"3f3f3d5\" data-element_type=\"widget\" data-e-type=\"widget\" data-widget_type=\"text-editor.default\">\n\t\t\t\t<div class=\"elementor-widget-container\">\n\t\t\t\t\t\t\t\t\t<div class=\"elementor-element elementor-element-1fa08b6 elementor-widget elementor-widget-text-editor\" data-id=\"1fa08b6\" data-element_type=\"widget\" data-widget_type=\"text-editor.default\"><div class=\"elementor-widget-container\"><div class=\"elementor-element elementor-element-1c7b1aa elementor-widget elementor-widget-text-editor\" data-id=\"1c7b1aa\" data-element_type=\"widget\" data-widget_type=\"text-editor.default\"><div class=\"elementor-widget-container\"><div class=\"elementor-element elementor-element-eacd26e elementor-widget elementor-widget-text-editor\" data-id=\"eacd26e\" data-element_type=\"widget\" data-widget_type=\"text-editor.default\"><div class=\"elementor-widget-container\"><h3>Avete domande?<\/h3><p>I nostri consulenti specializzati sono sempre a vostra disposizione! Contattateci al numero: <a href=\"tel: 0039 0267739175\">+39 0267739175<\/a> (lun-ven 9.00 -17.00).<\/p><p>E-Mail al seguente indirizzo <a href=\"&#x6d;a&#x69;&#108;&#x74;&#x6f;:&#x75;&#102;&#x66;&#x69;c&#x69;&#111;&#x40;&#x67;p&#x73;&#45;&#x69;&#x6e;f&#x6f;&#115;&#x74;&#x61;r&#x73;&#46;&#x63;&#x6f;m\">&#x75;&#102;f&#x69;&#x63;&#105;o&#x40;&#x67;&#112;s&#x2d;&#105;n&#x66;&#x6f;&#115;t&#x61;&#x72;&#115;&#46;&#x63;&#111;&#109; <\/a>oppure usate il nostro modulo di contatto <a href=\"https:\/\/www.gps-infostars.com\/it\/consulenza-contatti\/modulo-di-contatto\/\">\u2192 Modulo di contatto<\/a><\/p><\/div><\/div><\/div><\/div><\/div><\/div>\t\t\t\t\t\t\t\t<\/div>\n\t\t\t\t<\/div>\n\t\t\t\t\t<\/div>\n\t\t<\/div>\n\t\t\t\t<div class=\"elementor-column elementor-col-33 elementor-top-column elementor-element elementor-element-6f0ece27\" data-id=\"6f0ece27\" data-element_type=\"column\" data-e-type=\"column\">\n\t\t\t<div class=\"elementor-widget-wrap elementor-element-populated\">\n\t\t\t\t\t\t<div class=\"elementor-element elementor-element-38a8a354 elementor-widget elementor-widget-heading\" data-id=\"38a8a354\" data-element_type=\"widget\" data-e-type=\"widget\" data-widget_type=\"heading.default\">\n\t\t\t\t<div class=\"elementor-widget-container\">\n\t\t\t\t\t<h3 class=\"elementor-heading-title elementor-size-default\">il nostro prodotto<\/h3>\t\t\t\t<\/div>\n\t\t\t\t<\/div>\n\t\t\t\t<section class=\"elementor-section elementor-inner-section elementor-element elementor-element-0e51ee9 elementor-section-boxed elementor-section-height-default elementor-section-height-default\" data-id=\"0e51ee9\" data-element_type=\"section\" data-e-type=\"section\">\n\t\t\t\t\t\t<div class=\"elementor-container elementor-column-gap-default\">\n\t\t\t\t\t<div class=\"elementor-column elementor-col-100 elementor-inner-column elementor-element elementor-element-61ecbb3\" data-id=\"61ecbb3\" data-element_type=\"column\" data-e-type=\"column\">\n\t\t\t<div class=\"elementor-widget-wrap elementor-element-populated\">\n\t\t\t\t\t\t<div class=\"elementor-element elementor-element-e3efc11 elementor-widget elementor-widget-image\" data-id=\"e3efc11\" data-element_type=\"widget\" data-e-type=\"widget\" data-widget_type=\"image.default\">\n\t\t\t\t<div class=\"elementor-widget-container\">\n\t\t\t\t\t\t\t\t\t\t\t\t\t\t\t<img decoding=\"async\" width=\"1200\" height=\"923\" src=\"https:\/\/www.gps-infostars.com\/wp-content\/uploads\/gps_asset_standard_batterylight2-2400x1846.jpg\" class=\"attachment-large size-large wp-image-38791\" alt=\"\" srcset=\"https:\/\/www.gps-infostars.com\/wp-content\/uploads\/gps_asset_standard_batterylight2-2400x1846.jpg 2400w, https:\/\/www.gps-infostars.com\/wp-content\/uploads\/gps_asset_standard_batterylight2-scaled-800x615.jpg 800w, https:\/\/www.gps-infostars.com\/wp-content\/uploads\/gps_asset_standard_batterylight2-600x462.jpg 600w, https:\/\/www.gps-infostars.com\/wp-content\/uploads\/gps_asset_standard_batterylight2-768x591.jpg 768w, https:\/\/www.gps-infostars.com\/wp-content\/uploads\/gps_asset_standard_batterylight2-1536x1182.jpg 1536w, https:\/\/www.gps-infostars.com\/wp-content\/uploads\/gps_asset_standard_batterylight2-2048x1575.jpg 2048w\" sizes=\"(max-width: 1200px) 100vw, 1200px\" \/>\t\t\t\t\t\t\t\t\t\t\t\t\t\t\t<\/div>\n\t\t\t\t<\/div>\n\t\t\t\t<div class=\"elementor-element elementor-element-4519798 elementor-widget elementor-widget-text-editor\" data-id=\"4519798\" data-element_type=\"widget\" data-e-type=\"widget\" data-widget_type=\"text-editor.default\">\n\t\t\t\t<div class=\"elementor-widget-container\">\n\t\t\t\t\t\t\t\t\t<h5>Il miglior pacchetto risorse di Infostars.<\/h5><h4>Localizzazione di <br \/>asset avanzato<\/h4><div><p>Localizza le tue risorse in un qualsiasi <br \/>momento e parte del mondo tramite <br \/>GPS o GSM, inclusa la scheda SIM e i <br \/>costi di trasferimento della scheda SIM <br \/>e dei dati nell\u2019UE e nella zona 1.<\/p><p><span style=\"color: #e1710f; letter-spacing: 0.32px; text-transform: var(--the7-base-text-transform); word-spacing: normal;\">\u2192\u00a0<\/span>\u00a0Visualizzazione della posizione in <br \/>tempo reale di tutte le risorse in <br \/>Google Maps<\/p><p><span style=\"color: #e1710f; letter-spacing: 0.32px; text-transform: var(--the7-base-text-transform); word-spacing: normal;\">\u2192 <\/span>Indirizzo con numero civico e zona<\/p><p><span style=\"color: #e1710f; letter-spacing: 0.32px; text-transform: var(--the7-base-text-transform); word-spacing: normal;\">\u2192<\/span> Recinzioni virtuali per asset con <br \/>allarmi automatici<\/p><p><span style=\"color: #e1710f; letter-spacing: 0.32px; text-transform: var(--the7-base-text-transform); word-spacing: normal;\">\u2192 <\/span>Visualizzazione dei tragitti dell&#8217;assetto<\/p><p><span style=\"color: #e1710f; letter-spacing: 0.32px; text-transform: var(--the7-base-text-transform); word-spacing: normal;\">\u2192\u00a0<\/span>Scheda SIM con trasferimento <br \/>dati inclusa.<\/p><p><span style=\"color: #e1710f; letter-spacing: 0.32px; text-transform: var(--the7-base-text-transform); word-spacing: normal;\">\u2192 <\/span>Localizzatore GPS mobile<\/p><\/div>\t\t\t\t\t\t\t\t<\/div>\n\t\t\t\t<\/div>\n\t\t\t\t<div class=\"elementor-element elementor-element-a3e85a0 elementor-align-center elementor-widget elementor-widget-button\" data-id=\"a3e85a0\" data-element_type=\"widget\" data-e-type=\"widget\" data-widget_type=\"button.default\">\n\t\t\t\t<div class=\"elementor-widget-container\">\n\t\t\t\t\t\t\t\t\t<div class=\"elementor-button-wrapper\">\n\t\t\t\t\t<a class=\"elementor-button elementor-button-link elementor-size-sm\" href=\"\/onlineshop\/asset-gps-tracking-produkte\/\">\n\t\t\t\t\t\t<span class=\"elementor-button-content-wrapper\">\n\t\t\t\t\t\t\t\t\t<span class=\"elementor-button-text\">Al negozio<\/span>\n\t\t\t\t\t<\/span>\n\t\t\t\t\t<\/a>\n\t\t\t\t<\/div>\n\t\t\t\t\t\t\t\t<\/div>\n\t\t\t\t<\/div>\n\t\t\t\t\t<\/div>\n\t\t<\/div>\n\t\t\t\t\t<\/div>\n\t\t<\/section>\n\t\t\t\t\t<\/div>\n\t\t<\/div>\n\t\t\t\t\t<\/div>\n\t\t<\/section>\n\t\t\t\t<section class=\"elementor-section elementor-top-section elementor-element elementor-element-16f52353 elementor-section-boxed elementor-section-height-default elementor-section-height-default\" data-id=\"16f52353\" data-element_type=\"section\" data-e-type=\"section\">\n\t\t\t\t\t\t<div class=\"elementor-container elementor-column-gap-default\">\n\t\t\t\t\t<div class=\"elementor-column elementor-col-100 elementor-top-column elementor-element elementor-element-2c236663\" data-id=\"2c236663\" data-element_type=\"column\" data-e-type=\"column\">\n\t\t\t<div class=\"elementor-widget-wrap\">\n\t\t\t\t\t\t\t<\/div>\n\t\t<\/div>\n\t\t\t\t\t<\/div>\n\t\t<\/section>\n\t\t\t\t<\/div>\n\t\t","protected":false},"excerpt":{"rendered":"<p>Sempre e ovunque informati Ferrovie e vettori Con i nostri prodotti di tracciamento GPS, potete vedere a colpo d&#8217;occhio dove si trovano i vostri container e in quale direzione sono orientati i vagoni, il che pu\u00f2 essere molto importante quando si caricano, scaricano o sono in uso. Con la localizzazione GPS, sapete dove sono stati&hellip;<\/p>\n","protected":false},"author":1,"featured_media":0,"parent":33654,"menu_order":0,"comment_status":"closed","ping_status":"closed","template":"","meta":{"inline_featured_image":false,"footnotes":""},"class_list":["post-33656","page","type-page","status-publish","hentry"],"yoast_head":"<!-- This site is optimized with the Yoast SEO plugin v27.4 - https:\/\/yoast.com\/product\/yoast-seo-wordpress\/ -->\n<title>Ferrovie e vettori - GPS Infostars<\/title>\n<meta name=\"description\" content=\"Potete vedere dove si trovano i vostri container e in quale direzione sono orientati i vagoni, quando si caricano, scaricano o sono in uso.\" \/>\n<meta name=\"robots\" content=\"index, follow, max-snippet:-1, max-image-preview:large, max-video-preview:-1\" \/>\n<link rel=\"canonical\" href=\"https:\/\/www.gps-infostars.com\/it\/soluzioni-settore\/ferrovie-e-vettori\/\" \/>\n<meta property=\"og:locale\" content=\"it_IT\" \/>\n<meta property=\"og:type\" content=\"article\" \/>\n<meta property=\"og:title\" content=\"Ferrovie e vettori - GPS Infostars\" \/>\n<meta property=\"og:description\" content=\"Potete vedere dove si trovano i vostri container e in quale direzione sono orientati i vagoni, quando si caricano, scaricano o sono in uso.\" \/>\n<meta property=\"og:url\" content=\"https:\/\/www.gps-infostars.com\/it\/soluzioni-settore\/ferrovie-e-vettori\/\" \/>\n<meta property=\"og:site_name\" content=\"GPS Infostars\" \/>\n<meta property=\"article:modified_time\" content=\"2023-04-17T13:34:37+00:00\" \/>\n<meta property=\"og:image\" content=\"https:\/\/www.gps-infostars.com\/wp-content\/uploads\/bahn_header.jpg\" \/>\n<meta name=\"twitter:card\" content=\"summary_large_image\" \/>\n<meta name=\"twitter:label1\" content=\"Tempo di lettura stimato\" \/>\n\t<meta name=\"twitter:data1\" content=\"2 minuti\" \/>\n<script type=\"application\/ld+json\" class=\"yoast-schema-graph\">{\"@context\":\"https:\\\/\\\/schema.org\",\"@graph\":[{\"@type\":\"WebPage\",\"@id\":\"https:\\\/\\\/www.gps-infostars.com\\\/it\\\/soluzioni-settore\\\/ferrovie-e-vettori\\\/\",\"url\":\"https:\\\/\\\/www.gps-infostars.com\\\/it\\\/soluzioni-settore\\\/ferrovie-e-vettori\\\/\",\"name\":\"Ferrovie e vettori - GPS Infostars\",\"isPartOf\":{\"@id\":\"https:\\\/\\\/www.gps-infostars.com\\\/it\\\/#website\"},\"primaryImageOfPage\":{\"@id\":\"https:\\\/\\\/www.gps-infostars.com\\\/it\\\/soluzioni-settore\\\/ferrovie-e-vettori\\\/#primaryimage\"},\"image\":{\"@id\":\"https:\\\/\\\/www.gps-infostars.com\\\/it\\\/soluzioni-settore\\\/ferrovie-e-vettori\\\/#primaryimage\"},\"thumbnailUrl\":\"https:\\\/\\\/www.gps-infostars.com\\\/wp-content\\\/uploads\\\/bahn_header.jpg\",\"datePublished\":\"2022-01-26T19:10:23+00:00\",\"dateModified\":\"2023-04-17T13:34:37+00:00\",\"description\":\"Potete vedere dove si trovano i vostri container e in quale direzione sono orientati i vagoni, quando si caricano, scaricano o sono in uso.\",\"breadcrumb\":{\"@id\":\"https:\\\/\\\/www.gps-infostars.com\\\/it\\\/soluzioni-settore\\\/ferrovie-e-vettori\\\/#breadcrumb\"},\"inLanguage\":\"it-IT\",\"potentialAction\":[{\"@type\":\"ReadAction\",\"target\":[\"https:\\\/\\\/www.gps-infostars.com\\\/it\\\/soluzioni-settore\\\/ferrovie-e-vettori\\\/\"]}]},{\"@type\":\"ImageObject\",\"inLanguage\":\"it-IT\",\"@id\":\"https:\\\/\\\/www.gps-infostars.com\\\/it\\\/soluzioni-settore\\\/ferrovie-e-vettori\\\/#primaryimage\",\"url\":\"https:\\\/\\\/www.gps-infostars.com\\\/wp-content\\\/uploads\\\/bahn_header.jpg\",\"contentUrl\":\"https:\\\/\\\/www.gps-infostars.com\\\/wp-content\\\/uploads\\\/bahn_header.jpg\"},{\"@type\":\"BreadcrumbList\",\"@id\":\"https:\\\/\\\/www.gps-infostars.com\\\/it\\\/soluzioni-settore\\\/ferrovie-e-vettori\\\/#breadcrumb\",\"itemListElement\":[{\"@type\":\"ListItem\",\"position\":1,\"name\":\"Startseite\",\"item\":\"https:\\\/\\\/www.gps-infostars.com\\\/it\\\/\"},{\"@type\":\"ListItem\",\"position\":2,\"name\":\"Soluzioni di settore\",\"item\":\"https:\\\/\\\/www.gps-infostars.com\\\/it\\\/branchenloesungen\\\/\"},{\"@type\":\"ListItem\",\"position\":3,\"name\":\"Ferrovie e vettori\"}]},{\"@type\":\"WebSite\",\"@id\":\"https:\\\/\\\/www.gps-infostars.com\\\/it\\\/#website\",\"url\":\"https:\\\/\\\/www.gps-infostars.com\\\/it\\\/\",\"name\":\"GPS Infostars\",\"description\":\"Einfach, pr\u00e4zise &amp; zuverl\u00e4ssig.\",\"publisher\":{\"@id\":\"https:\\\/\\\/www.gps-infostars.com\\\/it\\\/#organization\"},\"potentialAction\":[{\"@type\":\"SearchAction\",\"target\":{\"@type\":\"EntryPoint\",\"urlTemplate\":\"https:\\\/\\\/www.gps-infostars.com\\\/it\\\/?s={search_term_string}\"},\"query-input\":{\"@type\":\"PropertyValueSpecification\",\"valueRequired\":true,\"valueName\":\"search_term_string\"}}],\"inLanguage\":\"it-IT\"},{\"@type\":\"Organization\",\"@id\":\"https:\\\/\\\/www.gps-infostars.com\\\/it\\\/#organization\",\"name\":\"GPS Infostars\",\"url\":\"https:\\\/\\\/www.gps-infostars.com\\\/it\\\/\",\"logo\":{\"@type\":\"ImageObject\",\"inLanguage\":\"it-IT\",\"@id\":\"https:\\\/\\\/www.gps-infostars.com\\\/it\\\/#\\\/schema\\\/logo\\\/image\\\/\",\"url\":\"https:\\\/\\\/www.gps-infostars.com\\\/wp-content\\\/uploads\\\/logo_infostars.png\",\"contentUrl\":\"https:\\\/\\\/www.gps-infostars.com\\\/wp-content\\\/uploads\\\/logo_infostars.png\",\"width\":1125,\"height\":360,\"caption\":\"GPS Infostars\"},\"image\":{\"@id\":\"https:\\\/\\\/www.gps-infostars.com\\\/it\\\/#\\\/schema\\\/logo\\\/image\\\/\"}}]}<\/script>\n<!-- \/ Yoast SEO plugin. -->","yoast_head_json":{"title":"Ferrovie e vettori - GPS Infostars","description":"Potete vedere dove si trovano i vostri container e in quale direzione sono orientati i vagoni, quando si caricano, scaricano o sono in uso.","robots":{"index":"index","follow":"follow","max-snippet":"max-snippet:-1","max-image-preview":"max-image-preview:large","max-video-preview":"max-video-preview:-1"},"canonical":"https:\/\/www.gps-infostars.com\/it\/soluzioni-settore\/ferrovie-e-vettori\/","og_locale":"it_IT","og_type":"article","og_title":"Ferrovie e vettori - GPS Infostars","og_description":"Potete vedere dove si trovano i vostri container e in quale direzione sono orientati i vagoni, quando si caricano, scaricano o sono in uso.","og_url":"https:\/\/www.gps-infostars.com\/it\/soluzioni-settore\/ferrovie-e-vettori\/","og_site_name":"GPS Infostars","article_modified_time":"2023-04-17T13:34:37+00:00","og_image":[{"url":"https:\/\/www.gps-infostars.com\/wp-content\/uploads\/bahn_header.jpg","type":"","width":"","height":""}],"twitter_card":"summary_large_image","twitter_misc":{"Tempo di lettura stimato":"2 minuti"},"schema":{"@context":"https:\/\/schema.org","@graph":[{"@type":"WebPage","@id":"https:\/\/www.gps-infostars.com\/it\/soluzioni-settore\/ferrovie-e-vettori\/","url":"https:\/\/www.gps-infostars.com\/it\/soluzioni-settore\/ferrovie-e-vettori\/","name":"Ferrovie e vettori - GPS Infostars","isPartOf":{"@id":"https:\/\/www.gps-infostars.com\/it\/#website"},"primaryImageOfPage":{"@id":"https:\/\/www.gps-infostars.com\/it\/soluzioni-settore\/ferrovie-e-vettori\/#primaryimage"},"image":{"@id":"https:\/\/www.gps-infostars.com\/it\/soluzioni-settore\/ferrovie-e-vettori\/#primaryimage"},"thumbnailUrl":"https:\/\/www.gps-infostars.com\/wp-content\/uploads\/bahn_header.jpg","datePublished":"2022-01-26T19:10:23+00:00","dateModified":"2023-04-17T13:34:37+00:00","description":"Potete vedere dove si trovano i vostri container e in quale direzione sono orientati i vagoni, quando si caricano, scaricano o sono in uso.","breadcrumb":{"@id":"https:\/\/www.gps-infostars.com\/it\/soluzioni-settore\/ferrovie-e-vettori\/#breadcrumb"},"inLanguage":"it-IT","potentialAction":[{"@type":"ReadAction","target":["https:\/\/www.gps-infostars.com\/it\/soluzioni-settore\/ferrovie-e-vettori\/"]}]},{"@type":"ImageObject","inLanguage":"it-IT","@id":"https:\/\/www.gps-infostars.com\/it\/soluzioni-settore\/ferrovie-e-vettori\/#primaryimage","url":"https:\/\/www.gps-infostars.com\/wp-content\/uploads\/bahn_header.jpg","contentUrl":"https:\/\/www.gps-infostars.com\/wp-content\/uploads\/bahn_header.jpg"},{"@type":"BreadcrumbList","@id":"https:\/\/www.gps-infostars.com\/it\/soluzioni-settore\/ferrovie-e-vettori\/#breadcrumb","itemListElement":[{"@type":"ListItem","position":1,"name":"Startseite","item":"https:\/\/www.gps-infostars.com\/it\/"},{"@type":"ListItem","position":2,"name":"Soluzioni di settore","item":"https:\/\/www.gps-infostars.com\/it\/branchenloesungen\/"},{"@type":"ListItem","position":3,"name":"Ferrovie e vettori"}]},{"@type":"WebSite","@id":"https:\/\/www.gps-infostars.com\/it\/#website","url":"https:\/\/www.gps-infostars.com\/it\/","name":"GPS Infostars","description":"Einfach, pr\u00e4zise &amp; zuverl\u00e4ssig.","publisher":{"@id":"https:\/\/www.gps-infostars.com\/it\/#organization"},"potentialAction":[{"@type":"SearchAction","target":{"@type":"EntryPoint","urlTemplate":"https:\/\/www.gps-infostars.com\/it\/?s={search_term_string}"},"query-input":{"@type":"PropertyValueSpecification","valueRequired":true,"valueName":"search_term_string"}}],"inLanguage":"it-IT"},{"@type":"Organization","@id":"https:\/\/www.gps-infostars.com\/it\/#organization","name":"GPS Infostars","url":"https:\/\/www.gps-infostars.com\/it\/","logo":{"@type":"ImageObject","inLanguage":"it-IT","@id":"https:\/\/www.gps-infostars.com\/it\/#\/schema\/logo\/image\/","url":"https:\/\/www.gps-infostars.com\/wp-content\/uploads\/logo_infostars.png","contentUrl":"https:\/\/www.gps-infostars.com\/wp-content\/uploads\/logo_infostars.png","width":1125,"height":360,"caption":"GPS Infostars"},"image":{"@id":"https:\/\/www.gps-infostars.com\/it\/#\/schema\/logo\/image\/"}}]}},"_links":{"self":[{"href":"https:\/\/www.gps-infostars.com\/it\/wp-json\/wp\/v2\/pages\/33656","targetHints":{"allow":["GET"]}}],"collection":[{"href":"https:\/\/www.gps-infostars.com\/it\/wp-json\/wp\/v2\/pages"}],"about":[{"href":"https:\/\/www.gps-infostars.com\/it\/wp-json\/wp\/v2\/types\/page"}],"author":[{"embeddable":true,"href":"https:\/\/www.gps-infostars.com\/it\/wp-json\/wp\/v2\/users\/1"}],"replies":[{"embeddable":true,"href":"https:\/\/www.gps-infostars.com\/it\/wp-json\/wp\/v2\/comments?post=33656"}],"version-history":[{"count":35,"href":"https:\/\/www.gps-infostars.com\/it\/wp-json\/wp\/v2\/pages\/33656\/revisions"}],"predecessor-version":[{"id":47370,"href":"https:\/\/www.gps-infostars.com\/it\/wp-json\/wp\/v2\/pages\/33656\/revisions\/47370"}],"up":[{"embeddable":true,"href":"https:\/\/www.gps-infostars.com\/it\/wp-json\/wp\/v2\/pages\/33654"}],"wp:attachment":[{"href":"https:\/\/www.gps-infostars.com\/it\/wp-json\/wp\/v2\/media?parent=33656"}],"curies":[{"name":"wp","href":"https:\/\/api.w.org\/{rel}","templated":true}]}}