{"id":34254,"date":"2022-01-26T20:38:28","date_gmt":"2022-01-26T19:38:28","guid":{"rendered":"http:\/\/dev2.gps-infostars.com\/services-produkte\/gps-viehortung\/"},"modified":"2023-07-20T13:01:08","modified_gmt":"2023-07-20T11:01:08","slug":"localizzazone-gps-del-bestiame","status":"publish","type":"page","link":"https:\/\/www.gps-infostars.com\/it\/servizi-prodotti\/localizzazone-gps-del-bestiame\/","title":{"rendered":"Localizzazone GPS del bestiame"},"content":{"rendered":"\t\t<div data-elementor-type=\"wp-page\" data-elementor-id=\"34254\" class=\"elementor elementor-34254 elementor-31043\" data-elementor-post-type=\"page\">\n\t\t\t\t\t\t<section class=\"elementor-section elementor-top-section elementor-element elementor-element-2bd538e5 elementor-section-boxed elementor-section-height-default elementor-section-height-default\" data-id=\"2bd538e5\" data-element_type=\"section\" data-e-type=\"section\">\n\t\t\t\t\t\t<div class=\"elementor-container elementor-column-gap-default\">\n\t\t\t\t\t<div class=\"elementor-column elementor-col-100 elementor-top-column elementor-element elementor-element-7ab268aa\" data-id=\"7ab268aa\" data-element_type=\"column\" data-e-type=\"column\">\n\t\t\t<div class=\"elementor-widget-wrap elementor-element-populated\">\n\t\t\t\t\t\t<div class=\"elementor-element elementor-element-3bbcdf20 elementor-widget elementor-widget-heading\" data-id=\"3bbcdf20\" data-element_type=\"widget\" data-e-type=\"widget\" data-widget_type=\"heading.default\">\n\t\t\t\t<div class=\"elementor-widget-container\">\n\t\t\t\t\t<h2 class=\"elementor-heading-title elementor-size-default\">In alpe, al pascolo o in montagna<\/h2>\t\t\t\t<\/div>\n\t\t\t\t<\/div>\n\t\t\t\t<div class=\"elementor-element elementor-element-3a02016c elementor-widget elementor-widget-heading\" data-id=\"3a02016c\" data-element_type=\"widget\" data-e-type=\"widget\" data-widget_type=\"heading.default\">\n\t\t\t\t<div class=\"elementor-widget-container\">\n\t\t\t\t\t<h1 class=\"elementor-heading-title elementor-size-default\">Localizzazione GPS del bestiame<\/h1>\t\t\t\t<\/div>\n\t\t\t\t<\/div>\n\t\t\t\t<div class=\"elementor-element elementor-element-5e72b822 elementor-widget elementor-widget-image\" data-id=\"5e72b822\" data-element_type=\"widget\" data-e-type=\"widget\" data-widget_type=\"image.default\">\n\t\t\t\t<div class=\"elementor-widget-container\">\n\t\t\t\t\t\t\t\t\t\t\t\t\t\t\t<img fetchpriority=\"high\" decoding=\"async\" width=\"1200\" height=\"209\" src=\"https:\/\/www.gps-infostars.com\/wp-content\/uploads\/viehortung_header2-2400x417.jpg\" class=\"attachment-large size-large wp-image-33348\" alt=\"schafe gps ortung\" srcset=\"https:\/\/www.gps-infostars.com\/wp-content\/uploads\/viehortung_header2-2400x417.jpg 2400w, https:\/\/www.gps-infostars.com\/wp-content\/uploads\/viehortung_header2-800x139.jpg 800w, https:\/\/www.gps-infostars.com\/wp-content\/uploads\/viehortung_header2-600x104.jpg 600w, https:\/\/www.gps-infostars.com\/wp-content\/uploads\/viehortung_header2-768x133.jpg 768w, https:\/\/www.gps-infostars.com\/wp-content\/uploads\/viehortung_header2-1536x267.jpg 1536w, https:\/\/www.gps-infostars.com\/wp-content\/uploads\/viehortung_header2-2048x356.jpg 2048w\" sizes=\"(max-width: 1200px) 100vw, 1200px\" \/>\t\t\t\t\t\t\t\t\t\t\t\t\t\t\t<\/div>\n\t\t\t\t<\/div>\n\t\t\t\t\t<\/div>\n\t\t<\/div>\n\t\t\t\t\t<\/div>\n\t\t<\/section>\n\t\t\t\t<section class=\"elementor-section elementor-top-section elementor-element elementor-element-5c7b862f elementor-section-boxed elementor-section-height-default elementor-section-height-default\" data-id=\"5c7b862f\" data-element_type=\"section\" data-e-type=\"section\">\n\t\t\t\t\t\t<div class=\"elementor-container elementor-column-gap-default\">\n\t\t\t\t\t<div class=\"elementor-column elementor-col-66 elementor-top-column elementor-element elementor-element-4bb63105\" data-id=\"4bb63105\" data-element_type=\"column\" data-e-type=\"column\">\n\t\t\t<div class=\"elementor-widget-wrap elementor-element-populated\">\n\t\t\t\t\t\t<div class=\"elementor-element elementor-element-442e3d18 elementor-widget elementor-widget-text-editor\" data-id=\"442e3d18\" data-element_type=\"widget\" data-e-type=\"widget\" data-widget_type=\"text-editor.default\">\n\t\t\t\t<div class=\"elementor-widget-container\">\n\t\t\t\t\t\t\t\t\t<p><strong>La localizzazione GPS del bestiame \u00e8 diventata un attrezzo utilizzato da tanti agricoltori e cacciatori nel loro lavoro quotidiano. Da anni utilizzano i dispositivi GPS Infostars per visualizzare automaticamente la loro posizione. In questo modo \u00e8 sempre chiaro dove si trovano i loro animali. <\/strong><\/p><h3><span style=\"letter-spacing: 0em; text-transform: var(--the7-h3-text-transform); word-spacing: var(--the7-h3-word-spacing);\">Vantaggio per le persone e gli animali<\/span><\/h3><p>I dispositivi GPS, che durano un&#8217;intera stagione, pesano meno di 75 grammi. Questo rende i trasmettitori GPS adatti a tutti i comuni animali da allevamento e ai loro piccoli. Che si tratti di pecore, capre, mucche o cavalli, la nostra soluzione economica \u00e8 ormai utilizzata da molti allevatori e contadini.<\/p><p>Utilizzate il nostro configuratore online sul nostro sito per creare la combinazione pi\u00f9 adatta a voi e convincetevi dei nostri prodotti che vi risparmiano tempo e denaro.<\/p><h3><span style=\"letter-spacing: 0em; text-transform: var(--the7-h3-text-transform); word-spacing: var(--the7-h3-word-spacing);\">Animali selvatici come cervi, cerbiatti o camosci<\/span><\/h3><p>Anche gli animali selvatici come cervidi, stambecchi o camosci vengono dotati sempre pi\u00f9 spesso con localizzatori GPS. In questo caso, grazie a una batteria che dura fino a 5 anni \u00e8 possibile svolgere studi a lungo termine sui loro profili di movimento. Dunque possono fornire informazioni precise ed inestimabili sullo stile di vita degli animali .<\/p><p style=\"margin-bottom: 0px; font-variant-numeric: normal; font-variant-east-asian: normal; font-weight: 400; font-stretch: normal; font-size: 10px; line-height: normal; font-family: Helvetica; color: #545657; letter-spacing: normal;\"><span style=\"letter-spacing: 0em; text-transform: var(--the7-h3-text-transform); word-spacing: var(--the7-h3-word-spacing); color: #e1710f; font-family: HelveticaNeueLTPro-Bd, sans-serif; font-weight: 600;\">\u00a0<\/span><\/p><p><span style=\"color: #e1710f;\">\u2192<\/span> Determinazione della posizione tramite GPS.<\/p><p><span style=\"color: #e1710f;\">\u2192\u00a0<\/span>Facile accesso tramite computer o smartphone.<\/p><p><span style=\"color: #e1710f;\">\u2192\u00a0<\/span>Visualizzazione della propria posizione nel software.<\/p><p><span style=\"color: #e1710f;\">\u2192 <\/span>Notifica via SMS o e-mail appena un animale esce dal pascolo (recinti virtuali).<\/p><p><span style=\"color: #e1710f;\">\u2192<\/span> Adatto a tutti gli animali, che si tratti di mucche, tori, capre, pecore, camosci, stambecchi o cervi.<\/p>\t\t\t\t\t\t\t\t<\/div>\n\t\t\t\t<\/div>\n\t\t\t\t<div class=\"elementor-element elementor-element-7cacf067 elementor-widget elementor-widget-image\" data-id=\"7cacf067\" data-element_type=\"widget\" data-e-type=\"widget\" data-widget_type=\"image.default\">\n\t\t\t\t<div class=\"elementor-widget-container\">\n\t\t\t\t\t\t\t\t\t\t\t\t\t\t\t\t<a href=\"https:\/\/www.gps-infostars.com\/wp-content\/uploads\/infografik_viehortung_ital.jpg\" data-elementor-open-lightbox=\"yes\" data-e-action-hash=\"#elementor-action%3Aaction%3Dlightbox%26settings%3DW10%3D\">\n\t\t\t\t\t\t\t<img decoding=\"async\" src=\"https:\/\/www.gps-infostars.com\/wp-content\/uploads\/infografik_viehortung_ital.jpg\" title=\"\" alt=\"\" loading=\"lazy\" \/>\t\t\t\t\t\t\t\t<\/a>\n\t\t\t\t\t\t\t\t\t\t\t\t\t\t\t<\/div>\n\t\t\t\t<\/div>\n\t\t\t\t<div class=\"elementor-element elementor-element-1f6d3e92 elementor-widget elementor-widget-text-editor\" data-id=\"1f6d3e92\" data-element_type=\"widget\" data-e-type=\"widget\" data-widget_type=\"text-editor.default\">\n\t\t\t\t<div class=\"elementor-widget-container\">\n\t\t\t\t\t\t\t\t\t<h3>I recinti virtuali risparmiano lunghe ricerche<\/h3><p class=\"p2\">Nel software di Infostars \u00e8 possibile impostare gratuitamente dei recinti virtuali in modo che l&#8217;allevatore venga avvisato automaticamente tramite SMS o e-mail dell&#8217;ora, della posizione e del nome dell&#8217;animale che si \u00e8 allontanato dal pascolo recintato virtualmente. In questo modo, non \u00e8 pi\u00f9 necessario cercare l&#8217;animale, ma si sa dove si trova e lo si pu\u00f2 riportare immediatamente indietro. Si tratta di un vantaggio inestimabile, soprattutto quando non ci sono recinti per i pascoli e le mandrie possono muoversi liberamente.<\/p>\t\t\t\t\t\t\t\t<\/div>\n\t\t\t\t<\/div>\n\t\t\t\t<div class=\"elementor-element elementor-element-1bf1a319 elementor-widget elementor-widget-image\" data-id=\"1bf1a319\" data-element_type=\"widget\" data-e-type=\"widget\" data-widget_type=\"image.default\">\n\t\t\t\t<div class=\"elementor-widget-container\">\n\t\t\t\t\t\t\t\t\t\t\t\t\t\t\t\t<a href=\"https:\/\/www.gps-infostars.com\/wp-content\/uploads\/infografik_viehortung2_ital.jpg\">\n\t\t\t\t\t\t\t<img decoding=\"async\" src=\"https:\/\/www.gps-infostars.com\/wp-content\/uploads\/infografik_viehortung2_ital.jpg\" title=\"\" alt=\"\" loading=\"lazy\" \/>\t\t\t\t\t\t\t\t<\/a>\n\t\t\t\t\t\t\t\t\t\t\t\t\t\t\t<\/div>\n\t\t\t\t<\/div>\n\t\t\t\t<div class=\"elementor-element elementor-element-d9bec4f elementor-widget elementor-widget-text-editor\" data-id=\"d9bec4f\" data-element_type=\"widget\" data-e-type=\"widget\" data-widget_type=\"text-editor.default\">\n\t\t\t\t<div class=\"elementor-widget-container\">\n\t\t\t\t\t\t\t\t\t<h3>Avete domande?<\/h3><p style=\"color: #545657;\">I nostri consulenti specializzati sono sempre a vostra disposizione!<\/p><p style=\"color: #545657;\">Contattateci al numero: <a href=\"tel: 0039 0267739175\">+39 0267739175<\/a> (lun-ven 9.00 -17.00).<\/p><p>E-Mail al seguente indirizzo <a href=\"&#x6d;&#97;&#x69;&#x6c;&#116;&#x6f;&#x3a;&#111;&#x66;&#x66;&#105;&#x63;&#x65;&#64;&#x69;&#x6e;f&#x6f;&#115;t&#x61;&#114;s&#x2e;&#97;t\">u&#102;&#102;&#x69;&#x63;i&#111;&#64;&#x67;&#x70;&#x73;-&#105;&#110;&#x66;&#x6f;st&#97;&#x72;&#x73;&#x2e;c&#111;&#109; <\/a>oppure usate il nostro modulo di contatto <a href=\"https:\/\/www.gps-infostars.com\/beratung-kontakt\/it\/modulodicontatto\/\">\u2192 Modulo di contatto<\/a><\/p>\t\t\t\t\t\t\t\t<\/div>\n\t\t\t\t<\/div>\n\t\t\t\t\t<\/div>\n\t\t<\/div>\n\t\t\t\t<div class=\"elementor-column elementor-col-33 elementor-top-column elementor-element elementor-element-6b47445\" data-id=\"6b47445\" data-element_type=\"column\" data-e-type=\"column\">\n\t\t\t<div class=\"elementor-widget-wrap elementor-element-populated\">\n\t\t\t\t\t\t<div class=\"elementor-element elementor-element-7b46a53a elementor-widget elementor-widget-heading\" data-id=\"7b46a53a\" data-element_type=\"widget\" data-e-type=\"widget\" data-widget_type=\"heading.default\">\n\t\t\t\t<div class=\"elementor-widget-container\">\n\t\t\t\t\t<h3 class=\"elementor-heading-title elementor-size-default\">Il nostro prodotto<\/h3>\t\t\t\t<\/div>\n\t\t\t\t<\/div>\n\t\t\t\t<section class=\"elementor-section elementor-inner-section elementor-element elementor-element-7148433c elementor-section-boxed elementor-section-height-default elementor-section-height-default\" data-id=\"7148433c\" data-element_type=\"section\" data-e-type=\"section\">\n\t\t\t\t\t\t<div class=\"elementor-container elementor-column-gap-default\">\n\t\t\t\t\t<div class=\"elementor-column elementor-col-100 elementor-inner-column elementor-element elementor-element-64731ace\" data-id=\"64731ace\" data-element_type=\"column\" data-e-type=\"column\">\n\t\t\t<div class=\"elementor-widget-wrap elementor-element-populated\">\n\t\t\t\t\t\t<div class=\"elementor-element elementor-element-35daba9e elementor-widget elementor-widget-image\" data-id=\"35daba9e\" data-element_type=\"widget\" data-e-type=\"widget\" data-widget_type=\"image.default\">\n\t\t\t\t<div class=\"elementor-widget-container\">\n\t\t\t\t\t\t\t\t\t\t\t\t\t\t\t\t<a href=\"https:\/\/www.gps-infostars.com\/wp-content\/uploads\/gps_asset_advanced_batterylight_it.jpg\">\n\t\t\t\t\t\t\t<img decoding=\"async\" src=\"https:\/\/www.gps-infostars.com\/wp-content\/uploads\/gps_asset_advanced_batterylight_it.jpg\" title=\"\" alt=\"\" loading=\"lazy\" \/>\t\t\t\t\t\t\t\t<\/a>\n\t\t\t\t\t\t\t\t\t\t\t\t\t\t\t<\/div>\n\t\t\t\t<\/div>\n\t\t\t\t<div class=\"elementor-element elementor-element-5b216f81 elementor-widget elementor-widget-text-editor\" data-id=\"5b216f81\" data-element_type=\"widget\" data-e-type=\"widget\" data-widget_type=\"text-editor.default\">\n\t\t\t\t<div class=\"elementor-widget-container\">\n\t\t\t\t\t\t\t\t\t<h5 class=\"p1\">Pacchetto completo di localizzazione GPS del bestiame<\/h5><h4>Localizzazione GPS del bestiame avanzato<\/h4><div><p>Paga solo mentre utilizzi il sistema\u00a0 durante una stagione. Include la carta SIM e i costi di trasferimento dati nella Zona1.<\/p><p><span style=\"color: #e1710f; letter-spacing: 0.32px; text-transform: var(--the7-base-text-transform); word-spacing: normal;\">\u2192\u00a0<\/span>Localizzazione della posizione tramite GPS.<\/p><p><span style=\"color: #e1710f; letter-spacing: 0.32px; text-transform: var(--the7-base-text-transform); word-spacing: normal;\">\u2192\u00a0<\/span>Semplice visualizzazione tramite PC o smartphone.<\/p><p><span style=\"color: #e1710f; letter-spacing: 0.32px; text-transform: var(--the7-base-text-transform); word-spacing: normal;\">\u2192 <\/span>Notifica via SMS o e-mail appena un animale lascia il pascolo (con la funzione del recinto virtuale)<\/p><p><span style=\"color: #e1710f; letter-spacing: 0.32px; text-transform: var(--the7-base-text-transform); word-spacing: normal;\">\u2192 <\/span>Visualizzazione dei movimenti sul pascolo per ogni singolo animale.<\/p><p><span style=\"color: #e1710f; letter-spacing: 0.32px; text-transform: var(--the7-base-text-transform); word-spacing: normal;\">\u2192 <\/span>Go as you pay.<\/p><p><span style=\"color: #e1710f; letter-spacing: 0.32px; text-transform: var(--the7-base-text-transform); word-spacing: normal;\">\u2192\u00a0<\/span>\u00a0Scheda SIM con trasferimento <br \/>dati inclusa.<\/p><p><span style=\"color: #e1710f; letter-spacing: 0.32px; text-transform: var(--the7-base-text-transform); word-spacing: normal;\">\u2192 <\/span>Localizzatore GPS mobile.<\/p><\/div>\t\t\t\t\t\t\t\t<\/div>\n\t\t\t\t<\/div>\n\t\t\t\t<div class=\"elementor-element elementor-element-7f72e454 elementor-align-center elementor-widget elementor-widget-button\" data-id=\"7f72e454\" data-element_type=\"widget\" data-e-type=\"widget\" data-widget_type=\"button.default\">\n\t\t\t\t<div class=\"elementor-widget-container\">\n\t\t\t\t\t\t\t\t\t<div class=\"elementor-button-wrapper\">\n\t\t\t\t\t<a class=\"elementor-button elementor-button-link elementor-size-sm\" href=\"\/onlineshop\/viehortung-gps-tracking-produkte\/\">\n\t\t\t\t\t\t<span class=\"elementor-button-content-wrapper\">\n\t\t\t\t\t\t\t\t\t<span class=\"elementor-button-text\">Al negozio<\/span>\n\t\t\t\t\t<\/span>\n\t\t\t\t\t<\/a>\n\t\t\t\t<\/div>\n\t\t\t\t\t\t\t\t<\/div>\n\t\t\t\t<\/div>\n\t\t\t\t\t<\/div>\n\t\t<\/div>\n\t\t\t\t\t<\/div>\n\t\t<\/section>\n\t\t\t\t\t<\/div>\n\t\t<\/div>\n\t\t\t\t\t<\/div>\n\t\t<\/section>\n\t\t\t\t<section class=\"elementor-section elementor-top-section elementor-element elementor-element-5bfe735b elementor-section-boxed elementor-section-height-default elementor-section-height-default\" data-id=\"5bfe735b\" data-element_type=\"section\" data-e-type=\"section\">\n\t\t\t\t\t\t<div class=\"elementor-container elementor-column-gap-default\">\n\t\t\t\t\t<div class=\"elementor-column elementor-col-100 elementor-top-column elementor-element elementor-element-7d880891\" data-id=\"7d880891\" data-element_type=\"column\" data-e-type=\"column\">\n\t\t\t<div class=\"elementor-widget-wrap\">\n\t\t\t\t\t\t\t<\/div>\n\t\t<\/div>\n\t\t\t\t\t<\/div>\n\t\t<\/section>\n\t\t\t\t<\/div>\n\t\t","protected":false},"excerpt":{"rendered":"<p>In alpe, al pascolo o in montagna Localizzazione GPS del bestiame La localizzazione GPS del bestiame \u00e8 diventata un attrezzo utilizzato da tanti agricoltori e cacciatori nel loro lavoro quotidiano. Da anni utilizzano i dispositivi GPS Infostars per visualizzare automaticamente la loro posizione. In questo modo \u00e8 sempre chiaro dove si trovano i loro animali.&hellip;<\/p>\n","protected":false},"author":1,"featured_media":0,"parent":34191,"menu_order":0,"comment_status":"closed","ping_status":"closed","template":"","meta":{"inline_featured_image":false,"footnotes":""},"class_list":["post-34254","page","type-page","status-publish","hentry"],"yoast_head":"<!-- This site is optimized with the Yoast SEO plugin v27.4 - https:\/\/yoast.com\/product\/yoast-seo-wordpress\/ -->\n<title>GPS Viehortung &amp; GPS Sender- GPS Infostars<\/title>\n<meta name=\"description\" content=\"GPS adatti per qualsiasi animale d&#039;allevamento o selvatico, recinto virtuale, pecore, capre, mucche o cavalli cervidi, stambecchi o camosci\" \/>\n<meta name=\"robots\" content=\"index, follow, max-snippet:-1, max-image-preview:large, max-video-preview:-1\" \/>\n<link rel=\"canonical\" href=\"https:\/\/www.gps-infostars.com\/it\/servizi-prodotti\/localizzazone-gps-del-bestiame\/\" \/>\n<meta property=\"og:locale\" content=\"it_IT\" \/>\n<meta property=\"og:type\" content=\"article\" \/>\n<meta property=\"og:title\" content=\"GPS Viehortung &amp; GPS Sender- GPS Infostars\" \/>\n<meta property=\"og:description\" content=\"GPS adatti per qualsiasi animale d&#039;allevamento o selvatico, recinto virtuale, pecore, capre, mucche o cavalli cervidi, stambecchi o camosci\" \/>\n<meta property=\"og:url\" content=\"https:\/\/www.gps-infostars.com\/it\/servizi-prodotti\/localizzazone-gps-del-bestiame\/\" \/>\n<meta property=\"og:site_name\" content=\"GPS Infostars\" \/>\n<meta property=\"article:modified_time\" content=\"2023-07-20T11:01:08+00:00\" \/>\n<meta property=\"og:image\" content=\"https:\/\/www.gps-infostars.com\/wp-content\/uploads\/viehortung_header2-2400x417.jpg\" \/>\n<meta name=\"twitter:card\" content=\"summary_large_image\" \/>\n<meta name=\"twitter:label1\" content=\"Tempo di lettura stimato\" \/>\n\t<meta name=\"twitter:data1\" content=\"2 minuti\" \/>\n<script type=\"application\/ld+json\" class=\"yoast-schema-graph\">{\"@context\":\"https:\\\/\\\/schema.org\",\"@graph\":[{\"@type\":\"WebPage\",\"@id\":\"https:\\\/\\\/www.gps-infostars.com\\\/it\\\/servizi-prodotti\\\/localizzazone-gps-del-bestiame\\\/\",\"url\":\"https:\\\/\\\/www.gps-infostars.com\\\/it\\\/servizi-prodotti\\\/localizzazone-gps-del-bestiame\\\/\",\"name\":\"GPS Viehortung & GPS Sender- GPS Infostars\",\"isPartOf\":{\"@id\":\"https:\\\/\\\/www.gps-infostars.com\\\/it\\\/#website\"},\"primaryImageOfPage\":{\"@id\":\"https:\\\/\\\/www.gps-infostars.com\\\/it\\\/servizi-prodotti\\\/localizzazone-gps-del-bestiame\\\/#primaryimage\"},\"image\":{\"@id\":\"https:\\\/\\\/www.gps-infostars.com\\\/it\\\/servizi-prodotti\\\/localizzazone-gps-del-bestiame\\\/#primaryimage\"},\"thumbnailUrl\":\"https:\\\/\\\/www.gps-infostars.com\\\/wp-content\\\/uploads\\\/viehortung_header2-2400x417.jpg\",\"datePublished\":\"2022-01-26T19:38:28+00:00\",\"dateModified\":\"2023-07-20T11:01:08+00:00\",\"description\":\"GPS adatti per qualsiasi animale d'allevamento o selvatico, recinto virtuale, pecore, capre, mucche o cavalli cervidi, stambecchi o camosci\",\"breadcrumb\":{\"@id\":\"https:\\\/\\\/www.gps-infostars.com\\\/it\\\/servizi-prodotti\\\/localizzazone-gps-del-bestiame\\\/#breadcrumb\"},\"inLanguage\":\"it-IT\",\"potentialAction\":[{\"@type\":\"ReadAction\",\"target\":[\"https:\\\/\\\/www.gps-infostars.com\\\/it\\\/servizi-prodotti\\\/localizzazone-gps-del-bestiame\\\/\"]}]},{\"@type\":\"ImageObject\",\"inLanguage\":\"it-IT\",\"@id\":\"https:\\\/\\\/www.gps-infostars.com\\\/it\\\/servizi-prodotti\\\/localizzazone-gps-del-bestiame\\\/#primaryimage\",\"url\":\"https:\\\/\\\/www.gps-infostars.com\\\/wp-content\\\/uploads\\\/viehortung_header2-2400x417.jpg\",\"contentUrl\":\"https:\\\/\\\/www.gps-infostars.com\\\/wp-content\\\/uploads\\\/viehortung_header2-2400x417.jpg\"},{\"@type\":\"BreadcrumbList\",\"@id\":\"https:\\\/\\\/www.gps-infostars.com\\\/it\\\/servizi-prodotti\\\/localizzazone-gps-del-bestiame\\\/#breadcrumb\",\"itemListElement\":[{\"@type\":\"ListItem\",\"position\":1,\"name\":\"Startseite\",\"item\":\"https:\\\/\\\/www.gps-infostars.com\\\/it\\\/\"},{\"@type\":\"ListItem\",\"position\":2,\"name\":\"Services &amp; Produkte\",\"item\":\"https:\\\/\\\/www.gps-infostars.com\\\/it\\\/servizi-prodotti\\\/\"},{\"@type\":\"ListItem\",\"position\":3,\"name\":\"Localizzazone GPS del bestiame\"}]},{\"@type\":\"WebSite\",\"@id\":\"https:\\\/\\\/www.gps-infostars.com\\\/it\\\/#website\",\"url\":\"https:\\\/\\\/www.gps-infostars.com\\\/it\\\/\",\"name\":\"GPS Infostars\",\"description\":\"Einfach, pr\u00e4zise &amp; zuverl\u00e4ssig.\",\"publisher\":{\"@id\":\"https:\\\/\\\/www.gps-infostars.com\\\/it\\\/#organization\"},\"potentialAction\":[{\"@type\":\"SearchAction\",\"target\":{\"@type\":\"EntryPoint\",\"urlTemplate\":\"https:\\\/\\\/www.gps-infostars.com\\\/it\\\/?s={search_term_string}\"},\"query-input\":{\"@type\":\"PropertyValueSpecification\",\"valueRequired\":true,\"valueName\":\"search_term_string\"}}],\"inLanguage\":\"it-IT\"},{\"@type\":\"Organization\",\"@id\":\"https:\\\/\\\/www.gps-infostars.com\\\/it\\\/#organization\",\"name\":\"GPS Infostars\",\"url\":\"https:\\\/\\\/www.gps-infostars.com\\\/it\\\/\",\"logo\":{\"@type\":\"ImageObject\",\"inLanguage\":\"it-IT\",\"@id\":\"https:\\\/\\\/www.gps-infostars.com\\\/it\\\/#\\\/schema\\\/logo\\\/image\\\/\",\"url\":\"https:\\\/\\\/www.gps-infostars.com\\\/wp-content\\\/uploads\\\/logo_infostars.png\",\"contentUrl\":\"https:\\\/\\\/www.gps-infostars.com\\\/wp-content\\\/uploads\\\/logo_infostars.png\",\"width\":1125,\"height\":360,\"caption\":\"GPS Infostars\"},\"image\":{\"@id\":\"https:\\\/\\\/www.gps-infostars.com\\\/it\\\/#\\\/schema\\\/logo\\\/image\\\/\"}}]}<\/script>\n<!-- \/ Yoast SEO plugin. -->","yoast_head_json":{"title":"GPS Viehortung & GPS Sender- GPS Infostars","description":"GPS adatti per qualsiasi animale d'allevamento o selvatico, recinto virtuale, pecore, capre, mucche o cavalli cervidi, stambecchi o camosci","robots":{"index":"index","follow":"follow","max-snippet":"max-snippet:-1","max-image-preview":"max-image-preview:large","max-video-preview":"max-video-preview:-1"},"canonical":"https:\/\/www.gps-infostars.com\/it\/servizi-prodotti\/localizzazone-gps-del-bestiame\/","og_locale":"it_IT","og_type":"article","og_title":"GPS Viehortung & GPS Sender- GPS Infostars","og_description":"GPS adatti per qualsiasi animale d'allevamento o selvatico, recinto virtuale, pecore, capre, mucche o cavalli cervidi, stambecchi o camosci","og_url":"https:\/\/www.gps-infostars.com\/it\/servizi-prodotti\/localizzazone-gps-del-bestiame\/","og_site_name":"GPS Infostars","article_modified_time":"2023-07-20T11:01:08+00:00","og_image":[{"url":"https:\/\/www.gps-infostars.com\/wp-content\/uploads\/viehortung_header2-2400x417.jpg","type":"","width":"","height":""}],"twitter_card":"summary_large_image","twitter_misc":{"Tempo di lettura stimato":"2 minuti"},"schema":{"@context":"https:\/\/schema.org","@graph":[{"@type":"WebPage","@id":"https:\/\/www.gps-infostars.com\/it\/servizi-prodotti\/localizzazone-gps-del-bestiame\/","url":"https:\/\/www.gps-infostars.com\/it\/servizi-prodotti\/localizzazone-gps-del-bestiame\/","name":"GPS Viehortung & GPS Sender- GPS Infostars","isPartOf":{"@id":"https:\/\/www.gps-infostars.com\/it\/#website"},"primaryImageOfPage":{"@id":"https:\/\/www.gps-infostars.com\/it\/servizi-prodotti\/localizzazone-gps-del-bestiame\/#primaryimage"},"image":{"@id":"https:\/\/www.gps-infostars.com\/it\/servizi-prodotti\/localizzazone-gps-del-bestiame\/#primaryimage"},"thumbnailUrl":"https:\/\/www.gps-infostars.com\/wp-content\/uploads\/viehortung_header2-2400x417.jpg","datePublished":"2022-01-26T19:38:28+00:00","dateModified":"2023-07-20T11:01:08+00:00","description":"GPS adatti per qualsiasi animale d'allevamento o selvatico, recinto virtuale, pecore, capre, mucche o cavalli cervidi, stambecchi o camosci","breadcrumb":{"@id":"https:\/\/www.gps-infostars.com\/it\/servizi-prodotti\/localizzazone-gps-del-bestiame\/#breadcrumb"},"inLanguage":"it-IT","potentialAction":[{"@type":"ReadAction","target":["https:\/\/www.gps-infostars.com\/it\/servizi-prodotti\/localizzazone-gps-del-bestiame\/"]}]},{"@type":"ImageObject","inLanguage":"it-IT","@id":"https:\/\/www.gps-infostars.com\/it\/servizi-prodotti\/localizzazone-gps-del-bestiame\/#primaryimage","url":"https:\/\/www.gps-infostars.com\/wp-content\/uploads\/viehortung_header2-2400x417.jpg","contentUrl":"https:\/\/www.gps-infostars.com\/wp-content\/uploads\/viehortung_header2-2400x417.jpg"},{"@type":"BreadcrumbList","@id":"https:\/\/www.gps-infostars.com\/it\/servizi-prodotti\/localizzazone-gps-del-bestiame\/#breadcrumb","itemListElement":[{"@type":"ListItem","position":1,"name":"Startseite","item":"https:\/\/www.gps-infostars.com\/it\/"},{"@type":"ListItem","position":2,"name":"Services &amp; Produkte","item":"https:\/\/www.gps-infostars.com\/it\/servizi-prodotti\/"},{"@type":"ListItem","position":3,"name":"Localizzazone GPS del bestiame"}]},{"@type":"WebSite","@id":"https:\/\/www.gps-infostars.com\/it\/#website","url":"https:\/\/www.gps-infostars.com\/it\/","name":"GPS Infostars","description":"Einfach, pr\u00e4zise &amp; zuverl\u00e4ssig.","publisher":{"@id":"https:\/\/www.gps-infostars.com\/it\/#organization"},"potentialAction":[{"@type":"SearchAction","target":{"@type":"EntryPoint","urlTemplate":"https:\/\/www.gps-infostars.com\/it\/?s={search_term_string}"},"query-input":{"@type":"PropertyValueSpecification","valueRequired":true,"valueName":"search_term_string"}}],"inLanguage":"it-IT"},{"@type":"Organization","@id":"https:\/\/www.gps-infostars.com\/it\/#organization","name":"GPS Infostars","url":"https:\/\/www.gps-infostars.com\/it\/","logo":{"@type":"ImageObject","inLanguage":"it-IT","@id":"https:\/\/www.gps-infostars.com\/it\/#\/schema\/logo\/image\/","url":"https:\/\/www.gps-infostars.com\/wp-content\/uploads\/logo_infostars.png","contentUrl":"https:\/\/www.gps-infostars.com\/wp-content\/uploads\/logo_infostars.png","width":1125,"height":360,"caption":"GPS Infostars"},"image":{"@id":"https:\/\/www.gps-infostars.com\/it\/#\/schema\/logo\/image\/"}}]}},"_links":{"self":[{"href":"https:\/\/www.gps-infostars.com\/it\/wp-json\/wp\/v2\/pages\/34254","targetHints":{"allow":["GET"]}}],"collection":[{"href":"https:\/\/www.gps-infostars.com\/it\/wp-json\/wp\/v2\/pages"}],"about":[{"href":"https:\/\/www.gps-infostars.com\/it\/wp-json\/wp\/v2\/types\/page"}],"author":[{"embeddable":true,"href":"https:\/\/www.gps-infostars.com\/it\/wp-json\/wp\/v2\/users\/1"}],"replies":[{"embeddable":true,"href":"https:\/\/www.gps-infostars.com\/it\/wp-json\/wp\/v2\/comments?post=34254"}],"version-history":[{"count":60,"href":"https:\/\/www.gps-infostars.com\/it\/wp-json\/wp\/v2\/pages\/34254\/revisions"}],"predecessor-version":[{"id":49505,"href":"https:\/\/www.gps-infostars.com\/it\/wp-json\/wp\/v2\/pages\/34254\/revisions\/49505"}],"up":[{"embeddable":true,"href":"https:\/\/www.gps-infostars.com\/it\/wp-json\/wp\/v2\/pages\/34191"}],"wp:attachment":[{"href":"https:\/\/www.gps-infostars.com\/it\/wp-json\/wp\/v2\/media?parent=34254"}],"curies":[{"name":"wp","href":"https:\/\/api.w.org\/{rel}","templated":true}]}}