{"id":38168,"date":"2021-03-30T19:25:41","date_gmt":"2021-03-30T17:25:41","guid":{"rendered":"http:\/\/dev2.gps-infostars.com\/chisiamo\/impressum\/"},"modified":"2023-04-25T14:04:36","modified_gmt":"2023-04-25T12:04:36","slug":"impressum","status":"publish","type":"page","link":"https:\/\/www.gps-infostars.com\/it\/chisiamo\/impressum\/","title":{"rendered":"Impressum"},"content":{"rendered":"\t\t<div data-elementor-type=\"wp-page\" data-elementor-id=\"38168\" class=\"elementor elementor-38168 elementor-30502\" data-elementor-post-type=\"page\">\n\t\t\t\t\t\t<section class=\"elementor-section elementor-top-section elementor-element elementor-element-7b03c63a elementor-section-boxed elementor-section-height-default elementor-section-height-default\" data-id=\"7b03c63a\" data-element_type=\"section\" data-e-type=\"section\">\n\t\t\t\t\t\t<div class=\"elementor-container elementor-column-gap-default\">\n\t\t\t\t\t<div class=\"elementor-column elementor-col-100 elementor-top-column elementor-element elementor-element-37efcf4e\" data-id=\"37efcf4e\" data-element_type=\"column\" data-e-type=\"column\">\n\t\t\t<div class=\"elementor-widget-wrap elementor-element-populated\">\n\t\t\t\t\t\t<div class=\"elementor-element elementor-element-7d08cec5 elementor-widget elementor-widget-heading\" data-id=\"7d08cec5\" data-element_type=\"widget\" data-e-type=\"widget\" data-widget_type=\"heading.default\">\n\t\t\t\t<div class=\"elementor-widget-container\">\n\t\t\t\t\t<h1 class=\"elementor-heading-title elementor-size-default\">Impressum<\/h1>\t\t\t\t<\/div>\n\t\t\t\t<\/div>\n\t\t\t\t<div class=\"elementor-element elementor-element-74e73709 elementor-widget elementor-widget-image\" data-id=\"74e73709\" data-element_type=\"widget\" data-e-type=\"widget\" data-widget_type=\"image.default\">\n\t\t\t\t<div class=\"elementor-widget-container\">\n\t\t\t\t\t\t\t\t\t\t\t\t\t\t\t<img fetchpriority=\"high\" decoding=\"async\" width=\"1200\" height=\"209\" src=\"https:\/\/www.gps-infostars.com\/wp-content\/uploads\/jetzt_header.jpg\" class=\"attachment-large size-large wp-image-33399\" alt=\"\" srcset=\"https:\/\/www.gps-infostars.com\/wp-content\/uploads\/jetzt_header.jpg 2400w, https:\/\/www.gps-infostars.com\/wp-content\/uploads\/jetzt_header-800x139.jpg 800w, https:\/\/www.gps-infostars.com\/wp-content\/uploads\/jetzt_header-600x104.jpg 600w, https:\/\/www.gps-infostars.com\/wp-content\/uploads\/jetzt_header-768x133.jpg 768w, https:\/\/www.gps-infostars.com\/wp-content\/uploads\/jetzt_header-1536x267.jpg 1536w, https:\/\/www.gps-infostars.com\/wp-content\/uploads\/jetzt_header-2048x356.jpg 2048w\" sizes=\"(max-width: 1200px) 100vw, 1200px\" \/>\t\t\t\t\t\t\t\t\t\t\t\t\t\t\t<\/div>\n\t\t\t\t<\/div>\n\t\t\t\t\t<\/div>\n\t\t<\/div>\n\t\t\t\t\t<\/div>\n\t\t<\/section>\n\t\t\t\t<section class=\"elementor-section elementor-top-section elementor-element elementor-element-4319fefb elementor-section-boxed elementor-section-height-default elementor-section-height-default\" data-id=\"4319fefb\" data-element_type=\"section\" data-e-type=\"section\">\n\t\t\t\t\t\t<div class=\"elementor-container elementor-column-gap-default\">\n\t\t\t\t\t<div class=\"elementor-column elementor-col-66 elementor-top-column elementor-element elementor-element-c2f8c56\" data-id=\"c2f8c56\" data-element_type=\"column\" data-e-type=\"column\">\n\t\t\t<div class=\"elementor-widget-wrap elementor-element-populated\">\n\t\t\t\t\t\t<div class=\"elementor-element elementor-element-33eb3de elementor-widget elementor-widget-text-editor\" data-id=\"33eb3de\" data-element_type=\"widget\" data-e-type=\"widget\" data-widget_type=\"text-editor.default\">\n\t\t\t\t<div class=\"elementor-widget-container\">\n\t\t\t\t\t\t\t\t\t<p>InfoStars G.m.b.H.<\/p><p>Pantzergasse 11\/16<br \/>A-1190 Vienna<\/p><p>Telefono: +43-1\/997 1005<br \/>Fax: +43-1\/997 1005-90<br \/>Email (IT): <a href=\"&#x6d;&#97;&#x69;&#108;t&#x6f;&#58;u&#x66;&#102;&#x69;&#x63;i&#x6f;&#64;g&#x70;&#115;&#x2d;&#x69;n&#x66;&#111;s&#x74;&#97;r&#x73;&#46;&#x63;&#111;m\">&#x75;&#x66;&#x66;&#x69;&#x63;&#x69;&#x6f;&#64;&#103;&#112;&#115;&#45;info&#x73;&#x74;&#x61;&#x72;&#x73;&#x2e;&#x63;&#x6f;&#109;<\/a>\u00a0<\/p><p>Azienda: Infostars GmbH<br \/>Forma giuridica: Societ\u00e0 a responsabilit\u00e0 limitata<br \/>Numero del registro delle imprese: 297712m<br \/>Tribunale del registro delle imprese: Tribunale commerciale di Vienna<br \/>Numero UID: ATU 63580967<br \/>Camera di appartenenza: Camera Economica Federale Austriaca, Commercio all&#8217;ingrosso<br \/>m. Parti di veicoli a motore e attrezzature di servizio, Consulenza gestionale e tecnologia dell&#8217;informazione.<br \/>Autorit\u00e0 secondo ECG: Magistratisches Bezirksamt des XVIII. Bezirk<br \/>Immagini:\u00a0<a href=\"https:\/\/www.shutterstock.com\/\" target=\"_blank\" rel=\"noopener\">\u00a9\u00a0shutterstock.com<\/a><\/p><div>\u00a0<\/div><div><h3 class=\"title\">Esclusione di responsabilit\u00e0<\/h3><p><br \/>Le informazioni contenute nel nostro sito web sono state redatte con la massima cura e controllate regolarmente. Tuttavia, non ne garantiamo la completezza, l&#8217;accuratezza o l&#8217;idoneit\u00e0 per qualsiasi scopo particolare. Tutte le affermazioni contenute in questo sito sono solo a scopo informativo, non sono vincolanti e possono essere modificate in qualsiasi momento. Non ci assumiamo alcuna responsabilit\u00e0 per la completezza, la correttezza e l&#8217;attualit\u00e0 dei contenuti.<\/p><p>Le dichiarazioni sulla protezione dei dati, sul DSGVO e sulla legge si riferiscono alla situazione giuridica austriaca e tedesca. Infostars non si assume alcuna responsabilit\u00e0 per i contenuti. Queste spiegazioni devono essere intese solo come informazioni e orientamento; solo un avvocato o un consulente fiscale pu\u00f2 fare dichiarazioni legali fondate.<\/p><h3 class=\"title\">Collegamenti internet \/ Internet-Links<\/h3><p>Il sito web di InfoStars GmbH contiene anche link ad altri siti web. Al momento del primo collegamento, il contenuto di questi siti \u00e8 stato controllato per verificarne l&#8217;illegalit\u00e0. InfoStars GmbH non \u00e8 responsabile dei contenuti di terzi accessibili tramite tali link. Se scopriamo o veniamo informati che una pagina collegata contiene contenuti illegali, rimuoveremo immediatamente il link.<\/p><h3 class=\"title\">Condizioni di utilizzo<\/h3><p>I contenuti di questa homepage sono protetti da copyright. Infostars GmbH consente di scaricare tutti i contenuti di queste pagine Internet esclusivamente per uso privato e non commerciale o per effettuare un ordine a Infostars GmbH e per contattare Infostars GmbH. In caso di riproduzione dei contenuti, \u00e8 necessario fare esplicito riferimento ai diritti d&#8217;autore e di propriet\u00e0 di Infostars GmbH.<\/p><p>I contenuti non possono essere riprodotti, presentati, distribuiti o sfruttati in altro modo per scopi pubblici o commerciali senza l&#8217;autorizzazione scritta di Infostars GmbH. La violazione di queste norme obbliga alla distruzione immediata di tutti i contenuti stampati o scaricati. Ci riserviamo il diritto di avanzare ulteriori richieste di risarcimento danni.<\/p><br \/><h3 class=\"title\">Download file<\/h3><p>Infostars GmbH non \u00e8 responsabile per i danni derivanti dall&#8217;utilizzo di dati\/file scaricati, nella misura in cui ci\u00f2 sia legalmente consentito. Nonostante i controlli antivirus in corso, la responsabilit\u00e0 per i danni e i pregiudizi causati da virus informatici \u00e8 esclusa nella misura consentita dalla legge. I download vengono effettuati a rischio e pericolo dell&#8217;utente.<\/p><div>\u00a0<\/div><div><a href=\"\/datenschutzerklaerung\/\">\u00a0\u2192 informativa sulla privacy<\/a><\/div><\/div><div><div>\u00a0<\/div><\/div>\t\t\t\t\t\t\t\t<\/div>\n\t\t\t\t<\/div>\n\t\t\t\t\t<\/div>\n\t\t<\/div>\n\t\t\t\t<div class=\"elementor-column elementor-col-33 elementor-top-column elementor-element elementor-element-7f3beb3\" data-id=\"7f3beb3\" data-element_type=\"column\" data-e-type=\"column\">\n\t\t\t<div class=\"elementor-widget-wrap\">\n\t\t\t\t\t\t\t<\/div>\n\t\t<\/div>\n\t\t\t\t\t<\/div>\n\t\t<\/section>\n\t\t\t\t<section class=\"elementor-section elementor-top-section elementor-element elementor-element-1e757814 elementor-section-boxed elementor-section-height-default elementor-section-height-default\" data-id=\"1e757814\" data-element_type=\"section\" data-e-type=\"section\">\n\t\t\t\t\t\t<div class=\"elementor-container elementor-column-gap-default\">\n\t\t\t\t\t<div class=\"elementor-column elementor-col-100 elementor-top-column elementor-element elementor-element-774d1de6\" data-id=\"774d1de6\" data-element_type=\"column\" data-e-type=\"column\">\n\t\t\t<div class=\"elementor-widget-wrap\">\n\t\t\t\t\t\t\t<\/div>\n\t\t<\/div>\n\t\t\t\t\t<\/div>\n\t\t<\/section>\n\t\t\t\t<\/div>\n\t\t","protected":false},"excerpt":{"rendered":"<p>Impressum InfoStars G.m.b.H. Pantzergasse 11\/16A-1190 Vienna Telefono: +43-1\/997 1005Fax: +43-1\/997 1005-90Email (IT): &#x75;&#x66;&#102;i&#x63;&#x69;&#111;&#64;g&#x70;&#x73;&#45;&#105;n&#x66;&#x6f;&#115;ta&#x72;&#x73;&#46;c&#x6f;&#x6d;\u00a0 Azienda: Infostars GmbHForma giuridica: Societ\u00e0 a responsabilit\u00e0 limitataNumero del registro delle imprese: 297712mTribunale del registro delle imprese: Tribunale commerciale di ViennaNumero UID: ATU 63580967Camera di appartenenza: Camera Economica Federale Austriaca, Commercio all&#8217;ingrossom. Parti di veicoli a motore e attrezzature di servizio, Consulenza&hellip;<\/p>\n","protected":false},"author":1,"featured_media":0,"parent":33474,"menu_order":0,"comment_status":"closed","ping_status":"closed","template":"","meta":{"inline_featured_image":false,"footnotes":""},"class_list":["post-38168","page","type-page","status-publish","hentry"],"yoast_head":"<!-- This site is optimized with the Yoast SEO plugin v27.4 - https:\/\/yoast.com\/product\/yoast-seo-wordpress\/ -->\n<title>Impressum - GPS Infostars<\/title>\n<meta name=\"robots\" content=\"index, follow, max-snippet:-1, max-image-preview:large, max-video-preview:-1\" \/>\n<link rel=\"canonical\" href=\"https:\/\/www.gps-infostars.com\/it\/chisiamo\/impressum\/\" \/>\n<meta property=\"og:locale\" content=\"it_IT\" \/>\n<meta property=\"og:type\" content=\"article\" \/>\n<meta property=\"og:title\" content=\"Impressum - GPS Infostars\" \/>\n<meta property=\"og:description\" content=\"Impressum InfoStars G.m.b.H. Pantzergasse 11\/16A-1190 Vienna Telefono: +43-1\/997 1005Fax: +43-1\/997 1005-90Email (IT): &#x75;&#x66;&#102;&#105;ci&#x6f;&#x40;&#x67;&#112;s-&#x69;&#x6e;&#x66;&#111;&#115;t&#x61;&#x72;&#x73;&#046;&#099;o&#x6d;\u00a0 Azienda: Infostars GmbHForma giuridica: Societ\u00e0 a responsabilit\u00e0 limitataNumero del registro delle imprese: 297712mTribunale del registro delle imprese: Tribunale commerciale di ViennaNumero UID: ATU 63580967Camera di appartenenza: Camera Economica Federale Austriaca, Commercio all&#8217;ingrossom. Parti di veicoli a motore e attrezzature di servizio, Consulenza&hellip;\" \/>\n<meta property=\"og:url\" content=\"https:\/\/www.gps-infostars.com\/it\/chisiamo\/impressum\/\" \/>\n<meta property=\"og:site_name\" content=\"GPS Infostars\" \/>\n<meta property=\"article:modified_time\" content=\"2023-04-25T12:04:36+00:00\" \/>\n<meta property=\"og:image\" content=\"https:\/\/www.gps-infostars.com\/wp-content\/uploads\/jetzt_header.jpg\" \/>\n<meta name=\"twitter:card\" content=\"summary_large_image\" \/>\n<meta name=\"twitter:label1\" content=\"Tempo di lettura stimato\" \/>\n\t<meta name=\"twitter:data1\" content=\"2 minuti\" \/>\n<script type=\"application\/ld+json\" class=\"yoast-schema-graph\">{\"@context\":\"https:\\\/\\\/schema.org\",\"@graph\":[{\"@type\":\"WebPage\",\"@id\":\"https:\\\/\\\/www.gps-infostars.com\\\/it\\\/chisiamo\\\/impressum\\\/\",\"url\":\"https:\\\/\\\/www.gps-infostars.com\\\/it\\\/chisiamo\\\/impressum\\\/\",\"name\":\"Impressum - GPS Infostars\",\"isPartOf\":{\"@id\":\"https:\\\/\\\/www.gps-infostars.com\\\/it\\\/#website\"},\"primaryImageOfPage\":{\"@id\":\"https:\\\/\\\/www.gps-infostars.com\\\/it\\\/chisiamo\\\/impressum\\\/#primaryimage\"},\"image\":{\"@id\":\"https:\\\/\\\/www.gps-infostars.com\\\/it\\\/chisiamo\\\/impressum\\\/#primaryimage\"},\"thumbnailUrl\":\"https:\\\/\\\/www.gps-infostars.com\\\/wp-content\\\/uploads\\\/jetzt_header.jpg\",\"datePublished\":\"2021-03-30T17:25:41+00:00\",\"dateModified\":\"2023-04-25T12:04:36+00:00\",\"breadcrumb\":{\"@id\":\"https:\\\/\\\/www.gps-infostars.com\\\/it\\\/chisiamo\\\/impressum\\\/#breadcrumb\"},\"inLanguage\":\"it-IT\",\"potentialAction\":[{\"@type\":\"ReadAction\",\"target\":[\"https:\\\/\\\/www.gps-infostars.com\\\/it\\\/chisiamo\\\/impressum\\\/\"]}]},{\"@type\":\"ImageObject\",\"inLanguage\":\"it-IT\",\"@id\":\"https:\\\/\\\/www.gps-infostars.com\\\/it\\\/chisiamo\\\/impressum\\\/#primaryimage\",\"url\":\"https:\\\/\\\/www.gps-infostars.com\\\/wp-content\\\/uploads\\\/jetzt_header.jpg\",\"contentUrl\":\"https:\\\/\\\/www.gps-infostars.com\\\/wp-content\\\/uploads\\\/jetzt_header.jpg\"},{\"@type\":\"BreadcrumbList\",\"@id\":\"https:\\\/\\\/www.gps-infostars.com\\\/it\\\/chisiamo\\\/impressum\\\/#breadcrumb\",\"itemListElement\":[{\"@type\":\"ListItem\",\"position\":1,\"name\":\"Startseite\",\"item\":\"https:\\\/\\\/www.gps-infostars.com\\\/it\\\/\"},{\"@type\":\"ListItem\",\"position\":2,\"name\":\"Chi siamo\",\"item\":\"https:\\\/\\\/www.gps-infostars.com\\\/it\\\/ueber-uns\\\/\"},{\"@type\":\"ListItem\",\"position\":3,\"name\":\"Impressum\"}]},{\"@type\":\"WebSite\",\"@id\":\"https:\\\/\\\/www.gps-infostars.com\\\/it\\\/#website\",\"url\":\"https:\\\/\\\/www.gps-infostars.com\\\/it\\\/\",\"name\":\"GPS Infostars\",\"description\":\"Einfach, pr\u00e4zise &amp; zuverl\u00e4ssig.\",\"publisher\":{\"@id\":\"https:\\\/\\\/www.gps-infostars.com\\\/it\\\/#organization\"},\"potentialAction\":[{\"@type\":\"SearchAction\",\"target\":{\"@type\":\"EntryPoint\",\"urlTemplate\":\"https:\\\/\\\/www.gps-infostars.com\\\/it\\\/?s={search_term_string}\"},\"query-input\":{\"@type\":\"PropertyValueSpecification\",\"valueRequired\":true,\"valueName\":\"search_term_string\"}}],\"inLanguage\":\"it-IT\"},{\"@type\":\"Organization\",\"@id\":\"https:\\\/\\\/www.gps-infostars.com\\\/it\\\/#organization\",\"name\":\"GPS Infostars\",\"url\":\"https:\\\/\\\/www.gps-infostars.com\\\/it\\\/\",\"logo\":{\"@type\":\"ImageObject\",\"inLanguage\":\"it-IT\",\"@id\":\"https:\\\/\\\/www.gps-infostars.com\\\/it\\\/#\\\/schema\\\/logo\\\/image\\\/\",\"url\":\"https:\\\/\\\/www.gps-infostars.com\\\/wp-content\\\/uploads\\\/logo_infostars.png\",\"contentUrl\":\"https:\\\/\\\/www.gps-infostars.com\\\/wp-content\\\/uploads\\\/logo_infostars.png\",\"width\":1125,\"height\":360,\"caption\":\"GPS Infostars\"},\"image\":{\"@id\":\"https:\\\/\\\/www.gps-infostars.com\\\/it\\\/#\\\/schema\\\/logo\\\/image\\\/\"}}]}<\/script>\n<!-- \/ Yoast SEO plugin. -->","yoast_head_json":{"title":"Impressum - GPS Infostars","robots":{"index":"index","follow":"follow","max-snippet":"max-snippet:-1","max-image-preview":"max-image-preview:large","max-video-preview":"max-video-preview:-1"},"canonical":"https:\/\/www.gps-infostars.com\/it\/chisiamo\/impressum\/","og_locale":"it_IT","og_type":"article","og_title":"Impressum - GPS Infostars","og_description":"Impressum InfoStars G.m.b.H. Pantzergasse 11\/16A-1190 Vienna Telefono: +43-1\/997 1005Fax: +43-1\/997 1005-90Email (IT): &#x75;&#x66;&#x66;&#105;&#99;io&#x40;&#x67;&#x70;&#x73;&#45;&#105;nf&#x6f;&#x73;&#x74;&#97;&#114;&#115;&#46;c&#x6f;&#x6d;\u00a0 Azienda: Infostars GmbHForma giuridica: Societ\u00e0 a responsabilit\u00e0 limitataNumero del registro delle imprese: 297712mTribunale del registro delle imprese: Tribunale commerciale di ViennaNumero UID: ATU 63580967Camera di appartenenza: Camera Economica Federale Austriaca, Commercio all&#8217;ingrossom. Parti di veicoli a motore e attrezzature di servizio, Consulenza&hellip;","og_url":"https:\/\/www.gps-infostars.com\/it\/chisiamo\/impressum\/","og_site_name":"GPS Infostars","article_modified_time":"2023-04-25T12:04:36+00:00","og_image":[{"url":"https:\/\/www.gps-infostars.com\/wp-content\/uploads\/jetzt_header.jpg","type":"","width":"","height":""}],"twitter_card":"summary_large_image","twitter_misc":{"Tempo di lettura stimato":"2 minuti"},"schema":{"@context":"https:\/\/schema.org","@graph":[{"@type":"WebPage","@id":"https:\/\/www.gps-infostars.com\/it\/chisiamo\/impressum\/","url":"https:\/\/www.gps-infostars.com\/it\/chisiamo\/impressum\/","name":"Impressum - GPS Infostars","isPartOf":{"@id":"https:\/\/www.gps-infostars.com\/it\/#website"},"primaryImageOfPage":{"@id":"https:\/\/www.gps-infostars.com\/it\/chisiamo\/impressum\/#primaryimage"},"image":{"@id":"https:\/\/www.gps-infostars.com\/it\/chisiamo\/impressum\/#primaryimage"},"thumbnailUrl":"https:\/\/www.gps-infostars.com\/wp-content\/uploads\/jetzt_header.jpg","datePublished":"2021-03-30T17:25:41+00:00","dateModified":"2023-04-25T12:04:36+00:00","breadcrumb":{"@id":"https:\/\/www.gps-infostars.com\/it\/chisiamo\/impressum\/#breadcrumb"},"inLanguage":"it-IT","potentialAction":[{"@type":"ReadAction","target":["https:\/\/www.gps-infostars.com\/it\/chisiamo\/impressum\/"]}]},{"@type":"ImageObject","inLanguage":"it-IT","@id":"https:\/\/www.gps-infostars.com\/it\/chisiamo\/impressum\/#primaryimage","url":"https:\/\/www.gps-infostars.com\/wp-content\/uploads\/jetzt_header.jpg","contentUrl":"https:\/\/www.gps-infostars.com\/wp-content\/uploads\/jetzt_header.jpg"},{"@type":"BreadcrumbList","@id":"https:\/\/www.gps-infostars.com\/it\/chisiamo\/impressum\/#breadcrumb","itemListElement":[{"@type":"ListItem","position":1,"name":"Startseite","item":"https:\/\/www.gps-infostars.com\/it\/"},{"@type":"ListItem","position":2,"name":"Chi siamo","item":"https:\/\/www.gps-infostars.com\/it\/ueber-uns\/"},{"@type":"ListItem","position":3,"name":"Impressum"}]},{"@type":"WebSite","@id":"https:\/\/www.gps-infostars.com\/it\/#website","url":"https:\/\/www.gps-infostars.com\/it\/","name":"GPS Infostars","description":"Einfach, pr\u00e4zise &amp; zuverl\u00e4ssig.","publisher":{"@id":"https:\/\/www.gps-infostars.com\/it\/#organization"},"potentialAction":[{"@type":"SearchAction","target":{"@type":"EntryPoint","urlTemplate":"https:\/\/www.gps-infostars.com\/it\/?s={search_term_string}"},"query-input":{"@type":"PropertyValueSpecification","valueRequired":true,"valueName":"search_term_string"}}],"inLanguage":"it-IT"},{"@type":"Organization","@id":"https:\/\/www.gps-infostars.com\/it\/#organization","name":"GPS Infostars","url":"https:\/\/www.gps-infostars.com\/it\/","logo":{"@type":"ImageObject","inLanguage":"it-IT","@id":"https:\/\/www.gps-infostars.com\/it\/#\/schema\/logo\/image\/","url":"https:\/\/www.gps-infostars.com\/wp-content\/uploads\/logo_infostars.png","contentUrl":"https:\/\/www.gps-infostars.com\/wp-content\/uploads\/logo_infostars.png","width":1125,"height":360,"caption":"GPS Infostars"},"image":{"@id":"https:\/\/www.gps-infostars.com\/it\/#\/schema\/logo\/image\/"}}]}},"_links":{"self":[{"href":"https:\/\/www.gps-infostars.com\/it\/wp-json\/wp\/v2\/pages\/38168","targetHints":{"allow":["GET"]}}],"collection":[{"href":"https:\/\/www.gps-infostars.com\/it\/wp-json\/wp\/v2\/pages"}],"about":[{"href":"https:\/\/www.gps-infostars.com\/it\/wp-json\/wp\/v2\/types\/page"}],"author":[{"embeddable":true,"href":"https:\/\/www.gps-infostars.com\/it\/wp-json\/wp\/v2\/users\/1"}],"replies":[{"embeddable":true,"href":"https:\/\/www.gps-infostars.com\/it\/wp-json\/wp\/v2\/comments?post=38168"}],"version-history":[{"count":10,"href":"https:\/\/www.gps-infostars.com\/it\/wp-json\/wp\/v2\/pages\/38168\/revisions"}],"predecessor-version":[{"id":47761,"href":"https:\/\/www.gps-infostars.com\/it\/wp-json\/wp\/v2\/pages\/38168\/revisions\/47761"}],"up":[{"embeddable":true,"href":"https:\/\/www.gps-infostars.com\/it\/wp-json\/wp\/v2\/pages\/33474"}],"wp:attachment":[{"href":"https:\/\/www.gps-infostars.com\/it\/wp-json\/wp\/v2\/media?parent=38168"}],"curies":[{"name":"wp","href":"https:\/\/api.w.org\/{rel}","templated":true}]}}