{"id":42815,"date":"2022-05-13T14:51:22","date_gmt":"2022-05-13T12:51:22","guid":{"rendered":"http:\/\/dev2.gps-infostars.com\/servizi-prodotti\/fahrer-fahrtenbuch\/"},"modified":"2023-07-20T13:13:30","modified_gmt":"2023-07-20T11:13:30","slug":"diario-di-bordo-del-conducente","status":"publish","type":"page","link":"https:\/\/www.gps-infostars.com\/it\/servizi-prodotti\/diario-di-bordo-del-conducente\/","title":{"rendered":"Diario di bordo del conducente"},"content":{"rendered":"\t\t<div data-elementor-type=\"wp-page\" data-elementor-id=\"42815\" class=\"elementor elementor-42815 elementor-34171\" data-elementor-post-type=\"page\">\n\t\t\t\t\t\t<section class=\"elementor-section elementor-top-section elementor-element elementor-element-7ea811ac elementor-section-boxed elementor-section-height-default elementor-section-height-default\" data-id=\"7ea811ac\" data-element_type=\"section\" data-e-type=\"section\">\n\t\t\t\t\t\t<div class=\"elementor-container elementor-column-gap-default\">\n\t\t\t\t\t<div class=\"elementor-column elementor-col-100 elementor-top-column elementor-element elementor-element-73b146cd\" data-id=\"73b146cd\" data-element_type=\"column\" data-e-type=\"column\">\n\t\t\t<div class=\"elementor-widget-wrap elementor-element-populated\">\n\t\t\t\t\t\t<div class=\"elementor-element elementor-element-21fcd05c elementor-widget elementor-widget-heading\" data-id=\"21fcd05c\" data-element_type=\"widget\" data-e-type=\"widget\" data-widget_type=\"heading.default\">\n\t\t\t\t<div class=\"elementor-widget-container\">\n\t\t\t\t\t<h2 class=\"elementor-heading-title elementor-size-default\">La contabilit\u00e0 delle paghe semplificata<\/h2>\t\t\t\t<\/div>\n\t\t\t\t<\/div>\n\t\t\t\t<div class=\"elementor-element elementor-element-7bca0c52 elementor-widget elementor-widget-heading\" data-id=\"7bca0c52\" data-element_type=\"widget\" data-e-type=\"widget\" data-widget_type=\"heading.default\">\n\t\t\t\t<div class=\"elementor-widget-container\">\n\t\t\t\t\t<h1 class=\"elementor-heading-title elementor-size-default\">Diario di bordo del conducente <\/h1>\t\t\t\t<\/div>\n\t\t\t\t<\/div>\n\t\t\t\t<div class=\"elementor-element elementor-element-2617b1b9 elementor-widget elementor-widget-image\" data-id=\"2617b1b9\" data-element_type=\"widget\" data-e-type=\"widget\" data-widget_type=\"image.default\">\n\t\t\t\t<div class=\"elementor-widget-container\">\n\t\t\t\t\t\t\t\t\t\t\t\t\t\t\t<img fetchpriority=\"high\" decoding=\"async\" width=\"1200\" height=\"209\" src=\"https:\/\/www.gps-infostars.com\/wp-content\/uploads\/finanzamtfahrtenbuch_header.jpg\" class=\"attachment-large size-large wp-image-33364\" alt=\"finanzamtfahrtenbuch\" srcset=\"https:\/\/www.gps-infostars.com\/wp-content\/uploads\/finanzamtfahrtenbuch_header.jpg 2400w, https:\/\/www.gps-infostars.com\/wp-content\/uploads\/finanzamtfahrtenbuch_header-800x139.jpg 800w, https:\/\/www.gps-infostars.com\/wp-content\/uploads\/finanzamtfahrtenbuch_header-600x104.jpg 600w, https:\/\/www.gps-infostars.com\/wp-content\/uploads\/finanzamtfahrtenbuch_header-768x133.jpg 768w, https:\/\/www.gps-infostars.com\/wp-content\/uploads\/finanzamtfahrtenbuch_header-1536x267.jpg 1536w, https:\/\/www.gps-infostars.com\/wp-content\/uploads\/finanzamtfahrtenbuch_header-2048x356.jpg 2048w\" sizes=\"(max-width: 1200px) 100vw, 1200px\" \/>\t\t\t\t\t\t\t\t\t\t\t\t\t\t\t<\/div>\n\t\t\t\t<\/div>\n\t\t\t\t\t<\/div>\n\t\t<\/div>\n\t\t\t\t\t<\/div>\n\t\t<\/section>\n\t\t\t\t<section class=\"elementor-section elementor-top-section elementor-element elementor-element-5e5661d elementor-section-boxed elementor-section-height-default elementor-section-height-default\" data-id=\"5e5661d\" data-element_type=\"section\" data-e-type=\"section\">\n\t\t\t\t\t\t<div class=\"elementor-container elementor-column-gap-default\">\n\t\t\t\t\t<div class=\"elementor-column elementor-col-66 elementor-top-column elementor-element elementor-element-483e9885\" data-id=\"483e9885\" data-element_type=\"column\" data-e-type=\"column\">\n\t\t\t<div class=\"elementor-widget-wrap elementor-element-populated\">\n\t\t\t\t\t\t<div class=\"elementor-element elementor-element-66c09cd6 elementor-widget elementor-widget-text-editor\" data-id=\"66c09cd6\" data-element_type=\"widget\" data-e-type=\"widget\" data-widget_type=\"text-editor.default\">\n\t\t\t\t<div class=\"elementor-widget-container\">\n\t\t\t\t\t\t\t\t\t<p>Il registro dei conducenti prepara i dati in base ai conducenti e non in base ai veicoli.<\/p><h3>Il riconoscimento automatico del conducente \u00e8 incluso<\/h3><p>A seconda dell&#8217;hardware GPS utilizzato nel veicolo, il conducente pu\u00f2 essere riconosciuto automaticamente. Il riconoscimento del conducente pu\u00f2 avvenire tramite chiave, carta, token o BLE. Sono supportati tutti i sistemi pi\u00f9 comuni, come iButton, MIFARE, HITAG, Legic.<\/p><p>Se il conducente del veicolo non cambia molto spesso, \u00e8 possibile assegnare un conducente tramite la funzione &#8220;standard driver&#8221; nel nostro software. Questa funzione \u00e8 compatibile con il meccanismo di protezione privata.<\/p><h3>Valutazione di diversi veicoli<\/h3><p>Con questo diario di bordo, rimane facile valutare quanti chilometri ha percorso un conducnte, anche se ha cambiato veicolo pi\u00f9 volte durante una giornata.<\/p><h3>Diario di bordo per automobilisti &#8211; per una semplice contabilit\u00e0.<\/h3><p>In questo modo \u00e8 pi\u00f9 facile tenere conto di chi ha guidato per quanto tempo e per quale scopo. Se \u00e9 stato un tragitto privato e di lavoro. <\/p><p><span style=\"color: #e1710f; letter-spacing: 0.32px; text-transform: var(--the7-base-text-transform); word-spacing: normal;\">\u2192<\/span> riconoscimento automatico del conducente.<\/p><p><span style=\"color: #e1710f; letter-spacing: 0.32px; text-transform: var(--the7-base-text-transform); word-spacing: normal;\">\u2192<\/span> Possibilit\u00e0 di un segnale acustico o di immobilizzazione veicolare in caso di mancato riconoscimento.<\/p><p><span style=\"color: #e1710f; letter-spacing: 0.32px; text-transform: var(--the7-base-text-transform); word-spacing: normal;\">\u2192<\/span> Possibilit\u00e0 di cambiare tra privato e business.<\/p>\t\t\t\t\t\t\t\t<\/div>\n\t\t\t\t<\/div>\n\t\t\t\t<section class=\"elementor-section elementor-inner-section elementor-element elementor-element-a1f166b elementor-section-boxed elementor-section-height-default elementor-section-height-default\" data-id=\"a1f166b\" data-element_type=\"section\" data-e-type=\"section\">\n\t\t\t\t\t\t<div class=\"elementor-container elementor-column-gap-default\">\n\t\t\t\t\t<div class=\"elementor-column elementor-col-100 elementor-inner-column elementor-element elementor-element-633cfc7\" data-id=\"633cfc7\" data-element_type=\"column\" data-e-type=\"column\">\n\t\t\t<div class=\"elementor-widget-wrap\">\n\t\t\t\t\t\t\t<\/div>\n\t\t<\/div>\n\t\t\t\t\t<\/div>\n\t\t<\/section>\n\t\t\t\t<section class=\"elementor-section elementor-inner-section elementor-element elementor-element-583d694 elementor-section-boxed elementor-section-height-default elementor-section-height-default\" data-id=\"583d694\" data-element_type=\"section\" data-e-type=\"section\">\n\t\t\t\t\t\t<div class=\"elementor-container elementor-column-gap-default\">\n\t\t\t\t\t<div class=\"elementor-column elementor-col-100 elementor-inner-column elementor-element elementor-element-e4dd594\" data-id=\"e4dd594\" data-element_type=\"column\" data-e-type=\"column\">\n\t\t\t<div class=\"elementor-widget-wrap elementor-element-populated\">\n\t\t\t\t\t\t<div class=\"elementor-element elementor-element-17e6396 elementor-widget elementor-widget-image\" data-id=\"17e6396\" data-element_type=\"widget\" data-e-type=\"widget\" data-widget_type=\"image.default\">\n\t\t\t\t<div class=\"elementor-widget-container\">\n\t\t\t\t\t\t\t\t\t\t\t\t\t\t\t\t<a href=\"https:\/\/www.gps-infostars.com\/wp-content\/uploads\/fahrtenbuch_infografik2_ital.jpg\" data-elementor-open-lightbox=\"yes\" data-e-action-hash=\"#elementor-action%3Aaction%3Dlightbox%26settings%3DW10%3D\">\n\t\t\t\t\t\t\t<img decoding=\"async\" src=\"https:\/\/www.gps-infostars.com\/wp-content\/uploads\/fahrtenbuch_infografik2_ital.jpg\" title=\"\" alt=\"\" loading=\"lazy\" \/>\t\t\t\t\t\t\t\t<\/a>\n\t\t\t\t\t\t\t\t\t\t\t\t\t\t\t<\/div>\n\t\t\t\t<\/div>\n\t\t\t\t\t<\/div>\n\t\t<\/div>\n\t\t\t\t\t<\/div>\n\t\t<\/section>\n\t\t\t\t<div class=\"elementor-element elementor-element-5b4d177 elementor-widget elementor-widget-text-editor\" data-id=\"5b4d177\" data-element_type=\"widget\" data-e-type=\"widget\" data-widget_type=\"text-editor.default\">\n\t\t\t\t<div class=\"elementor-widget-container\">\n\t\t\t\t\t\t\t\t\t<h3>Avete domande?<\/h3><p>I nostri consulenti specializzati sono sempre a vostra disposizione! Contattateci al numero: <a href=\"tel: 0039 0267739175\">+39 0267739175<\/a> (lun-ven 9.00 -17.00).<\/p><p>E-Mail al seguente indirizzo <a href=\"&#x6d;&#x61;&#105;&#108;to&#x3a;&#x6f;&#x66;&#102;ic&#x65;&#x40;&#x69;&#110;&#102;o&#x73;&#x74;&#x61;&#114;&#115;&#46;&#x61;&#x74;\">&#x75;&#x66;&#x66;&#105;&#99;io&#x40;&#x67;&#x70;&#x73;&#45;&#105;nf&#x6f;&#x73;&#x74;&#97;&#114;&#115;&#46;c&#x6f;&#x6d; <\/a>oppure usate il nostro modulo di contatto <a href=\"https:\/\/www.gps-infostars.com\/beratung-kontakt\/kontaktformular\/\">\u2192 Modulo di contatto<\/a><\/p>\t\t\t\t\t\t\t\t<\/div>\n\t\t\t\t<\/div>\n\t\t\t\t\t<\/div>\n\t\t<\/div>\n\t\t\t\t<div class=\"elementor-column elementor-col-33 elementor-top-column elementor-element elementor-element-5abb1c97\" data-id=\"5abb1c97\" data-element_type=\"column\" data-e-type=\"column\">\n\t\t\t<div class=\"elementor-widget-wrap elementor-element-populated\">\n\t\t\t\t\t\t<div class=\"elementor-element elementor-element-3df3c7b9 elementor-widget elementor-widget-heading\" data-id=\"3df3c7b9\" data-element_type=\"widget\" data-e-type=\"widget\" data-widget_type=\"heading.default\">\n\t\t\t\t<div class=\"elementor-widget-container\">\n\t\t\t\t\t<h3 class=\"elementor-heading-title elementor-size-default\">Il nostro prodotto<\/h3>\t\t\t\t<\/div>\n\t\t\t\t<\/div>\n\t\t\t\t<section class=\"elementor-section elementor-inner-section elementor-element elementor-element-74130e18 elementor-section-boxed elementor-section-height-default elementor-section-height-default\" data-id=\"74130e18\" data-element_type=\"section\" data-e-type=\"section\">\n\t\t\t\t\t\t<div class=\"elementor-container elementor-column-gap-default\">\n\t\t\t\t\t<div class=\"elementor-column elementor-col-100 elementor-inner-column elementor-element elementor-element-10c8816d\" data-id=\"10c8816d\" data-element_type=\"column\" data-e-type=\"column\">\n\t\t\t<div class=\"elementor-widget-wrap elementor-element-populated\">\n\t\t\t\t\t\t<div class=\"elementor-element elementor-element-4494e2c2 elementor-widget elementor-widget-image\" data-id=\"4494e2c2\" data-element_type=\"widget\" data-e-type=\"widget\" data-widget_type=\"image.default\">\n\t\t\t\t<div class=\"elementor-widget-container\">\n\t\t\t\t\t\t\t\t\t\t\t\t\t\t\t<img decoding=\"async\" src=\"https:\/\/www.gps-infostars.com\/wp-content\/uploads\/gps_fahrtenbuch_premium_bundle_it.jpg\" title=\"\" alt=\"\" loading=\"lazy\" \/>\t\t\t\t\t\t\t\t\t\t\t\t\t\t\t<\/div>\n\t\t\t\t<\/div>\n\t\t\t\t<div class=\"elementor-element elementor-element-7f8ed73b elementor-widget elementor-widget-text-editor\" data-id=\"7f8ed73b\" data-element_type=\"widget\" data-e-type=\"widget\" data-widget_type=\"text-editor.default\">\n\t\t\t\t<div class=\"elementor-widget-container\">\n\t\t\t\t\t\t\t\t\t<h5>Per grandi ditte<\/h5><h4>Diario di bordo con distinzione tra tragitti privati e lavorativi Premium<\/h4><div><p>Vorschlag von Zweck der Fahrt, 100% Privatschutz und automatische LStR266 Funktion inkl. SIM-Karte und Datenu\u0308bertragungskosten in Zone1.<\/p><p><span style=\"color: #e1710f; letter-spacing: 0.32px; text-transform: var(--the7-base-text-transform); word-spacing: normal;\">\u2192\u00a0<\/span>\u00a0Proposta automatica dello <br \/>scopo del viaggio.<\/p><p><span style=\"color: #e1710f; letter-spacing: 0.32px; text-transform: var(--the7-base-text-transform); word-spacing: normal;\">\u2192 <\/span>Distinzione tra tragitt privati e lavorativi.<\/p><p><span style=\"color: #e1710f; letter-spacing: 0.32px; text-transform: var(--the7-base-text-transform); word-spacing: normal;\">\u2192 <\/span>Funzione di ragruppamento di veicoli e conducenti.<\/p><p><span style=\"color: #e1710f; letter-spacing: 0.32px; text-transform: var(--the7-base-text-transform); word-spacing: normal;\">\u2192\u00a0<\/span>Opzione protezione privata al 100%<\/p><p><span style=\"color: #e1710f; letter-spacing: 0.32px; text-transform: var(--the7-base-text-transform); word-spacing: normal;\">\u2192 <\/span>Scheda SIM con trasferimento <br \/>dati inclusa.<\/p><p><span style=\"color: #e1710f; letter-spacing: 0.32px; text-transform: var(--the7-base-text-transform); word-spacing: normal;\">\u2192 <\/span>Localizzatore GPS Plug &amp; Play.<\/p><\/div>\t\t\t\t\t\t\t\t<\/div>\n\t\t\t\t<\/div>\n\t\t\t\t<div class=\"elementor-element elementor-element-42d96b81 elementor-align-center elementor-widget elementor-widget-button\" data-id=\"42d96b81\" data-element_type=\"widget\" data-e-type=\"widget\" data-widget_type=\"button.default\">\n\t\t\t\t<div class=\"elementor-widget-container\">\n\t\t\t\t\t\t\t\t\t<div class=\"elementor-button-wrapper\">\n\t\t\t\t\t<a class=\"elementor-button elementor-button-link elementor-size-sm\" href=\"\/onlineshop\/elektronische-fahrtenbuch-produkte\/\">\n\t\t\t\t\t\t<span class=\"elementor-button-content-wrapper\">\n\t\t\t\t\t\t\t\t\t<span class=\"elementor-button-text\">Al negozio<\/span>\n\t\t\t\t\t<\/span>\n\t\t\t\t\t<\/a>\n\t\t\t\t<\/div>\n\t\t\t\t\t\t\t\t<\/div>\n\t\t\t\t<\/div>\n\t\t\t\t\t<\/div>\n\t\t<\/div>\n\t\t\t\t\t<\/div>\n\t\t<\/section>\n\t\t\t\t\t<\/div>\n\t\t<\/div>\n\t\t\t\t\t<\/div>\n\t\t<\/section>\n\t\t\t\t<section class=\"elementor-section elementor-top-section elementor-element elementor-element-75bd001b elementor-section-boxed elementor-section-height-default elementor-section-height-default\" data-id=\"75bd001b\" data-element_type=\"section\" data-e-type=\"section\">\n\t\t\t\t\t\t<div class=\"elementor-container elementor-column-gap-default\">\n\t\t\t\t\t<div class=\"elementor-column elementor-col-100 elementor-top-column elementor-element elementor-element-8bdc0c5\" data-id=\"8bdc0c5\" data-element_type=\"column\" data-e-type=\"column\">\n\t\t\t<div class=\"elementor-widget-wrap\">\n\t\t\t\t\t\t\t<\/div>\n\t\t<\/div>\n\t\t\t\t\t<\/div>\n\t\t<\/section>\n\t\t\t\t<section class=\"elementor-section elementor-top-section elementor-element elementor-element-29a1d55 elementor-section-boxed elementor-section-height-default elementor-section-height-default\" data-id=\"29a1d55\" data-element_type=\"section\" data-e-type=\"section\">\n\t\t\t\t\t\t<div class=\"elementor-container elementor-column-gap-default\">\n\t\t\t\t\t<div class=\"elementor-column elementor-col-33 elementor-top-column elementor-element elementor-element-5d70596\" data-id=\"5d70596\" data-element_type=\"column\" data-e-type=\"column\">\n\t\t\t<div class=\"elementor-widget-wrap\">\n\t\t\t\t\t\t\t<\/div>\n\t\t<\/div>\n\t\t\t\t<div class=\"elementor-column elementor-col-33 elementor-top-column elementor-element elementor-element-291d48b\" data-id=\"291d48b\" data-element_type=\"column\" data-e-type=\"column\">\n\t\t\t<div class=\"elementor-widget-wrap\">\n\t\t\t\t\t\t\t<\/div>\n\t\t<\/div>\n\t\t\t\t<div class=\"elementor-column elementor-col-33 elementor-top-column elementor-element elementor-element-8da275f\" data-id=\"8da275f\" data-element_type=\"column\" data-e-type=\"column\">\n\t\t\t<div class=\"elementor-widget-wrap\">\n\t\t\t\t\t\t\t<\/div>\n\t\t<\/div>\n\t\t\t\t\t<\/div>\n\t\t<\/section>\n\t\t\t\t<\/div>\n\t\t","protected":false},"excerpt":{"rendered":"<p>La contabilit\u00e0 delle paghe semplificata Diario di bordo del conducente Il registro dei conducenti prepara i dati in base ai conducenti e non in base ai veicoli. Il riconoscimento automatico del conducente \u00e8 incluso A seconda dell&#8217;hardware GPS utilizzato nel veicolo, il conducente pu\u00f2 essere riconosciuto automaticamente. Il riconoscimento del conducente pu\u00f2 avvenire tramite chiave,&hellip;<\/p>\n","protected":false},"author":6,"featured_media":0,"parent":34191,"menu_order":0,"comment_status":"closed","ping_status":"closed","template":"","meta":{"inline_featured_image":false,"footnotes":""},"class_list":["post-42815","page","type-page","status-publish","hentry"],"yoast_head":"<!-- This site is optimized with the Yoast SEO plugin v27.4 - https:\/\/yoast.com\/product\/yoast-seo-wordpress\/ -->\n<title>Diario di bordo del conducente - Unser finanzamttaugliches Fahrtenbuch<\/title>\n<meta name=\"description\" content=\"Il riconoscimento del conducente tramite chiave, carta, token o BLE, iButton, MIFARE, HITAG, Legic, standard driver\" \/>\n<meta name=\"robots\" content=\"index, follow, max-snippet:-1, max-image-preview:large, max-video-preview:-1\" \/>\n<link rel=\"canonical\" href=\"https:\/\/www.gps-infostars.com\/it\/servizi-prodotti\/diario-di-bordo-del-conducente\/\" \/>\n<meta property=\"og:locale\" content=\"it_IT\" \/>\n<meta property=\"og:type\" content=\"article\" \/>\n<meta property=\"og:title\" content=\"Diario di bordo del conducente - Unser finanzamttaugliches Fahrtenbuch\" \/>\n<meta property=\"og:description\" content=\"Il riconoscimento del conducente tramite chiave, carta, token o BLE, iButton, MIFARE, HITAG, Legic, standard driver\" \/>\n<meta property=\"og:url\" content=\"https:\/\/www.gps-infostars.com\/it\/servizi-prodotti\/diario-di-bordo-del-conducente\/\" \/>\n<meta property=\"og:site_name\" content=\"GPS Infostars\" \/>\n<meta property=\"article:modified_time\" content=\"2023-07-20T11:13:30+00:00\" \/>\n<meta property=\"og:image\" content=\"https:\/\/www.gps-infostars.com\/wp-content\/uploads\/finanzamtfahrtenbuch_header.jpg\" \/>\n<meta name=\"twitter:card\" content=\"summary_large_image\" \/>\n<meta name=\"twitter:label1\" content=\"Tempo di lettura stimato\" \/>\n\t<meta name=\"twitter:data1\" content=\"1 minuto\" \/>\n<script type=\"application\/ld+json\" class=\"yoast-schema-graph\">{\"@context\":\"https:\\\/\\\/schema.org\",\"@graph\":[{\"@type\":\"WebPage\",\"@id\":\"https:\\\/\\\/www.gps-infostars.com\\\/it\\\/servizi-prodotti\\\/diario-di-bordo-del-conducente\\\/\",\"url\":\"https:\\\/\\\/www.gps-infostars.com\\\/it\\\/servizi-prodotti\\\/diario-di-bordo-del-conducente\\\/\",\"name\":\"Diario di bordo del conducente - Unser finanzamttaugliches Fahrtenbuch\",\"isPartOf\":{\"@id\":\"https:\\\/\\\/www.gps-infostars.com\\\/it\\\/#website\"},\"primaryImageOfPage\":{\"@id\":\"https:\\\/\\\/www.gps-infostars.com\\\/it\\\/servizi-prodotti\\\/diario-di-bordo-del-conducente\\\/#primaryimage\"},\"image\":{\"@id\":\"https:\\\/\\\/www.gps-infostars.com\\\/it\\\/servizi-prodotti\\\/diario-di-bordo-del-conducente\\\/#primaryimage\"},\"thumbnailUrl\":\"https:\\\/\\\/www.gps-infostars.com\\\/wp-content\\\/uploads\\\/finanzamtfahrtenbuch_header.jpg\",\"datePublished\":\"2022-05-13T12:51:22+00:00\",\"dateModified\":\"2023-07-20T11:13:30+00:00\",\"description\":\"Il riconoscimento del conducente tramite chiave, carta, token o BLE, iButton, MIFARE, HITAG, Legic, standard driver\",\"breadcrumb\":{\"@id\":\"https:\\\/\\\/www.gps-infostars.com\\\/it\\\/servizi-prodotti\\\/diario-di-bordo-del-conducente\\\/#breadcrumb\"},\"inLanguage\":\"it-IT\",\"potentialAction\":[{\"@type\":\"ReadAction\",\"target\":[\"https:\\\/\\\/www.gps-infostars.com\\\/it\\\/servizi-prodotti\\\/diario-di-bordo-del-conducente\\\/\"]}]},{\"@type\":\"ImageObject\",\"inLanguage\":\"it-IT\",\"@id\":\"https:\\\/\\\/www.gps-infostars.com\\\/it\\\/servizi-prodotti\\\/diario-di-bordo-del-conducente\\\/#primaryimage\",\"url\":\"https:\\\/\\\/www.gps-infostars.com\\\/wp-content\\\/uploads\\\/finanzamtfahrtenbuch_header.jpg\",\"contentUrl\":\"https:\\\/\\\/www.gps-infostars.com\\\/wp-content\\\/uploads\\\/finanzamtfahrtenbuch_header.jpg\"},{\"@type\":\"BreadcrumbList\",\"@id\":\"https:\\\/\\\/www.gps-infostars.com\\\/it\\\/servizi-prodotti\\\/diario-di-bordo-del-conducente\\\/#breadcrumb\",\"itemListElement\":[{\"@type\":\"ListItem\",\"position\":1,\"name\":\"Startseite\",\"item\":\"https:\\\/\\\/www.gps-infostars.com\\\/it\\\/\"},{\"@type\":\"ListItem\",\"position\":2,\"name\":\"Services &amp; Produkte\",\"item\":\"https:\\\/\\\/www.gps-infostars.com\\\/it\\\/servizi-prodotti\\\/\"},{\"@type\":\"ListItem\",\"position\":3,\"name\":\"Diario di bordo del conducente\"}]},{\"@type\":\"WebSite\",\"@id\":\"https:\\\/\\\/www.gps-infostars.com\\\/it\\\/#website\",\"url\":\"https:\\\/\\\/www.gps-infostars.com\\\/it\\\/\",\"name\":\"GPS Infostars\",\"description\":\"Einfach, pr\u00e4zise &amp; zuverl\u00e4ssig.\",\"publisher\":{\"@id\":\"https:\\\/\\\/www.gps-infostars.com\\\/it\\\/#organization\"},\"potentialAction\":[{\"@type\":\"SearchAction\",\"target\":{\"@type\":\"EntryPoint\",\"urlTemplate\":\"https:\\\/\\\/www.gps-infostars.com\\\/it\\\/?s={search_term_string}\"},\"query-input\":{\"@type\":\"PropertyValueSpecification\",\"valueRequired\":true,\"valueName\":\"search_term_string\"}}],\"inLanguage\":\"it-IT\"},{\"@type\":\"Organization\",\"@id\":\"https:\\\/\\\/www.gps-infostars.com\\\/it\\\/#organization\",\"name\":\"GPS Infostars\",\"url\":\"https:\\\/\\\/www.gps-infostars.com\\\/it\\\/\",\"logo\":{\"@type\":\"ImageObject\",\"inLanguage\":\"it-IT\",\"@id\":\"https:\\\/\\\/www.gps-infostars.com\\\/it\\\/#\\\/schema\\\/logo\\\/image\\\/\",\"url\":\"https:\\\/\\\/www.gps-infostars.com\\\/wp-content\\\/uploads\\\/logo_infostars.png\",\"contentUrl\":\"https:\\\/\\\/www.gps-infostars.com\\\/wp-content\\\/uploads\\\/logo_infostars.png\",\"width\":1125,\"height\":360,\"caption\":\"GPS Infostars\"},\"image\":{\"@id\":\"https:\\\/\\\/www.gps-infostars.com\\\/it\\\/#\\\/schema\\\/logo\\\/image\\\/\"}}]}<\/script>\n<!-- \/ Yoast SEO plugin. -->","yoast_head_json":{"title":"Diario di bordo del conducente - Unser finanzamttaugliches Fahrtenbuch","description":"Il riconoscimento del conducente tramite chiave, carta, token o BLE, iButton, MIFARE, HITAG, Legic, standard driver","robots":{"index":"index","follow":"follow","max-snippet":"max-snippet:-1","max-image-preview":"max-image-preview:large","max-video-preview":"max-video-preview:-1"},"canonical":"https:\/\/www.gps-infostars.com\/it\/servizi-prodotti\/diario-di-bordo-del-conducente\/","og_locale":"it_IT","og_type":"article","og_title":"Diario di bordo del conducente - Unser finanzamttaugliches Fahrtenbuch","og_description":"Il riconoscimento del conducente tramite chiave, carta, token o BLE, iButton, MIFARE, HITAG, Legic, standard driver","og_url":"https:\/\/www.gps-infostars.com\/it\/servizi-prodotti\/diario-di-bordo-del-conducente\/","og_site_name":"GPS Infostars","article_modified_time":"2023-07-20T11:13:30+00:00","og_image":[{"url":"https:\/\/www.gps-infostars.com\/wp-content\/uploads\/finanzamtfahrtenbuch_header.jpg","type":"","width":"","height":""}],"twitter_card":"summary_large_image","twitter_misc":{"Tempo di lettura stimato":"1 minuto"},"schema":{"@context":"https:\/\/schema.org","@graph":[{"@type":"WebPage","@id":"https:\/\/www.gps-infostars.com\/it\/servizi-prodotti\/diario-di-bordo-del-conducente\/","url":"https:\/\/www.gps-infostars.com\/it\/servizi-prodotti\/diario-di-bordo-del-conducente\/","name":"Diario di bordo del conducente - Unser finanzamttaugliches Fahrtenbuch","isPartOf":{"@id":"https:\/\/www.gps-infostars.com\/it\/#website"},"primaryImageOfPage":{"@id":"https:\/\/www.gps-infostars.com\/it\/servizi-prodotti\/diario-di-bordo-del-conducente\/#primaryimage"},"image":{"@id":"https:\/\/www.gps-infostars.com\/it\/servizi-prodotti\/diario-di-bordo-del-conducente\/#primaryimage"},"thumbnailUrl":"https:\/\/www.gps-infostars.com\/wp-content\/uploads\/finanzamtfahrtenbuch_header.jpg","datePublished":"2022-05-13T12:51:22+00:00","dateModified":"2023-07-20T11:13:30+00:00","description":"Il riconoscimento del conducente tramite chiave, carta, token o BLE, iButton, MIFARE, HITAG, Legic, standard driver","breadcrumb":{"@id":"https:\/\/www.gps-infostars.com\/it\/servizi-prodotti\/diario-di-bordo-del-conducente\/#breadcrumb"},"inLanguage":"it-IT","potentialAction":[{"@type":"ReadAction","target":["https:\/\/www.gps-infostars.com\/it\/servizi-prodotti\/diario-di-bordo-del-conducente\/"]}]},{"@type":"ImageObject","inLanguage":"it-IT","@id":"https:\/\/www.gps-infostars.com\/it\/servizi-prodotti\/diario-di-bordo-del-conducente\/#primaryimage","url":"https:\/\/www.gps-infostars.com\/wp-content\/uploads\/finanzamtfahrtenbuch_header.jpg","contentUrl":"https:\/\/www.gps-infostars.com\/wp-content\/uploads\/finanzamtfahrtenbuch_header.jpg"},{"@type":"BreadcrumbList","@id":"https:\/\/www.gps-infostars.com\/it\/servizi-prodotti\/diario-di-bordo-del-conducente\/#breadcrumb","itemListElement":[{"@type":"ListItem","position":1,"name":"Startseite","item":"https:\/\/www.gps-infostars.com\/it\/"},{"@type":"ListItem","position":2,"name":"Services &amp; Produkte","item":"https:\/\/www.gps-infostars.com\/it\/servizi-prodotti\/"},{"@type":"ListItem","position":3,"name":"Diario di bordo del conducente"}]},{"@type":"WebSite","@id":"https:\/\/www.gps-infostars.com\/it\/#website","url":"https:\/\/www.gps-infostars.com\/it\/","name":"GPS Infostars","description":"Einfach, pr\u00e4zise &amp; zuverl\u00e4ssig.","publisher":{"@id":"https:\/\/www.gps-infostars.com\/it\/#organization"},"potentialAction":[{"@type":"SearchAction","target":{"@type":"EntryPoint","urlTemplate":"https:\/\/www.gps-infostars.com\/it\/?s={search_term_string}"},"query-input":{"@type":"PropertyValueSpecification","valueRequired":true,"valueName":"search_term_string"}}],"inLanguage":"it-IT"},{"@type":"Organization","@id":"https:\/\/www.gps-infostars.com\/it\/#organization","name":"GPS Infostars","url":"https:\/\/www.gps-infostars.com\/it\/","logo":{"@type":"ImageObject","inLanguage":"it-IT","@id":"https:\/\/www.gps-infostars.com\/it\/#\/schema\/logo\/image\/","url":"https:\/\/www.gps-infostars.com\/wp-content\/uploads\/logo_infostars.png","contentUrl":"https:\/\/www.gps-infostars.com\/wp-content\/uploads\/logo_infostars.png","width":1125,"height":360,"caption":"GPS Infostars"},"image":{"@id":"https:\/\/www.gps-infostars.com\/it\/#\/schema\/logo\/image\/"}}]}},"_links":{"self":[{"href":"https:\/\/www.gps-infostars.com\/it\/wp-json\/wp\/v2\/pages\/42815","targetHints":{"allow":["GET"]}}],"collection":[{"href":"https:\/\/www.gps-infostars.com\/it\/wp-json\/wp\/v2\/pages"}],"about":[{"href":"https:\/\/www.gps-infostars.com\/it\/wp-json\/wp\/v2\/types\/page"}],"author":[{"embeddable":true,"href":"https:\/\/www.gps-infostars.com\/it\/wp-json\/wp\/v2\/users\/6"}],"replies":[{"embeddable":true,"href":"https:\/\/www.gps-infostars.com\/it\/wp-json\/wp\/v2\/comments?post=42815"}],"version-history":[{"count":15,"href":"https:\/\/www.gps-infostars.com\/it\/wp-json\/wp\/v2\/pages\/42815\/revisions"}],"predecessor-version":[{"id":49511,"href":"https:\/\/www.gps-infostars.com\/it\/wp-json\/wp\/v2\/pages\/42815\/revisions\/49511"}],"up":[{"embeddable":true,"href":"https:\/\/www.gps-infostars.com\/it\/wp-json\/wp\/v2\/pages\/34191"}],"wp:attachment":[{"href":"https:\/\/www.gps-infostars.com\/it\/wp-json\/wp\/v2\/media?parent=42815"}],"curies":[{"name":"wp","href":"https:\/\/api.w.org\/{rel}","templated":true}]}}