{"id":42923,"date":"2021-03-30T19:26:09","date_gmt":"2021-03-30T17:26:09","guid":{"rendered":"http:\/\/dev2.gps-infostars.com\/chisiamo\/datenschutzerklaerung\/"},"modified":"2024-03-21T09:58:16","modified_gmt":"2024-03-21T08:58:16","slug":"datenschutzerklaerung","status":"publish","type":"page","link":"https:\/\/www.gps-infostars.com\/it\/chisiamo\/datenschutzerklaerung\/","title":{"rendered":"Datenschutzerkl\u00e4rung"},"content":{"rendered":"\t\t<div data-elementor-type=\"wp-page\" data-elementor-id=\"42923\" class=\"elementor elementor-42923 elementor-30504\" data-elementor-post-type=\"page\">\n\t\t\t\t\t\t<section class=\"elementor-section elementor-top-section elementor-element elementor-element-3be4734f elementor-section-boxed elementor-section-height-default elementor-section-height-default\" data-id=\"3be4734f\" data-element_type=\"section\" data-e-type=\"section\">\n\t\t\t\t\t\t<div class=\"elementor-container elementor-column-gap-default\">\n\t\t\t\t\t<div class=\"elementor-column elementor-col-100 elementor-top-column elementor-element elementor-element-5c67b3d9\" data-id=\"5c67b3d9\" data-element_type=\"column\" data-e-type=\"column\">\n\t\t\t<div class=\"elementor-widget-wrap elementor-element-populated\">\n\t\t\t\t\t\t<div class=\"elementor-element elementor-element-1172ce8b elementor-widget elementor-widget-heading\" data-id=\"1172ce8b\" data-element_type=\"widget\" data-e-type=\"widget\" data-widget_type=\"heading.default\">\n\t\t\t\t<div class=\"elementor-widget-container\">\n\t\t\t\t\t<h1 class=\"elementor-heading-title elementor-size-default\">Dichiarazione sulla protezione dei dati<\/h1>\t\t\t\t<\/div>\n\t\t\t\t<\/div>\n\t\t\t\t<div class=\"elementor-element elementor-element-349be66b elementor-widget elementor-widget-image\" data-id=\"349be66b\" data-element_type=\"widget\" data-e-type=\"widget\" data-widget_type=\"image.default\">\n\t\t\t\t<div class=\"elementor-widget-container\">\n\t\t\t\t\t\t\t\t\t\t\t\t\t\t\t<img fetchpriority=\"high\" decoding=\"async\" width=\"1200\" height=\"209\" src=\"https:\/\/www.gps-infostars.com\/wp-content\/uploads\/jetzt_header.jpg\" class=\"attachment-large size-large wp-image-33399\" alt=\"\" srcset=\"https:\/\/www.gps-infostars.com\/wp-content\/uploads\/jetzt_header.jpg 2400w, https:\/\/www.gps-infostars.com\/wp-content\/uploads\/jetzt_header-800x139.jpg 800w, https:\/\/www.gps-infostars.com\/wp-content\/uploads\/jetzt_header-600x104.jpg 600w, https:\/\/www.gps-infostars.com\/wp-content\/uploads\/jetzt_header-768x133.jpg 768w, https:\/\/www.gps-infostars.com\/wp-content\/uploads\/jetzt_header-1536x267.jpg 1536w, https:\/\/www.gps-infostars.com\/wp-content\/uploads\/jetzt_header-2048x356.jpg 2048w\" sizes=\"(max-width: 1200px) 100vw, 1200px\" \/>\t\t\t\t\t\t\t\t\t\t\t\t\t\t\t<\/div>\n\t\t\t\t<\/div>\n\t\t\t\t\t<\/div>\n\t\t<\/div>\n\t\t\t\t\t<\/div>\n\t\t<\/section>\n\t\t\t\t<section class=\"elementor-section elementor-top-section elementor-element elementor-element-38ee4e85 elementor-section-boxed elementor-section-height-default elementor-section-height-default\" data-id=\"38ee4e85\" data-element_type=\"section\" data-e-type=\"section\">\n\t\t\t\t\t\t<div class=\"elementor-container elementor-column-gap-default\">\n\t\t\t\t\t<div class=\"elementor-column elementor-col-66 elementor-top-column elementor-element elementor-element-58d5eca4\" data-id=\"58d5eca4\" data-element_type=\"column\" data-e-type=\"column\">\n\t\t\t<div class=\"elementor-widget-wrap elementor-element-populated\">\n\t\t\t\t\t\t<div class=\"elementor-element elementor-element-6a687186 elementor-widget elementor-widget-text-editor\" data-id=\"6a687186\" data-element_type=\"widget\" data-e-type=\"widget\" data-widget_type=\"text-editor.default\">\n\t\t\t\t<div class=\"elementor-widget-container\">\n\t\t\t\t\t\t\t\t\t<h3>Dichiarazione dell&#8217;obbligo di informazione<\/h3><p>La protezione dei tuoi dati personali \u00e8 una nostra particolare preoccupazione. Pertanto, trattiamo i tuoi dati esclusivamente in conformit\u00e0 alle disposizioni di legge (GDPR, TKG 2003). In questa informativa sulla privacy, ti informiamo sui principali aspetti del trattamento dei dati all&#8217;interno del nostro sito web.<\/p><h3>Cookies<\/h3><p>Il nostro sito web utilizza i cosiddetti cookie. Si tratta di piccoli file di testo che vengono memorizzati sul tuo dispositivo tramite il browser. Non causano danni.<\/p><p>Utilizziamo i cookie per rendere la nostra offerta pi\u00f9 utile per gli utenti. Alcuni cookie rimangono memorizzati sul tuo dispositivo finch\u00e9 non vengono eliminati. Ci consentono di riconoscere il tuo browser al prossimo accesso.<\/p><p>Se non desideri questo, puoi configurare il tuo browser in modo che ti informi sull&#8217;impostazione dei cookie e tu possa permetterlo solo singolarmente. Disattivando i cookie, potrebbe essere limitata la funzionalit\u00e0 del nostro sito web.<\/p><h3>Modulo di contatto<\/h3><p>I dati personali che ci fornisci nell&#8217;ambito di questa richiesta di contatto verranno utilizzati solo per rispondere alla tua richiesta o per contattarti e per la relativa amministrazione tecnica. Non verranno comunicati a terzi.<\/p><p>Hai il diritto di revocare il consenso dato con effetto per il futuro in qualsiasi momento. In tal caso, i tuoi dati personali saranno immediatamente cancellati.<\/p><p>I tuoi dati personali saranno cancellati anche senza il tuo ritiro del consenso se abbiamo elaborato la tua richiesta o se hai revocato il consenso alla memorizzazione concesso qui. Questo avviene anche se lo stoccaggio \u00e8 illegale per altre ragioni legali.<\/p><p>Puoi informarti in qualsiasi momento sui dati memorizzati su di te.<\/p><h3>Informativa sulla privacy di Google Fonts<\/h3><p>Utilizziamo i font di Google della societ\u00e0 Google Inc. (1600 Amphitheater Parkway, Mountain View, CA 94043, USA) sul nostro sito web. L&#8217;uso di Google Fonts avviene senza autenticazione e non vengono inviati cookie all&#8217;API dei Google Fonts. Se hai un account Google, nessuno dei tuoi dati dell&#8217;account Google viene trasmesso a Google durante l&#8217;uso di Google Fonts. Google raccoglie solo l&#8217;uso di CSS e dei caratteri utilizzati e memorizza questi dati in modo sicuro. Per ulteriori informazioni su queste e altre domande, consulta <a href=\"https:\/\/developers.google.com\/fonts\/faq\" target=\"_new\">https:\/\/developers.google.com\/fonts\/faq<\/a>. Puoi leggere quali dati vengono raccolti da Google e per cosa vengono utilizzati su <a href=\"https:\/\/www.google.com\/intl\/de\/policies\/privacy\/\" target=\"_new\">https:\/\/www.google.com\/intl\/de\/policies\/privacy\/<\/a>.<\/p><p>I tuoi diritti<\/p><p>In linea di principio, hai il diritto di informazione, correzione, cancellazione, limitazione, portabilit\u00e0 dei dati, revoca e opposizione. Se ritieni che il trattamento dei tuoi dati violi la legge sulla protezione dei dati o che i tuoi diritti sulla protezione dei dati siano stati violati in altro modo, puoi presentare reclamo all&#8217;autorit\u00e0 di vigilanza. In Austria, questa \u00e8 l&#8217;Autorit\u00e0 di Protezione dei Dati.<\/p><p>Puoi contattarci ai seguenti recapiti:<\/p><p>InfoStars G.m.b.H<\/p><p>Pantzergasse 11\/16 A-1190 Vienna Tel .: +43-1\/997 1005 Fax: +43-1\/997 1005-90 E-mail: <a target=\"_new\">&#x6f;&#x66;&#102;&#105;c&#x65;&#x40;&#x69;&#110;fo&#x73;&#x74;&#97;&#114;s&#x2e;&#x61;&#x74;<\/a><\/p><p>Amministratore delegato: Robert Tarbuk Azienda: Infostars GmbH Forma giuridica: Societ\u00e0 a responsabilit\u00e0 limitata Numero di registro di commercio: 297712m Tribunale di registrazione: Tribunale commerciale di Vienna Numero di identificazione IVA: ATU 63580967 Affiliazione alla camera: Camera di commercio austriaca, commercio all&#8217;ingrosso con parti di veicoli e strutture di servizio, consulenza aziendale e tecnologia dell&#8217;informazione. Autorit\u00e0 ai sensi dell&#8217;ECG: Ufficio distrettuale municipale del XVIII distretto.<\/p><p>\u2192 <a href=\"https:\/\/www.gps-infostars.com\/it\/chisiamo\/impressum\/\">all&#8217;Avviso legale<\/a><\/p><p>\u00a0<\/p>\t\t\t\t\t\t\t\t<\/div>\n\t\t\t\t<\/div>\n\t\t\t\t<div class=\"elementor-element elementor-element-5495af81 elementor-widget elementor-widget-text-editor\" data-id=\"5495af81\" data-element_type=\"widget\" data-e-type=\"widget\" data-widget_type=\"text-editor.default\">\n\t\t\t\t<div class=\"elementor-widget-container\">\n\t\t\t\t\t\t\t\t\t<div class=\"elementor-element elementor-element-3f3f3d5 elementor-widget elementor-widget-text-editor\" data-id=\"3f3f3d5\" data-element_type=\"widget\" data-widget_type=\"text-editor.default\"><div class=\"elementor-widget-container\"><div class=\"elementor-element elementor-element-1fa08b6 elementor-widget elementor-widget-text-editor\" data-id=\"1fa08b6\" data-element_type=\"widget\" data-widget_type=\"text-editor.default\"><div class=\"elementor-widget-container\"><div class=\"elementor-element elementor-element-1c7b1aa elementor-widget elementor-widget-text-editor\" data-id=\"1c7b1aa\" data-element_type=\"widget\" data-widget_type=\"text-editor.default\"><div class=\"elementor-widget-container\"><div class=\"elementor-element elementor-element-eacd26e elementor-widget elementor-widget-text-editor\" data-id=\"eacd26e\" data-element_type=\"widget\" data-widget_type=\"text-editor.default\"><div class=\"elementor-widget-container\"><h3>Avete domande?<\/h3><p>I nostri consulenti specializzati sono sempre a vostra disposizione! Contattateci al numero: <a href=\"tel: 0039 0267739175\">+39 0267739175<\/a> (lun-ven 9.00 -17.00).<\/p><p>E-Mail al seguente indirizzo <a href=\"&#109;a&#x69;l&#x74;o&#x3a;u&#x66;&#102;&#x69;&#99;&#x69;&#111;&#x40;&#103;p&#115;-&#x69;n&#x66;o&#x73;&#116;&#x61;&#114;&#x73;&#46;&#x63;&#111;&#x6d;\">&#x75;&#x66;&#x66;&#x69;&#x63;&#x69;&#x6f;&#x40;&#x67;&#x70;&#x73;&#x2d;&#x69;&#x6e;&#102;&#111;&#115;&#116;&#97;&#114;&#115;&#46;&#99;&#111;&#109; <\/a>oppure usate il nostro modulo di contatto <a href=\"https:\/\/www.gps-infostars.com\/it\/consulenza-contatti\/modulo-di-contatto\/\">\u2192 Modulo di contatto<\/a><\/p><\/div><\/div><\/div><\/div><\/div><\/div><\/div><\/div><p>\u00a0<\/p>\t\t\t\t\t\t\t\t<\/div>\n\t\t\t\t<\/div>\n\t\t\t\t\t<\/div>\n\t\t<\/div>\n\t\t\t\t<div class=\"elementor-column elementor-col-33 elementor-top-column elementor-element elementor-element-41940abc\" data-id=\"41940abc\" data-element_type=\"column\" data-e-type=\"column\">\n\t\t\t<div class=\"elementor-widget-wrap\">\n\t\t\t\t\t\t\t<\/div>\n\t\t<\/div>\n\t\t\t\t\t<\/div>\n\t\t<\/section>\n\t\t\t\t<section class=\"elementor-section elementor-top-section elementor-element elementor-element-63fbbe18 elementor-section-boxed elementor-section-height-default elementor-section-height-default\" data-id=\"63fbbe18\" data-element_type=\"section\" data-e-type=\"section\">\n\t\t\t\t\t\t<div class=\"elementor-container elementor-column-gap-default\">\n\t\t\t\t\t<div class=\"elementor-column elementor-col-100 elementor-top-column elementor-element elementor-element-79cb35a0\" data-id=\"79cb35a0\" data-element_type=\"column\" data-e-type=\"column\">\n\t\t\t<div class=\"elementor-widget-wrap\">\n\t\t\t\t\t\t\t<\/div>\n\t\t<\/div>\n\t\t\t\t\t<\/div>\n\t\t<\/section>\n\t\t\t\t<\/div>\n\t\t","protected":false},"excerpt":{"rendered":"<p>Dichiarazione sulla protezione dei dati Dichiarazione dell&#8217;obbligo di informazione La protezione dei tuoi dati personali \u00e8 una nostra particolare preoccupazione. Pertanto, trattiamo i tuoi dati esclusivamente in conformit\u00e0 alle disposizioni di legge (GDPR, TKG 2003). In questa informativa sulla privacy, ti informiamo sui principali aspetti del trattamento dei dati all&#8217;interno del nostro sito web. Cookies&hellip;<\/p>\n","protected":false},"author":1,"featured_media":0,"parent":33474,"menu_order":0,"comment_status":"closed","ping_status":"closed","template":"","meta":{"inline_featured_image":false,"footnotes":""},"class_list":["post-42923","page","type-page","status-publish","hentry"],"yoast_head":"<!-- This site is optimized with the Yoast SEO plugin v27.4 - https:\/\/yoast.com\/product\/yoast-seo-wordpress\/ -->\n<title>Datenschutzerkl\u00e4rung - GPS Infostars<\/title>\n<meta name=\"description\" content=\"Tracciamento GPS e dispositivi GPS per auto, camion, localizzazione di bestiame e altro ancora, oltre a registri di viaggio elettronici di GPS Infostars \u2713 da 10 anni\" \/>\n<meta name=\"robots\" content=\"index, follow, max-snippet:-1, max-image-preview:large, max-video-preview:-1\" \/>\n<link rel=\"canonical\" href=\"https:\/\/www.gps-infostars.com\/it\/chisiamo\/datenschutzerklaerung\/\" \/>\n<meta property=\"og:locale\" content=\"it_IT\" \/>\n<meta property=\"og:type\" content=\"article\" \/>\n<meta property=\"og:title\" content=\"Datenschutzerkl\u00e4rung - GPS Infostars\" \/>\n<meta property=\"og:description\" content=\"Tracciamento GPS e dispositivi GPS per auto, camion, localizzazione di bestiame e altro ancora, oltre a registri di viaggio elettronici di GPS Infostars \u2713 da 10 anni\" \/>\n<meta property=\"og:url\" content=\"https:\/\/www.gps-infostars.com\/it\/chisiamo\/datenschutzerklaerung\/\" \/>\n<meta property=\"og:site_name\" content=\"GPS Infostars\" \/>\n<meta property=\"article:modified_time\" content=\"2024-03-21T08:58:16+00:00\" \/>\n<meta property=\"og:image\" content=\"https:\/\/www.gps-infostars.com\/wp-content\/uploads\/jetzt_header.jpg\" \/>\n<meta name=\"twitter:card\" content=\"summary_large_image\" \/>\n<meta name=\"twitter:label1\" content=\"Tempo di lettura stimato\" \/>\n\t<meta name=\"twitter:data1\" content=\"3 minuti\" \/>\n<script type=\"application\/ld+json\" class=\"yoast-schema-graph\">{\"@context\":\"https:\\\/\\\/schema.org\",\"@graph\":[{\"@type\":\"WebPage\",\"@id\":\"https:\\\/\\\/www.gps-infostars.com\\\/it\\\/chisiamo\\\/datenschutzerklaerung\\\/\",\"url\":\"https:\\\/\\\/www.gps-infostars.com\\\/it\\\/chisiamo\\\/datenschutzerklaerung\\\/\",\"name\":\"Datenschutzerkl\u00e4rung - GPS Infostars\",\"isPartOf\":{\"@id\":\"https:\\\/\\\/www.gps-infostars.com\\\/it\\\/#website\"},\"primaryImageOfPage\":{\"@id\":\"https:\\\/\\\/www.gps-infostars.com\\\/it\\\/chisiamo\\\/datenschutzerklaerung\\\/#primaryimage\"},\"image\":{\"@id\":\"https:\\\/\\\/www.gps-infostars.com\\\/it\\\/chisiamo\\\/datenschutzerklaerung\\\/#primaryimage\"},\"thumbnailUrl\":\"https:\\\/\\\/www.gps-infostars.com\\\/wp-content\\\/uploads\\\/jetzt_header.jpg\",\"datePublished\":\"2021-03-30T17:26:09+00:00\",\"dateModified\":\"2024-03-21T08:58:16+00:00\",\"description\":\"Tracciamento GPS e dispositivi GPS per auto, camion, localizzazione di bestiame e altro ancora, oltre a registri di viaggio elettronici di GPS Infostars \u2713 da 10 anni\",\"breadcrumb\":{\"@id\":\"https:\\\/\\\/www.gps-infostars.com\\\/it\\\/chisiamo\\\/datenschutzerklaerung\\\/#breadcrumb\"},\"inLanguage\":\"it-IT\",\"potentialAction\":[{\"@type\":\"ReadAction\",\"target\":[\"https:\\\/\\\/www.gps-infostars.com\\\/it\\\/chisiamo\\\/datenschutzerklaerung\\\/\"]}]},{\"@type\":\"ImageObject\",\"inLanguage\":\"it-IT\",\"@id\":\"https:\\\/\\\/www.gps-infostars.com\\\/it\\\/chisiamo\\\/datenschutzerklaerung\\\/#primaryimage\",\"url\":\"https:\\\/\\\/www.gps-infostars.com\\\/wp-content\\\/uploads\\\/jetzt_header.jpg\",\"contentUrl\":\"https:\\\/\\\/www.gps-infostars.com\\\/wp-content\\\/uploads\\\/jetzt_header.jpg\"},{\"@type\":\"BreadcrumbList\",\"@id\":\"https:\\\/\\\/www.gps-infostars.com\\\/it\\\/chisiamo\\\/datenschutzerklaerung\\\/#breadcrumb\",\"itemListElement\":[{\"@type\":\"ListItem\",\"position\":1,\"name\":\"Startseite\",\"item\":\"https:\\\/\\\/www.gps-infostars.com\\\/it\\\/\"},{\"@type\":\"ListItem\",\"position\":2,\"name\":\"Chi siamo\",\"item\":\"https:\\\/\\\/www.gps-infostars.com\\\/it\\\/ueber-uns\\\/\"},{\"@type\":\"ListItem\",\"position\":3,\"name\":\"Datenschutzerkl\u00e4rung\"}]},{\"@type\":\"WebSite\",\"@id\":\"https:\\\/\\\/www.gps-infostars.com\\\/it\\\/#website\",\"url\":\"https:\\\/\\\/www.gps-infostars.com\\\/it\\\/\",\"name\":\"GPS Infostars\",\"description\":\"Einfach, pr\u00e4zise &amp; zuverl\u00e4ssig.\",\"publisher\":{\"@id\":\"https:\\\/\\\/www.gps-infostars.com\\\/it\\\/#organization\"},\"potentialAction\":[{\"@type\":\"SearchAction\",\"target\":{\"@type\":\"EntryPoint\",\"urlTemplate\":\"https:\\\/\\\/www.gps-infostars.com\\\/it\\\/?s={search_term_string}\"},\"query-input\":{\"@type\":\"PropertyValueSpecification\",\"valueRequired\":true,\"valueName\":\"search_term_string\"}}],\"inLanguage\":\"it-IT\"},{\"@type\":\"Organization\",\"@id\":\"https:\\\/\\\/www.gps-infostars.com\\\/it\\\/#organization\",\"name\":\"GPS Infostars\",\"url\":\"https:\\\/\\\/www.gps-infostars.com\\\/it\\\/\",\"logo\":{\"@type\":\"ImageObject\",\"inLanguage\":\"it-IT\",\"@id\":\"https:\\\/\\\/www.gps-infostars.com\\\/it\\\/#\\\/schema\\\/logo\\\/image\\\/\",\"url\":\"https:\\\/\\\/www.gps-infostars.com\\\/wp-content\\\/uploads\\\/logo_infostars.png\",\"contentUrl\":\"https:\\\/\\\/www.gps-infostars.com\\\/wp-content\\\/uploads\\\/logo_infostars.png\",\"width\":1125,\"height\":360,\"caption\":\"GPS Infostars\"},\"image\":{\"@id\":\"https:\\\/\\\/www.gps-infostars.com\\\/it\\\/#\\\/schema\\\/logo\\\/image\\\/\"}}]}<\/script>\n<!-- \/ Yoast SEO plugin. -->","yoast_head_json":{"title":"Datenschutzerkl\u00e4rung - GPS Infostars","description":"Tracciamento GPS e dispositivi GPS per auto, camion, localizzazione di bestiame e altro ancora, oltre a registri di viaggio elettronici di GPS Infostars \u2713 da 10 anni","robots":{"index":"index","follow":"follow","max-snippet":"max-snippet:-1","max-image-preview":"max-image-preview:large","max-video-preview":"max-video-preview:-1"},"canonical":"https:\/\/www.gps-infostars.com\/it\/chisiamo\/datenschutzerklaerung\/","og_locale":"it_IT","og_type":"article","og_title":"Datenschutzerkl\u00e4rung - GPS Infostars","og_description":"Tracciamento GPS e dispositivi GPS per auto, camion, localizzazione di bestiame e altro ancora, oltre a registri di viaggio elettronici di GPS Infostars \u2713 da 10 anni","og_url":"https:\/\/www.gps-infostars.com\/it\/chisiamo\/datenschutzerklaerung\/","og_site_name":"GPS Infostars","article_modified_time":"2024-03-21T08:58:16+00:00","og_image":[{"url":"https:\/\/www.gps-infostars.com\/wp-content\/uploads\/jetzt_header.jpg","type":"","width":"","height":""}],"twitter_card":"summary_large_image","twitter_misc":{"Tempo di lettura stimato":"3 minuti"},"schema":{"@context":"https:\/\/schema.org","@graph":[{"@type":"WebPage","@id":"https:\/\/www.gps-infostars.com\/it\/chisiamo\/datenschutzerklaerung\/","url":"https:\/\/www.gps-infostars.com\/it\/chisiamo\/datenschutzerklaerung\/","name":"Datenschutzerkl\u00e4rung - GPS Infostars","isPartOf":{"@id":"https:\/\/www.gps-infostars.com\/it\/#website"},"primaryImageOfPage":{"@id":"https:\/\/www.gps-infostars.com\/it\/chisiamo\/datenschutzerklaerung\/#primaryimage"},"image":{"@id":"https:\/\/www.gps-infostars.com\/it\/chisiamo\/datenschutzerklaerung\/#primaryimage"},"thumbnailUrl":"https:\/\/www.gps-infostars.com\/wp-content\/uploads\/jetzt_header.jpg","datePublished":"2021-03-30T17:26:09+00:00","dateModified":"2024-03-21T08:58:16+00:00","description":"Tracciamento GPS e dispositivi GPS per auto, camion, localizzazione di bestiame e altro ancora, oltre a registri di viaggio elettronici di GPS Infostars \u2713 da 10 anni","breadcrumb":{"@id":"https:\/\/www.gps-infostars.com\/it\/chisiamo\/datenschutzerklaerung\/#breadcrumb"},"inLanguage":"it-IT","potentialAction":[{"@type":"ReadAction","target":["https:\/\/www.gps-infostars.com\/it\/chisiamo\/datenschutzerklaerung\/"]}]},{"@type":"ImageObject","inLanguage":"it-IT","@id":"https:\/\/www.gps-infostars.com\/it\/chisiamo\/datenschutzerklaerung\/#primaryimage","url":"https:\/\/www.gps-infostars.com\/wp-content\/uploads\/jetzt_header.jpg","contentUrl":"https:\/\/www.gps-infostars.com\/wp-content\/uploads\/jetzt_header.jpg"},{"@type":"BreadcrumbList","@id":"https:\/\/www.gps-infostars.com\/it\/chisiamo\/datenschutzerklaerung\/#breadcrumb","itemListElement":[{"@type":"ListItem","position":1,"name":"Startseite","item":"https:\/\/www.gps-infostars.com\/it\/"},{"@type":"ListItem","position":2,"name":"Chi siamo","item":"https:\/\/www.gps-infostars.com\/it\/ueber-uns\/"},{"@type":"ListItem","position":3,"name":"Datenschutzerkl\u00e4rung"}]},{"@type":"WebSite","@id":"https:\/\/www.gps-infostars.com\/it\/#website","url":"https:\/\/www.gps-infostars.com\/it\/","name":"GPS Infostars","description":"Einfach, pr\u00e4zise &amp; zuverl\u00e4ssig.","publisher":{"@id":"https:\/\/www.gps-infostars.com\/it\/#organization"},"potentialAction":[{"@type":"SearchAction","target":{"@type":"EntryPoint","urlTemplate":"https:\/\/www.gps-infostars.com\/it\/?s={search_term_string}"},"query-input":{"@type":"PropertyValueSpecification","valueRequired":true,"valueName":"search_term_string"}}],"inLanguage":"it-IT"},{"@type":"Organization","@id":"https:\/\/www.gps-infostars.com\/it\/#organization","name":"GPS Infostars","url":"https:\/\/www.gps-infostars.com\/it\/","logo":{"@type":"ImageObject","inLanguage":"it-IT","@id":"https:\/\/www.gps-infostars.com\/it\/#\/schema\/logo\/image\/","url":"https:\/\/www.gps-infostars.com\/wp-content\/uploads\/logo_infostars.png","contentUrl":"https:\/\/www.gps-infostars.com\/wp-content\/uploads\/logo_infostars.png","width":1125,"height":360,"caption":"GPS Infostars"},"image":{"@id":"https:\/\/www.gps-infostars.com\/it\/#\/schema\/logo\/image\/"}}]}},"_links":{"self":[{"href":"https:\/\/www.gps-infostars.com\/it\/wp-json\/wp\/v2\/pages\/42923","targetHints":{"allow":["GET"]}}],"collection":[{"href":"https:\/\/www.gps-infostars.com\/it\/wp-json\/wp\/v2\/pages"}],"about":[{"href":"https:\/\/www.gps-infostars.com\/it\/wp-json\/wp\/v2\/types\/page"}],"author":[{"embeddable":true,"href":"https:\/\/www.gps-infostars.com\/it\/wp-json\/wp\/v2\/users\/1"}],"replies":[{"embeddable":true,"href":"https:\/\/www.gps-infostars.com\/it\/wp-json\/wp\/v2\/comments?post=42923"}],"version-history":[{"count":4,"href":"https:\/\/www.gps-infostars.com\/it\/wp-json\/wp\/v2\/pages\/42923\/revisions"}],"predecessor-version":[{"id":51673,"href":"https:\/\/www.gps-infostars.com\/it\/wp-json\/wp\/v2\/pages\/42923\/revisions\/51673"}],"up":[{"embeddable":true,"href":"https:\/\/www.gps-infostars.com\/it\/wp-json\/wp\/v2\/pages\/33474"}],"wp:attachment":[{"href":"https:\/\/www.gps-infostars.com\/it\/wp-json\/wp\/v2\/media?parent=42923"}],"curies":[{"name":"wp","href":"https:\/\/api.w.org\/{rel}","templated":true}]}}