{"id":49954,"date":"2023-11-12T00:46:13","date_gmt":"2023-11-11T23:46:13","guid":{"rendered":"https:\/\/www.gps-infostars.com\/servizi-prodotti\/gps-fuer-lieferketten-management\/"},"modified":"2024-03-14T12:25:14","modified_gmt":"2024-03-14T11:25:14","slug":"gestione-delle-catene-logistiche-tramite-gps","status":"publish","type":"page","link":"https:\/\/www.gps-infostars.com\/it\/servizi-prodotti\/gestione-delle-catene-logistiche-tramite-gps\/","title":{"rendered":"Gestione delle catene logistiche tramite GPS"},"content":{"rendered":"\t\t<div data-elementor-type=\"wp-page\" data-elementor-id=\"49954\" class=\"elementor elementor-49954 elementor-49861\" data-elementor-post-type=\"page\">\n\t\t\t\t\t\t<section class=\"elementor-section elementor-top-section elementor-element elementor-element-715b8f2e elementor-section-boxed elementor-section-height-default elementor-section-height-default\" data-id=\"715b8f2e\" data-element_type=\"section\" data-e-type=\"section\">\n\t\t\t\t\t\t<div class=\"elementor-container elementor-column-gap-default\">\n\t\t\t\t\t<div class=\"elementor-column elementor-col-100 elementor-top-column elementor-element elementor-element-551e5b46\" data-id=\"551e5b46\" data-element_type=\"column\" data-e-type=\"column\">\n\t\t\t<div class=\"elementor-widget-wrap elementor-element-populated\">\n\t\t\t\t\t\t<div class=\"elementor-element elementor-element-4712c811 elementor-widget elementor-widget-heading\" data-id=\"4712c811\" data-element_type=\"widget\" data-e-type=\"widget\" data-widget_type=\"heading.default\">\n\t\t\t\t<div class=\"elementor-widget-container\">\n\t\t\t\t\t<h2 class=\"elementor-heading-title elementor-size-default\">F\u00fcr alle werthaltigen Waren<\/h2>\t\t\t\t<\/div>\n\t\t\t\t<\/div>\n\t\t\t\t<div class=\"elementor-element elementor-element-7f899c40 elementor-widget elementor-widget-heading\" data-id=\"7f899c40\" data-element_type=\"widget\" data-e-type=\"widget\" data-widget_type=\"heading.default\">\n\t\t\t\t<div class=\"elementor-widget-container\">\n\t\t\t\t\t<h1 class=\"elementor-heading-title elementor-size-default\"><a href=\"\/onlineshop\/asset-gps-tracking-produkte\/\">GPS f\u00fcr Lieferketten Management<\/a><\/h1>\t\t\t\t<\/div>\n\t\t\t\t<\/div>\n\t\t\t\t<div class=\"elementor-element elementor-element-40d07623 elementor-widget elementor-widget-image\" data-id=\"40d07623\" data-element_type=\"widget\" data-e-type=\"widget\" data-widget_type=\"image.default\">\n\t\t\t\t<div class=\"elementor-widget-container\">\n\t\t\t\t\t\t\t\t\t\t\t\t\t\t\t<img fetchpriority=\"high\" decoding=\"async\" width=\"1200\" height=\"209\" src=\"https:\/\/www.gps-infostars.com\/wp-content\/uploads\/gps_assetlieferkette_header-2400x417.jpg\" class=\"attachment-large size-large wp-image-49883\" alt=\"\" srcset=\"https:\/\/www.gps-infostars.com\/wp-content\/uploads\/gps_assetlieferkette_header-2400x417.jpg 2400w, https:\/\/www.gps-infostars.com\/wp-content\/uploads\/gps_assetlieferkette_header-scaled-800x139.jpg 800w, https:\/\/www.gps-infostars.com\/wp-content\/uploads\/gps_assetlieferkette_header-600x104.jpg 600w, https:\/\/www.gps-infostars.com\/wp-content\/uploads\/gps_assetlieferkette_header-768x133.jpg 768w, https:\/\/www.gps-infostars.com\/wp-content\/uploads\/gps_assetlieferkette_header-1536x267.jpg 1536w, https:\/\/www.gps-infostars.com\/wp-content\/uploads\/gps_assetlieferkette_header-2048x356.jpg 2048w\" sizes=\"(max-width: 1200px) 100vw, 1200px\" \/>\t\t\t\t\t\t\t\t\t\t\t\t\t\t\t<\/div>\n\t\t\t\t<\/div>\n\t\t\t\t\t<\/div>\n\t\t<\/div>\n\t\t\t\t\t<\/div>\n\t\t<\/section>\n\t\t\t\t<section class=\"elementor-section elementor-top-section elementor-element elementor-element-3a2d0926 elementor-section-boxed elementor-section-height-default elementor-section-height-default\" data-id=\"3a2d0926\" data-element_type=\"section\" data-e-type=\"section\">\n\t\t\t\t\t\t<div class=\"elementor-container elementor-column-gap-default\">\n\t\t\t\t\t<div class=\"elementor-column elementor-col-66 elementor-top-column elementor-element elementor-element-3abc1af8\" data-id=\"3abc1af8\" data-element_type=\"column\" data-e-type=\"column\">\n\t\t\t<div class=\"elementor-widget-wrap elementor-element-populated\">\n\t\t\t\t\t\t<div class=\"elementor-element elementor-element-5fa7af99 elementor-widget elementor-widget-text-editor\" data-id=\"5fa7af99\" data-element_type=\"widget\" data-e-type=\"widget\" data-widget_type=\"text-editor.default\">\n\t\t\t\t<div class=\"elementor-widget-container\">\n\t\t\t\t\t\t\t\t\t<h2>L&#8217;impiego del GPS nella gestione delle catene di approvvigionamento<\/h2><p>L&#8217;utilizzo del GPS nella gestione delle catene di approvvigionamento sta diventando sempre pi\u00f9 importante per ridurre i costi di stoccaggio. \u00c8 essenziale per qualsiasi management sapere quando arrivano le merci. Naturalmente, ottenere una data di consegna dal fornitore \u00e8 un obbligo. La vera sfida in un moderno management delle catene di approvvigionamento \u00e8 sapere dove si trova la merce e quando arriva.<\/p><h3>Mantenere sempre sotto controllo la merce<\/h3><p>Con i dispositivi GPS di Infostars, \u00e8 possibile raggiungere questo obiettivo in due modi. Installando un dispositivo OBD2 sul camion o sul veicolo di consegna, si pu\u00f2 sempre sapere dove si trova il veicolo. Questo dispositivo pu\u00f2 essere integrato con un sensore di temperatura wireless, in modo da essere sempre informati in tempo reale sulla temperatura nel vano di carico. Con un sensore di porta wireless, \u00e8 possibile ricevere informazioni o allarmi automatici quando il vano di carico viene aperto.<\/p><p>Se non si ha accesso ai camion o ai veicoli di consegna nella catena di approvvigionamento o se le merci vengono trasferite, si dovrebbero utilizzare i nostri dispositivi GPS mobili. Questi sono piccoli ed efficienti. Consigliamo i nostri tracker di risorse, che supportano 2G e 4G. Questi hanno una durata della batteria molto lunga e supportano la localizzazione cellulare!<\/p><h3>Localizzazione GPS e cellulare<\/h3><p>I dispositivi GPS mobili trasmettono le posizioni GPS, che di solito sono precise al metro. Tuttavia, se il segnale GPS viene schermato, ad esempio perch\u00e9 la merce \u00e8 nel camion sotto altri pacchi o perch\u00e9 \u00e8 in un container, il dispositivo GPS non pu\u00f2 determinare una nuova posizione. Grazie alla localizzazione cellulare, \u00e8 comunque possibile ottenere sempre una posizione aggiornata. Anche se meno precisa di una posizione GPS, questa vi permette di monitorare il progresso e sapere dove si trova la merce durante il viaggio.<\/p><h3>Trasmissione dati globale (172 paesi)<\/h3><p>I pacchetti offerti includono la trasmissione dati in 172 paesi in tutto il mondo. Le reti disponibili per i dispositivi GPS possono essere personalizzate ed espandibili.<\/p><p><a href=\"https:\/\/www.gps-infostars.com\/it\/consulenza-contatti\/modulo-di-contatto\/\">Contattateci<\/a> &#8211; abbiamo una soluzione per voi.<\/p><h3>I vostri vantaggi in breve:<\/h3><p><span style=\"color: #e1710f;\">\u2192 <\/span>Localizzazione in tempo reale della merce<\/p><p><span style=\"color: #e1710f;\">\u2192<\/span> Localizzazione diretta della merce<\/p><p><span style=\"color: #e1710f;\">\u2192 <\/span><a href=\"https:\/\/www.gps-infostars.com\/it\/servizi-prodotti\/antifurtogps\/\">Protezione antifurto<\/a><\/p><p><span style=\"color: #e1710f;\">\u2192 <\/span>Temperatur- &amp; Feuchtigkeits\u00fcberwachung<\/p><p><span style=\"color: #e1710f;\">\u2192 <\/span>Possibilit\u00e0 di tracciare il percorso<\/p><p><span style=\"color: #e1710f;\">\u2192 <\/span>Allarmi all&#8217;uscita e all&#8217;arrivo nel magazzino o nei magazzini intermedi.<\/p>\t\t\t\t\t\t\t\t<\/div>\n\t\t\t\t<\/div>\n\t\t\t\t<div class=\"elementor-element elementor-element-9e1cd82 elementor-widget elementor-widget-text-editor\" data-id=\"9e1cd82\" data-element_type=\"widget\" data-e-type=\"widget\" data-widget_type=\"text-editor.default\">\n\t\t\t\t<div class=\"elementor-widget-container\">\n\t\t\t\t\t\t\t\t\t<div class=\"elementor-element elementor-element-1fa08b6 elementor-widget elementor-widget-text-editor\" data-id=\"1fa08b6\" data-element_type=\"widget\" data-widget_type=\"text-editor.default\"><div class=\"elementor-widget-container\"><div class=\"elementor-element elementor-element-1c7b1aa elementor-widget elementor-widget-text-editor\" data-id=\"1c7b1aa\" data-element_type=\"widget\" data-widget_type=\"text-editor.default\"><div class=\"elementor-widget-container\"><div class=\"elementor-element elementor-element-eacd26e elementor-widget elementor-widget-text-editor\" data-id=\"eacd26e\" data-element_type=\"widget\" data-widget_type=\"text-editor.default\"><div class=\"elementor-widget-container\"><h3>Avete domande?<\/h3><p>I nostri consulenti specializzati sono sempre a vostra disposizione! Contattateci al numero: <a href=\"tel: 0039 0267739175\">+39 0267739175<\/a> (lun-ven 9.00 -17.00).<\/p><p>E-Mail al seguente indirizzo <a href=\"m&#97;&#x69;&#x6c;t&#111;&#x3a;&#x75;f&#102;&#x69;&#x63;i&#111;&#x40;&#x67;p&#115;&#x2d;&#x69;n&#102;&#111;&#x73;&#x74;a&#114;&#x73;&#x2e;c&#111;&#x6d;\">&#x75;&#x66;&#x66;&#x69;&#x63;&#105;&#111;&#64;&#103;ps-&#x69;&#x6e;&#x66;&#x6f;&#x73;&#x74;&#97;&#114;&#115;&#46;co&#x6d; <\/a>oppure usate il nostro modulo di contatto <a href=\"https:\/\/www.gps-infostars.com\/it\/consulenza-contatti\/modulo-di-contatto\/\">\u2192 Modulo di contatto<\/a><\/p><\/div><\/div><\/div><\/div><\/div><\/div>\t\t\t\t\t\t\t\t<\/div>\n\t\t\t\t<\/div>\n\t\t\t\t\t<\/div>\n\t\t<\/div>\n\t\t\t\t<div class=\"elementor-column elementor-col-33 elementor-top-column elementor-element elementor-element-49c6a9c\" data-id=\"49c6a9c\" data-element_type=\"column\" data-e-type=\"column\">\n\t\t\t<div class=\"elementor-widget-wrap elementor-element-populated\">\n\t\t\t\t\t\t<div class=\"elementor-element elementor-element-6c47fbe2 elementor-widget elementor-widget-image\" data-id=\"6c47fbe2\" data-element_type=\"widget\" data-e-type=\"widget\" data-widget_type=\"image.default\">\n\t\t\t\t<div class=\"elementor-widget-container\">\n\t\t\t\t\t\t\t\t\t\t\t\t\t\t\t<img decoding=\"async\" width=\"1200\" height=\"923\" src=\"https:\/\/www.gps-infostars.com\/wp-content\/uploads\/gps_asset_advanced_batterylight_it.jpg\" class=\"attachment-large size-large wp-image-48447\" alt=\"\" srcset=\"https:\/\/www.gps-infostars.com\/wp-content\/uploads\/gps_asset_advanced_batterylight_it.jpg 2000w, https:\/\/www.gps-infostars.com\/wp-content\/uploads\/gps_asset_advanced_batterylight_it-800x615.jpg 800w, https:\/\/www.gps-infostars.com\/wp-content\/uploads\/gps_asset_advanced_batterylight_it-600x461.jpg 600w, https:\/\/www.gps-infostars.com\/wp-content\/uploads\/gps_asset_advanced_batterylight_it-768x591.jpg 768w, https:\/\/www.gps-infostars.com\/wp-content\/uploads\/gps_asset_advanced_batterylight_it-1536x1181.jpg 1536w\" sizes=\"(max-width: 1200px) 100vw, 1200px\" \/>\t\t\t\t\t\t\t\t\t\t\t\t\t\t\t<\/div>\n\t\t\t\t<\/div>\n\t\t\t\t<div class=\"elementor-element elementor-element-3c86208b elementor-widget elementor-widget-heading\" data-id=\"3c86208b\" data-element_type=\"widget\" data-e-type=\"widget\" data-widget_type=\"heading.default\">\n\t\t\t\t<div class=\"elementor-widget-container\">\n\t\t\t\t\t<h3 class=\"elementor-heading-title elementor-size-default\">Il nostro prodotto<\/h3>\t\t\t\t<\/div>\n\t\t\t\t<\/div>\n\t\t\t\t<section class=\"elementor-section elementor-inner-section elementor-element elementor-element-6f63a3d3 elementor-section-boxed elementor-section-height-default elementor-section-height-default\" data-id=\"6f63a3d3\" data-element_type=\"section\" data-e-type=\"section\">\n\t\t\t\t\t\t<div class=\"elementor-container elementor-column-gap-default\">\n\t\t\t\t\t<div class=\"elementor-column elementor-col-100 elementor-inner-column elementor-element elementor-element-397be11\" data-id=\"397be11\" data-element_type=\"column\" data-e-type=\"column\">\n\t\t\t<div class=\"elementor-widget-wrap elementor-element-populated\">\n\t\t\t\t\t\t<div class=\"elementor-element elementor-element-130b460b elementor-widget elementor-widget-text-editor\" data-id=\"130b460b\" data-element_type=\"widget\" data-e-type=\"widget\" data-widget_type=\"text-editor.default\">\n\t\t\t\t<div class=\"elementor-widget-container\">\n\t\t\t\t\t\t\t\t\t<h5>La migliore soluzione per asset offerta da Infostars<\/h5><h4>Tracciamento GPS Avanzato<\/h4><div><p>Localizzate la vostra merce in qualsiasi momento in tutto il mondo tramite GPS o localizzazione cellulare GSM, inclusa la SIM card e i costi di trasmissione dati in 172 paesi.<\/p><p><span style=\"color: #ff6600;\">\u2192<\/span> Visualizzazione in tempo reale della posizione su Google Maps<\/p><p><span style=\"color: #ff6600;\">\u2192<\/span> Indirizzo completo con numero civico e zona<\/p><p><span style=\"color: #ff6600;\">\u2192\u00a0<\/span>Allarmi automatici con recinto virtuale<\/p><p><span style=\"color: #ff6600;\">\u2192\u00a0<\/span>Visualizzazione del percorso<\/p><p><span style=\"color: #ff6600;\">\u2192\u00a0<\/span>Localizzazione tramite GPS e localizzazione cellulare<\/p><p><span style=\"color: #ff6600;\">\u2192<\/span> SIM card inclusa con trasmissione dati.<\/p><\/div><p>\u00a0<\/p>\t\t\t\t\t\t\t\t<\/div>\n\t\t\t\t<\/div>\n\t\t\t\t\t<\/div>\n\t\t<\/div>\n\t\t\t\t\t<\/div>\n\t\t<\/section>\n\t\t\t\t<div class=\"elementor-element elementor-element-24516c0 elementor-align-center elementor-widget elementor-widget-button\" data-id=\"24516c0\" data-element_type=\"widget\" data-e-type=\"widget\" data-widget_type=\"button.default\">\n\t\t\t\t<div class=\"elementor-widget-container\">\n\t\t\t\t\t\t\t\t\t<div class=\"elementor-button-wrapper\">\n\t\t\t\t\t<a class=\"elementor-button elementor-button-link elementor-size-sm\" href=\"\/onlineshop\/asset-gps-tracking-produkte\/\">\n\t\t\t\t\t\t<span class=\"elementor-button-content-wrapper\">\n\t\t\t\t\t\t\t\t\t<span class=\"elementor-button-text\">Al negozio<\/span>\n\t\t\t\t\t<\/span>\n\t\t\t\t\t<\/a>\n\t\t\t\t<\/div>\n\t\t\t\t\t\t\t\t<\/div>\n\t\t\t\t<\/div>\n\t\t\t\t\t<\/div>\n\t\t<\/div>\n\t\t\t\t\t<\/div>\n\t\t<\/section>\n\t\t\t\t<section class=\"elementor-section elementor-top-section elementor-element elementor-element-69fcab84 elementor-section-boxed elementor-section-height-default elementor-section-height-default\" data-id=\"69fcab84\" data-element_type=\"section\" data-e-type=\"section\">\n\t\t\t\t\t\t<div class=\"elementor-container elementor-column-gap-default\">\n\t\t\t\t\t<div class=\"elementor-column elementor-col-100 elementor-top-column elementor-element elementor-element-50648674\" data-id=\"50648674\" data-element_type=\"column\" data-e-type=\"column\">\n\t\t\t<div class=\"elementor-widget-wrap\">\n\t\t\t\t\t\t\t<\/div>\n\t\t<\/div>\n\t\t\t\t\t<\/div>\n\t\t<\/section>\n\t\t\t\t<\/div>\n\t\t","protected":false},"excerpt":{"rendered":"<p>F\u00fcr alle werthaltigen Waren GPS f\u00fcr Lieferketten Management L&#8217;impiego del GPS nella gestione delle catene di approvvigionamento L&#8217;utilizzo del GPS nella gestione delle catene di approvvigionamento sta diventando sempre pi\u00f9 importante per ridurre i costi di stoccaggio. \u00c8 essenziale per qualsiasi management sapere quando arrivano le merci. Naturalmente, ottenere una data di consegna dal fornitore&hellip;<\/p>\n","protected":false},"author":6,"featured_media":0,"parent":34191,"menu_order":0,"comment_status":"closed","ping_status":"closed","template":"","meta":{"inline_featured_image":false,"footnotes":""},"class_list":["post-49954","page","type-page","status-publish","hentry"],"yoast_head":"<!-- This site is optimized with the Yoast SEO plugin v27.4 - https:\/\/yoast.com\/product\/yoast-seo-wordpress\/ -->\n<title>Gestione delle catene logistiche tramite GPS - GPS Infostars<\/title>\n<meta name=\"description\" content=\"L&#039;uso del GPS nella gestione delle catene di approvvigionamento sta diventando sempre pi\u00f9 importante per ridurre i costi di stoccaggio.\" \/>\n<meta name=\"robots\" content=\"index, follow, max-snippet:-1, max-image-preview:large, max-video-preview:-1\" \/>\n<link rel=\"canonical\" href=\"https:\/\/www.gps-infostars.com\/it\/servizi-prodotti\/gestione-delle-catene-logistiche-tramite-gps\/\" \/>\n<meta property=\"og:locale\" content=\"it_IT\" \/>\n<meta property=\"og:type\" content=\"article\" \/>\n<meta property=\"og:title\" content=\"Gestione delle catene logistiche tramite GPS - GPS Infostars\" \/>\n<meta property=\"og:description\" content=\"L&#039;uso del GPS nella gestione delle catene di approvvigionamento sta diventando sempre pi\u00f9 importante per ridurre i costi di stoccaggio.\" \/>\n<meta property=\"og:url\" content=\"https:\/\/www.gps-infostars.com\/it\/servizi-prodotti\/gestione-delle-catene-logistiche-tramite-gps\/\" \/>\n<meta property=\"og:site_name\" content=\"GPS Infostars\" \/>\n<meta property=\"article:modified_time\" content=\"2024-03-14T11:25:14+00:00\" \/>\n<meta property=\"og:image\" content=\"https:\/\/www.gps-infostars.com\/wp-content\/uploads\/gps_assetlieferkette_header-2400x417.jpg\" \/>\n<meta name=\"twitter:card\" content=\"summary_large_image\" \/>\n<meta name=\"twitter:label1\" content=\"Tempo di lettura stimato\" \/>\n\t<meta name=\"twitter:data1\" content=\"2 minuti\" \/>\n<script type=\"application\/ld+json\" class=\"yoast-schema-graph\">{\"@context\":\"https:\\\/\\\/schema.org\",\"@graph\":[{\"@type\":\"WebPage\",\"@id\":\"https:\\\/\\\/www.gps-infostars.com\\\/it\\\/servizi-prodotti\\\/gestione-delle-catene-logistiche-tramite-gps\\\/\",\"url\":\"https:\\\/\\\/www.gps-infostars.com\\\/it\\\/servizi-prodotti\\\/gestione-delle-catene-logistiche-tramite-gps\\\/\",\"name\":\"Gestione delle catene logistiche tramite GPS - GPS Infostars\",\"isPartOf\":{\"@id\":\"https:\\\/\\\/www.gps-infostars.com\\\/it\\\/#website\"},\"primaryImageOfPage\":{\"@id\":\"https:\\\/\\\/www.gps-infostars.com\\\/it\\\/servizi-prodotti\\\/gestione-delle-catene-logistiche-tramite-gps\\\/#primaryimage\"},\"image\":{\"@id\":\"https:\\\/\\\/www.gps-infostars.com\\\/it\\\/servizi-prodotti\\\/gestione-delle-catene-logistiche-tramite-gps\\\/#primaryimage\"},\"thumbnailUrl\":\"https:\\\/\\\/www.gps-infostars.com\\\/wp-content\\\/uploads\\\/gps_assetlieferkette_header-2400x417.jpg\",\"datePublished\":\"2023-11-11T23:46:13+00:00\",\"dateModified\":\"2024-03-14T11:25:14+00:00\",\"description\":\"L'uso del GPS nella gestione delle catene di approvvigionamento sta diventando sempre pi\u00f9 importante per ridurre i costi di stoccaggio.\",\"breadcrumb\":{\"@id\":\"https:\\\/\\\/www.gps-infostars.com\\\/it\\\/servizi-prodotti\\\/gestione-delle-catene-logistiche-tramite-gps\\\/#breadcrumb\"},\"inLanguage\":\"it-IT\",\"potentialAction\":[{\"@type\":\"ReadAction\",\"target\":[\"https:\\\/\\\/www.gps-infostars.com\\\/it\\\/servizi-prodotti\\\/gestione-delle-catene-logistiche-tramite-gps\\\/\"]}]},{\"@type\":\"ImageObject\",\"inLanguage\":\"it-IT\",\"@id\":\"https:\\\/\\\/www.gps-infostars.com\\\/it\\\/servizi-prodotti\\\/gestione-delle-catene-logistiche-tramite-gps\\\/#primaryimage\",\"url\":\"https:\\\/\\\/www.gps-infostars.com\\\/wp-content\\\/uploads\\\/gps_assetlieferkette_header-2400x417.jpg\",\"contentUrl\":\"https:\\\/\\\/www.gps-infostars.com\\\/wp-content\\\/uploads\\\/gps_assetlieferkette_header-2400x417.jpg\"},{\"@type\":\"BreadcrumbList\",\"@id\":\"https:\\\/\\\/www.gps-infostars.com\\\/it\\\/servizi-prodotti\\\/gestione-delle-catene-logistiche-tramite-gps\\\/#breadcrumb\",\"itemListElement\":[{\"@type\":\"ListItem\",\"position\":1,\"name\":\"Startseite\",\"item\":\"https:\\\/\\\/www.gps-infostars.com\\\/it\\\/\"},{\"@type\":\"ListItem\",\"position\":2,\"name\":\"Services &amp; Produkte\",\"item\":\"https:\\\/\\\/www.gps-infostars.com\\\/it\\\/servizi-prodotti\\\/\"},{\"@type\":\"ListItem\",\"position\":3,\"name\":\"Gestione delle catene logistiche tramite GPS\"}]},{\"@type\":\"WebSite\",\"@id\":\"https:\\\/\\\/www.gps-infostars.com\\\/it\\\/#website\",\"url\":\"https:\\\/\\\/www.gps-infostars.com\\\/it\\\/\",\"name\":\"GPS Infostars\",\"description\":\"Einfach, pr\u00e4zise &amp; zuverl\u00e4ssig.\",\"publisher\":{\"@id\":\"https:\\\/\\\/www.gps-infostars.com\\\/it\\\/#organization\"},\"potentialAction\":[{\"@type\":\"SearchAction\",\"target\":{\"@type\":\"EntryPoint\",\"urlTemplate\":\"https:\\\/\\\/www.gps-infostars.com\\\/it\\\/?s={search_term_string}\"},\"query-input\":{\"@type\":\"PropertyValueSpecification\",\"valueRequired\":true,\"valueName\":\"search_term_string\"}}],\"inLanguage\":\"it-IT\"},{\"@type\":\"Organization\",\"@id\":\"https:\\\/\\\/www.gps-infostars.com\\\/it\\\/#organization\",\"name\":\"GPS Infostars\",\"url\":\"https:\\\/\\\/www.gps-infostars.com\\\/it\\\/\",\"logo\":{\"@type\":\"ImageObject\",\"inLanguage\":\"it-IT\",\"@id\":\"https:\\\/\\\/www.gps-infostars.com\\\/it\\\/#\\\/schema\\\/logo\\\/image\\\/\",\"url\":\"https:\\\/\\\/www.gps-infostars.com\\\/wp-content\\\/uploads\\\/logo_infostars.png\",\"contentUrl\":\"https:\\\/\\\/www.gps-infostars.com\\\/wp-content\\\/uploads\\\/logo_infostars.png\",\"width\":1125,\"height\":360,\"caption\":\"GPS Infostars\"},\"image\":{\"@id\":\"https:\\\/\\\/www.gps-infostars.com\\\/it\\\/#\\\/schema\\\/logo\\\/image\\\/\"}}]}<\/script>\n<!-- \/ Yoast SEO plugin. -->","yoast_head_json":{"title":"Gestione delle catene logistiche tramite GPS - GPS Infostars","description":"L'uso del GPS nella gestione delle catene di approvvigionamento sta diventando sempre pi\u00f9 importante per ridurre i costi di stoccaggio.","robots":{"index":"index","follow":"follow","max-snippet":"max-snippet:-1","max-image-preview":"max-image-preview:large","max-video-preview":"max-video-preview:-1"},"canonical":"https:\/\/www.gps-infostars.com\/it\/servizi-prodotti\/gestione-delle-catene-logistiche-tramite-gps\/","og_locale":"it_IT","og_type":"article","og_title":"Gestione delle catene logistiche tramite GPS - GPS Infostars","og_description":"L'uso del GPS nella gestione delle catene di approvvigionamento sta diventando sempre pi\u00f9 importante per ridurre i costi di stoccaggio.","og_url":"https:\/\/www.gps-infostars.com\/it\/servizi-prodotti\/gestione-delle-catene-logistiche-tramite-gps\/","og_site_name":"GPS Infostars","article_modified_time":"2024-03-14T11:25:14+00:00","og_image":[{"url":"https:\/\/www.gps-infostars.com\/wp-content\/uploads\/gps_assetlieferkette_header-2400x417.jpg","type":"","width":"","height":""}],"twitter_card":"summary_large_image","twitter_misc":{"Tempo di lettura stimato":"2 minuti"},"schema":{"@context":"https:\/\/schema.org","@graph":[{"@type":"WebPage","@id":"https:\/\/www.gps-infostars.com\/it\/servizi-prodotti\/gestione-delle-catene-logistiche-tramite-gps\/","url":"https:\/\/www.gps-infostars.com\/it\/servizi-prodotti\/gestione-delle-catene-logistiche-tramite-gps\/","name":"Gestione delle catene logistiche tramite GPS - GPS Infostars","isPartOf":{"@id":"https:\/\/www.gps-infostars.com\/it\/#website"},"primaryImageOfPage":{"@id":"https:\/\/www.gps-infostars.com\/it\/servizi-prodotti\/gestione-delle-catene-logistiche-tramite-gps\/#primaryimage"},"image":{"@id":"https:\/\/www.gps-infostars.com\/it\/servizi-prodotti\/gestione-delle-catene-logistiche-tramite-gps\/#primaryimage"},"thumbnailUrl":"https:\/\/www.gps-infostars.com\/wp-content\/uploads\/gps_assetlieferkette_header-2400x417.jpg","datePublished":"2023-11-11T23:46:13+00:00","dateModified":"2024-03-14T11:25:14+00:00","description":"L'uso del GPS nella gestione delle catene di approvvigionamento sta diventando sempre pi\u00f9 importante per ridurre i costi di stoccaggio.","breadcrumb":{"@id":"https:\/\/www.gps-infostars.com\/it\/servizi-prodotti\/gestione-delle-catene-logistiche-tramite-gps\/#breadcrumb"},"inLanguage":"it-IT","potentialAction":[{"@type":"ReadAction","target":["https:\/\/www.gps-infostars.com\/it\/servizi-prodotti\/gestione-delle-catene-logistiche-tramite-gps\/"]}]},{"@type":"ImageObject","inLanguage":"it-IT","@id":"https:\/\/www.gps-infostars.com\/it\/servizi-prodotti\/gestione-delle-catene-logistiche-tramite-gps\/#primaryimage","url":"https:\/\/www.gps-infostars.com\/wp-content\/uploads\/gps_assetlieferkette_header-2400x417.jpg","contentUrl":"https:\/\/www.gps-infostars.com\/wp-content\/uploads\/gps_assetlieferkette_header-2400x417.jpg"},{"@type":"BreadcrumbList","@id":"https:\/\/www.gps-infostars.com\/it\/servizi-prodotti\/gestione-delle-catene-logistiche-tramite-gps\/#breadcrumb","itemListElement":[{"@type":"ListItem","position":1,"name":"Startseite","item":"https:\/\/www.gps-infostars.com\/it\/"},{"@type":"ListItem","position":2,"name":"Services &amp; Produkte","item":"https:\/\/www.gps-infostars.com\/it\/servizi-prodotti\/"},{"@type":"ListItem","position":3,"name":"Gestione delle catene logistiche tramite GPS"}]},{"@type":"WebSite","@id":"https:\/\/www.gps-infostars.com\/it\/#website","url":"https:\/\/www.gps-infostars.com\/it\/","name":"GPS Infostars","description":"Einfach, pr\u00e4zise &amp; zuverl\u00e4ssig.","publisher":{"@id":"https:\/\/www.gps-infostars.com\/it\/#organization"},"potentialAction":[{"@type":"SearchAction","target":{"@type":"EntryPoint","urlTemplate":"https:\/\/www.gps-infostars.com\/it\/?s={search_term_string}"},"query-input":{"@type":"PropertyValueSpecification","valueRequired":true,"valueName":"search_term_string"}}],"inLanguage":"it-IT"},{"@type":"Organization","@id":"https:\/\/www.gps-infostars.com\/it\/#organization","name":"GPS Infostars","url":"https:\/\/www.gps-infostars.com\/it\/","logo":{"@type":"ImageObject","inLanguage":"it-IT","@id":"https:\/\/www.gps-infostars.com\/it\/#\/schema\/logo\/image\/","url":"https:\/\/www.gps-infostars.com\/wp-content\/uploads\/logo_infostars.png","contentUrl":"https:\/\/www.gps-infostars.com\/wp-content\/uploads\/logo_infostars.png","width":1125,"height":360,"caption":"GPS Infostars"},"image":{"@id":"https:\/\/www.gps-infostars.com\/it\/#\/schema\/logo\/image\/"}}]}},"_links":{"self":[{"href":"https:\/\/www.gps-infostars.com\/it\/wp-json\/wp\/v2\/pages\/49954","targetHints":{"allow":["GET"]}}],"collection":[{"href":"https:\/\/www.gps-infostars.com\/it\/wp-json\/wp\/v2\/pages"}],"about":[{"href":"https:\/\/www.gps-infostars.com\/it\/wp-json\/wp\/v2\/types\/page"}],"author":[{"embeddable":true,"href":"https:\/\/www.gps-infostars.com\/it\/wp-json\/wp\/v2\/users\/6"}],"replies":[{"embeddable":true,"href":"https:\/\/www.gps-infostars.com\/it\/wp-json\/wp\/v2\/comments?post=49954"}],"version-history":[{"count":15,"href":"https:\/\/www.gps-infostars.com\/it\/wp-json\/wp\/v2\/pages\/49954\/revisions"}],"predecessor-version":[{"id":51653,"href":"https:\/\/www.gps-infostars.com\/it\/wp-json\/wp\/v2\/pages\/49954\/revisions\/51653"}],"up":[{"embeddable":true,"href":"https:\/\/www.gps-infostars.com\/it\/wp-json\/wp\/v2\/pages\/34191"}],"wp:attachment":[{"href":"https:\/\/www.gps-infostars.com\/it\/wp-json\/wp\/v2\/media?parent=49954"}],"curies":[{"name":"wp","href":"https:\/\/api.w.org\/{rel}","templated":true}]}}