{"id":48566,"date":"2023-04-25T20:31:14","date_gmt":"2023-04-25T18:31:14","guid":{"rendered":"https:\/\/www.gps-infostars.com\/produkt\/gps-tracker-battery-standard-lte-gl520-gps-tracking-viehortung-advanced-bundle\/"},"modified":"2026-03-17T11:52:41","modified_gmt":"2026-03-17T10:52:41","slug":"gps-tracker-battery-standard-lte-gl520-gps-tracking-viehortung-advanced-bundle","status":"publish","type":"product","link":"https:\/\/www.gps-infostars.com\/it\/produkt\/gps-tracker-battery-standard-lte-gl520-gps-tracking-viehortung-advanced-bundle\/","title":{"rendered":"GPS-Tracker Battery Standard LTE (GL520) &#038; GPS-Tracking Viehortung Advanced Bundle"},"content":{"rendered":"<p><strong>Dieses Produktpaket besteht aus einem Software &amp; Service-Paket (Infostars GPS-Tracking Viehortung Advanced) und einem GPS-Ger\u00e4t (GPS-Tracker Battery Standard LTE ISQL_GL520).<\/strong><\/p>\n","protected":false},"excerpt":{"rendered":"<p><strong>Dieses Produktpaket besteht aus einem Software &amp; Service-Paket (Infostars GPS-Tracking Viehortung Advanced) und einem GPS-Ger\u00e4t (GPS-Tracker Battery Standard LTE ISQL_GL520) sowie einer SIM-Karte inkl. Daten\u00fcbertragung in 175 L\u00e4ndern weltweit.<br \/>\n<\/strong><\/p>\n","protected":false},"featured_media":38723,"template":"","meta":{"inline_featured_image":false},"product_brand":[],"product_cat":[736,744],"product_tag":[],"class_list":{"0":"post-48566","1":"product","2":"type-product","3":"status-publish","4":"has-post-thumbnail","6":"product_cat-gps-bundle-viehortung-it","7":"product_cat-gps-tracker-battery-standard-lte-gl520-gps-tracking-viehortung-advanced-it","8":"description-off","10":"first","11":"instock","12":"sale","13":"taxable","14":"shipping-taxable","15":"product-type-bundle"},"bundled_by":[],"bundle_stock_status":"instock","bundle_stock_quantity":"","bundle_virtual":false,"bundle_layout":"default","bundle_add_to_cart_form_location":"default","bundle_editable_in_cart":false,"bundle_sold_individually_context":"product","bundle_item_grouping":"parent","bundle_min_size":"","bundle_max_size":"","bundle_price":{"price":{"min":{"incl_tax":"130.5","excl_tax":"108.75"},"max":{"incl_tax":"130.5","excl_tax":"108.75"}},"regular_price":{"min":{"incl_tax":"145","excl_tax":"120.83"},"max":{"incl_tax":"145","excl_tax":"120.83"}}},"bundled_items":[{"bundled_item_id":760,"product_id":50180,"menu_order":0,"quantity_min":1,"quantity_max":1,"quantity_default":1,"priced_individually":true,"shipped_individually":false,"override_title":false,"title":"GPS-Tracker Battery Standard LTE ISQL_GL520","override_description":false,"description":"GPS-Tracker Battery Standard LTE ISQL_GL520","optional":false,"hide_thumbnail":true,"discount":"10","override_variations":false,"allowed_variations":[""],"override_default_variation_attributes":false,"default_variation_attributes":[],"single_product_visibility":"visible","cart_visibility":"visible","order_visibility":"visible","single_product_price_visibility":"visible","cart_price_visibility":"visible","order_price_visibility":"visible","stock_status":"in_stock"},{"bundled_item_id":761,"product_id":48617,"menu_order":1,"quantity_min":1,"quantity_max":1,"quantity_default":1,"priced_individually":true,"shipped_individually":false,"override_title":false,"title":"Custodia tubolare per i localizzatori GPS batteria standard e batteria standard LTE","override_description":false,"description":"Custodia tubolare per i localizzatori GPS batteria standard e batteria standard LTE","optional":false,"hide_thumbnail":false,"discount":"100","override_variations":false,"allowed_variations":[""],"override_default_variation_attributes":false,"default_variation_attributes":[],"single_product_visibility":"visible","cart_visibility":"visible","order_visibility":"visible","single_product_price_visibility":"visible","cart_price_visibility":"visible","order_price_visibility":"visible","stock_status":"in_stock"},{"bundled_item_id":762,"product_id":48662,"menu_order":2,"quantity_min":1,"quantity_max":1,"quantity_default":1,"priced_individually":true,"shipped_individually":true,"override_title":false,"title":"Localizzazione GPS del bestiame avanzato","override_description":false,"description":"Localizzazione GPS del bestiame avanzato","optional":false,"hide_thumbnail":true,"discount":"","override_variations":false,"allowed_variations":[""],"override_default_variation_attributes":false,"default_variation_attributes":[],"single_product_visibility":"visible","cart_visibility":"visible","order_visibility":"visible","single_product_price_visibility":"visible","cart_price_visibility":"visible","order_price_visibility":"visible","stock_status":"in_stock"},{"bundled_item_id":763,"product_id":48608,"menu_order":3,"quantity_min":1,"quantity_max":1,"quantity_default":1,"priced_individually":true,"shipped_individually":true,"override_title":false,"title":"Spese di installazione per la localizzazione GPS degli animali (avanzata)","override_description":false,"description":"Spese di installazione per la localizzazione GPS degli animali (avanzata)","optional":false,"hide_thumbnail":false,"discount":"100","override_variations":false,"allowed_variations":[""],"override_default_variation_attributes":false,"default_variation_attributes":[],"single_product_visibility":"visible","cart_visibility":"visible","order_visibility":"visible","single_product_price_visibility":"visible","cart_price_visibility":"visible","order_price_visibility":"visible","stock_status":"in_stock"}],"bundle_sell_ids":[],"yoast_head":"<!-- This site is optimized with the Yoast SEO plugin v27.4 - https:\/\/yoast.com\/product\/yoast-seo-wordpress\/ -->\n<title>GPS-Tracker Battery Standard LTE (GL520) &amp; GPS-Tracking Viehortung Advanced Bundle - GPS Infostars<\/title>\n<meta name=\"robots\" content=\"index, follow, max-snippet:-1, max-image-preview:large, max-video-preview:-1\" \/>\n<link rel=\"canonical\" href=\"https:\/\/www.gps-infostars.com\/it\/produkt\/gps-tracker-battery-standard-lte-gl520-gps-tracking-viehortung-advanced-bundle\/\" \/>\n<meta property=\"og:locale\" content=\"it_IT\" \/>\n<meta property=\"og:type\" content=\"article\" \/>\n<meta property=\"og:title\" content=\"GPS-Tracker Battery Standard LTE (GL520) &amp; GPS-Tracking Viehortung Advanced Bundle - GPS Infostars\" \/>\n<meta property=\"og:description\" content=\"Dieses Produktpaket besteht aus einem Software &amp; Service-Paket (Infostars GPS-Tracking Viehortung Advanced) und einem GPS-Ger\u00e4t (GPS-Tracker Battery Standard LTE ISQL_GL520) sowie einer SIM-Karte inkl. Daten\u00fcbertragung in 175 L\u00e4ndern weltweit.\" \/>\n<meta property=\"og:url\" content=\"https:\/\/www.gps-infostars.com\/it\/produkt\/gps-tracker-battery-standard-lte-gl520-gps-tracking-viehortung-advanced-bundle\/\" \/>\n<meta property=\"og:site_name\" content=\"GPS Infostars\" \/>\n<meta property=\"article:modified_time\" content=\"2026-03-17T10:52:41+00:00\" \/>\n<meta property=\"og:image\" content=\"https:\/\/www.gps-infostars.com\/wp-content\/uploads\/gps_viehortung_advanced_batterystandard_LTE-1-scaled.jpg\" \/>\n\t<meta property=\"og:image:width\" content=\"2560\" \/>\n\t<meta property=\"og:image:height\" content=\"1969\" \/>\n\t<meta property=\"og:image:type\" content=\"image\/jpeg\" \/>\n<meta name=\"twitter:card\" content=\"summary_large_image\" \/>\n<meta name=\"twitter:label1\" content=\"Prezzo\" \/>\n\t<meta name=\"twitter:data1\" content=\"&euro;0,00\" \/>\n\t<meta name=\"twitter:label2\" content=\"Disponibilit\u00e0\" \/>\n\t<meta name=\"twitter:data2\" content=\"In stock\" \/>\n<script type=\"application\/ld+json\" class=\"yoast-schema-graph\">{\"@context\":\"https:\\\/\\\/schema.org\",\"@graph\":[{\"@type\":\"WebPage\",\"@id\":\"https:\\\/\\\/www.gps-infostars.com\\\/it\\\/produkt\\\/gps-tracker-battery-standard-lte-gl520-gps-tracking-viehortung-advanced-bundle\\\/\",\"url\":\"https:\\\/\\\/www.gps-infostars.com\\\/it\\\/produkt\\\/gps-tracker-battery-standard-lte-gl520-gps-tracking-viehortung-advanced-bundle\\\/\",\"name\":\"GPS-Tracker Battery Standard LTE (GL520) & GPS-Tracking Viehortung Advanced Bundle - GPS Infostars\",\"isPartOf\":{\"@id\":\"https:\\\/\\\/www.gps-infostars.com\\\/it\\\/#website\"},\"primaryImageOfPage\":{\"@id\":\"https:\\\/\\\/www.gps-infostars.com\\\/it\\\/produkt\\\/gps-tracker-battery-standard-lte-gl520-gps-tracking-viehortung-advanced-bundle\\\/#primaryimage\"},\"image\":{\"@id\":\"https:\\\/\\\/www.gps-infostars.com\\\/it\\\/produkt\\\/gps-tracker-battery-standard-lte-gl520-gps-tracking-viehortung-advanced-bundle\\\/#primaryimage\"},\"thumbnailUrl\":\"https:\\\/\\\/www.gps-infostars.com\\\/wp-content\\\/uploads\\\/gps_viehortung_advanced_batterystandard_LTE-1-scaled.jpg\",\"datePublished\":\"2023-04-25T18:31:14+00:00\",\"dateModified\":\"2026-03-17T10:52:41+00:00\",\"breadcrumb\":{\"@id\":\"https:\\\/\\\/www.gps-infostars.com\\\/it\\\/produkt\\\/gps-tracker-battery-standard-lte-gl520-gps-tracking-viehortung-advanced-bundle\\\/#breadcrumb\"},\"inLanguage\":\"it-IT\",\"potentialAction\":[{\"@type\":\"ReadAction\",\"target\":[\"https:\\\/\\\/www.gps-infostars.com\\\/it\\\/produkt\\\/gps-tracker-battery-standard-lte-gl520-gps-tracking-viehortung-advanced-bundle\\\/\"]}]},{\"@type\":\"ImageObject\",\"inLanguage\":\"it-IT\",\"@id\":\"https:\\\/\\\/www.gps-infostars.com\\\/it\\\/produkt\\\/gps-tracker-battery-standard-lte-gl520-gps-tracking-viehortung-advanced-bundle\\\/#primaryimage\",\"url\":\"https:\\\/\\\/www.gps-infostars.com\\\/wp-content\\\/uploads\\\/gps_viehortung_advanced_batterystandard_LTE-1-scaled.jpg\",\"contentUrl\":\"https:\\\/\\\/www.gps-infostars.com\\\/wp-content\\\/uploads\\\/gps_viehortung_advanced_batterystandard_LTE-1-scaled.jpg\",\"width\":2560,\"height\":1969},{\"@type\":\"BreadcrumbList\",\"@id\":\"https:\\\/\\\/www.gps-infostars.com\\\/it\\\/produkt\\\/gps-tracker-battery-standard-lte-gl520-gps-tracking-viehortung-advanced-bundle\\\/#breadcrumb\",\"itemListElement\":[{\"@type\":\"ListItem\",\"position\":1,\"name\":\"Startseite\",\"item\":\"https:\\\/\\\/www.gps-infostars.com\\\/it\\\/\"},{\"@type\":\"ListItem\",\"position\":2,\"name\":\"Shop\",\"item\":\"https:\\\/\\\/www.gps-infostars.com\\\/shop\\\/\"},{\"@type\":\"ListItem\",\"position\":3,\"name\":\"GPS-Tracker Battery Standard LTE (GL520) &#038; GPS-Tracking Viehortung Advanced Bundle\"}]},{\"@type\":\"WebSite\",\"@id\":\"https:\\\/\\\/www.gps-infostars.com\\\/it\\\/#website\",\"url\":\"https:\\\/\\\/www.gps-infostars.com\\\/it\\\/\",\"name\":\"GPS Infostars\",\"description\":\"Einfach, pr\u00e4zise &amp; zuverl\u00e4ssig.\",\"publisher\":{\"@id\":\"https:\\\/\\\/www.gps-infostars.com\\\/it\\\/#organization\"},\"potentialAction\":[{\"@type\":\"SearchAction\",\"target\":{\"@type\":\"EntryPoint\",\"urlTemplate\":\"https:\\\/\\\/www.gps-infostars.com\\\/it\\\/?s={search_term_string}\"},\"query-input\":{\"@type\":\"PropertyValueSpecification\",\"valueRequired\":true,\"valueName\":\"search_term_string\"}}],\"inLanguage\":\"it-IT\"},{\"@type\":\"Organization\",\"@id\":\"https:\\\/\\\/www.gps-infostars.com\\\/it\\\/#organization\",\"name\":\"GPS Infostars\",\"url\":\"https:\\\/\\\/www.gps-infostars.com\\\/it\\\/\",\"logo\":{\"@type\":\"ImageObject\",\"inLanguage\":\"it-IT\",\"@id\":\"https:\\\/\\\/www.gps-infostars.com\\\/it\\\/#\\\/schema\\\/logo\\\/image\\\/\",\"url\":\"https:\\\/\\\/www.gps-infostars.com\\\/wp-content\\\/uploads\\\/logo_infostars.png\",\"contentUrl\":\"https:\\\/\\\/www.gps-infostars.com\\\/wp-content\\\/uploads\\\/logo_infostars.png\",\"width\":1125,\"height\":360,\"caption\":\"GPS Infostars\"},\"image\":{\"@id\":\"https:\\\/\\\/www.gps-infostars.com\\\/it\\\/#\\\/schema\\\/logo\\\/image\\\/\"}}]}<\/script>\n<meta property=\"product:price:amount\" content=\"0.00\" \/>\n<meta property=\"product:price:currency\" content=\"EUR\" \/>\n<meta property=\"og:availability\" content=\"instock\" \/>\n<meta property=\"product:availability\" content=\"instock\" \/>\n<meta property=\"product:condition\" content=\"new\" \/>\n<!-- \/ Yoast SEO plugin. -->","yoast_head_json":{"title":"GPS-Tracker Battery Standard LTE (GL520) & GPS-Tracking Viehortung Advanced Bundle - GPS Infostars","robots":{"index":"index","follow":"follow","max-snippet":"max-snippet:-1","max-image-preview":"max-image-preview:large","max-video-preview":"max-video-preview:-1"},"canonical":"https:\/\/www.gps-infostars.com\/it\/produkt\/gps-tracker-battery-standard-lte-gl520-gps-tracking-viehortung-advanced-bundle\/","og_locale":"it_IT","og_type":"article","og_title":"GPS-Tracker Battery Standard LTE (GL520) & GPS-Tracking Viehortung Advanced Bundle - GPS Infostars","og_description":"Dieses Produktpaket besteht aus einem Software &amp; Service-Paket (Infostars GPS-Tracking Viehortung Advanced) und einem GPS-Ger\u00e4t (GPS-Tracker Battery Standard LTE ISQL_GL520) sowie einer SIM-Karte inkl. Daten\u00fcbertragung in 175 L\u00e4ndern weltweit.","og_url":"https:\/\/www.gps-infostars.com\/it\/produkt\/gps-tracker-battery-standard-lte-gl520-gps-tracking-viehortung-advanced-bundle\/","og_site_name":"GPS Infostars","article_modified_time":"2026-03-17T10:52:41+00:00","og_image":[{"width":2560,"height":1969,"url":"https:\/\/www.gps-infostars.com\/wp-content\/uploads\/gps_viehortung_advanced_batterystandard_LTE-1-scaled.jpg","type":"image\/jpeg"}],"twitter_card":"summary_large_image","twitter_misc":{"Prezzo":"&euro;0,00","Disponibilit\u00e0":"In stock"},"schema":{"@context":"https:\/\/schema.org","@graph":[{"@type":"WebPage","@id":"https:\/\/www.gps-infostars.com\/it\/produkt\/gps-tracker-battery-standard-lte-gl520-gps-tracking-viehortung-advanced-bundle\/","url":"https:\/\/www.gps-infostars.com\/it\/produkt\/gps-tracker-battery-standard-lte-gl520-gps-tracking-viehortung-advanced-bundle\/","name":"GPS-Tracker Battery Standard LTE (GL520) & GPS-Tracking Viehortung Advanced Bundle - GPS Infostars","isPartOf":{"@id":"https:\/\/www.gps-infostars.com\/it\/#website"},"primaryImageOfPage":{"@id":"https:\/\/www.gps-infostars.com\/it\/produkt\/gps-tracker-battery-standard-lte-gl520-gps-tracking-viehortung-advanced-bundle\/#primaryimage"},"image":{"@id":"https:\/\/www.gps-infostars.com\/it\/produkt\/gps-tracker-battery-standard-lte-gl520-gps-tracking-viehortung-advanced-bundle\/#primaryimage"},"thumbnailUrl":"https:\/\/www.gps-infostars.com\/wp-content\/uploads\/gps_viehortung_advanced_batterystandard_LTE-1-scaled.jpg","datePublished":"2023-04-25T18:31:14+00:00","dateModified":"2026-03-17T10:52:41+00:00","breadcrumb":{"@id":"https:\/\/www.gps-infostars.com\/it\/produkt\/gps-tracker-battery-standard-lte-gl520-gps-tracking-viehortung-advanced-bundle\/#breadcrumb"},"inLanguage":"it-IT","potentialAction":[{"@type":"ReadAction","target":["https:\/\/www.gps-infostars.com\/it\/produkt\/gps-tracker-battery-standard-lte-gl520-gps-tracking-viehortung-advanced-bundle\/"]}]},{"@type":"ImageObject","inLanguage":"it-IT","@id":"https:\/\/www.gps-infostars.com\/it\/produkt\/gps-tracker-battery-standard-lte-gl520-gps-tracking-viehortung-advanced-bundle\/#primaryimage","url":"https:\/\/www.gps-infostars.com\/wp-content\/uploads\/gps_viehortung_advanced_batterystandard_LTE-1-scaled.jpg","contentUrl":"https:\/\/www.gps-infostars.com\/wp-content\/uploads\/gps_viehortung_advanced_batterystandard_LTE-1-scaled.jpg","width":2560,"height":1969},{"@type":"BreadcrumbList","@id":"https:\/\/www.gps-infostars.com\/it\/produkt\/gps-tracker-battery-standard-lte-gl520-gps-tracking-viehortung-advanced-bundle\/#breadcrumb","itemListElement":[{"@type":"ListItem","position":1,"name":"Startseite","item":"https:\/\/www.gps-infostars.com\/it\/"},{"@type":"ListItem","position":2,"name":"Shop","item":"https:\/\/www.gps-infostars.com\/shop\/"},{"@type":"ListItem","position":3,"name":"GPS-Tracker Battery Standard LTE (GL520) &#038; GPS-Tracking Viehortung Advanced Bundle"}]},{"@type":"WebSite","@id":"https:\/\/www.gps-infostars.com\/it\/#website","url":"https:\/\/www.gps-infostars.com\/it\/","name":"GPS Infostars","description":"Einfach, pr\u00e4zise &amp; zuverl\u00e4ssig.","publisher":{"@id":"https:\/\/www.gps-infostars.com\/it\/#organization"},"potentialAction":[{"@type":"SearchAction","target":{"@type":"EntryPoint","urlTemplate":"https:\/\/www.gps-infostars.com\/it\/?s={search_term_string}"},"query-input":{"@type":"PropertyValueSpecification","valueRequired":true,"valueName":"search_term_string"}}],"inLanguage":"it-IT"},{"@type":"Organization","@id":"https:\/\/www.gps-infostars.com\/it\/#organization","name":"GPS Infostars","url":"https:\/\/www.gps-infostars.com\/it\/","logo":{"@type":"ImageObject","inLanguage":"it-IT","@id":"https:\/\/www.gps-infostars.com\/it\/#\/schema\/logo\/image\/","url":"https:\/\/www.gps-infostars.com\/wp-content\/uploads\/logo_infostars.png","contentUrl":"https:\/\/www.gps-infostars.com\/wp-content\/uploads\/logo_infostars.png","width":1125,"height":360,"caption":"GPS Infostars"},"image":{"@id":"https:\/\/www.gps-infostars.com\/it\/#\/schema\/logo\/image\/"}}]},"product_price_amount":"0.00","product_price_currency":"EUR","og_availability":"instock","product_availability":"instock","product_condition":"new"},"_links":{"self":[{"href":"https:\/\/www.gps-infostars.com\/it\/wp-json\/wp\/v2\/product\/48566","targetHints":{"allow":["GET"]}}],"collection":[{"href":"https:\/\/www.gps-infostars.com\/it\/wp-json\/wp\/v2\/product"}],"about":[{"href":"https:\/\/www.gps-infostars.com\/it\/wp-json\/wp\/v2\/types\/product"}],"version-history":[{"count":4,"href":"https:\/\/www.gps-infostars.com\/it\/wp-json\/wp\/v2\/product\/48566\/revisions"}],"predecessor-version":[{"id":54872,"href":"https:\/\/www.gps-infostars.com\/it\/wp-json\/wp\/v2\/product\/48566\/revisions\/54872"}],"wp:featuredmedia":[{"embeddable":true,"href":"https:\/\/www.gps-infostars.com\/it\/wp-json\/wp\/v2\/media\/38723"}],"wp:attachment":[{"href":"https:\/\/www.gps-infostars.com\/it\/wp-json\/wp\/v2\/media?parent=48566"}],"wp:term":[{"taxonomy":"product_brand","embeddable":true,"href":"https:\/\/www.gps-infostars.com\/it\/wp-json\/wp\/v2\/product_brand?post=48566"},{"taxonomy":"product_cat","embeddable":true,"href":"https:\/\/www.gps-infostars.com\/it\/wp-json\/wp\/v2\/product_cat?post=48566"},{"taxonomy":"product_tag","embeddable":true,"href":"https:\/\/www.gps-infostars.com\/it\/wp-json\/wp\/v2\/product_tag?post=48566"}],"curies":[{"name":"wp","href":"https:\/\/api.w.org\/{rel}","templated":true}]}}