{"id":49843,"date":"2023-08-22T23:12:53","date_gmt":"2023-08-22T21:12:53","guid":{"rendered":"https:\/\/www.gps-infostars.com\/produkt\/gps-tracker-akku-standard-lte-isql_gl521\/"},"modified":"2026-02-14T21:18:14","modified_gmt":"2026-02-14T20:18:14","slug":"gps-tracker-akku-standard-lte-isql_gl521","status":"publish","type":"product","link":"https:\/\/www.gps-infostars.com\/it\/produkt\/gps-tracker-akku-standard-lte-isql_gl521\/","title":{"rendered":"GPS-Tracker Akku Standard LTE ISQL_GL521"},"content":{"rendered":"<h4>GPS-Tracker Akku Standard LTE ISQL_GL521<\/h4>\n<p>Unser moderner, mobiler akkubetriebener GPS-Tracker mit 2G und LTE Modem. Der GPS-Tracker kann jeder Minute eine Position senden, oder nur wenn er bewegt wird oder in einem Stromsparmodus mit einem Intervall von 1 Stunde bis zu 30 Stunden. Der Tracker ist perfekt f\u00fcr Nutztiere oder Maschinen und Fahrzeuge geeignet. F\u00fcr gr\u00f6\u00dferer Hunde, welche den ganzen Tag getrackt werden sollen, hat der GPS-Tracker auch am Ende des Tages noch immer genug Reserven zum Orten. \u00a0Der staub- und wasserfeste GPS-Tracker h\u00e4lt mit einem Sendeintervall von jeder Minute mehr als 24 Stunden.<\/p>\n<ul>\n<li>Abmessungen: 87x51x30mm<\/li>\n<li>Gewicht: 150g<\/li>\n<li>IP67 mit wireless (induktiv) Ladefunktion<\/li>\n<li>Interner Akku, kabellos aufladbar: 2.400 mAh<\/li>\n<li>Akku h\u00e4lt bei 1 Position pro Tag ca. 1 Jahr*<\/li>\n<li>Bei st\u00fcndlichem Senden maximal 1,5 Monate<\/li>\n<li>Bei min\u00fctlichen Senden bis zu 30 Stunden.<\/li>\n<li>Anzeige des ungef\u00e4hren Akkustandes in der Software zur Orientierung<\/li>\n<li>Robustes Geh\u00e4use<\/li>\n<li><strong>Position<\/strong><\/li>\n<li><strong>Geschwindigkeit<\/strong><\/li>\n<li>Modem: GSM\/GPRS 850\/900\/1800\/1900 MHz, LTE-FDD: B1\/ B2\/ B3\/ B4\/ B5\/ B8\/ B12\/ B13\/ B18\/ B19\/ B20\/ B25\/ B28<\/li>\n<\/ul>\n<p><strong>Lieferumfang:<\/strong><\/p>\n<ul>\n<li>Hardware (GPS und GSM Antennen sind intern)<\/li>\n<\/ul>\n<p><strong>Zubeh\u00f6r (Je nach Bundel &#8211; muss es separat bestellt werden):<\/strong><\/p>\n<ul>\n<li>Wireless Aufladeger\u00e4t \u2013 Spezifikationen gem\u00e4\u00df Angebot<br \/>\n(Es k\u00f6nnen auch handels\u00fcbliche Induktivladeger\u00e4te zum Laden verwendet werden. Ladespannung max. 5V 1.000mAh)<\/li>\n<li>Riemen 45cm, 110cm, 200cm<\/li>\n<li>Stylische Tasche mit Rei\u00dfverschluss<\/li>\n<li>Robuste Schlauchhalterung f\u00fcr Nutztiere<\/li>\n<li>Befestigungsplatte<\/li>\n<li>Magnethalterung<\/li>\n<\/ul>\n","protected":false},"excerpt":{"rendered":"<h4>GPS-Tracker Akku Standard LTE ISQL_GL521<\/h4>\n<p>Unser moderner, mobiler akkubetriebener GPS-Tracker mit 2G und LTE Modem. Der GPS-Tracker kann jeder Minute eine Position senden, oder nur wenn er bewegt wird oder in einem Stromsparmodus mit einem Intervall von 1 Stunde bis zu 24 Stunden. Der Tracker ist perfekt f\u00fcr Nutztiere oder Maschinen und Fahrzeuge geeignet. F\u00fcr gr\u00f6\u00dferer Hunde, welche den ganzen Tag getrackt werden sollen, hat der GPS-Tracker auch am Ende des Tages noch immer genug Reserven zum Orten. \u00a0Der staub- und wasserfeste GPS-Tracker h\u00e4lt mit einem Sendeintervall von jeder Minute mehr als 24 Stunden.<\/p>\n<ul>\n<li>Abmessungen: 87x51x30mm<\/li>\n<li>Gewicht: 150g<\/li>\n<li>IP67 mit wireless (induktiv) Ladefunktion<\/li>\n<li>Interner Akku, kabellos aufladbar: 2.400 mAh<\/li>\n<li>Akku h\u00e4lt bei 1 Position pro Tag ca. 1 Jahr*<\/li>\n<li>Bei st\u00fcndlichem Senden maximal 1,5 Monate<\/li>\n<li>Bei min\u00fctlichen Senden bis zu 30 Stunden<\/li>\n<li>Demontage-Alarm, Temperatur-Alarm und Alarm beim \u00d6ffnen von geschlossen Container Paket oder Koffer<\/li>\n<li>Sendeintervall kann online umgestellt werden<\/li>\n<li>Anzeige des ungef\u00e4hren Akkustandes in der Software zur Orientierung<\/li>\n<li>Robustes Geh\u00e4use<\/li>\n<li><strong>Position<\/strong><\/li>\n<li><strong>Geschwindigkeit<\/strong><\/li>\n<li>CE und RoHS conform<\/li>\n<li>Modem: GSM\/GPRS 850\/900\/1800\/1900 MHz, LTE-FDD: B1\/ B2\/ B3\/ B4\/ B5\/ B8\/ B12\/ B13\/ B18\/ B19\/ B20\/ B25\/ B28<\/li>\n<\/ul>\n<p><strong>Lieferumfang:<\/strong><\/p>\n<ul>\n<li>Hardware (GPS und GSM Antennen sind intern)<\/li>\n<\/ul>\n<p><strong>Zubeh\u00f6r (Je nach Bundel &#8211; muss es separat bestellt werden):<\/strong><\/p>\n<ul>\n<li>Wireless Aufladeger\u00e4t \u2013 Spezifikationen gem\u00e4\u00df Angebot<br \/>\n(Es k\u00f6nnen auch handels\u00fcbliche Induktivladeger\u00e4te zum Laden verwendet werden. Ladespannung max. 5V 1.000mAh)<\/li>\n<li>Riemen 45cm, 110cm, 200cm<\/li>\n<li>Stylische Tasche mit Rei\u00dfverschluss<\/li>\n<li>Robuste Schlauchhalterung f\u00fcr Nutztiere<\/li>\n<li>Befestigungsplatte<\/li>\n<li>Magnethalterung zum Anbringen an metalischen Oberfl\u00e4chen<\/li>\n<li>Feuchtigkeitssensor<\/li>\n<\/ul>\n<p>&nbsp;<\/p>\n<p>&nbsp;<\/p>\n<p><strong>Mengenrabatt auf Hardware &amp; Einrichtungskosten (Preis pro Bundle, einmalige Zahlung)<\/strong><\/p>\n<table style=\"height: 68px;\" width=\"902\">\n<tbody>\n<tr>\n<td><strong>1<\/strong><\/td>\n<td><strong>2<\/strong><\/td>\n<td><strong>3-4<\/strong><\/td>\n<td><strong>5-9<\/strong><\/td>\n<td><strong>10-19<\/strong><\/td>\n<td><strong>20+<\/strong><\/td>\n<\/tr>\n<tr>\n<td>\u20ac155,00<\/td>\n<td>\u20ac150,35<\/td>\n<td>\u20ac150,35<\/td>\n<td>\u20ac145,70<\/td>\n<td>\u20ac137,95<\/td>\n<td>\u20ac131,75<\/td>\n<\/tr>\n<\/tbody>\n<\/table>\n<p>&nbsp;<\/p>\n","protected":false},"featured_media":36096,"template":"","meta":{"inline_featured_image":false},"product_brand":[],"product_cat":[1074,829],"product_tag":[],"class_list":{"0":"post-49843","1":"product","2":"type-product","3":"status-publish","4":"has-post-thumbnail","6":"product_cat-gps-tracker-akku-standard-lte-isql_gl521-it","7":"product_cat-tracker-it","9":"first","10":"instock","11":"taxable","12":"shipping-taxable","13":"purchasable","14":"product-type-simple"},"bundled_by":["50172","50183","50189","48560","48563","56797"],"bundle_stock_status":"instock","bundle_stock_quantity":null,"bundle_virtual":false,"bundle_layout":"","bundle_add_to_cart_form_location":"","bundle_editable_in_cart":false,"bundle_sold_individually_context":"","bundle_item_grouping":"","bundle_min_size":"","bundle_max_size":"","bundle_price":[],"bundled_items":[],"bundle_sell_ids":[],"yoast_head":"<!-- This site is optimized with the Yoast SEO plugin v27.4 - https:\/\/yoast.com\/product\/yoast-seo-wordpress\/ -->\n<title>GPS-Tracker Akku Standard LTE ISQL_GL521 - GPS Infostars<\/title>\n<meta name=\"robots\" content=\"index, follow, max-snippet:-1, max-image-preview:large, max-video-preview:-1\" \/>\n<link rel=\"canonical\" href=\"https:\/\/www.gps-infostars.com\/it\/produkt\/gps-tracker-akku-standard-lte-isql_gl521\/\" \/>\n<meta property=\"og:locale\" content=\"it_IT\" \/>\n<meta property=\"og:type\" content=\"article\" \/>\n<meta property=\"og:title\" content=\"GPS-Tracker Akku Standard LTE ISQL_GL521 - GPS Infostars\" \/>\n<meta property=\"og:description\" content=\"GPS-Tracker Akku Standard LTE ISQL_GL521 Unser moderner, mobiler akkubetriebener GPS-Tracker mit 2G und LTE Modem. Der GPS-Tracker kann jeder Minute eine Position senden, oder nur wenn er bewegt wird oder in einem Stromsparmodus mit einem Intervall von 1 Stunde bis zu 24 Stunden. Der Tracker ist perfekt f\u00fcr Nutztiere oder Maschinen und Fahrzeuge geeignet. F\u00fcr gr\u00f6\u00dferer Hunde, welche den ganzen Tag getrackt werden sollen, hat der GPS-Tracker auch am Ende des Tages noch immer genug Reserven zum Orten. \u00a0Der staub- und wasserfeste GPS-Tracker h\u00e4lt mit einem Sendeintervall von jeder Minute mehr als 24 Stunden.   Abmessungen: 87x51x30mm  Gewicht: 150g  IP67 mit wireless (induktiv) Ladefunktion  Interner Akku, kabellos aufladbar: 2.400 mAh  Akku h\u00e4lt bei 1 Position pro Tag ca. 1 Jahr*  Bei st\u00fcndlichem Senden maximal 1,5 Monate  Bei min\u00fctlichen Senden bis zu 30 Stunden  Demontage-Alarm, Temperatur-Alarm und Alarm beim \u00d6ffnen von geschlossen Container Paket oder Koffer  Sendeintervall kann online umgestellt werden  Anzeige des ungef\u00e4hren Akkustandes in der Software zur Orientierung  Robustes Geh\u00e4use  Position  Geschwindigkeit  CE und RoHS conform  Modem: GSM\/GPRS 850\/900\/1800\/1900 MHz, LTE-FDD: B1\/ B2\/ B3\/ B4\/ B5\/ B8\/ B12\/ B13\/ B18\/ B19\/ B20\/ B25\/ B28  Lieferumfang:   Hardware (GPS und GSM Antennen sind intern)  Zubeh\u00f6r (Je nach Bundel - muss es separat bestellt werden):   Wireless Aufladeger\u00e4t \u2013 Spezifikationen gem\u00e4\u00df Angebot (Es k\u00f6nnen auch handels\u00fcbliche Induktivladeger\u00e4te zum Laden verwendet werden. Ladespannung max. 5V 1.000mAh)  Riemen 45cm, 110cm, 200cm  Stylische Tasche mit Rei\u00dfverschluss  Robuste Schlauchhalterung f\u00fcr Nutztiere  Befestigungsplatte  Magnethalterung zum Anbringen an metalischen Oberfl\u00e4chen  Feuchtigkeitssensor  &nbsp;  &nbsp;  Mengenrabatt auf Hardware &amp; Einrichtungskosten (Preis pro Bundle, einmalige Zahlung)    1 2 3-4 5-9 10-19 20+   \u20ac155,00 \u20ac150,35 \u20ac150,35 \u20ac145,70 \u20ac137,95 \u20ac131,75    &nbsp;\" \/>\n<meta property=\"og:url\" content=\"https:\/\/www.gps-infostars.com\/it\/produkt\/gps-tracker-akku-standard-lte-isql_gl521\/\" \/>\n<meta property=\"og:site_name\" content=\"GPS Infostars\" \/>\n<meta property=\"article:modified_time\" content=\"2026-02-14T20:18:14+00:00\" \/>\n<meta property=\"og:image\" content=\"https:\/\/www.gps-infostars.com\/wp-content\/uploads\/akkustandard_LTE_GL501-scaled.jpg\" \/>\n\t<meta property=\"og:image:width\" content=\"2560\" \/>\n\t<meta property=\"og:image:height\" content=\"1969\" \/>\n\t<meta property=\"og:image:type\" content=\"image\/jpeg\" \/>\n<meta name=\"twitter:card\" content=\"summary_large_image\" \/>\n<meta name=\"twitter:label1\" content=\"Prezzo\" \/>\n\t<meta name=\"twitter:data1\" content=\"&euro;155,00\" \/>\n\t<meta name=\"twitter:label2\" content=\"Disponibilit\u00e0\" \/>\n\t<meta name=\"twitter:data2\" content=\"In stock\" \/>\n<script type=\"application\/ld+json\" class=\"yoast-schema-graph\">{\"@context\":\"https:\\\/\\\/schema.org\",\"@graph\":[{\"@type\":\"WebPage\",\"@id\":\"https:\\\/\\\/www.gps-infostars.com\\\/it\\\/produkt\\\/gps-tracker-akku-standard-lte-isql_gl521\\\/\",\"url\":\"https:\\\/\\\/www.gps-infostars.com\\\/it\\\/produkt\\\/gps-tracker-akku-standard-lte-isql_gl521\\\/\",\"name\":\"GPS-Tracker Akku Standard LTE ISQL_GL521 - GPS Infostars\",\"isPartOf\":{\"@id\":\"https:\\\/\\\/www.gps-infostars.com\\\/it\\\/#website\"},\"primaryImageOfPage\":{\"@id\":\"https:\\\/\\\/www.gps-infostars.com\\\/it\\\/produkt\\\/gps-tracker-akku-standard-lte-isql_gl521\\\/#primaryimage\"},\"image\":{\"@id\":\"https:\\\/\\\/www.gps-infostars.com\\\/it\\\/produkt\\\/gps-tracker-akku-standard-lte-isql_gl521\\\/#primaryimage\"},\"thumbnailUrl\":\"https:\\\/\\\/www.gps-infostars.com\\\/wp-content\\\/uploads\\\/akkustandard_LTE_GL501-scaled.jpg\",\"datePublished\":\"2023-08-22T21:12:53+00:00\",\"dateModified\":\"2026-02-14T20:18:14+00:00\",\"breadcrumb\":{\"@id\":\"https:\\\/\\\/www.gps-infostars.com\\\/it\\\/produkt\\\/gps-tracker-akku-standard-lte-isql_gl521\\\/#breadcrumb\"},\"inLanguage\":\"it-IT\",\"potentialAction\":[{\"@type\":\"ReadAction\",\"target\":[\"https:\\\/\\\/www.gps-infostars.com\\\/it\\\/produkt\\\/gps-tracker-akku-standard-lte-isql_gl521\\\/\"]}]},{\"@type\":\"ImageObject\",\"inLanguage\":\"it-IT\",\"@id\":\"https:\\\/\\\/www.gps-infostars.com\\\/it\\\/produkt\\\/gps-tracker-akku-standard-lte-isql_gl521\\\/#primaryimage\",\"url\":\"https:\\\/\\\/www.gps-infostars.com\\\/wp-content\\\/uploads\\\/akkustandard_LTE_GL501-scaled.jpg\",\"contentUrl\":\"https:\\\/\\\/www.gps-infostars.com\\\/wp-content\\\/uploads\\\/akkustandard_LTE_GL501-scaled.jpg\",\"width\":2560,\"height\":1969},{\"@type\":\"BreadcrumbList\",\"@id\":\"https:\\\/\\\/www.gps-infostars.com\\\/it\\\/produkt\\\/gps-tracker-akku-standard-lte-isql_gl521\\\/#breadcrumb\",\"itemListElement\":[{\"@type\":\"ListItem\",\"position\":1,\"name\":\"Startseite\",\"item\":\"https:\\\/\\\/www.gps-infostars.com\\\/it\\\/\"},{\"@type\":\"ListItem\",\"position\":2,\"name\":\"Shop\",\"item\":\"https:\\\/\\\/www.gps-infostars.com\\\/shop\\\/\"},{\"@type\":\"ListItem\",\"position\":3,\"name\":\"GPS-Tracker Akku Standard LTE ISQL_GL521\"}]},{\"@type\":\"WebSite\",\"@id\":\"https:\\\/\\\/www.gps-infostars.com\\\/it\\\/#website\",\"url\":\"https:\\\/\\\/www.gps-infostars.com\\\/it\\\/\",\"name\":\"GPS Infostars\",\"description\":\"Einfach, pr\u00e4zise &amp; zuverl\u00e4ssig.\",\"publisher\":{\"@id\":\"https:\\\/\\\/www.gps-infostars.com\\\/it\\\/#organization\"},\"potentialAction\":[{\"@type\":\"SearchAction\",\"target\":{\"@type\":\"EntryPoint\",\"urlTemplate\":\"https:\\\/\\\/www.gps-infostars.com\\\/it\\\/?s={search_term_string}\"},\"query-input\":{\"@type\":\"PropertyValueSpecification\",\"valueRequired\":true,\"valueName\":\"search_term_string\"}}],\"inLanguage\":\"it-IT\"},{\"@type\":\"Organization\",\"@id\":\"https:\\\/\\\/www.gps-infostars.com\\\/it\\\/#organization\",\"name\":\"GPS Infostars\",\"url\":\"https:\\\/\\\/www.gps-infostars.com\\\/it\\\/\",\"logo\":{\"@type\":\"ImageObject\",\"inLanguage\":\"it-IT\",\"@id\":\"https:\\\/\\\/www.gps-infostars.com\\\/it\\\/#\\\/schema\\\/logo\\\/image\\\/\",\"url\":\"https:\\\/\\\/www.gps-infostars.com\\\/wp-content\\\/uploads\\\/logo_infostars.png\",\"contentUrl\":\"https:\\\/\\\/www.gps-infostars.com\\\/wp-content\\\/uploads\\\/logo_infostars.png\",\"width\":1125,\"height\":360,\"caption\":\"GPS Infostars\"},\"image\":{\"@id\":\"https:\\\/\\\/www.gps-infostars.com\\\/it\\\/#\\\/schema\\\/logo\\\/image\\\/\"}}]}<\/script>\n<meta property=\"product:price:amount\" content=\"155.00\" \/>\n<meta property=\"product:price:currency\" content=\"EUR\" \/>\n<meta property=\"og:availability\" content=\"instock\" \/>\n<meta property=\"product:availability\" content=\"instock\" \/>\n<meta property=\"product:retailer_item_id\" content=\"H10950199\" \/>\n<meta property=\"product:condition\" content=\"new\" \/>\n<!-- \/ Yoast SEO plugin. -->","yoast_head_json":{"title":"GPS-Tracker Akku Standard LTE ISQL_GL521 - GPS Infostars","robots":{"index":"index","follow":"follow","max-snippet":"max-snippet:-1","max-image-preview":"max-image-preview:large","max-video-preview":"max-video-preview:-1"},"canonical":"https:\/\/www.gps-infostars.com\/it\/produkt\/gps-tracker-akku-standard-lte-isql_gl521\/","og_locale":"it_IT","og_type":"article","og_title":"GPS-Tracker Akku Standard LTE ISQL_GL521 - GPS Infostars","og_description":"GPS-Tracker Akku Standard LTE ISQL_GL521 Unser moderner, mobiler akkubetriebener GPS-Tracker mit 2G und LTE Modem. Der GPS-Tracker kann jeder Minute eine Position senden, oder nur wenn er bewegt wird oder in einem Stromsparmodus mit einem Intervall von 1 Stunde bis zu 24 Stunden. Der Tracker ist perfekt f\u00fcr Nutztiere oder Maschinen und Fahrzeuge geeignet. F\u00fcr gr\u00f6\u00dferer Hunde, welche den ganzen Tag getrackt werden sollen, hat der GPS-Tracker auch am Ende des Tages noch immer genug Reserven zum Orten. \u00a0Der staub- und wasserfeste GPS-Tracker h\u00e4lt mit einem Sendeintervall von jeder Minute mehr als 24 Stunden.   Abmessungen: 87x51x30mm  Gewicht: 150g  IP67 mit wireless (induktiv) Ladefunktion  Interner Akku, kabellos aufladbar: 2.400 mAh  Akku h\u00e4lt bei 1 Position pro Tag ca. 1 Jahr*  Bei st\u00fcndlichem Senden maximal 1,5 Monate  Bei min\u00fctlichen Senden bis zu 30 Stunden  Demontage-Alarm, Temperatur-Alarm und Alarm beim \u00d6ffnen von geschlossen Container Paket oder Koffer  Sendeintervall kann online umgestellt werden  Anzeige des ungef\u00e4hren Akkustandes in der Software zur Orientierung  Robustes Geh\u00e4use  Position  Geschwindigkeit  CE und RoHS conform  Modem: GSM\/GPRS 850\/900\/1800\/1900 MHz, LTE-FDD: B1\/ B2\/ B3\/ B4\/ B5\/ B8\/ B12\/ B13\/ B18\/ B19\/ B20\/ B25\/ B28  Lieferumfang:   Hardware (GPS und GSM Antennen sind intern)  Zubeh\u00f6r (Je nach Bundel - muss es separat bestellt werden):   Wireless Aufladeger\u00e4t \u2013 Spezifikationen gem\u00e4\u00df Angebot (Es k\u00f6nnen auch handels\u00fcbliche Induktivladeger\u00e4te zum Laden verwendet werden. Ladespannung max. 5V 1.000mAh)  Riemen 45cm, 110cm, 200cm  Stylische Tasche mit Rei\u00dfverschluss  Robuste Schlauchhalterung f\u00fcr Nutztiere  Befestigungsplatte  Magnethalterung zum Anbringen an metalischen Oberfl\u00e4chen  Feuchtigkeitssensor  &nbsp;  &nbsp;  Mengenrabatt auf Hardware &amp; Einrichtungskosten (Preis pro Bundle, einmalige Zahlung)    1 2 3-4 5-9 10-19 20+   \u20ac155,00 \u20ac150,35 \u20ac150,35 \u20ac145,70 \u20ac137,95 \u20ac131,75    &nbsp;","og_url":"https:\/\/www.gps-infostars.com\/it\/produkt\/gps-tracker-akku-standard-lte-isql_gl521\/","og_site_name":"GPS Infostars","article_modified_time":"2026-02-14T20:18:14+00:00","og_image":[{"width":2560,"height":1969,"url":"https:\/\/www.gps-infostars.com\/wp-content\/uploads\/akkustandard_LTE_GL501-scaled.jpg","type":"image\/jpeg"}],"twitter_card":"summary_large_image","twitter_misc":{"Prezzo":"&euro;155,00","Disponibilit\u00e0":"In stock"},"schema":{"@context":"https:\/\/schema.org","@graph":[{"@type":"WebPage","@id":"https:\/\/www.gps-infostars.com\/it\/produkt\/gps-tracker-akku-standard-lte-isql_gl521\/","url":"https:\/\/www.gps-infostars.com\/it\/produkt\/gps-tracker-akku-standard-lte-isql_gl521\/","name":"GPS-Tracker Akku Standard LTE ISQL_GL521 - GPS Infostars","isPartOf":{"@id":"https:\/\/www.gps-infostars.com\/it\/#website"},"primaryImageOfPage":{"@id":"https:\/\/www.gps-infostars.com\/it\/produkt\/gps-tracker-akku-standard-lte-isql_gl521\/#primaryimage"},"image":{"@id":"https:\/\/www.gps-infostars.com\/it\/produkt\/gps-tracker-akku-standard-lte-isql_gl521\/#primaryimage"},"thumbnailUrl":"https:\/\/www.gps-infostars.com\/wp-content\/uploads\/akkustandard_LTE_GL501-scaled.jpg","datePublished":"2023-08-22T21:12:53+00:00","dateModified":"2026-02-14T20:18:14+00:00","breadcrumb":{"@id":"https:\/\/www.gps-infostars.com\/it\/produkt\/gps-tracker-akku-standard-lte-isql_gl521\/#breadcrumb"},"inLanguage":"it-IT","potentialAction":[{"@type":"ReadAction","target":["https:\/\/www.gps-infostars.com\/it\/produkt\/gps-tracker-akku-standard-lte-isql_gl521\/"]}]},{"@type":"ImageObject","inLanguage":"it-IT","@id":"https:\/\/www.gps-infostars.com\/it\/produkt\/gps-tracker-akku-standard-lte-isql_gl521\/#primaryimage","url":"https:\/\/www.gps-infostars.com\/wp-content\/uploads\/akkustandard_LTE_GL501-scaled.jpg","contentUrl":"https:\/\/www.gps-infostars.com\/wp-content\/uploads\/akkustandard_LTE_GL501-scaled.jpg","width":2560,"height":1969},{"@type":"BreadcrumbList","@id":"https:\/\/www.gps-infostars.com\/it\/produkt\/gps-tracker-akku-standard-lte-isql_gl521\/#breadcrumb","itemListElement":[{"@type":"ListItem","position":1,"name":"Startseite","item":"https:\/\/www.gps-infostars.com\/it\/"},{"@type":"ListItem","position":2,"name":"Shop","item":"https:\/\/www.gps-infostars.com\/shop\/"},{"@type":"ListItem","position":3,"name":"GPS-Tracker Akku Standard LTE ISQL_GL521"}]},{"@type":"WebSite","@id":"https:\/\/www.gps-infostars.com\/it\/#website","url":"https:\/\/www.gps-infostars.com\/it\/","name":"GPS Infostars","description":"Einfach, pr\u00e4zise &amp; zuverl\u00e4ssig.","publisher":{"@id":"https:\/\/www.gps-infostars.com\/it\/#organization"},"potentialAction":[{"@type":"SearchAction","target":{"@type":"EntryPoint","urlTemplate":"https:\/\/www.gps-infostars.com\/it\/?s={search_term_string}"},"query-input":{"@type":"PropertyValueSpecification","valueRequired":true,"valueName":"search_term_string"}}],"inLanguage":"it-IT"},{"@type":"Organization","@id":"https:\/\/www.gps-infostars.com\/it\/#organization","name":"GPS Infostars","url":"https:\/\/www.gps-infostars.com\/it\/","logo":{"@type":"ImageObject","inLanguage":"it-IT","@id":"https:\/\/www.gps-infostars.com\/it\/#\/schema\/logo\/image\/","url":"https:\/\/www.gps-infostars.com\/wp-content\/uploads\/logo_infostars.png","contentUrl":"https:\/\/www.gps-infostars.com\/wp-content\/uploads\/logo_infostars.png","width":1125,"height":360,"caption":"GPS Infostars"},"image":{"@id":"https:\/\/www.gps-infostars.com\/it\/#\/schema\/logo\/image\/"}}]},"product_price_amount":"155.00","product_price_currency":"EUR","og_availability":"instock","product_availability":"instock","product_retailer_item_id":"H10950199","product_condition":"new"},"_links":{"self":[{"href":"https:\/\/www.gps-infostars.com\/it\/wp-json\/wp\/v2\/product\/49843","targetHints":{"allow":["GET"]}}],"collection":[{"href":"https:\/\/www.gps-infostars.com\/it\/wp-json\/wp\/v2\/product"}],"about":[{"href":"https:\/\/www.gps-infostars.com\/it\/wp-json\/wp\/v2\/types\/product"}],"version-history":[{"count":2,"href":"https:\/\/www.gps-infostars.com\/it\/wp-json\/wp\/v2\/product\/49843\/revisions"}],"predecessor-version":[{"id":56702,"href":"https:\/\/www.gps-infostars.com\/it\/wp-json\/wp\/v2\/product\/49843\/revisions\/56702"}],"wp:featuredmedia":[{"embeddable":true,"href":"https:\/\/www.gps-infostars.com\/it\/wp-json\/wp\/v2\/media\/36096"}],"wp:attachment":[{"href":"https:\/\/www.gps-infostars.com\/it\/wp-json\/wp\/v2\/media?parent=49843"}],"wp:term":[{"taxonomy":"product_brand","embeddable":true,"href":"https:\/\/www.gps-infostars.com\/it\/wp-json\/wp\/v2\/product_brand?post=49843"},{"taxonomy":"product_cat","embeddable":true,"href":"https:\/\/www.gps-infostars.com\/it\/wp-json\/wp\/v2\/product_cat?post=49843"},{"taxonomy":"product_tag","embeddable":true,"href":"https:\/\/www.gps-infostars.com\/it\/wp-json\/wp\/v2\/product_tag?post=49843"}],"curies":[{"name":"wp","href":"https:\/\/api.w.org\/{rel}","templated":true}]}}