{"id":50177,"date":"2023-09-03T14:30:18","date_gmt":"2023-09-03T12:30:18","guid":{"rendered":"https:\/\/www.gps-infostars.com\/produkt\/magnethalterung\/"},"modified":"2025-06-04T11:55:13","modified_gmt":"2025-06-04T09:55:13","slug":"magnethalterung","status":"publish","type":"product","link":"https:\/\/www.gps-infostars.com\/it\/produkt\/magnethalterung\/","title":{"rendered":"Magnethalterung"},"content":{"rendered":"<p>Magnethalterung \/ Magnetplatte f\u00fcr die Modelle ISQL_GL501, ISQL_GL520 und ISQL_GL521. Mit der Magnethalterung k\u00f6nnen die GPS-Ger\u00e4te an ebenen, metallischen Oberfl\u00e4chen einfach angebracht werden.<\/p>\n","protected":false},"excerpt":{"rendered":"<p>Magnethalterung \/ Magnetplatte f\u00fcr die Modelle ISQL_GL501, ISQL_GL520 und ISQL_GL521. Mit der Magnethalterung k\u00f6nnen die GPS-Ger\u00e4te an ebenen, metallischen Oberfl\u00e4chen einfach angebracht werden.<\/p>\n","protected":false},"featured_media":49609,"template":"","meta":{"inline_featured_image":false},"product_brand":[],"product_cat":[1078,674],"product_tag":[],"class_list":{"0":"post-50177","1":"product","2":"type-product","3":"status-publish","4":"has-post-thumbnail","6":"product_cat-magnethalterung-it","7":"product_cat-zubehoer-it","8":"description-off","10":"first","11":"instock","12":"taxable","13":"shipping-taxable","14":"purchasable","15":"product-type-simple"},"bundled_by":["48536","48539","50172","50183","50189","48527"],"bundle_stock_status":"instock","bundle_stock_quantity":null,"bundle_virtual":false,"bundle_layout":"","bundle_add_to_cart_form_location":"","bundle_editable_in_cart":false,"bundle_sold_individually_context":"","bundle_item_grouping":"","bundle_min_size":"","bundle_max_size":"","bundle_price":[],"bundled_items":[],"bundle_sell_ids":[],"yoast_head":"<!-- This site is optimized with the Yoast SEO plugin v27.4 - https:\/\/yoast.com\/product\/yoast-seo-wordpress\/ -->\n<title>Magnethalterung - GPS Infostars<\/title>\n<meta name=\"robots\" content=\"index, follow, max-snippet:-1, max-image-preview:large, max-video-preview:-1\" \/>\n<link rel=\"canonical\" href=\"https:\/\/www.gps-infostars.com\/it\/produkt\/magnethalterung\/\" \/>\n<meta property=\"og:locale\" content=\"it_IT\" \/>\n<meta property=\"og:type\" content=\"article\" \/>\n<meta property=\"og:title\" content=\"Magnethalterung - GPS Infostars\" \/>\n<meta property=\"og:description\" content=\"Magnethalterung \/ Magnetplatte f\u00fcr die Modelle ISQL_GL501, ISQL_GL520 und ISQL_GL521. Mit der Magnethalterung k\u00f6nnen die GPS-Ger\u00e4te an ebenen, metallischen Oberfl\u00e4chen einfach angebracht werden.\" \/>\n<meta property=\"og:url\" content=\"https:\/\/www.gps-infostars.com\/it\/produkt\/magnethalterung\/\" \/>\n<meta property=\"og:site_name\" content=\"GPS Infostars\" \/>\n<meta property=\"article:modified_time\" content=\"2025-06-04T09:55:13+00:00\" \/>\n<meta property=\"og:image\" content=\"https:\/\/www.gps-infostars.com\/wp-content\/uploads\/magnetplatte_GL521_GL520.jpg\" \/>\n\t<meta property=\"og:image:width\" content=\"1800\" \/>\n\t<meta property=\"og:image:height\" content=\"1200\" \/>\n\t<meta property=\"og:image:type\" content=\"image\/jpeg\" \/>\n<meta name=\"twitter:card\" content=\"summary_large_image\" \/>\n<meta name=\"twitter:label1\" content=\"Prezzo\" \/>\n\t<meta name=\"twitter:data1\" content=\"&euro;18,60\" \/>\n\t<meta name=\"twitter:label2\" content=\"Disponibilit\u00e0\" \/>\n\t<meta name=\"twitter:data2\" content=\"In stock\" \/>\n<script type=\"application\/ld+json\" class=\"yoast-schema-graph\">{\"@context\":\"https:\\\/\\\/schema.org\",\"@graph\":[{\"@type\":\"WebPage\",\"@id\":\"https:\\\/\\\/www.gps-infostars.com\\\/it\\\/produkt\\\/magnethalterung\\\/\",\"url\":\"https:\\\/\\\/www.gps-infostars.com\\\/it\\\/produkt\\\/magnethalterung\\\/\",\"name\":\"Magnethalterung - GPS Infostars\",\"isPartOf\":{\"@id\":\"https:\\\/\\\/www.gps-infostars.com\\\/it\\\/#website\"},\"primaryImageOfPage\":{\"@id\":\"https:\\\/\\\/www.gps-infostars.com\\\/it\\\/produkt\\\/magnethalterung\\\/#primaryimage\"},\"image\":{\"@id\":\"https:\\\/\\\/www.gps-infostars.com\\\/it\\\/produkt\\\/magnethalterung\\\/#primaryimage\"},\"thumbnailUrl\":\"https:\\\/\\\/www.gps-infostars.com\\\/wp-content\\\/uploads\\\/magnetplatte_GL521_GL520.jpg\",\"datePublished\":\"2023-09-03T12:30:18+00:00\",\"dateModified\":\"2025-06-04T09:55:13+00:00\",\"breadcrumb\":{\"@id\":\"https:\\\/\\\/www.gps-infostars.com\\\/it\\\/produkt\\\/magnethalterung\\\/#breadcrumb\"},\"inLanguage\":\"it-IT\",\"potentialAction\":[{\"@type\":\"ReadAction\",\"target\":[\"https:\\\/\\\/www.gps-infostars.com\\\/it\\\/produkt\\\/magnethalterung\\\/\"]}]},{\"@type\":\"ImageObject\",\"inLanguage\":\"it-IT\",\"@id\":\"https:\\\/\\\/www.gps-infostars.com\\\/it\\\/produkt\\\/magnethalterung\\\/#primaryimage\",\"url\":\"https:\\\/\\\/www.gps-infostars.com\\\/wp-content\\\/uploads\\\/magnetplatte_GL521_GL520.jpg\",\"contentUrl\":\"https:\\\/\\\/www.gps-infostars.com\\\/wp-content\\\/uploads\\\/magnetplatte_GL521_GL520.jpg\",\"width\":1800,\"height\":1200},{\"@type\":\"BreadcrumbList\",\"@id\":\"https:\\\/\\\/www.gps-infostars.com\\\/it\\\/produkt\\\/magnethalterung\\\/#breadcrumb\",\"itemListElement\":[{\"@type\":\"ListItem\",\"position\":1,\"name\":\"Startseite\",\"item\":\"https:\\\/\\\/www.gps-infostars.com\\\/it\\\/\"},{\"@type\":\"ListItem\",\"position\":2,\"name\":\"Shop\",\"item\":\"https:\\\/\\\/www.gps-infostars.com\\\/shop\\\/\"},{\"@type\":\"ListItem\",\"position\":3,\"name\":\"Magnethalterung\"}]},{\"@type\":\"WebSite\",\"@id\":\"https:\\\/\\\/www.gps-infostars.com\\\/it\\\/#website\",\"url\":\"https:\\\/\\\/www.gps-infostars.com\\\/it\\\/\",\"name\":\"GPS Infostars\",\"description\":\"Einfach, pr\u00e4zise &amp; zuverl\u00e4ssig.\",\"publisher\":{\"@id\":\"https:\\\/\\\/www.gps-infostars.com\\\/it\\\/#organization\"},\"potentialAction\":[{\"@type\":\"SearchAction\",\"target\":{\"@type\":\"EntryPoint\",\"urlTemplate\":\"https:\\\/\\\/www.gps-infostars.com\\\/it\\\/?s={search_term_string}\"},\"query-input\":{\"@type\":\"PropertyValueSpecification\",\"valueRequired\":true,\"valueName\":\"search_term_string\"}}],\"inLanguage\":\"it-IT\"},{\"@type\":\"Organization\",\"@id\":\"https:\\\/\\\/www.gps-infostars.com\\\/it\\\/#organization\",\"name\":\"GPS Infostars\",\"url\":\"https:\\\/\\\/www.gps-infostars.com\\\/it\\\/\",\"logo\":{\"@type\":\"ImageObject\",\"inLanguage\":\"it-IT\",\"@id\":\"https:\\\/\\\/www.gps-infostars.com\\\/it\\\/#\\\/schema\\\/logo\\\/image\\\/\",\"url\":\"https:\\\/\\\/www.gps-infostars.com\\\/wp-content\\\/uploads\\\/logo_infostars.png\",\"contentUrl\":\"https:\\\/\\\/www.gps-infostars.com\\\/wp-content\\\/uploads\\\/logo_infostars.png\",\"width\":1125,\"height\":360,\"caption\":\"GPS Infostars\"},\"image\":{\"@id\":\"https:\\\/\\\/www.gps-infostars.com\\\/it\\\/#\\\/schema\\\/logo\\\/image\\\/\"}}]}<\/script>\n<meta property=\"product:price:amount\" content=\"18.60\" \/>\n<meta property=\"product:price:currency\" content=\"EUR\" \/>\n<meta property=\"og:availability\" content=\"instock\" \/>\n<meta property=\"product:availability\" content=\"instock\" \/>\n<meta property=\"product:retailer_item_id\" content=\"H10720199\" \/>\n<meta property=\"product:condition\" content=\"new\" \/>\n<!-- \/ Yoast SEO plugin. -->","yoast_head_json":{"title":"Magnethalterung - GPS Infostars","robots":{"index":"index","follow":"follow","max-snippet":"max-snippet:-1","max-image-preview":"max-image-preview:large","max-video-preview":"max-video-preview:-1"},"canonical":"https:\/\/www.gps-infostars.com\/it\/produkt\/magnethalterung\/","og_locale":"it_IT","og_type":"article","og_title":"Magnethalterung - GPS Infostars","og_description":"Magnethalterung \/ Magnetplatte f\u00fcr die Modelle ISQL_GL501, ISQL_GL520 und ISQL_GL521. Mit der Magnethalterung k\u00f6nnen die GPS-Ger\u00e4te an ebenen, metallischen Oberfl\u00e4chen einfach angebracht werden.","og_url":"https:\/\/www.gps-infostars.com\/it\/produkt\/magnethalterung\/","og_site_name":"GPS Infostars","article_modified_time":"2025-06-04T09:55:13+00:00","og_image":[{"width":1800,"height":1200,"url":"https:\/\/www.gps-infostars.com\/wp-content\/uploads\/magnetplatte_GL521_GL520.jpg","type":"image\/jpeg"}],"twitter_card":"summary_large_image","twitter_misc":{"Prezzo":"&euro;18,60","Disponibilit\u00e0":"In stock"},"schema":{"@context":"https:\/\/schema.org","@graph":[{"@type":"WebPage","@id":"https:\/\/www.gps-infostars.com\/it\/produkt\/magnethalterung\/","url":"https:\/\/www.gps-infostars.com\/it\/produkt\/magnethalterung\/","name":"Magnethalterung - GPS Infostars","isPartOf":{"@id":"https:\/\/www.gps-infostars.com\/it\/#website"},"primaryImageOfPage":{"@id":"https:\/\/www.gps-infostars.com\/it\/produkt\/magnethalterung\/#primaryimage"},"image":{"@id":"https:\/\/www.gps-infostars.com\/it\/produkt\/magnethalterung\/#primaryimage"},"thumbnailUrl":"https:\/\/www.gps-infostars.com\/wp-content\/uploads\/magnetplatte_GL521_GL520.jpg","datePublished":"2023-09-03T12:30:18+00:00","dateModified":"2025-06-04T09:55:13+00:00","breadcrumb":{"@id":"https:\/\/www.gps-infostars.com\/it\/produkt\/magnethalterung\/#breadcrumb"},"inLanguage":"it-IT","potentialAction":[{"@type":"ReadAction","target":["https:\/\/www.gps-infostars.com\/it\/produkt\/magnethalterung\/"]}]},{"@type":"ImageObject","inLanguage":"it-IT","@id":"https:\/\/www.gps-infostars.com\/it\/produkt\/magnethalterung\/#primaryimage","url":"https:\/\/www.gps-infostars.com\/wp-content\/uploads\/magnetplatte_GL521_GL520.jpg","contentUrl":"https:\/\/www.gps-infostars.com\/wp-content\/uploads\/magnetplatte_GL521_GL520.jpg","width":1800,"height":1200},{"@type":"BreadcrumbList","@id":"https:\/\/www.gps-infostars.com\/it\/produkt\/magnethalterung\/#breadcrumb","itemListElement":[{"@type":"ListItem","position":1,"name":"Startseite","item":"https:\/\/www.gps-infostars.com\/it\/"},{"@type":"ListItem","position":2,"name":"Shop","item":"https:\/\/www.gps-infostars.com\/shop\/"},{"@type":"ListItem","position":3,"name":"Magnethalterung"}]},{"@type":"WebSite","@id":"https:\/\/www.gps-infostars.com\/it\/#website","url":"https:\/\/www.gps-infostars.com\/it\/","name":"GPS Infostars","description":"Einfach, pr\u00e4zise &amp; zuverl\u00e4ssig.","publisher":{"@id":"https:\/\/www.gps-infostars.com\/it\/#organization"},"potentialAction":[{"@type":"SearchAction","target":{"@type":"EntryPoint","urlTemplate":"https:\/\/www.gps-infostars.com\/it\/?s={search_term_string}"},"query-input":{"@type":"PropertyValueSpecification","valueRequired":true,"valueName":"search_term_string"}}],"inLanguage":"it-IT"},{"@type":"Organization","@id":"https:\/\/www.gps-infostars.com\/it\/#organization","name":"GPS Infostars","url":"https:\/\/www.gps-infostars.com\/it\/","logo":{"@type":"ImageObject","inLanguage":"it-IT","@id":"https:\/\/www.gps-infostars.com\/it\/#\/schema\/logo\/image\/","url":"https:\/\/www.gps-infostars.com\/wp-content\/uploads\/logo_infostars.png","contentUrl":"https:\/\/www.gps-infostars.com\/wp-content\/uploads\/logo_infostars.png","width":1125,"height":360,"caption":"GPS Infostars"},"image":{"@id":"https:\/\/www.gps-infostars.com\/it\/#\/schema\/logo\/image\/"}}]},"product_price_amount":"18.60","product_price_currency":"EUR","og_availability":"instock","product_availability":"instock","product_retailer_item_id":"H10720199","product_condition":"new"},"_links":{"self":[{"href":"https:\/\/www.gps-infostars.com\/it\/wp-json\/wp\/v2\/product\/50177","targetHints":{"allow":["GET"]}}],"collection":[{"href":"https:\/\/www.gps-infostars.com\/it\/wp-json\/wp\/v2\/product"}],"about":[{"href":"https:\/\/www.gps-infostars.com\/it\/wp-json\/wp\/v2\/types\/product"}],"version-history":[{"count":1,"href":"https:\/\/www.gps-infostars.com\/it\/wp-json\/wp\/v2\/product\/50177\/revisions"}],"predecessor-version":[{"id":50178,"href":"https:\/\/www.gps-infostars.com\/it\/wp-json\/wp\/v2\/product\/50177\/revisions\/50178"}],"wp:featuredmedia":[{"embeddable":true,"href":"https:\/\/www.gps-infostars.com\/it\/wp-json\/wp\/v2\/media\/49609"}],"wp:attachment":[{"href":"https:\/\/www.gps-infostars.com\/it\/wp-json\/wp\/v2\/media?parent=50177"}],"wp:term":[{"taxonomy":"product_brand","embeddable":true,"href":"https:\/\/www.gps-infostars.com\/it\/wp-json\/wp\/v2\/product_brand?post=50177"},{"taxonomy":"product_cat","embeddable":true,"href":"https:\/\/www.gps-infostars.com\/it\/wp-json\/wp\/v2\/product_cat?post=50177"},{"taxonomy":"product_tag","embeddable":true,"href":"https:\/\/www.gps-infostars.com\/it\/wp-json\/wp\/v2\/product_tag?post=50177"}],"curies":[{"name":"wp","href":"https:\/\/api.w.org\/{rel}","templated":true}]}}